











{"id":117987,"date":"2026-02-12T10:08:16","date_gmt":"2026-02-12T10:08:16","guid":{"rendered":"https:\/\/ses-creative.com\/?post_type=product&#038;p=117987"},"modified":"2026-02-12T10:22:14","modified_gmt":"2026-02-12T10:22:14","slug":"pate-a-modeler-licorne-4x90-g","status":"publish","type":"product","link":"https:\/\/ses-creative.com\/fr\/produit\/pate-a-modeler-licorne-4x90-g\/","title":{"rendered":"P\u00e2te \u00e0 modeler licorne 4&#215;90\u00a0g"},"content":{"rendered":"<p>Cr\u00e9ez des licornes magiques avec ce kit de p\u00e2te \u00e0 modeler !<br \/>\nVous adorez les licornes ? Alors nous avons quelque chose pour vous ! Avec ce kit de p\u00e2te \u00e0 modeler ultra douce, vous pouvez cr\u00e9er les plus belles licornes dans de superbes couleurs. Utilisez la p\u00e2te \u00e0 modeler rose fluo et phosphorescente pour rendre vos cr\u00e9ations encore plus sp\u00e9ciales. Ce kit est parfait pour les jeunes artistes qui aiment les cr\u00e9atures magiques et souhaitent exprimer leur cr\u00e9ativit\u00e9 !<br \/>\nCe qui rend ce kit g\u00e9nial<br \/>\n&#8211;    P\u00e2te \u00e0 modeler ultra souple<br \/>\n&#8211;    M\u00e9langez et jouez avec diff\u00e9rentes couleurs de p\u00e2te rose, paillet\u00e9e et phosphorescente<br \/>\n&#8211; Ne s\u00e8che pas pendant le jeu<br \/>\n&#8211; Id\u00e9ale pour cr\u00e9er des licornes magiques<br \/>\n&#8211;    Parfait pour les enfants \u00e0 partir de 2 ans<br \/>\nCr\u00e9ez votre propre monde de licornes<br \/>\nAvec ce kit, les enfants peuvent cr\u00e9er leurs propres licornes avec de la p\u00e2te \u00e0 modeler color\u00e9e et douce. Les couleurs fluo et les effets phosphorescents rendent ce kit encore plus sp\u00e9cial, parfait pour des heures de jeu cr\u00e9atif.<br \/>\nCe kit est id\u00e9al pour les parents qui souhaitent faire profiter leurs enfants d&rsquo;une activit\u00e9 cr\u00e9ative et magique. Il offre une fa\u00e7on amusante de jouer et d&rsquo;apprendre, tout en stimulant la motricit\u00e9 fine et l&rsquo;imagination de votre enfant.<br \/>\nContenu du kit<br \/>\n&#8211;    P\u00e2te \u00e0 modeler rose fluo (90 g)<br \/>\n&#8211;    P\u00e2te \u00e0 modeler phosphorescente (90 g)<br \/>\n&#8211;    P\u00e2te \u00e0 modeler rose (90 g)<br \/>\n&#8211;    P\u00e2te \u00e0 modeler violette avec paillettes (90 g)<br \/>\nPourquoi choisir SES Creative ?<br \/>\nChez SES Creative, nous accordons une grande importance \u00e0 la s\u00e9curit\u00e9. C&rsquo;est pourquoi nos produits sont fabriqu\u00e9s et test\u00e9s dans notre usine aux Pays-Bas, conform\u00e9ment aux normes de s\u00e9curit\u00e9 europ\u00e9ennes les plus strictes. Les jouets SES Creative sont source de plaisir et permettent aux enfants d&rsquo;\u00eatre fiers de leur travail, ce qui stimule leur cr\u00e9ativit\u00e9 et leur d\u00e9veloppement.<br \/>\nCommencez d\u00e8s aujourd&rsquo;hui \u00e0 cr\u00e9er des licornes<br \/>\nD\u00e9couvrez le plaisir de la p\u00e2te \u00e0 modeler et cr\u00e9ez vos propres licornes magiques avec ce set color\u00e9. Parfait pour des heures de jeu cr\u00e9atif !<\/p>\n","protected":false},"excerpt":{"rendered":"<p>Cr\u00e9ez des licornes magiques avec ce kit de p\u00e2te \u00e0 modeler ! Vous adorez les licornes ? Alors nous avons quelque chose pour vous ! Avec ce kit de p\u00e2te \u00e0 modeler ultra douce, vous pouvez cr\u00e9er les plus belles licornes dans de superbes couleurs. Utilisez la p\u00e2te \u00e0 modeler rose fluo et phosphorescente pour [&hellip;]<\/p>\n","protected":false},"featured_media":96968,"comment_status":"closed","ping_status":"closed","template":"","meta":{"_acf_changed":false},"product_brand":[],"product_cat":[124],"product_tag":[],"class_list":{"0":"post-117987","1":"product","2":"type-product","3":"status-publish","4":"has-post-thumbnail","6":"product_cat-pate-a-modeler","7":"pa_leeftijd-filter-0-2-ans","8":"pa_meest-populair-bij-garcons-filles","10":"first","11":"instock","12":"shipping-taxable","13":"product-type-simple"},"acf":[],"yoast_head":"<!-- This site is optimized with the Yoast SEO plugin v27.4 - https:\/\/yoast.com\/product\/yoast-seo-wordpress\/ -->\n<title>P\u00e2te \u00e0 modeler licorne 4x90\u00a0g - SES Creative<\/title>\n<meta name=\"robots\" content=\"index, follow, max-snippet:-1, max-image-preview:large, max-video-preview:-1\" \/>\n<link rel=\"canonical\" href=\"https:\/\/ses-creative.com\/fr\/produit\/pate-a-modeler-licorne-4x90-g\/\" \/>\n<meta property=\"og:locale\" content=\"fr_FR\" \/>\n<meta property=\"og:type\" content=\"article\" \/>\n<meta property=\"og:title\" content=\"P\u00e2te \u00e0 modeler licorne 4x90\u00a0g - SES Creative\" \/>\n<meta property=\"og:description\" content=\"Cr\u00e9ez des licornes magiques avec ce kit de p\u00e2te \u00e0 modeler ! Vous adorez les licornes ? Alors nous avons quelque chose pour vous ! Avec ce kit de p\u00e2te \u00e0 modeler ultra douce, vous pouvez cr\u00e9er les plus belles licornes dans de superbes couleurs. Utilisez la p\u00e2te \u00e0 modeler rose fluo et phosphorescente pour [&hellip;]\" \/>\n<meta property=\"og:url\" content=\"https:\/\/ses-creative.com\/fr\/produit\/pate-a-modeler-licorne-4x90-g\/\" \/>\n<meta property=\"og:site_name\" content=\"SES Creative\" \/>\n<meta property=\"article:modified_time\" content=\"2026-02-12T10:22:14+00:00\" \/>\n<meta name=\"twitter:card\" content=\"summary_large_image\" \/>\n<meta name=\"twitter:label1\" content=\"Dur\u00e9e de lecture estim\u00e9e\" \/>\n\t<meta name=\"twitter:data1\" content=\"2 minutes\" \/>\n<script type=\"application\/ld+json\" class=\"yoast-schema-graph\">{\"@context\":\"https:\\\/\\\/schema.org\",\"@graph\":[{\"@type\":\"WebPage\",\"@id\":\"https:\\\/\\\/ses-creative.com\\\/fr\\\/produit\\\/pate-a-modeler-licorne-4x90-g\\\/\",\"url\":\"https:\\\/\\\/ses-creative.com\\\/fr\\\/produit\\\/pate-a-modeler-licorne-4x90-g\\\/\",\"name\":\"P\u00e2te \u00e0 modeler licorne 4x90\u00a0g - SES Creative\",\"isPartOf\":{\"@id\":\"https:\\\/\\\/ses-creative.com\\\/#website\"},\"primaryImageOfPage\":{\"@id\":\"https:\\\/\\\/ses-creative.com\\\/fr\\\/produit\\\/pate-a-modeler-licorne-4x90-g\\\/#primaryimage\"},\"image\":{\"@id\":\"https:\\\/\\\/ses-creative.com\\\/fr\\\/produit\\\/pate-a-modeler-licorne-4x90-g\\\/#primaryimage\"},\"thumbnailUrl\":\"https:\\\/\\\/ses-creative.com\\\/wp-content\\\/uploads\\\/2026\\\/01\\\/004711.jpg\",\"datePublished\":\"2026-02-12T10:08:16+00:00\",\"dateModified\":\"2026-02-12T10:22:14+00:00\",\"breadcrumb\":{\"@id\":\"https:\\\/\\\/ses-creative.com\\\/fr\\\/produit\\\/pate-a-modeler-licorne-4x90-g\\\/#breadcrumb\"},\"inLanguage\":\"fr-FR\",\"potentialAction\":[{\"@type\":\"ReadAction\",\"target\":[\"https:\\\/\\\/ses-creative.com\\\/fr\\\/produit\\\/pate-a-modeler-licorne-4x90-g\\\/\"]}]},{\"@type\":\"ImageObject\",\"inLanguage\":\"fr-FR\",\"@id\":\"https:\\\/\\\/ses-creative.com\\\/fr\\\/produit\\\/pate-a-modeler-licorne-4x90-g\\\/#primaryimage\",\"url\":\"https:\\\/\\\/ses-creative.com\\\/wp-content\\\/uploads\\\/2026\\\/01\\\/004711.jpg\",\"contentUrl\":\"https:\\\/\\\/ses-creative.com\\\/wp-content\\\/uploads\\\/2026\\\/01\\\/004711.jpg\",\"width\":1000,\"height\":1000},{\"@type\":\"BreadcrumbList\",\"@id\":\"https:\\\/\\\/ses-creative.com\\\/fr\\\/produit\\\/pate-a-modeler-licorne-4x90-g\\\/#breadcrumb\",\"itemListElement\":[{\"@type\":\"ListItem\",\"position\":1,\"name\":\"Boutique\",\"item\":\"https:\\\/\\\/ses-creative.com\\\/fr\\\/boutique\\\/\"},{\"@type\":\"ListItem\",\"position\":2,\"name\":\"P\u00e2te \u00e0 modeler\",\"item\":\"https:\\\/\\\/ses-creative.com\\\/fr\\\/product-categorie\\\/pate-a-modeler\\\/\"},{\"@type\":\"ListItem\",\"position\":3,\"name\":\"P\u00e2te \u00e0 modeler licorne 4&#215;90\u00a0g\"}]},{\"@type\":\"WebSite\",\"@id\":\"https:\\\/\\\/ses-creative.com\\\/#website\",\"url\":\"https:\\\/\\\/ses-creative.com\\\/\",\"name\":\"SES Creative\",\"description\":\"\",\"publisher\":{\"@id\":\"https:\\\/\\\/ses-creative.com\\\/#organization\"},\"potentialAction\":[{\"@type\":\"SearchAction\",\"target\":{\"@type\":\"EntryPoint\",\"urlTemplate\":\"https:\\\/\\\/ses-creative.com\\\/?s={search_term_string}\"},\"query-input\":{\"@type\":\"PropertyValueSpecification\",\"valueRequired\":true,\"valueName\":\"search_term_string\"}}],\"inLanguage\":\"fr-FR\"},{\"@type\":\"Organization\",\"@id\":\"https:\\\/\\\/ses-creative.com\\\/#organization\",\"name\":\"SES Creative\",\"url\":\"https:\\\/\\\/ses-creative.com\\\/\",\"logo\":{\"@type\":\"ImageObject\",\"inLanguage\":\"fr-FR\",\"@id\":\"https:\\\/\\\/ses-creative.com\\\/#\\\/schema\\\/logo\\\/image\\\/\",\"url\":\"https:\\\/\\\/ses-creative.com\\\/wp-content\\\/uploads\\\/2025\\\/10\\\/ses-creative-logo.jpg\",\"contentUrl\":\"https:\\\/\\\/ses-creative.com\\\/wp-content\\\/uploads\\\/2025\\\/10\\\/ses-creative-logo.jpg\",\"width\":2037,\"height\":2037,\"caption\":\"SES Creative\"},\"image\":{\"@id\":\"https:\\\/\\\/ses-creative.com\\\/#\\\/schema\\\/logo\\\/image\\\/\"}}]}<\/script>\n<!-- \/ Yoast SEO plugin. -->","yoast_head_json":{"title":"P\u00e2te \u00e0 modeler licorne 4x90\u00a0g - SES Creative","robots":{"index":"index","follow":"follow","max-snippet":"max-snippet:-1","max-image-preview":"max-image-preview:large","max-video-preview":"max-video-preview:-1"},"canonical":"https:\/\/ses-creative.com\/fr\/produit\/pate-a-modeler-licorne-4x90-g\/","og_locale":"fr_FR","og_type":"article","og_title":"P\u00e2te \u00e0 modeler licorne 4x90\u00a0g - SES Creative","og_description":"Cr\u00e9ez des licornes magiques avec ce kit de p\u00e2te \u00e0 modeler ! Vous adorez les licornes ? Alors nous avons quelque chose pour vous ! Avec ce kit de p\u00e2te \u00e0 modeler ultra douce, vous pouvez cr\u00e9er les plus belles licornes dans de superbes couleurs. Utilisez la p\u00e2te \u00e0 modeler rose fluo et phosphorescente pour [&hellip;]","og_url":"https:\/\/ses-creative.com\/fr\/produit\/pate-a-modeler-licorne-4x90-g\/","og_site_name":"SES Creative","article_modified_time":"2026-02-12T10:22:14+00:00","twitter_card":"summary_large_image","twitter_misc":{"Dur\u00e9e de lecture estim\u00e9e":"2 minutes"},"schema":{"@context":"https:\/\/schema.org","@graph":[{"@type":"WebPage","@id":"https:\/\/ses-creative.com\/fr\/produit\/pate-a-modeler-licorne-4x90-g\/","url":"https:\/\/ses-creative.com\/fr\/produit\/pate-a-modeler-licorne-4x90-g\/","name":"P\u00e2te \u00e0 modeler licorne 4x90\u00a0g - SES Creative","isPartOf":{"@id":"https:\/\/ses-creative.com\/#website"},"primaryImageOfPage":{"@id":"https:\/\/ses-creative.com\/fr\/produit\/pate-a-modeler-licorne-4x90-g\/#primaryimage"},"image":{"@id":"https:\/\/ses-creative.com\/fr\/produit\/pate-a-modeler-licorne-4x90-g\/#primaryimage"},"thumbnailUrl":"https:\/\/ses-creative.com\/wp-content\/uploads\/2026\/01\/004711.jpg","datePublished":"2026-02-12T10:08:16+00:00","dateModified":"2026-02-12T10:22:14+00:00","breadcrumb":{"@id":"https:\/\/ses-creative.com\/fr\/produit\/pate-a-modeler-licorne-4x90-g\/#breadcrumb"},"inLanguage":"fr-FR","potentialAction":[{"@type":"ReadAction","target":["https:\/\/ses-creative.com\/fr\/produit\/pate-a-modeler-licorne-4x90-g\/"]}]},{"@type":"ImageObject","inLanguage":"fr-FR","@id":"https:\/\/ses-creative.com\/fr\/produit\/pate-a-modeler-licorne-4x90-g\/#primaryimage","url":"https:\/\/ses-creative.com\/wp-content\/uploads\/2026\/01\/004711.jpg","contentUrl":"https:\/\/ses-creative.com\/wp-content\/uploads\/2026\/01\/004711.jpg","width":1000,"height":1000},{"@type":"BreadcrumbList","@id":"https:\/\/ses-creative.com\/fr\/produit\/pate-a-modeler-licorne-4x90-g\/#breadcrumb","itemListElement":[{"@type":"ListItem","position":1,"name":"Boutique","item":"https:\/\/ses-creative.com\/fr\/boutique\/"},{"@type":"ListItem","position":2,"name":"P\u00e2te \u00e0 modeler","item":"https:\/\/ses-creative.com\/fr\/product-categorie\/pate-a-modeler\/"},{"@type":"ListItem","position":3,"name":"P\u00e2te \u00e0 modeler licorne 4&#215;90\u00a0g"}]},{"@type":"WebSite","@id":"https:\/\/ses-creative.com\/#website","url":"https:\/\/ses-creative.com\/","name":"SES Creative","description":"","publisher":{"@id":"https:\/\/ses-creative.com\/#organization"},"potentialAction":[{"@type":"SearchAction","target":{"@type":"EntryPoint","urlTemplate":"https:\/\/ses-creative.com\/?s={search_term_string}"},"query-input":{"@type":"PropertyValueSpecification","valueRequired":true,"valueName":"search_term_string"}}],"inLanguage":"fr-FR"},{"@type":"Organization","@id":"https:\/\/ses-creative.com\/#organization","name":"SES Creative","url":"https:\/\/ses-creative.com\/","logo":{"@type":"ImageObject","inLanguage":"fr-FR","@id":"https:\/\/ses-creative.com\/#\/schema\/logo\/image\/","url":"https:\/\/ses-creative.com\/wp-content\/uploads\/2025\/10\/ses-creative-logo.jpg","contentUrl":"https:\/\/ses-creative.com\/wp-content\/uploads\/2025\/10\/ses-creative-logo.jpg","width":2037,"height":2037,"caption":"SES Creative"},"image":{"@id":"https:\/\/ses-creative.com\/#\/schema\/logo\/image\/"}}]}},"_links":{"self":[{"href":"https:\/\/ses-creative.com\/fr\/wp-json\/wp\/v2\/product\/117987","targetHints":{"allow":["GET"]}}],"collection":[{"href":"https:\/\/ses-creative.com\/fr\/wp-json\/wp\/v2\/product"}],"about":[{"href":"https:\/\/ses-creative.com\/fr\/wp-json\/wp\/v2\/types\/product"}],"replies":[{"embeddable":true,"href":"https:\/\/ses-creative.com\/fr\/wp-json\/wp\/v2\/comments?post=117987"}],"wp:featuredmedia":[{"embeddable":true,"href":"https:\/\/ses-creative.com\/fr\/wp-json\/wp\/v2\/media\/96968"}],"wp:attachment":[{"href":"https:\/\/ses-creative.com\/fr\/wp-json\/wp\/v2\/media?parent=117987"}],"wp:term":[{"taxonomy":"product_brand","embeddable":true,"href":"https:\/\/ses-creative.com\/fr\/wp-json\/wp\/v2\/product_brand?post=117987"},{"taxonomy":"product_cat","embeddable":true,"href":"https:\/\/ses-creative.com\/fr\/wp-json\/wp\/v2\/product_cat?post=117987"},{"taxonomy":"product_tag","embeddable":true,"href":"https:\/\/ses-creative.com\/fr\/wp-json\/wp\/v2\/product_tag?post=117987"}],"curies":[{"name":"wp","href":"https:\/\/api.w.org\/{rel}","templated":true}]}}