











{"id":117986,"date":"2026-02-12T10:08:16","date_gmt":"2026-02-12T10:08:16","guid":{"rendered":"https:\/\/ses-creative.com\/?post_type=product&#038;p=117986"},"modified":"2026-02-12T10:22:14","modified_gmt":"2026-02-12T10:22:14","slug":"pate-a-modeler-a-pailletes-4x90gr","status":"publish","type":"product","link":"https:\/\/ses-creative.com\/fr\/produit\/pate-a-modeler-a-pailletes-4x90gr\/","title":{"rendered":"P\u00e2te \u00e0 modeler a pailletes 4x90gr"},"content":{"rendered":"<p>Ce coffret de p\u00e2te \u00e0 modeler paillet\u00e9e SES Creative est con\u00e7u pour \u00e9veiller la cr\u00e9ativit\u00e9 des enfants d\u00e8s 2 ans. Il contient quatre pots refermables de 90 g chacun dans des couleurs vives et scintillantes : bleu, rose, jaune et violet. La p\u00e2te est tr\u00e8s douce au toucher, facile \u00e0 modeler, et ne s\u00e8che pas pendant le jeu, offrant des heures d\u2019amusement. Elle est aussi extr\u00eamement sal\u00e9e pour \u00e9viter toute ingestion accidentelle, elle garantit ainsi une activit\u00e9 manuelle s\u00e9curis\u00e9e. Id\u00e9al pour la maison ou les structures d\u2019accueil, ce kit favorise le d\u00e9veloppement de la motricit\u00e9 fine et l\u2019expression artistique des tout-petits. La p\u00e2te se nettoie facilement des textiles, ajoutant un confort d\u2019utilisation pour les parents. Fabriqu\u00e9 dans une d\u00e9marche responsable, ce jouet est 100 % neutre en CO2.<\/p>\n","protected":false},"excerpt":{"rendered":"<p>Ce coffret de p\u00e2te \u00e0 modeler paillet\u00e9e SES Creative est con\u00e7u pour \u00e9veiller la cr\u00e9ativit\u00e9 des enfants d\u00e8s 2 ans. Il contient quatre pots refermables de 90 g chacun dans des couleurs vives et scintillantes : bleu, rose, jaune et violet. La p\u00e2te est tr\u00e8s douce au toucher, facile \u00e0 modeler, et ne s\u00e8che pas [&hellip;]<\/p>\n","protected":false},"featured_media":96948,"comment_status":"closed","ping_status":"closed","template":"","meta":{"_acf_changed":false},"product_brand":[],"product_cat":[124],"product_tag":[],"class_list":{"0":"post-117986","1":"product","2":"type-product","3":"status-publish","4":"has-post-thumbnail","6":"product_cat-pate-a-modeler","7":"pa_leeftijd-filter-0-2-ans","8":"pa_meest-populair-bij-garcons-filles","10":"first","11":"instock","12":"shipping-taxable","13":"product-type-simple"},"acf":[],"yoast_head":"<!-- This site is optimized with the Yoast SEO plugin v27.4 - https:\/\/yoast.com\/product\/yoast-seo-wordpress\/ -->\n<title>P\u00e2te \u00e0 modeler a pailletes 4x90gr - SES Creative<\/title>\n<meta name=\"robots\" content=\"index, follow, max-snippet:-1, max-image-preview:large, max-video-preview:-1\" \/>\n<link rel=\"canonical\" href=\"https:\/\/ses-creative.com\/fr\/produit\/pate-a-modeler-a-pailletes-4x90gr\/\" \/>\n<meta property=\"og:locale\" content=\"fr_FR\" \/>\n<meta property=\"og:type\" content=\"article\" \/>\n<meta property=\"og:title\" content=\"P\u00e2te \u00e0 modeler a pailletes 4x90gr - SES Creative\" \/>\n<meta property=\"og:description\" content=\"Ce coffret de p\u00e2te \u00e0 modeler paillet\u00e9e SES Creative est con\u00e7u pour \u00e9veiller la cr\u00e9ativit\u00e9 des enfants d\u00e8s 2 ans. Il contient quatre pots refermables de 90 g chacun dans des couleurs vives et scintillantes : bleu, rose, jaune et violet. La p\u00e2te est tr\u00e8s douce au toucher, facile \u00e0 modeler, et ne s\u00e8che pas [&hellip;]\" \/>\n<meta property=\"og:url\" content=\"https:\/\/ses-creative.com\/fr\/produit\/pate-a-modeler-a-pailletes-4x90gr\/\" \/>\n<meta property=\"og:site_name\" content=\"SES Creative\" \/>\n<meta property=\"article:modified_time\" content=\"2026-02-12T10:22:14+00:00\" \/>\n<meta name=\"twitter:card\" content=\"summary_large_image\" \/>\n<meta name=\"twitter:label1\" content=\"Dur\u00e9e de lecture estim\u00e9e\" \/>\n\t<meta name=\"twitter:data1\" content=\"1 minute\" \/>\n<script type=\"application\/ld+json\" class=\"yoast-schema-graph\">{\"@context\":\"https:\\\/\\\/schema.org\",\"@graph\":[{\"@type\":\"WebPage\",\"@id\":\"https:\\\/\\\/ses-creative.com\\\/fr\\\/produit\\\/pate-a-modeler-a-pailletes-4x90gr\\\/\",\"url\":\"https:\\\/\\\/ses-creative.com\\\/fr\\\/produit\\\/pate-a-modeler-a-pailletes-4x90gr\\\/\",\"name\":\"P\u00e2te \u00e0 modeler a pailletes 4x90gr - SES Creative\",\"isPartOf\":{\"@id\":\"https:\\\/\\\/ses-creative.com\\\/#website\"},\"primaryImageOfPage\":{\"@id\":\"https:\\\/\\\/ses-creative.com\\\/fr\\\/produit\\\/pate-a-modeler-a-pailletes-4x90gr\\\/#primaryimage\"},\"image\":{\"@id\":\"https:\\\/\\\/ses-creative.com\\\/fr\\\/produit\\\/pate-a-modeler-a-pailletes-4x90gr\\\/#primaryimage\"},\"thumbnailUrl\":\"https:\\\/\\\/ses-creative.com\\\/wp-content\\\/uploads\\\/2026\\\/01\\\/004661.jpg\",\"datePublished\":\"2026-02-12T10:08:16+00:00\",\"dateModified\":\"2026-02-12T10:22:14+00:00\",\"breadcrumb\":{\"@id\":\"https:\\\/\\\/ses-creative.com\\\/fr\\\/produit\\\/pate-a-modeler-a-pailletes-4x90gr\\\/#breadcrumb\"},\"inLanguage\":\"fr-FR\",\"potentialAction\":[{\"@type\":\"ReadAction\",\"target\":[\"https:\\\/\\\/ses-creative.com\\\/fr\\\/produit\\\/pate-a-modeler-a-pailletes-4x90gr\\\/\"]}]},{\"@type\":\"ImageObject\",\"inLanguage\":\"fr-FR\",\"@id\":\"https:\\\/\\\/ses-creative.com\\\/fr\\\/produit\\\/pate-a-modeler-a-pailletes-4x90gr\\\/#primaryimage\",\"url\":\"https:\\\/\\\/ses-creative.com\\\/wp-content\\\/uploads\\\/2026\\\/01\\\/004661.jpg\",\"contentUrl\":\"https:\\\/\\\/ses-creative.com\\\/wp-content\\\/uploads\\\/2026\\\/01\\\/004661.jpg\",\"width\":1000,\"height\":1000},{\"@type\":\"BreadcrumbList\",\"@id\":\"https:\\\/\\\/ses-creative.com\\\/fr\\\/produit\\\/pate-a-modeler-a-pailletes-4x90gr\\\/#breadcrumb\",\"itemListElement\":[{\"@type\":\"ListItem\",\"position\":1,\"name\":\"Boutique\",\"item\":\"https:\\\/\\\/ses-creative.com\\\/fr\\\/boutique\\\/\"},{\"@type\":\"ListItem\",\"position\":2,\"name\":\"P\u00e2te \u00e0 modeler\",\"item\":\"https:\\\/\\\/ses-creative.com\\\/fr\\\/product-categorie\\\/pate-a-modeler\\\/\"},{\"@type\":\"ListItem\",\"position\":3,\"name\":\"P\u00e2te \u00e0 modeler a pailletes 4x90gr\"}]},{\"@type\":\"WebSite\",\"@id\":\"https:\\\/\\\/ses-creative.com\\\/#website\",\"url\":\"https:\\\/\\\/ses-creative.com\\\/\",\"name\":\"SES Creative\",\"description\":\"\",\"publisher\":{\"@id\":\"https:\\\/\\\/ses-creative.com\\\/#organization\"},\"potentialAction\":[{\"@type\":\"SearchAction\",\"target\":{\"@type\":\"EntryPoint\",\"urlTemplate\":\"https:\\\/\\\/ses-creative.com\\\/?s={search_term_string}\"},\"query-input\":{\"@type\":\"PropertyValueSpecification\",\"valueRequired\":true,\"valueName\":\"search_term_string\"}}],\"inLanguage\":\"fr-FR\"},{\"@type\":\"Organization\",\"@id\":\"https:\\\/\\\/ses-creative.com\\\/#organization\",\"name\":\"SES Creative\",\"url\":\"https:\\\/\\\/ses-creative.com\\\/\",\"logo\":{\"@type\":\"ImageObject\",\"inLanguage\":\"fr-FR\",\"@id\":\"https:\\\/\\\/ses-creative.com\\\/#\\\/schema\\\/logo\\\/image\\\/\",\"url\":\"https:\\\/\\\/ses-creative.com\\\/wp-content\\\/uploads\\\/2025\\\/10\\\/ses-creative-logo.jpg\",\"contentUrl\":\"https:\\\/\\\/ses-creative.com\\\/wp-content\\\/uploads\\\/2025\\\/10\\\/ses-creative-logo.jpg\",\"width\":2037,\"height\":2037,\"caption\":\"SES Creative\"},\"image\":{\"@id\":\"https:\\\/\\\/ses-creative.com\\\/#\\\/schema\\\/logo\\\/image\\\/\"}}]}<\/script>\n<!-- \/ Yoast SEO plugin. -->","yoast_head_json":{"title":"P\u00e2te \u00e0 modeler a pailletes 4x90gr - SES Creative","robots":{"index":"index","follow":"follow","max-snippet":"max-snippet:-1","max-image-preview":"max-image-preview:large","max-video-preview":"max-video-preview:-1"},"canonical":"https:\/\/ses-creative.com\/fr\/produit\/pate-a-modeler-a-pailletes-4x90gr\/","og_locale":"fr_FR","og_type":"article","og_title":"P\u00e2te \u00e0 modeler a pailletes 4x90gr - SES Creative","og_description":"Ce coffret de p\u00e2te \u00e0 modeler paillet\u00e9e SES Creative est con\u00e7u pour \u00e9veiller la cr\u00e9ativit\u00e9 des enfants d\u00e8s 2 ans. Il contient quatre pots refermables de 90 g chacun dans des couleurs vives et scintillantes : bleu, rose, jaune et violet. La p\u00e2te est tr\u00e8s douce au toucher, facile \u00e0 modeler, et ne s\u00e8che pas [&hellip;]","og_url":"https:\/\/ses-creative.com\/fr\/produit\/pate-a-modeler-a-pailletes-4x90gr\/","og_site_name":"SES Creative","article_modified_time":"2026-02-12T10:22:14+00:00","twitter_card":"summary_large_image","twitter_misc":{"Dur\u00e9e de lecture estim\u00e9e":"1 minute"},"schema":{"@context":"https:\/\/schema.org","@graph":[{"@type":"WebPage","@id":"https:\/\/ses-creative.com\/fr\/produit\/pate-a-modeler-a-pailletes-4x90gr\/","url":"https:\/\/ses-creative.com\/fr\/produit\/pate-a-modeler-a-pailletes-4x90gr\/","name":"P\u00e2te \u00e0 modeler a pailletes 4x90gr - SES Creative","isPartOf":{"@id":"https:\/\/ses-creative.com\/#website"},"primaryImageOfPage":{"@id":"https:\/\/ses-creative.com\/fr\/produit\/pate-a-modeler-a-pailletes-4x90gr\/#primaryimage"},"image":{"@id":"https:\/\/ses-creative.com\/fr\/produit\/pate-a-modeler-a-pailletes-4x90gr\/#primaryimage"},"thumbnailUrl":"https:\/\/ses-creative.com\/wp-content\/uploads\/2026\/01\/004661.jpg","datePublished":"2026-02-12T10:08:16+00:00","dateModified":"2026-02-12T10:22:14+00:00","breadcrumb":{"@id":"https:\/\/ses-creative.com\/fr\/produit\/pate-a-modeler-a-pailletes-4x90gr\/#breadcrumb"},"inLanguage":"fr-FR","potentialAction":[{"@type":"ReadAction","target":["https:\/\/ses-creative.com\/fr\/produit\/pate-a-modeler-a-pailletes-4x90gr\/"]}]},{"@type":"ImageObject","inLanguage":"fr-FR","@id":"https:\/\/ses-creative.com\/fr\/produit\/pate-a-modeler-a-pailletes-4x90gr\/#primaryimage","url":"https:\/\/ses-creative.com\/wp-content\/uploads\/2026\/01\/004661.jpg","contentUrl":"https:\/\/ses-creative.com\/wp-content\/uploads\/2026\/01\/004661.jpg","width":1000,"height":1000},{"@type":"BreadcrumbList","@id":"https:\/\/ses-creative.com\/fr\/produit\/pate-a-modeler-a-pailletes-4x90gr\/#breadcrumb","itemListElement":[{"@type":"ListItem","position":1,"name":"Boutique","item":"https:\/\/ses-creative.com\/fr\/boutique\/"},{"@type":"ListItem","position":2,"name":"P\u00e2te \u00e0 modeler","item":"https:\/\/ses-creative.com\/fr\/product-categorie\/pate-a-modeler\/"},{"@type":"ListItem","position":3,"name":"P\u00e2te \u00e0 modeler a pailletes 4x90gr"}]},{"@type":"WebSite","@id":"https:\/\/ses-creative.com\/#website","url":"https:\/\/ses-creative.com\/","name":"SES Creative","description":"","publisher":{"@id":"https:\/\/ses-creative.com\/#organization"},"potentialAction":[{"@type":"SearchAction","target":{"@type":"EntryPoint","urlTemplate":"https:\/\/ses-creative.com\/?s={search_term_string}"},"query-input":{"@type":"PropertyValueSpecification","valueRequired":true,"valueName":"search_term_string"}}],"inLanguage":"fr-FR"},{"@type":"Organization","@id":"https:\/\/ses-creative.com\/#organization","name":"SES Creative","url":"https:\/\/ses-creative.com\/","logo":{"@type":"ImageObject","inLanguage":"fr-FR","@id":"https:\/\/ses-creative.com\/#\/schema\/logo\/image\/","url":"https:\/\/ses-creative.com\/wp-content\/uploads\/2025\/10\/ses-creative-logo.jpg","contentUrl":"https:\/\/ses-creative.com\/wp-content\/uploads\/2025\/10\/ses-creative-logo.jpg","width":2037,"height":2037,"caption":"SES Creative"},"image":{"@id":"https:\/\/ses-creative.com\/#\/schema\/logo\/image\/"}}]}},"_links":{"self":[{"href":"https:\/\/ses-creative.com\/fr\/wp-json\/wp\/v2\/product\/117986","targetHints":{"allow":["GET"]}}],"collection":[{"href":"https:\/\/ses-creative.com\/fr\/wp-json\/wp\/v2\/product"}],"about":[{"href":"https:\/\/ses-creative.com\/fr\/wp-json\/wp\/v2\/types\/product"}],"replies":[{"embeddable":true,"href":"https:\/\/ses-creative.com\/fr\/wp-json\/wp\/v2\/comments?post=117986"}],"wp:featuredmedia":[{"embeddable":true,"href":"https:\/\/ses-creative.com\/fr\/wp-json\/wp\/v2\/media\/96948"}],"wp:attachment":[{"href":"https:\/\/ses-creative.com\/fr\/wp-json\/wp\/v2\/media?parent=117986"}],"wp:term":[{"taxonomy":"product_brand","embeddable":true,"href":"https:\/\/ses-creative.com\/fr\/wp-json\/wp\/v2\/product_brand?post=117986"},{"taxonomy":"product_cat","embeddable":true,"href":"https:\/\/ses-creative.com\/fr\/wp-json\/wp\/v2\/product_cat?post=117986"},{"taxonomy":"product_tag","embeddable":true,"href":"https:\/\/ses-creative.com\/fr\/wp-json\/wp\/v2\/product_tag?post=117986"}],"curies":[{"name":"wp","href":"https:\/\/api.w.org\/{rel}","templated":true}]}}