











{"id":117983,"date":"2026-02-12T10:08:15","date_gmt":"2026-02-12T10:08:15","guid":{"rendered":"https:\/\/ses-creative.com\/?post_type=product&#038;p=117983"},"modified":"2026-02-12T10:22:14","modified_gmt":"2026-02-12T10:22:14","slug":"pate-a-modeler-circulation","status":"publish","type":"product","link":"https:\/\/ses-creative.com\/fr\/produit\/pate-a-modeler-circulation\/","title":{"rendered":"P\u00e2te \u00e0 modeler &#8211; Circulation"},"content":{"rendered":"<p>Le kit p\u00e2te \u00e0 modeler enfant 3 ans SES Creative permet de cr\u00e9er un univers de circulation personnalis\u00e9. Avec 3 pots color\u00e9s, 15 panneaux de signalisation et une planche d\u2019autocollants, les enfants construisent leur propre route. Ce jeu p\u00e2te \u00e0 modeler voiture est con\u00e7u pour stimuler la motricit\u00e9 et l&rsquo;imagination tout en apprenant les r\u00e8gles de circulation. La p\u00e2te est douce et tr\u00e8s sal\u00e9e pour pr\u00e9venir l\u2019ingestion et facile \u00e0 nettoyer. Les instructions incluses guident les enfants dans la construction des v\u00e9hicules. Ce kit p\u00e2te \u00e0 modeler route \u00e9ducatif est id\u00e9al pour un moment cr\u00e9atif en famille ou en solo.<\/p>\n","protected":false},"excerpt":{"rendered":"<p>Le kit p\u00e2te \u00e0 modeler enfant 3 ans SES Creative permet de cr\u00e9er un univers de circulation personnalis\u00e9. Avec 3 pots color\u00e9s, 15 panneaux de signalisation et une planche d\u2019autocollants, les enfants construisent leur propre route. Ce jeu p\u00e2te \u00e0 modeler voiture est con\u00e7u pour stimuler la motricit\u00e9 et l&rsquo;imagination tout en apprenant les r\u00e8gles [&hellip;]<\/p>\n","protected":false},"featured_media":96908,"comment_status":"closed","ping_status":"closed","template":"","meta":{"_acf_changed":false},"product_brand":[],"product_cat":[124],"product_tag":[],"class_list":{"0":"post-117983","1":"product","2":"type-product","3":"status-publish","4":"has-post-thumbnail","6":"product_cat-pate-a-modeler","7":"pa_leeftijd-filter-3-4-ans","8":"pa_meest-populair-bij-garcons-filles","10":"first","11":"instock","12":"shipping-taxable","13":"product-type-simple"},"acf":[],"yoast_head":"<!-- This site is optimized with the Yoast SEO plugin v27.4 - https:\/\/yoast.com\/product\/yoast-seo-wordpress\/ -->\n<title>P\u00e2te \u00e0 modeler - Circulation - SES Creative<\/title>\n<meta name=\"robots\" content=\"index, follow, max-snippet:-1, max-image-preview:large, max-video-preview:-1\" \/>\n<link rel=\"canonical\" href=\"https:\/\/ses-creative.com\/fr\/produit\/pate-a-modeler-circulation\/\" \/>\n<meta property=\"og:locale\" content=\"fr_FR\" \/>\n<meta property=\"og:type\" content=\"article\" \/>\n<meta property=\"og:title\" content=\"P\u00e2te \u00e0 modeler - Circulation - SES Creative\" \/>\n<meta property=\"og:description\" content=\"Le kit p\u00e2te \u00e0 modeler enfant 3 ans SES Creative permet de cr\u00e9er un univers de circulation personnalis\u00e9. Avec 3 pots color\u00e9s, 15 panneaux de signalisation et une planche d\u2019autocollants, les enfants construisent leur propre route. Ce jeu p\u00e2te \u00e0 modeler voiture est con\u00e7u pour stimuler la motricit\u00e9 et l&rsquo;imagination tout en apprenant les r\u00e8gles [&hellip;]\" \/>\n<meta property=\"og:url\" content=\"https:\/\/ses-creative.com\/fr\/produit\/pate-a-modeler-circulation\/\" \/>\n<meta property=\"og:site_name\" content=\"SES Creative\" \/>\n<meta property=\"article:modified_time\" content=\"2026-02-12T10:22:14+00:00\" \/>\n<meta name=\"twitter:card\" content=\"summary_large_image\" \/>\n<meta name=\"twitter:label1\" content=\"Dur\u00e9e de lecture estim\u00e9e\" \/>\n\t<meta name=\"twitter:data1\" content=\"1 minute\" \/>\n<script type=\"application\/ld+json\" class=\"yoast-schema-graph\">{\"@context\":\"https:\\\/\\\/schema.org\",\"@graph\":[{\"@type\":\"WebPage\",\"@id\":\"https:\\\/\\\/ses-creative.com\\\/fr\\\/produit\\\/pate-a-modeler-circulation\\\/\",\"url\":\"https:\\\/\\\/ses-creative.com\\\/fr\\\/produit\\\/pate-a-modeler-circulation\\\/\",\"name\":\"P\u00e2te \u00e0 modeler - Circulation - SES Creative\",\"isPartOf\":{\"@id\":\"https:\\\/\\\/ses-creative.com\\\/#website\"},\"primaryImageOfPage\":{\"@id\":\"https:\\\/\\\/ses-creative.com\\\/fr\\\/produit\\\/pate-a-modeler-circulation\\\/#primaryimage\"},\"image\":{\"@id\":\"https:\\\/\\\/ses-creative.com\\\/fr\\\/produit\\\/pate-a-modeler-circulation\\\/#primaryimage\"},\"thumbnailUrl\":\"https:\\\/\\\/ses-creative.com\\\/wp-content\\\/uploads\\\/2026\\\/01\\\/004151.jpg\",\"datePublished\":\"2026-02-12T10:08:15+00:00\",\"dateModified\":\"2026-02-12T10:22:14+00:00\",\"breadcrumb\":{\"@id\":\"https:\\\/\\\/ses-creative.com\\\/fr\\\/produit\\\/pate-a-modeler-circulation\\\/#breadcrumb\"},\"inLanguage\":\"fr-FR\",\"potentialAction\":[{\"@type\":\"ReadAction\",\"target\":[\"https:\\\/\\\/ses-creative.com\\\/fr\\\/produit\\\/pate-a-modeler-circulation\\\/\"]}]},{\"@type\":\"ImageObject\",\"inLanguage\":\"fr-FR\",\"@id\":\"https:\\\/\\\/ses-creative.com\\\/fr\\\/produit\\\/pate-a-modeler-circulation\\\/#primaryimage\",\"url\":\"https:\\\/\\\/ses-creative.com\\\/wp-content\\\/uploads\\\/2026\\\/01\\\/004151.jpg\",\"contentUrl\":\"https:\\\/\\\/ses-creative.com\\\/wp-content\\\/uploads\\\/2026\\\/01\\\/004151.jpg\",\"width\":1000,\"height\":1000},{\"@type\":\"BreadcrumbList\",\"@id\":\"https:\\\/\\\/ses-creative.com\\\/fr\\\/produit\\\/pate-a-modeler-circulation\\\/#breadcrumb\",\"itemListElement\":[{\"@type\":\"ListItem\",\"position\":1,\"name\":\"Boutique\",\"item\":\"https:\\\/\\\/ses-creative.com\\\/fr\\\/boutique\\\/\"},{\"@type\":\"ListItem\",\"position\":2,\"name\":\"P\u00e2te \u00e0 modeler\",\"item\":\"https:\\\/\\\/ses-creative.com\\\/fr\\\/product-categorie\\\/pate-a-modeler\\\/\"},{\"@type\":\"ListItem\",\"position\":3,\"name\":\"P\u00e2te \u00e0 modeler &#8211; Circulation\"}]},{\"@type\":\"WebSite\",\"@id\":\"https:\\\/\\\/ses-creative.com\\\/#website\",\"url\":\"https:\\\/\\\/ses-creative.com\\\/\",\"name\":\"SES Creative\",\"description\":\"\",\"publisher\":{\"@id\":\"https:\\\/\\\/ses-creative.com\\\/#organization\"},\"potentialAction\":[{\"@type\":\"SearchAction\",\"target\":{\"@type\":\"EntryPoint\",\"urlTemplate\":\"https:\\\/\\\/ses-creative.com\\\/?s={search_term_string}\"},\"query-input\":{\"@type\":\"PropertyValueSpecification\",\"valueRequired\":true,\"valueName\":\"search_term_string\"}}],\"inLanguage\":\"fr-FR\"},{\"@type\":\"Organization\",\"@id\":\"https:\\\/\\\/ses-creative.com\\\/#organization\",\"name\":\"SES Creative\",\"url\":\"https:\\\/\\\/ses-creative.com\\\/\",\"logo\":{\"@type\":\"ImageObject\",\"inLanguage\":\"fr-FR\",\"@id\":\"https:\\\/\\\/ses-creative.com\\\/#\\\/schema\\\/logo\\\/image\\\/\",\"url\":\"https:\\\/\\\/ses-creative.com\\\/wp-content\\\/uploads\\\/2025\\\/10\\\/ses-creative-logo.jpg\",\"contentUrl\":\"https:\\\/\\\/ses-creative.com\\\/wp-content\\\/uploads\\\/2025\\\/10\\\/ses-creative-logo.jpg\",\"width\":2037,\"height\":2037,\"caption\":\"SES Creative\"},\"image\":{\"@id\":\"https:\\\/\\\/ses-creative.com\\\/#\\\/schema\\\/logo\\\/image\\\/\"}}]}<\/script>\n<!-- \/ Yoast SEO plugin. -->","yoast_head_json":{"title":"P\u00e2te \u00e0 modeler - Circulation - SES Creative","robots":{"index":"index","follow":"follow","max-snippet":"max-snippet:-1","max-image-preview":"max-image-preview:large","max-video-preview":"max-video-preview:-1"},"canonical":"https:\/\/ses-creative.com\/fr\/produit\/pate-a-modeler-circulation\/","og_locale":"fr_FR","og_type":"article","og_title":"P\u00e2te \u00e0 modeler - Circulation - SES Creative","og_description":"Le kit p\u00e2te \u00e0 modeler enfant 3 ans SES Creative permet de cr\u00e9er un univers de circulation personnalis\u00e9. Avec 3 pots color\u00e9s, 15 panneaux de signalisation et une planche d\u2019autocollants, les enfants construisent leur propre route. Ce jeu p\u00e2te \u00e0 modeler voiture est con\u00e7u pour stimuler la motricit\u00e9 et l&rsquo;imagination tout en apprenant les r\u00e8gles [&hellip;]","og_url":"https:\/\/ses-creative.com\/fr\/produit\/pate-a-modeler-circulation\/","og_site_name":"SES Creative","article_modified_time":"2026-02-12T10:22:14+00:00","twitter_card":"summary_large_image","twitter_misc":{"Dur\u00e9e de lecture estim\u00e9e":"1 minute"},"schema":{"@context":"https:\/\/schema.org","@graph":[{"@type":"WebPage","@id":"https:\/\/ses-creative.com\/fr\/produit\/pate-a-modeler-circulation\/","url":"https:\/\/ses-creative.com\/fr\/produit\/pate-a-modeler-circulation\/","name":"P\u00e2te \u00e0 modeler - Circulation - SES Creative","isPartOf":{"@id":"https:\/\/ses-creative.com\/#website"},"primaryImageOfPage":{"@id":"https:\/\/ses-creative.com\/fr\/produit\/pate-a-modeler-circulation\/#primaryimage"},"image":{"@id":"https:\/\/ses-creative.com\/fr\/produit\/pate-a-modeler-circulation\/#primaryimage"},"thumbnailUrl":"https:\/\/ses-creative.com\/wp-content\/uploads\/2026\/01\/004151.jpg","datePublished":"2026-02-12T10:08:15+00:00","dateModified":"2026-02-12T10:22:14+00:00","breadcrumb":{"@id":"https:\/\/ses-creative.com\/fr\/produit\/pate-a-modeler-circulation\/#breadcrumb"},"inLanguage":"fr-FR","potentialAction":[{"@type":"ReadAction","target":["https:\/\/ses-creative.com\/fr\/produit\/pate-a-modeler-circulation\/"]}]},{"@type":"ImageObject","inLanguage":"fr-FR","@id":"https:\/\/ses-creative.com\/fr\/produit\/pate-a-modeler-circulation\/#primaryimage","url":"https:\/\/ses-creative.com\/wp-content\/uploads\/2026\/01\/004151.jpg","contentUrl":"https:\/\/ses-creative.com\/wp-content\/uploads\/2026\/01\/004151.jpg","width":1000,"height":1000},{"@type":"BreadcrumbList","@id":"https:\/\/ses-creative.com\/fr\/produit\/pate-a-modeler-circulation\/#breadcrumb","itemListElement":[{"@type":"ListItem","position":1,"name":"Boutique","item":"https:\/\/ses-creative.com\/fr\/boutique\/"},{"@type":"ListItem","position":2,"name":"P\u00e2te \u00e0 modeler","item":"https:\/\/ses-creative.com\/fr\/product-categorie\/pate-a-modeler\/"},{"@type":"ListItem","position":3,"name":"P\u00e2te \u00e0 modeler &#8211; Circulation"}]},{"@type":"WebSite","@id":"https:\/\/ses-creative.com\/#website","url":"https:\/\/ses-creative.com\/","name":"SES Creative","description":"","publisher":{"@id":"https:\/\/ses-creative.com\/#organization"},"potentialAction":[{"@type":"SearchAction","target":{"@type":"EntryPoint","urlTemplate":"https:\/\/ses-creative.com\/?s={search_term_string}"},"query-input":{"@type":"PropertyValueSpecification","valueRequired":true,"valueName":"search_term_string"}}],"inLanguage":"fr-FR"},{"@type":"Organization","@id":"https:\/\/ses-creative.com\/#organization","name":"SES Creative","url":"https:\/\/ses-creative.com\/","logo":{"@type":"ImageObject","inLanguage":"fr-FR","@id":"https:\/\/ses-creative.com\/#\/schema\/logo\/image\/","url":"https:\/\/ses-creative.com\/wp-content\/uploads\/2025\/10\/ses-creative-logo.jpg","contentUrl":"https:\/\/ses-creative.com\/wp-content\/uploads\/2025\/10\/ses-creative-logo.jpg","width":2037,"height":2037,"caption":"SES Creative"},"image":{"@id":"https:\/\/ses-creative.com\/#\/schema\/logo\/image\/"}}]}},"_links":{"self":[{"href":"https:\/\/ses-creative.com\/fr\/wp-json\/wp\/v2\/product\/117983","targetHints":{"allow":["GET"]}}],"collection":[{"href":"https:\/\/ses-creative.com\/fr\/wp-json\/wp\/v2\/product"}],"about":[{"href":"https:\/\/ses-creative.com\/fr\/wp-json\/wp\/v2\/types\/product"}],"replies":[{"embeddable":true,"href":"https:\/\/ses-creative.com\/fr\/wp-json\/wp\/v2\/comments?post=117983"}],"wp:featuredmedia":[{"embeddable":true,"href":"https:\/\/ses-creative.com\/fr\/wp-json\/wp\/v2\/media\/96908"}],"wp:attachment":[{"href":"https:\/\/ses-creative.com\/fr\/wp-json\/wp\/v2\/media?parent=117983"}],"wp:term":[{"taxonomy":"product_brand","embeddable":true,"href":"https:\/\/ses-creative.com\/fr\/wp-json\/wp\/v2\/product_brand?post=117983"},{"taxonomy":"product_cat","embeddable":true,"href":"https:\/\/ses-creative.com\/fr\/wp-json\/wp\/v2\/product_cat?post=117983"},{"taxonomy":"product_tag","embeddable":true,"href":"https:\/\/ses-creative.com\/fr\/wp-json\/wp\/v2\/product_tag?post=117983"}],"curies":[{"name":"wp","href":"https:\/\/api.w.org\/{rel}","templated":true}]}}