











{"id":117982,"date":"2026-02-12T10:08:15","date_gmt":"2026-02-12T10:08:15","guid":{"rendered":"https:\/\/ses-creative.com\/?post_type=product&#038;p=117982"},"modified":"2026-02-12T10:22:14","modified_gmt":"2026-02-12T10:22:14","slug":"pate-a-modeler-licornes-a-paillettes-neons","status":"publish","type":"product","link":"https:\/\/ses-creative.com\/fr\/produit\/pate-a-modeler-licornes-a-paillettes-neons\/","title":{"rendered":"P\u00e2te \u00e0 modeler &#8211; Licornes \u00e0 paillettes n\u00e9ons"},"content":{"rendered":"<p>Cr\u00e9ez des licornes magiques avec la p\u00e2te \u00e0 modeler Neon Glitter !<br \/>\nCr\u00e9ez les licornes les plus envo\u00fbtantes avec cette p\u00e2te \u00e0 modeler sp\u00e9ciale paillet\u00e9e n\u00e9on ! Avec ce set, les enfants peuvent donner vie \u00e0 leur imagination en modelant de magnifiques licornes dans de superbes couleurs n\u00e9on. Les paillettes dans la p\u00e2te \u00e0 modeler donnent \u00e0 vos cr\u00e9ations un effet magique suppl\u00e9mentaire. Parfait pour les jeunes artistes qui aiment les licornes et sont cr\u00e9atifs !<br \/>\nCe qui rend ce kit g\u00e9nial<br \/>\n&#8211;    P\u00e2te \u00e0 modeler souple qui ne s\u00e8che pas pendant le jeu<br \/>\n&#8211; La p\u00e2te a un go\u00fbt sal\u00e9 qui dissuade les enfants de la mettre dans leur bouche<br \/>\n&#8211;    Encore plus amusant avec de la p\u00e2te \u00e0 modeler paillet\u00e9e aux couleurs n\u00e9on sur le th\u00e8me des licornes et des outils pour modeler<br \/>\n&#8211; S\u00fbr et adapt\u00e9 aux enfants. Sans gluten<br \/>\n&#8211; Stimule la cr\u00e9ativit\u00e9 et la motricit\u00e9 fine<br \/>\nConcevez et cr\u00e9ez votre propre monde de licornes<br \/>\nAvec ce kit, les enfants peuvent modeler leurs propres licornes avec de la p\u00e2te \u00e0 modeler color\u00e9e et scintillante. La p\u00e2te \u00e0 modeler douce et facile \u00e0 travailler permet de r\u00e9aliser facilement les plus belles cr\u00e9ations, qui ne s\u00e8chent pas pendant le jeu. Une excellente fa\u00e7on d&rsquo;\u00eatre cr\u00e9atif et de laisser libre cours \u00e0 son imagination.<br \/>\nCe kit est id\u00e9al pour les parents qui souhaitent faire profiter leurs enfants d&rsquo;une activit\u00e9 cr\u00e9ative et ludique. Il offre une fa\u00e7on amusante de jouer et d&rsquo;apprendre, tout en stimulant la motricit\u00e9 fine et l&rsquo;imagination de votre enfant.<br \/>\nContenu du set<br \/>\n&#8211;    P\u00e2te \u00e0 modeler en 3 couleurs n\u00e9on diff\u00e9rentes : violet paillet\u00e9, bleu paillet\u00e9 et rose<br \/>\n&#8211;    Figurines en p\u00e2te \u00e0 modeler en forme de licorne en bois<br \/>\n&#8211;    Pistolet \u00e0 p\u00e2te \u00e0 modeler<br \/>\nPourquoi choisir SES Creative ?<br \/>\nChez SES Creative, nous accordons une grande importance \u00e0 la s\u00e9curit\u00e9. C&rsquo;est pourquoi nos produits sont fabriqu\u00e9s et test\u00e9s dans notre usine aux Pays-Bas, conform\u00e9ment aux normes de s\u00e9curit\u00e9 europ\u00e9ennes les plus strictes. Les jouets SES Creative sont source de plaisir et permettent aux enfants d&rsquo;\u00eatre fiers de leur travail, ce qui stimule leur cr\u00e9ativit\u00e9 et leur d\u00e9veloppement.<br \/>\nCommencez d\u00e8s aujourd&rsquo;hui \u00e0 cr\u00e9er des licornes magiques<br \/>\nD\u00e9couvrez le plaisir du modelage et cr\u00e9ez vos propres licornes magiques avec ce kit de p\u00e2te \u00e0 modeler paillet\u00e9e. Parfait pour des heures de jeu cr\u00e9atif !<\/p>\n","protected":false},"excerpt":{"rendered":"<p>Cr\u00e9ez des licornes magiques avec la p\u00e2te \u00e0 modeler Neon Glitter ! Cr\u00e9ez les licornes les plus envo\u00fbtantes avec cette p\u00e2te \u00e0 modeler sp\u00e9ciale paillet\u00e9e n\u00e9on ! Avec ce set, les enfants peuvent donner vie \u00e0 leur imagination en modelant de magnifiques licornes dans de superbes couleurs n\u00e9on. Les paillettes dans la p\u00e2te \u00e0 modeler [&hellip;]<\/p>\n","protected":false},"featured_media":96888,"comment_status":"closed","ping_status":"closed","template":"","meta":{"_acf_changed":false},"product_brand":[],"product_cat":[124],"product_tag":[],"class_list":{"0":"post-117982","1":"product","2":"type-product","3":"status-publish","4":"has-post-thumbnail","6":"product_cat-pate-a-modeler","7":"pa_leeftijd-filter-3-4-ans","8":"pa_meest-populair-bij-garcons-filles","10":"first","11":"instock","12":"shipping-taxable","13":"product-type-simple"},"acf":[],"yoast_head":"<!-- This site is optimized with the Yoast SEO plugin v27.4 - https:\/\/yoast.com\/product\/yoast-seo-wordpress\/ -->\n<title>P\u00e2te \u00e0 modeler - Licornes \u00e0 paillettes n\u00e9ons - SES Creative<\/title>\n<meta name=\"robots\" content=\"index, follow, max-snippet:-1, max-image-preview:large, max-video-preview:-1\" \/>\n<link rel=\"canonical\" href=\"https:\/\/ses-creative.com\/fr\/produit\/pate-a-modeler-licornes-a-paillettes-neons\/\" \/>\n<meta property=\"og:locale\" content=\"fr_FR\" \/>\n<meta property=\"og:type\" content=\"article\" \/>\n<meta property=\"og:title\" content=\"P\u00e2te \u00e0 modeler - Licornes \u00e0 paillettes n\u00e9ons - SES Creative\" \/>\n<meta property=\"og:description\" content=\"Cr\u00e9ez des licornes magiques avec la p\u00e2te \u00e0 modeler Neon Glitter ! Cr\u00e9ez les licornes les plus envo\u00fbtantes avec cette p\u00e2te \u00e0 modeler sp\u00e9ciale paillet\u00e9e n\u00e9on ! Avec ce set, les enfants peuvent donner vie \u00e0 leur imagination en modelant de magnifiques licornes dans de superbes couleurs n\u00e9on. Les paillettes dans la p\u00e2te \u00e0 modeler [&hellip;]\" \/>\n<meta property=\"og:url\" content=\"https:\/\/ses-creative.com\/fr\/produit\/pate-a-modeler-licornes-a-paillettes-neons\/\" \/>\n<meta property=\"og:site_name\" content=\"SES Creative\" \/>\n<meta property=\"article:modified_time\" content=\"2026-02-12T10:22:14+00:00\" \/>\n<meta name=\"twitter:card\" content=\"summary_large_image\" \/>\n<meta name=\"twitter:label1\" content=\"Dur\u00e9e de lecture estim\u00e9e\" \/>\n\t<meta name=\"twitter:data1\" content=\"2 minutes\" \/>\n<script type=\"application\/ld+json\" class=\"yoast-schema-graph\">{\"@context\":\"https:\\\/\\\/schema.org\",\"@graph\":[{\"@type\":\"WebPage\",\"@id\":\"https:\\\/\\\/ses-creative.com\\\/fr\\\/produit\\\/pate-a-modeler-licornes-a-paillettes-neons\\\/\",\"url\":\"https:\\\/\\\/ses-creative.com\\\/fr\\\/produit\\\/pate-a-modeler-licornes-a-paillettes-neons\\\/\",\"name\":\"P\u00e2te \u00e0 modeler - Licornes \u00e0 paillettes n\u00e9ons - SES Creative\",\"isPartOf\":{\"@id\":\"https:\\\/\\\/ses-creative.com\\\/#website\"},\"primaryImageOfPage\":{\"@id\":\"https:\\\/\\\/ses-creative.com\\\/fr\\\/produit\\\/pate-a-modeler-licornes-a-paillettes-neons\\\/#primaryimage\"},\"image\":{\"@id\":\"https:\\\/\\\/ses-creative.com\\\/fr\\\/produit\\\/pate-a-modeler-licornes-a-paillettes-neons\\\/#primaryimage\"},\"thumbnailUrl\":\"https:\\\/\\\/ses-creative.com\\\/wp-content\\\/uploads\\\/2026\\\/01\\\/004101.jpg\",\"datePublished\":\"2026-02-12T10:08:15+00:00\",\"dateModified\":\"2026-02-12T10:22:14+00:00\",\"breadcrumb\":{\"@id\":\"https:\\\/\\\/ses-creative.com\\\/fr\\\/produit\\\/pate-a-modeler-licornes-a-paillettes-neons\\\/#breadcrumb\"},\"inLanguage\":\"fr-FR\",\"potentialAction\":[{\"@type\":\"ReadAction\",\"target\":[\"https:\\\/\\\/ses-creative.com\\\/fr\\\/produit\\\/pate-a-modeler-licornes-a-paillettes-neons\\\/\"]}]},{\"@type\":\"ImageObject\",\"inLanguage\":\"fr-FR\",\"@id\":\"https:\\\/\\\/ses-creative.com\\\/fr\\\/produit\\\/pate-a-modeler-licornes-a-paillettes-neons\\\/#primaryimage\",\"url\":\"https:\\\/\\\/ses-creative.com\\\/wp-content\\\/uploads\\\/2026\\\/01\\\/004101.jpg\",\"contentUrl\":\"https:\\\/\\\/ses-creative.com\\\/wp-content\\\/uploads\\\/2026\\\/01\\\/004101.jpg\",\"width\":1000,\"height\":1000},{\"@type\":\"BreadcrumbList\",\"@id\":\"https:\\\/\\\/ses-creative.com\\\/fr\\\/produit\\\/pate-a-modeler-licornes-a-paillettes-neons\\\/#breadcrumb\",\"itemListElement\":[{\"@type\":\"ListItem\",\"position\":1,\"name\":\"Boutique\",\"item\":\"https:\\\/\\\/ses-creative.com\\\/fr\\\/boutique\\\/\"},{\"@type\":\"ListItem\",\"position\":2,\"name\":\"P\u00e2te \u00e0 modeler\",\"item\":\"https:\\\/\\\/ses-creative.com\\\/fr\\\/product-categorie\\\/pate-a-modeler\\\/\"},{\"@type\":\"ListItem\",\"position\":3,\"name\":\"P\u00e2te \u00e0 modeler &#8211; Licornes \u00e0 paillettes n\u00e9ons\"}]},{\"@type\":\"WebSite\",\"@id\":\"https:\\\/\\\/ses-creative.com\\\/#website\",\"url\":\"https:\\\/\\\/ses-creative.com\\\/\",\"name\":\"SES Creative\",\"description\":\"\",\"publisher\":{\"@id\":\"https:\\\/\\\/ses-creative.com\\\/#organization\"},\"potentialAction\":[{\"@type\":\"SearchAction\",\"target\":{\"@type\":\"EntryPoint\",\"urlTemplate\":\"https:\\\/\\\/ses-creative.com\\\/?s={search_term_string}\"},\"query-input\":{\"@type\":\"PropertyValueSpecification\",\"valueRequired\":true,\"valueName\":\"search_term_string\"}}],\"inLanguage\":\"fr-FR\"},{\"@type\":\"Organization\",\"@id\":\"https:\\\/\\\/ses-creative.com\\\/#organization\",\"name\":\"SES Creative\",\"url\":\"https:\\\/\\\/ses-creative.com\\\/\",\"logo\":{\"@type\":\"ImageObject\",\"inLanguage\":\"fr-FR\",\"@id\":\"https:\\\/\\\/ses-creative.com\\\/#\\\/schema\\\/logo\\\/image\\\/\",\"url\":\"https:\\\/\\\/ses-creative.com\\\/wp-content\\\/uploads\\\/2025\\\/10\\\/ses-creative-logo.jpg\",\"contentUrl\":\"https:\\\/\\\/ses-creative.com\\\/wp-content\\\/uploads\\\/2025\\\/10\\\/ses-creative-logo.jpg\",\"width\":2037,\"height\":2037,\"caption\":\"SES Creative\"},\"image\":{\"@id\":\"https:\\\/\\\/ses-creative.com\\\/#\\\/schema\\\/logo\\\/image\\\/\"}}]}<\/script>\n<!-- \/ Yoast SEO plugin. -->","yoast_head_json":{"title":"P\u00e2te \u00e0 modeler - Licornes \u00e0 paillettes n\u00e9ons - SES Creative","robots":{"index":"index","follow":"follow","max-snippet":"max-snippet:-1","max-image-preview":"max-image-preview:large","max-video-preview":"max-video-preview:-1"},"canonical":"https:\/\/ses-creative.com\/fr\/produit\/pate-a-modeler-licornes-a-paillettes-neons\/","og_locale":"fr_FR","og_type":"article","og_title":"P\u00e2te \u00e0 modeler - Licornes \u00e0 paillettes n\u00e9ons - SES Creative","og_description":"Cr\u00e9ez des licornes magiques avec la p\u00e2te \u00e0 modeler Neon Glitter ! Cr\u00e9ez les licornes les plus envo\u00fbtantes avec cette p\u00e2te \u00e0 modeler sp\u00e9ciale paillet\u00e9e n\u00e9on ! Avec ce set, les enfants peuvent donner vie \u00e0 leur imagination en modelant de magnifiques licornes dans de superbes couleurs n\u00e9on. Les paillettes dans la p\u00e2te \u00e0 modeler [&hellip;]","og_url":"https:\/\/ses-creative.com\/fr\/produit\/pate-a-modeler-licornes-a-paillettes-neons\/","og_site_name":"SES Creative","article_modified_time":"2026-02-12T10:22:14+00:00","twitter_card":"summary_large_image","twitter_misc":{"Dur\u00e9e de lecture estim\u00e9e":"2 minutes"},"schema":{"@context":"https:\/\/schema.org","@graph":[{"@type":"WebPage","@id":"https:\/\/ses-creative.com\/fr\/produit\/pate-a-modeler-licornes-a-paillettes-neons\/","url":"https:\/\/ses-creative.com\/fr\/produit\/pate-a-modeler-licornes-a-paillettes-neons\/","name":"P\u00e2te \u00e0 modeler - Licornes \u00e0 paillettes n\u00e9ons - SES Creative","isPartOf":{"@id":"https:\/\/ses-creative.com\/#website"},"primaryImageOfPage":{"@id":"https:\/\/ses-creative.com\/fr\/produit\/pate-a-modeler-licornes-a-paillettes-neons\/#primaryimage"},"image":{"@id":"https:\/\/ses-creative.com\/fr\/produit\/pate-a-modeler-licornes-a-paillettes-neons\/#primaryimage"},"thumbnailUrl":"https:\/\/ses-creative.com\/wp-content\/uploads\/2026\/01\/004101.jpg","datePublished":"2026-02-12T10:08:15+00:00","dateModified":"2026-02-12T10:22:14+00:00","breadcrumb":{"@id":"https:\/\/ses-creative.com\/fr\/produit\/pate-a-modeler-licornes-a-paillettes-neons\/#breadcrumb"},"inLanguage":"fr-FR","potentialAction":[{"@type":"ReadAction","target":["https:\/\/ses-creative.com\/fr\/produit\/pate-a-modeler-licornes-a-paillettes-neons\/"]}]},{"@type":"ImageObject","inLanguage":"fr-FR","@id":"https:\/\/ses-creative.com\/fr\/produit\/pate-a-modeler-licornes-a-paillettes-neons\/#primaryimage","url":"https:\/\/ses-creative.com\/wp-content\/uploads\/2026\/01\/004101.jpg","contentUrl":"https:\/\/ses-creative.com\/wp-content\/uploads\/2026\/01\/004101.jpg","width":1000,"height":1000},{"@type":"BreadcrumbList","@id":"https:\/\/ses-creative.com\/fr\/produit\/pate-a-modeler-licornes-a-paillettes-neons\/#breadcrumb","itemListElement":[{"@type":"ListItem","position":1,"name":"Boutique","item":"https:\/\/ses-creative.com\/fr\/boutique\/"},{"@type":"ListItem","position":2,"name":"P\u00e2te \u00e0 modeler","item":"https:\/\/ses-creative.com\/fr\/product-categorie\/pate-a-modeler\/"},{"@type":"ListItem","position":3,"name":"P\u00e2te \u00e0 modeler &#8211; Licornes \u00e0 paillettes n\u00e9ons"}]},{"@type":"WebSite","@id":"https:\/\/ses-creative.com\/#website","url":"https:\/\/ses-creative.com\/","name":"SES Creative","description":"","publisher":{"@id":"https:\/\/ses-creative.com\/#organization"},"potentialAction":[{"@type":"SearchAction","target":{"@type":"EntryPoint","urlTemplate":"https:\/\/ses-creative.com\/?s={search_term_string}"},"query-input":{"@type":"PropertyValueSpecification","valueRequired":true,"valueName":"search_term_string"}}],"inLanguage":"fr-FR"},{"@type":"Organization","@id":"https:\/\/ses-creative.com\/#organization","name":"SES Creative","url":"https:\/\/ses-creative.com\/","logo":{"@type":"ImageObject","inLanguage":"fr-FR","@id":"https:\/\/ses-creative.com\/#\/schema\/logo\/image\/","url":"https:\/\/ses-creative.com\/wp-content\/uploads\/2025\/10\/ses-creative-logo.jpg","contentUrl":"https:\/\/ses-creative.com\/wp-content\/uploads\/2025\/10\/ses-creative-logo.jpg","width":2037,"height":2037,"caption":"SES Creative"},"image":{"@id":"https:\/\/ses-creative.com\/#\/schema\/logo\/image\/"}}]}},"_links":{"self":[{"href":"https:\/\/ses-creative.com\/fr\/wp-json\/wp\/v2\/product\/117982","targetHints":{"allow":["GET"]}}],"collection":[{"href":"https:\/\/ses-creative.com\/fr\/wp-json\/wp\/v2\/product"}],"about":[{"href":"https:\/\/ses-creative.com\/fr\/wp-json\/wp\/v2\/types\/product"}],"replies":[{"embeddable":true,"href":"https:\/\/ses-creative.com\/fr\/wp-json\/wp\/v2\/comments?post=117982"}],"wp:featuredmedia":[{"embeddable":true,"href":"https:\/\/ses-creative.com\/fr\/wp-json\/wp\/v2\/media\/96888"}],"wp:attachment":[{"href":"https:\/\/ses-creative.com\/fr\/wp-json\/wp\/v2\/media?parent=117982"}],"wp:term":[{"taxonomy":"product_brand","embeddable":true,"href":"https:\/\/ses-creative.com\/fr\/wp-json\/wp\/v2\/product_brand?post=117982"},{"taxonomy":"product_cat","embeddable":true,"href":"https:\/\/ses-creative.com\/fr\/wp-json\/wp\/v2\/product_cat?post=117982"},{"taxonomy":"product_tag","embeddable":true,"href":"https:\/\/ses-creative.com\/fr\/wp-json\/wp\/v2\/product_tag?post=117982"}],"curies":[{"name":"wp","href":"https:\/\/api.w.org\/{rel}","templated":true}]}}