











{"id":117981,"date":"2026-02-12T10:08:15","date_gmt":"2026-02-12T10:08:15","guid":{"rendered":"https:\/\/ses-creative.com\/?post_type=product&#038;p=117981"},"modified":"2026-02-12T10:22:13","modified_gmt":"2026-02-12T10:22:13","slug":"pate-a-modeler-infinity-12-paquets-180gr","status":"publish","type":"product","link":"https:\/\/ses-creative.com\/fr\/produit\/pate-a-modeler-infinity-12-paquets-180gr\/","title":{"rendered":"P\u00e2te \u00e0 modeler Infinity &#8211; 12\u00a0paquets (180gr)"},"content":{"rendered":"<p>Cr\u00e9ez \u00e0 l&rsquo;infini avec la p\u00e2te \u00e0 modeler Infinity !<br \/>\nAvec le set de p\u00e2te \u00e0 modeler Infinity, vous pouvez r\u00e9aliser les plus belles cr\u00e9ations qui ne s\u00e8chent jamais. Ce set contient 12 couleurs de p\u00e2te \u00e0 modeler que vous pouvez r\u00e9utiliser \u00e0 l&rsquo;infini. P\u00e9trissez la p\u00e2te jusqu&rsquo;\u00e0 ce qu&rsquo;elle soit souple et commencez \u00e0 modeler. Id\u00e9al pour les jeunes artistes qui veulent laisser libre cours \u00e0 leur cr\u00e9ativit\u00e9 !<br \/>\nCe qui rend ce kit g\u00e9nial<br \/>\n&#8211;    Ne s\u00e8che pas, vous pouvez donc modeler encore et encore<br \/>\n&#8211;    Parfait pour r\u00e9aliser de petites cr\u00e9ations d\u00e9taill\u00e9es<br \/>\n&#8211;    Stimule la cr\u00e9ativit\u00e9 et la motricit\u00e9 fine<br \/>\n&#8211;    Convient aux enfants \u00e0 partir de 3 ans<br \/>\n&#8211;    Diff\u00e9rentes couleurs pour cr\u00e9er \u00e0 l&rsquo;infini<br \/>\nModeler sans limites<br \/>\nLa p\u00e2te \u00e0 modeler Infinity est sp\u00e9cialement con\u00e7ue pour \u00eatre utilis\u00e9e \u00e0 l&rsquo;infini. Elle ne s\u00e8che pas, ce qui vous permet de remodeler vos cr\u00e9ations \u00e0 volont\u00e9. Les 12 couleurs diff\u00e9rentes offrent des possibilit\u00e9s infinies pour exp\u00e9rimenter et donner vie \u00e0 de nouvelles id\u00e9es.<br \/>\nQue vous jouiez seul ou avec des amis, ce set offre tout ce dont vous avez besoin pour une aventure cr\u00e9ative. C&rsquo;est le moyen id\u00e9al pour initier les enfants au modelage, tout en d\u00e9veloppant leur imagination et leur motricit\u00e9.<br \/>\nContenu du set<br \/>\n&#8211;    12 couleurs de p\u00e2te \u00e0 modeler (12 x 15 g = 180 g)<br \/>\nPourquoi choisir SES Creative ?<br \/>\nChez SES Creative, nous accordons une grande importance \u00e0 la s\u00e9curit\u00e9. C&rsquo;est pourquoi nos produits sont fabriqu\u00e9s et test\u00e9s dans notre usine aux Pays-Bas, conform\u00e9ment aux normes de s\u00e9curit\u00e9 europ\u00e9ennes les plus strictes. Les jouets SES Creative sont source de plaisir et permettent aux enfants d&rsquo;\u00eatre fiers de leur travail, ce qui stimule leur cr\u00e9ativit\u00e9 et leur d\u00e9veloppement.<br \/>\nCommencez d\u00e8s aujourd&rsquo;hui \u00e0 modeler !<br \/>\nAvec le pack Infinity P\u00e2te \u00e0 modeler &#8211; 12, vous pouvez cr\u00e9er et jouer \u00e0 l&rsquo;infini. Prenez votre p\u00e2te \u00e0 modeler et commencez \u00e0 cr\u00e9er les plus belles \u0153uvres d&rsquo;art !<\/p>\n","protected":false},"excerpt":{"rendered":"<p>Cr\u00e9ez \u00e0 l&rsquo;infini avec la p\u00e2te \u00e0 modeler Infinity ! Avec le set de p\u00e2te \u00e0 modeler Infinity, vous pouvez r\u00e9aliser les plus belles cr\u00e9ations qui ne s\u00e8chent jamais. Ce set contient 12 couleurs de p\u00e2te \u00e0 modeler que vous pouvez r\u00e9utiliser \u00e0 l&rsquo;infini. P\u00e9trissez la p\u00e2te jusqu&rsquo;\u00e0 ce qu&rsquo;elle soit souple et commencez \u00e0 [&hellip;]<\/p>\n","protected":false},"featured_media":96868,"comment_status":"closed","ping_status":"closed","template":"","meta":{"_acf_changed":false},"product_brand":[],"product_cat":[124],"product_tag":[],"class_list":{"0":"post-117981","1":"product","2":"type-product","3":"status-publish","4":"has-post-thumbnail","6":"product_cat-pate-a-modeler","7":"pa_leeftijd-filter-3-4-ans","8":"pa_meest-populair-bij-garcons-filles","10":"first","11":"instock","12":"shipping-taxable","13":"product-type-simple"},"acf":[],"yoast_head":"<!-- This site is optimized with the Yoast SEO plugin v27.4 - https:\/\/yoast.com\/product\/yoast-seo-wordpress\/ -->\n<title>P\u00e2te \u00e0 modeler Infinity - 12\u00a0paquets (180gr) - SES Creative<\/title>\n<meta name=\"robots\" content=\"index, follow, max-snippet:-1, max-image-preview:large, max-video-preview:-1\" \/>\n<link rel=\"canonical\" href=\"https:\/\/ses-creative.com\/fr\/produit\/pate-a-modeler-infinity-12-paquets-180gr\/\" \/>\n<meta property=\"og:locale\" content=\"fr_FR\" \/>\n<meta property=\"og:type\" content=\"article\" \/>\n<meta property=\"og:title\" content=\"P\u00e2te \u00e0 modeler Infinity - 12\u00a0paquets (180gr) - SES Creative\" \/>\n<meta property=\"og:description\" content=\"Cr\u00e9ez \u00e0 l&rsquo;infini avec la p\u00e2te \u00e0 modeler Infinity ! Avec le set de p\u00e2te \u00e0 modeler Infinity, vous pouvez r\u00e9aliser les plus belles cr\u00e9ations qui ne s\u00e8chent jamais. Ce set contient 12 couleurs de p\u00e2te \u00e0 modeler que vous pouvez r\u00e9utiliser \u00e0 l&rsquo;infini. P\u00e9trissez la p\u00e2te jusqu&rsquo;\u00e0 ce qu&rsquo;elle soit souple et commencez \u00e0 [&hellip;]\" \/>\n<meta property=\"og:url\" content=\"https:\/\/ses-creative.com\/fr\/produit\/pate-a-modeler-infinity-12-paquets-180gr\/\" \/>\n<meta property=\"og:site_name\" content=\"SES Creative\" \/>\n<meta property=\"article:modified_time\" content=\"2026-02-12T10:22:13+00:00\" \/>\n<meta name=\"twitter:card\" content=\"summary_large_image\" \/>\n<meta name=\"twitter:label1\" content=\"Dur\u00e9e de lecture estim\u00e9e\" \/>\n\t<meta name=\"twitter:data1\" content=\"2 minutes\" \/>\n<script type=\"application\/ld+json\" class=\"yoast-schema-graph\">{\"@context\":\"https:\\\/\\\/schema.org\",\"@graph\":[{\"@type\":\"WebPage\",\"@id\":\"https:\\\/\\\/ses-creative.com\\\/fr\\\/produit\\\/pate-a-modeler-infinity-12-paquets-180gr\\\/\",\"url\":\"https:\\\/\\\/ses-creative.com\\\/fr\\\/produit\\\/pate-a-modeler-infinity-12-paquets-180gr\\\/\",\"name\":\"P\u00e2te \u00e0 modeler Infinity - 12\u00a0paquets (180gr) - SES Creative\",\"isPartOf\":{\"@id\":\"https:\\\/\\\/ses-creative.com\\\/#website\"},\"primaryImageOfPage\":{\"@id\":\"https:\\\/\\\/ses-creative.com\\\/fr\\\/produit\\\/pate-a-modeler-infinity-12-paquets-180gr\\\/#primaryimage\"},\"image\":{\"@id\":\"https:\\\/\\\/ses-creative.com\\\/fr\\\/produit\\\/pate-a-modeler-infinity-12-paquets-180gr\\\/#primaryimage\"},\"thumbnailUrl\":\"https:\\\/\\\/ses-creative.com\\\/wp-content\\\/uploads\\\/2026\\\/01\\\/004061.jpg\",\"datePublished\":\"2026-02-12T10:08:15+00:00\",\"dateModified\":\"2026-02-12T10:22:13+00:00\",\"breadcrumb\":{\"@id\":\"https:\\\/\\\/ses-creative.com\\\/fr\\\/produit\\\/pate-a-modeler-infinity-12-paquets-180gr\\\/#breadcrumb\"},\"inLanguage\":\"fr-FR\",\"potentialAction\":[{\"@type\":\"ReadAction\",\"target\":[\"https:\\\/\\\/ses-creative.com\\\/fr\\\/produit\\\/pate-a-modeler-infinity-12-paquets-180gr\\\/\"]}]},{\"@type\":\"ImageObject\",\"inLanguage\":\"fr-FR\",\"@id\":\"https:\\\/\\\/ses-creative.com\\\/fr\\\/produit\\\/pate-a-modeler-infinity-12-paquets-180gr\\\/#primaryimage\",\"url\":\"https:\\\/\\\/ses-creative.com\\\/wp-content\\\/uploads\\\/2026\\\/01\\\/004061.jpg\",\"contentUrl\":\"https:\\\/\\\/ses-creative.com\\\/wp-content\\\/uploads\\\/2026\\\/01\\\/004061.jpg\",\"width\":1000,\"height\":1000},{\"@type\":\"BreadcrumbList\",\"@id\":\"https:\\\/\\\/ses-creative.com\\\/fr\\\/produit\\\/pate-a-modeler-infinity-12-paquets-180gr\\\/#breadcrumb\",\"itemListElement\":[{\"@type\":\"ListItem\",\"position\":1,\"name\":\"Boutique\",\"item\":\"https:\\\/\\\/ses-creative.com\\\/fr\\\/boutique\\\/\"},{\"@type\":\"ListItem\",\"position\":2,\"name\":\"P\u00e2te \u00e0 modeler\",\"item\":\"https:\\\/\\\/ses-creative.com\\\/fr\\\/product-categorie\\\/pate-a-modeler\\\/\"},{\"@type\":\"ListItem\",\"position\":3,\"name\":\"P\u00e2te \u00e0 modeler Infinity &#8211; 12\u00a0paquets (180gr)\"}]},{\"@type\":\"WebSite\",\"@id\":\"https:\\\/\\\/ses-creative.com\\\/#website\",\"url\":\"https:\\\/\\\/ses-creative.com\\\/\",\"name\":\"SES Creative\",\"description\":\"\",\"publisher\":{\"@id\":\"https:\\\/\\\/ses-creative.com\\\/#organization\"},\"potentialAction\":[{\"@type\":\"SearchAction\",\"target\":{\"@type\":\"EntryPoint\",\"urlTemplate\":\"https:\\\/\\\/ses-creative.com\\\/?s={search_term_string}\"},\"query-input\":{\"@type\":\"PropertyValueSpecification\",\"valueRequired\":true,\"valueName\":\"search_term_string\"}}],\"inLanguage\":\"fr-FR\"},{\"@type\":\"Organization\",\"@id\":\"https:\\\/\\\/ses-creative.com\\\/#organization\",\"name\":\"SES Creative\",\"url\":\"https:\\\/\\\/ses-creative.com\\\/\",\"logo\":{\"@type\":\"ImageObject\",\"inLanguage\":\"fr-FR\",\"@id\":\"https:\\\/\\\/ses-creative.com\\\/#\\\/schema\\\/logo\\\/image\\\/\",\"url\":\"https:\\\/\\\/ses-creative.com\\\/wp-content\\\/uploads\\\/2025\\\/10\\\/ses-creative-logo.jpg\",\"contentUrl\":\"https:\\\/\\\/ses-creative.com\\\/wp-content\\\/uploads\\\/2025\\\/10\\\/ses-creative-logo.jpg\",\"width\":2037,\"height\":2037,\"caption\":\"SES Creative\"},\"image\":{\"@id\":\"https:\\\/\\\/ses-creative.com\\\/#\\\/schema\\\/logo\\\/image\\\/\"}}]}<\/script>\n<!-- \/ Yoast SEO plugin. -->","yoast_head_json":{"title":"P\u00e2te \u00e0 modeler Infinity - 12\u00a0paquets (180gr) - SES Creative","robots":{"index":"index","follow":"follow","max-snippet":"max-snippet:-1","max-image-preview":"max-image-preview:large","max-video-preview":"max-video-preview:-1"},"canonical":"https:\/\/ses-creative.com\/fr\/produit\/pate-a-modeler-infinity-12-paquets-180gr\/","og_locale":"fr_FR","og_type":"article","og_title":"P\u00e2te \u00e0 modeler Infinity - 12\u00a0paquets (180gr) - SES Creative","og_description":"Cr\u00e9ez \u00e0 l&rsquo;infini avec la p\u00e2te \u00e0 modeler Infinity ! Avec le set de p\u00e2te \u00e0 modeler Infinity, vous pouvez r\u00e9aliser les plus belles cr\u00e9ations qui ne s\u00e8chent jamais. Ce set contient 12 couleurs de p\u00e2te \u00e0 modeler que vous pouvez r\u00e9utiliser \u00e0 l&rsquo;infini. P\u00e9trissez la p\u00e2te jusqu&rsquo;\u00e0 ce qu&rsquo;elle soit souple et commencez \u00e0 [&hellip;]","og_url":"https:\/\/ses-creative.com\/fr\/produit\/pate-a-modeler-infinity-12-paquets-180gr\/","og_site_name":"SES Creative","article_modified_time":"2026-02-12T10:22:13+00:00","twitter_card":"summary_large_image","twitter_misc":{"Dur\u00e9e de lecture estim\u00e9e":"2 minutes"},"schema":{"@context":"https:\/\/schema.org","@graph":[{"@type":"WebPage","@id":"https:\/\/ses-creative.com\/fr\/produit\/pate-a-modeler-infinity-12-paquets-180gr\/","url":"https:\/\/ses-creative.com\/fr\/produit\/pate-a-modeler-infinity-12-paquets-180gr\/","name":"P\u00e2te \u00e0 modeler Infinity - 12\u00a0paquets (180gr) - SES Creative","isPartOf":{"@id":"https:\/\/ses-creative.com\/#website"},"primaryImageOfPage":{"@id":"https:\/\/ses-creative.com\/fr\/produit\/pate-a-modeler-infinity-12-paquets-180gr\/#primaryimage"},"image":{"@id":"https:\/\/ses-creative.com\/fr\/produit\/pate-a-modeler-infinity-12-paquets-180gr\/#primaryimage"},"thumbnailUrl":"https:\/\/ses-creative.com\/wp-content\/uploads\/2026\/01\/004061.jpg","datePublished":"2026-02-12T10:08:15+00:00","dateModified":"2026-02-12T10:22:13+00:00","breadcrumb":{"@id":"https:\/\/ses-creative.com\/fr\/produit\/pate-a-modeler-infinity-12-paquets-180gr\/#breadcrumb"},"inLanguage":"fr-FR","potentialAction":[{"@type":"ReadAction","target":["https:\/\/ses-creative.com\/fr\/produit\/pate-a-modeler-infinity-12-paquets-180gr\/"]}]},{"@type":"ImageObject","inLanguage":"fr-FR","@id":"https:\/\/ses-creative.com\/fr\/produit\/pate-a-modeler-infinity-12-paquets-180gr\/#primaryimage","url":"https:\/\/ses-creative.com\/wp-content\/uploads\/2026\/01\/004061.jpg","contentUrl":"https:\/\/ses-creative.com\/wp-content\/uploads\/2026\/01\/004061.jpg","width":1000,"height":1000},{"@type":"BreadcrumbList","@id":"https:\/\/ses-creative.com\/fr\/produit\/pate-a-modeler-infinity-12-paquets-180gr\/#breadcrumb","itemListElement":[{"@type":"ListItem","position":1,"name":"Boutique","item":"https:\/\/ses-creative.com\/fr\/boutique\/"},{"@type":"ListItem","position":2,"name":"P\u00e2te \u00e0 modeler","item":"https:\/\/ses-creative.com\/fr\/product-categorie\/pate-a-modeler\/"},{"@type":"ListItem","position":3,"name":"P\u00e2te \u00e0 modeler Infinity &#8211; 12\u00a0paquets (180gr)"}]},{"@type":"WebSite","@id":"https:\/\/ses-creative.com\/#website","url":"https:\/\/ses-creative.com\/","name":"SES Creative","description":"","publisher":{"@id":"https:\/\/ses-creative.com\/#organization"},"potentialAction":[{"@type":"SearchAction","target":{"@type":"EntryPoint","urlTemplate":"https:\/\/ses-creative.com\/?s={search_term_string}"},"query-input":{"@type":"PropertyValueSpecification","valueRequired":true,"valueName":"search_term_string"}}],"inLanguage":"fr-FR"},{"@type":"Organization","@id":"https:\/\/ses-creative.com\/#organization","name":"SES Creative","url":"https:\/\/ses-creative.com\/","logo":{"@type":"ImageObject","inLanguage":"fr-FR","@id":"https:\/\/ses-creative.com\/#\/schema\/logo\/image\/","url":"https:\/\/ses-creative.com\/wp-content\/uploads\/2025\/10\/ses-creative-logo.jpg","contentUrl":"https:\/\/ses-creative.com\/wp-content\/uploads\/2025\/10\/ses-creative-logo.jpg","width":2037,"height":2037,"caption":"SES Creative"},"image":{"@id":"https:\/\/ses-creative.com\/#\/schema\/logo\/image\/"}}]}},"_links":{"self":[{"href":"https:\/\/ses-creative.com\/fr\/wp-json\/wp\/v2\/product\/117981","targetHints":{"allow":["GET"]}}],"collection":[{"href":"https:\/\/ses-creative.com\/fr\/wp-json\/wp\/v2\/product"}],"about":[{"href":"https:\/\/ses-creative.com\/fr\/wp-json\/wp\/v2\/types\/product"}],"replies":[{"embeddable":true,"href":"https:\/\/ses-creative.com\/fr\/wp-json\/wp\/v2\/comments?post=117981"}],"wp:featuredmedia":[{"embeddable":true,"href":"https:\/\/ses-creative.com\/fr\/wp-json\/wp\/v2\/media\/96868"}],"wp:attachment":[{"href":"https:\/\/ses-creative.com\/fr\/wp-json\/wp\/v2\/media?parent=117981"}],"wp:term":[{"taxonomy":"product_brand","embeddable":true,"href":"https:\/\/ses-creative.com\/fr\/wp-json\/wp\/v2\/product_brand?post=117981"},{"taxonomy":"product_cat","embeddable":true,"href":"https:\/\/ses-creative.com\/fr\/wp-json\/wp\/v2\/product_cat?post=117981"},{"taxonomy":"product_tag","embeddable":true,"href":"https:\/\/ses-creative.com\/fr\/wp-json\/wp\/v2\/product_tag?post=117981"}],"curies":[{"name":"wp","href":"https:\/\/api.w.org\/{rel}","templated":true}]}}