











{"id":117980,"date":"2026-02-12T10:08:15","date_gmt":"2026-02-12T10:08:15","guid":{"rendered":"https:\/\/ses-creative.com\/?post_type=product&#038;p=117980"},"modified":"2026-02-12T10:22:13","modified_gmt":"2026-02-12T10:22:13","slug":"2-pinceaux-epais","status":"publish","type":"product","link":"https:\/\/ses-creative.com\/fr\/produit\/2-pinceaux-epais\/","title":{"rendered":"2 Pinceaux \u00c9pais"},"content":{"rendered":"<p>Cr\u00e9ez les plus belles \u0153uvres d&rsquo;art avec ces grands pinceaux !<br \/>\nCe set de pinceaux SES Creative contient deux grands pinceaux parfaits pour les jeunes artistes. Gr\u00e2ce \u00e0 leur prise en main solide, ces pinceaux sont id\u00e9aux pour les petites mains, permettant aux enfants de peindre et d&rsquo;\u00eatre cr\u00e9atifs facilement. Parfait pour les enfants qui font leurs premiers pas dans le monde de la peinture !<br \/>\nCe qui rend ce set g\u00e9nial<br \/>\n&#8211;    Convient aux jeunes enfants<br \/>\n&#8211;    Poign\u00e9e solide, id\u00e9ale pour les petites mains<br \/>\n&#8211;    Parfait pour cr\u00e9er de grandes \u0153uvres d&rsquo;art color\u00e9es<br \/>\n&#8211;    Stimule la cr\u00e9ativit\u00e9 et la motricit\u00e9 fine<br \/>\n&#8211;    Convient aux enfants \u00e0 partir de 2 ans<br \/>\nCr\u00e9ez vos propres \u0153uvres d&rsquo;art color\u00e9es<br \/>\nAvec ce set, les jeunes enfants peuvent laisser libre cours \u00e0 leur cr\u00e9ativit\u00e9 et r\u00e9aliser les plus belles peintures. Les grands pinceaux sont faciles \u00e0 utiliser et parfaits pour cr\u00e9er des dessins aussi bien grands que d\u00e9taill\u00e9s. Une excellente fa\u00e7on d&rsquo;\u00eatre cr\u00e9atif et d&rsquo;\u00eatre fier de ses propres \u0153uvres d&rsquo;art.<br \/>\nCe kit est id\u00e9al pour les parents qui souhaitent faire profiter leurs enfants d&rsquo;une activit\u00e9 cr\u00e9ative et ludique. Il offre une fa\u00e7on amusante de jouer et d&rsquo;apprendre, tout en stimulant la motricit\u00e9 fine et l&rsquo;imagination de votre enfant.<br \/>\nContenu du set<br \/>\n&#8211;    2 grands pinceaux<br \/>\nPourquoi choisir SES Creative ?<br \/>\nChez SES Creative, nous accordons une grande importance \u00e0 la s\u00e9curit\u00e9. C&rsquo;est pourquoi nos produits sont fabriqu\u00e9s et test\u00e9s dans notre usine aux Pays-Bas, conform\u00e9ment aux normes de s\u00e9curit\u00e9 europ\u00e9ennes les plus strictes. Les jouets SES Creative sont source de plaisir et permettent aux enfants d&rsquo;\u00eatre fiers de leur travail, ce qui stimule leur cr\u00e9ativit\u00e9 et leur d\u00e9veloppement.<br \/>\nCommencez d\u00e8s aujourd&rsquo;hui \u00e0 cr\u00e9er de magnifiques peintures<br \/>\nD\u00e9couvrez le plaisir de la peinture et cr\u00e9ez de magnifiques \u0153uvres d&rsquo;art avec ce set de grands pinceaux. Parfait pour des heures de jeu cr\u00e9atif !<\/p>\n","protected":false},"excerpt":{"rendered":"<p>Cr\u00e9ez les plus belles \u0153uvres d&rsquo;art avec ces grands pinceaux ! Ce set de pinceaux SES Creative contient deux grands pinceaux parfaits pour les jeunes artistes. Gr\u00e2ce \u00e0 leur prise en main solide, ces pinceaux sont id\u00e9aux pour les petites mains, permettant aux enfants de peindre et d&rsquo;\u00eatre cr\u00e9atifs facilement. Parfait pour les enfants qui [&hellip;]<\/p>\n","protected":false},"featured_media":96848,"comment_status":"closed","ping_status":"closed","template":"","meta":{"_acf_changed":false},"product_brand":[],"product_cat":[122],"product_tag":[],"class_list":{"0":"post-117980","1":"product","2":"type-product","3":"status-publish","4":"has-post-thumbnail","6":"product_cat-loisirs-creatifs","7":"pa_leeftijd-filter-0-2-ans","8":"pa_meest-populair-bij-garcons-filles","10":"first","11":"instock","12":"shipping-taxable","13":"product-type-simple"},"acf":[],"yoast_head":"<!-- This site is optimized with the Yoast SEO plugin v27.2 - https:\/\/yoast.com\/product\/yoast-seo-wordpress\/ -->\n<title>2 Pinceaux \u00c9pais - SES Creative<\/title>\n<meta name=\"robots\" content=\"index, follow, max-snippet:-1, max-image-preview:large, max-video-preview:-1\" \/>\n<link rel=\"canonical\" href=\"https:\/\/ses-creative.com\/fr\/produit\/2-pinceaux-epais\/\" \/>\n<meta property=\"og:locale\" content=\"fr_FR\" \/>\n<meta property=\"og:type\" content=\"article\" \/>\n<meta property=\"og:title\" content=\"2 Pinceaux \u00c9pais - SES Creative\" \/>\n<meta property=\"og:description\" content=\"Cr\u00e9ez les plus belles \u0153uvres d&rsquo;art avec ces grands pinceaux ! Ce set de pinceaux SES Creative contient deux grands pinceaux parfaits pour les jeunes artistes. Gr\u00e2ce \u00e0 leur prise en main solide, ces pinceaux sont id\u00e9aux pour les petites mains, permettant aux enfants de peindre et d&rsquo;\u00eatre cr\u00e9atifs facilement. Parfait pour les enfants qui [&hellip;]\" \/>\n<meta property=\"og:url\" content=\"https:\/\/ses-creative.com\/fr\/produit\/2-pinceaux-epais\/\" \/>\n<meta property=\"og:site_name\" content=\"SES Creative\" \/>\n<meta property=\"article:modified_time\" content=\"2026-02-12T10:22:13+00:00\" \/>\n<meta name=\"twitter:card\" content=\"summary_large_image\" \/>\n<meta name=\"twitter:label1\" content=\"Dur\u00e9e de lecture estim\u00e9e\" \/>\n\t<meta name=\"twitter:data1\" content=\"2 minutes\" \/>\n<script type=\"application\/ld+json\" class=\"yoast-schema-graph\">{\"@context\":\"https:\/\/schema.org\",\"@graph\":[{\"@type\":\"WebPage\",\"@id\":\"https:\/\/ses-creative.com\/fr\/produit\/2-pinceaux-epais\/\",\"url\":\"https:\/\/ses-creative.com\/fr\/produit\/2-pinceaux-epais\/\",\"name\":\"2 Pinceaux \u00c9pais - SES Creative\",\"isPartOf\":{\"@id\":\"https:\/\/ses-creative.com\/#website\"},\"primaryImageOfPage\":{\"@id\":\"https:\/\/ses-creative.com\/fr\/produit\/2-pinceaux-epais\/#primaryimage\"},\"image\":{\"@id\":\"https:\/\/ses-creative.com\/fr\/produit\/2-pinceaux-epais\/#primaryimage\"},\"thumbnailUrl\":\"https:\/\/ses-creative.com\/wp-content\/uploads\/2026\/01\/003991.jpg\",\"datePublished\":\"2026-02-12T10:08:15+00:00\",\"dateModified\":\"2026-02-12T10:22:13+00:00\",\"breadcrumb\":{\"@id\":\"https:\/\/ses-creative.com\/fr\/produit\/2-pinceaux-epais\/#breadcrumb\"},\"inLanguage\":\"fr-FR\",\"potentialAction\":[{\"@type\":\"ReadAction\",\"target\":[\"https:\/\/ses-creative.com\/fr\/produit\/2-pinceaux-epais\/\"]}]},{\"@type\":\"ImageObject\",\"inLanguage\":\"fr-FR\",\"@id\":\"https:\/\/ses-creative.com\/fr\/produit\/2-pinceaux-epais\/#primaryimage\",\"url\":\"https:\/\/ses-creative.com\/wp-content\/uploads\/2026\/01\/003991.jpg\",\"contentUrl\":\"https:\/\/ses-creative.com\/wp-content\/uploads\/2026\/01\/003991.jpg\",\"width\":1000,\"height\":1000},{\"@type\":\"BreadcrumbList\",\"@id\":\"https:\/\/ses-creative.com\/fr\/produit\/2-pinceaux-epais\/#breadcrumb\",\"itemListElement\":[{\"@type\":\"ListItem\",\"position\":1,\"name\":\"Boutique\",\"item\":\"https:\/\/ses-creative.com\/fr\/boutique\/\"},{\"@type\":\"ListItem\",\"position\":2,\"name\":\"Loisirs cr\u00e9atifs\",\"item\":\"https:\/\/ses-creative.com\/fr\/product-categorie\/loisirs-creatifs\/\"},{\"@type\":\"ListItem\",\"position\":3,\"name\":\"2 Pinceaux \u00c9pais\"}]},{\"@type\":\"WebSite\",\"@id\":\"https:\/\/ses-creative.com\/#website\",\"url\":\"https:\/\/ses-creative.com\/\",\"name\":\"SES Creative\",\"description\":\"\",\"publisher\":{\"@id\":\"https:\/\/ses-creative.com\/#organization\"},\"potentialAction\":[{\"@type\":\"SearchAction\",\"target\":{\"@type\":\"EntryPoint\",\"urlTemplate\":\"https:\/\/ses-creative.com\/?s={search_term_string}\"},\"query-input\":{\"@type\":\"PropertyValueSpecification\",\"valueRequired\":true,\"valueName\":\"search_term_string\"}}],\"inLanguage\":\"fr-FR\"},{\"@type\":\"Organization\",\"@id\":\"https:\/\/ses-creative.com\/#organization\",\"name\":\"SES Creative\",\"url\":\"https:\/\/ses-creative.com\/\",\"logo\":{\"@type\":\"ImageObject\",\"inLanguage\":\"fr-FR\",\"@id\":\"https:\/\/ses-creative.com\/#\/schema\/logo\/image\/\",\"url\":\"https:\/\/ses-creative.com\/wp-content\/uploads\/2025\/10\/ses-creative-logo.jpg\",\"contentUrl\":\"https:\/\/ses-creative.com\/wp-content\/uploads\/2025\/10\/ses-creative-logo.jpg\",\"width\":2037,\"height\":2037,\"caption\":\"SES Creative\"},\"image\":{\"@id\":\"https:\/\/ses-creative.com\/#\/schema\/logo\/image\/\"}}]}<\/script>\n<!-- \/ Yoast SEO plugin. -->","yoast_head_json":{"title":"2 Pinceaux \u00c9pais - SES Creative","robots":{"index":"index","follow":"follow","max-snippet":"max-snippet:-1","max-image-preview":"max-image-preview:large","max-video-preview":"max-video-preview:-1"},"canonical":"https:\/\/ses-creative.com\/fr\/produit\/2-pinceaux-epais\/","og_locale":"fr_FR","og_type":"article","og_title":"2 Pinceaux \u00c9pais - SES Creative","og_description":"Cr\u00e9ez les plus belles \u0153uvres d&rsquo;art avec ces grands pinceaux ! Ce set de pinceaux SES Creative contient deux grands pinceaux parfaits pour les jeunes artistes. Gr\u00e2ce \u00e0 leur prise en main solide, ces pinceaux sont id\u00e9aux pour les petites mains, permettant aux enfants de peindre et d&rsquo;\u00eatre cr\u00e9atifs facilement. Parfait pour les enfants qui [&hellip;]","og_url":"https:\/\/ses-creative.com\/fr\/produit\/2-pinceaux-epais\/","og_site_name":"SES Creative","article_modified_time":"2026-02-12T10:22:13+00:00","twitter_card":"summary_large_image","twitter_misc":{"Dur\u00e9e de lecture estim\u00e9e":"2 minutes"},"schema":{"@context":"https:\/\/schema.org","@graph":[{"@type":"WebPage","@id":"https:\/\/ses-creative.com\/fr\/produit\/2-pinceaux-epais\/","url":"https:\/\/ses-creative.com\/fr\/produit\/2-pinceaux-epais\/","name":"2 Pinceaux \u00c9pais - SES Creative","isPartOf":{"@id":"https:\/\/ses-creative.com\/#website"},"primaryImageOfPage":{"@id":"https:\/\/ses-creative.com\/fr\/produit\/2-pinceaux-epais\/#primaryimage"},"image":{"@id":"https:\/\/ses-creative.com\/fr\/produit\/2-pinceaux-epais\/#primaryimage"},"thumbnailUrl":"https:\/\/ses-creative.com\/wp-content\/uploads\/2026\/01\/003991.jpg","datePublished":"2026-02-12T10:08:15+00:00","dateModified":"2026-02-12T10:22:13+00:00","breadcrumb":{"@id":"https:\/\/ses-creative.com\/fr\/produit\/2-pinceaux-epais\/#breadcrumb"},"inLanguage":"fr-FR","potentialAction":[{"@type":"ReadAction","target":["https:\/\/ses-creative.com\/fr\/produit\/2-pinceaux-epais\/"]}]},{"@type":"ImageObject","inLanguage":"fr-FR","@id":"https:\/\/ses-creative.com\/fr\/produit\/2-pinceaux-epais\/#primaryimage","url":"https:\/\/ses-creative.com\/wp-content\/uploads\/2026\/01\/003991.jpg","contentUrl":"https:\/\/ses-creative.com\/wp-content\/uploads\/2026\/01\/003991.jpg","width":1000,"height":1000},{"@type":"BreadcrumbList","@id":"https:\/\/ses-creative.com\/fr\/produit\/2-pinceaux-epais\/#breadcrumb","itemListElement":[{"@type":"ListItem","position":1,"name":"Boutique","item":"https:\/\/ses-creative.com\/fr\/boutique\/"},{"@type":"ListItem","position":2,"name":"Loisirs cr\u00e9atifs","item":"https:\/\/ses-creative.com\/fr\/product-categorie\/loisirs-creatifs\/"},{"@type":"ListItem","position":3,"name":"2 Pinceaux \u00c9pais"}]},{"@type":"WebSite","@id":"https:\/\/ses-creative.com\/#website","url":"https:\/\/ses-creative.com\/","name":"SES Creative","description":"","publisher":{"@id":"https:\/\/ses-creative.com\/#organization"},"potentialAction":[{"@type":"SearchAction","target":{"@type":"EntryPoint","urlTemplate":"https:\/\/ses-creative.com\/?s={search_term_string}"},"query-input":{"@type":"PropertyValueSpecification","valueRequired":true,"valueName":"search_term_string"}}],"inLanguage":"fr-FR"},{"@type":"Organization","@id":"https:\/\/ses-creative.com\/#organization","name":"SES Creative","url":"https:\/\/ses-creative.com\/","logo":{"@type":"ImageObject","inLanguage":"fr-FR","@id":"https:\/\/ses-creative.com\/#\/schema\/logo\/image\/","url":"https:\/\/ses-creative.com\/wp-content\/uploads\/2025\/10\/ses-creative-logo.jpg","contentUrl":"https:\/\/ses-creative.com\/wp-content\/uploads\/2025\/10\/ses-creative-logo.jpg","width":2037,"height":2037,"caption":"SES Creative"},"image":{"@id":"https:\/\/ses-creative.com\/#\/schema\/logo\/image\/"}}]}},"_links":{"self":[{"href":"https:\/\/ses-creative.com\/fr\/wp-json\/wp\/v2\/product\/117980","targetHints":{"allow":["GET"]}}],"collection":[{"href":"https:\/\/ses-creative.com\/fr\/wp-json\/wp\/v2\/product"}],"about":[{"href":"https:\/\/ses-creative.com\/fr\/wp-json\/wp\/v2\/types\/product"}],"replies":[{"embeddable":true,"href":"https:\/\/ses-creative.com\/fr\/wp-json\/wp\/v2\/comments?post=117980"}],"wp:featuredmedia":[{"embeddable":true,"href":"https:\/\/ses-creative.com\/fr\/wp-json\/wp\/v2\/media\/96848"}],"wp:attachment":[{"href":"https:\/\/ses-creative.com\/fr\/wp-json\/wp\/v2\/media?parent=117980"}],"wp:term":[{"taxonomy":"product_brand","embeddable":true,"href":"https:\/\/ses-creative.com\/fr\/wp-json\/wp\/v2\/product_brand?post=117980"},{"taxonomy":"product_cat","embeddable":true,"href":"https:\/\/ses-creative.com\/fr\/wp-json\/wp\/v2\/product_cat?post=117980"},{"taxonomy":"product_tag","embeddable":true,"href":"https:\/\/ses-creative.com\/fr\/wp-json\/wp\/v2\/product_tag?post=117980"}],"curies":[{"name":"wp","href":"https:\/\/api.w.org\/{rel}","templated":true}]}}