











{"id":117979,"date":"2026-02-12T10:08:14","date_gmt":"2026-02-12T10:08:14","guid":{"rendered":"https:\/\/ses-creative.com\/?post_type=product&#038;p=117979"},"modified":"2026-02-12T10:22:13","modified_gmt":"2026-02-12T10:22:13","slug":"peinture-a-doigt-6-couleurs-x-45ml","status":"publish","type":"product","link":"https:\/\/ses-creative.com\/fr\/produit\/peinture-a-doigt-6-couleurs-x-45ml\/","title":{"rendered":"Peinture \u00e0 doigt 6 couleurs x 45ml"},"content":{"rendered":"<p>Offrez \u00e0 votre enfant une exp\u00e9rience artistique ludique et sensorielle avec le kit de peinture au doigt SES Creative ! Ce coffret sp\u00e9cialement con\u00e7u pour les tout-petits propose six couleurs \u00e9clatantes dans des pots faciles \u00e0 manipuler, parfaits pour \u00e9veiller la cr\u00e9ativit\u00e9 d\u00e8s le plus jeune \u00e2ge. Sa texture onctueuse permet une application fluide et agr\u00e9able, aidant les enfants \u00e0 exp\u00e9rimenter librement tout en d\u00e9veloppant leur motricit\u00e9 fine et leur coordination \u0153il-main. Pens\u00e9e pour un usage sans souci, cette peinture est facilement lavable \u00e0 l\u2019eau, hypoallerg\u00e9nique et sans gluten, garantissant ainsi une activit\u00e9 propre et sans risque pour les plus petits. Engag\u00e9e dans une d\u00e9marche \u00e9co-responsable, SES Creative fabrique ce produit en Europe avec des mat\u00e9riaux 100 % neutres en CO\u2082, assurant un jouet respectueux de l\u2019environnement et conforme aux normes de s\u00e9curit\u00e9 les plus strictes. Que ce soit pour un anniversaire, No\u00ebl ou simplement pour offrir un moment de d\u00e9couverte et de plaisir, ce kit est l\u2019alli\u00e9 parfait des jeunes artistes en herbe ! Depuis plus de 50 ans, SES Creative d\u00e9veloppe des jouets \u00e9ducatifs de qualit\u00e9 qui stimulent l\u2019imagination et favorisent l\u2019apprentissage tout en respectant la plan\u00e8te.<\/p>\n","protected":false},"excerpt":{"rendered":"<p>Offrez \u00e0 votre enfant une exp\u00e9rience artistique ludique et sensorielle avec le kit de peinture au doigt SES Creative ! Ce coffret sp\u00e9cialement con\u00e7u pour les tout-petits propose six couleurs \u00e9clatantes dans des pots faciles \u00e0 manipuler, parfaits pour \u00e9veiller la cr\u00e9ativit\u00e9 d\u00e8s le plus jeune \u00e2ge. Sa texture onctueuse permet une application fluide et [&hellip;]<\/p>\n","protected":false},"featured_media":96828,"comment_status":"closed","ping_status":"closed","template":"","meta":{"_acf_changed":false},"product_brand":[],"product_cat":[122],"product_tag":[],"class_list":{"0":"post-117979","1":"product","2":"type-product","3":"status-publish","4":"has-post-thumbnail","6":"product_cat-loisirs-creatifs","7":"pa_leeftijd-filter-0-2-ans","8":"pa_meest-populair-bij-garcons-filles","10":"first","11":"instock","12":"shipping-taxable","13":"product-type-simple"},"acf":[],"yoast_head":"<!-- This site is optimized with the Yoast SEO plugin v27.2 - https:\/\/yoast.com\/product\/yoast-seo-wordpress\/ -->\n<title>Peinture \u00e0 doigt 6 couleurs x 45ml - SES Creative<\/title>\n<meta name=\"robots\" content=\"index, follow, max-snippet:-1, max-image-preview:large, max-video-preview:-1\" \/>\n<link rel=\"canonical\" href=\"https:\/\/ses-creative.com\/fr\/produit\/peinture-a-doigt-6-couleurs-x-45ml\/\" \/>\n<meta property=\"og:locale\" content=\"fr_FR\" \/>\n<meta property=\"og:type\" content=\"article\" \/>\n<meta property=\"og:title\" content=\"Peinture \u00e0 doigt 6 couleurs x 45ml - SES Creative\" \/>\n<meta property=\"og:description\" content=\"Offrez \u00e0 votre enfant une exp\u00e9rience artistique ludique et sensorielle avec le kit de peinture au doigt SES Creative ! Ce coffret sp\u00e9cialement con\u00e7u pour les tout-petits propose six couleurs \u00e9clatantes dans des pots faciles \u00e0 manipuler, parfaits pour \u00e9veiller la cr\u00e9ativit\u00e9 d\u00e8s le plus jeune \u00e2ge. Sa texture onctueuse permet une application fluide et [&hellip;]\" \/>\n<meta property=\"og:url\" content=\"https:\/\/ses-creative.com\/fr\/produit\/peinture-a-doigt-6-couleurs-x-45ml\/\" \/>\n<meta property=\"og:site_name\" content=\"SES Creative\" \/>\n<meta property=\"article:modified_time\" content=\"2026-02-12T10:22:13+00:00\" \/>\n<meta name=\"twitter:card\" content=\"summary_large_image\" \/>\n<meta name=\"twitter:label1\" content=\"Dur\u00e9e de lecture estim\u00e9e\" \/>\n\t<meta name=\"twitter:data1\" content=\"1 minute\" \/>\n<script type=\"application\/ld+json\" class=\"yoast-schema-graph\">{\"@context\":\"https:\/\/schema.org\",\"@graph\":[{\"@type\":\"WebPage\",\"@id\":\"https:\/\/ses-creative.com\/fr\/produit\/peinture-a-doigt-6-couleurs-x-45ml\/\",\"url\":\"https:\/\/ses-creative.com\/fr\/produit\/peinture-a-doigt-6-couleurs-x-45ml\/\",\"name\":\"Peinture \u00e0 doigt 6 couleurs x 45ml - SES Creative\",\"isPartOf\":{\"@id\":\"https:\/\/ses-creative.com\/#website\"},\"primaryImageOfPage\":{\"@id\":\"https:\/\/ses-creative.com\/fr\/produit\/peinture-a-doigt-6-couleurs-x-45ml\/#primaryimage\"},\"image\":{\"@id\":\"https:\/\/ses-creative.com\/fr\/produit\/peinture-a-doigt-6-couleurs-x-45ml\/#primaryimage\"},\"thumbnailUrl\":\"https:\/\/ses-creative.com\/wp-content\/uploads\/2026\/01\/003981.jpg\",\"datePublished\":\"2026-02-12T10:08:14+00:00\",\"dateModified\":\"2026-02-12T10:22:13+00:00\",\"breadcrumb\":{\"@id\":\"https:\/\/ses-creative.com\/fr\/produit\/peinture-a-doigt-6-couleurs-x-45ml\/#breadcrumb\"},\"inLanguage\":\"fr-FR\",\"potentialAction\":[{\"@type\":\"ReadAction\",\"target\":[\"https:\/\/ses-creative.com\/fr\/produit\/peinture-a-doigt-6-couleurs-x-45ml\/\"]}]},{\"@type\":\"ImageObject\",\"inLanguage\":\"fr-FR\",\"@id\":\"https:\/\/ses-creative.com\/fr\/produit\/peinture-a-doigt-6-couleurs-x-45ml\/#primaryimage\",\"url\":\"https:\/\/ses-creative.com\/wp-content\/uploads\/2026\/01\/003981.jpg\",\"contentUrl\":\"https:\/\/ses-creative.com\/wp-content\/uploads\/2026\/01\/003981.jpg\",\"width\":1000,\"height\":1000},{\"@type\":\"BreadcrumbList\",\"@id\":\"https:\/\/ses-creative.com\/fr\/produit\/peinture-a-doigt-6-couleurs-x-45ml\/#breadcrumb\",\"itemListElement\":[{\"@type\":\"ListItem\",\"position\":1,\"name\":\"Boutique\",\"item\":\"https:\/\/ses-creative.com\/fr\/boutique\/\"},{\"@type\":\"ListItem\",\"position\":2,\"name\":\"Loisirs cr\u00e9atifs\",\"item\":\"https:\/\/ses-creative.com\/fr\/product-categorie\/loisirs-creatifs\/\"},{\"@type\":\"ListItem\",\"position\":3,\"name\":\"Peinture \u00e0 doigt 6 couleurs x 45ml\"}]},{\"@type\":\"WebSite\",\"@id\":\"https:\/\/ses-creative.com\/#website\",\"url\":\"https:\/\/ses-creative.com\/\",\"name\":\"SES Creative\",\"description\":\"\",\"publisher\":{\"@id\":\"https:\/\/ses-creative.com\/#organization\"},\"potentialAction\":[{\"@type\":\"SearchAction\",\"target\":{\"@type\":\"EntryPoint\",\"urlTemplate\":\"https:\/\/ses-creative.com\/?s={search_term_string}\"},\"query-input\":{\"@type\":\"PropertyValueSpecification\",\"valueRequired\":true,\"valueName\":\"search_term_string\"}}],\"inLanguage\":\"fr-FR\"},{\"@type\":\"Organization\",\"@id\":\"https:\/\/ses-creative.com\/#organization\",\"name\":\"SES Creative\",\"url\":\"https:\/\/ses-creative.com\/\",\"logo\":{\"@type\":\"ImageObject\",\"inLanguage\":\"fr-FR\",\"@id\":\"https:\/\/ses-creative.com\/#\/schema\/logo\/image\/\",\"url\":\"https:\/\/ses-creative.com\/wp-content\/uploads\/2025\/10\/ses-creative-logo.jpg\",\"contentUrl\":\"https:\/\/ses-creative.com\/wp-content\/uploads\/2025\/10\/ses-creative-logo.jpg\",\"width\":2037,\"height\":2037,\"caption\":\"SES Creative\"},\"image\":{\"@id\":\"https:\/\/ses-creative.com\/#\/schema\/logo\/image\/\"}}]}<\/script>\n<!-- \/ Yoast SEO plugin. -->","yoast_head_json":{"title":"Peinture \u00e0 doigt 6 couleurs x 45ml - SES Creative","robots":{"index":"index","follow":"follow","max-snippet":"max-snippet:-1","max-image-preview":"max-image-preview:large","max-video-preview":"max-video-preview:-1"},"canonical":"https:\/\/ses-creative.com\/fr\/produit\/peinture-a-doigt-6-couleurs-x-45ml\/","og_locale":"fr_FR","og_type":"article","og_title":"Peinture \u00e0 doigt 6 couleurs x 45ml - SES Creative","og_description":"Offrez \u00e0 votre enfant une exp\u00e9rience artistique ludique et sensorielle avec le kit de peinture au doigt SES Creative ! Ce coffret sp\u00e9cialement con\u00e7u pour les tout-petits propose six couleurs \u00e9clatantes dans des pots faciles \u00e0 manipuler, parfaits pour \u00e9veiller la cr\u00e9ativit\u00e9 d\u00e8s le plus jeune \u00e2ge. Sa texture onctueuse permet une application fluide et [&hellip;]","og_url":"https:\/\/ses-creative.com\/fr\/produit\/peinture-a-doigt-6-couleurs-x-45ml\/","og_site_name":"SES Creative","article_modified_time":"2026-02-12T10:22:13+00:00","twitter_card":"summary_large_image","twitter_misc":{"Dur\u00e9e de lecture estim\u00e9e":"1 minute"},"schema":{"@context":"https:\/\/schema.org","@graph":[{"@type":"WebPage","@id":"https:\/\/ses-creative.com\/fr\/produit\/peinture-a-doigt-6-couleurs-x-45ml\/","url":"https:\/\/ses-creative.com\/fr\/produit\/peinture-a-doigt-6-couleurs-x-45ml\/","name":"Peinture \u00e0 doigt 6 couleurs x 45ml - SES Creative","isPartOf":{"@id":"https:\/\/ses-creative.com\/#website"},"primaryImageOfPage":{"@id":"https:\/\/ses-creative.com\/fr\/produit\/peinture-a-doigt-6-couleurs-x-45ml\/#primaryimage"},"image":{"@id":"https:\/\/ses-creative.com\/fr\/produit\/peinture-a-doigt-6-couleurs-x-45ml\/#primaryimage"},"thumbnailUrl":"https:\/\/ses-creative.com\/wp-content\/uploads\/2026\/01\/003981.jpg","datePublished":"2026-02-12T10:08:14+00:00","dateModified":"2026-02-12T10:22:13+00:00","breadcrumb":{"@id":"https:\/\/ses-creative.com\/fr\/produit\/peinture-a-doigt-6-couleurs-x-45ml\/#breadcrumb"},"inLanguage":"fr-FR","potentialAction":[{"@type":"ReadAction","target":["https:\/\/ses-creative.com\/fr\/produit\/peinture-a-doigt-6-couleurs-x-45ml\/"]}]},{"@type":"ImageObject","inLanguage":"fr-FR","@id":"https:\/\/ses-creative.com\/fr\/produit\/peinture-a-doigt-6-couleurs-x-45ml\/#primaryimage","url":"https:\/\/ses-creative.com\/wp-content\/uploads\/2026\/01\/003981.jpg","contentUrl":"https:\/\/ses-creative.com\/wp-content\/uploads\/2026\/01\/003981.jpg","width":1000,"height":1000},{"@type":"BreadcrumbList","@id":"https:\/\/ses-creative.com\/fr\/produit\/peinture-a-doigt-6-couleurs-x-45ml\/#breadcrumb","itemListElement":[{"@type":"ListItem","position":1,"name":"Boutique","item":"https:\/\/ses-creative.com\/fr\/boutique\/"},{"@type":"ListItem","position":2,"name":"Loisirs cr\u00e9atifs","item":"https:\/\/ses-creative.com\/fr\/product-categorie\/loisirs-creatifs\/"},{"@type":"ListItem","position":3,"name":"Peinture \u00e0 doigt 6 couleurs x 45ml"}]},{"@type":"WebSite","@id":"https:\/\/ses-creative.com\/#website","url":"https:\/\/ses-creative.com\/","name":"SES Creative","description":"","publisher":{"@id":"https:\/\/ses-creative.com\/#organization"},"potentialAction":[{"@type":"SearchAction","target":{"@type":"EntryPoint","urlTemplate":"https:\/\/ses-creative.com\/?s={search_term_string}"},"query-input":{"@type":"PropertyValueSpecification","valueRequired":true,"valueName":"search_term_string"}}],"inLanguage":"fr-FR"},{"@type":"Organization","@id":"https:\/\/ses-creative.com\/#organization","name":"SES Creative","url":"https:\/\/ses-creative.com\/","logo":{"@type":"ImageObject","inLanguage":"fr-FR","@id":"https:\/\/ses-creative.com\/#\/schema\/logo\/image\/","url":"https:\/\/ses-creative.com\/wp-content\/uploads\/2025\/10\/ses-creative-logo.jpg","contentUrl":"https:\/\/ses-creative.com\/wp-content\/uploads\/2025\/10\/ses-creative-logo.jpg","width":2037,"height":2037,"caption":"SES Creative"},"image":{"@id":"https:\/\/ses-creative.com\/#\/schema\/logo\/image\/"}}]}},"_links":{"self":[{"href":"https:\/\/ses-creative.com\/fr\/wp-json\/wp\/v2\/product\/117979","targetHints":{"allow":["GET"]}}],"collection":[{"href":"https:\/\/ses-creative.com\/fr\/wp-json\/wp\/v2\/product"}],"about":[{"href":"https:\/\/ses-creative.com\/fr\/wp-json\/wp\/v2\/types\/product"}],"replies":[{"embeddable":true,"href":"https:\/\/ses-creative.com\/fr\/wp-json\/wp\/v2\/comments?post=117979"}],"wp:featuredmedia":[{"embeddable":true,"href":"https:\/\/ses-creative.com\/fr\/wp-json\/wp\/v2\/media\/96828"}],"wp:attachment":[{"href":"https:\/\/ses-creative.com\/fr\/wp-json\/wp\/v2\/media?parent=117979"}],"wp:term":[{"taxonomy":"product_brand","embeddable":true,"href":"https:\/\/ses-creative.com\/fr\/wp-json\/wp\/v2\/product_brand?post=117979"},{"taxonomy":"product_cat","embeddable":true,"href":"https:\/\/ses-creative.com\/fr\/wp-json\/wp\/v2\/product_cat?post=117979"},{"taxonomy":"product_tag","embeddable":true,"href":"https:\/\/ses-creative.com\/fr\/wp-json\/wp\/v2\/product_tag?post=117979"}],"curies":[{"name":"wp","href":"https:\/\/api.w.org\/{rel}","templated":true}]}}