











{"id":117977,"date":"2026-02-12T10:08:14","date_gmt":"2026-02-12T10:08:14","guid":{"rendered":"https:\/\/ses-creative.com\/?post_type=product&#038;p=117977"},"modified":"2026-02-12T10:22:13","modified_gmt":"2026-02-12T10:22:13","slug":"peinture-a-doigt-mega-set-6-couleurs-x-110-ml","status":"publish","type":"product","link":"https:\/\/ses-creative.com\/fr\/produit\/peinture-a-doigt-mega-set-6-couleurs-x-110-ml\/","title":{"rendered":"Peinture a doigt m\u00e9ga set 6 couleurs x 110 mL"},"content":{"rendered":"<p>M\u00e9ga plaisir avec la peinture au doigt !<br \/>\nLib\u00e9rez la cr\u00e9ativit\u00e9 de votre enfant avec le m\u00e9ga set de peinture au doigt &#8211; 6 couleurs x 110 ml ! Ce set vivant et polyvalent est parfait pour les jeunes artistes qui aiment peindre, d\u00e9couvrir et cr\u00e9er. Avec six peintures au doigt vives et color\u00e9es et un \u00e9norme rouleau de papier de 2 m\u00e8tres, les enfants peuvent s&rsquo;adonner sans limite \u00e0 l&rsquo;expression artistique.<br \/>\nCe qui rend ce kit g\u00e9nial<br \/>\n&#8211;    La peinture au doigt est facilement lavable, tant sur les v\u00eatements que sur la peau<br \/>\n&#8211;    Peinture au doigt s\u00fbre et sans gluten<br \/>\n&#8211;    Avec pas moins de 2 m\u00e8tres de papier inclus. Kit complet<br \/>\n&#8211;    Convient aux enfants \u00e0 partir de 2 ans<br \/>\n&#8211;    Stimule la cr\u00e9ativit\u00e9 et la motricit\u00e9 fine<br \/>\nParfait pour les cr\u00e9ations \u00e0 grande \u00e9chelle<br \/>\nAvec pas moins de 2 m\u00e8tres de papier \u00e0 dessin, votre enfant pourra s&rsquo;amuser pendant des heures. Qu&rsquo;il r\u00e9alise les cr\u00e9ations les plus folles, appose des empreintes de mains joyeuses ou d\u00e9couvre la peinture, il pourra laisser libre cours \u00e0 son imagination et \u00e0 sa cr\u00e9ativit\u00e9. La peinture au doigt stimule la motricit\u00e9 fine et la coordination \u0153il-main.<br \/>\nLa peinture au doigt est amusante \u00e0 faire seul, mais offre \u00e9galement un plaisir de jeu avec les parents.<br \/>\nContenu du kit<br \/>\n&#8211;    6 couleurs diff\u00e9rentes de peinture au doigt en pots de 110 ml<br \/>\n&#8211;    Dans les couleurs orange, vert clair, rose, bleu, violet et jaune<br \/>\n&#8211;    Rouleau de papier \u00e0 dessin de 2 m\u00e8tres<br \/>\nPourquoi choisir SES Creative ?<br \/>\nChez SES Creative, nous accordons une grande importance \u00e0 la s\u00e9curit\u00e9. C&rsquo;est pourquoi nos produits sont fabriqu\u00e9s et test\u00e9s dans notre usine aux Pays-Bas, conform\u00e9ment aux normes de s\u00e9curit\u00e9 europ\u00e9ennes les plus strictes. Les jouets SES Creative sont source de plaisir et permettent aux enfants d&rsquo;\u00eatre fiers de leur travail, ce qui stimule leur cr\u00e9ativit\u00e9 et leur d\u00e9veloppement.<br \/>\nCommencez \u00e0 peindre d\u00e8s aujourd&rsquo;hui<br \/>\nProcurez-vous le m\u00e9ga kit de peinture au doigt &#8211; 6 couleurs x 110 ml et plongez votre enfant dans un monde de couleurs vives et de possibilit\u00e9s cr\u00e9atives. Voyez son imagination prendre vie tandis qu&rsquo;il peint, cr\u00e9e et d\u00e9couvre \u00e0 chaque chef-d&rsquo;\u0153uvre color\u00e9 !<\/p>\n","protected":false},"excerpt":{"rendered":"<p>M\u00e9ga plaisir avec la peinture au doigt ! Lib\u00e9rez la cr\u00e9ativit\u00e9 de votre enfant avec le m\u00e9ga set de peinture au doigt &#8211; 6 couleurs x 110 ml ! Ce set vivant et polyvalent est parfait pour les jeunes artistes qui aiment peindre, d\u00e9couvrir et cr\u00e9er. Avec six peintures au doigt vives et color\u00e9es et [&hellip;]<\/p>\n","protected":false},"featured_media":96788,"comment_status":"closed","ping_status":"closed","template":"","meta":{"_acf_changed":false},"product_brand":[],"product_cat":[122],"product_tag":[],"class_list":{"0":"post-117977","1":"product","2":"type-product","3":"status-publish","4":"has-post-thumbnail","6":"product_cat-loisirs-creatifs","7":"pa_leeftijd-filter-0-2-ans","8":"pa_meest-populair-bij-garcons-filles","10":"first","11":"instock","12":"shipping-taxable","13":"product-type-simple"},"acf":[],"yoast_head":"<!-- This site is optimized with the Yoast SEO plugin v27.2 - https:\/\/yoast.com\/product\/yoast-seo-wordpress\/ -->\n<title>Peinture a doigt m\u00e9ga set 6 couleurs x 110 mL - SES Creative<\/title>\n<meta name=\"robots\" content=\"index, follow, max-snippet:-1, max-image-preview:large, max-video-preview:-1\" \/>\n<link rel=\"canonical\" href=\"https:\/\/ses-creative.com\/fr\/produit\/peinture-a-doigt-mega-set-6-couleurs-x-110-ml\/\" \/>\n<meta property=\"og:locale\" content=\"fr_FR\" \/>\n<meta property=\"og:type\" content=\"article\" \/>\n<meta property=\"og:title\" content=\"Peinture a doigt m\u00e9ga set 6 couleurs x 110 mL - SES Creative\" \/>\n<meta property=\"og:description\" content=\"M\u00e9ga plaisir avec la peinture au doigt ! Lib\u00e9rez la cr\u00e9ativit\u00e9 de votre enfant avec le m\u00e9ga set de peinture au doigt &#8211; 6 couleurs x 110 ml ! Ce set vivant et polyvalent est parfait pour les jeunes artistes qui aiment peindre, d\u00e9couvrir et cr\u00e9er. Avec six peintures au doigt vives et color\u00e9es et [&hellip;]\" \/>\n<meta property=\"og:url\" content=\"https:\/\/ses-creative.com\/fr\/produit\/peinture-a-doigt-mega-set-6-couleurs-x-110-ml\/\" \/>\n<meta property=\"og:site_name\" content=\"SES Creative\" \/>\n<meta property=\"article:modified_time\" content=\"2026-02-12T10:22:13+00:00\" \/>\n<meta name=\"twitter:card\" content=\"summary_large_image\" \/>\n<meta name=\"twitter:label1\" content=\"Dur\u00e9e de lecture estim\u00e9e\" \/>\n\t<meta name=\"twitter:data1\" content=\"2 minutes\" \/>\n<script type=\"application\/ld+json\" class=\"yoast-schema-graph\">{\"@context\":\"https:\/\/schema.org\",\"@graph\":[{\"@type\":\"WebPage\",\"@id\":\"https:\/\/ses-creative.com\/fr\/produit\/peinture-a-doigt-mega-set-6-couleurs-x-110-ml\/\",\"url\":\"https:\/\/ses-creative.com\/fr\/produit\/peinture-a-doigt-mega-set-6-couleurs-x-110-ml\/\",\"name\":\"Peinture a doigt m\u00e9ga set 6 couleurs x 110 mL - SES Creative\",\"isPartOf\":{\"@id\":\"https:\/\/ses-creative.com\/#website\"},\"primaryImageOfPage\":{\"@id\":\"https:\/\/ses-creative.com\/fr\/produit\/peinture-a-doigt-mega-set-6-couleurs-x-110-ml\/#primaryimage\"},\"image\":{\"@id\":\"https:\/\/ses-creative.com\/fr\/produit\/peinture-a-doigt-mega-set-6-couleurs-x-110-ml\/#primaryimage\"},\"thumbnailUrl\":\"https:\/\/ses-creative.com\/wp-content\/uploads\/2026\/01\/003931.jpg\",\"datePublished\":\"2026-02-12T10:08:14+00:00\",\"dateModified\":\"2026-02-12T10:22:13+00:00\",\"breadcrumb\":{\"@id\":\"https:\/\/ses-creative.com\/fr\/produit\/peinture-a-doigt-mega-set-6-couleurs-x-110-ml\/#breadcrumb\"},\"inLanguage\":\"fr-FR\",\"potentialAction\":[{\"@type\":\"ReadAction\",\"target\":[\"https:\/\/ses-creative.com\/fr\/produit\/peinture-a-doigt-mega-set-6-couleurs-x-110-ml\/\"]}]},{\"@type\":\"ImageObject\",\"inLanguage\":\"fr-FR\",\"@id\":\"https:\/\/ses-creative.com\/fr\/produit\/peinture-a-doigt-mega-set-6-couleurs-x-110-ml\/#primaryimage\",\"url\":\"https:\/\/ses-creative.com\/wp-content\/uploads\/2026\/01\/003931.jpg\",\"contentUrl\":\"https:\/\/ses-creative.com\/wp-content\/uploads\/2026\/01\/003931.jpg\",\"width\":1000,\"height\":1000},{\"@type\":\"BreadcrumbList\",\"@id\":\"https:\/\/ses-creative.com\/fr\/produit\/peinture-a-doigt-mega-set-6-couleurs-x-110-ml\/#breadcrumb\",\"itemListElement\":[{\"@type\":\"ListItem\",\"position\":1,\"name\":\"Boutique\",\"item\":\"https:\/\/ses-creative.com\/fr\/boutique\/\"},{\"@type\":\"ListItem\",\"position\":2,\"name\":\"Loisirs cr\u00e9atifs\",\"item\":\"https:\/\/ses-creative.com\/fr\/product-categorie\/loisirs-creatifs\/\"},{\"@type\":\"ListItem\",\"position\":3,\"name\":\"Peinture a doigt m\u00e9ga set 6 couleurs x 110 mL\"}]},{\"@type\":\"WebSite\",\"@id\":\"https:\/\/ses-creative.com\/#website\",\"url\":\"https:\/\/ses-creative.com\/\",\"name\":\"SES Creative\",\"description\":\"\",\"publisher\":{\"@id\":\"https:\/\/ses-creative.com\/#organization\"},\"potentialAction\":[{\"@type\":\"SearchAction\",\"target\":{\"@type\":\"EntryPoint\",\"urlTemplate\":\"https:\/\/ses-creative.com\/?s={search_term_string}\"},\"query-input\":{\"@type\":\"PropertyValueSpecification\",\"valueRequired\":true,\"valueName\":\"search_term_string\"}}],\"inLanguage\":\"fr-FR\"},{\"@type\":\"Organization\",\"@id\":\"https:\/\/ses-creative.com\/#organization\",\"name\":\"SES Creative\",\"url\":\"https:\/\/ses-creative.com\/\",\"logo\":{\"@type\":\"ImageObject\",\"inLanguage\":\"fr-FR\",\"@id\":\"https:\/\/ses-creative.com\/#\/schema\/logo\/image\/\",\"url\":\"https:\/\/ses-creative.com\/wp-content\/uploads\/2025\/10\/ses-creative-logo.jpg\",\"contentUrl\":\"https:\/\/ses-creative.com\/wp-content\/uploads\/2025\/10\/ses-creative-logo.jpg\",\"width\":2037,\"height\":2037,\"caption\":\"SES Creative\"},\"image\":{\"@id\":\"https:\/\/ses-creative.com\/#\/schema\/logo\/image\/\"}}]}<\/script>\n<!-- \/ Yoast SEO plugin. -->","yoast_head_json":{"title":"Peinture a doigt m\u00e9ga set 6 couleurs x 110 mL - SES Creative","robots":{"index":"index","follow":"follow","max-snippet":"max-snippet:-1","max-image-preview":"max-image-preview:large","max-video-preview":"max-video-preview:-1"},"canonical":"https:\/\/ses-creative.com\/fr\/produit\/peinture-a-doigt-mega-set-6-couleurs-x-110-ml\/","og_locale":"fr_FR","og_type":"article","og_title":"Peinture a doigt m\u00e9ga set 6 couleurs x 110 mL - SES Creative","og_description":"M\u00e9ga plaisir avec la peinture au doigt ! Lib\u00e9rez la cr\u00e9ativit\u00e9 de votre enfant avec le m\u00e9ga set de peinture au doigt &#8211; 6 couleurs x 110 ml ! Ce set vivant et polyvalent est parfait pour les jeunes artistes qui aiment peindre, d\u00e9couvrir et cr\u00e9er. Avec six peintures au doigt vives et color\u00e9es et [&hellip;]","og_url":"https:\/\/ses-creative.com\/fr\/produit\/peinture-a-doigt-mega-set-6-couleurs-x-110-ml\/","og_site_name":"SES Creative","article_modified_time":"2026-02-12T10:22:13+00:00","twitter_card":"summary_large_image","twitter_misc":{"Dur\u00e9e de lecture estim\u00e9e":"2 minutes"},"schema":{"@context":"https:\/\/schema.org","@graph":[{"@type":"WebPage","@id":"https:\/\/ses-creative.com\/fr\/produit\/peinture-a-doigt-mega-set-6-couleurs-x-110-ml\/","url":"https:\/\/ses-creative.com\/fr\/produit\/peinture-a-doigt-mega-set-6-couleurs-x-110-ml\/","name":"Peinture a doigt m\u00e9ga set 6 couleurs x 110 mL - SES Creative","isPartOf":{"@id":"https:\/\/ses-creative.com\/#website"},"primaryImageOfPage":{"@id":"https:\/\/ses-creative.com\/fr\/produit\/peinture-a-doigt-mega-set-6-couleurs-x-110-ml\/#primaryimage"},"image":{"@id":"https:\/\/ses-creative.com\/fr\/produit\/peinture-a-doigt-mega-set-6-couleurs-x-110-ml\/#primaryimage"},"thumbnailUrl":"https:\/\/ses-creative.com\/wp-content\/uploads\/2026\/01\/003931.jpg","datePublished":"2026-02-12T10:08:14+00:00","dateModified":"2026-02-12T10:22:13+00:00","breadcrumb":{"@id":"https:\/\/ses-creative.com\/fr\/produit\/peinture-a-doigt-mega-set-6-couleurs-x-110-ml\/#breadcrumb"},"inLanguage":"fr-FR","potentialAction":[{"@type":"ReadAction","target":["https:\/\/ses-creative.com\/fr\/produit\/peinture-a-doigt-mega-set-6-couleurs-x-110-ml\/"]}]},{"@type":"ImageObject","inLanguage":"fr-FR","@id":"https:\/\/ses-creative.com\/fr\/produit\/peinture-a-doigt-mega-set-6-couleurs-x-110-ml\/#primaryimage","url":"https:\/\/ses-creative.com\/wp-content\/uploads\/2026\/01\/003931.jpg","contentUrl":"https:\/\/ses-creative.com\/wp-content\/uploads\/2026\/01\/003931.jpg","width":1000,"height":1000},{"@type":"BreadcrumbList","@id":"https:\/\/ses-creative.com\/fr\/produit\/peinture-a-doigt-mega-set-6-couleurs-x-110-ml\/#breadcrumb","itemListElement":[{"@type":"ListItem","position":1,"name":"Boutique","item":"https:\/\/ses-creative.com\/fr\/boutique\/"},{"@type":"ListItem","position":2,"name":"Loisirs cr\u00e9atifs","item":"https:\/\/ses-creative.com\/fr\/product-categorie\/loisirs-creatifs\/"},{"@type":"ListItem","position":3,"name":"Peinture a doigt m\u00e9ga set 6 couleurs x 110 mL"}]},{"@type":"WebSite","@id":"https:\/\/ses-creative.com\/#website","url":"https:\/\/ses-creative.com\/","name":"SES Creative","description":"","publisher":{"@id":"https:\/\/ses-creative.com\/#organization"},"potentialAction":[{"@type":"SearchAction","target":{"@type":"EntryPoint","urlTemplate":"https:\/\/ses-creative.com\/?s={search_term_string}"},"query-input":{"@type":"PropertyValueSpecification","valueRequired":true,"valueName":"search_term_string"}}],"inLanguage":"fr-FR"},{"@type":"Organization","@id":"https:\/\/ses-creative.com\/#organization","name":"SES Creative","url":"https:\/\/ses-creative.com\/","logo":{"@type":"ImageObject","inLanguage":"fr-FR","@id":"https:\/\/ses-creative.com\/#\/schema\/logo\/image\/","url":"https:\/\/ses-creative.com\/wp-content\/uploads\/2025\/10\/ses-creative-logo.jpg","contentUrl":"https:\/\/ses-creative.com\/wp-content\/uploads\/2025\/10\/ses-creative-logo.jpg","width":2037,"height":2037,"caption":"SES Creative"},"image":{"@id":"https:\/\/ses-creative.com\/#\/schema\/logo\/image\/"}}]}},"_links":{"self":[{"href":"https:\/\/ses-creative.com\/fr\/wp-json\/wp\/v2\/product\/117977","targetHints":{"allow":["GET"]}}],"collection":[{"href":"https:\/\/ses-creative.com\/fr\/wp-json\/wp\/v2\/product"}],"about":[{"href":"https:\/\/ses-creative.com\/fr\/wp-json\/wp\/v2\/types\/product"}],"replies":[{"embeddable":true,"href":"https:\/\/ses-creative.com\/fr\/wp-json\/wp\/v2\/comments?post=117977"}],"wp:featuredmedia":[{"embeddable":true,"href":"https:\/\/ses-creative.com\/fr\/wp-json\/wp\/v2\/media\/96788"}],"wp:attachment":[{"href":"https:\/\/ses-creative.com\/fr\/wp-json\/wp\/v2\/media?parent=117977"}],"wp:term":[{"taxonomy":"product_brand","embeddable":true,"href":"https:\/\/ses-creative.com\/fr\/wp-json\/wp\/v2\/product_brand?post=117977"},{"taxonomy":"product_cat","embeddable":true,"href":"https:\/\/ses-creative.com\/fr\/wp-json\/wp\/v2\/product_cat?post=117977"},{"taxonomy":"product_tag","embeddable":true,"href":"https:\/\/ses-creative.com\/fr\/wp-json\/wp\/v2\/product_tag?post=117977"}],"curies":[{"name":"wp","href":"https:\/\/api.w.org\/{rel}","templated":true}]}}