











{"id":117974,"date":"2026-02-12T10:08:14","date_gmt":"2026-02-12T10:08:14","guid":{"rendered":"https:\/\/ses-creative.com\/?post_type=product&#038;p=117974"},"modified":"2026-02-12T10:22:13","modified_gmt":"2026-02-12T10:22:13","slug":"set-3-pinceaux","status":"publish","type":"product","link":"https:\/\/ses-creative.com\/fr\/produit\/set-3-pinceaux\/","title":{"rendered":"Set 3 Pinceaux"},"content":{"rendered":"<p>Cr\u00e9ez de magnifiques \u0153uvres d&rsquo;art avec ce set de pinceaux<br \/>\nAvec les pinceaux SES Creative, peindre devient un v\u00e9ritable plaisir. Que vous r\u00e9alisiez une grande \u0153uvre d&rsquo;art ou que vous souhaitiez ajouter de petits d\u00e9tails, ce set de trois pinceaux diff\u00e9rents vous offre toujours l&rsquo;outil ad\u00e9quat. Laissez libre cours \u00e0 votre cr\u00e9ativit\u00e9 et r\u00e9alisez les plus belles peintures !<br \/>\nCe qui rend ce set exceptionnel<br \/>\n&#8211;    Trois pinceaux de diff\u00e9rentes \u00e9paisseurs<br \/>\n&#8211;    Convient \u00e0 tous les types de peinture<br \/>\n&#8211;    Id\u00e9al pour les grandes surfaces comme pour les petits d\u00e9tails<br \/>\n&#8211;    Facile \u00e0 nettoyer<br \/>\n&#8211;    Parfait pour les jeunes artistes \u00e0 partir de 3 ans<br \/>\nLe set parfait pour tous les jeunes artistes<br \/>\nAvec ce set de pinceaux, les enfants peuvent d\u00e9velopper leurs talents de peintres et exp\u00e9rimenter diff\u00e9rentes techniques. Qu&rsquo;ils souhaitent r\u00e9aliser de grands coups de pinceau ou se concentrer sur les d\u00e9tails fins, ce set leur offre tout ce dont ils ont besoin pour donner vie \u00e0 leurs cr\u00e9ations.<br \/>\nContenu du set<br \/>\n3 pinceaux de diff\u00e9rentes \u00e9paisseurs<br \/>\nPourquoi choisir SES Creative ?<br \/>\nChez SES Creative, nous accordons une grande importance \u00e0 la s\u00e9curit\u00e9. C&rsquo;est pourquoi nos produits sont fabriqu\u00e9s et test\u00e9s dans notre usine aux Pays-Bas, conform\u00e9ment aux normes de s\u00e9curit\u00e9 europ\u00e9ennes les plus strictes. Les jouets SES Creative sont source de plaisir et permettent aux enfants d&rsquo;\u00eatre fiers de leur travail, ce qui stimule leur cr\u00e9ativit\u00e9 et leur d\u00e9veloppement.<br \/>\nLancez-vous et peignez votre propre chef-d&rsquo;\u0153uvre<br \/>\nPrenez votre peinture, choisissez le pinceau appropri\u00e9 et lancez-vous dans votre prochain projet artistique. Avec ce set de pinceaux SES Creative, vous \u00eates assur\u00e9 de passer des heures \u00e0 peindre dans la joie et la bonne humeur !<\/p>\n","protected":false},"excerpt":{"rendered":"<p>Cr\u00e9ez de magnifiques \u0153uvres d&rsquo;art avec ce set de pinceaux Avec les pinceaux SES Creative, peindre devient un v\u00e9ritable plaisir. Que vous r\u00e9alisiez une grande \u0153uvre d&rsquo;art ou que vous souhaitiez ajouter de petits d\u00e9tails, ce set de trois pinceaux diff\u00e9rents vous offre toujours l&rsquo;outil ad\u00e9quat. Laissez libre cours \u00e0 votre cr\u00e9ativit\u00e9 et r\u00e9alisez les [&hellip;]<\/p>\n","protected":false},"featured_media":96728,"comment_status":"closed","ping_status":"closed","template":"","meta":{"_acf_changed":false},"product_brand":[],"product_cat":[122],"product_tag":[],"class_list":{"0":"post-117974","1":"product","2":"type-product","3":"status-publish","4":"has-post-thumbnail","6":"product_cat-loisirs-creatifs","7":"pa_leeftijd-filter-3-4-ans","8":"pa_meest-populair-bij-garcons-filles","10":"first","11":"instock","12":"shipping-taxable","13":"product-type-simple"},"acf":[],"yoast_head":"<!-- This site is optimized with the Yoast SEO plugin v27.2 - https:\/\/yoast.com\/product\/yoast-seo-wordpress\/ -->\n<title>Set 3 Pinceaux - SES Creative<\/title>\n<meta name=\"robots\" content=\"index, follow, max-snippet:-1, max-image-preview:large, max-video-preview:-1\" \/>\n<link rel=\"canonical\" href=\"https:\/\/ses-creative.com\/fr\/produit\/set-3-pinceaux\/\" \/>\n<meta property=\"og:locale\" content=\"fr_FR\" \/>\n<meta property=\"og:type\" content=\"article\" \/>\n<meta property=\"og:title\" content=\"Set 3 Pinceaux - SES Creative\" \/>\n<meta property=\"og:description\" content=\"Cr\u00e9ez de magnifiques \u0153uvres d&rsquo;art avec ce set de pinceaux Avec les pinceaux SES Creative, peindre devient un v\u00e9ritable plaisir. Que vous r\u00e9alisiez une grande \u0153uvre d&rsquo;art ou que vous souhaitiez ajouter de petits d\u00e9tails, ce set de trois pinceaux diff\u00e9rents vous offre toujours l&rsquo;outil ad\u00e9quat. Laissez libre cours \u00e0 votre cr\u00e9ativit\u00e9 et r\u00e9alisez les [&hellip;]\" \/>\n<meta property=\"og:url\" content=\"https:\/\/ses-creative.com\/fr\/produit\/set-3-pinceaux\/\" \/>\n<meta property=\"og:site_name\" content=\"SES Creative\" \/>\n<meta property=\"article:modified_time\" content=\"2026-02-12T10:22:13+00:00\" \/>\n<meta name=\"twitter:card\" content=\"summary_large_image\" \/>\n<meta name=\"twitter:label1\" content=\"Dur\u00e9e de lecture estim\u00e9e\" \/>\n\t<meta name=\"twitter:data1\" content=\"1 minute\" \/>\n<script type=\"application\/ld+json\" class=\"yoast-schema-graph\">{\"@context\":\"https:\/\/schema.org\",\"@graph\":[{\"@type\":\"WebPage\",\"@id\":\"https:\/\/ses-creative.com\/fr\/produit\/set-3-pinceaux\/\",\"url\":\"https:\/\/ses-creative.com\/fr\/produit\/set-3-pinceaux\/\",\"name\":\"Set 3 Pinceaux - SES Creative\",\"isPartOf\":{\"@id\":\"https:\/\/ses-creative.com\/#website\"},\"primaryImageOfPage\":{\"@id\":\"https:\/\/ses-creative.com\/fr\/produit\/set-3-pinceaux\/#primaryimage\"},\"image\":{\"@id\":\"https:\/\/ses-creative.com\/fr\/produit\/set-3-pinceaux\/#primaryimage\"},\"thumbnailUrl\":\"https:\/\/ses-creative.com\/wp-content\/uploads\/2026\/01\/003901.jpg\",\"datePublished\":\"2026-02-12T10:08:14+00:00\",\"dateModified\":\"2026-02-12T10:22:13+00:00\",\"breadcrumb\":{\"@id\":\"https:\/\/ses-creative.com\/fr\/produit\/set-3-pinceaux\/#breadcrumb\"},\"inLanguage\":\"fr-FR\",\"potentialAction\":[{\"@type\":\"ReadAction\",\"target\":[\"https:\/\/ses-creative.com\/fr\/produit\/set-3-pinceaux\/\"]}]},{\"@type\":\"ImageObject\",\"inLanguage\":\"fr-FR\",\"@id\":\"https:\/\/ses-creative.com\/fr\/produit\/set-3-pinceaux\/#primaryimage\",\"url\":\"https:\/\/ses-creative.com\/wp-content\/uploads\/2026\/01\/003901.jpg\",\"contentUrl\":\"https:\/\/ses-creative.com\/wp-content\/uploads\/2026\/01\/003901.jpg\",\"width\":1000,\"height\":1000},{\"@type\":\"BreadcrumbList\",\"@id\":\"https:\/\/ses-creative.com\/fr\/produit\/set-3-pinceaux\/#breadcrumb\",\"itemListElement\":[{\"@type\":\"ListItem\",\"position\":1,\"name\":\"Boutique\",\"item\":\"https:\/\/ses-creative.com\/fr\/boutique\/\"},{\"@type\":\"ListItem\",\"position\":2,\"name\":\"Loisirs cr\u00e9atifs\",\"item\":\"https:\/\/ses-creative.com\/fr\/product-categorie\/loisirs-creatifs\/\"},{\"@type\":\"ListItem\",\"position\":3,\"name\":\"Set 3 Pinceaux\"}]},{\"@type\":\"WebSite\",\"@id\":\"https:\/\/ses-creative.com\/#website\",\"url\":\"https:\/\/ses-creative.com\/\",\"name\":\"SES Creative\",\"description\":\"\",\"publisher\":{\"@id\":\"https:\/\/ses-creative.com\/#organization\"},\"potentialAction\":[{\"@type\":\"SearchAction\",\"target\":{\"@type\":\"EntryPoint\",\"urlTemplate\":\"https:\/\/ses-creative.com\/?s={search_term_string}\"},\"query-input\":{\"@type\":\"PropertyValueSpecification\",\"valueRequired\":true,\"valueName\":\"search_term_string\"}}],\"inLanguage\":\"fr-FR\"},{\"@type\":\"Organization\",\"@id\":\"https:\/\/ses-creative.com\/#organization\",\"name\":\"SES Creative\",\"url\":\"https:\/\/ses-creative.com\/\",\"logo\":{\"@type\":\"ImageObject\",\"inLanguage\":\"fr-FR\",\"@id\":\"https:\/\/ses-creative.com\/#\/schema\/logo\/image\/\",\"url\":\"https:\/\/ses-creative.com\/wp-content\/uploads\/2025\/10\/ses-creative-logo.jpg\",\"contentUrl\":\"https:\/\/ses-creative.com\/wp-content\/uploads\/2025\/10\/ses-creative-logo.jpg\",\"width\":2037,\"height\":2037,\"caption\":\"SES Creative\"},\"image\":{\"@id\":\"https:\/\/ses-creative.com\/#\/schema\/logo\/image\/\"}}]}<\/script>\n<!-- \/ Yoast SEO plugin. -->","yoast_head_json":{"title":"Set 3 Pinceaux - SES Creative","robots":{"index":"index","follow":"follow","max-snippet":"max-snippet:-1","max-image-preview":"max-image-preview:large","max-video-preview":"max-video-preview:-1"},"canonical":"https:\/\/ses-creative.com\/fr\/produit\/set-3-pinceaux\/","og_locale":"fr_FR","og_type":"article","og_title":"Set 3 Pinceaux - SES Creative","og_description":"Cr\u00e9ez de magnifiques \u0153uvres d&rsquo;art avec ce set de pinceaux Avec les pinceaux SES Creative, peindre devient un v\u00e9ritable plaisir. Que vous r\u00e9alisiez une grande \u0153uvre d&rsquo;art ou que vous souhaitiez ajouter de petits d\u00e9tails, ce set de trois pinceaux diff\u00e9rents vous offre toujours l&rsquo;outil ad\u00e9quat. Laissez libre cours \u00e0 votre cr\u00e9ativit\u00e9 et r\u00e9alisez les [&hellip;]","og_url":"https:\/\/ses-creative.com\/fr\/produit\/set-3-pinceaux\/","og_site_name":"SES Creative","article_modified_time":"2026-02-12T10:22:13+00:00","twitter_card":"summary_large_image","twitter_misc":{"Dur\u00e9e de lecture estim\u00e9e":"1 minute"},"schema":{"@context":"https:\/\/schema.org","@graph":[{"@type":"WebPage","@id":"https:\/\/ses-creative.com\/fr\/produit\/set-3-pinceaux\/","url":"https:\/\/ses-creative.com\/fr\/produit\/set-3-pinceaux\/","name":"Set 3 Pinceaux - SES Creative","isPartOf":{"@id":"https:\/\/ses-creative.com\/#website"},"primaryImageOfPage":{"@id":"https:\/\/ses-creative.com\/fr\/produit\/set-3-pinceaux\/#primaryimage"},"image":{"@id":"https:\/\/ses-creative.com\/fr\/produit\/set-3-pinceaux\/#primaryimage"},"thumbnailUrl":"https:\/\/ses-creative.com\/wp-content\/uploads\/2026\/01\/003901.jpg","datePublished":"2026-02-12T10:08:14+00:00","dateModified":"2026-02-12T10:22:13+00:00","breadcrumb":{"@id":"https:\/\/ses-creative.com\/fr\/produit\/set-3-pinceaux\/#breadcrumb"},"inLanguage":"fr-FR","potentialAction":[{"@type":"ReadAction","target":["https:\/\/ses-creative.com\/fr\/produit\/set-3-pinceaux\/"]}]},{"@type":"ImageObject","inLanguage":"fr-FR","@id":"https:\/\/ses-creative.com\/fr\/produit\/set-3-pinceaux\/#primaryimage","url":"https:\/\/ses-creative.com\/wp-content\/uploads\/2026\/01\/003901.jpg","contentUrl":"https:\/\/ses-creative.com\/wp-content\/uploads\/2026\/01\/003901.jpg","width":1000,"height":1000},{"@type":"BreadcrumbList","@id":"https:\/\/ses-creative.com\/fr\/produit\/set-3-pinceaux\/#breadcrumb","itemListElement":[{"@type":"ListItem","position":1,"name":"Boutique","item":"https:\/\/ses-creative.com\/fr\/boutique\/"},{"@type":"ListItem","position":2,"name":"Loisirs cr\u00e9atifs","item":"https:\/\/ses-creative.com\/fr\/product-categorie\/loisirs-creatifs\/"},{"@type":"ListItem","position":3,"name":"Set 3 Pinceaux"}]},{"@type":"WebSite","@id":"https:\/\/ses-creative.com\/#website","url":"https:\/\/ses-creative.com\/","name":"SES Creative","description":"","publisher":{"@id":"https:\/\/ses-creative.com\/#organization"},"potentialAction":[{"@type":"SearchAction","target":{"@type":"EntryPoint","urlTemplate":"https:\/\/ses-creative.com\/?s={search_term_string}"},"query-input":{"@type":"PropertyValueSpecification","valueRequired":true,"valueName":"search_term_string"}}],"inLanguage":"fr-FR"},{"@type":"Organization","@id":"https:\/\/ses-creative.com\/#organization","name":"SES Creative","url":"https:\/\/ses-creative.com\/","logo":{"@type":"ImageObject","inLanguage":"fr-FR","@id":"https:\/\/ses-creative.com\/#\/schema\/logo\/image\/","url":"https:\/\/ses-creative.com\/wp-content\/uploads\/2025\/10\/ses-creative-logo.jpg","contentUrl":"https:\/\/ses-creative.com\/wp-content\/uploads\/2025\/10\/ses-creative-logo.jpg","width":2037,"height":2037,"caption":"SES Creative"},"image":{"@id":"https:\/\/ses-creative.com\/#\/schema\/logo\/image\/"}}]}},"_links":{"self":[{"href":"https:\/\/ses-creative.com\/fr\/wp-json\/wp\/v2\/product\/117974","targetHints":{"allow":["GET"]}}],"collection":[{"href":"https:\/\/ses-creative.com\/fr\/wp-json\/wp\/v2\/product"}],"about":[{"href":"https:\/\/ses-creative.com\/fr\/wp-json\/wp\/v2\/types\/product"}],"replies":[{"embeddable":true,"href":"https:\/\/ses-creative.com\/fr\/wp-json\/wp\/v2\/comments?post=117974"}],"wp:featuredmedia":[{"embeddable":true,"href":"https:\/\/ses-creative.com\/fr\/wp-json\/wp\/v2\/media\/96728"}],"wp:attachment":[{"href":"https:\/\/ses-creative.com\/fr\/wp-json\/wp\/v2\/media?parent=117974"}],"wp:term":[{"taxonomy":"product_brand","embeddable":true,"href":"https:\/\/ses-creative.com\/fr\/wp-json\/wp\/v2\/product_brand?post=117974"},{"taxonomy":"product_cat","embeddable":true,"href":"https:\/\/ses-creative.com\/fr\/wp-json\/wp\/v2\/product_cat?post=117974"},{"taxonomy":"product_tag","embeddable":true,"href":"https:\/\/ses-creative.com\/fr\/wp-json\/wp\/v2\/product_tag?post=117974"}],"curies":[{"name":"wp","href":"https:\/\/api.w.org\/{rel}","templated":true}]}}