











{"id":117973,"date":"2026-02-12T10:08:13","date_gmt":"2026-02-12T10:08:13","guid":{"rendered":"https:\/\/ses-creative.com\/?post_type=product&#038;p=117973"},"modified":"2026-02-12T10:22:13","modified_gmt":"2026-02-12T10:22:13","slug":"gouache-a-paillettes-6x45ml","status":"publish","type":"product","link":"https:\/\/ses-creative.com\/fr\/produit\/gouache-a-paillettes-6x45ml\/","title":{"rendered":"Gouache \u00e0 paillettes (6x45ml)"},"content":{"rendered":"<p>Faites briller l\u2019imagination de votre enfant avec le coffret de peinture paillet\u00e9e SES Creative. Con\u00e7u pour les artistes en herbe d\u00e8s 3 ans, ce set contient 6 pots de 45 ml remplis de couleurs \u00e9clatantes : rose, violet, jaune, rouge, vert et bleu. Ces peintures sont id\u00e9ales pour des cr\u00e9ations scintillantes sur des affiches, des d\u00e9corations ou des projets de bricolage. La texture brillante capte la lumi\u00e8re et ajoute une touche magique aux \u0153uvres des enfants. Facile \u00e0 utiliser et \u00e0 nettoyer, cette peinture lavable enfant est sans danger pour les textiles et adapt\u00e9e aux petites mains. Elle favorise la cr\u00e9ativit\u00e9 et la motricit\u00e9 tout en amusant. Les enfants peuvent exp\u00e9rimenter librement les m\u00e9langes, d\u00e9velopper leur expression artistique et apprendre \u00e0 manipuler la couleur de mani\u00e8re ludique et sensorielle. Ce kit peinture cr\u00e9atif est une excellente id\u00e9e cadeau artistique pour les enfants qui aiment colorier, d\u00e9corer et cr\u00e9er avec des textures amusantes et des paillettes color\u00e9es. Un loisir cr\u00e9atif complet qui transforme chaque s\u00e9ance de peinture en un moment ludique, magique et \u00e9panouissant, seul ou accompagn\u00e9 d\u2019un parent.<\/p>\n","protected":false},"excerpt":{"rendered":"<p>Faites briller l\u2019imagination de votre enfant avec le coffret de peinture paillet\u00e9e SES Creative. Con\u00e7u pour les artistes en herbe d\u00e8s 3 ans, ce set contient 6 pots de 45 ml remplis de couleurs \u00e9clatantes : rose, violet, jaune, rouge, vert et bleu. Ces peintures sont id\u00e9ales pour des cr\u00e9ations scintillantes sur des affiches, des [&hellip;]<\/p>\n","protected":false},"featured_media":96708,"comment_status":"closed","ping_status":"closed","template":"","meta":{"_acf_changed":false},"product_brand":[],"product_cat":[122],"product_tag":[],"class_list":{"0":"post-117973","1":"product","2":"type-product","3":"status-publish","4":"has-post-thumbnail","6":"product_cat-loisirs-creatifs","7":"pa_leeftijd-filter-3-4-ans","8":"pa_meest-populair-bij-garcons-filles","10":"first","11":"instock","12":"shipping-taxable","13":"product-type-simple"},"acf":[],"yoast_head":"<!-- This site is optimized with the Yoast SEO plugin v27.2 - https:\/\/yoast.com\/product\/yoast-seo-wordpress\/ -->\n<title>Gouache \u00e0 paillettes (6x45ml) - SES Creative<\/title>\n<meta name=\"robots\" content=\"index, follow, max-snippet:-1, max-image-preview:large, max-video-preview:-1\" \/>\n<link rel=\"canonical\" href=\"https:\/\/ses-creative.com\/fr\/produit\/gouache-a-paillettes-6x45ml\/\" \/>\n<meta property=\"og:locale\" content=\"fr_FR\" \/>\n<meta property=\"og:type\" content=\"article\" \/>\n<meta property=\"og:title\" content=\"Gouache \u00e0 paillettes (6x45ml) - SES Creative\" \/>\n<meta property=\"og:description\" content=\"Faites briller l\u2019imagination de votre enfant avec le coffret de peinture paillet\u00e9e SES Creative. Con\u00e7u pour les artistes en herbe d\u00e8s 3 ans, ce set contient 6 pots de 45 ml remplis de couleurs \u00e9clatantes : rose, violet, jaune, rouge, vert et bleu. Ces peintures sont id\u00e9ales pour des cr\u00e9ations scintillantes sur des affiches, des [&hellip;]\" \/>\n<meta property=\"og:url\" content=\"https:\/\/ses-creative.com\/fr\/produit\/gouache-a-paillettes-6x45ml\/\" \/>\n<meta property=\"og:site_name\" content=\"SES Creative\" \/>\n<meta property=\"article:modified_time\" content=\"2026-02-12T10:22:13+00:00\" \/>\n<meta name=\"twitter:card\" content=\"summary_large_image\" \/>\n<meta name=\"twitter:label1\" content=\"Dur\u00e9e de lecture estim\u00e9e\" \/>\n\t<meta name=\"twitter:data1\" content=\"1 minute\" \/>\n<script type=\"application\/ld+json\" class=\"yoast-schema-graph\">{\"@context\":\"https:\/\/schema.org\",\"@graph\":[{\"@type\":\"WebPage\",\"@id\":\"https:\/\/ses-creative.com\/fr\/produit\/gouache-a-paillettes-6x45ml\/\",\"url\":\"https:\/\/ses-creative.com\/fr\/produit\/gouache-a-paillettes-6x45ml\/\",\"name\":\"Gouache \u00e0 paillettes (6x45ml) - SES Creative\",\"isPartOf\":{\"@id\":\"https:\/\/ses-creative.com\/#website\"},\"primaryImageOfPage\":{\"@id\":\"https:\/\/ses-creative.com\/fr\/produit\/gouache-a-paillettes-6x45ml\/#primaryimage\"},\"image\":{\"@id\":\"https:\/\/ses-creative.com\/fr\/produit\/gouache-a-paillettes-6x45ml\/#primaryimage\"},\"thumbnailUrl\":\"https:\/\/ses-creative.com\/wp-content\/uploads\/2026\/01\/003841.jpg\",\"datePublished\":\"2026-02-12T10:08:13+00:00\",\"dateModified\":\"2026-02-12T10:22:13+00:00\",\"breadcrumb\":{\"@id\":\"https:\/\/ses-creative.com\/fr\/produit\/gouache-a-paillettes-6x45ml\/#breadcrumb\"},\"inLanguage\":\"fr-FR\",\"potentialAction\":[{\"@type\":\"ReadAction\",\"target\":[\"https:\/\/ses-creative.com\/fr\/produit\/gouache-a-paillettes-6x45ml\/\"]}]},{\"@type\":\"ImageObject\",\"inLanguage\":\"fr-FR\",\"@id\":\"https:\/\/ses-creative.com\/fr\/produit\/gouache-a-paillettes-6x45ml\/#primaryimage\",\"url\":\"https:\/\/ses-creative.com\/wp-content\/uploads\/2026\/01\/003841.jpg\",\"contentUrl\":\"https:\/\/ses-creative.com\/wp-content\/uploads\/2026\/01\/003841.jpg\",\"width\":1000,\"height\":1000},{\"@type\":\"BreadcrumbList\",\"@id\":\"https:\/\/ses-creative.com\/fr\/produit\/gouache-a-paillettes-6x45ml\/#breadcrumb\",\"itemListElement\":[{\"@type\":\"ListItem\",\"position\":1,\"name\":\"Boutique\",\"item\":\"https:\/\/ses-creative.com\/fr\/boutique\/\"},{\"@type\":\"ListItem\",\"position\":2,\"name\":\"Loisirs cr\u00e9atifs\",\"item\":\"https:\/\/ses-creative.com\/fr\/product-categorie\/loisirs-creatifs\/\"},{\"@type\":\"ListItem\",\"position\":3,\"name\":\"Gouache \u00e0 paillettes (6x45ml)\"}]},{\"@type\":\"WebSite\",\"@id\":\"https:\/\/ses-creative.com\/#website\",\"url\":\"https:\/\/ses-creative.com\/\",\"name\":\"SES Creative\",\"description\":\"\",\"publisher\":{\"@id\":\"https:\/\/ses-creative.com\/#organization\"},\"potentialAction\":[{\"@type\":\"SearchAction\",\"target\":{\"@type\":\"EntryPoint\",\"urlTemplate\":\"https:\/\/ses-creative.com\/?s={search_term_string}\"},\"query-input\":{\"@type\":\"PropertyValueSpecification\",\"valueRequired\":true,\"valueName\":\"search_term_string\"}}],\"inLanguage\":\"fr-FR\"},{\"@type\":\"Organization\",\"@id\":\"https:\/\/ses-creative.com\/#organization\",\"name\":\"SES Creative\",\"url\":\"https:\/\/ses-creative.com\/\",\"logo\":{\"@type\":\"ImageObject\",\"inLanguage\":\"fr-FR\",\"@id\":\"https:\/\/ses-creative.com\/#\/schema\/logo\/image\/\",\"url\":\"https:\/\/ses-creative.com\/wp-content\/uploads\/2025\/10\/ses-creative-logo.jpg\",\"contentUrl\":\"https:\/\/ses-creative.com\/wp-content\/uploads\/2025\/10\/ses-creative-logo.jpg\",\"width\":2037,\"height\":2037,\"caption\":\"SES Creative\"},\"image\":{\"@id\":\"https:\/\/ses-creative.com\/#\/schema\/logo\/image\/\"}}]}<\/script>\n<!-- \/ Yoast SEO plugin. -->","yoast_head_json":{"title":"Gouache \u00e0 paillettes (6x45ml) - SES Creative","robots":{"index":"index","follow":"follow","max-snippet":"max-snippet:-1","max-image-preview":"max-image-preview:large","max-video-preview":"max-video-preview:-1"},"canonical":"https:\/\/ses-creative.com\/fr\/produit\/gouache-a-paillettes-6x45ml\/","og_locale":"fr_FR","og_type":"article","og_title":"Gouache \u00e0 paillettes (6x45ml) - SES Creative","og_description":"Faites briller l\u2019imagination de votre enfant avec le coffret de peinture paillet\u00e9e SES Creative. Con\u00e7u pour les artistes en herbe d\u00e8s 3 ans, ce set contient 6 pots de 45 ml remplis de couleurs \u00e9clatantes : rose, violet, jaune, rouge, vert et bleu. Ces peintures sont id\u00e9ales pour des cr\u00e9ations scintillantes sur des affiches, des [&hellip;]","og_url":"https:\/\/ses-creative.com\/fr\/produit\/gouache-a-paillettes-6x45ml\/","og_site_name":"SES Creative","article_modified_time":"2026-02-12T10:22:13+00:00","twitter_card":"summary_large_image","twitter_misc":{"Dur\u00e9e de lecture estim\u00e9e":"1 minute"},"schema":{"@context":"https:\/\/schema.org","@graph":[{"@type":"WebPage","@id":"https:\/\/ses-creative.com\/fr\/produit\/gouache-a-paillettes-6x45ml\/","url":"https:\/\/ses-creative.com\/fr\/produit\/gouache-a-paillettes-6x45ml\/","name":"Gouache \u00e0 paillettes (6x45ml) - SES Creative","isPartOf":{"@id":"https:\/\/ses-creative.com\/#website"},"primaryImageOfPage":{"@id":"https:\/\/ses-creative.com\/fr\/produit\/gouache-a-paillettes-6x45ml\/#primaryimage"},"image":{"@id":"https:\/\/ses-creative.com\/fr\/produit\/gouache-a-paillettes-6x45ml\/#primaryimage"},"thumbnailUrl":"https:\/\/ses-creative.com\/wp-content\/uploads\/2026\/01\/003841.jpg","datePublished":"2026-02-12T10:08:13+00:00","dateModified":"2026-02-12T10:22:13+00:00","breadcrumb":{"@id":"https:\/\/ses-creative.com\/fr\/produit\/gouache-a-paillettes-6x45ml\/#breadcrumb"},"inLanguage":"fr-FR","potentialAction":[{"@type":"ReadAction","target":["https:\/\/ses-creative.com\/fr\/produit\/gouache-a-paillettes-6x45ml\/"]}]},{"@type":"ImageObject","inLanguage":"fr-FR","@id":"https:\/\/ses-creative.com\/fr\/produit\/gouache-a-paillettes-6x45ml\/#primaryimage","url":"https:\/\/ses-creative.com\/wp-content\/uploads\/2026\/01\/003841.jpg","contentUrl":"https:\/\/ses-creative.com\/wp-content\/uploads\/2026\/01\/003841.jpg","width":1000,"height":1000},{"@type":"BreadcrumbList","@id":"https:\/\/ses-creative.com\/fr\/produit\/gouache-a-paillettes-6x45ml\/#breadcrumb","itemListElement":[{"@type":"ListItem","position":1,"name":"Boutique","item":"https:\/\/ses-creative.com\/fr\/boutique\/"},{"@type":"ListItem","position":2,"name":"Loisirs cr\u00e9atifs","item":"https:\/\/ses-creative.com\/fr\/product-categorie\/loisirs-creatifs\/"},{"@type":"ListItem","position":3,"name":"Gouache \u00e0 paillettes (6x45ml)"}]},{"@type":"WebSite","@id":"https:\/\/ses-creative.com\/#website","url":"https:\/\/ses-creative.com\/","name":"SES Creative","description":"","publisher":{"@id":"https:\/\/ses-creative.com\/#organization"},"potentialAction":[{"@type":"SearchAction","target":{"@type":"EntryPoint","urlTemplate":"https:\/\/ses-creative.com\/?s={search_term_string}"},"query-input":{"@type":"PropertyValueSpecification","valueRequired":true,"valueName":"search_term_string"}}],"inLanguage":"fr-FR"},{"@type":"Organization","@id":"https:\/\/ses-creative.com\/#organization","name":"SES Creative","url":"https:\/\/ses-creative.com\/","logo":{"@type":"ImageObject","inLanguage":"fr-FR","@id":"https:\/\/ses-creative.com\/#\/schema\/logo\/image\/","url":"https:\/\/ses-creative.com\/wp-content\/uploads\/2025\/10\/ses-creative-logo.jpg","contentUrl":"https:\/\/ses-creative.com\/wp-content\/uploads\/2025\/10\/ses-creative-logo.jpg","width":2037,"height":2037,"caption":"SES Creative"},"image":{"@id":"https:\/\/ses-creative.com\/#\/schema\/logo\/image\/"}}]}},"_links":{"self":[{"href":"https:\/\/ses-creative.com\/fr\/wp-json\/wp\/v2\/product\/117973","targetHints":{"allow":["GET"]}}],"collection":[{"href":"https:\/\/ses-creative.com\/fr\/wp-json\/wp\/v2\/product"}],"about":[{"href":"https:\/\/ses-creative.com\/fr\/wp-json\/wp\/v2\/types\/product"}],"replies":[{"embeddable":true,"href":"https:\/\/ses-creative.com\/fr\/wp-json\/wp\/v2\/comments?post=117973"}],"wp:featuredmedia":[{"embeddable":true,"href":"https:\/\/ses-creative.com\/fr\/wp-json\/wp\/v2\/media\/96708"}],"wp:attachment":[{"href":"https:\/\/ses-creative.com\/fr\/wp-json\/wp\/v2\/media?parent=117973"}],"wp:term":[{"taxonomy":"product_brand","embeddable":true,"href":"https:\/\/ses-creative.com\/fr\/wp-json\/wp\/v2\/product_brand?post=117973"},{"taxonomy":"product_cat","embeddable":true,"href":"https:\/\/ses-creative.com\/fr\/wp-json\/wp\/v2\/product_cat?post=117973"},{"taxonomy":"product_tag","embeddable":true,"href":"https:\/\/ses-creative.com\/fr\/wp-json\/wp\/v2\/product_tag?post=117973"}],"curies":[{"name":"wp","href":"https:\/\/api.w.org\/{rel}","templated":true}]}}