











{"id":117972,"date":"2026-02-12T10:08:13","date_gmt":"2026-02-12T10:08:13","guid":{"rendered":"https:\/\/ses-creative.com\/?post_type=product&#038;p=117972"},"modified":"2026-02-12T10:22:12","modified_gmt":"2026-02-12T10:22:12","slug":"gouache-trendy-6x45ml","status":"publish","type":"product","link":"https:\/\/ses-creative.com\/fr\/produit\/gouache-trendy-6x45ml\/","title":{"rendered":"Gouache trendy (6x45ml)"},"content":{"rendered":"<p>Donnez vie \u00e0 vos \u0153uvres d&rsquo;art avec la peinture pour affiches Trendy !<br \/>\nAvec ce set de peinture pour loisirs cr\u00e9atifs tendance de SES Creative, vous pouvez laisser libre cours \u00e0 votre cr\u00e9ativit\u00e9. La peinture pour loisirs cr\u00e9atifs est connue pour ses couleurs vives et son excellent pouvoir couvrant, qui permettent de r\u00e9aliser de magnifiques \u0153uvres d&rsquo;art d&rsquo;aspect professionnel. Id\u00e9al pour les enfants qui aiment peindre et veulent donner vie \u00e0 leurs cr\u00e9ations avec les plus belles couleurs !<br \/>\nCaract\u00e9ristiques uniques :<br \/>\n&#8211;    Couleurs vives pour des \u0153uvres d&rsquo;art \u00e9clatantes<br \/>\n&#8211;    Bonne finition avec une couverture suppl\u00e9mentaire<br \/>\n&#8211;    Parfait pour diff\u00e9rentes techniques de peinture<br \/>\n&#8211;    Facile \u00e0 m\u00e9langer pour encore plus de couleurs<br \/>\n&#8211;    Convient aux enfants \u00e0 partir de 3 ans<br \/>\nD\u00e9couvrez le plaisir de peindre avec des couleurs tendance<br \/>\nAvec cette peinture gouache, les enfants peuvent donner vie \u00e0 leurs \u0153uvres d&rsquo;art avec les couleurs les plus tendance. La peinture est facile \u00e0 appliquer et offre une excellente couverture, pour un r\u00e9sultat professionnel. Ce kit est id\u00e9al pour les parents qui souhaitent faire profiter leurs enfants d&rsquo;une activit\u00e9 cr\u00e9ative et ludique. Il offre un excellent moyen d&rsquo;exp\u00e9rimenter les couleurs et les techniques, tout en stimulant le d\u00e9veloppement artistique de votre enfant.<br \/>\nContenu de l&#8217;emballage :<br \/>\n&#8211;    6 couleurs tendance diff\u00e9rentes de peinture \u00e0 l&rsquo;eau dans des pots de 45 ml<br \/>\n&#8211;    Dans les couleurs violet, vert clair, jaune, bleu clair, rose et orange<br \/>\nPourquoi choisir SES Creative ?<br \/>\nChez SES Creative, nous accordons une grande importance \u00e0 la s\u00e9curit\u00e9. C&rsquo;est pourquoi nos produits sont fabriqu\u00e9s et test\u00e9s dans notre usine aux Pays-Bas, conform\u00e9ment aux normes de s\u00e9curit\u00e9 europ\u00e9ennes les plus strictes. Les jouets SES Creative sont source de plaisir et permettent aux enfants d&rsquo;\u00eatre fiers de leur travail, ce qui stimule leur cr\u00e9ativit\u00e9 et leur d\u00e9veloppement.<br \/>\nCommencez \u00e0 peindre d\u00e8s aujourd&rsquo;hui<br \/>\nD\u00e9couvrez le plaisir de la peinture avec ce kit de peinture \u00e0 l&rsquo;eau tendance et cr\u00e9ez de magnifiques \u0153uvres d&rsquo;art. Parfait pour des heures de plaisir cr\u00e9atif !<\/p>\n","protected":false},"excerpt":{"rendered":"<p>Donnez vie \u00e0 vos \u0153uvres d&rsquo;art avec la peinture pour affiches Trendy ! Avec ce set de peinture pour loisirs cr\u00e9atifs tendance de SES Creative, vous pouvez laisser libre cours \u00e0 votre cr\u00e9ativit\u00e9. La peinture pour loisirs cr\u00e9atifs est connue pour ses couleurs vives et son excellent pouvoir couvrant, qui permettent de r\u00e9aliser de magnifiques [&hellip;]<\/p>\n","protected":false},"featured_media":96672,"comment_status":"closed","ping_status":"closed","template":"","meta":{"_acf_changed":false},"product_brand":[],"product_cat":[122],"product_tag":[],"class_list":{"0":"post-117972","1":"product","2":"type-product","3":"status-publish","4":"has-post-thumbnail","6":"product_cat-loisirs-creatifs","7":"pa_leeftijd-filter-3-4-ans","8":"pa_meest-populair-bij-garcons-filles","10":"first","11":"instock","12":"shipping-taxable","13":"product-type-simple"},"acf":[],"yoast_head":"<!-- This site is optimized with the Yoast SEO plugin v27.2 - https:\/\/yoast.com\/product\/yoast-seo-wordpress\/ -->\n<title>Gouache trendy (6x45ml) - SES Creative<\/title>\n<meta name=\"robots\" content=\"index, follow, max-snippet:-1, max-image-preview:large, max-video-preview:-1\" \/>\n<link rel=\"canonical\" href=\"https:\/\/ses-creative.com\/fr\/produit\/gouache-trendy-6x45ml\/\" \/>\n<meta property=\"og:locale\" content=\"fr_FR\" \/>\n<meta property=\"og:type\" content=\"article\" \/>\n<meta property=\"og:title\" content=\"Gouache trendy (6x45ml) - SES Creative\" \/>\n<meta property=\"og:description\" content=\"Donnez vie \u00e0 vos \u0153uvres d&rsquo;art avec la peinture pour affiches Trendy ! Avec ce set de peinture pour loisirs cr\u00e9atifs tendance de SES Creative, vous pouvez laisser libre cours \u00e0 votre cr\u00e9ativit\u00e9. La peinture pour loisirs cr\u00e9atifs est connue pour ses couleurs vives et son excellent pouvoir couvrant, qui permettent de r\u00e9aliser de magnifiques [&hellip;]\" \/>\n<meta property=\"og:url\" content=\"https:\/\/ses-creative.com\/fr\/produit\/gouache-trendy-6x45ml\/\" \/>\n<meta property=\"og:site_name\" content=\"SES Creative\" \/>\n<meta property=\"article:modified_time\" content=\"2026-02-12T10:22:12+00:00\" \/>\n<meta name=\"twitter:card\" content=\"summary_large_image\" \/>\n<meta name=\"twitter:label1\" content=\"Dur\u00e9e de lecture estim\u00e9e\" \/>\n\t<meta name=\"twitter:data1\" content=\"2 minutes\" \/>\n<script type=\"application\/ld+json\" class=\"yoast-schema-graph\">{\"@context\":\"https:\/\/schema.org\",\"@graph\":[{\"@type\":\"WebPage\",\"@id\":\"https:\/\/ses-creative.com\/fr\/produit\/gouache-trendy-6x45ml\/\",\"url\":\"https:\/\/ses-creative.com\/fr\/produit\/gouache-trendy-6x45ml\/\",\"name\":\"Gouache trendy (6x45ml) - SES Creative\",\"isPartOf\":{\"@id\":\"https:\/\/ses-creative.com\/#website\"},\"primaryImageOfPage\":{\"@id\":\"https:\/\/ses-creative.com\/fr\/produit\/gouache-trendy-6x45ml\/#primaryimage\"},\"image\":{\"@id\":\"https:\/\/ses-creative.com\/fr\/produit\/gouache-trendy-6x45ml\/#primaryimage\"},\"thumbnailUrl\":\"https:\/\/ses-creative.com\/wp-content\/uploads\/2026\/01\/003821.jpg\",\"datePublished\":\"2026-02-12T10:08:13+00:00\",\"dateModified\":\"2026-02-12T10:22:12+00:00\",\"breadcrumb\":{\"@id\":\"https:\/\/ses-creative.com\/fr\/produit\/gouache-trendy-6x45ml\/#breadcrumb\"},\"inLanguage\":\"fr-FR\",\"potentialAction\":[{\"@type\":\"ReadAction\",\"target\":[\"https:\/\/ses-creative.com\/fr\/produit\/gouache-trendy-6x45ml\/\"]}]},{\"@type\":\"ImageObject\",\"inLanguage\":\"fr-FR\",\"@id\":\"https:\/\/ses-creative.com\/fr\/produit\/gouache-trendy-6x45ml\/#primaryimage\",\"url\":\"https:\/\/ses-creative.com\/wp-content\/uploads\/2026\/01\/003821.jpg\",\"contentUrl\":\"https:\/\/ses-creative.com\/wp-content\/uploads\/2026\/01\/003821.jpg\",\"width\":1000,\"height\":1000},{\"@type\":\"BreadcrumbList\",\"@id\":\"https:\/\/ses-creative.com\/fr\/produit\/gouache-trendy-6x45ml\/#breadcrumb\",\"itemListElement\":[{\"@type\":\"ListItem\",\"position\":1,\"name\":\"Boutique\",\"item\":\"https:\/\/ses-creative.com\/fr\/boutique\/\"},{\"@type\":\"ListItem\",\"position\":2,\"name\":\"Loisirs cr\u00e9atifs\",\"item\":\"https:\/\/ses-creative.com\/fr\/product-categorie\/loisirs-creatifs\/\"},{\"@type\":\"ListItem\",\"position\":3,\"name\":\"Gouache trendy (6x45ml)\"}]},{\"@type\":\"WebSite\",\"@id\":\"https:\/\/ses-creative.com\/#website\",\"url\":\"https:\/\/ses-creative.com\/\",\"name\":\"SES Creative\",\"description\":\"\",\"publisher\":{\"@id\":\"https:\/\/ses-creative.com\/#organization\"},\"potentialAction\":[{\"@type\":\"SearchAction\",\"target\":{\"@type\":\"EntryPoint\",\"urlTemplate\":\"https:\/\/ses-creative.com\/?s={search_term_string}\"},\"query-input\":{\"@type\":\"PropertyValueSpecification\",\"valueRequired\":true,\"valueName\":\"search_term_string\"}}],\"inLanguage\":\"fr-FR\"},{\"@type\":\"Organization\",\"@id\":\"https:\/\/ses-creative.com\/#organization\",\"name\":\"SES Creative\",\"url\":\"https:\/\/ses-creative.com\/\",\"logo\":{\"@type\":\"ImageObject\",\"inLanguage\":\"fr-FR\",\"@id\":\"https:\/\/ses-creative.com\/#\/schema\/logo\/image\/\",\"url\":\"https:\/\/ses-creative.com\/wp-content\/uploads\/2025\/10\/ses-creative-logo.jpg\",\"contentUrl\":\"https:\/\/ses-creative.com\/wp-content\/uploads\/2025\/10\/ses-creative-logo.jpg\",\"width\":2037,\"height\":2037,\"caption\":\"SES Creative\"},\"image\":{\"@id\":\"https:\/\/ses-creative.com\/#\/schema\/logo\/image\/\"}}]}<\/script>\n<!-- \/ Yoast SEO plugin. -->","yoast_head_json":{"title":"Gouache trendy (6x45ml) - SES Creative","robots":{"index":"index","follow":"follow","max-snippet":"max-snippet:-1","max-image-preview":"max-image-preview:large","max-video-preview":"max-video-preview:-1"},"canonical":"https:\/\/ses-creative.com\/fr\/produit\/gouache-trendy-6x45ml\/","og_locale":"fr_FR","og_type":"article","og_title":"Gouache trendy (6x45ml) - SES Creative","og_description":"Donnez vie \u00e0 vos \u0153uvres d&rsquo;art avec la peinture pour affiches Trendy ! Avec ce set de peinture pour loisirs cr\u00e9atifs tendance de SES Creative, vous pouvez laisser libre cours \u00e0 votre cr\u00e9ativit\u00e9. La peinture pour loisirs cr\u00e9atifs est connue pour ses couleurs vives et son excellent pouvoir couvrant, qui permettent de r\u00e9aliser de magnifiques [&hellip;]","og_url":"https:\/\/ses-creative.com\/fr\/produit\/gouache-trendy-6x45ml\/","og_site_name":"SES Creative","article_modified_time":"2026-02-12T10:22:12+00:00","twitter_card":"summary_large_image","twitter_misc":{"Dur\u00e9e de lecture estim\u00e9e":"2 minutes"},"schema":{"@context":"https:\/\/schema.org","@graph":[{"@type":"WebPage","@id":"https:\/\/ses-creative.com\/fr\/produit\/gouache-trendy-6x45ml\/","url":"https:\/\/ses-creative.com\/fr\/produit\/gouache-trendy-6x45ml\/","name":"Gouache trendy (6x45ml) - SES Creative","isPartOf":{"@id":"https:\/\/ses-creative.com\/#website"},"primaryImageOfPage":{"@id":"https:\/\/ses-creative.com\/fr\/produit\/gouache-trendy-6x45ml\/#primaryimage"},"image":{"@id":"https:\/\/ses-creative.com\/fr\/produit\/gouache-trendy-6x45ml\/#primaryimage"},"thumbnailUrl":"https:\/\/ses-creative.com\/wp-content\/uploads\/2026\/01\/003821.jpg","datePublished":"2026-02-12T10:08:13+00:00","dateModified":"2026-02-12T10:22:12+00:00","breadcrumb":{"@id":"https:\/\/ses-creative.com\/fr\/produit\/gouache-trendy-6x45ml\/#breadcrumb"},"inLanguage":"fr-FR","potentialAction":[{"@type":"ReadAction","target":["https:\/\/ses-creative.com\/fr\/produit\/gouache-trendy-6x45ml\/"]}]},{"@type":"ImageObject","inLanguage":"fr-FR","@id":"https:\/\/ses-creative.com\/fr\/produit\/gouache-trendy-6x45ml\/#primaryimage","url":"https:\/\/ses-creative.com\/wp-content\/uploads\/2026\/01\/003821.jpg","contentUrl":"https:\/\/ses-creative.com\/wp-content\/uploads\/2026\/01\/003821.jpg","width":1000,"height":1000},{"@type":"BreadcrumbList","@id":"https:\/\/ses-creative.com\/fr\/produit\/gouache-trendy-6x45ml\/#breadcrumb","itemListElement":[{"@type":"ListItem","position":1,"name":"Boutique","item":"https:\/\/ses-creative.com\/fr\/boutique\/"},{"@type":"ListItem","position":2,"name":"Loisirs cr\u00e9atifs","item":"https:\/\/ses-creative.com\/fr\/product-categorie\/loisirs-creatifs\/"},{"@type":"ListItem","position":3,"name":"Gouache trendy (6x45ml)"}]},{"@type":"WebSite","@id":"https:\/\/ses-creative.com\/#website","url":"https:\/\/ses-creative.com\/","name":"SES Creative","description":"","publisher":{"@id":"https:\/\/ses-creative.com\/#organization"},"potentialAction":[{"@type":"SearchAction","target":{"@type":"EntryPoint","urlTemplate":"https:\/\/ses-creative.com\/?s={search_term_string}"},"query-input":{"@type":"PropertyValueSpecification","valueRequired":true,"valueName":"search_term_string"}}],"inLanguage":"fr-FR"},{"@type":"Organization","@id":"https:\/\/ses-creative.com\/#organization","name":"SES Creative","url":"https:\/\/ses-creative.com\/","logo":{"@type":"ImageObject","inLanguage":"fr-FR","@id":"https:\/\/ses-creative.com\/#\/schema\/logo\/image\/","url":"https:\/\/ses-creative.com\/wp-content\/uploads\/2025\/10\/ses-creative-logo.jpg","contentUrl":"https:\/\/ses-creative.com\/wp-content\/uploads\/2025\/10\/ses-creative-logo.jpg","width":2037,"height":2037,"caption":"SES Creative"},"image":{"@id":"https:\/\/ses-creative.com\/#\/schema\/logo\/image\/"}}]}},"_links":{"self":[{"href":"https:\/\/ses-creative.com\/fr\/wp-json\/wp\/v2\/product\/117972","targetHints":{"allow":["GET"]}}],"collection":[{"href":"https:\/\/ses-creative.com\/fr\/wp-json\/wp\/v2\/product"}],"about":[{"href":"https:\/\/ses-creative.com\/fr\/wp-json\/wp\/v2\/types\/product"}],"replies":[{"embeddable":true,"href":"https:\/\/ses-creative.com\/fr\/wp-json\/wp\/v2\/comments?post=117972"}],"wp:featuredmedia":[{"embeddable":true,"href":"https:\/\/ses-creative.com\/fr\/wp-json\/wp\/v2\/media\/96672"}],"wp:attachment":[{"href":"https:\/\/ses-creative.com\/fr\/wp-json\/wp\/v2\/media?parent=117972"}],"wp:term":[{"taxonomy":"product_brand","embeddable":true,"href":"https:\/\/ses-creative.com\/fr\/wp-json\/wp\/v2\/product_brand?post=117972"},{"taxonomy":"product_cat","embeddable":true,"href":"https:\/\/ses-creative.com\/fr\/wp-json\/wp\/v2\/product_cat?post=117972"},{"taxonomy":"product_tag","embeddable":true,"href":"https:\/\/ses-creative.com\/fr\/wp-json\/wp\/v2\/product_tag?post=117972"}],"curies":[{"name":"wp","href":"https:\/\/api.w.org\/{rel}","templated":true}]}}