











{"id":117971,"date":"2026-02-12T10:08:13","date_gmt":"2026-02-12T10:08:13","guid":{"rendered":"https:\/\/ses-creative.com\/?post_type=product&#038;p=117971"},"modified":"2026-02-12T10:22:12","modified_gmt":"2026-02-12T10:22:12","slug":"gouache-6x45ml","status":"publish","type":"product","link":"https:\/\/ses-creative.com\/fr\/produit\/gouache-6x45ml\/","title":{"rendered":"Gouache (6x45ml)"},"content":{"rendered":"<p>Cr\u00e9ez les plus belles \u0153uvres d&rsquo;art avec la peinture \u00e0 l&rsquo;eau !<br \/>\nLa peinture SES Creative est r\u00e9put\u00e9e pour ses couleurs vives et son excellent pouvoir couvrant. Ce set contient six pots de peinture pour loisirs cr\u00e9atifs de diff\u00e9rentes couleurs, qui vous permettront de peindre \u00e0 l&rsquo;infini. Que vous souhaitiez cr\u00e9er un chef-d&rsquo;\u0153uvre sur papier ou peindre un objet en bois, cette peinture pour loisirs cr\u00e9atifs vous permettra de r\u00e9aliser de magnifiques cr\u00e9ations. Avec les 6 couleurs de base, vous pouvez tout faire. Parfait pour les jeunes artistes qui aiment peindre !<br \/>\nCaract\u00e9ristiques uniques :<br \/>\n&#8211;    Couleurs vives<br \/>\n&#8211;    Bonne finition et peinture tr\u00e8s couvrante<br \/>\n&#8211; Stimule la cr\u00e9ativit\u00e9 et la motricit\u00e9 fine<br \/>\n&#8211;    Convient aux enfants \u00e0 partir de 3 ans<br \/>\n&#8211;    La peinture \u00e0 l&rsquo;eau s&rsquo;enl\u00e8ve facilement, aussi bien des v\u00eatements que de la peau<br \/>\nCr\u00e9ez vos propres \u0153uvres d&rsquo;art color\u00e9es<br \/>\nAvec ce kit, les enfants peuvent laisser libre cours \u00e0 leur cr\u00e9ativit\u00e9 et r\u00e9aliser les plus belles peintures. La peinture en plaque est facile \u00e0 appliquer et offre une finition lisse et couvrante. Une excellente fa\u00e7on d&rsquo;\u00eatre cr\u00e9atif et d&rsquo;\u00eatre fier de ses propres \u0153uvres d&rsquo;art.<br \/>\nCe kit est id\u00e9al pour les parents qui souhaitent faire profiter leurs enfants d&rsquo;une activit\u00e9 cr\u00e9ative et ludique. Il offre une fa\u00e7on amusante de jouer et d&rsquo;apprendre, tout en stimulant l&rsquo;imagination et la motricit\u00e9 fine de votre enfant.<br \/>\nContenu de l&#8217;emballage :<br \/>\n&#8211;    6 couleurs diff\u00e9rentes de peinture acrylique en pots de 45 ml<br \/>\n&#8211;    Dans les couleurs bleu, rouge, vert, jaune, blanc et noir<br \/>\nPourquoi choisir SES Creative ?<br \/>\nChez SES Creative, nous accordons une grande importance \u00e0 la s\u00e9curit\u00e9. C&rsquo;est pourquoi nos produits sont fabriqu\u00e9s et test\u00e9s dans notre usine aux Pays-Bas, conform\u00e9ment aux normes de s\u00e9curit\u00e9 europ\u00e9ennes les plus strictes. Les jouets SES Creative sont source de plaisir et permettent aux enfants d&rsquo;\u00eatre fiers de leur travail, ce qui stimule leur cr\u00e9ativit\u00e9 et leur d\u00e9veloppement.<br \/>\nCommencez d\u00e8s aujourd&rsquo;hui \u00e0 cr\u00e9er de magnifiques peintures<br \/>\nD\u00e9couvrez le plaisir de la peinture et cr\u00e9ez les plus belles \u0153uvres d&rsquo;art avec ce set de gouaches. Parfait pour des heures de plaisir cr\u00e9atif !<\/p>\n","protected":false},"excerpt":{"rendered":"<p>Cr\u00e9ez les plus belles \u0153uvres d&rsquo;art avec la peinture \u00e0 l&rsquo;eau ! La peinture SES Creative est r\u00e9put\u00e9e pour ses couleurs vives et son excellent pouvoir couvrant. Ce set contient six pots de peinture pour loisirs cr\u00e9atifs de diff\u00e9rentes couleurs, qui vous permettront de peindre \u00e0 l&rsquo;infini. Que vous souhaitiez cr\u00e9er un chef-d&rsquo;\u0153uvre sur papier [&hellip;]<\/p>\n","protected":false},"featured_media":96632,"comment_status":"closed","ping_status":"closed","template":"","meta":{"_acf_changed":false},"product_brand":[],"product_cat":[122],"product_tag":[],"class_list":{"0":"post-117971","1":"product","2":"type-product","3":"status-publish","4":"has-post-thumbnail","6":"product_cat-loisirs-creatifs","7":"pa_leeftijd-filter-3-4-ans","8":"pa_meest-populair-bij-garcons-filles","10":"first","11":"instock","12":"shipping-taxable","13":"product-type-simple"},"acf":[],"yoast_head":"<!-- This site is optimized with the Yoast SEO plugin v27.2 - https:\/\/yoast.com\/product\/yoast-seo-wordpress\/ -->\n<title>Gouache (6x45ml) - SES Creative<\/title>\n<meta name=\"robots\" content=\"index, follow, max-snippet:-1, max-image-preview:large, max-video-preview:-1\" \/>\n<link rel=\"canonical\" href=\"https:\/\/ses-creative.com\/fr\/produit\/gouache-6x45ml\/\" \/>\n<meta property=\"og:locale\" content=\"fr_FR\" \/>\n<meta property=\"og:type\" content=\"article\" \/>\n<meta property=\"og:title\" content=\"Gouache (6x45ml) - SES Creative\" \/>\n<meta property=\"og:description\" content=\"Cr\u00e9ez les plus belles \u0153uvres d&rsquo;art avec la peinture \u00e0 l&rsquo;eau ! La peinture SES Creative est r\u00e9put\u00e9e pour ses couleurs vives et son excellent pouvoir couvrant. Ce set contient six pots de peinture pour loisirs cr\u00e9atifs de diff\u00e9rentes couleurs, qui vous permettront de peindre \u00e0 l&rsquo;infini. Que vous souhaitiez cr\u00e9er un chef-d&rsquo;\u0153uvre sur papier [&hellip;]\" \/>\n<meta property=\"og:url\" content=\"https:\/\/ses-creative.com\/fr\/produit\/gouache-6x45ml\/\" \/>\n<meta property=\"og:site_name\" content=\"SES Creative\" \/>\n<meta property=\"article:modified_time\" content=\"2026-02-12T10:22:12+00:00\" \/>\n<meta name=\"twitter:card\" content=\"summary_large_image\" \/>\n<meta name=\"twitter:label1\" content=\"Dur\u00e9e de lecture estim\u00e9e\" \/>\n\t<meta name=\"twitter:data1\" content=\"2 minutes\" \/>\n<script type=\"application\/ld+json\" class=\"yoast-schema-graph\">{\"@context\":\"https:\/\/schema.org\",\"@graph\":[{\"@type\":\"WebPage\",\"@id\":\"https:\/\/ses-creative.com\/fr\/produit\/gouache-6x45ml\/\",\"url\":\"https:\/\/ses-creative.com\/fr\/produit\/gouache-6x45ml\/\",\"name\":\"Gouache (6x45ml) - SES Creative\",\"isPartOf\":{\"@id\":\"https:\/\/ses-creative.com\/#website\"},\"primaryImageOfPage\":{\"@id\":\"https:\/\/ses-creative.com\/fr\/produit\/gouache-6x45ml\/#primaryimage\"},\"image\":{\"@id\":\"https:\/\/ses-creative.com\/fr\/produit\/gouache-6x45ml\/#primaryimage\"},\"thumbnailUrl\":\"https:\/\/ses-creative.com\/wp-content\/uploads\/2026\/01\/003811.jpg\",\"datePublished\":\"2026-02-12T10:08:13+00:00\",\"dateModified\":\"2026-02-12T10:22:12+00:00\",\"breadcrumb\":{\"@id\":\"https:\/\/ses-creative.com\/fr\/produit\/gouache-6x45ml\/#breadcrumb\"},\"inLanguage\":\"fr-FR\",\"potentialAction\":[{\"@type\":\"ReadAction\",\"target\":[\"https:\/\/ses-creative.com\/fr\/produit\/gouache-6x45ml\/\"]}]},{\"@type\":\"ImageObject\",\"inLanguage\":\"fr-FR\",\"@id\":\"https:\/\/ses-creative.com\/fr\/produit\/gouache-6x45ml\/#primaryimage\",\"url\":\"https:\/\/ses-creative.com\/wp-content\/uploads\/2026\/01\/003811.jpg\",\"contentUrl\":\"https:\/\/ses-creative.com\/wp-content\/uploads\/2026\/01\/003811.jpg\",\"width\":1000,\"height\":1000},{\"@type\":\"BreadcrumbList\",\"@id\":\"https:\/\/ses-creative.com\/fr\/produit\/gouache-6x45ml\/#breadcrumb\",\"itemListElement\":[{\"@type\":\"ListItem\",\"position\":1,\"name\":\"Boutique\",\"item\":\"https:\/\/ses-creative.com\/fr\/boutique\/\"},{\"@type\":\"ListItem\",\"position\":2,\"name\":\"Loisirs cr\u00e9atifs\",\"item\":\"https:\/\/ses-creative.com\/fr\/product-categorie\/loisirs-creatifs\/\"},{\"@type\":\"ListItem\",\"position\":3,\"name\":\"Gouache (6x45ml)\"}]},{\"@type\":\"WebSite\",\"@id\":\"https:\/\/ses-creative.com\/#website\",\"url\":\"https:\/\/ses-creative.com\/\",\"name\":\"SES Creative\",\"description\":\"\",\"publisher\":{\"@id\":\"https:\/\/ses-creative.com\/#organization\"},\"potentialAction\":[{\"@type\":\"SearchAction\",\"target\":{\"@type\":\"EntryPoint\",\"urlTemplate\":\"https:\/\/ses-creative.com\/?s={search_term_string}\"},\"query-input\":{\"@type\":\"PropertyValueSpecification\",\"valueRequired\":true,\"valueName\":\"search_term_string\"}}],\"inLanguage\":\"fr-FR\"},{\"@type\":\"Organization\",\"@id\":\"https:\/\/ses-creative.com\/#organization\",\"name\":\"SES Creative\",\"url\":\"https:\/\/ses-creative.com\/\",\"logo\":{\"@type\":\"ImageObject\",\"inLanguage\":\"fr-FR\",\"@id\":\"https:\/\/ses-creative.com\/#\/schema\/logo\/image\/\",\"url\":\"https:\/\/ses-creative.com\/wp-content\/uploads\/2025\/10\/ses-creative-logo.jpg\",\"contentUrl\":\"https:\/\/ses-creative.com\/wp-content\/uploads\/2025\/10\/ses-creative-logo.jpg\",\"width\":2037,\"height\":2037,\"caption\":\"SES Creative\"},\"image\":{\"@id\":\"https:\/\/ses-creative.com\/#\/schema\/logo\/image\/\"}}]}<\/script>\n<!-- \/ Yoast SEO plugin. -->","yoast_head_json":{"title":"Gouache (6x45ml) - SES Creative","robots":{"index":"index","follow":"follow","max-snippet":"max-snippet:-1","max-image-preview":"max-image-preview:large","max-video-preview":"max-video-preview:-1"},"canonical":"https:\/\/ses-creative.com\/fr\/produit\/gouache-6x45ml\/","og_locale":"fr_FR","og_type":"article","og_title":"Gouache (6x45ml) - SES Creative","og_description":"Cr\u00e9ez les plus belles \u0153uvres d&rsquo;art avec la peinture \u00e0 l&rsquo;eau ! La peinture SES Creative est r\u00e9put\u00e9e pour ses couleurs vives et son excellent pouvoir couvrant. Ce set contient six pots de peinture pour loisirs cr\u00e9atifs de diff\u00e9rentes couleurs, qui vous permettront de peindre \u00e0 l&rsquo;infini. Que vous souhaitiez cr\u00e9er un chef-d&rsquo;\u0153uvre sur papier [&hellip;]","og_url":"https:\/\/ses-creative.com\/fr\/produit\/gouache-6x45ml\/","og_site_name":"SES Creative","article_modified_time":"2026-02-12T10:22:12+00:00","twitter_card":"summary_large_image","twitter_misc":{"Dur\u00e9e de lecture estim\u00e9e":"2 minutes"},"schema":{"@context":"https:\/\/schema.org","@graph":[{"@type":"WebPage","@id":"https:\/\/ses-creative.com\/fr\/produit\/gouache-6x45ml\/","url":"https:\/\/ses-creative.com\/fr\/produit\/gouache-6x45ml\/","name":"Gouache (6x45ml) - SES Creative","isPartOf":{"@id":"https:\/\/ses-creative.com\/#website"},"primaryImageOfPage":{"@id":"https:\/\/ses-creative.com\/fr\/produit\/gouache-6x45ml\/#primaryimage"},"image":{"@id":"https:\/\/ses-creative.com\/fr\/produit\/gouache-6x45ml\/#primaryimage"},"thumbnailUrl":"https:\/\/ses-creative.com\/wp-content\/uploads\/2026\/01\/003811.jpg","datePublished":"2026-02-12T10:08:13+00:00","dateModified":"2026-02-12T10:22:12+00:00","breadcrumb":{"@id":"https:\/\/ses-creative.com\/fr\/produit\/gouache-6x45ml\/#breadcrumb"},"inLanguage":"fr-FR","potentialAction":[{"@type":"ReadAction","target":["https:\/\/ses-creative.com\/fr\/produit\/gouache-6x45ml\/"]}]},{"@type":"ImageObject","inLanguage":"fr-FR","@id":"https:\/\/ses-creative.com\/fr\/produit\/gouache-6x45ml\/#primaryimage","url":"https:\/\/ses-creative.com\/wp-content\/uploads\/2026\/01\/003811.jpg","contentUrl":"https:\/\/ses-creative.com\/wp-content\/uploads\/2026\/01\/003811.jpg","width":1000,"height":1000},{"@type":"BreadcrumbList","@id":"https:\/\/ses-creative.com\/fr\/produit\/gouache-6x45ml\/#breadcrumb","itemListElement":[{"@type":"ListItem","position":1,"name":"Boutique","item":"https:\/\/ses-creative.com\/fr\/boutique\/"},{"@type":"ListItem","position":2,"name":"Loisirs cr\u00e9atifs","item":"https:\/\/ses-creative.com\/fr\/product-categorie\/loisirs-creatifs\/"},{"@type":"ListItem","position":3,"name":"Gouache (6x45ml)"}]},{"@type":"WebSite","@id":"https:\/\/ses-creative.com\/#website","url":"https:\/\/ses-creative.com\/","name":"SES Creative","description":"","publisher":{"@id":"https:\/\/ses-creative.com\/#organization"},"potentialAction":[{"@type":"SearchAction","target":{"@type":"EntryPoint","urlTemplate":"https:\/\/ses-creative.com\/?s={search_term_string}"},"query-input":{"@type":"PropertyValueSpecification","valueRequired":true,"valueName":"search_term_string"}}],"inLanguage":"fr-FR"},{"@type":"Organization","@id":"https:\/\/ses-creative.com\/#organization","name":"SES Creative","url":"https:\/\/ses-creative.com\/","logo":{"@type":"ImageObject","inLanguage":"fr-FR","@id":"https:\/\/ses-creative.com\/#\/schema\/logo\/image\/","url":"https:\/\/ses-creative.com\/wp-content\/uploads\/2025\/10\/ses-creative-logo.jpg","contentUrl":"https:\/\/ses-creative.com\/wp-content\/uploads\/2025\/10\/ses-creative-logo.jpg","width":2037,"height":2037,"caption":"SES Creative"},"image":{"@id":"https:\/\/ses-creative.com\/#\/schema\/logo\/image\/"}}]}},"_links":{"self":[{"href":"https:\/\/ses-creative.com\/fr\/wp-json\/wp\/v2\/product\/117971","targetHints":{"allow":["GET"]}}],"collection":[{"href":"https:\/\/ses-creative.com\/fr\/wp-json\/wp\/v2\/product"}],"about":[{"href":"https:\/\/ses-creative.com\/fr\/wp-json\/wp\/v2\/types\/product"}],"replies":[{"embeddable":true,"href":"https:\/\/ses-creative.com\/fr\/wp-json\/wp\/v2\/comments?post=117971"}],"wp:featuredmedia":[{"embeddable":true,"href":"https:\/\/ses-creative.com\/fr\/wp-json\/wp\/v2\/media\/96632"}],"wp:attachment":[{"href":"https:\/\/ses-creative.com\/fr\/wp-json\/wp\/v2\/media?parent=117971"}],"wp:term":[{"taxonomy":"product_brand","embeddable":true,"href":"https:\/\/ses-creative.com\/fr\/wp-json\/wp\/v2\/product_brand?post=117971"},{"taxonomy":"product_cat","embeddable":true,"href":"https:\/\/ses-creative.com\/fr\/wp-json\/wp\/v2\/product_cat?post=117971"},{"taxonomy":"product_tag","embeddable":true,"href":"https:\/\/ses-creative.com\/fr\/wp-json\/wp\/v2\/product_tag?post=117971"}],"curies":[{"name":"wp","href":"https:\/\/api.w.org\/{rel}","templated":true}]}}