











{"id":117970,"date":"2026-02-12T10:08:13","date_gmt":"2026-02-12T10:08:13","guid":{"rendered":"https:\/\/ses-creative.com\/?post_type=product&#038;p=117970"},"modified":"2026-02-12T10:22:12","modified_gmt":"2026-02-12T10:22:12","slug":"peinture-au-doigt-6-couleurs-x-110ml","status":"publish","type":"product","link":"https:\/\/ses-creative.com\/fr\/produit\/peinture-au-doigt-6-couleurs-x-110ml\/","title":{"rendered":"Peinture au doigt 6 couleurs  x 110ml"},"content":{"rendered":"<p>Laissez libre cours \u00e0 votre cr\u00e9ativit\u00e9 avec la peinture au doigt !<br \/>\nLa peinture au doigt permet aux enfants de laisser libre cours \u00e0 leur imagination. Le set contient pas moins de 6 couleurs vives de peinture au doigt, avec lesquelles les jeunes artistes peuvent cr\u00e9er les plus belles \u0153uvres d&rsquo;art. La peinture est s\u00fbre, sans gluten et facilement lavable, afin que les enfants puissent jouer et exp\u00e9rimenter les couleurs en toute tranquillit\u00e9.<br \/>\nPourquoi choisir ce kit ?<br \/>\n&#8211;    Peinture au doigt sans danger, sp\u00e9cialement con\u00e7ue pour les jeunes enfants<br \/>\n&#8211;    La peinture au doigt est facilement lavable, tant sur les v\u00eatements que sur la peau<br \/>\n&#8211; La peinture a un go\u00fbt amer qui dissuade les enfants de la manger<br \/>\n&#8211;    Parfaite pour les enfants \u00e0 partir de 2 ans<br \/>\n&#8211;    Id\u00e9ale pour la peinture au doigt, la peinture se m\u00e9lange et s&rsquo;\u00e9tale facilement<br \/>\nPeindre et d\u00e9couvrir avec la peinture au doigt<br \/>\nCe kit permet aux enfants de s&rsquo;initier \u00e0 la peinture de mani\u00e8re ludique. Les couleurs vives et gaies offrent des possibilit\u00e9s infinies pour laisser libre cours \u00e0 leur cr\u00e9ativit\u00e9. Qu&rsquo;il s&rsquo;agisse de faire des empreintes de mains, de peindre une \u0153uvre d&rsquo;art color\u00e9e ou simplement de d\u00e9couvrir de nouvelles couleurs, tout est possible avec ce kit.<br \/>\nLa peinture au doigt est non seulement amusante, mais aussi s\u00fbre \u00e0 utiliser. Gr\u00e2ce \u00e0 sa formule hypoallerg\u00e9nique et sans gluten, m\u00eame les plus jeunes enfants peuvent jouer avec sans souci. De plus, la peinture est facilement lavable, les parents n&rsquo;ont donc pas \u00e0 s&rsquo;inqui\u00e9ter des taches.<br \/>\nQue contient la bo\u00eete ?<br \/>\n&#8211;    6 couleurs diff\u00e9rentes de peinture au doigt dans des pots de 110 ml<br \/>\n&#8211;    Dans les couleurs jaune, bleu, violet, vert, rose et rouge<br \/>\nPourquoi choisir SES Creative ?<br \/>\nChez SES Creative, nous accordons une grande importance \u00e0 la s\u00e9curit\u00e9. C&rsquo;est pourquoi nos produits sont fabriqu\u00e9s et test\u00e9s dans notre usine aux Pays-Bas, conform\u00e9ment aux normes de s\u00e9curit\u00e9 europ\u00e9ennes les plus strictes. Les jouets SES Creative sont source de plaisir et permettent aux enfants d&rsquo;\u00eatre fiers de leur travail, ce qui stimule leur cr\u00e9ativit\u00e9 et leur d\u00e9veloppement.<br \/>\nCommencez d\u00e8s aujourd&rsquo;hui \u00e0 peindre avec les doigts !<br \/>\nAvec le kit de peinture au doigt 6 couleurs, les enfants peuvent d\u00e9couvrir leur cr\u00e9ativit\u00e9 et s&rsquo;amuser pendant des heures. Prenez la peinture et commencez \u00e0 peindre et \u00e0 d\u00e9couvrir !<\/p>\n","protected":false},"excerpt":{"rendered":"<p>Laissez libre cours \u00e0 votre cr\u00e9ativit\u00e9 avec la peinture au doigt ! La peinture au doigt permet aux enfants de laisser libre cours \u00e0 leur imagination. Le set contient pas moins de 6 couleurs vives de peinture au doigt, avec lesquelles les jeunes artistes peuvent cr\u00e9er les plus belles \u0153uvres d&rsquo;art. La peinture est s\u00fbre, [&hellip;]<\/p>\n","protected":false},"featured_media":96592,"comment_status":"closed","ping_status":"closed","template":"","meta":{"_acf_changed":false},"product_brand":[],"product_cat":[122],"product_tag":[],"class_list":{"0":"post-117970","1":"product","2":"type-product","3":"status-publish","4":"has-post-thumbnail","6":"product_cat-loisirs-creatifs","7":"pa_leeftijd-filter-0-2-ans","8":"pa_meest-populair-bij-garcons-filles","10":"first","11":"instock","12":"shipping-taxable","13":"product-type-simple"},"acf":[],"yoast_head":"<!-- This site is optimized with the Yoast SEO plugin v27.2 - https:\/\/yoast.com\/product\/yoast-seo-wordpress\/ -->\n<title>Peinture au doigt 6 couleurs x 110ml - SES Creative<\/title>\n<meta name=\"robots\" content=\"index, follow, max-snippet:-1, max-image-preview:large, max-video-preview:-1\" \/>\n<link rel=\"canonical\" href=\"https:\/\/ses-creative.com\/fr\/produit\/peinture-au-doigt-6-couleurs-x-110ml\/\" \/>\n<meta property=\"og:locale\" content=\"fr_FR\" \/>\n<meta property=\"og:type\" content=\"article\" \/>\n<meta property=\"og:title\" content=\"Peinture au doigt 6 couleurs x 110ml - SES Creative\" \/>\n<meta property=\"og:description\" content=\"Laissez libre cours \u00e0 votre cr\u00e9ativit\u00e9 avec la peinture au doigt ! La peinture au doigt permet aux enfants de laisser libre cours \u00e0 leur imagination. Le set contient pas moins de 6 couleurs vives de peinture au doigt, avec lesquelles les jeunes artistes peuvent cr\u00e9er les plus belles \u0153uvres d&rsquo;art. La peinture est s\u00fbre, [&hellip;]\" \/>\n<meta property=\"og:url\" content=\"https:\/\/ses-creative.com\/fr\/produit\/peinture-au-doigt-6-couleurs-x-110ml\/\" \/>\n<meta property=\"og:site_name\" content=\"SES Creative\" \/>\n<meta property=\"article:modified_time\" content=\"2026-02-12T10:22:12+00:00\" \/>\n<meta name=\"twitter:card\" content=\"summary_large_image\" \/>\n<meta name=\"twitter:label1\" content=\"Dur\u00e9e de lecture estim\u00e9e\" \/>\n\t<meta name=\"twitter:data1\" content=\"2 minutes\" \/>\n<script type=\"application\/ld+json\" class=\"yoast-schema-graph\">{\"@context\":\"https:\/\/schema.org\",\"@graph\":[{\"@type\":\"WebPage\",\"@id\":\"https:\/\/ses-creative.com\/fr\/produit\/peinture-au-doigt-6-couleurs-x-110ml\/\",\"url\":\"https:\/\/ses-creative.com\/fr\/produit\/peinture-au-doigt-6-couleurs-x-110ml\/\",\"name\":\"Peinture au doigt 6 couleurs x 110ml - SES Creative\",\"isPartOf\":{\"@id\":\"https:\/\/ses-creative.com\/#website\"},\"primaryImageOfPage\":{\"@id\":\"https:\/\/ses-creative.com\/fr\/produit\/peinture-au-doigt-6-couleurs-x-110ml\/#primaryimage\"},\"image\":{\"@id\":\"https:\/\/ses-creative.com\/fr\/produit\/peinture-au-doigt-6-couleurs-x-110ml\/#primaryimage\"},\"thumbnailUrl\":\"https:\/\/ses-creative.com\/wp-content\/uploads\/2026\/01\/003151.jpg\",\"datePublished\":\"2026-02-12T10:08:13+00:00\",\"dateModified\":\"2026-02-12T10:22:12+00:00\",\"breadcrumb\":{\"@id\":\"https:\/\/ses-creative.com\/fr\/produit\/peinture-au-doigt-6-couleurs-x-110ml\/#breadcrumb\"},\"inLanguage\":\"fr-FR\",\"potentialAction\":[{\"@type\":\"ReadAction\",\"target\":[\"https:\/\/ses-creative.com\/fr\/produit\/peinture-au-doigt-6-couleurs-x-110ml\/\"]}]},{\"@type\":\"ImageObject\",\"inLanguage\":\"fr-FR\",\"@id\":\"https:\/\/ses-creative.com\/fr\/produit\/peinture-au-doigt-6-couleurs-x-110ml\/#primaryimage\",\"url\":\"https:\/\/ses-creative.com\/wp-content\/uploads\/2026\/01\/003151.jpg\",\"contentUrl\":\"https:\/\/ses-creative.com\/wp-content\/uploads\/2026\/01\/003151.jpg\",\"width\":1000,\"height\":1000},{\"@type\":\"BreadcrumbList\",\"@id\":\"https:\/\/ses-creative.com\/fr\/produit\/peinture-au-doigt-6-couleurs-x-110ml\/#breadcrumb\",\"itemListElement\":[{\"@type\":\"ListItem\",\"position\":1,\"name\":\"Boutique\",\"item\":\"https:\/\/ses-creative.com\/fr\/boutique\/\"},{\"@type\":\"ListItem\",\"position\":2,\"name\":\"Loisirs cr\u00e9atifs\",\"item\":\"https:\/\/ses-creative.com\/fr\/product-categorie\/loisirs-creatifs\/\"},{\"@type\":\"ListItem\",\"position\":3,\"name\":\"Peinture au doigt 6 couleurs x 110ml\"}]},{\"@type\":\"WebSite\",\"@id\":\"https:\/\/ses-creative.com\/#website\",\"url\":\"https:\/\/ses-creative.com\/\",\"name\":\"SES Creative\",\"description\":\"\",\"publisher\":{\"@id\":\"https:\/\/ses-creative.com\/#organization\"},\"potentialAction\":[{\"@type\":\"SearchAction\",\"target\":{\"@type\":\"EntryPoint\",\"urlTemplate\":\"https:\/\/ses-creative.com\/?s={search_term_string}\"},\"query-input\":{\"@type\":\"PropertyValueSpecification\",\"valueRequired\":true,\"valueName\":\"search_term_string\"}}],\"inLanguage\":\"fr-FR\"},{\"@type\":\"Organization\",\"@id\":\"https:\/\/ses-creative.com\/#organization\",\"name\":\"SES Creative\",\"url\":\"https:\/\/ses-creative.com\/\",\"logo\":{\"@type\":\"ImageObject\",\"inLanguage\":\"fr-FR\",\"@id\":\"https:\/\/ses-creative.com\/#\/schema\/logo\/image\/\",\"url\":\"https:\/\/ses-creative.com\/wp-content\/uploads\/2025\/10\/ses-creative-logo.jpg\",\"contentUrl\":\"https:\/\/ses-creative.com\/wp-content\/uploads\/2025\/10\/ses-creative-logo.jpg\",\"width\":2037,\"height\":2037,\"caption\":\"SES Creative\"},\"image\":{\"@id\":\"https:\/\/ses-creative.com\/#\/schema\/logo\/image\/\"}}]}<\/script>\n<!-- \/ Yoast SEO plugin. -->","yoast_head_json":{"title":"Peinture au doigt 6 couleurs x 110ml - SES Creative","robots":{"index":"index","follow":"follow","max-snippet":"max-snippet:-1","max-image-preview":"max-image-preview:large","max-video-preview":"max-video-preview:-1"},"canonical":"https:\/\/ses-creative.com\/fr\/produit\/peinture-au-doigt-6-couleurs-x-110ml\/","og_locale":"fr_FR","og_type":"article","og_title":"Peinture au doigt 6 couleurs x 110ml - SES Creative","og_description":"Laissez libre cours \u00e0 votre cr\u00e9ativit\u00e9 avec la peinture au doigt ! La peinture au doigt permet aux enfants de laisser libre cours \u00e0 leur imagination. Le set contient pas moins de 6 couleurs vives de peinture au doigt, avec lesquelles les jeunes artistes peuvent cr\u00e9er les plus belles \u0153uvres d&rsquo;art. La peinture est s\u00fbre, [&hellip;]","og_url":"https:\/\/ses-creative.com\/fr\/produit\/peinture-au-doigt-6-couleurs-x-110ml\/","og_site_name":"SES Creative","article_modified_time":"2026-02-12T10:22:12+00:00","twitter_card":"summary_large_image","twitter_misc":{"Dur\u00e9e de lecture estim\u00e9e":"2 minutes"},"schema":{"@context":"https:\/\/schema.org","@graph":[{"@type":"WebPage","@id":"https:\/\/ses-creative.com\/fr\/produit\/peinture-au-doigt-6-couleurs-x-110ml\/","url":"https:\/\/ses-creative.com\/fr\/produit\/peinture-au-doigt-6-couleurs-x-110ml\/","name":"Peinture au doigt 6 couleurs x 110ml - SES Creative","isPartOf":{"@id":"https:\/\/ses-creative.com\/#website"},"primaryImageOfPage":{"@id":"https:\/\/ses-creative.com\/fr\/produit\/peinture-au-doigt-6-couleurs-x-110ml\/#primaryimage"},"image":{"@id":"https:\/\/ses-creative.com\/fr\/produit\/peinture-au-doigt-6-couleurs-x-110ml\/#primaryimage"},"thumbnailUrl":"https:\/\/ses-creative.com\/wp-content\/uploads\/2026\/01\/003151.jpg","datePublished":"2026-02-12T10:08:13+00:00","dateModified":"2026-02-12T10:22:12+00:00","breadcrumb":{"@id":"https:\/\/ses-creative.com\/fr\/produit\/peinture-au-doigt-6-couleurs-x-110ml\/#breadcrumb"},"inLanguage":"fr-FR","potentialAction":[{"@type":"ReadAction","target":["https:\/\/ses-creative.com\/fr\/produit\/peinture-au-doigt-6-couleurs-x-110ml\/"]}]},{"@type":"ImageObject","inLanguage":"fr-FR","@id":"https:\/\/ses-creative.com\/fr\/produit\/peinture-au-doigt-6-couleurs-x-110ml\/#primaryimage","url":"https:\/\/ses-creative.com\/wp-content\/uploads\/2026\/01\/003151.jpg","contentUrl":"https:\/\/ses-creative.com\/wp-content\/uploads\/2026\/01\/003151.jpg","width":1000,"height":1000},{"@type":"BreadcrumbList","@id":"https:\/\/ses-creative.com\/fr\/produit\/peinture-au-doigt-6-couleurs-x-110ml\/#breadcrumb","itemListElement":[{"@type":"ListItem","position":1,"name":"Boutique","item":"https:\/\/ses-creative.com\/fr\/boutique\/"},{"@type":"ListItem","position":2,"name":"Loisirs cr\u00e9atifs","item":"https:\/\/ses-creative.com\/fr\/product-categorie\/loisirs-creatifs\/"},{"@type":"ListItem","position":3,"name":"Peinture au doigt 6 couleurs x 110ml"}]},{"@type":"WebSite","@id":"https:\/\/ses-creative.com\/#website","url":"https:\/\/ses-creative.com\/","name":"SES Creative","description":"","publisher":{"@id":"https:\/\/ses-creative.com\/#organization"},"potentialAction":[{"@type":"SearchAction","target":{"@type":"EntryPoint","urlTemplate":"https:\/\/ses-creative.com\/?s={search_term_string}"},"query-input":{"@type":"PropertyValueSpecification","valueRequired":true,"valueName":"search_term_string"}}],"inLanguage":"fr-FR"},{"@type":"Organization","@id":"https:\/\/ses-creative.com\/#organization","name":"SES Creative","url":"https:\/\/ses-creative.com\/","logo":{"@type":"ImageObject","inLanguage":"fr-FR","@id":"https:\/\/ses-creative.com\/#\/schema\/logo\/image\/","url":"https:\/\/ses-creative.com\/wp-content\/uploads\/2025\/10\/ses-creative-logo.jpg","contentUrl":"https:\/\/ses-creative.com\/wp-content\/uploads\/2025\/10\/ses-creative-logo.jpg","width":2037,"height":2037,"caption":"SES Creative"},"image":{"@id":"https:\/\/ses-creative.com\/#\/schema\/logo\/image\/"}}]}},"_links":{"self":[{"href":"https:\/\/ses-creative.com\/fr\/wp-json\/wp\/v2\/product\/117970","targetHints":{"allow":["GET"]}}],"collection":[{"href":"https:\/\/ses-creative.com\/fr\/wp-json\/wp\/v2\/product"}],"about":[{"href":"https:\/\/ses-creative.com\/fr\/wp-json\/wp\/v2\/types\/product"}],"replies":[{"embeddable":true,"href":"https:\/\/ses-creative.com\/fr\/wp-json\/wp\/v2\/comments?post=117970"}],"wp:featuredmedia":[{"embeddable":true,"href":"https:\/\/ses-creative.com\/fr\/wp-json\/wp\/v2\/media\/96592"}],"wp:attachment":[{"href":"https:\/\/ses-creative.com\/fr\/wp-json\/wp\/v2\/media?parent=117970"}],"wp:term":[{"taxonomy":"product_brand","embeddable":true,"href":"https:\/\/ses-creative.com\/fr\/wp-json\/wp\/v2\/product_brand?post=117970"},{"taxonomy":"product_cat","embeddable":true,"href":"https:\/\/ses-creative.com\/fr\/wp-json\/wp\/v2\/product_cat?post=117970"},{"taxonomy":"product_tag","embeddable":true,"href":"https:\/\/ses-creative.com\/fr\/wp-json\/wp\/v2\/product_tag?post=117970"}],"curies":[{"name":"wp","href":"https:\/\/api.w.org\/{rel}","templated":true}]}}