











{"id":117968,"date":"2026-02-12T10:08:13","date_gmt":"2026-02-12T10:08:13","guid":{"rendered":"https:\/\/ses-creative.com\/?post_type=product&#038;p=117968"},"modified":"2026-02-12T10:22:12","modified_gmt":"2026-02-12T10:22:12","slug":"my-first-marqueurs-bebe-8-couleurs","status":"publish","type":"product","link":"https:\/\/ses-creative.com\/fr\/produit\/my-first-marqueurs-bebe-8-couleurs\/","title":{"rendered":"My first &#8211; Marqueurs B\u00e9b\u00e9 8 couleurs"},"content":{"rendered":"<p>Ce coffret de 8 feutres b\u00e9b\u00e9 est con\u00e7u pour les enfants d\u00e8s 1 an. Chaque marqueur dispose d\u2019une pointe ronde courte et tr\u00e8s solide, con\u00e7ue pour les tout premiers gestes de coloriage. L\u2019encre se nettoie facilement sur la peau et les v\u00eatements, permettant une utilisation sans crainte pour les parents. Les bouchons s\u00e9curit\u00e9 emp\u00eachent tout risque d\u2019ingestion, et les pointes bloqu\u00e9es r\u00e9sistent \u00e0 la pression exerc\u00e9e par les tout-petits. Gr\u00e2ce \u00e0 leur forme adapt\u00e9e, ces feutres favorisent la bonne prise en main et d\u00e9veloppent la coordination \u0153il-main. Les jeunes enfants peuvent ainsi explorer librement les couleurs, laisser libre cours \u00e0 leur imagination et s\u2019exercer au dessin d\u00e8s le plus jeune \u00e2ge. Fabriqu\u00e9s aux Pays-Bas par SES Creative, ces produits sont test\u00e9s dermatologiquement et garantis sans substances allerg\u00e8nes. Con\u00e7u pour les artistes en herbe en toute s\u00e9curit\u00e9. Gr\u00e2ce \u00e0 leur format ergonomique et leurs couleurs non toxiques, ces feutres peuvent \u00eatre utilis\u00e9s au quotidien pour exprimer sa cr\u00e9ativit\u00e9 \u00e0 la maison, \u00e0 la cr\u00e8che ou en maternelle.<\/p>\n","protected":false},"excerpt":{"rendered":"<p>Ce coffret de 8 feutres b\u00e9b\u00e9 est con\u00e7u pour les enfants d\u00e8s 1 an. Chaque marqueur dispose d\u2019une pointe ronde courte et tr\u00e8s solide, con\u00e7ue pour les tout premiers gestes de coloriage. L\u2019encre se nettoie facilement sur la peau et les v\u00eatements, permettant une utilisation sans crainte pour les parents. Les bouchons s\u00e9curit\u00e9 emp\u00eachent tout [&hellip;]<\/p>\n","protected":false},"featured_media":96512,"comment_status":"closed","ping_status":"closed","template":"","meta":{"_acf_changed":false},"product_brand":[],"product_cat":[123],"product_tag":[],"class_list":{"0":"post-117968","1":"product","2":"type-product","3":"status-publish","4":"has-post-thumbnail","6":"product_cat-bebe-tout-petit","7":"pa_leeftijd-filter-0-2-ans","8":"pa_meest-populair-bij-garcons-filles","10":"first","11":"instock","12":"shipping-taxable","13":"product-type-simple"},"acf":[],"yoast_head":"<!-- This site is optimized with the Yoast SEO plugin v27.2 - https:\/\/yoast.com\/product\/yoast-seo-wordpress\/ -->\n<title>My first - Marqueurs B\u00e9b\u00e9 8 couleurs - SES Creative<\/title>\n<meta name=\"robots\" content=\"index, follow, max-snippet:-1, max-image-preview:large, max-video-preview:-1\" \/>\n<link rel=\"canonical\" href=\"https:\/\/ses-creative.com\/fr\/produit\/my-first-marqueurs-bebe-8-couleurs\/\" \/>\n<meta property=\"og:locale\" content=\"fr_FR\" \/>\n<meta property=\"og:type\" content=\"article\" \/>\n<meta property=\"og:title\" content=\"My first - Marqueurs B\u00e9b\u00e9 8 couleurs - SES Creative\" \/>\n<meta property=\"og:description\" content=\"Ce coffret de 8 feutres b\u00e9b\u00e9 est con\u00e7u pour les enfants d\u00e8s 1 an. Chaque marqueur dispose d\u2019une pointe ronde courte et tr\u00e8s solide, con\u00e7ue pour les tout premiers gestes de coloriage. L\u2019encre se nettoie facilement sur la peau et les v\u00eatements, permettant une utilisation sans crainte pour les parents. Les bouchons s\u00e9curit\u00e9 emp\u00eachent tout [&hellip;]\" \/>\n<meta property=\"og:url\" content=\"https:\/\/ses-creative.com\/fr\/produit\/my-first-marqueurs-bebe-8-couleurs\/\" \/>\n<meta property=\"og:site_name\" content=\"SES Creative\" \/>\n<meta property=\"article:modified_time\" content=\"2026-02-12T10:22:12+00:00\" \/>\n<meta name=\"twitter:card\" content=\"summary_large_image\" \/>\n<meta name=\"twitter:label1\" content=\"Dur\u00e9e de lecture estim\u00e9e\" \/>\n\t<meta name=\"twitter:data1\" content=\"1 minute\" \/>\n<script type=\"application\/ld+json\" class=\"yoast-schema-graph\">{\"@context\":\"https:\/\/schema.org\",\"@graph\":[{\"@type\":\"WebPage\",\"@id\":\"https:\/\/ses-creative.com\/fr\/produit\/my-first-marqueurs-bebe-8-couleurs\/\",\"url\":\"https:\/\/ses-creative.com\/fr\/produit\/my-first-marqueurs-bebe-8-couleurs\/\",\"name\":\"My first - Marqueurs B\u00e9b\u00e9 8 couleurs - SES Creative\",\"isPartOf\":{\"@id\":\"https:\/\/ses-creative.com\/#website\"},\"primaryImageOfPage\":{\"@id\":\"https:\/\/ses-creative.com\/fr\/produit\/my-first-marqueurs-bebe-8-couleurs\/#primaryimage\"},\"image\":{\"@id\":\"https:\/\/ses-creative.com\/fr\/produit\/my-first-marqueurs-bebe-8-couleurs\/#primaryimage\"},\"thumbnailUrl\":\"https:\/\/ses-creative.com\/wp-content\/uploads\/2026\/01\/002991.jpg\",\"datePublished\":\"2026-02-12T10:08:13+00:00\",\"dateModified\":\"2026-02-12T10:22:12+00:00\",\"breadcrumb\":{\"@id\":\"https:\/\/ses-creative.com\/fr\/produit\/my-first-marqueurs-bebe-8-couleurs\/#breadcrumb\"},\"inLanguage\":\"fr-FR\",\"potentialAction\":[{\"@type\":\"ReadAction\",\"target\":[\"https:\/\/ses-creative.com\/fr\/produit\/my-first-marqueurs-bebe-8-couleurs\/\"]}]},{\"@type\":\"ImageObject\",\"inLanguage\":\"fr-FR\",\"@id\":\"https:\/\/ses-creative.com\/fr\/produit\/my-first-marqueurs-bebe-8-couleurs\/#primaryimage\",\"url\":\"https:\/\/ses-creative.com\/wp-content\/uploads\/2026\/01\/002991.jpg\",\"contentUrl\":\"https:\/\/ses-creative.com\/wp-content\/uploads\/2026\/01\/002991.jpg\",\"width\":1000,\"height\":1000},{\"@type\":\"BreadcrumbList\",\"@id\":\"https:\/\/ses-creative.com\/fr\/produit\/my-first-marqueurs-bebe-8-couleurs\/#breadcrumb\",\"itemListElement\":[{\"@type\":\"ListItem\",\"position\":1,\"name\":\"Boutique\",\"item\":\"https:\/\/ses-creative.com\/fr\/boutique\/\"},{\"@type\":\"ListItem\",\"position\":2,\"name\":\"B\u00e9b\u00e9 &amp; Tout-petit\",\"item\":\"https:\/\/ses-creative.com\/fr\/product-categorie\/bebe-tout-petit\/\"},{\"@type\":\"ListItem\",\"position\":3,\"name\":\"My first &#8211; Marqueurs B\u00e9b\u00e9 8 couleurs\"}]},{\"@type\":\"WebSite\",\"@id\":\"https:\/\/ses-creative.com\/#website\",\"url\":\"https:\/\/ses-creative.com\/\",\"name\":\"SES Creative\",\"description\":\"\",\"publisher\":{\"@id\":\"https:\/\/ses-creative.com\/#organization\"},\"potentialAction\":[{\"@type\":\"SearchAction\",\"target\":{\"@type\":\"EntryPoint\",\"urlTemplate\":\"https:\/\/ses-creative.com\/?s={search_term_string}\"},\"query-input\":{\"@type\":\"PropertyValueSpecification\",\"valueRequired\":true,\"valueName\":\"search_term_string\"}}],\"inLanguage\":\"fr-FR\"},{\"@type\":\"Organization\",\"@id\":\"https:\/\/ses-creative.com\/#organization\",\"name\":\"SES Creative\",\"url\":\"https:\/\/ses-creative.com\/\",\"logo\":{\"@type\":\"ImageObject\",\"inLanguage\":\"fr-FR\",\"@id\":\"https:\/\/ses-creative.com\/#\/schema\/logo\/image\/\",\"url\":\"https:\/\/ses-creative.com\/wp-content\/uploads\/2025\/10\/ses-creative-logo.jpg\",\"contentUrl\":\"https:\/\/ses-creative.com\/wp-content\/uploads\/2025\/10\/ses-creative-logo.jpg\",\"width\":2037,\"height\":2037,\"caption\":\"SES Creative\"},\"image\":{\"@id\":\"https:\/\/ses-creative.com\/#\/schema\/logo\/image\/\"}}]}<\/script>\n<!-- \/ Yoast SEO plugin. -->","yoast_head_json":{"title":"My first - Marqueurs B\u00e9b\u00e9 8 couleurs - SES Creative","robots":{"index":"index","follow":"follow","max-snippet":"max-snippet:-1","max-image-preview":"max-image-preview:large","max-video-preview":"max-video-preview:-1"},"canonical":"https:\/\/ses-creative.com\/fr\/produit\/my-first-marqueurs-bebe-8-couleurs\/","og_locale":"fr_FR","og_type":"article","og_title":"My first - Marqueurs B\u00e9b\u00e9 8 couleurs - SES Creative","og_description":"Ce coffret de 8 feutres b\u00e9b\u00e9 est con\u00e7u pour les enfants d\u00e8s 1 an. Chaque marqueur dispose d\u2019une pointe ronde courte et tr\u00e8s solide, con\u00e7ue pour les tout premiers gestes de coloriage. L\u2019encre se nettoie facilement sur la peau et les v\u00eatements, permettant une utilisation sans crainte pour les parents. Les bouchons s\u00e9curit\u00e9 emp\u00eachent tout [&hellip;]","og_url":"https:\/\/ses-creative.com\/fr\/produit\/my-first-marqueurs-bebe-8-couleurs\/","og_site_name":"SES Creative","article_modified_time":"2026-02-12T10:22:12+00:00","twitter_card":"summary_large_image","twitter_misc":{"Dur\u00e9e de lecture estim\u00e9e":"1 minute"},"schema":{"@context":"https:\/\/schema.org","@graph":[{"@type":"WebPage","@id":"https:\/\/ses-creative.com\/fr\/produit\/my-first-marqueurs-bebe-8-couleurs\/","url":"https:\/\/ses-creative.com\/fr\/produit\/my-first-marqueurs-bebe-8-couleurs\/","name":"My first - Marqueurs B\u00e9b\u00e9 8 couleurs - SES Creative","isPartOf":{"@id":"https:\/\/ses-creative.com\/#website"},"primaryImageOfPage":{"@id":"https:\/\/ses-creative.com\/fr\/produit\/my-first-marqueurs-bebe-8-couleurs\/#primaryimage"},"image":{"@id":"https:\/\/ses-creative.com\/fr\/produit\/my-first-marqueurs-bebe-8-couleurs\/#primaryimage"},"thumbnailUrl":"https:\/\/ses-creative.com\/wp-content\/uploads\/2026\/01\/002991.jpg","datePublished":"2026-02-12T10:08:13+00:00","dateModified":"2026-02-12T10:22:12+00:00","breadcrumb":{"@id":"https:\/\/ses-creative.com\/fr\/produit\/my-first-marqueurs-bebe-8-couleurs\/#breadcrumb"},"inLanguage":"fr-FR","potentialAction":[{"@type":"ReadAction","target":["https:\/\/ses-creative.com\/fr\/produit\/my-first-marqueurs-bebe-8-couleurs\/"]}]},{"@type":"ImageObject","inLanguage":"fr-FR","@id":"https:\/\/ses-creative.com\/fr\/produit\/my-first-marqueurs-bebe-8-couleurs\/#primaryimage","url":"https:\/\/ses-creative.com\/wp-content\/uploads\/2026\/01\/002991.jpg","contentUrl":"https:\/\/ses-creative.com\/wp-content\/uploads\/2026\/01\/002991.jpg","width":1000,"height":1000},{"@type":"BreadcrumbList","@id":"https:\/\/ses-creative.com\/fr\/produit\/my-first-marqueurs-bebe-8-couleurs\/#breadcrumb","itemListElement":[{"@type":"ListItem","position":1,"name":"Boutique","item":"https:\/\/ses-creative.com\/fr\/boutique\/"},{"@type":"ListItem","position":2,"name":"B\u00e9b\u00e9 &amp; Tout-petit","item":"https:\/\/ses-creative.com\/fr\/product-categorie\/bebe-tout-petit\/"},{"@type":"ListItem","position":3,"name":"My first &#8211; Marqueurs B\u00e9b\u00e9 8 couleurs"}]},{"@type":"WebSite","@id":"https:\/\/ses-creative.com\/#website","url":"https:\/\/ses-creative.com\/","name":"SES Creative","description":"","publisher":{"@id":"https:\/\/ses-creative.com\/#organization"},"potentialAction":[{"@type":"SearchAction","target":{"@type":"EntryPoint","urlTemplate":"https:\/\/ses-creative.com\/?s={search_term_string}"},"query-input":{"@type":"PropertyValueSpecification","valueRequired":true,"valueName":"search_term_string"}}],"inLanguage":"fr-FR"},{"@type":"Organization","@id":"https:\/\/ses-creative.com\/#organization","name":"SES Creative","url":"https:\/\/ses-creative.com\/","logo":{"@type":"ImageObject","inLanguage":"fr-FR","@id":"https:\/\/ses-creative.com\/#\/schema\/logo\/image\/","url":"https:\/\/ses-creative.com\/wp-content\/uploads\/2025\/10\/ses-creative-logo.jpg","contentUrl":"https:\/\/ses-creative.com\/wp-content\/uploads\/2025\/10\/ses-creative-logo.jpg","width":2037,"height":2037,"caption":"SES Creative"},"image":{"@id":"https:\/\/ses-creative.com\/#\/schema\/logo\/image\/"}}]}},"_links":{"self":[{"href":"https:\/\/ses-creative.com\/fr\/wp-json\/wp\/v2\/product\/117968","targetHints":{"allow":["GET"]}}],"collection":[{"href":"https:\/\/ses-creative.com\/fr\/wp-json\/wp\/v2\/product"}],"about":[{"href":"https:\/\/ses-creative.com\/fr\/wp-json\/wp\/v2\/types\/product"}],"replies":[{"embeddable":true,"href":"https:\/\/ses-creative.com\/fr\/wp-json\/wp\/v2\/comments?post=117968"}],"wp:featuredmedia":[{"embeddable":true,"href":"https:\/\/ses-creative.com\/fr\/wp-json\/wp\/v2\/media\/96512"}],"wp:attachment":[{"href":"https:\/\/ses-creative.com\/fr\/wp-json\/wp\/v2\/media?parent=117968"}],"wp:term":[{"taxonomy":"product_brand","embeddable":true,"href":"https:\/\/ses-creative.com\/fr\/wp-json\/wp\/v2\/product_brand?post=117968"},{"taxonomy":"product_cat","embeddable":true,"href":"https:\/\/ses-creative.com\/fr\/wp-json\/wp\/v2\/product_cat?post=117968"},{"taxonomy":"product_tag","embeddable":true,"href":"https:\/\/ses-creative.com\/fr\/wp-json\/wp\/v2\/product_tag?post=117968"}],"curies":[{"name":"wp","href":"https:\/\/api.w.org\/{rel}","templated":true}]}}