











{"id":117967,"date":"2026-02-12T10:08:13","date_gmt":"2026-02-12T10:08:13","guid":{"rendered":"https:\/\/ses-creative.com\/?post_type=product&#038;p=117967"},"modified":"2026-02-12T10:22:12","modified_gmt":"2026-02-12T10:22:12","slug":"blow-airbrush-pens-changement-de-couleur-magique","status":"publish","type":"product","link":"https:\/\/ses-creative.com\/fr\/produit\/blow-airbrush-pens-changement-de-couleur-magique\/","title":{"rendered":"Blow airbrush pens &#8211; Changement de couleur magique"},"content":{"rendered":"<p>Lib\u00e9rez la cr\u00e9ativit\u00e9 de votre enfant avec le coffret Blow Airbrush Pens est con\u00e7u pour les artistes en herbe d\u00e8s 5 ans, ce kit innovant propose une exp\u00e9rience artistique unique en transformant le dessin traditionnel en une aventure color\u00e9e et interactive.\u200b<\/p>\n<p>Le coffret comprend 6 feutres bicolores aux combinaisons \u00e9clatantes (bleu\/turquoise, violet\/rose, orange\/vert, marron\/vert, noir\/rouge, jaune\/bleu clair) et un feutre blanc magique. En soufflant dans ces feutres sp\u00e9ciaux, les enfants peuvent cr\u00e9er des effets a\u00e9rographiques \u00e9tonnants. Le feutre blanc, quant \u00e0 lui, permet de modifier la couleur des autres feutres, offrant des transitions de teintes spectaculaires et des effets visuels surprenants.\u200b<\/p>\n<p>Faciles \u00e0 utiliser et con\u00e7us pour les petites mains, ces feutres sont \u00e9galement lavables, assurant un nettoyage simple sur la peau et la plupart des tissus. Fabriqu\u00e9 en Europe, ce produit respecte les normes de s\u00e9curit\u00e9 europ\u00e9ennes, garantissant une utilisation s\u00fbre pour les enfants.\u200b<\/p>\n<p>Que ce soit pour des activit\u00e9s \u00e0 la maison, des ateliers cr\u00e9atifs ou comme id\u00e9e cadeau, ce coffret stimule l&rsquo;imagination, d\u00e9veloppe la motricit\u00e9 fine et offre des heures de divertissement artistique. Offrez \u00e0 votre enfant une nouvelle fa\u00e7on de dessiner et de d\u00e9couvrir le plaisir de l&rsquo;art avec les feutres \u00e0 souffler magiques de SES Creative.\u200b<\/p>\n","protected":false},"excerpt":{"rendered":"<p>Lib\u00e9rez la cr\u00e9ativit\u00e9 de votre enfant avec le coffret Blow Airbrush Pens est con\u00e7u pour les artistes en herbe d\u00e8s 5 ans, ce kit innovant propose une exp\u00e9rience artistique unique en transformant le dessin traditionnel en une aventure color\u00e9e et interactive.\u200b Le coffret comprend 6 feutres bicolores aux combinaisons \u00e9clatantes (bleu\/turquoise, violet\/rose, orange\/vert, marron\/vert, noir\/rouge, [&hellip;]<\/p>\n","protected":false},"featured_media":96472,"comment_status":"closed","ping_status":"closed","template":"","meta":{"_acf_changed":false},"product_brand":[],"product_cat":[122],"product_tag":[],"class_list":{"0":"post-117967","1":"product","2":"type-product","3":"status-publish","4":"has-post-thumbnail","6":"product_cat-loisirs-creatifs","7":"pa_collecties-blow-airbrush-pens","8":"pa_leeftijd-filter-4-6-ans","9":"pa_meest-populair-bij-garcons-filles","11":"first","12":"instock","13":"shipping-taxable","14":"product-type-simple"},"acf":[],"yoast_head":"<!-- This site is optimized with the Yoast SEO plugin v27.2 - https:\/\/yoast.com\/product\/yoast-seo-wordpress\/ -->\n<title>Blow airbrush pens - Changement de couleur magique - SES Creative<\/title>\n<meta name=\"robots\" content=\"index, follow, max-snippet:-1, max-image-preview:large, max-video-preview:-1\" \/>\n<link rel=\"canonical\" href=\"https:\/\/ses-creative.com\/fr\/produit\/blow-airbrush-pens-changement-de-couleur-magique\/\" \/>\n<meta property=\"og:locale\" content=\"fr_FR\" \/>\n<meta property=\"og:type\" content=\"article\" \/>\n<meta property=\"og:title\" content=\"Blow airbrush pens - Changement de couleur magique - SES Creative\" \/>\n<meta property=\"og:description\" content=\"Lib\u00e9rez la cr\u00e9ativit\u00e9 de votre enfant avec le coffret Blow Airbrush Pens est con\u00e7u pour les artistes en herbe d\u00e8s 5 ans, ce kit innovant propose une exp\u00e9rience artistique unique en transformant le dessin traditionnel en une aventure color\u00e9e et interactive.\u200b Le coffret comprend 6 feutres bicolores aux combinaisons \u00e9clatantes (bleu\/turquoise, violet\/rose, orange\/vert, marron\/vert, noir\/rouge, [&hellip;]\" \/>\n<meta property=\"og:url\" content=\"https:\/\/ses-creative.com\/fr\/produit\/blow-airbrush-pens-changement-de-couleur-magique\/\" \/>\n<meta property=\"og:site_name\" content=\"SES Creative\" \/>\n<meta property=\"article:modified_time\" content=\"2026-02-12T10:22:12+00:00\" \/>\n<meta name=\"twitter:card\" content=\"summary_large_image\" \/>\n<meta name=\"twitter:label1\" content=\"Dur\u00e9e de lecture estim\u00e9e\" \/>\n\t<meta name=\"twitter:data1\" content=\"1 minute\" \/>\n<script type=\"application\/ld+json\" class=\"yoast-schema-graph\">{\"@context\":\"https:\/\/schema.org\",\"@graph\":[{\"@type\":\"WebPage\",\"@id\":\"https:\/\/ses-creative.com\/fr\/produit\/blow-airbrush-pens-changement-de-couleur-magique\/\",\"url\":\"https:\/\/ses-creative.com\/fr\/produit\/blow-airbrush-pens-changement-de-couleur-magique\/\",\"name\":\"Blow airbrush pens - Changement de couleur magique - SES Creative\",\"isPartOf\":{\"@id\":\"https:\/\/ses-creative.com\/#website\"},\"primaryImageOfPage\":{\"@id\":\"https:\/\/ses-creative.com\/fr\/produit\/blow-airbrush-pens-changement-de-couleur-magique\/#primaryimage\"},\"image\":{\"@id\":\"https:\/\/ses-creative.com\/fr\/produit\/blow-airbrush-pens-changement-de-couleur-magique\/#primaryimage\"},\"thumbnailUrl\":\"https:\/\/ses-creative.com\/wp-content\/uploads\/2026\/01\/002831.jpg\",\"datePublished\":\"2026-02-12T10:08:13+00:00\",\"dateModified\":\"2026-02-12T10:22:12+00:00\",\"breadcrumb\":{\"@id\":\"https:\/\/ses-creative.com\/fr\/produit\/blow-airbrush-pens-changement-de-couleur-magique\/#breadcrumb\"},\"inLanguage\":\"fr-FR\",\"potentialAction\":[{\"@type\":\"ReadAction\",\"target\":[\"https:\/\/ses-creative.com\/fr\/produit\/blow-airbrush-pens-changement-de-couleur-magique\/\"]}]},{\"@type\":\"ImageObject\",\"inLanguage\":\"fr-FR\",\"@id\":\"https:\/\/ses-creative.com\/fr\/produit\/blow-airbrush-pens-changement-de-couleur-magique\/#primaryimage\",\"url\":\"https:\/\/ses-creative.com\/wp-content\/uploads\/2026\/01\/002831.jpg\",\"contentUrl\":\"https:\/\/ses-creative.com\/wp-content\/uploads\/2026\/01\/002831.jpg\",\"width\":1000,\"height\":1000},{\"@type\":\"BreadcrumbList\",\"@id\":\"https:\/\/ses-creative.com\/fr\/produit\/blow-airbrush-pens-changement-de-couleur-magique\/#breadcrumb\",\"itemListElement\":[{\"@type\":\"ListItem\",\"position\":1,\"name\":\"Boutique\",\"item\":\"https:\/\/ses-creative.com\/fr\/boutique\/\"},{\"@type\":\"ListItem\",\"position\":2,\"name\":\"Loisirs cr\u00e9atifs\",\"item\":\"https:\/\/ses-creative.com\/fr\/product-categorie\/loisirs-creatifs\/\"},{\"@type\":\"ListItem\",\"position\":3,\"name\":\"Blow airbrush pens &#8211; Changement de couleur magique\"}]},{\"@type\":\"WebSite\",\"@id\":\"https:\/\/ses-creative.com\/#website\",\"url\":\"https:\/\/ses-creative.com\/\",\"name\":\"SES Creative\",\"description\":\"\",\"publisher\":{\"@id\":\"https:\/\/ses-creative.com\/#organization\"},\"potentialAction\":[{\"@type\":\"SearchAction\",\"target\":{\"@type\":\"EntryPoint\",\"urlTemplate\":\"https:\/\/ses-creative.com\/?s={search_term_string}\"},\"query-input\":{\"@type\":\"PropertyValueSpecification\",\"valueRequired\":true,\"valueName\":\"search_term_string\"}}],\"inLanguage\":\"fr-FR\"},{\"@type\":\"Organization\",\"@id\":\"https:\/\/ses-creative.com\/#organization\",\"name\":\"SES Creative\",\"url\":\"https:\/\/ses-creative.com\/\",\"logo\":{\"@type\":\"ImageObject\",\"inLanguage\":\"fr-FR\",\"@id\":\"https:\/\/ses-creative.com\/#\/schema\/logo\/image\/\",\"url\":\"https:\/\/ses-creative.com\/wp-content\/uploads\/2025\/10\/ses-creative-logo.jpg\",\"contentUrl\":\"https:\/\/ses-creative.com\/wp-content\/uploads\/2025\/10\/ses-creative-logo.jpg\",\"width\":2037,\"height\":2037,\"caption\":\"SES Creative\"},\"image\":{\"@id\":\"https:\/\/ses-creative.com\/#\/schema\/logo\/image\/\"}}]}<\/script>\n<!-- \/ Yoast SEO plugin. -->","yoast_head_json":{"title":"Blow airbrush pens - Changement de couleur magique - SES Creative","robots":{"index":"index","follow":"follow","max-snippet":"max-snippet:-1","max-image-preview":"max-image-preview:large","max-video-preview":"max-video-preview:-1"},"canonical":"https:\/\/ses-creative.com\/fr\/produit\/blow-airbrush-pens-changement-de-couleur-magique\/","og_locale":"fr_FR","og_type":"article","og_title":"Blow airbrush pens - Changement de couleur magique - SES Creative","og_description":"Lib\u00e9rez la cr\u00e9ativit\u00e9 de votre enfant avec le coffret Blow Airbrush Pens est con\u00e7u pour les artistes en herbe d\u00e8s 5 ans, ce kit innovant propose une exp\u00e9rience artistique unique en transformant le dessin traditionnel en une aventure color\u00e9e et interactive.\u200b Le coffret comprend 6 feutres bicolores aux combinaisons \u00e9clatantes (bleu\/turquoise, violet\/rose, orange\/vert, marron\/vert, noir\/rouge, [&hellip;]","og_url":"https:\/\/ses-creative.com\/fr\/produit\/blow-airbrush-pens-changement-de-couleur-magique\/","og_site_name":"SES Creative","article_modified_time":"2026-02-12T10:22:12+00:00","twitter_card":"summary_large_image","twitter_misc":{"Dur\u00e9e de lecture estim\u00e9e":"1 minute"},"schema":{"@context":"https:\/\/schema.org","@graph":[{"@type":"WebPage","@id":"https:\/\/ses-creative.com\/fr\/produit\/blow-airbrush-pens-changement-de-couleur-magique\/","url":"https:\/\/ses-creative.com\/fr\/produit\/blow-airbrush-pens-changement-de-couleur-magique\/","name":"Blow airbrush pens - Changement de couleur magique - SES Creative","isPartOf":{"@id":"https:\/\/ses-creative.com\/#website"},"primaryImageOfPage":{"@id":"https:\/\/ses-creative.com\/fr\/produit\/blow-airbrush-pens-changement-de-couleur-magique\/#primaryimage"},"image":{"@id":"https:\/\/ses-creative.com\/fr\/produit\/blow-airbrush-pens-changement-de-couleur-magique\/#primaryimage"},"thumbnailUrl":"https:\/\/ses-creative.com\/wp-content\/uploads\/2026\/01\/002831.jpg","datePublished":"2026-02-12T10:08:13+00:00","dateModified":"2026-02-12T10:22:12+00:00","breadcrumb":{"@id":"https:\/\/ses-creative.com\/fr\/produit\/blow-airbrush-pens-changement-de-couleur-magique\/#breadcrumb"},"inLanguage":"fr-FR","potentialAction":[{"@type":"ReadAction","target":["https:\/\/ses-creative.com\/fr\/produit\/blow-airbrush-pens-changement-de-couleur-magique\/"]}]},{"@type":"ImageObject","inLanguage":"fr-FR","@id":"https:\/\/ses-creative.com\/fr\/produit\/blow-airbrush-pens-changement-de-couleur-magique\/#primaryimage","url":"https:\/\/ses-creative.com\/wp-content\/uploads\/2026\/01\/002831.jpg","contentUrl":"https:\/\/ses-creative.com\/wp-content\/uploads\/2026\/01\/002831.jpg","width":1000,"height":1000},{"@type":"BreadcrumbList","@id":"https:\/\/ses-creative.com\/fr\/produit\/blow-airbrush-pens-changement-de-couleur-magique\/#breadcrumb","itemListElement":[{"@type":"ListItem","position":1,"name":"Boutique","item":"https:\/\/ses-creative.com\/fr\/boutique\/"},{"@type":"ListItem","position":2,"name":"Loisirs cr\u00e9atifs","item":"https:\/\/ses-creative.com\/fr\/product-categorie\/loisirs-creatifs\/"},{"@type":"ListItem","position":3,"name":"Blow airbrush pens &#8211; Changement de couleur magique"}]},{"@type":"WebSite","@id":"https:\/\/ses-creative.com\/#website","url":"https:\/\/ses-creative.com\/","name":"SES Creative","description":"","publisher":{"@id":"https:\/\/ses-creative.com\/#organization"},"potentialAction":[{"@type":"SearchAction","target":{"@type":"EntryPoint","urlTemplate":"https:\/\/ses-creative.com\/?s={search_term_string}"},"query-input":{"@type":"PropertyValueSpecification","valueRequired":true,"valueName":"search_term_string"}}],"inLanguage":"fr-FR"},{"@type":"Organization","@id":"https:\/\/ses-creative.com\/#organization","name":"SES Creative","url":"https:\/\/ses-creative.com\/","logo":{"@type":"ImageObject","inLanguage":"fr-FR","@id":"https:\/\/ses-creative.com\/#\/schema\/logo\/image\/","url":"https:\/\/ses-creative.com\/wp-content\/uploads\/2025\/10\/ses-creative-logo.jpg","contentUrl":"https:\/\/ses-creative.com\/wp-content\/uploads\/2025\/10\/ses-creative-logo.jpg","width":2037,"height":2037,"caption":"SES Creative"},"image":{"@id":"https:\/\/ses-creative.com\/#\/schema\/logo\/image\/"}}]}},"_links":{"self":[{"href":"https:\/\/ses-creative.com\/fr\/wp-json\/wp\/v2\/product\/117967","targetHints":{"allow":["GET"]}}],"collection":[{"href":"https:\/\/ses-creative.com\/fr\/wp-json\/wp\/v2\/product"}],"about":[{"href":"https:\/\/ses-creative.com\/fr\/wp-json\/wp\/v2\/types\/product"}],"replies":[{"embeddable":true,"href":"https:\/\/ses-creative.com\/fr\/wp-json\/wp\/v2\/comments?post=117967"}],"wp:featuredmedia":[{"embeddable":true,"href":"https:\/\/ses-creative.com\/fr\/wp-json\/wp\/v2\/media\/96472"}],"wp:attachment":[{"href":"https:\/\/ses-creative.com\/fr\/wp-json\/wp\/v2\/media?parent=117967"}],"wp:term":[{"taxonomy":"product_brand","embeddable":true,"href":"https:\/\/ses-creative.com\/fr\/wp-json\/wp\/v2\/product_brand?post=117967"},{"taxonomy":"product_cat","embeddable":true,"href":"https:\/\/ses-creative.com\/fr\/wp-json\/wp\/v2\/product_cat?post=117967"},{"taxonomy":"product_tag","embeddable":true,"href":"https:\/\/ses-creative.com\/fr\/wp-json\/wp\/v2\/product_tag?post=117967"}],"curies":[{"name":"wp","href":"https:\/\/api.w.org\/{rel}","templated":true}]}}