











{"id":117963,"date":"2026-02-12T10:08:12","date_gmt":"2026-02-12T10:08:12","guid":{"rendered":"https:\/\/ses-creative.com\/?post_type=product&#038;p=117963"},"modified":"2026-02-12T10:22:11","modified_gmt":"2026-02-12T10:22:11","slug":"paillettes-biodegradables-10-couleurs","status":"publish","type":"product","link":"https:\/\/ses-creative.com\/fr\/produit\/paillettes-biodegradables-10-couleurs\/","title":{"rendered":"Paillettes biod\u00e9gradables &#8211; 10 couleurs"},"content":{"rendered":"<p>Ajoutez une touche de paillettes \u00e0 vos projets de bricolage<br \/>\nCe set de paillettes \u00e9cologiques est parfait pour les projets cr\u00e9atifs et allie couleurs vives et durabilit\u00e9. Que vous r\u00e9alisiez des cartes, d\u00e9coriez des \u0153uvres d&rsquo;art ou ajoutiez une touche scintillante \u00e0 vos cr\u00e9ations, ce set offre des possibilit\u00e9s infinies pour des bricolages amusants et respectueux de l&rsquo;environnement.<br \/>\nCe qui rend ce kit g\u00e9nial<br \/>\n&#8211; Pas moins de 10 couleurs de paillettes diff\u00e9rentes<br \/>\n&#8211;    Parfait pour rendre vos bricolages encore plus amusants<br \/>\n&#8211;    Les paillettes sont biod\u00e9gradables, ce qui est bon pour l&rsquo;environnement<br \/>\n&#8211; Stimule la cr\u00e9ativit\u00e9<br \/>\n&#8211;    Les tubes sont parfaits pour conserver les paillettes<br \/>\nDu plaisir \u00e9tincelant avec des paillettes<br \/>\nChaque couleur de paillettes ajoute un \u00e9clat unique \u00e0 vos cr\u00e9ations DIY, permettant aux enfants comme aux adultes d&rsquo;exprimer leur cr\u00e9ativit\u00e9 avec style. Les paillettes biod\u00e9gradables sont sp\u00e9cialement con\u00e7ues pour se d\u00e9composer dans les environnements naturels, ce qui en fait un choix s\u00fbr pour la plan\u00e8te et sans souci pour les familles.<br \/>\nParfait pour les enfants, les parents ou les amateurs de bricolage, ce kit de paillettes renforce l&rsquo;expression cr\u00e9ative tout en enseignant l&rsquo;importance des choix respectueux de l&rsquo;environnement. C&rsquo;est un excellent moyen de combiner l&rsquo;art et la durabilit\u00e9, et cela inspire les enfants comme les adultes \u00e0 prendre soin de l&rsquo;environnement tout en cr\u00e9ant de magnifiques chefs-d&rsquo;\u0153uvre.<br \/>\nContenu du kit<br \/>\n&#8211;    10 tubes de paillettes de diff\u00e9rentes couleurs<br \/>\nPourquoi choisir SES Creative ?<br \/>\nChez SES Creative, nous accordons une grande importance \u00e0 la s\u00e9curit\u00e9. C&rsquo;est pourquoi nos produits sont fabriqu\u00e9s et test\u00e9s dans notre usine aux Pays-Bas, conform\u00e9ment aux normes de s\u00e9curit\u00e9 europ\u00e9ennes les plus strictes. Les jouets SES Creative sont source de plaisir et permettent aux enfants d&rsquo;\u00eatre fiers de leur travail, ce qui stimule leur cr\u00e9ativit\u00e9 et leur d\u00e9veloppement.<br \/>\nCommencez d\u00e8s aujourd&rsquo;hui \u00e0 cr\u00e9er des paillettes<br \/>\nDes bricolages scintillants aux d\u00e9corations \u00e9tincelantes, ce kit est la combinaison parfaite entre cr\u00e9ativit\u00e9 et durabilit\u00e9. Laissez vos cr\u00e9ations briller de mille feux !<\/p>\n","protected":false},"excerpt":{"rendered":"<p>Ajoutez une touche de paillettes \u00e0 vos projets de bricolage Ce set de paillettes \u00e9cologiques est parfait pour les projets cr\u00e9atifs et allie couleurs vives et durabilit\u00e9. Que vous r\u00e9alisiez des cartes, d\u00e9coriez des \u0153uvres d&rsquo;art ou ajoutiez une touche scintillante \u00e0 vos cr\u00e9ations, ce set offre des possibilit\u00e9s infinies pour des bricolages amusants et [&hellip;]<\/p>\n","protected":false},"featured_media":96248,"comment_status":"closed","ping_status":"closed","template":"","meta":{"_acf_changed":false},"product_brand":[],"product_cat":[122],"product_tag":[],"class_list":{"0":"post-117963","1":"product","2":"type-product","3":"status-publish","4":"has-post-thumbnail","6":"product_cat-loisirs-creatifs","7":"pa_leeftijd-filter-3-4-ans","8":"pa_meest-populair-bij-garcons-filles","10":"first","11":"instock","12":"shipping-taxable","13":"product-type-simple"},"acf":[],"yoast_head":"<!-- This site is optimized with the Yoast SEO plugin v27.2 - https:\/\/yoast.com\/product\/yoast-seo-wordpress\/ -->\n<title>Paillettes biod\u00e9gradables - 10 couleurs - SES Creative<\/title>\n<meta name=\"robots\" content=\"index, follow, max-snippet:-1, max-image-preview:large, max-video-preview:-1\" \/>\n<link rel=\"canonical\" href=\"https:\/\/ses-creative.com\/fr\/produit\/paillettes-biodegradables-10-couleurs\/\" \/>\n<meta property=\"og:locale\" content=\"fr_FR\" \/>\n<meta property=\"og:type\" content=\"article\" \/>\n<meta property=\"og:title\" content=\"Paillettes biod\u00e9gradables - 10 couleurs - SES Creative\" \/>\n<meta property=\"og:description\" content=\"Ajoutez une touche de paillettes \u00e0 vos projets de bricolage Ce set de paillettes \u00e9cologiques est parfait pour les projets cr\u00e9atifs et allie couleurs vives et durabilit\u00e9. Que vous r\u00e9alisiez des cartes, d\u00e9coriez des \u0153uvres d&rsquo;art ou ajoutiez une touche scintillante \u00e0 vos cr\u00e9ations, ce set offre des possibilit\u00e9s infinies pour des bricolages amusants et [&hellip;]\" \/>\n<meta property=\"og:url\" content=\"https:\/\/ses-creative.com\/fr\/produit\/paillettes-biodegradables-10-couleurs\/\" \/>\n<meta property=\"og:site_name\" content=\"SES Creative\" \/>\n<meta property=\"article:modified_time\" content=\"2026-02-12T10:22:11+00:00\" \/>\n<meta name=\"twitter:card\" content=\"summary_large_image\" \/>\n<meta name=\"twitter:label1\" content=\"Dur\u00e9e de lecture estim\u00e9e\" \/>\n\t<meta name=\"twitter:data1\" content=\"2 minutes\" \/>\n<script type=\"application\/ld+json\" class=\"yoast-schema-graph\">{\"@context\":\"https:\/\/schema.org\",\"@graph\":[{\"@type\":\"WebPage\",\"@id\":\"https:\/\/ses-creative.com\/fr\/produit\/paillettes-biodegradables-10-couleurs\/\",\"url\":\"https:\/\/ses-creative.com\/fr\/produit\/paillettes-biodegradables-10-couleurs\/\",\"name\":\"Paillettes biod\u00e9gradables - 10 couleurs - SES Creative\",\"isPartOf\":{\"@id\":\"https:\/\/ses-creative.com\/#website\"},\"primaryImageOfPage\":{\"@id\":\"https:\/\/ses-creative.com\/fr\/produit\/paillettes-biodegradables-10-couleurs\/#primaryimage\"},\"image\":{\"@id\":\"https:\/\/ses-creative.com\/fr\/produit\/paillettes-biodegradables-10-couleurs\/#primaryimage\"},\"thumbnailUrl\":\"https:\/\/ses-creative.com\/wp-content\/uploads\/2026\/01\/002521.jpg\",\"datePublished\":\"2026-02-12T10:08:12+00:00\",\"dateModified\":\"2026-02-12T10:22:11+00:00\",\"breadcrumb\":{\"@id\":\"https:\/\/ses-creative.com\/fr\/produit\/paillettes-biodegradables-10-couleurs\/#breadcrumb\"},\"inLanguage\":\"fr-FR\",\"potentialAction\":[{\"@type\":\"ReadAction\",\"target\":[\"https:\/\/ses-creative.com\/fr\/produit\/paillettes-biodegradables-10-couleurs\/\"]}]},{\"@type\":\"ImageObject\",\"inLanguage\":\"fr-FR\",\"@id\":\"https:\/\/ses-creative.com\/fr\/produit\/paillettes-biodegradables-10-couleurs\/#primaryimage\",\"url\":\"https:\/\/ses-creative.com\/wp-content\/uploads\/2026\/01\/002521.jpg\",\"contentUrl\":\"https:\/\/ses-creative.com\/wp-content\/uploads\/2026\/01\/002521.jpg\",\"width\":1000,\"height\":1000},{\"@type\":\"BreadcrumbList\",\"@id\":\"https:\/\/ses-creative.com\/fr\/produit\/paillettes-biodegradables-10-couleurs\/#breadcrumb\",\"itemListElement\":[{\"@type\":\"ListItem\",\"position\":1,\"name\":\"Boutique\",\"item\":\"https:\/\/ses-creative.com\/fr\/boutique\/\"},{\"@type\":\"ListItem\",\"position\":2,\"name\":\"Loisirs cr\u00e9atifs\",\"item\":\"https:\/\/ses-creative.com\/fr\/product-categorie\/loisirs-creatifs\/\"},{\"@type\":\"ListItem\",\"position\":3,\"name\":\"Paillettes biod\u00e9gradables &#8211; 10 couleurs\"}]},{\"@type\":\"WebSite\",\"@id\":\"https:\/\/ses-creative.com\/#website\",\"url\":\"https:\/\/ses-creative.com\/\",\"name\":\"SES Creative\",\"description\":\"\",\"publisher\":{\"@id\":\"https:\/\/ses-creative.com\/#organization\"},\"potentialAction\":[{\"@type\":\"SearchAction\",\"target\":{\"@type\":\"EntryPoint\",\"urlTemplate\":\"https:\/\/ses-creative.com\/?s={search_term_string}\"},\"query-input\":{\"@type\":\"PropertyValueSpecification\",\"valueRequired\":true,\"valueName\":\"search_term_string\"}}],\"inLanguage\":\"fr-FR\"},{\"@type\":\"Organization\",\"@id\":\"https:\/\/ses-creative.com\/#organization\",\"name\":\"SES Creative\",\"url\":\"https:\/\/ses-creative.com\/\",\"logo\":{\"@type\":\"ImageObject\",\"inLanguage\":\"fr-FR\",\"@id\":\"https:\/\/ses-creative.com\/#\/schema\/logo\/image\/\",\"url\":\"https:\/\/ses-creative.com\/wp-content\/uploads\/2025\/10\/ses-creative-logo.jpg\",\"contentUrl\":\"https:\/\/ses-creative.com\/wp-content\/uploads\/2025\/10\/ses-creative-logo.jpg\",\"width\":2037,\"height\":2037,\"caption\":\"SES Creative\"},\"image\":{\"@id\":\"https:\/\/ses-creative.com\/#\/schema\/logo\/image\/\"}}]}<\/script>\n<!-- \/ Yoast SEO plugin. -->","yoast_head_json":{"title":"Paillettes biod\u00e9gradables - 10 couleurs - SES Creative","robots":{"index":"index","follow":"follow","max-snippet":"max-snippet:-1","max-image-preview":"max-image-preview:large","max-video-preview":"max-video-preview:-1"},"canonical":"https:\/\/ses-creative.com\/fr\/produit\/paillettes-biodegradables-10-couleurs\/","og_locale":"fr_FR","og_type":"article","og_title":"Paillettes biod\u00e9gradables - 10 couleurs - SES Creative","og_description":"Ajoutez une touche de paillettes \u00e0 vos projets de bricolage Ce set de paillettes \u00e9cologiques est parfait pour les projets cr\u00e9atifs et allie couleurs vives et durabilit\u00e9. Que vous r\u00e9alisiez des cartes, d\u00e9coriez des \u0153uvres d&rsquo;art ou ajoutiez une touche scintillante \u00e0 vos cr\u00e9ations, ce set offre des possibilit\u00e9s infinies pour des bricolages amusants et [&hellip;]","og_url":"https:\/\/ses-creative.com\/fr\/produit\/paillettes-biodegradables-10-couleurs\/","og_site_name":"SES Creative","article_modified_time":"2026-02-12T10:22:11+00:00","twitter_card":"summary_large_image","twitter_misc":{"Dur\u00e9e de lecture estim\u00e9e":"2 minutes"},"schema":{"@context":"https:\/\/schema.org","@graph":[{"@type":"WebPage","@id":"https:\/\/ses-creative.com\/fr\/produit\/paillettes-biodegradables-10-couleurs\/","url":"https:\/\/ses-creative.com\/fr\/produit\/paillettes-biodegradables-10-couleurs\/","name":"Paillettes biod\u00e9gradables - 10 couleurs - SES Creative","isPartOf":{"@id":"https:\/\/ses-creative.com\/#website"},"primaryImageOfPage":{"@id":"https:\/\/ses-creative.com\/fr\/produit\/paillettes-biodegradables-10-couleurs\/#primaryimage"},"image":{"@id":"https:\/\/ses-creative.com\/fr\/produit\/paillettes-biodegradables-10-couleurs\/#primaryimage"},"thumbnailUrl":"https:\/\/ses-creative.com\/wp-content\/uploads\/2026\/01\/002521.jpg","datePublished":"2026-02-12T10:08:12+00:00","dateModified":"2026-02-12T10:22:11+00:00","breadcrumb":{"@id":"https:\/\/ses-creative.com\/fr\/produit\/paillettes-biodegradables-10-couleurs\/#breadcrumb"},"inLanguage":"fr-FR","potentialAction":[{"@type":"ReadAction","target":["https:\/\/ses-creative.com\/fr\/produit\/paillettes-biodegradables-10-couleurs\/"]}]},{"@type":"ImageObject","inLanguage":"fr-FR","@id":"https:\/\/ses-creative.com\/fr\/produit\/paillettes-biodegradables-10-couleurs\/#primaryimage","url":"https:\/\/ses-creative.com\/wp-content\/uploads\/2026\/01\/002521.jpg","contentUrl":"https:\/\/ses-creative.com\/wp-content\/uploads\/2026\/01\/002521.jpg","width":1000,"height":1000},{"@type":"BreadcrumbList","@id":"https:\/\/ses-creative.com\/fr\/produit\/paillettes-biodegradables-10-couleurs\/#breadcrumb","itemListElement":[{"@type":"ListItem","position":1,"name":"Boutique","item":"https:\/\/ses-creative.com\/fr\/boutique\/"},{"@type":"ListItem","position":2,"name":"Loisirs cr\u00e9atifs","item":"https:\/\/ses-creative.com\/fr\/product-categorie\/loisirs-creatifs\/"},{"@type":"ListItem","position":3,"name":"Paillettes biod\u00e9gradables &#8211; 10 couleurs"}]},{"@type":"WebSite","@id":"https:\/\/ses-creative.com\/#website","url":"https:\/\/ses-creative.com\/","name":"SES Creative","description":"","publisher":{"@id":"https:\/\/ses-creative.com\/#organization"},"potentialAction":[{"@type":"SearchAction","target":{"@type":"EntryPoint","urlTemplate":"https:\/\/ses-creative.com\/?s={search_term_string}"},"query-input":{"@type":"PropertyValueSpecification","valueRequired":true,"valueName":"search_term_string"}}],"inLanguage":"fr-FR"},{"@type":"Organization","@id":"https:\/\/ses-creative.com\/#organization","name":"SES Creative","url":"https:\/\/ses-creative.com\/","logo":{"@type":"ImageObject","inLanguage":"fr-FR","@id":"https:\/\/ses-creative.com\/#\/schema\/logo\/image\/","url":"https:\/\/ses-creative.com\/wp-content\/uploads\/2025\/10\/ses-creative-logo.jpg","contentUrl":"https:\/\/ses-creative.com\/wp-content\/uploads\/2025\/10\/ses-creative-logo.jpg","width":2037,"height":2037,"caption":"SES Creative"},"image":{"@id":"https:\/\/ses-creative.com\/#\/schema\/logo\/image\/"}}]}},"_links":{"self":[{"href":"https:\/\/ses-creative.com\/fr\/wp-json\/wp\/v2\/product\/117963","targetHints":{"allow":["GET"]}}],"collection":[{"href":"https:\/\/ses-creative.com\/fr\/wp-json\/wp\/v2\/product"}],"about":[{"href":"https:\/\/ses-creative.com\/fr\/wp-json\/wp\/v2\/types\/product"}],"replies":[{"embeddable":true,"href":"https:\/\/ses-creative.com\/fr\/wp-json\/wp\/v2\/comments?post=117963"}],"wp:featuredmedia":[{"embeddable":true,"href":"https:\/\/ses-creative.com\/fr\/wp-json\/wp\/v2\/media\/96248"}],"wp:attachment":[{"href":"https:\/\/ses-creative.com\/fr\/wp-json\/wp\/v2\/media?parent=117963"}],"wp:term":[{"taxonomy":"product_brand","embeddable":true,"href":"https:\/\/ses-creative.com\/fr\/wp-json\/wp\/v2\/product_brand?post=117963"},{"taxonomy":"product_cat","embeddable":true,"href":"https:\/\/ses-creative.com\/fr\/wp-json\/wp\/v2\/product_cat?post=117963"},{"taxonomy":"product_tag","embeddable":true,"href":"https:\/\/ses-creative.com\/fr\/wp-json\/wp\/v2\/product_tag?post=117963"}],"curies":[{"name":"wp","href":"https:\/\/api.w.org\/{rel}","templated":true}]}}