











{"id":117962,"date":"2026-02-12T10:08:12","date_gmt":"2026-02-12T10:08:12","guid":{"rendered":"https:\/\/ses-creative.com\/?post_type=product&#038;p=117962"},"modified":"2026-02-12T10:22:11","modified_gmt":"2026-02-12T10:22:11","slug":"my-first-colorier-avec-des-crayons-en-boules","status":"publish","type":"product","link":"https:\/\/ses-creative.com\/fr\/produit\/my-first-colorier-avec-des-crayons-en-boules\/","title":{"rendered":"My first &#8211; Colorier avec des crayons en boules"},"content":{"rendered":"<p>R\u00e9alisez les plus beaux dessins avec My First Krijtkralen !<br \/>\nPrenez le collier de perles et commencez \u00e0 dessiner ! Ces perles \u00e0 dessiner sp\u00e9ciales de SES Creative sont parfaites pour les tout-petits gr\u00e2ce \u00e0 leur prise en main facile. Leur forme ronde permet aux tout-petits de les saisir facilement et d&rsquo;apprendre \u00e0 colorier avec des craies. Les perles sont enfil\u00e9es les unes aux autres, ce qui \u00e9vite de les perdre. Id\u00e9al pour les enfants qui veulent faire leurs premiers pas dans le monde du dessin !<br \/>\nCe qui rend ce set g\u00e9nial<br \/>\n&#8211;    Facile \u00e0 saisir pour les petites mains et forme offrant une bonne prise en main<br \/>\n&#8211;    Les craies sont enfil\u00e9es les unes aux autres, ce qui \u00e9vite de les perdre et de mettre du d\u00e9sordre<br \/>\n&#8211; Stimule la cr\u00e9ativit\u00e9 et la motricit\u00e9 fine, parfait pour apprendre \u00e0 dessiner<br \/>\n&#8211;    Crayons aux couleurs gaies<br \/>\n&#8211;    Convient aux enfants \u00e0 partir de 1 an<br \/>\nPourquoi ce produit est-il parfait pour vous ?<br \/>\nCe set est id\u00e9al pour les parents qui souhaitent faire profiter leurs tout-petits d&rsquo;une activit\u00e9 cr\u00e9ative et \u00e9ducative. Il offre un moyen s\u00fbr et amusant de jouer et d&rsquo;apprendre \u00e0 colorier. Les craies sont faciles \u00e0 utiliser et garantissent beaucoup de plaisir sans faire de d\u00e9sordre. La craie est \u00e9galement facilement lavable. Un excellent moyen d&rsquo;\u00eatre cr\u00e9atif et de d\u00e9velopper la motricit\u00e9 fine.<br \/>\nContenu du kit<br \/>\n&#8211;    6 boules de craie color\u00e9es enfil\u00e9es les unes aux autres<br \/>\n&#8211;    Couleurs : bleu, violet, jaune, vert, orange, rouge<br \/>\nPourquoi choisir SES Creative ?<br \/>\nChez SES Creative, nous accordons une grande importance \u00e0 la s\u00e9curit\u00e9. C&rsquo;est pourquoi nos produits sont fabriqu\u00e9s et test\u00e9s dans notre usine aux Pays-Bas, conform\u00e9ment aux normes de s\u00e9curit\u00e9 europ\u00e9ennes les plus strictes. Les jouets SES Creative sont source de plaisir et permettent aux enfants d&rsquo;\u00eatre fiers de leur travail, ce qui stimule leur cr\u00e9ativit\u00e9 et leur d\u00e9veloppement.<br \/>\nCommencez d\u00e8s aujourd&rsquo;hui \u00e0 r\u00e9aliser de beaux dessins<br \/>\nD\u00e9couvrez le plaisir de dessiner et de colorier avec ces perles de craie color\u00e9es. Parfaites pour des heures de jeu cr\u00e9atif !<\/p>\n","protected":false},"excerpt":{"rendered":"<p>R\u00e9alisez les plus beaux dessins avec My First Krijtkralen ! Prenez le collier de perles et commencez \u00e0 dessiner ! Ces perles \u00e0 dessiner sp\u00e9ciales de SES Creative sont parfaites pour les tout-petits gr\u00e2ce \u00e0 leur prise en main facile. Leur forme ronde permet aux tout-petits de les saisir facilement et d&rsquo;apprendre \u00e0 colorier avec [&hellip;]<\/p>\n","protected":false},"featured_media":96188,"comment_status":"closed","ping_status":"closed","template":"","meta":{"_acf_changed":false},"product_brand":[],"product_cat":[123],"product_tag":[],"class_list":{"0":"post-117962","1":"product","2":"type-product","3":"status-publish","4":"has-post-thumbnail","6":"product_cat-bebe-tout-petit","7":"pa_leeftijd-filter-0-2-ans","8":"pa_meest-populair-bij-garcons-filles","10":"first","11":"instock","12":"shipping-taxable","13":"product-type-simple"},"acf":[],"yoast_head":"<!-- This site is optimized with the Yoast SEO plugin v27.2 - https:\/\/yoast.com\/product\/yoast-seo-wordpress\/ -->\n<title>My first - Colorier avec des crayons en boules - SES Creative<\/title>\n<meta name=\"robots\" content=\"index, follow, max-snippet:-1, max-image-preview:large, max-video-preview:-1\" \/>\n<link rel=\"canonical\" href=\"https:\/\/ses-creative.com\/fr\/produit\/my-first-colorier-avec-des-crayons-en-boules\/\" \/>\n<meta property=\"og:locale\" content=\"fr_FR\" \/>\n<meta property=\"og:type\" content=\"article\" \/>\n<meta property=\"og:title\" content=\"My first - Colorier avec des crayons en boules - SES Creative\" \/>\n<meta property=\"og:description\" content=\"R\u00e9alisez les plus beaux dessins avec My First Krijtkralen ! Prenez le collier de perles et commencez \u00e0 dessiner ! Ces perles \u00e0 dessiner sp\u00e9ciales de SES Creative sont parfaites pour les tout-petits gr\u00e2ce \u00e0 leur prise en main facile. Leur forme ronde permet aux tout-petits de les saisir facilement et d&rsquo;apprendre \u00e0 colorier avec [&hellip;]\" \/>\n<meta property=\"og:url\" content=\"https:\/\/ses-creative.com\/fr\/produit\/my-first-colorier-avec-des-crayons-en-boules\/\" \/>\n<meta property=\"og:site_name\" content=\"SES Creative\" \/>\n<meta property=\"article:modified_time\" content=\"2026-02-12T10:22:11+00:00\" \/>\n<meta name=\"twitter:card\" content=\"summary_large_image\" \/>\n<meta name=\"twitter:label1\" content=\"Dur\u00e9e de lecture estim\u00e9e\" \/>\n\t<meta name=\"twitter:data1\" content=\"2 minutes\" \/>\n<script type=\"application\/ld+json\" class=\"yoast-schema-graph\">{\"@context\":\"https:\/\/schema.org\",\"@graph\":[{\"@type\":\"WebPage\",\"@id\":\"https:\/\/ses-creative.com\/fr\/produit\/my-first-colorier-avec-des-crayons-en-boules\/\",\"url\":\"https:\/\/ses-creative.com\/fr\/produit\/my-first-colorier-avec-des-crayons-en-boules\/\",\"name\":\"My first - Colorier avec des crayons en boules - SES Creative\",\"isPartOf\":{\"@id\":\"https:\/\/ses-creative.com\/#website\"},\"primaryImageOfPage\":{\"@id\":\"https:\/\/ses-creative.com\/fr\/produit\/my-first-colorier-avec-des-crayons-en-boules\/#primaryimage\"},\"image\":{\"@id\":\"https:\/\/ses-creative.com\/fr\/produit\/my-first-colorier-avec-des-crayons-en-boules\/#primaryimage\"},\"thumbnailUrl\":\"https:\/\/ses-creative.com\/wp-content\/uploads\/2026\/01\/002441.jpg\",\"datePublished\":\"2026-02-12T10:08:12+00:00\",\"dateModified\":\"2026-02-12T10:22:11+00:00\",\"breadcrumb\":{\"@id\":\"https:\/\/ses-creative.com\/fr\/produit\/my-first-colorier-avec-des-crayons-en-boules\/#breadcrumb\"},\"inLanguage\":\"fr-FR\",\"potentialAction\":[{\"@type\":\"ReadAction\",\"target\":[\"https:\/\/ses-creative.com\/fr\/produit\/my-first-colorier-avec-des-crayons-en-boules\/\"]}]},{\"@type\":\"ImageObject\",\"inLanguage\":\"fr-FR\",\"@id\":\"https:\/\/ses-creative.com\/fr\/produit\/my-first-colorier-avec-des-crayons-en-boules\/#primaryimage\",\"url\":\"https:\/\/ses-creative.com\/wp-content\/uploads\/2026\/01\/002441.jpg\",\"contentUrl\":\"https:\/\/ses-creative.com\/wp-content\/uploads\/2026\/01\/002441.jpg\",\"width\":1000,\"height\":1000},{\"@type\":\"BreadcrumbList\",\"@id\":\"https:\/\/ses-creative.com\/fr\/produit\/my-first-colorier-avec-des-crayons-en-boules\/#breadcrumb\",\"itemListElement\":[{\"@type\":\"ListItem\",\"position\":1,\"name\":\"Boutique\",\"item\":\"https:\/\/ses-creative.com\/fr\/boutique\/\"},{\"@type\":\"ListItem\",\"position\":2,\"name\":\"B\u00e9b\u00e9 &amp; Tout-petit\",\"item\":\"https:\/\/ses-creative.com\/fr\/product-categorie\/bebe-tout-petit\/\"},{\"@type\":\"ListItem\",\"position\":3,\"name\":\"My first &#8211; Colorier avec des crayons en boules\"}]},{\"@type\":\"WebSite\",\"@id\":\"https:\/\/ses-creative.com\/#website\",\"url\":\"https:\/\/ses-creative.com\/\",\"name\":\"SES Creative\",\"description\":\"\",\"publisher\":{\"@id\":\"https:\/\/ses-creative.com\/#organization\"},\"potentialAction\":[{\"@type\":\"SearchAction\",\"target\":{\"@type\":\"EntryPoint\",\"urlTemplate\":\"https:\/\/ses-creative.com\/?s={search_term_string}\"},\"query-input\":{\"@type\":\"PropertyValueSpecification\",\"valueRequired\":true,\"valueName\":\"search_term_string\"}}],\"inLanguage\":\"fr-FR\"},{\"@type\":\"Organization\",\"@id\":\"https:\/\/ses-creative.com\/#organization\",\"name\":\"SES Creative\",\"url\":\"https:\/\/ses-creative.com\/\",\"logo\":{\"@type\":\"ImageObject\",\"inLanguage\":\"fr-FR\",\"@id\":\"https:\/\/ses-creative.com\/#\/schema\/logo\/image\/\",\"url\":\"https:\/\/ses-creative.com\/wp-content\/uploads\/2025\/10\/ses-creative-logo.jpg\",\"contentUrl\":\"https:\/\/ses-creative.com\/wp-content\/uploads\/2025\/10\/ses-creative-logo.jpg\",\"width\":2037,\"height\":2037,\"caption\":\"SES Creative\"},\"image\":{\"@id\":\"https:\/\/ses-creative.com\/#\/schema\/logo\/image\/\"}}]}<\/script>\n<!-- \/ Yoast SEO plugin. -->","yoast_head_json":{"title":"My first - Colorier avec des crayons en boules - SES Creative","robots":{"index":"index","follow":"follow","max-snippet":"max-snippet:-1","max-image-preview":"max-image-preview:large","max-video-preview":"max-video-preview:-1"},"canonical":"https:\/\/ses-creative.com\/fr\/produit\/my-first-colorier-avec-des-crayons-en-boules\/","og_locale":"fr_FR","og_type":"article","og_title":"My first - Colorier avec des crayons en boules - SES Creative","og_description":"R\u00e9alisez les plus beaux dessins avec My First Krijtkralen ! Prenez le collier de perles et commencez \u00e0 dessiner ! Ces perles \u00e0 dessiner sp\u00e9ciales de SES Creative sont parfaites pour les tout-petits gr\u00e2ce \u00e0 leur prise en main facile. Leur forme ronde permet aux tout-petits de les saisir facilement et d&rsquo;apprendre \u00e0 colorier avec [&hellip;]","og_url":"https:\/\/ses-creative.com\/fr\/produit\/my-first-colorier-avec-des-crayons-en-boules\/","og_site_name":"SES Creative","article_modified_time":"2026-02-12T10:22:11+00:00","twitter_card":"summary_large_image","twitter_misc":{"Dur\u00e9e de lecture estim\u00e9e":"2 minutes"},"schema":{"@context":"https:\/\/schema.org","@graph":[{"@type":"WebPage","@id":"https:\/\/ses-creative.com\/fr\/produit\/my-first-colorier-avec-des-crayons-en-boules\/","url":"https:\/\/ses-creative.com\/fr\/produit\/my-first-colorier-avec-des-crayons-en-boules\/","name":"My first - Colorier avec des crayons en boules - SES Creative","isPartOf":{"@id":"https:\/\/ses-creative.com\/#website"},"primaryImageOfPage":{"@id":"https:\/\/ses-creative.com\/fr\/produit\/my-first-colorier-avec-des-crayons-en-boules\/#primaryimage"},"image":{"@id":"https:\/\/ses-creative.com\/fr\/produit\/my-first-colorier-avec-des-crayons-en-boules\/#primaryimage"},"thumbnailUrl":"https:\/\/ses-creative.com\/wp-content\/uploads\/2026\/01\/002441.jpg","datePublished":"2026-02-12T10:08:12+00:00","dateModified":"2026-02-12T10:22:11+00:00","breadcrumb":{"@id":"https:\/\/ses-creative.com\/fr\/produit\/my-first-colorier-avec-des-crayons-en-boules\/#breadcrumb"},"inLanguage":"fr-FR","potentialAction":[{"@type":"ReadAction","target":["https:\/\/ses-creative.com\/fr\/produit\/my-first-colorier-avec-des-crayons-en-boules\/"]}]},{"@type":"ImageObject","inLanguage":"fr-FR","@id":"https:\/\/ses-creative.com\/fr\/produit\/my-first-colorier-avec-des-crayons-en-boules\/#primaryimage","url":"https:\/\/ses-creative.com\/wp-content\/uploads\/2026\/01\/002441.jpg","contentUrl":"https:\/\/ses-creative.com\/wp-content\/uploads\/2026\/01\/002441.jpg","width":1000,"height":1000},{"@type":"BreadcrumbList","@id":"https:\/\/ses-creative.com\/fr\/produit\/my-first-colorier-avec-des-crayons-en-boules\/#breadcrumb","itemListElement":[{"@type":"ListItem","position":1,"name":"Boutique","item":"https:\/\/ses-creative.com\/fr\/boutique\/"},{"@type":"ListItem","position":2,"name":"B\u00e9b\u00e9 &amp; Tout-petit","item":"https:\/\/ses-creative.com\/fr\/product-categorie\/bebe-tout-petit\/"},{"@type":"ListItem","position":3,"name":"My first &#8211; Colorier avec des crayons en boules"}]},{"@type":"WebSite","@id":"https:\/\/ses-creative.com\/#website","url":"https:\/\/ses-creative.com\/","name":"SES Creative","description":"","publisher":{"@id":"https:\/\/ses-creative.com\/#organization"},"potentialAction":[{"@type":"SearchAction","target":{"@type":"EntryPoint","urlTemplate":"https:\/\/ses-creative.com\/?s={search_term_string}"},"query-input":{"@type":"PropertyValueSpecification","valueRequired":true,"valueName":"search_term_string"}}],"inLanguage":"fr-FR"},{"@type":"Organization","@id":"https:\/\/ses-creative.com\/#organization","name":"SES Creative","url":"https:\/\/ses-creative.com\/","logo":{"@type":"ImageObject","inLanguage":"fr-FR","@id":"https:\/\/ses-creative.com\/#\/schema\/logo\/image\/","url":"https:\/\/ses-creative.com\/wp-content\/uploads\/2025\/10\/ses-creative-logo.jpg","contentUrl":"https:\/\/ses-creative.com\/wp-content\/uploads\/2025\/10\/ses-creative-logo.jpg","width":2037,"height":2037,"caption":"SES Creative"},"image":{"@id":"https:\/\/ses-creative.com\/#\/schema\/logo\/image\/"}}]}},"_links":{"self":[{"href":"https:\/\/ses-creative.com\/fr\/wp-json\/wp\/v2\/product\/117962","targetHints":{"allow":["GET"]}}],"collection":[{"href":"https:\/\/ses-creative.com\/fr\/wp-json\/wp\/v2\/product"}],"about":[{"href":"https:\/\/ses-creative.com\/fr\/wp-json\/wp\/v2\/types\/product"}],"replies":[{"embeddable":true,"href":"https:\/\/ses-creative.com\/fr\/wp-json\/wp\/v2\/comments?post=117962"}],"wp:featuredmedia":[{"embeddable":true,"href":"https:\/\/ses-creative.com\/fr\/wp-json\/wp\/v2\/media\/96188"}],"wp:attachment":[{"href":"https:\/\/ses-creative.com\/fr\/wp-json\/wp\/v2\/media?parent=117962"}],"wp:term":[{"taxonomy":"product_brand","embeddable":true,"href":"https:\/\/ses-creative.com\/fr\/wp-json\/wp\/v2\/product_brand?post=117962"},{"taxonomy":"product_cat","embeddable":true,"href":"https:\/\/ses-creative.com\/fr\/wp-json\/wp\/v2\/product_cat?post=117962"},{"taxonomy":"product_tag","embeddable":true,"href":"https:\/\/ses-creative.com\/fr\/wp-json\/wp\/v2\/product_tag?post=117962"}],"curies":[{"name":"wp","href":"https:\/\/api.w.org\/{rel}","templated":true}]}}