











{"id":117961,"date":"2026-02-12T10:08:12","date_gmt":"2026-02-12T10:08:12","guid":{"rendered":"https:\/\/ses-creative.com\/?post_type=product&#038;p=117961"},"modified":"2026-02-12T10:22:11","modified_gmt":"2026-02-12T10:22:11","slug":"my-first-colourball","status":"publish","type":"product","link":"https:\/\/ses-creative.com\/fr\/produit\/my-first-colourball\/","title":{"rendered":"My first &#8211; Colourball"},"content":{"rendered":"<p>D\u00e9couvrez les couleurs et la cr\u00e9ativit\u00e9 avec la boule de couleur My First !<br \/>\nAvec le crayon de couleur SES Creative, m\u00eame les plus petits peuvent cr\u00e9er de jolies \u0153uvres d&rsquo;art ! D\u00e9couvrez le monde des couleurs et de la cr\u00e9ativit\u00e9 avec ce crayon de couleur joyeux.  Le crayon de couleur est facile \u00e0 tenir avec de petites mains et sa forme offre une meilleure prise en main. Les tout-petits peuvent d\u00e9couvrir les couleurs de mani\u00e8re amusante et s\u00fbre. Ce crayon color\u00e9 est id\u00e9al pour faire ses premiers pas dans le monde des couleurs et du dessin.<br \/>\nCe qui rend ce set g\u00e9nial<br \/>\n&#8211;    Facile \u00e0 saisir, parfait pour les petites mains<br \/>\n&#8211;    Stimule la motricit\u00e9 fine<br \/>\n&#8211;    D\u00e9couverte des couleurs et du dessin avec des craies aux couleurs vives<br \/>\n&#8211;    Convient aux enfants \u00e0 partir de 1 an<br \/>\n&#8211;    Les craies sont facilement lavables, tant sur les v\u00eatements que sur la peau<br \/>\nPourquoi ce produit est-il parfait pour vous ?<br \/>\nCette boule de couleur est id\u00e9ale pour les parents qui souhaitent faire profiter leurs tout-petits d&rsquo;une activit\u00e9 cr\u00e9ative et \u00e9ducative. Elle offre un moyen s\u00fbr et amusant de jouer et d&rsquo;apprendre, tout en stimulant la motricit\u00e9 fine de votre enfant. La craie est facilement lavable et s&rsquo;enl\u00e8ve facilement des mains.<br \/>\nContenu du set<br \/>\n&#8211;    Boule de craie avec 6 couleurs diff\u00e9rentes (rouge, jaune, bleu, vert, noir et marron)<br \/>\nPourquoi choisir SES Creative ?<br \/>\nChez SES Creative, nous accordons une grande importance \u00e0 la s\u00e9curit\u00e9. C&rsquo;est pourquoi nos produits sont fabriqu\u00e9s et test\u00e9s dans notre usine aux Pays-Bas, conform\u00e9ment aux normes de s\u00e9curit\u00e9 europ\u00e9ennes les plus strictes. Les jouets SES Creative sont source de plaisir et permettent aux enfants d&rsquo;\u00eatre fiers de leur travail, ce qui stimule leur cr\u00e9ativit\u00e9 et leur d\u00e9veloppement.<br \/>\nCommencez d\u00e8s aujourd&rsquo;hui \u00e0 explorer les couleurs<br \/>\nD\u00e9couvrez le plaisir des couleurs et de la cr\u00e9ativit\u00e9 avec la balle color\u00e9e My First. Parfaite pour des heures de plaisir !<\/p>\n","protected":false},"excerpt":{"rendered":"<p>D\u00e9couvrez les couleurs et la cr\u00e9ativit\u00e9 avec la boule de couleur My First ! Avec le crayon de couleur SES Creative, m\u00eame les plus petits peuvent cr\u00e9er de jolies \u0153uvres d&rsquo;art ! D\u00e9couvrez le monde des couleurs et de la cr\u00e9ativit\u00e9 avec ce crayon de couleur joyeux. Le crayon de couleur est facile \u00e0 tenir [&hellip;]<\/p>\n","protected":false},"featured_media":96128,"comment_status":"closed","ping_status":"closed","template":"","meta":{"_acf_changed":false},"product_brand":[],"product_cat":[123],"product_tag":[],"class_list":{"0":"post-117961","1":"product","2":"type-product","3":"status-publish","4":"has-post-thumbnail","6":"product_cat-bebe-tout-petit","7":"pa_leeftijd-filter-0-2-ans","8":"pa_meest-populair-bij-garcons-filles","10":"first","11":"instock","12":"shipping-taxable","13":"product-type-simple"},"acf":[],"yoast_head":"<!-- This site is optimized with the Yoast SEO plugin v27.2 - https:\/\/yoast.com\/product\/yoast-seo-wordpress\/ -->\n<title>My first - Colourball - SES Creative<\/title>\n<meta name=\"robots\" content=\"index, follow, max-snippet:-1, max-image-preview:large, max-video-preview:-1\" \/>\n<link rel=\"canonical\" href=\"https:\/\/ses-creative.com\/fr\/produit\/my-first-colourball\/\" \/>\n<meta property=\"og:locale\" content=\"fr_FR\" \/>\n<meta property=\"og:type\" content=\"article\" \/>\n<meta property=\"og:title\" content=\"My first - Colourball - SES Creative\" \/>\n<meta property=\"og:description\" content=\"D\u00e9couvrez les couleurs et la cr\u00e9ativit\u00e9 avec la boule de couleur My First ! Avec le crayon de couleur SES Creative, m\u00eame les plus petits peuvent cr\u00e9er de jolies \u0153uvres d&rsquo;art ! D\u00e9couvrez le monde des couleurs et de la cr\u00e9ativit\u00e9 avec ce crayon de couleur joyeux. Le crayon de couleur est facile \u00e0 tenir [&hellip;]\" \/>\n<meta property=\"og:url\" content=\"https:\/\/ses-creative.com\/fr\/produit\/my-first-colourball\/\" \/>\n<meta property=\"og:site_name\" content=\"SES Creative\" \/>\n<meta property=\"article:modified_time\" content=\"2026-02-12T10:22:11+00:00\" \/>\n<meta name=\"twitter:card\" content=\"summary_large_image\" \/>\n<meta name=\"twitter:label1\" content=\"Dur\u00e9e de lecture estim\u00e9e\" \/>\n\t<meta name=\"twitter:data1\" content=\"2 minutes\" \/>\n<script type=\"application\/ld+json\" class=\"yoast-schema-graph\">{\"@context\":\"https:\/\/schema.org\",\"@graph\":[{\"@type\":\"WebPage\",\"@id\":\"https:\/\/ses-creative.com\/fr\/produit\/my-first-colourball\/\",\"url\":\"https:\/\/ses-creative.com\/fr\/produit\/my-first-colourball\/\",\"name\":\"My first - Colourball - SES Creative\",\"isPartOf\":{\"@id\":\"https:\/\/ses-creative.com\/#website\"},\"primaryImageOfPage\":{\"@id\":\"https:\/\/ses-creative.com\/fr\/produit\/my-first-colourball\/#primaryimage\"},\"image\":{\"@id\":\"https:\/\/ses-creative.com\/fr\/produit\/my-first-colourball\/#primaryimage\"},\"thumbnailUrl\":\"https:\/\/ses-creative.com\/wp-content\/uploads\/2026\/01\/002421.jpg\",\"datePublished\":\"2026-02-12T10:08:12+00:00\",\"dateModified\":\"2026-02-12T10:22:11+00:00\",\"breadcrumb\":{\"@id\":\"https:\/\/ses-creative.com\/fr\/produit\/my-first-colourball\/#breadcrumb\"},\"inLanguage\":\"fr-FR\",\"potentialAction\":[{\"@type\":\"ReadAction\",\"target\":[\"https:\/\/ses-creative.com\/fr\/produit\/my-first-colourball\/\"]}]},{\"@type\":\"ImageObject\",\"inLanguage\":\"fr-FR\",\"@id\":\"https:\/\/ses-creative.com\/fr\/produit\/my-first-colourball\/#primaryimage\",\"url\":\"https:\/\/ses-creative.com\/wp-content\/uploads\/2026\/01\/002421.jpg\",\"contentUrl\":\"https:\/\/ses-creative.com\/wp-content\/uploads\/2026\/01\/002421.jpg\",\"width\":1000,\"height\":1000},{\"@type\":\"BreadcrumbList\",\"@id\":\"https:\/\/ses-creative.com\/fr\/produit\/my-first-colourball\/#breadcrumb\",\"itemListElement\":[{\"@type\":\"ListItem\",\"position\":1,\"name\":\"Boutique\",\"item\":\"https:\/\/ses-creative.com\/fr\/boutique\/\"},{\"@type\":\"ListItem\",\"position\":2,\"name\":\"B\u00e9b\u00e9 &amp; Tout-petit\",\"item\":\"https:\/\/ses-creative.com\/fr\/product-categorie\/bebe-tout-petit\/\"},{\"@type\":\"ListItem\",\"position\":3,\"name\":\"My first &#8211; Colourball\"}]},{\"@type\":\"WebSite\",\"@id\":\"https:\/\/ses-creative.com\/#website\",\"url\":\"https:\/\/ses-creative.com\/\",\"name\":\"SES Creative\",\"description\":\"\",\"publisher\":{\"@id\":\"https:\/\/ses-creative.com\/#organization\"},\"potentialAction\":[{\"@type\":\"SearchAction\",\"target\":{\"@type\":\"EntryPoint\",\"urlTemplate\":\"https:\/\/ses-creative.com\/?s={search_term_string}\"},\"query-input\":{\"@type\":\"PropertyValueSpecification\",\"valueRequired\":true,\"valueName\":\"search_term_string\"}}],\"inLanguage\":\"fr-FR\"},{\"@type\":\"Organization\",\"@id\":\"https:\/\/ses-creative.com\/#organization\",\"name\":\"SES Creative\",\"url\":\"https:\/\/ses-creative.com\/\",\"logo\":{\"@type\":\"ImageObject\",\"inLanguage\":\"fr-FR\",\"@id\":\"https:\/\/ses-creative.com\/#\/schema\/logo\/image\/\",\"url\":\"https:\/\/ses-creative.com\/wp-content\/uploads\/2025\/10\/ses-creative-logo.jpg\",\"contentUrl\":\"https:\/\/ses-creative.com\/wp-content\/uploads\/2025\/10\/ses-creative-logo.jpg\",\"width\":2037,\"height\":2037,\"caption\":\"SES Creative\"},\"image\":{\"@id\":\"https:\/\/ses-creative.com\/#\/schema\/logo\/image\/\"}}]}<\/script>\n<!-- \/ Yoast SEO plugin. -->","yoast_head_json":{"title":"My first - Colourball - SES Creative","robots":{"index":"index","follow":"follow","max-snippet":"max-snippet:-1","max-image-preview":"max-image-preview:large","max-video-preview":"max-video-preview:-1"},"canonical":"https:\/\/ses-creative.com\/fr\/produit\/my-first-colourball\/","og_locale":"fr_FR","og_type":"article","og_title":"My first - Colourball - SES Creative","og_description":"D\u00e9couvrez les couleurs et la cr\u00e9ativit\u00e9 avec la boule de couleur My First ! Avec le crayon de couleur SES Creative, m\u00eame les plus petits peuvent cr\u00e9er de jolies \u0153uvres d&rsquo;art ! D\u00e9couvrez le monde des couleurs et de la cr\u00e9ativit\u00e9 avec ce crayon de couleur joyeux. Le crayon de couleur est facile \u00e0 tenir [&hellip;]","og_url":"https:\/\/ses-creative.com\/fr\/produit\/my-first-colourball\/","og_site_name":"SES Creative","article_modified_time":"2026-02-12T10:22:11+00:00","twitter_card":"summary_large_image","twitter_misc":{"Dur\u00e9e de lecture estim\u00e9e":"2 minutes"},"schema":{"@context":"https:\/\/schema.org","@graph":[{"@type":"WebPage","@id":"https:\/\/ses-creative.com\/fr\/produit\/my-first-colourball\/","url":"https:\/\/ses-creative.com\/fr\/produit\/my-first-colourball\/","name":"My first - Colourball - SES Creative","isPartOf":{"@id":"https:\/\/ses-creative.com\/#website"},"primaryImageOfPage":{"@id":"https:\/\/ses-creative.com\/fr\/produit\/my-first-colourball\/#primaryimage"},"image":{"@id":"https:\/\/ses-creative.com\/fr\/produit\/my-first-colourball\/#primaryimage"},"thumbnailUrl":"https:\/\/ses-creative.com\/wp-content\/uploads\/2026\/01\/002421.jpg","datePublished":"2026-02-12T10:08:12+00:00","dateModified":"2026-02-12T10:22:11+00:00","breadcrumb":{"@id":"https:\/\/ses-creative.com\/fr\/produit\/my-first-colourball\/#breadcrumb"},"inLanguage":"fr-FR","potentialAction":[{"@type":"ReadAction","target":["https:\/\/ses-creative.com\/fr\/produit\/my-first-colourball\/"]}]},{"@type":"ImageObject","inLanguage":"fr-FR","@id":"https:\/\/ses-creative.com\/fr\/produit\/my-first-colourball\/#primaryimage","url":"https:\/\/ses-creative.com\/wp-content\/uploads\/2026\/01\/002421.jpg","contentUrl":"https:\/\/ses-creative.com\/wp-content\/uploads\/2026\/01\/002421.jpg","width":1000,"height":1000},{"@type":"BreadcrumbList","@id":"https:\/\/ses-creative.com\/fr\/produit\/my-first-colourball\/#breadcrumb","itemListElement":[{"@type":"ListItem","position":1,"name":"Boutique","item":"https:\/\/ses-creative.com\/fr\/boutique\/"},{"@type":"ListItem","position":2,"name":"B\u00e9b\u00e9 &amp; Tout-petit","item":"https:\/\/ses-creative.com\/fr\/product-categorie\/bebe-tout-petit\/"},{"@type":"ListItem","position":3,"name":"My first &#8211; Colourball"}]},{"@type":"WebSite","@id":"https:\/\/ses-creative.com\/#website","url":"https:\/\/ses-creative.com\/","name":"SES Creative","description":"","publisher":{"@id":"https:\/\/ses-creative.com\/#organization"},"potentialAction":[{"@type":"SearchAction","target":{"@type":"EntryPoint","urlTemplate":"https:\/\/ses-creative.com\/?s={search_term_string}"},"query-input":{"@type":"PropertyValueSpecification","valueRequired":true,"valueName":"search_term_string"}}],"inLanguage":"fr-FR"},{"@type":"Organization","@id":"https:\/\/ses-creative.com\/#organization","name":"SES Creative","url":"https:\/\/ses-creative.com\/","logo":{"@type":"ImageObject","inLanguage":"fr-FR","@id":"https:\/\/ses-creative.com\/#\/schema\/logo\/image\/","url":"https:\/\/ses-creative.com\/wp-content\/uploads\/2025\/10\/ses-creative-logo.jpg","contentUrl":"https:\/\/ses-creative.com\/wp-content\/uploads\/2025\/10\/ses-creative-logo.jpg","width":2037,"height":2037,"caption":"SES Creative"},"image":{"@id":"https:\/\/ses-creative.com\/#\/schema\/logo\/image\/"}}]}},"_links":{"self":[{"href":"https:\/\/ses-creative.com\/fr\/wp-json\/wp\/v2\/product\/117961","targetHints":{"allow":["GET"]}}],"collection":[{"href":"https:\/\/ses-creative.com\/fr\/wp-json\/wp\/v2\/product"}],"about":[{"href":"https:\/\/ses-creative.com\/fr\/wp-json\/wp\/v2\/types\/product"}],"replies":[{"embeddable":true,"href":"https:\/\/ses-creative.com\/fr\/wp-json\/wp\/v2\/comments?post=117961"}],"wp:featuredmedia":[{"embeddable":true,"href":"https:\/\/ses-creative.com\/fr\/wp-json\/wp\/v2\/media\/96128"}],"wp:attachment":[{"href":"https:\/\/ses-creative.com\/fr\/wp-json\/wp\/v2\/media?parent=117961"}],"wp:term":[{"taxonomy":"product_brand","embeddable":true,"href":"https:\/\/ses-creative.com\/fr\/wp-json\/wp\/v2\/product_brand?post=117961"},{"taxonomy":"product_cat","embeddable":true,"href":"https:\/\/ses-creative.com\/fr\/wp-json\/wp\/v2\/product_cat?post=117961"},{"taxonomy":"product_tag","embeddable":true,"href":"https:\/\/ses-creative.com\/fr\/wp-json\/wp\/v2\/product_tag?post=117961"}],"curies":[{"name":"wp","href":"https:\/\/api.w.org\/{rel}","templated":true}]}}