











{"id":117959,"date":"2026-02-12T10:08:11","date_gmt":"2026-02-12T10:08:11","guid":{"rendered":"https:\/\/ses-creative.com\/?post_type=product&#038;p=117959"},"modified":"2026-02-12T10:22:11","modified_gmt":"2026-02-12T10:22:11","slug":"craies-12-couleurs","status":"publish","type":"product","link":"https:\/\/ses-creative.com\/fr\/produit\/craies-12-couleurs\/","title":{"rendered":"Craies 12 couleurs"},"content":{"rendered":"<p>Ce coffret de craies anti-poussi\u00e8re SES Creative contient 12 b\u00e2tons de craie aux couleurs vives, con\u00e7us pour les enfants d\u00e8s 3 ans. Chaque craie est r\u00e9sistante, facile \u00e0 prendre en main, et produit peu de poussi\u00e8re, ce qui les rend pratiques pour un usage en int\u00e9rieur sur tableau noir ou papier. Leur texture permet un trac\u00e9 fluide et propre, favorisant l\u2019expression artistique d\u00e8s le plus jeune \u00e2ge. Les craies sont lavables, ne tachent pas et se nettoient ais\u00e9ment des surfaces et textiles. Utilis\u00e9es dans les activit\u00e9s manuelles craie, elles conviennent \u00e0 la maison, en classe ou dans les centres de loisirs. Ces craies pour enfants conviennent bien pour le dessin \u00e0 la craie et adapt\u00e9es au tableau noir ou tableau blanc lavable. Fabriqu\u00e9es avec des mat\u00e9riaux non toxiques, elles garantissent une utilisation s\u00e9curis\u00e9e pour les enfants. Ce coffret est \u00e9galement 100 % neutre en CO2, ce qui en fait un choix \u00e9coresponsable pour encourager les loisirs cr\u00e9atifs. Ce coffret de craie pour enfants convient aussi au dessin sur tableau. Chaque craie lavable tableau garantit une utilisation pratique et propre. Il allie durabilit\u00e9, s\u00e9curit\u00e9 et plaisir de dessiner dans un format pratique et color\u00e9.<\/p>\n","protected":false},"excerpt":{"rendered":"<p>Ce coffret de craies anti-poussi\u00e8re SES Creative contient 12 b\u00e2tons de craie aux couleurs vives, con\u00e7us pour les enfants d\u00e8s 3 ans. Chaque craie est r\u00e9sistante, facile \u00e0 prendre en main, et produit peu de poussi\u00e8re, ce qui les rend pratiques pour un usage en int\u00e9rieur sur tableau noir ou papier. Leur texture permet un [&hellip;]<\/p>\n","protected":false},"featured_media":96008,"comment_status":"closed","ping_status":"closed","template":"","meta":{"_acf_changed":false},"product_brand":[],"product_cat":[122],"product_tag":[],"class_list":{"0":"post-117959","1":"product","2":"type-product","3":"status-publish","4":"has-post-thumbnail","6":"product_cat-loisirs-creatifs","7":"pa_leeftijd-filter-0-2-ans","8":"pa_meest-populair-bij-garcons-filles","10":"first","11":"instock","12":"shipping-taxable","13":"product-type-simple"},"acf":[],"yoast_head":"<!-- This site is optimized with the Yoast SEO plugin v27.2 - https:\/\/yoast.com\/product\/yoast-seo-wordpress\/ -->\n<title>Craies 12 couleurs - SES Creative<\/title>\n<meta name=\"robots\" content=\"index, follow, max-snippet:-1, max-image-preview:large, max-video-preview:-1\" \/>\n<link rel=\"canonical\" href=\"https:\/\/ses-creative.com\/fr\/produit\/craies-12-couleurs\/\" \/>\n<meta property=\"og:locale\" content=\"fr_FR\" \/>\n<meta property=\"og:type\" content=\"article\" \/>\n<meta property=\"og:title\" content=\"Craies 12 couleurs - SES Creative\" \/>\n<meta property=\"og:description\" content=\"Ce coffret de craies anti-poussi\u00e8re SES Creative contient 12 b\u00e2tons de craie aux couleurs vives, con\u00e7us pour les enfants d\u00e8s 3 ans. Chaque craie est r\u00e9sistante, facile \u00e0 prendre en main, et produit peu de poussi\u00e8re, ce qui les rend pratiques pour un usage en int\u00e9rieur sur tableau noir ou papier. Leur texture permet un [&hellip;]\" \/>\n<meta property=\"og:url\" content=\"https:\/\/ses-creative.com\/fr\/produit\/craies-12-couleurs\/\" \/>\n<meta property=\"og:site_name\" content=\"SES Creative\" \/>\n<meta property=\"article:modified_time\" content=\"2026-02-12T10:22:11+00:00\" \/>\n<meta name=\"twitter:card\" content=\"summary_large_image\" \/>\n<meta name=\"twitter:label1\" content=\"Dur\u00e9e de lecture estim\u00e9e\" \/>\n\t<meta name=\"twitter:data1\" content=\"1 minute\" \/>\n<script type=\"application\/ld+json\" class=\"yoast-schema-graph\">{\"@context\":\"https:\/\/schema.org\",\"@graph\":[{\"@type\":\"WebPage\",\"@id\":\"https:\/\/ses-creative.com\/fr\/produit\/craies-12-couleurs\/\",\"url\":\"https:\/\/ses-creative.com\/fr\/produit\/craies-12-couleurs\/\",\"name\":\"Craies 12 couleurs - SES Creative\",\"isPartOf\":{\"@id\":\"https:\/\/ses-creative.com\/#website\"},\"primaryImageOfPage\":{\"@id\":\"https:\/\/ses-creative.com\/fr\/produit\/craies-12-couleurs\/#primaryimage\"},\"image\":{\"@id\":\"https:\/\/ses-creative.com\/fr\/produit\/craies-12-couleurs\/#primaryimage\"},\"thumbnailUrl\":\"https:\/\/ses-creative.com\/wp-content\/uploads\/2026\/01\/002011.jpg\",\"datePublished\":\"2026-02-12T10:08:11+00:00\",\"dateModified\":\"2026-02-12T10:22:11+00:00\",\"breadcrumb\":{\"@id\":\"https:\/\/ses-creative.com\/fr\/produit\/craies-12-couleurs\/#breadcrumb\"},\"inLanguage\":\"fr-FR\",\"potentialAction\":[{\"@type\":\"ReadAction\",\"target\":[\"https:\/\/ses-creative.com\/fr\/produit\/craies-12-couleurs\/\"]}]},{\"@type\":\"ImageObject\",\"inLanguage\":\"fr-FR\",\"@id\":\"https:\/\/ses-creative.com\/fr\/produit\/craies-12-couleurs\/#primaryimage\",\"url\":\"https:\/\/ses-creative.com\/wp-content\/uploads\/2026\/01\/002011.jpg\",\"contentUrl\":\"https:\/\/ses-creative.com\/wp-content\/uploads\/2026\/01\/002011.jpg\",\"width\":1000,\"height\":1000},{\"@type\":\"BreadcrumbList\",\"@id\":\"https:\/\/ses-creative.com\/fr\/produit\/craies-12-couleurs\/#breadcrumb\",\"itemListElement\":[{\"@type\":\"ListItem\",\"position\":1,\"name\":\"Boutique\",\"item\":\"https:\/\/ses-creative.com\/fr\/boutique\/\"},{\"@type\":\"ListItem\",\"position\":2,\"name\":\"Loisirs cr\u00e9atifs\",\"item\":\"https:\/\/ses-creative.com\/fr\/product-categorie\/loisirs-creatifs\/\"},{\"@type\":\"ListItem\",\"position\":3,\"name\":\"Craies 12 couleurs\"}]},{\"@type\":\"WebSite\",\"@id\":\"https:\/\/ses-creative.com\/#website\",\"url\":\"https:\/\/ses-creative.com\/\",\"name\":\"SES Creative\",\"description\":\"\",\"publisher\":{\"@id\":\"https:\/\/ses-creative.com\/#organization\"},\"potentialAction\":[{\"@type\":\"SearchAction\",\"target\":{\"@type\":\"EntryPoint\",\"urlTemplate\":\"https:\/\/ses-creative.com\/?s={search_term_string}\"},\"query-input\":{\"@type\":\"PropertyValueSpecification\",\"valueRequired\":true,\"valueName\":\"search_term_string\"}}],\"inLanguage\":\"fr-FR\"},{\"@type\":\"Organization\",\"@id\":\"https:\/\/ses-creative.com\/#organization\",\"name\":\"SES Creative\",\"url\":\"https:\/\/ses-creative.com\/\",\"logo\":{\"@type\":\"ImageObject\",\"inLanguage\":\"fr-FR\",\"@id\":\"https:\/\/ses-creative.com\/#\/schema\/logo\/image\/\",\"url\":\"https:\/\/ses-creative.com\/wp-content\/uploads\/2025\/10\/ses-creative-logo.jpg\",\"contentUrl\":\"https:\/\/ses-creative.com\/wp-content\/uploads\/2025\/10\/ses-creative-logo.jpg\",\"width\":2037,\"height\":2037,\"caption\":\"SES Creative\"},\"image\":{\"@id\":\"https:\/\/ses-creative.com\/#\/schema\/logo\/image\/\"}}]}<\/script>\n<!-- \/ Yoast SEO plugin. -->","yoast_head_json":{"title":"Craies 12 couleurs - SES Creative","robots":{"index":"index","follow":"follow","max-snippet":"max-snippet:-1","max-image-preview":"max-image-preview:large","max-video-preview":"max-video-preview:-1"},"canonical":"https:\/\/ses-creative.com\/fr\/produit\/craies-12-couleurs\/","og_locale":"fr_FR","og_type":"article","og_title":"Craies 12 couleurs - SES Creative","og_description":"Ce coffret de craies anti-poussi\u00e8re SES Creative contient 12 b\u00e2tons de craie aux couleurs vives, con\u00e7us pour les enfants d\u00e8s 3 ans. Chaque craie est r\u00e9sistante, facile \u00e0 prendre en main, et produit peu de poussi\u00e8re, ce qui les rend pratiques pour un usage en int\u00e9rieur sur tableau noir ou papier. Leur texture permet un [&hellip;]","og_url":"https:\/\/ses-creative.com\/fr\/produit\/craies-12-couleurs\/","og_site_name":"SES Creative","article_modified_time":"2026-02-12T10:22:11+00:00","twitter_card":"summary_large_image","twitter_misc":{"Dur\u00e9e de lecture estim\u00e9e":"1 minute"},"schema":{"@context":"https:\/\/schema.org","@graph":[{"@type":"WebPage","@id":"https:\/\/ses-creative.com\/fr\/produit\/craies-12-couleurs\/","url":"https:\/\/ses-creative.com\/fr\/produit\/craies-12-couleurs\/","name":"Craies 12 couleurs - SES Creative","isPartOf":{"@id":"https:\/\/ses-creative.com\/#website"},"primaryImageOfPage":{"@id":"https:\/\/ses-creative.com\/fr\/produit\/craies-12-couleurs\/#primaryimage"},"image":{"@id":"https:\/\/ses-creative.com\/fr\/produit\/craies-12-couleurs\/#primaryimage"},"thumbnailUrl":"https:\/\/ses-creative.com\/wp-content\/uploads\/2026\/01\/002011.jpg","datePublished":"2026-02-12T10:08:11+00:00","dateModified":"2026-02-12T10:22:11+00:00","breadcrumb":{"@id":"https:\/\/ses-creative.com\/fr\/produit\/craies-12-couleurs\/#breadcrumb"},"inLanguage":"fr-FR","potentialAction":[{"@type":"ReadAction","target":["https:\/\/ses-creative.com\/fr\/produit\/craies-12-couleurs\/"]}]},{"@type":"ImageObject","inLanguage":"fr-FR","@id":"https:\/\/ses-creative.com\/fr\/produit\/craies-12-couleurs\/#primaryimage","url":"https:\/\/ses-creative.com\/wp-content\/uploads\/2026\/01\/002011.jpg","contentUrl":"https:\/\/ses-creative.com\/wp-content\/uploads\/2026\/01\/002011.jpg","width":1000,"height":1000},{"@type":"BreadcrumbList","@id":"https:\/\/ses-creative.com\/fr\/produit\/craies-12-couleurs\/#breadcrumb","itemListElement":[{"@type":"ListItem","position":1,"name":"Boutique","item":"https:\/\/ses-creative.com\/fr\/boutique\/"},{"@type":"ListItem","position":2,"name":"Loisirs cr\u00e9atifs","item":"https:\/\/ses-creative.com\/fr\/product-categorie\/loisirs-creatifs\/"},{"@type":"ListItem","position":3,"name":"Craies 12 couleurs"}]},{"@type":"WebSite","@id":"https:\/\/ses-creative.com\/#website","url":"https:\/\/ses-creative.com\/","name":"SES Creative","description":"","publisher":{"@id":"https:\/\/ses-creative.com\/#organization"},"potentialAction":[{"@type":"SearchAction","target":{"@type":"EntryPoint","urlTemplate":"https:\/\/ses-creative.com\/?s={search_term_string}"},"query-input":{"@type":"PropertyValueSpecification","valueRequired":true,"valueName":"search_term_string"}}],"inLanguage":"fr-FR"},{"@type":"Organization","@id":"https:\/\/ses-creative.com\/#organization","name":"SES Creative","url":"https:\/\/ses-creative.com\/","logo":{"@type":"ImageObject","inLanguage":"fr-FR","@id":"https:\/\/ses-creative.com\/#\/schema\/logo\/image\/","url":"https:\/\/ses-creative.com\/wp-content\/uploads\/2025\/10\/ses-creative-logo.jpg","contentUrl":"https:\/\/ses-creative.com\/wp-content\/uploads\/2025\/10\/ses-creative-logo.jpg","width":2037,"height":2037,"caption":"SES Creative"},"image":{"@id":"https:\/\/ses-creative.com\/#\/schema\/logo\/image\/"}}]}},"_links":{"self":[{"href":"https:\/\/ses-creative.com\/fr\/wp-json\/wp\/v2\/product\/117959","targetHints":{"allow":["GET"]}}],"collection":[{"href":"https:\/\/ses-creative.com\/fr\/wp-json\/wp\/v2\/product"}],"about":[{"href":"https:\/\/ses-creative.com\/fr\/wp-json\/wp\/v2\/types\/product"}],"replies":[{"embeddable":true,"href":"https:\/\/ses-creative.com\/fr\/wp-json\/wp\/v2\/comments?post=117959"}],"wp:featuredmedia":[{"embeddable":true,"href":"https:\/\/ses-creative.com\/fr\/wp-json\/wp\/v2\/media\/96008"}],"wp:attachment":[{"href":"https:\/\/ses-creative.com\/fr\/wp-json\/wp\/v2\/media?parent=117959"}],"wp:term":[{"taxonomy":"product_brand","embeddable":true,"href":"https:\/\/ses-creative.com\/fr\/wp-json\/wp\/v2\/product_brand?post=117959"},{"taxonomy":"product_cat","embeddable":true,"href":"https:\/\/ses-creative.com\/fr\/wp-json\/wp\/v2\/product_cat?post=117959"},{"taxonomy":"product_tag","embeddable":true,"href":"https:\/\/ses-creative.com\/fr\/wp-json\/wp\/v2\/product_tag?post=117959"}],"curies":[{"name":"wp","href":"https:\/\/api.w.org\/{rel}","templated":true}]}}