











{"id":117958,"date":"2026-02-12T10:08:11","date_gmt":"2026-02-12T10:08:11","guid":{"rendered":"https:\/\/ses-creative.com\/?post_type=product&#038;p=117958"},"modified":"2026-02-12T10:22:11","modified_gmt":"2026-02-12T10:22:11","slug":"craies-blanche-12-pieces","status":"publish","type":"product","link":"https:\/\/ses-creative.com\/fr\/produit\/craies-blanche-12-pieces\/","title":{"rendered":"Craies Blanche 12 pi\u00e8ces"},"content":{"rendered":"<p>Dessinez et \u00e9crivez avec les craies les plus r\u00e9sistantes !<br \/>\nAvec les 12 craies blanches de SES Creative, vous pouvez r\u00e9aliser les plus beaux dessins et \u00e9crire les textes les plus clairs sur votre tableau noir ou votre tableau magn\u00e9tique peint. Ces craies sont extra r\u00e9sistantes et sans poussi\u00e8re, ce qui les rend parfaites pour une utilisation prolong\u00e9e. Id\u00e9al pour les enfants qui aiment dessiner ou \u00e9crire sur un tableau noir !<br \/>\nCe qui rend ce set g\u00e9nial<br \/>\n&#8211;    Craies r\u00e9sistantes qui ne se cassent pas facilement<br \/>\n&#8211;    Sans poussi\u00e8re  pour un environnement de jeu propre<br \/>\n&#8211;    Longue dur\u00e9e de vie, parfaites pour une utilisation r\u00e9p\u00e9t\u00e9e<br \/>\n&#8211;    Aide au d\u00e9veloppement de la motricit\u00e9 fine et de la cr\u00e9ativit\u00e9<br \/>\n&#8211;    Convient aux enfants \u00e0 partir de 3 ans<br \/>\nDessinez et \u00e9crivez sans souci<br \/>\nAvec ces craies, les enfants peuvent laisser libre cours \u00e0 leur imagination et exprimer leurs id\u00e9es cr\u00e9atives sur un tableau noir. Les craies conviennent \u00e9galement \u00e0 la peinture pour tableau noir. Les craies sont tr\u00e8s r\u00e9sistantes et ne produisent pas de poussi\u00e8re, ce qui leur conf\u00e8re une longue dur\u00e9e de vie et garantit un environnement de jeu propre. Qu&rsquo;il s&rsquo;agisse de dessiner une sc\u00e8ne color\u00e9e ou d&rsquo;\u00e9crire des lettres et des chiffres, ces craies sont le choix id\u00e9al pour les enfants qui aiment \u00eatre cr\u00e9atifs.<br \/>\nQue vous jouiez seul ou avec des amis, ces craies vous offrent tout ce dont vous avez besoin pour une aventure cr\u00e9ative. C&rsquo;est le moyen id\u00e9al pour initier les enfants au dessin et \u00e0 l&rsquo;\u00e9criture sur un tableau noir.<br \/>\nContenu du set<br \/>\n&#8211;    12 craies blanches<br \/>\nPourquoi choisir SES Creative ?<br \/>\nChez SES Creative, nous accordons une grande importance \u00e0 la s\u00e9curit\u00e9. C&rsquo;est pourquoi nos produits sont fabriqu\u00e9s et test\u00e9s dans notre usine aux Pays-Bas, conform\u00e9ment aux normes de s\u00e9curit\u00e9 europ\u00e9ennes les plus strictes. Les jouets SES Creative sont source de plaisir et permettent aux enfants d&rsquo;\u00eatre fiers de leur travail, ce qui stimule leur cr\u00e9ativit\u00e9 et leur d\u00e9veloppement.<br \/>\nCommencez \u00e0 dessiner et \u00e0 \u00e9crire d\u00e8s aujourd&rsquo;hui !<br \/>\nAvec les craies SES Creative, vous pouvez cr\u00e9er sans cesse de nouvelles \u0153uvres et raconter vos propres histoires. Lancez-vous et d\u00e9couvrez le plaisir de dessiner et d&rsquo;\u00e9crire avec des craies !\u2003<\/p>\n","protected":false},"excerpt":{"rendered":"<p>Dessinez et \u00e9crivez avec les craies les plus r\u00e9sistantes ! Avec les 12 craies blanches de SES Creative, vous pouvez r\u00e9aliser les plus beaux dessins et \u00e9crire les textes les plus clairs sur votre tableau noir ou votre tableau magn\u00e9tique peint. Ces craies sont extra r\u00e9sistantes et sans poussi\u00e8re, ce qui les rend parfaites pour [&hellip;]<\/p>\n","protected":false},"featured_media":95948,"comment_status":"closed","ping_status":"closed","template":"","meta":{"_acf_changed":false},"product_brand":[],"product_cat":[122],"product_tag":[],"class_list":{"0":"post-117958","1":"product","2":"type-product","3":"status-publish","4":"has-post-thumbnail","6":"product_cat-loisirs-creatifs","7":"pa_leeftijd-filter-0-2-ans","8":"pa_meest-populair-bij-garcons-filles","10":"first","11":"instock","12":"shipping-taxable","13":"product-type-simple"},"acf":[],"yoast_head":"<!-- This site is optimized with the Yoast SEO plugin v27.2 - https:\/\/yoast.com\/product\/yoast-seo-wordpress\/ -->\n<title>Craies Blanche 12 pi\u00e8ces - SES Creative<\/title>\n<meta name=\"robots\" content=\"index, follow, max-snippet:-1, max-image-preview:large, max-video-preview:-1\" \/>\n<link rel=\"canonical\" href=\"https:\/\/ses-creative.com\/fr\/produit\/craies-blanche-12-pieces\/\" \/>\n<meta property=\"og:locale\" content=\"fr_FR\" \/>\n<meta property=\"og:type\" content=\"article\" \/>\n<meta property=\"og:title\" content=\"Craies Blanche 12 pi\u00e8ces - SES Creative\" \/>\n<meta property=\"og:description\" content=\"Dessinez et \u00e9crivez avec les craies les plus r\u00e9sistantes ! Avec les 12 craies blanches de SES Creative, vous pouvez r\u00e9aliser les plus beaux dessins et \u00e9crire les textes les plus clairs sur votre tableau noir ou votre tableau magn\u00e9tique peint. Ces craies sont extra r\u00e9sistantes et sans poussi\u00e8re, ce qui les rend parfaites pour [&hellip;]\" \/>\n<meta property=\"og:url\" content=\"https:\/\/ses-creative.com\/fr\/produit\/craies-blanche-12-pieces\/\" \/>\n<meta property=\"og:site_name\" content=\"SES Creative\" \/>\n<meta property=\"article:modified_time\" content=\"2026-02-12T10:22:11+00:00\" \/>\n<meta name=\"twitter:card\" content=\"summary_large_image\" \/>\n<meta name=\"twitter:label1\" content=\"Dur\u00e9e de lecture estim\u00e9e\" \/>\n\t<meta name=\"twitter:data1\" content=\"2 minutes\" \/>\n<script type=\"application\/ld+json\" class=\"yoast-schema-graph\">{\"@context\":\"https:\/\/schema.org\",\"@graph\":[{\"@type\":\"WebPage\",\"@id\":\"https:\/\/ses-creative.com\/fr\/produit\/craies-blanche-12-pieces\/\",\"url\":\"https:\/\/ses-creative.com\/fr\/produit\/craies-blanche-12-pieces\/\",\"name\":\"Craies Blanche 12 pi\u00e8ces - SES Creative\",\"isPartOf\":{\"@id\":\"https:\/\/ses-creative.com\/#website\"},\"primaryImageOfPage\":{\"@id\":\"https:\/\/ses-creative.com\/fr\/produit\/craies-blanche-12-pieces\/#primaryimage\"},\"image\":{\"@id\":\"https:\/\/ses-creative.com\/fr\/produit\/craies-blanche-12-pieces\/#primaryimage\"},\"thumbnailUrl\":\"https:\/\/ses-creative.com\/wp-content\/uploads\/2026\/01\/002001.jpg\",\"datePublished\":\"2026-02-12T10:08:11+00:00\",\"dateModified\":\"2026-02-12T10:22:11+00:00\",\"breadcrumb\":{\"@id\":\"https:\/\/ses-creative.com\/fr\/produit\/craies-blanche-12-pieces\/#breadcrumb\"},\"inLanguage\":\"fr-FR\",\"potentialAction\":[{\"@type\":\"ReadAction\",\"target\":[\"https:\/\/ses-creative.com\/fr\/produit\/craies-blanche-12-pieces\/\"]}]},{\"@type\":\"ImageObject\",\"inLanguage\":\"fr-FR\",\"@id\":\"https:\/\/ses-creative.com\/fr\/produit\/craies-blanche-12-pieces\/#primaryimage\",\"url\":\"https:\/\/ses-creative.com\/wp-content\/uploads\/2026\/01\/002001.jpg\",\"contentUrl\":\"https:\/\/ses-creative.com\/wp-content\/uploads\/2026\/01\/002001.jpg\",\"width\":1000,\"height\":1000},{\"@type\":\"BreadcrumbList\",\"@id\":\"https:\/\/ses-creative.com\/fr\/produit\/craies-blanche-12-pieces\/#breadcrumb\",\"itemListElement\":[{\"@type\":\"ListItem\",\"position\":1,\"name\":\"Boutique\",\"item\":\"https:\/\/ses-creative.com\/fr\/boutique\/\"},{\"@type\":\"ListItem\",\"position\":2,\"name\":\"Loisirs cr\u00e9atifs\",\"item\":\"https:\/\/ses-creative.com\/fr\/product-categorie\/loisirs-creatifs\/\"},{\"@type\":\"ListItem\",\"position\":3,\"name\":\"Craies Blanche 12 pi\u00e8ces\"}]},{\"@type\":\"WebSite\",\"@id\":\"https:\/\/ses-creative.com\/#website\",\"url\":\"https:\/\/ses-creative.com\/\",\"name\":\"SES Creative\",\"description\":\"\",\"publisher\":{\"@id\":\"https:\/\/ses-creative.com\/#organization\"},\"potentialAction\":[{\"@type\":\"SearchAction\",\"target\":{\"@type\":\"EntryPoint\",\"urlTemplate\":\"https:\/\/ses-creative.com\/?s={search_term_string}\"},\"query-input\":{\"@type\":\"PropertyValueSpecification\",\"valueRequired\":true,\"valueName\":\"search_term_string\"}}],\"inLanguage\":\"fr-FR\"},{\"@type\":\"Organization\",\"@id\":\"https:\/\/ses-creative.com\/#organization\",\"name\":\"SES Creative\",\"url\":\"https:\/\/ses-creative.com\/\",\"logo\":{\"@type\":\"ImageObject\",\"inLanguage\":\"fr-FR\",\"@id\":\"https:\/\/ses-creative.com\/#\/schema\/logo\/image\/\",\"url\":\"https:\/\/ses-creative.com\/wp-content\/uploads\/2025\/10\/ses-creative-logo.jpg\",\"contentUrl\":\"https:\/\/ses-creative.com\/wp-content\/uploads\/2025\/10\/ses-creative-logo.jpg\",\"width\":2037,\"height\":2037,\"caption\":\"SES Creative\"},\"image\":{\"@id\":\"https:\/\/ses-creative.com\/#\/schema\/logo\/image\/\"}}]}<\/script>\n<!-- \/ Yoast SEO plugin. -->","yoast_head_json":{"title":"Craies Blanche 12 pi\u00e8ces - SES Creative","robots":{"index":"index","follow":"follow","max-snippet":"max-snippet:-1","max-image-preview":"max-image-preview:large","max-video-preview":"max-video-preview:-1"},"canonical":"https:\/\/ses-creative.com\/fr\/produit\/craies-blanche-12-pieces\/","og_locale":"fr_FR","og_type":"article","og_title":"Craies Blanche 12 pi\u00e8ces - SES Creative","og_description":"Dessinez et \u00e9crivez avec les craies les plus r\u00e9sistantes ! Avec les 12 craies blanches de SES Creative, vous pouvez r\u00e9aliser les plus beaux dessins et \u00e9crire les textes les plus clairs sur votre tableau noir ou votre tableau magn\u00e9tique peint. Ces craies sont extra r\u00e9sistantes et sans poussi\u00e8re, ce qui les rend parfaites pour [&hellip;]","og_url":"https:\/\/ses-creative.com\/fr\/produit\/craies-blanche-12-pieces\/","og_site_name":"SES Creative","article_modified_time":"2026-02-12T10:22:11+00:00","twitter_card":"summary_large_image","twitter_misc":{"Dur\u00e9e de lecture estim\u00e9e":"2 minutes"},"schema":{"@context":"https:\/\/schema.org","@graph":[{"@type":"WebPage","@id":"https:\/\/ses-creative.com\/fr\/produit\/craies-blanche-12-pieces\/","url":"https:\/\/ses-creative.com\/fr\/produit\/craies-blanche-12-pieces\/","name":"Craies Blanche 12 pi\u00e8ces - SES Creative","isPartOf":{"@id":"https:\/\/ses-creative.com\/#website"},"primaryImageOfPage":{"@id":"https:\/\/ses-creative.com\/fr\/produit\/craies-blanche-12-pieces\/#primaryimage"},"image":{"@id":"https:\/\/ses-creative.com\/fr\/produit\/craies-blanche-12-pieces\/#primaryimage"},"thumbnailUrl":"https:\/\/ses-creative.com\/wp-content\/uploads\/2026\/01\/002001.jpg","datePublished":"2026-02-12T10:08:11+00:00","dateModified":"2026-02-12T10:22:11+00:00","breadcrumb":{"@id":"https:\/\/ses-creative.com\/fr\/produit\/craies-blanche-12-pieces\/#breadcrumb"},"inLanguage":"fr-FR","potentialAction":[{"@type":"ReadAction","target":["https:\/\/ses-creative.com\/fr\/produit\/craies-blanche-12-pieces\/"]}]},{"@type":"ImageObject","inLanguage":"fr-FR","@id":"https:\/\/ses-creative.com\/fr\/produit\/craies-blanche-12-pieces\/#primaryimage","url":"https:\/\/ses-creative.com\/wp-content\/uploads\/2026\/01\/002001.jpg","contentUrl":"https:\/\/ses-creative.com\/wp-content\/uploads\/2026\/01\/002001.jpg","width":1000,"height":1000},{"@type":"BreadcrumbList","@id":"https:\/\/ses-creative.com\/fr\/produit\/craies-blanche-12-pieces\/#breadcrumb","itemListElement":[{"@type":"ListItem","position":1,"name":"Boutique","item":"https:\/\/ses-creative.com\/fr\/boutique\/"},{"@type":"ListItem","position":2,"name":"Loisirs cr\u00e9atifs","item":"https:\/\/ses-creative.com\/fr\/product-categorie\/loisirs-creatifs\/"},{"@type":"ListItem","position":3,"name":"Craies Blanche 12 pi\u00e8ces"}]},{"@type":"WebSite","@id":"https:\/\/ses-creative.com\/#website","url":"https:\/\/ses-creative.com\/","name":"SES Creative","description":"","publisher":{"@id":"https:\/\/ses-creative.com\/#organization"},"potentialAction":[{"@type":"SearchAction","target":{"@type":"EntryPoint","urlTemplate":"https:\/\/ses-creative.com\/?s={search_term_string}"},"query-input":{"@type":"PropertyValueSpecification","valueRequired":true,"valueName":"search_term_string"}}],"inLanguage":"fr-FR"},{"@type":"Organization","@id":"https:\/\/ses-creative.com\/#organization","name":"SES Creative","url":"https:\/\/ses-creative.com\/","logo":{"@type":"ImageObject","inLanguage":"fr-FR","@id":"https:\/\/ses-creative.com\/#\/schema\/logo\/image\/","url":"https:\/\/ses-creative.com\/wp-content\/uploads\/2025\/10\/ses-creative-logo.jpg","contentUrl":"https:\/\/ses-creative.com\/wp-content\/uploads\/2025\/10\/ses-creative-logo.jpg","width":2037,"height":2037,"caption":"SES Creative"},"image":{"@id":"https:\/\/ses-creative.com\/#\/schema\/logo\/image\/"}}]}},"_links":{"self":[{"href":"https:\/\/ses-creative.com\/fr\/wp-json\/wp\/v2\/product\/117958","targetHints":{"allow":["GET"]}}],"collection":[{"href":"https:\/\/ses-creative.com\/fr\/wp-json\/wp\/v2\/product"}],"about":[{"href":"https:\/\/ses-creative.com\/fr\/wp-json\/wp\/v2\/types\/product"}],"replies":[{"embeddable":true,"href":"https:\/\/ses-creative.com\/fr\/wp-json\/wp\/v2\/comments?post=117958"}],"wp:featuredmedia":[{"embeddable":true,"href":"https:\/\/ses-creative.com\/fr\/wp-json\/wp\/v2\/media\/95948"}],"wp:attachment":[{"href":"https:\/\/ses-creative.com\/fr\/wp-json\/wp\/v2\/media?parent=117958"}],"wp:term":[{"taxonomy":"product_brand","embeddable":true,"href":"https:\/\/ses-creative.com\/fr\/wp-json\/wp\/v2\/product_brand?post=117958"},{"taxonomy":"product_cat","embeddable":true,"href":"https:\/\/ses-creative.com\/fr\/wp-json\/wp\/v2\/product_cat?post=117958"},{"taxonomy":"product_tag","embeddable":true,"href":"https:\/\/ses-creative.com\/fr\/wp-json\/wp\/v2\/product_tag?post=117958"}],"curies":[{"name":"wp","href":"https:\/\/api.w.org\/{rel}","templated":true}]}}