











{"id":117957,"date":"2026-02-12T10:08:11","date_gmt":"2026-02-12T10:08:11","guid":{"rendered":"https:\/\/ses-creative.com\/?post_type=product&#038;p=117957"},"modified":"2026-02-12T10:22:11","modified_gmt":"2026-02-12T10:22:11","slug":"livre-de-coloriage-a-leau-avec-stylo-a-eau-fantaisie","status":"publish","type":"product","link":"https:\/\/ses-creative.com\/fr\/produit\/livre-de-coloriage-a-leau-avec-stylo-a-eau-fantaisie\/","title":{"rendered":"Livre de coloriage \u00e0 l?eau avec stylo \u00e0 eau &#8211; Fantaisie"},"content":{"rendered":"<p>Entrez dans un monde magique plein de cr\u00e9ativit\u00e9 avec le livre de coloriage \u00e0 l&rsquo;eau<br \/>\nParfait pour stimuler l&rsquo;imagination des enfants, ce livre de coloriage sans bavures permet aux jeunes aventuriers de donner vie \u00e0 des sc\u00e8nes fantastiques envo\u00fbtantes avec seulement de l&rsquo;eau. Pas de peinture, pas de crayons, pas de nettoyage, juste du pur plaisir cr\u00e9atif ! Il suffit de remplir le crayon \u00e0 eau, de le passer sur les pages et de voir les couleurs vives appara\u00eetre comme par magie, r\u00e9v\u00e9lant de magnifiques illustrations fantastiques. Voyez-vous d\u00e9j\u00e0 appara\u00eetre les joyeux animaux fantastiques, les f\u00e9es et les licornes ? Une fois les pages s\u00e8ches, les couleurs s&rsquo;estompent et les enfants peuvent recommencer. Du plaisir \u00e0 dessiner encore et encore, pour un amusement sans fin !<br \/>\nCe qui rend ce set g\u00e9nial<br \/>\n&#8211;    Pas de g\u00e2chis, vous n&rsquo;avez besoin que d&rsquo;eau<br \/>\n&#8211;    S\u00fbr et adapt\u00e9 aux enfants \u00e0 partir de 1 an<br \/>\n&#8211;    Stimule la cr\u00e9ativit\u00e9 et la motricit\u00e9 fine<br \/>\n&#8211;    Les cartes sont r\u00e9utilisables. Une fois s\u00e8ches, vous pouvez les r\u00e9utiliser \u00e0 l&rsquo;infini<br \/>\n&#8211;    Livret pratique, facile \u00e0 emporter avec un feutre \u00e0 eau, id\u00e9al pour les d\u00e9placements<br \/>\nDu plaisir sans bavures, o\u00f9 que vous soyez<br \/>\nCon\u00e7u pour \u00eatre \u00e0 la fois divertissant et \u00e9ducatif, ce livre de coloriage \u00e0 l&rsquo;eau aide au d\u00e9veloppement de la motricit\u00e9 fine, de la coordination \u0153il-main et de l&rsquo;imagination. C&rsquo;est un excellent moyen pour les enfants d&rsquo;exprimer leur cr\u00e9ativit\u00e9 tout en d\u00e9couvrant un monde magique peupl\u00e9 de dragons, de f\u00e9es et bien plus encore.<br \/>\nId\u00e9al pour jouer \u00e0 la maison ou partir \u00e0 l&rsquo;aventure, le livre de coloriage \u00e0 l&rsquo;eau offre une activit\u00e9 sans souci que les parents appr\u00e9cieront. Sa conception r\u00e9utilisable garantit un plaisir sans fin et sans gaspillage, et le stylo \u00e0 eau en fait un choix propre et pratique pour les voyages, les trajets en voiture ou les moments de d\u00e9tente.<br \/>\nContenu du set<br \/>\n&#8211;    Livre de coloriage sur le th\u00e8me de l&rsquo;imaginaire avec 5 pages<br \/>\n&#8211;    Feutre \u00e0 eau rechargeable<br \/>\nPourquoi choisir SES Creative ?<br \/>\nChez SES Creative, nous accordons une grande importance \u00e0 la s\u00e9curit\u00e9. C&rsquo;est pourquoi nos produits sont fabriqu\u00e9s et test\u00e9s dans notre usine aux Pays-Bas, conform\u00e9ment aux normes de s\u00e9curit\u00e9 europ\u00e9ennes les plus strictes. Les jouets SES Creative sont source de plaisir et permettent aux enfants d&rsquo;\u00eatre fiers de leur travail, ce qui stimule leur cr\u00e9ativit\u00e9 et leur d\u00e9veloppement.<br \/>\nCommencez \u00e0 colorier d\u00e8s maintenant, o\u00f9 que vous soyez !<br \/>\nQu&rsquo;ils r\u00e9v\u00e8lent des couleurs vives ou inventent leurs propres histoires magiques, ce livre inspirera \u00e0 coup s\u00fbr l&rsquo;\u00e9merveillement et le plaisir. C&rsquo;est le cadeau id\u00e9al pour les petits r\u00eaveurs et les jeunes artistes !<\/p>\n","protected":false},"excerpt":{"rendered":"<p>Entrez dans un monde magique plein de cr\u00e9ativit\u00e9 avec le livre de coloriage \u00e0 l&rsquo;eau Parfait pour stimuler l&rsquo;imagination des enfants, ce livre de coloriage sans bavures permet aux jeunes aventuriers de donner vie \u00e0 des sc\u00e8nes fantastiques envo\u00fbtantes avec seulement de l&rsquo;eau. Pas de peinture, pas de crayons, pas de nettoyage, juste du pur [&hellip;]<\/p>\n","protected":false},"featured_media":95888,"comment_status":"closed","ping_status":"closed","template":"","meta":{"_acf_changed":false},"product_brand":[],"product_cat":[122],"product_tag":[],"class_list":{"0":"post-117957","1":"product","2":"type-product","3":"status-publish","4":"has-post-thumbnail","6":"product_cat-loisirs-creatifs","7":"pa_leeftijd-filter-3-4-ans","8":"pa_meest-populair-bij-garcons-filles","10":"first","11":"instock","12":"shipping-taxable","13":"product-type-simple"},"acf":[],"yoast_head":"<!-- This site is optimized with the Yoast SEO plugin v27.2 - https:\/\/yoast.com\/product\/yoast-seo-wordpress\/ -->\n<title>Livre de coloriage \u00e0 l?eau avec stylo \u00e0 eau - Fantaisie - SES Creative<\/title>\n<meta name=\"robots\" content=\"index, follow, max-snippet:-1, max-image-preview:large, max-video-preview:-1\" \/>\n<link rel=\"canonical\" href=\"https:\/\/ses-creative.com\/fr\/produit\/livre-de-coloriage-a-leau-avec-stylo-a-eau-fantaisie\/\" \/>\n<meta property=\"og:locale\" content=\"fr_FR\" \/>\n<meta property=\"og:type\" content=\"article\" \/>\n<meta property=\"og:title\" content=\"Livre de coloriage \u00e0 l?eau avec stylo \u00e0 eau - Fantaisie - SES Creative\" \/>\n<meta property=\"og:description\" content=\"Entrez dans un monde magique plein de cr\u00e9ativit\u00e9 avec le livre de coloriage \u00e0 l&rsquo;eau Parfait pour stimuler l&rsquo;imagination des enfants, ce livre de coloriage sans bavures permet aux jeunes aventuriers de donner vie \u00e0 des sc\u00e8nes fantastiques envo\u00fbtantes avec seulement de l&rsquo;eau. Pas de peinture, pas de crayons, pas de nettoyage, juste du pur [&hellip;]\" \/>\n<meta property=\"og:url\" content=\"https:\/\/ses-creative.com\/fr\/produit\/livre-de-coloriage-a-leau-avec-stylo-a-eau-fantaisie\/\" \/>\n<meta property=\"og:site_name\" content=\"SES Creative\" \/>\n<meta property=\"article:modified_time\" content=\"2026-02-12T10:22:11+00:00\" \/>\n<meta name=\"twitter:card\" content=\"summary_large_image\" \/>\n<meta name=\"twitter:label1\" content=\"Dur\u00e9e de lecture estim\u00e9e\" \/>\n\t<meta name=\"twitter:data1\" content=\"2 minutes\" \/>\n<script type=\"application\/ld+json\" class=\"yoast-schema-graph\">{\"@context\":\"https:\/\/schema.org\",\"@graph\":[{\"@type\":\"WebPage\",\"@id\":\"https:\/\/ses-creative.com\/fr\/produit\/livre-de-coloriage-a-leau-avec-stylo-a-eau-fantaisie\/\",\"url\":\"https:\/\/ses-creative.com\/fr\/produit\/livre-de-coloriage-a-leau-avec-stylo-a-eau-fantaisie\/\",\"name\":\"Livre de coloriage \u00e0 l?eau avec stylo \u00e0 eau - Fantaisie - SES Creative\",\"isPartOf\":{\"@id\":\"https:\/\/ses-creative.com\/#website\"},\"primaryImageOfPage\":{\"@id\":\"https:\/\/ses-creative.com\/fr\/produit\/livre-de-coloriage-a-leau-avec-stylo-a-eau-fantaisie\/#primaryimage\"},\"image\":{\"@id\":\"https:\/\/ses-creative.com\/fr\/produit\/livre-de-coloriage-a-leau-avec-stylo-a-eau-fantaisie\/#primaryimage\"},\"thumbnailUrl\":\"https:\/\/ses-creative.com\/wp-content\/uploads\/2026\/01\/001331.jpg\",\"datePublished\":\"2026-02-12T10:08:11+00:00\",\"dateModified\":\"2026-02-12T10:22:11+00:00\",\"breadcrumb\":{\"@id\":\"https:\/\/ses-creative.com\/fr\/produit\/livre-de-coloriage-a-leau-avec-stylo-a-eau-fantaisie\/#breadcrumb\"},\"inLanguage\":\"fr-FR\",\"potentialAction\":[{\"@type\":\"ReadAction\",\"target\":[\"https:\/\/ses-creative.com\/fr\/produit\/livre-de-coloriage-a-leau-avec-stylo-a-eau-fantaisie\/\"]}]},{\"@type\":\"ImageObject\",\"inLanguage\":\"fr-FR\",\"@id\":\"https:\/\/ses-creative.com\/fr\/produit\/livre-de-coloriage-a-leau-avec-stylo-a-eau-fantaisie\/#primaryimage\",\"url\":\"https:\/\/ses-creative.com\/wp-content\/uploads\/2026\/01\/001331.jpg\",\"contentUrl\":\"https:\/\/ses-creative.com\/wp-content\/uploads\/2026\/01\/001331.jpg\",\"width\":1000,\"height\":1000},{\"@type\":\"BreadcrumbList\",\"@id\":\"https:\/\/ses-creative.com\/fr\/produit\/livre-de-coloriage-a-leau-avec-stylo-a-eau-fantaisie\/#breadcrumb\",\"itemListElement\":[{\"@type\":\"ListItem\",\"position\":1,\"name\":\"Boutique\",\"item\":\"https:\/\/ses-creative.com\/fr\/boutique\/\"},{\"@type\":\"ListItem\",\"position\":2,\"name\":\"Loisirs cr\u00e9atifs\",\"item\":\"https:\/\/ses-creative.com\/fr\/product-categorie\/loisirs-creatifs\/\"},{\"@type\":\"ListItem\",\"position\":3,\"name\":\"Livre de coloriage \u00e0 l?eau avec stylo \u00e0 eau &#8211; Fantaisie\"}]},{\"@type\":\"WebSite\",\"@id\":\"https:\/\/ses-creative.com\/#website\",\"url\":\"https:\/\/ses-creative.com\/\",\"name\":\"SES Creative\",\"description\":\"\",\"publisher\":{\"@id\":\"https:\/\/ses-creative.com\/#organization\"},\"potentialAction\":[{\"@type\":\"SearchAction\",\"target\":{\"@type\":\"EntryPoint\",\"urlTemplate\":\"https:\/\/ses-creative.com\/?s={search_term_string}\"},\"query-input\":{\"@type\":\"PropertyValueSpecification\",\"valueRequired\":true,\"valueName\":\"search_term_string\"}}],\"inLanguage\":\"fr-FR\"},{\"@type\":\"Organization\",\"@id\":\"https:\/\/ses-creative.com\/#organization\",\"name\":\"SES Creative\",\"url\":\"https:\/\/ses-creative.com\/\",\"logo\":{\"@type\":\"ImageObject\",\"inLanguage\":\"fr-FR\",\"@id\":\"https:\/\/ses-creative.com\/#\/schema\/logo\/image\/\",\"url\":\"https:\/\/ses-creative.com\/wp-content\/uploads\/2025\/10\/ses-creative-logo.jpg\",\"contentUrl\":\"https:\/\/ses-creative.com\/wp-content\/uploads\/2025\/10\/ses-creative-logo.jpg\",\"width\":2037,\"height\":2037,\"caption\":\"SES Creative\"},\"image\":{\"@id\":\"https:\/\/ses-creative.com\/#\/schema\/logo\/image\/\"}}]}<\/script>\n<!-- \/ Yoast SEO plugin. -->","yoast_head_json":{"title":"Livre de coloriage \u00e0 l?eau avec stylo \u00e0 eau - Fantaisie - SES Creative","robots":{"index":"index","follow":"follow","max-snippet":"max-snippet:-1","max-image-preview":"max-image-preview:large","max-video-preview":"max-video-preview:-1"},"canonical":"https:\/\/ses-creative.com\/fr\/produit\/livre-de-coloriage-a-leau-avec-stylo-a-eau-fantaisie\/","og_locale":"fr_FR","og_type":"article","og_title":"Livre de coloriage \u00e0 l?eau avec stylo \u00e0 eau - Fantaisie - SES Creative","og_description":"Entrez dans un monde magique plein de cr\u00e9ativit\u00e9 avec le livre de coloriage \u00e0 l&rsquo;eau Parfait pour stimuler l&rsquo;imagination des enfants, ce livre de coloriage sans bavures permet aux jeunes aventuriers de donner vie \u00e0 des sc\u00e8nes fantastiques envo\u00fbtantes avec seulement de l&rsquo;eau. Pas de peinture, pas de crayons, pas de nettoyage, juste du pur [&hellip;]","og_url":"https:\/\/ses-creative.com\/fr\/produit\/livre-de-coloriage-a-leau-avec-stylo-a-eau-fantaisie\/","og_site_name":"SES Creative","article_modified_time":"2026-02-12T10:22:11+00:00","twitter_card":"summary_large_image","twitter_misc":{"Dur\u00e9e de lecture estim\u00e9e":"2 minutes"},"schema":{"@context":"https:\/\/schema.org","@graph":[{"@type":"WebPage","@id":"https:\/\/ses-creative.com\/fr\/produit\/livre-de-coloriage-a-leau-avec-stylo-a-eau-fantaisie\/","url":"https:\/\/ses-creative.com\/fr\/produit\/livre-de-coloriage-a-leau-avec-stylo-a-eau-fantaisie\/","name":"Livre de coloriage \u00e0 l?eau avec stylo \u00e0 eau - Fantaisie - SES Creative","isPartOf":{"@id":"https:\/\/ses-creative.com\/#website"},"primaryImageOfPage":{"@id":"https:\/\/ses-creative.com\/fr\/produit\/livre-de-coloriage-a-leau-avec-stylo-a-eau-fantaisie\/#primaryimage"},"image":{"@id":"https:\/\/ses-creative.com\/fr\/produit\/livre-de-coloriage-a-leau-avec-stylo-a-eau-fantaisie\/#primaryimage"},"thumbnailUrl":"https:\/\/ses-creative.com\/wp-content\/uploads\/2026\/01\/001331.jpg","datePublished":"2026-02-12T10:08:11+00:00","dateModified":"2026-02-12T10:22:11+00:00","breadcrumb":{"@id":"https:\/\/ses-creative.com\/fr\/produit\/livre-de-coloriage-a-leau-avec-stylo-a-eau-fantaisie\/#breadcrumb"},"inLanguage":"fr-FR","potentialAction":[{"@type":"ReadAction","target":["https:\/\/ses-creative.com\/fr\/produit\/livre-de-coloriage-a-leau-avec-stylo-a-eau-fantaisie\/"]}]},{"@type":"ImageObject","inLanguage":"fr-FR","@id":"https:\/\/ses-creative.com\/fr\/produit\/livre-de-coloriage-a-leau-avec-stylo-a-eau-fantaisie\/#primaryimage","url":"https:\/\/ses-creative.com\/wp-content\/uploads\/2026\/01\/001331.jpg","contentUrl":"https:\/\/ses-creative.com\/wp-content\/uploads\/2026\/01\/001331.jpg","width":1000,"height":1000},{"@type":"BreadcrumbList","@id":"https:\/\/ses-creative.com\/fr\/produit\/livre-de-coloriage-a-leau-avec-stylo-a-eau-fantaisie\/#breadcrumb","itemListElement":[{"@type":"ListItem","position":1,"name":"Boutique","item":"https:\/\/ses-creative.com\/fr\/boutique\/"},{"@type":"ListItem","position":2,"name":"Loisirs cr\u00e9atifs","item":"https:\/\/ses-creative.com\/fr\/product-categorie\/loisirs-creatifs\/"},{"@type":"ListItem","position":3,"name":"Livre de coloriage \u00e0 l?eau avec stylo \u00e0 eau &#8211; Fantaisie"}]},{"@type":"WebSite","@id":"https:\/\/ses-creative.com\/#website","url":"https:\/\/ses-creative.com\/","name":"SES Creative","description":"","publisher":{"@id":"https:\/\/ses-creative.com\/#organization"},"potentialAction":[{"@type":"SearchAction","target":{"@type":"EntryPoint","urlTemplate":"https:\/\/ses-creative.com\/?s={search_term_string}"},"query-input":{"@type":"PropertyValueSpecification","valueRequired":true,"valueName":"search_term_string"}}],"inLanguage":"fr-FR"},{"@type":"Organization","@id":"https:\/\/ses-creative.com\/#organization","name":"SES Creative","url":"https:\/\/ses-creative.com\/","logo":{"@type":"ImageObject","inLanguage":"fr-FR","@id":"https:\/\/ses-creative.com\/#\/schema\/logo\/image\/","url":"https:\/\/ses-creative.com\/wp-content\/uploads\/2025\/10\/ses-creative-logo.jpg","contentUrl":"https:\/\/ses-creative.com\/wp-content\/uploads\/2025\/10\/ses-creative-logo.jpg","width":2037,"height":2037,"caption":"SES Creative"},"image":{"@id":"https:\/\/ses-creative.com\/#\/schema\/logo\/image\/"}}]}},"_links":{"self":[{"href":"https:\/\/ses-creative.com\/fr\/wp-json\/wp\/v2\/product\/117957","targetHints":{"allow":["GET"]}}],"collection":[{"href":"https:\/\/ses-creative.com\/fr\/wp-json\/wp\/v2\/product"}],"about":[{"href":"https:\/\/ses-creative.com\/fr\/wp-json\/wp\/v2\/types\/product"}],"replies":[{"embeddable":true,"href":"https:\/\/ses-creative.com\/fr\/wp-json\/wp\/v2\/comments?post=117957"}],"wp:featuredmedia":[{"embeddable":true,"href":"https:\/\/ses-creative.com\/fr\/wp-json\/wp\/v2\/media\/95888"}],"wp:attachment":[{"href":"https:\/\/ses-creative.com\/fr\/wp-json\/wp\/v2\/media?parent=117957"}],"wp:term":[{"taxonomy":"product_brand","embeddable":true,"href":"https:\/\/ses-creative.com\/fr\/wp-json\/wp\/v2\/product_brand?post=117957"},{"taxonomy":"product_cat","embeddable":true,"href":"https:\/\/ses-creative.com\/fr\/wp-json\/wp\/v2\/product_cat?post=117957"},{"taxonomy":"product_tag","embeddable":true,"href":"https:\/\/ses-creative.com\/fr\/wp-json\/wp\/v2\/product_tag?post=117957"}],"curies":[{"name":"wp","href":"https:\/\/api.w.org\/{rel}","templated":true}]}}