











{"id":117955,"date":"2026-02-12T10:08:11","date_gmt":"2026-02-12T10:08:11","guid":{"rendered":"https:\/\/ses-creative.com\/?post_type=product&#038;p=117955"},"modified":"2026-02-12T10:22:10","modified_gmt":"2026-02-12T10:22:10","slug":"livre-de-coloriage-a-leau-avec-stylo-a-eau-safari","status":"publish","type":"product","link":"https:\/\/ses-creative.com\/fr\/produit\/livre-de-coloriage-a-leau-avec-stylo-a-eau-safari\/","title":{"rendered":"Livre de coloriage \u00e0 l?eau avec stylo \u00e0 eau &#8211; Safari"},"content":{"rendered":"<p>Partez pour un safari color\u00e9 avec le livre de coloriage \u00e0 l&rsquo;eau<br \/>\nCe livre de coloriage amusant et sans bavures est parfait pour les petits explorateurs qui aiment la cr\u00e9ativit\u00e9 et le plaisir. Peindre avec de l&rsquo;eau, sans faire de bavures ! Le set comprend 5 pages \u00e0 colorier \u00e0 l&rsquo;eau et un stylo \u00e0 eau rechargeable \u00e0 pointe fine, ce qui permet aux petites mains de r\u00e9v\u00e9ler facilement la magie du safari. Il suffit de remplir le stylo \u00e0 eau, de colorier les pages et de voir appara\u00eetre comme par magie des images color\u00e9es de lions, d&rsquo;\u00e9l\u00e9phants, de z\u00e8bres et d&rsquo;autres animaux de safari ! Une fois les pages s\u00e8ches, les couleurs s&rsquo;estompent et les enfants peuvent recommencer l&rsquo;aventure.<br \/>\nCe qui rend ce set g\u00e9nial<br \/>\n&#8211;    Pas de salissures, vous n&rsquo;avez besoin que d&rsquo;eau<br \/>\n&#8211;    S\u00fbr et adapt\u00e9 aux enfants \u00e0 partir de 3 ans<br \/>\n&#8211;    Stimule la cr\u00e9ativit\u00e9 et la motricit\u00e9 fine<br \/>\n&#8211;    Les cartes sont r\u00e9utilisables. Une fois s\u00e8ches, vous pouvez les r\u00e9utiliser \u00e0 l&rsquo;infini<br \/>\n&#8211;    Livret pratique, facile \u00e0 emporter avec un feutre \u00e0 eau, id\u00e9al pour les d\u00e9placements<br \/>\nDu plaisir sans bavures, o\u00f9 que vous soyez<br \/>\nCette activit\u00e9 de coloriage sans g\u00e2chis est id\u00e9ale pour s&rsquo;amuser \u00e0 la maison ou en d\u00e9placement. Le feutre \u00e0 eau permet de ne pas avoir besoin de mat\u00e9riel suppl\u00e9mentaire, ce qui en fait un choix pratique pour les parents. De plus, la nature r\u00e9utilisable du livre garantit un plaisir cr\u00e9atif sans fin et sans gaspillage.<br \/>\nLe livre de coloriage \u00e0 l&rsquo;eau est non seulement divertissant, mais il stimule \u00e9galement le d\u00e9veloppement de la motricit\u00e9 fine, de la coordination \u0153il-main et de l&rsquo;imagination. Les jeunes artistes peuvent d\u00e9couvrir les merveilles du safari tout en acqu\u00e9rant des comp\u00e9tences essentielles et en renfor\u00e7ant leur confiance en eux de mani\u00e8re ludique et interactive.<br \/>\nContenu du set<br \/>\n&#8211;    Livre de coloriage \u00e0 l&rsquo;eau avec diff\u00e9rentes pages sur le th\u00e8me du safari<br \/>\n&#8211;    Feutre \u00e0 eau<br \/>\nPourquoi choisir SES Creative ?<br \/>\nChez SES Creative, nous accordons une grande importance \u00e0 la s\u00e9curit\u00e9. C&rsquo;est pourquoi nos produits sont fabriqu\u00e9s et test\u00e9s dans notre usine aux Pays-Bas, conform\u00e9ment aux normes de s\u00e9curit\u00e9 europ\u00e9ennes les plus strictes. Les jouets SES Creative sont source de plaisir et permettent aux enfants d&rsquo;\u00eatre fiers de leur travail, ce qui stimule leur cr\u00e9ativit\u00e9 et leur d\u00e9veloppement.<br \/>\nLaissez libre cours \u00e0 votre imagination avec les livres de coloriage SES Creative<br \/>\nQue ce soit lors d&rsquo;une journ\u00e9e pluvieuse \u00e0 l&rsquo;int\u00e9rieur ou d&rsquo;une aventure en voiture, le livre de coloriage \u00e0 l&rsquo;eau stimulera certainement la cr\u00e9ativit\u00e9 et fera sourire votre enfant.<\/p>\n","protected":false},"excerpt":{"rendered":"<p>Partez pour un safari color\u00e9 avec le livre de coloriage \u00e0 l&rsquo;eau Ce livre de coloriage amusant et sans bavures est parfait pour les petits explorateurs qui aiment la cr\u00e9ativit\u00e9 et le plaisir. Peindre avec de l&rsquo;eau, sans faire de bavures ! Le set comprend 5 pages \u00e0 colorier \u00e0 l&rsquo;eau et un stylo \u00e0 [&hellip;]<\/p>\n","protected":false},"featured_media":95768,"comment_status":"closed","ping_status":"closed","template":"","meta":{"_acf_changed":false},"product_brand":[],"product_cat":[122],"product_tag":[],"class_list":{"0":"post-117955","1":"product","2":"type-product","3":"status-publish","4":"has-post-thumbnail","6":"product_cat-loisirs-creatifs","7":"pa_leeftijd-filter-3-4-ans","8":"pa_meest-populair-bij-garcons-filles","10":"first","11":"instock","12":"shipping-taxable","13":"product-type-simple"},"acf":[],"yoast_head":"<!-- This site is optimized with the Yoast SEO plugin v27.2 - https:\/\/yoast.com\/product\/yoast-seo-wordpress\/ -->\n<title>Livre de coloriage \u00e0 l?eau avec stylo \u00e0 eau - Safari - SES Creative<\/title>\n<meta name=\"robots\" content=\"index, follow, max-snippet:-1, max-image-preview:large, max-video-preview:-1\" \/>\n<link rel=\"canonical\" href=\"https:\/\/ses-creative.com\/fr\/produit\/livre-de-coloriage-a-leau-avec-stylo-a-eau-safari\/\" \/>\n<meta property=\"og:locale\" content=\"fr_FR\" \/>\n<meta property=\"og:type\" content=\"article\" \/>\n<meta property=\"og:title\" content=\"Livre de coloriage \u00e0 l?eau avec stylo \u00e0 eau - Safari - SES Creative\" \/>\n<meta property=\"og:description\" content=\"Partez pour un safari color\u00e9 avec le livre de coloriage \u00e0 l&rsquo;eau Ce livre de coloriage amusant et sans bavures est parfait pour les petits explorateurs qui aiment la cr\u00e9ativit\u00e9 et le plaisir. Peindre avec de l&rsquo;eau, sans faire de bavures ! Le set comprend 5 pages \u00e0 colorier \u00e0 l&rsquo;eau et un stylo \u00e0 [&hellip;]\" \/>\n<meta property=\"og:url\" content=\"https:\/\/ses-creative.com\/fr\/produit\/livre-de-coloriage-a-leau-avec-stylo-a-eau-safari\/\" \/>\n<meta property=\"og:site_name\" content=\"SES Creative\" \/>\n<meta property=\"article:modified_time\" content=\"2026-02-12T10:22:10+00:00\" \/>\n<meta name=\"twitter:card\" content=\"summary_large_image\" \/>\n<meta name=\"twitter:label1\" content=\"Dur\u00e9e de lecture estim\u00e9e\" \/>\n\t<meta name=\"twitter:data1\" content=\"2 minutes\" \/>\n<script type=\"application\/ld+json\" class=\"yoast-schema-graph\">{\"@context\":\"https:\/\/schema.org\",\"@graph\":[{\"@type\":\"WebPage\",\"@id\":\"https:\/\/ses-creative.com\/fr\/produit\/livre-de-coloriage-a-leau-avec-stylo-a-eau-safari\/\",\"url\":\"https:\/\/ses-creative.com\/fr\/produit\/livre-de-coloriage-a-leau-avec-stylo-a-eau-safari\/\",\"name\":\"Livre de coloriage \u00e0 l?eau avec stylo \u00e0 eau - Safari - SES Creative\",\"isPartOf\":{\"@id\":\"https:\/\/ses-creative.com\/#website\"},\"primaryImageOfPage\":{\"@id\":\"https:\/\/ses-creative.com\/fr\/produit\/livre-de-coloriage-a-leau-avec-stylo-a-eau-safari\/#primaryimage\"},\"image\":{\"@id\":\"https:\/\/ses-creative.com\/fr\/produit\/livre-de-coloriage-a-leau-avec-stylo-a-eau-safari\/#primaryimage\"},\"thumbnailUrl\":\"https:\/\/ses-creative.com\/wp-content\/uploads\/2026\/01\/001311.jpg\",\"datePublished\":\"2026-02-12T10:08:11+00:00\",\"dateModified\":\"2026-02-12T10:22:10+00:00\",\"breadcrumb\":{\"@id\":\"https:\/\/ses-creative.com\/fr\/produit\/livre-de-coloriage-a-leau-avec-stylo-a-eau-safari\/#breadcrumb\"},\"inLanguage\":\"fr-FR\",\"potentialAction\":[{\"@type\":\"ReadAction\",\"target\":[\"https:\/\/ses-creative.com\/fr\/produit\/livre-de-coloriage-a-leau-avec-stylo-a-eau-safari\/\"]}]},{\"@type\":\"ImageObject\",\"inLanguage\":\"fr-FR\",\"@id\":\"https:\/\/ses-creative.com\/fr\/produit\/livre-de-coloriage-a-leau-avec-stylo-a-eau-safari\/#primaryimage\",\"url\":\"https:\/\/ses-creative.com\/wp-content\/uploads\/2026\/01\/001311.jpg\",\"contentUrl\":\"https:\/\/ses-creative.com\/wp-content\/uploads\/2026\/01\/001311.jpg\",\"width\":1000,\"height\":1000},{\"@type\":\"BreadcrumbList\",\"@id\":\"https:\/\/ses-creative.com\/fr\/produit\/livre-de-coloriage-a-leau-avec-stylo-a-eau-safari\/#breadcrumb\",\"itemListElement\":[{\"@type\":\"ListItem\",\"position\":1,\"name\":\"Boutique\",\"item\":\"https:\/\/ses-creative.com\/fr\/boutique\/\"},{\"@type\":\"ListItem\",\"position\":2,\"name\":\"Loisirs cr\u00e9atifs\",\"item\":\"https:\/\/ses-creative.com\/fr\/product-categorie\/loisirs-creatifs\/\"},{\"@type\":\"ListItem\",\"position\":3,\"name\":\"Livre de coloriage \u00e0 l?eau avec stylo \u00e0 eau &#8211; Safari\"}]},{\"@type\":\"WebSite\",\"@id\":\"https:\/\/ses-creative.com\/#website\",\"url\":\"https:\/\/ses-creative.com\/\",\"name\":\"SES Creative\",\"description\":\"\",\"publisher\":{\"@id\":\"https:\/\/ses-creative.com\/#organization\"},\"potentialAction\":[{\"@type\":\"SearchAction\",\"target\":{\"@type\":\"EntryPoint\",\"urlTemplate\":\"https:\/\/ses-creative.com\/?s={search_term_string}\"},\"query-input\":{\"@type\":\"PropertyValueSpecification\",\"valueRequired\":true,\"valueName\":\"search_term_string\"}}],\"inLanguage\":\"fr-FR\"},{\"@type\":\"Organization\",\"@id\":\"https:\/\/ses-creative.com\/#organization\",\"name\":\"SES Creative\",\"url\":\"https:\/\/ses-creative.com\/\",\"logo\":{\"@type\":\"ImageObject\",\"inLanguage\":\"fr-FR\",\"@id\":\"https:\/\/ses-creative.com\/#\/schema\/logo\/image\/\",\"url\":\"https:\/\/ses-creative.com\/wp-content\/uploads\/2025\/10\/ses-creative-logo.jpg\",\"contentUrl\":\"https:\/\/ses-creative.com\/wp-content\/uploads\/2025\/10\/ses-creative-logo.jpg\",\"width\":2037,\"height\":2037,\"caption\":\"SES Creative\"},\"image\":{\"@id\":\"https:\/\/ses-creative.com\/#\/schema\/logo\/image\/\"}}]}<\/script>\n<!-- \/ Yoast SEO plugin. -->","yoast_head_json":{"title":"Livre de coloriage \u00e0 l?eau avec stylo \u00e0 eau - Safari - SES Creative","robots":{"index":"index","follow":"follow","max-snippet":"max-snippet:-1","max-image-preview":"max-image-preview:large","max-video-preview":"max-video-preview:-1"},"canonical":"https:\/\/ses-creative.com\/fr\/produit\/livre-de-coloriage-a-leau-avec-stylo-a-eau-safari\/","og_locale":"fr_FR","og_type":"article","og_title":"Livre de coloriage \u00e0 l?eau avec stylo \u00e0 eau - Safari - SES Creative","og_description":"Partez pour un safari color\u00e9 avec le livre de coloriage \u00e0 l&rsquo;eau Ce livre de coloriage amusant et sans bavures est parfait pour les petits explorateurs qui aiment la cr\u00e9ativit\u00e9 et le plaisir. Peindre avec de l&rsquo;eau, sans faire de bavures ! Le set comprend 5 pages \u00e0 colorier \u00e0 l&rsquo;eau et un stylo \u00e0 [&hellip;]","og_url":"https:\/\/ses-creative.com\/fr\/produit\/livre-de-coloriage-a-leau-avec-stylo-a-eau-safari\/","og_site_name":"SES Creative","article_modified_time":"2026-02-12T10:22:10+00:00","twitter_card":"summary_large_image","twitter_misc":{"Dur\u00e9e de lecture estim\u00e9e":"2 minutes"},"schema":{"@context":"https:\/\/schema.org","@graph":[{"@type":"WebPage","@id":"https:\/\/ses-creative.com\/fr\/produit\/livre-de-coloriage-a-leau-avec-stylo-a-eau-safari\/","url":"https:\/\/ses-creative.com\/fr\/produit\/livre-de-coloriage-a-leau-avec-stylo-a-eau-safari\/","name":"Livre de coloriage \u00e0 l?eau avec stylo \u00e0 eau - Safari - SES Creative","isPartOf":{"@id":"https:\/\/ses-creative.com\/#website"},"primaryImageOfPage":{"@id":"https:\/\/ses-creative.com\/fr\/produit\/livre-de-coloriage-a-leau-avec-stylo-a-eau-safari\/#primaryimage"},"image":{"@id":"https:\/\/ses-creative.com\/fr\/produit\/livre-de-coloriage-a-leau-avec-stylo-a-eau-safari\/#primaryimage"},"thumbnailUrl":"https:\/\/ses-creative.com\/wp-content\/uploads\/2026\/01\/001311.jpg","datePublished":"2026-02-12T10:08:11+00:00","dateModified":"2026-02-12T10:22:10+00:00","breadcrumb":{"@id":"https:\/\/ses-creative.com\/fr\/produit\/livre-de-coloriage-a-leau-avec-stylo-a-eau-safari\/#breadcrumb"},"inLanguage":"fr-FR","potentialAction":[{"@type":"ReadAction","target":["https:\/\/ses-creative.com\/fr\/produit\/livre-de-coloriage-a-leau-avec-stylo-a-eau-safari\/"]}]},{"@type":"ImageObject","inLanguage":"fr-FR","@id":"https:\/\/ses-creative.com\/fr\/produit\/livre-de-coloriage-a-leau-avec-stylo-a-eau-safari\/#primaryimage","url":"https:\/\/ses-creative.com\/wp-content\/uploads\/2026\/01\/001311.jpg","contentUrl":"https:\/\/ses-creative.com\/wp-content\/uploads\/2026\/01\/001311.jpg","width":1000,"height":1000},{"@type":"BreadcrumbList","@id":"https:\/\/ses-creative.com\/fr\/produit\/livre-de-coloriage-a-leau-avec-stylo-a-eau-safari\/#breadcrumb","itemListElement":[{"@type":"ListItem","position":1,"name":"Boutique","item":"https:\/\/ses-creative.com\/fr\/boutique\/"},{"@type":"ListItem","position":2,"name":"Loisirs cr\u00e9atifs","item":"https:\/\/ses-creative.com\/fr\/product-categorie\/loisirs-creatifs\/"},{"@type":"ListItem","position":3,"name":"Livre de coloriage \u00e0 l?eau avec stylo \u00e0 eau &#8211; Safari"}]},{"@type":"WebSite","@id":"https:\/\/ses-creative.com\/#website","url":"https:\/\/ses-creative.com\/","name":"SES Creative","description":"","publisher":{"@id":"https:\/\/ses-creative.com\/#organization"},"potentialAction":[{"@type":"SearchAction","target":{"@type":"EntryPoint","urlTemplate":"https:\/\/ses-creative.com\/?s={search_term_string}"},"query-input":{"@type":"PropertyValueSpecification","valueRequired":true,"valueName":"search_term_string"}}],"inLanguage":"fr-FR"},{"@type":"Organization","@id":"https:\/\/ses-creative.com\/#organization","name":"SES Creative","url":"https:\/\/ses-creative.com\/","logo":{"@type":"ImageObject","inLanguage":"fr-FR","@id":"https:\/\/ses-creative.com\/#\/schema\/logo\/image\/","url":"https:\/\/ses-creative.com\/wp-content\/uploads\/2025\/10\/ses-creative-logo.jpg","contentUrl":"https:\/\/ses-creative.com\/wp-content\/uploads\/2025\/10\/ses-creative-logo.jpg","width":2037,"height":2037,"caption":"SES Creative"},"image":{"@id":"https:\/\/ses-creative.com\/#\/schema\/logo\/image\/"}}]}},"_links":{"self":[{"href":"https:\/\/ses-creative.com\/fr\/wp-json\/wp\/v2\/product\/117955","targetHints":{"allow":["GET"]}}],"collection":[{"href":"https:\/\/ses-creative.com\/fr\/wp-json\/wp\/v2\/product"}],"about":[{"href":"https:\/\/ses-creative.com\/fr\/wp-json\/wp\/v2\/types\/product"}],"replies":[{"embeddable":true,"href":"https:\/\/ses-creative.com\/fr\/wp-json\/wp\/v2\/comments?post=117955"}],"wp:featuredmedia":[{"embeddable":true,"href":"https:\/\/ses-creative.com\/fr\/wp-json\/wp\/v2\/media\/95768"}],"wp:attachment":[{"href":"https:\/\/ses-creative.com\/fr\/wp-json\/wp\/v2\/media?parent=117955"}],"wp:term":[{"taxonomy":"product_brand","embeddable":true,"href":"https:\/\/ses-creative.com\/fr\/wp-json\/wp\/v2\/product_brand?post=117955"},{"taxonomy":"product_cat","embeddable":true,"href":"https:\/\/ses-creative.com\/fr\/wp-json\/wp\/v2\/product_cat?post=117955"},{"taxonomy":"product_tag","embeddable":true,"href":"https:\/\/ses-creative.com\/fr\/wp-json\/wp\/v2\/product_tag?post=117955"}],"curies":[{"name":"wp","href":"https:\/\/api.w.org\/{rel}","templated":true}]}}