











{"id":117954,"date":"2026-02-12T10:08:10","date_gmt":"2026-02-12T10:08:10","guid":{"rendered":"https:\/\/ses-creative.com\/?post_type=product&#038;p=117954"},"modified":"2026-02-12T10:22:10","modified_gmt":"2026-02-12T10:22:10","slug":"cahier-dactivites-de-coloriage-phosphorescent-3-en-1","status":"publish","type":"product","link":"https:\/\/ses-creative.com\/fr\/produit\/cahier-dactivites-de-coloriage-phosphorescent-3-en-1\/","title":{"rendered":"Cahier d&rsquo;activit\u00e9s de coloriage phosphorescent 3 en 1"},"content":{"rendered":"<p>Livre de coloriage Glow in the Dark 3 en 1 : le plaisir de colorier qui brille !<br \/>\nLe livre d&rsquo;activit\u00e9s glow in the dark de SES Creative n&rsquo;est pas un simple livre de coloriage ! Ce livre d&rsquo;activit\u00e9s combine coloriage, mosa\u00efques et magie glow-in-the-dark en un seul ensemble. Coloriez les pages avec vos couleurs pr\u00e9f\u00e9r\u00e9es, utilisez les autocollants mosa\u00efques fluo pour ajouter des accents suppl\u00e9mentaires et collez les \u00e9toiles et les autocollants spatiaux phosphorescents pour faire briller votre \u0153uvre d&rsquo;art dans la nuit. Accrochez votre cr\u00e9ation et regardez-la s&rsquo;illuminer d\u00e8s que les lumi\u00e8res s&rsquo;\u00e9teignent ! Parfait pour les enfants qui aiment les aventures cr\u00e9atives !<br \/>\nCe qui rend ce kit g\u00e9nial<br \/>\n&#8211;    3 activit\u00e9s diff\u00e9rentes en 1<br \/>\n&#8211;    Th\u00e8me phosphorescent avec des dragons, des dinosaures et d&rsquo;autres animaux<br \/>\n&#8211;    Le livret est facile \u00e0 transporter et les coloriages restent bien ensemble gr\u00e2ce au livret<br \/>\n&#8211;    Le coloriage stimule la cr\u00e9ativit\u00e9 et la motricit\u00e9<br \/>\n&#8211;    Autocollants sp\u00e9ciaux phosphorescents repr\u00e9sentant l&rsquo;espace et les \u00e9toiles<br \/>\nTrois activit\u00e9s en un seul set<br \/>\nAvec ce livre de coloriage, vous pouvez non seulement colorier, mais aussi ajouter des mosa\u00efques et des autocollants phosphorescents. La combinaison des couleurs et des autocollants permet aux enfants d&rsquo;exprimer leur cr\u00e9ativit\u00e9 de diff\u00e9rentes mani\u00e8res. De plus, l&rsquo;effet phosphorescent offre une exp\u00e9rience magique qui fait briller leurs \u0153uvres d&rsquo;art dans le noir. Cela stimule \u00e0 la fois leur imagination et leur motricit\u00e9 fine.<br \/>\nContenu du kit<br \/>\n&#8211;    Autocollants mosa\u00efques n\u00e9on et orange<br \/>\n&#8211;    Feuilles d&rsquo;autocollants phosphorescents<br \/>\n&#8211;    Crayon \u00e0 gratter<br \/>\n&#8211;    Diff\u00e9rents coloriages<br \/>\nPourquoi choisir SES Creative ?<br \/>\nChez SES Creative, nous accordons une grande importance \u00e0 la s\u00e9curit\u00e9. C&rsquo;est pourquoi nos produits sont fabriqu\u00e9s et test\u00e9s dans notre usine aux Pays-Bas, conform\u00e9ment aux normes de s\u00e9curit\u00e9 europ\u00e9ennes les plus strictes. Les jouets SES Creative sont source de plaisir et permettent aux enfants d&rsquo;\u00eatre fiers de leur travail, ce qui stimule leur cr\u00e9ativit\u00e9 et leur d\u00e9veloppement.<br \/>\nPr\u00eat \u00e0 briller dans le noir ?<br \/>\nProcurez-vous le livre de coloriage Glow in the Dark 3-en-1 et d\u00e9couvrez \u00e0 quel point il est amusant de voir vos propres \u0153uvres d&rsquo;art s&rsquo;illuminer. Commencez \u00e0 colorier d\u00e8s aujourd&rsquo;hui et voyez vos cr\u00e9ations briller dans le noir !\u2003<\/p>\n","protected":false},"excerpt":{"rendered":"<p>Livre de coloriage Glow in the Dark 3 en 1 : le plaisir de colorier qui brille ! Le livre d&rsquo;activit\u00e9s glow in the dark de SES Creative n&rsquo;est pas un simple livre de coloriage ! Ce livre d&rsquo;activit\u00e9s combine coloriage, mosa\u00efques et magie glow-in-the-dark en un seul ensemble. Coloriez les pages avec vos couleurs [&hellip;]<\/p>\n","protected":false},"featured_media":93552,"comment_status":"closed","ping_status":"closed","template":"","meta":{"_acf_changed":false},"product_brand":[],"product_cat":[122],"product_tag":[],"class_list":{"0":"post-117954","1":"product","2":"type-product","3":"status-publish","4":"has-post-thumbnail","6":"product_cat-loisirs-creatifs","7":"pa_leeftijd-filter-3-4-ans","8":"pa_meest-populair-bij-garcons-filles","10":"first","11":"instock","12":"shipping-taxable","13":"product-type-simple"},"acf":[],"yoast_head":"<!-- This site is optimized with the Yoast SEO plugin v27.2 - https:\/\/yoast.com\/product\/yoast-seo-wordpress\/ -->\n<title>Cahier d&#039;activit\u00e9s de coloriage phosphorescent 3 en 1 - SES Creative<\/title>\n<meta name=\"robots\" content=\"index, follow, max-snippet:-1, max-image-preview:large, max-video-preview:-1\" \/>\n<link rel=\"canonical\" href=\"https:\/\/ses-creative.com\/fr\/produit\/cahier-dactivites-de-coloriage-phosphorescent-3-en-1\/\" \/>\n<meta property=\"og:locale\" content=\"fr_FR\" \/>\n<meta property=\"og:type\" content=\"article\" \/>\n<meta property=\"og:title\" content=\"Cahier d&#039;activit\u00e9s de coloriage phosphorescent 3 en 1 - SES Creative\" \/>\n<meta property=\"og:description\" content=\"Livre de coloriage Glow in the Dark 3 en 1 : le plaisir de colorier qui brille ! Le livre d&rsquo;activit\u00e9s glow in the dark de SES Creative n&rsquo;est pas un simple livre de coloriage ! Ce livre d&rsquo;activit\u00e9s combine coloriage, mosa\u00efques et magie glow-in-the-dark en un seul ensemble. Coloriez les pages avec vos couleurs [&hellip;]\" \/>\n<meta property=\"og:url\" content=\"https:\/\/ses-creative.com\/fr\/produit\/cahier-dactivites-de-coloriage-phosphorescent-3-en-1\/\" \/>\n<meta property=\"og:site_name\" content=\"SES Creative\" \/>\n<meta property=\"article:modified_time\" content=\"2026-02-12T10:22:10+00:00\" \/>\n<meta name=\"twitter:card\" content=\"summary_large_image\" \/>\n<meta name=\"twitter:label1\" content=\"Dur\u00e9e de lecture estim\u00e9e\" \/>\n\t<meta name=\"twitter:data1\" content=\"2 minutes\" \/>\n<script type=\"application\/ld+json\" class=\"yoast-schema-graph\">{\"@context\":\"https:\/\/schema.org\",\"@graph\":[{\"@type\":\"WebPage\",\"@id\":\"https:\/\/ses-creative.com\/fr\/produit\/cahier-dactivites-de-coloriage-phosphorescent-3-en-1\/\",\"url\":\"https:\/\/ses-creative.com\/fr\/produit\/cahier-dactivites-de-coloriage-phosphorescent-3-en-1\/\",\"name\":\"Cahier d'activit\u00e9s de coloriage phosphorescent 3 en 1 - SES Creative\",\"isPartOf\":{\"@id\":\"https:\/\/ses-creative.com\/#website\"},\"primaryImageOfPage\":{\"@id\":\"https:\/\/ses-creative.com\/fr\/produit\/cahier-dactivites-de-coloriage-phosphorescent-3-en-1\/#primaryimage\"},\"image\":{\"@id\":\"https:\/\/ses-creative.com\/fr\/produit\/cahier-dactivites-de-coloriage-phosphorescent-3-en-1\/#primaryimage\"},\"thumbnailUrl\":\"https:\/\/ses-creative.com\/wp-content\/uploads\/2026\/01\/001181.jpg\",\"datePublished\":\"2026-02-12T10:08:10+00:00\",\"dateModified\":\"2026-02-12T10:22:10+00:00\",\"breadcrumb\":{\"@id\":\"https:\/\/ses-creative.com\/fr\/produit\/cahier-dactivites-de-coloriage-phosphorescent-3-en-1\/#breadcrumb\"},\"inLanguage\":\"fr-FR\",\"potentialAction\":[{\"@type\":\"ReadAction\",\"target\":[\"https:\/\/ses-creative.com\/fr\/produit\/cahier-dactivites-de-coloriage-phosphorescent-3-en-1\/\"]}]},{\"@type\":\"ImageObject\",\"inLanguage\":\"fr-FR\",\"@id\":\"https:\/\/ses-creative.com\/fr\/produit\/cahier-dactivites-de-coloriage-phosphorescent-3-en-1\/#primaryimage\",\"url\":\"https:\/\/ses-creative.com\/wp-content\/uploads\/2026\/01\/001181.jpg\",\"contentUrl\":\"https:\/\/ses-creative.com\/wp-content\/uploads\/2026\/01\/001181.jpg\",\"width\":1000,\"height\":1000},{\"@type\":\"BreadcrumbList\",\"@id\":\"https:\/\/ses-creative.com\/fr\/produit\/cahier-dactivites-de-coloriage-phosphorescent-3-en-1\/#breadcrumb\",\"itemListElement\":[{\"@type\":\"ListItem\",\"position\":1,\"name\":\"Boutique\",\"item\":\"https:\/\/ses-creative.com\/fr\/boutique\/\"},{\"@type\":\"ListItem\",\"position\":2,\"name\":\"Loisirs cr\u00e9atifs\",\"item\":\"https:\/\/ses-creative.com\/fr\/product-categorie\/loisirs-creatifs\/\"},{\"@type\":\"ListItem\",\"position\":3,\"name\":\"Cahier d&#8217;activit\u00e9s de coloriage phosphorescent 3 en 1\"}]},{\"@type\":\"WebSite\",\"@id\":\"https:\/\/ses-creative.com\/#website\",\"url\":\"https:\/\/ses-creative.com\/\",\"name\":\"SES Creative\",\"description\":\"\",\"publisher\":{\"@id\":\"https:\/\/ses-creative.com\/#organization\"},\"potentialAction\":[{\"@type\":\"SearchAction\",\"target\":{\"@type\":\"EntryPoint\",\"urlTemplate\":\"https:\/\/ses-creative.com\/?s={search_term_string}\"},\"query-input\":{\"@type\":\"PropertyValueSpecification\",\"valueRequired\":true,\"valueName\":\"search_term_string\"}}],\"inLanguage\":\"fr-FR\"},{\"@type\":\"Organization\",\"@id\":\"https:\/\/ses-creative.com\/#organization\",\"name\":\"SES Creative\",\"url\":\"https:\/\/ses-creative.com\/\",\"logo\":{\"@type\":\"ImageObject\",\"inLanguage\":\"fr-FR\",\"@id\":\"https:\/\/ses-creative.com\/#\/schema\/logo\/image\/\",\"url\":\"https:\/\/ses-creative.com\/wp-content\/uploads\/2025\/10\/ses-creative-logo.jpg\",\"contentUrl\":\"https:\/\/ses-creative.com\/wp-content\/uploads\/2025\/10\/ses-creative-logo.jpg\",\"width\":2037,\"height\":2037,\"caption\":\"SES Creative\"},\"image\":{\"@id\":\"https:\/\/ses-creative.com\/#\/schema\/logo\/image\/\"}}]}<\/script>\n<!-- \/ Yoast SEO plugin. -->","yoast_head_json":{"title":"Cahier d'activit\u00e9s de coloriage phosphorescent 3 en 1 - SES Creative","robots":{"index":"index","follow":"follow","max-snippet":"max-snippet:-1","max-image-preview":"max-image-preview:large","max-video-preview":"max-video-preview:-1"},"canonical":"https:\/\/ses-creative.com\/fr\/produit\/cahier-dactivites-de-coloriage-phosphorescent-3-en-1\/","og_locale":"fr_FR","og_type":"article","og_title":"Cahier d'activit\u00e9s de coloriage phosphorescent 3 en 1 - SES Creative","og_description":"Livre de coloriage Glow in the Dark 3 en 1 : le plaisir de colorier qui brille ! Le livre d&rsquo;activit\u00e9s glow in the dark de SES Creative n&rsquo;est pas un simple livre de coloriage ! Ce livre d&rsquo;activit\u00e9s combine coloriage, mosa\u00efques et magie glow-in-the-dark en un seul ensemble. Coloriez les pages avec vos couleurs [&hellip;]","og_url":"https:\/\/ses-creative.com\/fr\/produit\/cahier-dactivites-de-coloriage-phosphorescent-3-en-1\/","og_site_name":"SES Creative","article_modified_time":"2026-02-12T10:22:10+00:00","twitter_card":"summary_large_image","twitter_misc":{"Dur\u00e9e de lecture estim\u00e9e":"2 minutes"},"schema":{"@context":"https:\/\/schema.org","@graph":[{"@type":"WebPage","@id":"https:\/\/ses-creative.com\/fr\/produit\/cahier-dactivites-de-coloriage-phosphorescent-3-en-1\/","url":"https:\/\/ses-creative.com\/fr\/produit\/cahier-dactivites-de-coloriage-phosphorescent-3-en-1\/","name":"Cahier d'activit\u00e9s de coloriage phosphorescent 3 en 1 - SES Creative","isPartOf":{"@id":"https:\/\/ses-creative.com\/#website"},"primaryImageOfPage":{"@id":"https:\/\/ses-creative.com\/fr\/produit\/cahier-dactivites-de-coloriage-phosphorescent-3-en-1\/#primaryimage"},"image":{"@id":"https:\/\/ses-creative.com\/fr\/produit\/cahier-dactivites-de-coloriage-phosphorescent-3-en-1\/#primaryimage"},"thumbnailUrl":"https:\/\/ses-creative.com\/wp-content\/uploads\/2026\/01\/001181.jpg","datePublished":"2026-02-12T10:08:10+00:00","dateModified":"2026-02-12T10:22:10+00:00","breadcrumb":{"@id":"https:\/\/ses-creative.com\/fr\/produit\/cahier-dactivites-de-coloriage-phosphorescent-3-en-1\/#breadcrumb"},"inLanguage":"fr-FR","potentialAction":[{"@type":"ReadAction","target":["https:\/\/ses-creative.com\/fr\/produit\/cahier-dactivites-de-coloriage-phosphorescent-3-en-1\/"]}]},{"@type":"ImageObject","inLanguage":"fr-FR","@id":"https:\/\/ses-creative.com\/fr\/produit\/cahier-dactivites-de-coloriage-phosphorescent-3-en-1\/#primaryimage","url":"https:\/\/ses-creative.com\/wp-content\/uploads\/2026\/01\/001181.jpg","contentUrl":"https:\/\/ses-creative.com\/wp-content\/uploads\/2026\/01\/001181.jpg","width":1000,"height":1000},{"@type":"BreadcrumbList","@id":"https:\/\/ses-creative.com\/fr\/produit\/cahier-dactivites-de-coloriage-phosphorescent-3-en-1\/#breadcrumb","itemListElement":[{"@type":"ListItem","position":1,"name":"Boutique","item":"https:\/\/ses-creative.com\/fr\/boutique\/"},{"@type":"ListItem","position":2,"name":"Loisirs cr\u00e9atifs","item":"https:\/\/ses-creative.com\/fr\/product-categorie\/loisirs-creatifs\/"},{"@type":"ListItem","position":3,"name":"Cahier d&#8217;activit\u00e9s de coloriage phosphorescent 3 en 1"}]},{"@type":"WebSite","@id":"https:\/\/ses-creative.com\/#website","url":"https:\/\/ses-creative.com\/","name":"SES Creative","description":"","publisher":{"@id":"https:\/\/ses-creative.com\/#organization"},"potentialAction":[{"@type":"SearchAction","target":{"@type":"EntryPoint","urlTemplate":"https:\/\/ses-creative.com\/?s={search_term_string}"},"query-input":{"@type":"PropertyValueSpecification","valueRequired":true,"valueName":"search_term_string"}}],"inLanguage":"fr-FR"},{"@type":"Organization","@id":"https:\/\/ses-creative.com\/#organization","name":"SES Creative","url":"https:\/\/ses-creative.com\/","logo":{"@type":"ImageObject","inLanguage":"fr-FR","@id":"https:\/\/ses-creative.com\/#\/schema\/logo\/image\/","url":"https:\/\/ses-creative.com\/wp-content\/uploads\/2025\/10\/ses-creative-logo.jpg","contentUrl":"https:\/\/ses-creative.com\/wp-content\/uploads\/2025\/10\/ses-creative-logo.jpg","width":2037,"height":2037,"caption":"SES Creative"},"image":{"@id":"https:\/\/ses-creative.com\/#\/schema\/logo\/image\/"}}]}},"_links":{"self":[{"href":"https:\/\/ses-creative.com\/fr\/wp-json\/wp\/v2\/product\/117954","targetHints":{"allow":["GET"]}}],"collection":[{"href":"https:\/\/ses-creative.com\/fr\/wp-json\/wp\/v2\/product"}],"about":[{"href":"https:\/\/ses-creative.com\/fr\/wp-json\/wp\/v2\/types\/product"}],"replies":[{"embeddable":true,"href":"https:\/\/ses-creative.com\/fr\/wp-json\/wp\/v2\/comments?post=117954"}],"wp:featuredmedia":[{"embeddable":true,"href":"https:\/\/ses-creative.com\/fr\/wp-json\/wp\/v2\/media\/93552"}],"wp:attachment":[{"href":"https:\/\/ses-creative.com\/fr\/wp-json\/wp\/v2\/media?parent=117954"}],"wp:term":[{"taxonomy":"product_brand","embeddable":true,"href":"https:\/\/ses-creative.com\/fr\/wp-json\/wp\/v2\/product_brand?post=117954"},{"taxonomy":"product_cat","embeddable":true,"href":"https:\/\/ses-creative.com\/fr\/wp-json\/wp\/v2\/product_cat?post=117954"},{"taxonomy":"product_tag","embeddable":true,"href":"https:\/\/ses-creative.com\/fr\/wp-json\/wp\/v2\/product_tag?post=117954"}],"curies":[{"name":"wp","href":"https:\/\/api.w.org\/{rel}","templated":true}]}}