











{"id":117953,"date":"2026-02-12T10:08:10","date_gmt":"2026-02-12T10:08:10","guid":{"rendered":"https:\/\/ses-creative.com\/?post_type=product&#038;p=117953"},"modified":"2026-02-12T10:22:10","modified_gmt":"2026-02-12T10:22:10","slug":"cahier-dactivites-de-coloriage-a-paillettes-3-en-1","status":"publish","type":"product","link":"https:\/\/ses-creative.com\/fr\/produit\/cahier-dactivites-de-coloriage-a-paillettes-3-en-1\/","title":{"rendered":"Cahier d&rsquo;activit\u00e9s de coloriage \u00e0 paillettes 3 en 1"},"content":{"rendered":"<p>Livre de coloriage paillet\u00e9 3 en 1 : le plaisir magique de colorier !<br \/>\nLe livre de coloriage paillet\u00e9 3 en 1 de SES Creative offre aux enfants la possibilit\u00e9 de colorier et de d\u00e9corer de trois mani\u00e8res diff\u00e9rentes. Prends tes crayons et commence \u00e0 colorier. Tu veux un peu plus de magie ? Gratte d\u00e9licatement les cartes \u00e0 gratter paillet\u00e9es pour r\u00e9v\u00e9ler des images cach\u00e9es. Enfin, ajoute les perles autocollantes pour une finition \u00e9tincelante !<br \/>\nAvec ses paillettes, ses perles et ses planches color\u00e9es, ce livre de coloriage est parfait pour les enfants cr\u00e9atifs \u00e0 partir de 3 ans qui aiment ajouter une touche de paillettes \u00e0 leurs cr\u00e9ations !<br \/>\nCe qui rend ce set g\u00e9nial<br \/>\n&#8211;    3 activit\u00e9s diff\u00e9rentes en 1<br \/>\n&#8211;    Th\u00e8me joyeux et scintillant de licorne (\u00e9galement sir\u00e8ne, dauphin, chaton)<br \/>\n&#8211;    Le livret est facile \u00e0 transporter et les pages \u00e0 colorier restent bien ensemble gr\u00e2ce au livret<br \/>\n&#8211;    Le coloriage stimule la cr\u00e9ativit\u00e9 et la motricit\u00e9<br \/>\n&#8211; Avec des perles pour le diamond painting<br \/>\n3 activit\u00e9s en 1 !<br \/>\nLe livre de coloriage paillet\u00e9 3 en 1 offre une combinaison unique de coloriage, de d\u00e9coration et de d\u00e9couverte. Les autocollants paillet\u00e9s et les perles ajoutent une touche scintillante \u00e0 chaque \u0153uvre d&rsquo;art, et les diff\u00e9rentes activit\u00e9s permettent aux enfants de toujours avoir quelque chose de nouveau \u00e0 faire. Ce livre de coloriage contribue au d\u00e9veloppement de la cr\u00e9ativit\u00e9, de la motricit\u00e9 fine et de la patience.<br \/>\nContenu du set<br \/>\n&#8211;    Perles autocollantes roses et blanches<br \/>\n&#8211;    Cartes \u00e0 gratter paillet\u00e9es<br \/>\n&#8211;    Coloriages<br \/>\n&#8211;    Crayon \u00e0 gratter<br \/>\n&#8211;    Autocollants paillet\u00e9s<br \/>\nPourquoi choisir SES Creative ?<br \/>\nChez SES Creative, nous accordons une grande importance \u00e0 la s\u00e9curit\u00e9. C&rsquo;est pourquoi nos produits sont fabriqu\u00e9s et test\u00e9s dans notre usine aux Pays-Bas, conform\u00e9ment aux normes de s\u00e9curit\u00e9 europ\u00e9ennes les plus strictes. Les jouets SES Creative sont source de plaisir et permettent aux enfants d&rsquo;\u00eatre fiers de leur travail, ce qui stimule leur cr\u00e9ativit\u00e9 et leur d\u00e9veloppement.<br \/>\nPr\u00eat \u00e0 colorier et \u00e0 d\u00e9corer ?<br \/>\nProcurez-vous le livre de coloriage 3 en 1 Glitter de SES Creative et commencez d\u00e8s aujourd&rsquo;hui \u00e0 vous amuser en coloriant. Laissez libre cours \u00e0 votre cr\u00e9ativit\u00e9 avec des paillettes, des perles et de magnifiques coloriages. Qu&rsquo;attendez-vous ? Cr\u00e9ez votre propre chef-d&rsquo;\u0153uvre plein de paillettes !<\/p>\n","protected":false},"excerpt":{"rendered":"<p>Livre de coloriage paillet\u00e9 3 en 1 : le plaisir magique de colorier ! Le livre de coloriage paillet\u00e9 3 en 1 de SES Creative offre aux enfants la possibilit\u00e9 de colorier et de d\u00e9corer de trois mani\u00e8res diff\u00e9rentes. Prends tes crayons et commence \u00e0 colorier. Tu veux un peu plus de magie ? Gratte [&hellip;]<\/p>\n","protected":false},"featured_media":95708,"comment_status":"closed","ping_status":"closed","template":"","meta":{"_acf_changed":false},"product_brand":[],"product_cat":[122],"product_tag":[],"class_list":{"0":"post-117953","1":"product","2":"type-product","3":"status-publish","4":"has-post-thumbnail","6":"product_cat-loisirs-creatifs","7":"pa_leeftijd-filter-3-4-ans","8":"pa_meest-populair-bij-garcons-filles","10":"first","11":"instock","12":"shipping-taxable","13":"product-type-simple"},"acf":[],"yoast_head":"<!-- This site is optimized with the Yoast SEO plugin v27.2 - https:\/\/yoast.com\/product\/yoast-seo-wordpress\/ -->\n<title>Cahier d&#039;activit\u00e9s de coloriage \u00e0 paillettes 3 en 1 - SES Creative<\/title>\n<meta name=\"robots\" content=\"index, follow, max-snippet:-1, max-image-preview:large, max-video-preview:-1\" \/>\n<link rel=\"canonical\" href=\"https:\/\/ses-creative.com\/fr\/produit\/cahier-dactivites-de-coloriage-a-paillettes-3-en-1\/\" \/>\n<meta property=\"og:locale\" content=\"fr_FR\" \/>\n<meta property=\"og:type\" content=\"article\" \/>\n<meta property=\"og:title\" content=\"Cahier d&#039;activit\u00e9s de coloriage \u00e0 paillettes 3 en 1 - SES Creative\" \/>\n<meta property=\"og:description\" content=\"Livre de coloriage paillet\u00e9 3 en 1 : le plaisir magique de colorier ! Le livre de coloriage paillet\u00e9 3 en 1 de SES Creative offre aux enfants la possibilit\u00e9 de colorier et de d\u00e9corer de trois mani\u00e8res diff\u00e9rentes. Prends tes crayons et commence \u00e0 colorier. Tu veux un peu plus de magie ? Gratte [&hellip;]\" \/>\n<meta property=\"og:url\" content=\"https:\/\/ses-creative.com\/fr\/produit\/cahier-dactivites-de-coloriage-a-paillettes-3-en-1\/\" \/>\n<meta property=\"og:site_name\" content=\"SES Creative\" \/>\n<meta property=\"article:modified_time\" content=\"2026-02-12T10:22:10+00:00\" \/>\n<meta name=\"twitter:card\" content=\"summary_large_image\" \/>\n<meta name=\"twitter:label1\" content=\"Dur\u00e9e de lecture estim\u00e9e\" \/>\n\t<meta name=\"twitter:data1\" content=\"2 minutes\" \/>\n<script type=\"application\/ld+json\" class=\"yoast-schema-graph\">{\"@context\":\"https:\/\/schema.org\",\"@graph\":[{\"@type\":\"WebPage\",\"@id\":\"https:\/\/ses-creative.com\/fr\/produit\/cahier-dactivites-de-coloriage-a-paillettes-3-en-1\/\",\"url\":\"https:\/\/ses-creative.com\/fr\/produit\/cahier-dactivites-de-coloriage-a-paillettes-3-en-1\/\",\"name\":\"Cahier d'activit\u00e9s de coloriage \u00e0 paillettes 3 en 1 - SES Creative\",\"isPartOf\":{\"@id\":\"https:\/\/ses-creative.com\/#website\"},\"primaryImageOfPage\":{\"@id\":\"https:\/\/ses-creative.com\/fr\/produit\/cahier-dactivites-de-coloriage-a-paillettes-3-en-1\/#primaryimage\"},\"image\":{\"@id\":\"https:\/\/ses-creative.com\/fr\/produit\/cahier-dactivites-de-coloriage-a-paillettes-3-en-1\/#primaryimage\"},\"thumbnailUrl\":\"https:\/\/ses-creative.com\/wp-content\/uploads\/2026\/01\/001171.jpg\",\"datePublished\":\"2026-02-12T10:08:10+00:00\",\"dateModified\":\"2026-02-12T10:22:10+00:00\",\"breadcrumb\":{\"@id\":\"https:\/\/ses-creative.com\/fr\/produit\/cahier-dactivites-de-coloriage-a-paillettes-3-en-1\/#breadcrumb\"},\"inLanguage\":\"fr-FR\",\"potentialAction\":[{\"@type\":\"ReadAction\",\"target\":[\"https:\/\/ses-creative.com\/fr\/produit\/cahier-dactivites-de-coloriage-a-paillettes-3-en-1\/\"]}]},{\"@type\":\"ImageObject\",\"inLanguage\":\"fr-FR\",\"@id\":\"https:\/\/ses-creative.com\/fr\/produit\/cahier-dactivites-de-coloriage-a-paillettes-3-en-1\/#primaryimage\",\"url\":\"https:\/\/ses-creative.com\/wp-content\/uploads\/2026\/01\/001171.jpg\",\"contentUrl\":\"https:\/\/ses-creative.com\/wp-content\/uploads\/2026\/01\/001171.jpg\",\"width\":1000,\"height\":1000},{\"@type\":\"BreadcrumbList\",\"@id\":\"https:\/\/ses-creative.com\/fr\/produit\/cahier-dactivites-de-coloriage-a-paillettes-3-en-1\/#breadcrumb\",\"itemListElement\":[{\"@type\":\"ListItem\",\"position\":1,\"name\":\"Boutique\",\"item\":\"https:\/\/ses-creative.com\/fr\/boutique\/\"},{\"@type\":\"ListItem\",\"position\":2,\"name\":\"Loisirs cr\u00e9atifs\",\"item\":\"https:\/\/ses-creative.com\/fr\/product-categorie\/loisirs-creatifs\/\"},{\"@type\":\"ListItem\",\"position\":3,\"name\":\"Cahier d&#8217;activit\u00e9s de coloriage \u00e0 paillettes 3 en 1\"}]},{\"@type\":\"WebSite\",\"@id\":\"https:\/\/ses-creative.com\/#website\",\"url\":\"https:\/\/ses-creative.com\/\",\"name\":\"SES Creative\",\"description\":\"\",\"publisher\":{\"@id\":\"https:\/\/ses-creative.com\/#organization\"},\"potentialAction\":[{\"@type\":\"SearchAction\",\"target\":{\"@type\":\"EntryPoint\",\"urlTemplate\":\"https:\/\/ses-creative.com\/?s={search_term_string}\"},\"query-input\":{\"@type\":\"PropertyValueSpecification\",\"valueRequired\":true,\"valueName\":\"search_term_string\"}}],\"inLanguage\":\"fr-FR\"},{\"@type\":\"Organization\",\"@id\":\"https:\/\/ses-creative.com\/#organization\",\"name\":\"SES Creative\",\"url\":\"https:\/\/ses-creative.com\/\",\"logo\":{\"@type\":\"ImageObject\",\"inLanguage\":\"fr-FR\",\"@id\":\"https:\/\/ses-creative.com\/#\/schema\/logo\/image\/\",\"url\":\"https:\/\/ses-creative.com\/wp-content\/uploads\/2025\/10\/ses-creative-logo.jpg\",\"contentUrl\":\"https:\/\/ses-creative.com\/wp-content\/uploads\/2025\/10\/ses-creative-logo.jpg\",\"width\":2037,\"height\":2037,\"caption\":\"SES Creative\"},\"image\":{\"@id\":\"https:\/\/ses-creative.com\/#\/schema\/logo\/image\/\"}}]}<\/script>\n<!-- \/ Yoast SEO plugin. -->","yoast_head_json":{"title":"Cahier d'activit\u00e9s de coloriage \u00e0 paillettes 3 en 1 - SES Creative","robots":{"index":"index","follow":"follow","max-snippet":"max-snippet:-1","max-image-preview":"max-image-preview:large","max-video-preview":"max-video-preview:-1"},"canonical":"https:\/\/ses-creative.com\/fr\/produit\/cahier-dactivites-de-coloriage-a-paillettes-3-en-1\/","og_locale":"fr_FR","og_type":"article","og_title":"Cahier d'activit\u00e9s de coloriage \u00e0 paillettes 3 en 1 - SES Creative","og_description":"Livre de coloriage paillet\u00e9 3 en 1 : le plaisir magique de colorier ! Le livre de coloriage paillet\u00e9 3 en 1 de SES Creative offre aux enfants la possibilit\u00e9 de colorier et de d\u00e9corer de trois mani\u00e8res diff\u00e9rentes. Prends tes crayons et commence \u00e0 colorier. Tu veux un peu plus de magie ? Gratte [&hellip;]","og_url":"https:\/\/ses-creative.com\/fr\/produit\/cahier-dactivites-de-coloriage-a-paillettes-3-en-1\/","og_site_name":"SES Creative","article_modified_time":"2026-02-12T10:22:10+00:00","twitter_card":"summary_large_image","twitter_misc":{"Dur\u00e9e de lecture estim\u00e9e":"2 minutes"},"schema":{"@context":"https:\/\/schema.org","@graph":[{"@type":"WebPage","@id":"https:\/\/ses-creative.com\/fr\/produit\/cahier-dactivites-de-coloriage-a-paillettes-3-en-1\/","url":"https:\/\/ses-creative.com\/fr\/produit\/cahier-dactivites-de-coloriage-a-paillettes-3-en-1\/","name":"Cahier d'activit\u00e9s de coloriage \u00e0 paillettes 3 en 1 - SES Creative","isPartOf":{"@id":"https:\/\/ses-creative.com\/#website"},"primaryImageOfPage":{"@id":"https:\/\/ses-creative.com\/fr\/produit\/cahier-dactivites-de-coloriage-a-paillettes-3-en-1\/#primaryimage"},"image":{"@id":"https:\/\/ses-creative.com\/fr\/produit\/cahier-dactivites-de-coloriage-a-paillettes-3-en-1\/#primaryimage"},"thumbnailUrl":"https:\/\/ses-creative.com\/wp-content\/uploads\/2026\/01\/001171.jpg","datePublished":"2026-02-12T10:08:10+00:00","dateModified":"2026-02-12T10:22:10+00:00","breadcrumb":{"@id":"https:\/\/ses-creative.com\/fr\/produit\/cahier-dactivites-de-coloriage-a-paillettes-3-en-1\/#breadcrumb"},"inLanguage":"fr-FR","potentialAction":[{"@type":"ReadAction","target":["https:\/\/ses-creative.com\/fr\/produit\/cahier-dactivites-de-coloriage-a-paillettes-3-en-1\/"]}]},{"@type":"ImageObject","inLanguage":"fr-FR","@id":"https:\/\/ses-creative.com\/fr\/produit\/cahier-dactivites-de-coloriage-a-paillettes-3-en-1\/#primaryimage","url":"https:\/\/ses-creative.com\/wp-content\/uploads\/2026\/01\/001171.jpg","contentUrl":"https:\/\/ses-creative.com\/wp-content\/uploads\/2026\/01\/001171.jpg","width":1000,"height":1000},{"@type":"BreadcrumbList","@id":"https:\/\/ses-creative.com\/fr\/produit\/cahier-dactivites-de-coloriage-a-paillettes-3-en-1\/#breadcrumb","itemListElement":[{"@type":"ListItem","position":1,"name":"Boutique","item":"https:\/\/ses-creative.com\/fr\/boutique\/"},{"@type":"ListItem","position":2,"name":"Loisirs cr\u00e9atifs","item":"https:\/\/ses-creative.com\/fr\/product-categorie\/loisirs-creatifs\/"},{"@type":"ListItem","position":3,"name":"Cahier d&#8217;activit\u00e9s de coloriage \u00e0 paillettes 3 en 1"}]},{"@type":"WebSite","@id":"https:\/\/ses-creative.com\/#website","url":"https:\/\/ses-creative.com\/","name":"SES Creative","description":"","publisher":{"@id":"https:\/\/ses-creative.com\/#organization"},"potentialAction":[{"@type":"SearchAction","target":{"@type":"EntryPoint","urlTemplate":"https:\/\/ses-creative.com\/?s={search_term_string}"},"query-input":{"@type":"PropertyValueSpecification","valueRequired":true,"valueName":"search_term_string"}}],"inLanguage":"fr-FR"},{"@type":"Organization","@id":"https:\/\/ses-creative.com\/#organization","name":"SES Creative","url":"https:\/\/ses-creative.com\/","logo":{"@type":"ImageObject","inLanguage":"fr-FR","@id":"https:\/\/ses-creative.com\/#\/schema\/logo\/image\/","url":"https:\/\/ses-creative.com\/wp-content\/uploads\/2025\/10\/ses-creative-logo.jpg","contentUrl":"https:\/\/ses-creative.com\/wp-content\/uploads\/2025\/10\/ses-creative-logo.jpg","width":2037,"height":2037,"caption":"SES Creative"},"image":{"@id":"https:\/\/ses-creative.com\/#\/schema\/logo\/image\/"}}]}},"_links":{"self":[{"href":"https:\/\/ses-creative.com\/fr\/wp-json\/wp\/v2\/product\/117953","targetHints":{"allow":["GET"]}}],"collection":[{"href":"https:\/\/ses-creative.com\/fr\/wp-json\/wp\/v2\/product"}],"about":[{"href":"https:\/\/ses-creative.com\/fr\/wp-json\/wp\/v2\/types\/product"}],"replies":[{"embeddable":true,"href":"https:\/\/ses-creative.com\/fr\/wp-json\/wp\/v2\/comments?post=117953"}],"wp:featuredmedia":[{"embeddable":true,"href":"https:\/\/ses-creative.com\/fr\/wp-json\/wp\/v2\/media\/95708"}],"wp:attachment":[{"href":"https:\/\/ses-creative.com\/fr\/wp-json\/wp\/v2\/media?parent=117953"}],"wp:term":[{"taxonomy":"product_brand","embeddable":true,"href":"https:\/\/ses-creative.com\/fr\/wp-json\/wp\/v2\/product_brand?post=117953"},{"taxonomy":"product_cat","embeddable":true,"href":"https:\/\/ses-creative.com\/fr\/wp-json\/wp\/v2\/product_cat?post=117953"},{"taxonomy":"product_tag","embeddable":true,"href":"https:\/\/ses-creative.com\/fr\/wp-json\/wp\/v2\/product_tag?post=117953"}],"curies":[{"name":"wp","href":"https:\/\/api.w.org\/{rel}","templated":true}]}}