











{"id":117951,"date":"2026-02-12T10:08:10","date_gmt":"2026-02-12T10:08:10","guid":{"rendered":"https:\/\/ses-creative.com\/?post_type=product&#038;p=117951"},"modified":"2026-02-12T10:22:10","modified_gmt":"2026-02-12T10:22:10","slug":"livre-de-coloriage-licorne","status":"publish","type":"product","link":"https:\/\/ses-creative.com\/fr\/produit\/livre-de-coloriage-licorne\/","title":{"rendered":"Livre de Coloriage Licorne"},"content":{"rendered":"<p>Plongez dans un monde plein de magie avec ce livre de coloriage licorne unique !<br \/>\nAvec 15 pages \u00e0 colorier enchant\u00e9es repr\u00e9sentant des licornes joyeuses, vous aurez tout l&rsquo;espace n\u00e9cessaire pour laisser libre cours \u00e0 votre cr\u00e9ativit\u00e9. Ce qui rend ce livre de coloriage si sp\u00e9cial, c&rsquo;est la mousse arc-en-ciel color\u00e9e et la corne squizy visibles sur chaque page. Cela ajoute une dimension suppl\u00e9mentaire \u00e0 vos \u0153uvres d&rsquo;art. Et comme si cela ne suffisait pas, vous recevrez 40 autocollants scintillants pour faire briller encore plus vos dessins.<br \/>\nCe qui rend ce set g\u00e9nial<br \/>\n&#8211;    Livre de coloriage sur le th\u00e8me joyeux des licornes<br \/>\n&#8211;    Le livret est facile \u00e0 transporter et les pages \u00e0 colorier restent bien ensemble gr\u00e2ce au livret<br \/>\n&#8211;    La corne en mousse squizy revient dans chaque dessin, ce qui le rend encore plus color\u00e9<br \/>\n&#8211;    Rendez les coloriages encore plus amusants avec les autocollants<br \/>\n&#8211;    Coloriages aux lignes \u00e9paisses, ce qui rend le coloriage amusant m\u00eame pour les plus jeunes<br \/>\nColoriage et cr\u00e9ation avec des licornes<br \/>\nEn plus du plaisir de colorier et d&rsquo;\u00eatre cr\u00e9atif, vous d\u00e9veloppez \u00e9galement votre motricit\u00e9 fine et votre concentration. De plus, d\u00e9corer vos dessins avec les autocollants assortis vous apporte une satisfaction suppl\u00e9mentaire et un r\u00e9sultat final magnifique.<br \/>\nContenu du set<br \/>\n&#8211; 15 coloriages licornes diff\u00e9rents<br \/>\n&#8211; 40 autocollants licornes<br \/>\nPourquoi choisir SES Creative ?<br \/>\nChez SES Creative, nous accordons une grande importance \u00e0 la s\u00e9curit\u00e9. C&rsquo;est pourquoi nos produits sont fabriqu\u00e9s et test\u00e9s dans notre usine aux Pays-Bas, conform\u00e9ment aux normes de s\u00e9curit\u00e9 europ\u00e9ennes les plus strictes. Les jouets SES Creative sont source de plaisir et permettent aux enfants d&rsquo;\u00eatre fiers de leur travail, ce qui stimule leur cr\u00e9ativit\u00e9 et leur d\u00e9veloppement.<br \/>\nPrenez vos crayons et commencez \u00e0 colorier d\u00e8s aujourd&rsquo;hui !<br \/>\nAlors, qu&rsquo;attendez-vous ? Prenez vos crayons de couleur, ouvrez votre livre de coloriage et donnez vie au monde magique des licornes sous vos mains !<\/p>\n","protected":false},"excerpt":{"rendered":"<p>Plongez dans un monde plein de magie avec ce livre de coloriage licorne unique ! Avec 15 pages \u00e0 colorier enchant\u00e9es repr\u00e9sentant des licornes joyeuses, vous aurez tout l&rsquo;espace n\u00e9cessaire pour laisser libre cours \u00e0 votre cr\u00e9ativit\u00e9. Ce qui rend ce livre de coloriage si sp\u00e9cial, c&rsquo;est la mousse arc-en-ciel color\u00e9e et la corne squizy [&hellip;]<\/p>\n","protected":false},"featured_media":95568,"comment_status":"closed","ping_status":"closed","template":"","meta":{"_acf_changed":false},"product_brand":[],"product_cat":[122],"product_tag":[],"class_list":{"0":"post-117951","1":"product","2":"type-product","3":"status-publish","4":"has-post-thumbnail","6":"product_cat-loisirs-creatifs","7":"pa_leeftijd-filter-3-4-ans","8":"pa_meest-populair-bij-garcons-filles","10":"first","11":"instock","12":"shipping-taxable","13":"product-type-simple"},"acf":[],"yoast_head":"<!-- This site is optimized with the Yoast SEO plugin v27.2 - https:\/\/yoast.com\/product\/yoast-seo-wordpress\/ -->\n<title>Livre de Coloriage Licorne - SES Creative<\/title>\n<meta name=\"robots\" content=\"index, follow, max-snippet:-1, max-image-preview:large, max-video-preview:-1\" \/>\n<link rel=\"canonical\" href=\"https:\/\/ses-creative.com\/fr\/produit\/livre-de-coloriage-licorne\/\" \/>\n<meta property=\"og:locale\" content=\"fr_FR\" \/>\n<meta property=\"og:type\" content=\"article\" \/>\n<meta property=\"og:title\" content=\"Livre de Coloriage Licorne - SES Creative\" \/>\n<meta property=\"og:description\" content=\"Plongez dans un monde plein de magie avec ce livre de coloriage licorne unique ! Avec 15 pages \u00e0 colorier enchant\u00e9es repr\u00e9sentant des licornes joyeuses, vous aurez tout l&rsquo;espace n\u00e9cessaire pour laisser libre cours \u00e0 votre cr\u00e9ativit\u00e9. Ce qui rend ce livre de coloriage si sp\u00e9cial, c&rsquo;est la mousse arc-en-ciel color\u00e9e et la corne squizy [&hellip;]\" \/>\n<meta property=\"og:url\" content=\"https:\/\/ses-creative.com\/fr\/produit\/livre-de-coloriage-licorne\/\" \/>\n<meta property=\"og:site_name\" content=\"SES Creative\" \/>\n<meta property=\"article:modified_time\" content=\"2026-02-12T10:22:10+00:00\" \/>\n<meta name=\"twitter:card\" content=\"summary_large_image\" \/>\n<meta name=\"twitter:label1\" content=\"Dur\u00e9e de lecture estim\u00e9e\" \/>\n\t<meta name=\"twitter:data1\" content=\"2 minutes\" \/>\n<script type=\"application\/ld+json\" class=\"yoast-schema-graph\">{\"@context\":\"https:\/\/schema.org\",\"@graph\":[{\"@type\":\"WebPage\",\"@id\":\"https:\/\/ses-creative.com\/fr\/produit\/livre-de-coloriage-licorne\/\",\"url\":\"https:\/\/ses-creative.com\/fr\/produit\/livre-de-coloriage-licorne\/\",\"name\":\"Livre de Coloriage Licorne - SES Creative\",\"isPartOf\":{\"@id\":\"https:\/\/ses-creative.com\/#website\"},\"primaryImageOfPage\":{\"@id\":\"https:\/\/ses-creative.com\/fr\/produit\/livre-de-coloriage-licorne\/#primaryimage\"},\"image\":{\"@id\":\"https:\/\/ses-creative.com\/fr\/produit\/livre-de-coloriage-licorne\/#primaryimage\"},\"thumbnailUrl\":\"https:\/\/ses-creative.com\/wp-content\/uploads\/2026\/01\/001111.jpg\",\"datePublished\":\"2026-02-12T10:08:10+00:00\",\"dateModified\":\"2026-02-12T10:22:10+00:00\",\"breadcrumb\":{\"@id\":\"https:\/\/ses-creative.com\/fr\/produit\/livre-de-coloriage-licorne\/#breadcrumb\"},\"inLanguage\":\"fr-FR\",\"potentialAction\":[{\"@type\":\"ReadAction\",\"target\":[\"https:\/\/ses-creative.com\/fr\/produit\/livre-de-coloriage-licorne\/\"]}]},{\"@type\":\"ImageObject\",\"inLanguage\":\"fr-FR\",\"@id\":\"https:\/\/ses-creative.com\/fr\/produit\/livre-de-coloriage-licorne\/#primaryimage\",\"url\":\"https:\/\/ses-creative.com\/wp-content\/uploads\/2026\/01\/001111.jpg\",\"contentUrl\":\"https:\/\/ses-creative.com\/wp-content\/uploads\/2026\/01\/001111.jpg\",\"width\":1000,\"height\":1000},{\"@type\":\"BreadcrumbList\",\"@id\":\"https:\/\/ses-creative.com\/fr\/produit\/livre-de-coloriage-licorne\/#breadcrumb\",\"itemListElement\":[{\"@type\":\"ListItem\",\"position\":1,\"name\":\"Boutique\",\"item\":\"https:\/\/ses-creative.com\/fr\/boutique\/\"},{\"@type\":\"ListItem\",\"position\":2,\"name\":\"Loisirs cr\u00e9atifs\",\"item\":\"https:\/\/ses-creative.com\/fr\/product-categorie\/loisirs-creatifs\/\"},{\"@type\":\"ListItem\",\"position\":3,\"name\":\"Livre de Coloriage Licorne\"}]},{\"@type\":\"WebSite\",\"@id\":\"https:\/\/ses-creative.com\/#website\",\"url\":\"https:\/\/ses-creative.com\/\",\"name\":\"SES Creative\",\"description\":\"\",\"publisher\":{\"@id\":\"https:\/\/ses-creative.com\/#organization\"},\"potentialAction\":[{\"@type\":\"SearchAction\",\"target\":{\"@type\":\"EntryPoint\",\"urlTemplate\":\"https:\/\/ses-creative.com\/?s={search_term_string}\"},\"query-input\":{\"@type\":\"PropertyValueSpecification\",\"valueRequired\":true,\"valueName\":\"search_term_string\"}}],\"inLanguage\":\"fr-FR\"},{\"@type\":\"Organization\",\"@id\":\"https:\/\/ses-creative.com\/#organization\",\"name\":\"SES Creative\",\"url\":\"https:\/\/ses-creative.com\/\",\"logo\":{\"@type\":\"ImageObject\",\"inLanguage\":\"fr-FR\",\"@id\":\"https:\/\/ses-creative.com\/#\/schema\/logo\/image\/\",\"url\":\"https:\/\/ses-creative.com\/wp-content\/uploads\/2025\/10\/ses-creative-logo.jpg\",\"contentUrl\":\"https:\/\/ses-creative.com\/wp-content\/uploads\/2025\/10\/ses-creative-logo.jpg\",\"width\":2037,\"height\":2037,\"caption\":\"SES Creative\"},\"image\":{\"@id\":\"https:\/\/ses-creative.com\/#\/schema\/logo\/image\/\"}}]}<\/script>\n<!-- \/ Yoast SEO plugin. -->","yoast_head_json":{"title":"Livre de Coloriage Licorne - SES Creative","robots":{"index":"index","follow":"follow","max-snippet":"max-snippet:-1","max-image-preview":"max-image-preview:large","max-video-preview":"max-video-preview:-1"},"canonical":"https:\/\/ses-creative.com\/fr\/produit\/livre-de-coloriage-licorne\/","og_locale":"fr_FR","og_type":"article","og_title":"Livre de Coloriage Licorne - SES Creative","og_description":"Plongez dans un monde plein de magie avec ce livre de coloriage licorne unique ! Avec 15 pages \u00e0 colorier enchant\u00e9es repr\u00e9sentant des licornes joyeuses, vous aurez tout l&rsquo;espace n\u00e9cessaire pour laisser libre cours \u00e0 votre cr\u00e9ativit\u00e9. Ce qui rend ce livre de coloriage si sp\u00e9cial, c&rsquo;est la mousse arc-en-ciel color\u00e9e et la corne squizy [&hellip;]","og_url":"https:\/\/ses-creative.com\/fr\/produit\/livre-de-coloriage-licorne\/","og_site_name":"SES Creative","article_modified_time":"2026-02-12T10:22:10+00:00","twitter_card":"summary_large_image","twitter_misc":{"Dur\u00e9e de lecture estim\u00e9e":"2 minutes"},"schema":{"@context":"https:\/\/schema.org","@graph":[{"@type":"WebPage","@id":"https:\/\/ses-creative.com\/fr\/produit\/livre-de-coloriage-licorne\/","url":"https:\/\/ses-creative.com\/fr\/produit\/livre-de-coloriage-licorne\/","name":"Livre de Coloriage Licorne - SES Creative","isPartOf":{"@id":"https:\/\/ses-creative.com\/#website"},"primaryImageOfPage":{"@id":"https:\/\/ses-creative.com\/fr\/produit\/livre-de-coloriage-licorne\/#primaryimage"},"image":{"@id":"https:\/\/ses-creative.com\/fr\/produit\/livre-de-coloriage-licorne\/#primaryimage"},"thumbnailUrl":"https:\/\/ses-creative.com\/wp-content\/uploads\/2026\/01\/001111.jpg","datePublished":"2026-02-12T10:08:10+00:00","dateModified":"2026-02-12T10:22:10+00:00","breadcrumb":{"@id":"https:\/\/ses-creative.com\/fr\/produit\/livre-de-coloriage-licorne\/#breadcrumb"},"inLanguage":"fr-FR","potentialAction":[{"@type":"ReadAction","target":["https:\/\/ses-creative.com\/fr\/produit\/livre-de-coloriage-licorne\/"]}]},{"@type":"ImageObject","inLanguage":"fr-FR","@id":"https:\/\/ses-creative.com\/fr\/produit\/livre-de-coloriage-licorne\/#primaryimage","url":"https:\/\/ses-creative.com\/wp-content\/uploads\/2026\/01\/001111.jpg","contentUrl":"https:\/\/ses-creative.com\/wp-content\/uploads\/2026\/01\/001111.jpg","width":1000,"height":1000},{"@type":"BreadcrumbList","@id":"https:\/\/ses-creative.com\/fr\/produit\/livre-de-coloriage-licorne\/#breadcrumb","itemListElement":[{"@type":"ListItem","position":1,"name":"Boutique","item":"https:\/\/ses-creative.com\/fr\/boutique\/"},{"@type":"ListItem","position":2,"name":"Loisirs cr\u00e9atifs","item":"https:\/\/ses-creative.com\/fr\/product-categorie\/loisirs-creatifs\/"},{"@type":"ListItem","position":3,"name":"Livre de Coloriage Licorne"}]},{"@type":"WebSite","@id":"https:\/\/ses-creative.com\/#website","url":"https:\/\/ses-creative.com\/","name":"SES Creative","description":"","publisher":{"@id":"https:\/\/ses-creative.com\/#organization"},"potentialAction":[{"@type":"SearchAction","target":{"@type":"EntryPoint","urlTemplate":"https:\/\/ses-creative.com\/?s={search_term_string}"},"query-input":{"@type":"PropertyValueSpecification","valueRequired":true,"valueName":"search_term_string"}}],"inLanguage":"fr-FR"},{"@type":"Organization","@id":"https:\/\/ses-creative.com\/#organization","name":"SES Creative","url":"https:\/\/ses-creative.com\/","logo":{"@type":"ImageObject","inLanguage":"fr-FR","@id":"https:\/\/ses-creative.com\/#\/schema\/logo\/image\/","url":"https:\/\/ses-creative.com\/wp-content\/uploads\/2025\/10\/ses-creative-logo.jpg","contentUrl":"https:\/\/ses-creative.com\/wp-content\/uploads\/2025\/10\/ses-creative-logo.jpg","width":2037,"height":2037,"caption":"SES Creative"},"image":{"@id":"https:\/\/ses-creative.com\/#\/schema\/logo\/image\/"}}]}},"_links":{"self":[{"href":"https:\/\/ses-creative.com\/fr\/wp-json\/wp\/v2\/product\/117951","targetHints":{"allow":["GET"]}}],"collection":[{"href":"https:\/\/ses-creative.com\/fr\/wp-json\/wp\/v2\/product"}],"about":[{"href":"https:\/\/ses-creative.com\/fr\/wp-json\/wp\/v2\/types\/product"}],"replies":[{"embeddable":true,"href":"https:\/\/ses-creative.com\/fr\/wp-json\/wp\/v2\/comments?post=117951"}],"wp:featuredmedia":[{"embeddable":true,"href":"https:\/\/ses-creative.com\/fr\/wp-json\/wp\/v2\/media\/95568"}],"wp:attachment":[{"href":"https:\/\/ses-creative.com\/fr\/wp-json\/wp\/v2\/media?parent=117951"}],"wp:term":[{"taxonomy":"product_brand","embeddable":true,"href":"https:\/\/ses-creative.com\/fr\/wp-json\/wp\/v2\/product_brand?post=117951"},{"taxonomy":"product_cat","embeddable":true,"href":"https:\/\/ses-creative.com\/fr\/wp-json\/wp\/v2\/product_cat?post=117951"},{"taxonomy":"product_tag","embeddable":true,"href":"https:\/\/ses-creative.com\/fr\/wp-json\/wp\/v2\/product_tag?post=117951"}],"curies":[{"name":"wp","href":"https:\/\/api.w.org\/{rel}","templated":true}]}}