











{"id":76466,"date":"2023-08-24T16:16:12","date_gmt":"2023-08-24T16:16:12","guid":{"rendered":"https:\/\/ses-creative.com\/?page_id=76466"},"modified":"2026-01-06T12:27:05","modified_gmt":"2026-01-06T12:27:05","slug":"pate-a-modeler-fundo-animaux-sauvage","status":"publish","type":"page","link":"https:\/\/ses-creative.com\/fr\/pate-a-modeler-fundo-animaux-sauvage\/","title":{"rendered":"P\u00e2te \u00e0 modeler FunDo &#8211; Animaux sauvage"},"content":{"rendered":"\n<figure class=\"wp-block-embed is-type-video is-provider-youtube wp-block-embed-youtube wp-embed-aspect-16-9 wp-has-aspect-ratio\"><div class=\"wp-block-embed__wrapper\">\n<iframe title=\"FunDo - How-to-guide - Wild Animals\" width=\"800\" height=\"450\" src=\"https:\/\/www.youtube.com\/embed\/TqJUTQkqRVQ?feature=oembed\" frameborder=\"0\" allow=\"accelerometer; autoplay; clipboard-write; encrypted-media; gyroscope; picture-in-picture; web-share\" referrerpolicy=\"strict-origin-when-cross-origin\" allowfullscreen><\/iframe>\n<\/div><\/figure>\n\n\n\n<h2 class=\"wp-block-heading\"><\/h2>\n\n\n\n<div class=\"wp-block-columns is-layout-flex wp-container-core-columns-is-layout-28f84493 wp-block-columns-is-layout-flex\">\n<div class=\"wp-block-column is-layout-flow wp-block-column-is-layout-flow\">\n<figure class=\"wp-block-image size-medium\"><img decoding=\"async\" src=\"https:\/\/ses-creative.com\/wp-content\/uploads\/2023\/09\/Panda_PNG-300x300.png\" alt=\"\" class=\"wp-image-72799\"\/><\/figure>\n<\/div>\n\n\n\n<div class=\"wp-block-column is-layout-flow wp-block-column-is-layout-flow\">\n<figure class=\"wp-block-image size-medium\"><img decoding=\"async\" src=\"https:\/\/ses-creative.com\/wp-content\/uploads\/2023\/09\/Olifant_PNG-300x300.png\" alt=\"\" class=\"wp-image-72809\"\/><\/figure>\n<\/div>\n\n\n\n<div class=\"wp-block-column is-layout-flow wp-block-column-is-layout-flow\">\n<figure class=\"wp-block-image size-medium\"><img decoding=\"async\" src=\"https:\/\/ses-creative.com\/wp-content\/uploads\/2023\/09\/Leeuw_PNG-300x300.png\" alt=\"\" class=\"wp-image-72804\"\/><\/figure>\n<\/div>\n<\/div>\n\n\n\n<h2 class=\"wp-block-heading\">\u00c9tape par \u00e9tape <\/h2>\n\n\n\n<p>Rejoignez un tutoriel vid\u00e9o \u00e9tape par \u00e9tape sur votre tablette ou votre t\u00e9l\u00e9phone. Pratique !<\/p>\n\n\n\n<h2 class=\"wp-block-heading\">Cr\u00e9ez-les tous!<\/h2>\n\n\n\n<p>L&rsquo;argile dans les ensembles FunDo est pr\u00e9cis\u00e9ment adapt\u00e9e aux 3 figurines que vous pouvez r\u00e9aliser et comprend un b\u00e2tonnet de modelage pratique.<\/p>\n\n\n\n<p><\/p>\n\n\n\n<p><\/p>\n","protected":false},"excerpt":{"rendered":"<p>\u00c9tape par \u00e9tape Rejoignez un tutoriel vid\u00e9o \u00e9tape par \u00e9tape sur votre tablette ou votre t\u00e9l\u00e9phone. Pratique ! Cr\u00e9ez-les tous! L&rsquo;argile dans les ensembles FunDo est pr\u00e9cis\u00e9ment adapt\u00e9e aux 3 figurines que vous pouvez r\u00e9aliser et comprend un b\u00e2tonnet de modelage pratique.<\/p>\n","protected":false},"author":3,"featured_media":0,"parent":0,"menu_order":0,"comment_status":"closed","ping_status":"closed","template":"","meta":{"_acf_changed":false,"footnotes":""},"class_list":["post-76466","page","type-page","status-publish","hentry"],"acf":[],"yoast_head":"<!-- This site is optimized with the Yoast SEO plugin v27.4 - https:\/\/yoast.com\/product\/yoast-seo-wordpress\/ -->\n<title>P\u00e2te \u00e0 modeler FunDo - Animaux sauvage - SES Creative<\/title>\n<meta name=\"robots\" content=\"index, follow, max-snippet:-1, max-image-preview:large, max-video-preview:-1\" \/>\n<link rel=\"canonical\" href=\"https:\/\/ses-creative.com\/00813-fundo-wildanimals\/\" \/>\n<meta property=\"og:locale\" content=\"fr_FR\" \/>\n<meta property=\"og:type\" content=\"article\" \/>\n<meta property=\"og:title\" content=\"P\u00e2te \u00e0 modeler FunDo - Animaux sauvage - SES Creative\" \/>\n<meta property=\"og:description\" content=\"\u00c9tape par \u00e9tape Rejoignez un tutoriel vid\u00e9o \u00e9tape par \u00e9tape sur votre tablette ou votre t\u00e9l\u00e9phone. Pratique ! Cr\u00e9ez-les tous! L&rsquo;argile dans les ensembles FunDo est pr\u00e9cis\u00e9ment adapt\u00e9e aux 3 figurines que vous pouvez r\u00e9aliser et comprend un b\u00e2tonnet de modelage pratique.\" \/>\n<meta property=\"og:url\" content=\"https:\/\/ses-creative.com\/00813-fundo-wildanimals\/\" \/>\n<meta property=\"og:site_name\" content=\"SES Creative\" \/>\n<meta property=\"article:modified_time\" content=\"2026-01-06T12:27:05+00:00\" \/>\n<meta name=\"twitter:card\" content=\"summary_large_image\" \/>\n<script type=\"application\/ld+json\" class=\"yoast-schema-graph\">{\"@context\":\"https:\\\/\\\/schema.org\",\"@graph\":[{\"@type\":\"WebPage\",\"@id\":\"https:\\\/\\\/ses-creative.com\\\/00813-fundo-wildanimals\\\/\",\"url\":\"https:\\\/\\\/ses-creative.com\\\/00813-fundo-wildanimals\\\/\",\"name\":\"P\u00e2te \u00e0 modeler FunDo - Animaux sauvage - SES Creative\",\"isPartOf\":{\"@id\":\"https:\\\/\\\/ses-creative.com\\\/#website\"},\"primaryImageOfPage\":{\"@id\":\"https:\\\/\\\/ses-creative.com\\\/00813-fundo-wildanimals\\\/#primaryimage\"},\"image\":{\"@id\":\"https:\\\/\\\/ses-creative.com\\\/00813-fundo-wildanimals\\\/#primaryimage\"},\"thumbnailUrl\":\"https:\\\/\\\/ses-creative.com\\\/wp-content\\\/uploads\\\/2023\\\/09\\\/Panda_PNG-300x300.png\",\"datePublished\":\"2023-08-24T16:16:12+00:00\",\"dateModified\":\"2026-01-06T12:27:05+00:00\",\"inLanguage\":\"fr-FR\",\"potentialAction\":[{\"@type\":\"ReadAction\",\"target\":[\"https:\\\/\\\/ses-creative.com\\\/00813-fundo-wildanimals\\\/\"]}]},{\"@type\":\"ImageObject\",\"inLanguage\":\"fr-FR\",\"@id\":\"https:\\\/\\\/ses-creative.com\\\/00813-fundo-wildanimals\\\/#primaryimage\",\"url\":\"https:\\\/\\\/ses-creative.com\\\/wp-content\\\/uploads\\\/2023\\\/09\\\/Panda_PNG-300x300.png\",\"contentUrl\":\"https:\\\/\\\/ses-creative.com\\\/wp-content\\\/uploads\\\/2023\\\/09\\\/Panda_PNG-300x300.png\"},{\"@type\":\"WebSite\",\"@id\":\"https:\\\/\\\/ses-creative.com\\\/#website\",\"url\":\"https:\\\/\\\/ses-creative.com\\\/\",\"name\":\"SES Creative\",\"description\":\"\",\"publisher\":{\"@id\":\"https:\\\/\\\/ses-creative.com\\\/#organization\"},\"potentialAction\":[{\"@type\":\"SearchAction\",\"target\":{\"@type\":\"EntryPoint\",\"urlTemplate\":\"https:\\\/\\\/ses-creative.com\\\/?s={search_term_string}\"},\"query-input\":{\"@type\":\"PropertyValueSpecification\",\"valueRequired\":true,\"valueName\":\"search_term_string\"}}],\"inLanguage\":\"fr-FR\"},{\"@type\":\"Organization\",\"@id\":\"https:\\\/\\\/ses-creative.com\\\/#organization\",\"name\":\"SES Creative\",\"url\":\"https:\\\/\\\/ses-creative.com\\\/\",\"logo\":{\"@type\":\"ImageObject\",\"inLanguage\":\"fr-FR\",\"@id\":\"https:\\\/\\\/ses-creative.com\\\/#\\\/schema\\\/logo\\\/image\\\/\",\"url\":\"https:\\\/\\\/ses-creative.com\\\/wp-content\\\/uploads\\\/2025\\\/10\\\/ses-creative-logo.jpg\",\"contentUrl\":\"https:\\\/\\\/ses-creative.com\\\/wp-content\\\/uploads\\\/2025\\\/10\\\/ses-creative-logo.jpg\",\"width\":2037,\"height\":2037,\"caption\":\"SES Creative\"},\"image\":{\"@id\":\"https:\\\/\\\/ses-creative.com\\\/#\\\/schema\\\/logo\\\/image\\\/\"}}]}<\/script>\n<!-- \/ Yoast SEO plugin. -->","yoast_head_json":{"title":"P\u00e2te \u00e0 modeler FunDo - Animaux sauvage - SES Creative","robots":{"index":"index","follow":"follow","max-snippet":"max-snippet:-1","max-image-preview":"max-image-preview:large","max-video-preview":"max-video-preview:-1"},"canonical":"https:\/\/ses-creative.com\/00813-fundo-wildanimals\/","og_locale":"fr_FR","og_type":"article","og_title":"P\u00e2te \u00e0 modeler FunDo - Animaux sauvage - SES Creative","og_description":"\u00c9tape par \u00e9tape Rejoignez un tutoriel vid\u00e9o \u00e9tape par \u00e9tape sur votre tablette ou votre t\u00e9l\u00e9phone. Pratique ! Cr\u00e9ez-les tous! L&rsquo;argile dans les ensembles FunDo est pr\u00e9cis\u00e9ment adapt\u00e9e aux 3 figurines que vous pouvez r\u00e9aliser et comprend un b\u00e2tonnet de modelage pratique.","og_url":"https:\/\/ses-creative.com\/00813-fundo-wildanimals\/","og_site_name":"SES Creative","article_modified_time":"2026-01-06T12:27:05+00:00","twitter_card":"summary_large_image","schema":{"@context":"https:\/\/schema.org","@graph":[{"@type":"WebPage","@id":"https:\/\/ses-creative.com\/00813-fundo-wildanimals\/","url":"https:\/\/ses-creative.com\/00813-fundo-wildanimals\/","name":"P\u00e2te \u00e0 modeler FunDo - Animaux sauvage - SES Creative","isPartOf":{"@id":"https:\/\/ses-creative.com\/#website"},"primaryImageOfPage":{"@id":"https:\/\/ses-creative.com\/00813-fundo-wildanimals\/#primaryimage"},"image":{"@id":"https:\/\/ses-creative.com\/00813-fundo-wildanimals\/#primaryimage"},"thumbnailUrl":"https:\/\/ses-creative.com\/wp-content\/uploads\/2023\/09\/Panda_PNG-300x300.png","datePublished":"2023-08-24T16:16:12+00:00","dateModified":"2026-01-06T12:27:05+00:00","inLanguage":"fr-FR","potentialAction":[{"@type":"ReadAction","target":["https:\/\/ses-creative.com\/00813-fundo-wildanimals\/"]}]},{"@type":"ImageObject","inLanguage":"fr-FR","@id":"https:\/\/ses-creative.com\/00813-fundo-wildanimals\/#primaryimage","url":"https:\/\/ses-creative.com\/wp-content\/uploads\/2023\/09\/Panda_PNG-300x300.png","contentUrl":"https:\/\/ses-creative.com\/wp-content\/uploads\/2023\/09\/Panda_PNG-300x300.png"},{"@type":"WebSite","@id":"https:\/\/ses-creative.com\/#website","url":"https:\/\/ses-creative.com\/","name":"SES Creative","description":"","publisher":{"@id":"https:\/\/ses-creative.com\/#organization"},"potentialAction":[{"@type":"SearchAction","target":{"@type":"EntryPoint","urlTemplate":"https:\/\/ses-creative.com\/?s={search_term_string}"},"query-input":{"@type":"PropertyValueSpecification","valueRequired":true,"valueName":"search_term_string"}}],"inLanguage":"fr-FR"},{"@type":"Organization","@id":"https:\/\/ses-creative.com\/#organization","name":"SES Creative","url":"https:\/\/ses-creative.com\/","logo":{"@type":"ImageObject","inLanguage":"fr-FR","@id":"https:\/\/ses-creative.com\/#\/schema\/logo\/image\/","url":"https:\/\/ses-creative.com\/wp-content\/uploads\/2025\/10\/ses-creative-logo.jpg","contentUrl":"https:\/\/ses-creative.com\/wp-content\/uploads\/2025\/10\/ses-creative-logo.jpg","width":2037,"height":2037,"caption":"SES Creative"},"image":{"@id":"https:\/\/ses-creative.com\/#\/schema\/logo\/image\/"}}]}},"_links":{"self":[{"href":"https:\/\/ses-creative.com\/fr\/wp-json\/wp\/v2\/pages\/76466","targetHints":{"allow":["GET"]}}],"collection":[{"href":"https:\/\/ses-creative.com\/fr\/wp-json\/wp\/v2\/pages"}],"about":[{"href":"https:\/\/ses-creative.com\/fr\/wp-json\/wp\/v2\/types\/page"}],"author":[{"embeddable":true,"href":"https:\/\/ses-creative.com\/fr\/wp-json\/wp\/v2\/users\/3"}],"replies":[{"embeddable":true,"href":"https:\/\/ses-creative.com\/fr\/wp-json\/wp\/v2\/comments?post=76466"}],"version-history":[{"count":1,"href":"https:\/\/ses-creative.com\/fr\/wp-json\/wp\/v2\/pages\/76466\/revisions"}],"predecessor-version":[{"id":82992,"href":"https:\/\/ses-creative.com\/fr\/wp-json\/wp\/v2\/pages\/76466\/revisions\/82992"}],"wp:attachment":[{"href":"https:\/\/ses-creative.com\/fr\/wp-json\/wp\/v2\/media?parent=76466"}],"curies":[{"name":"wp","href":"https:\/\/api.w.org\/{rel}","templated":true}]}}