











{"id":61017,"date":"2022-07-22T11:53:46","date_gmt":"2022-07-22T11:53:46","guid":{"rendered":"https:\/\/ses-creative.com\/?page_id=61017"},"modified":"2026-01-06T12:26:51","modified_gmt":"2026-01-06T12:26:51","slug":"pate-a-modeler-feel-good","status":"publish","type":"page","link":"https:\/\/ses-creative.com\/fr\/pate-a-modeler-feel-good\/","title":{"rendered":"P\u00e2te \u00e0 modeler Feel good"},"content":{"rendered":"\n\n\n\n\n<div class=\"wp-block-columns is-layout-flex wp-container-core-columns-is-layout-28f84493 wp-block-columns-is-layout-flex\">\n<div class=\"wp-block-column is-layout-flow wp-block-column-is-layout-flow\" style=\"flex-basis:33.33%\"><\/div>\n\n\n\n<div class=\"wp-block-column is-layout-flow wp-block-column-is-layout-flow\" style=\"flex-basis:66.66%\">\n<h2 class=\"wp-block-heading\">Soft &amp; Safe<\/h2>\n<\/div>\n<\/div>\n\n\n\n<div class=\"wp-block-columns is-layout-flex wp-container-core-columns-is-layout-28f84493 wp-block-columns-is-layout-flex\">\n<div class=\"wp-block-column is-layout-flow wp-block-column-is-layout-flow\" style=\"flex-basis:33.33%\">\n<figure class=\"wp-block-image aligncenter size-full is-resized\"><img decoding=\"async\" src=\"https:\/\/ses-creative.com\/wp-content\/uploads\/2022\/09\/MicrosoftTeams-image-1-1.png\" alt=\"\" class=\"wp-image-59908\" width=\"187\" height=\"190\"\/><\/figure>\n<\/div>\n\n\n\n<div class=\"wp-block-column is-layout-flow wp-block-column-is-layout-flow\" style=\"flex-basis:66.66%\">\n<p>Notre p\u00e2te \u00e0 modeler aux couleurs vives est douce et sans danger, m\u00eame pour les tout-petits, d\u00e8s l\u2019\u00e2ge de 1&nbsp;an. C\u2019est parce que nous produisons notre propre p\u00e2te \u00e0 modeler avec des ressources naturelles conformes \u00e0 toutes les mesures de s\u00e9curit\u00e9 strictes qui s\u2019appliquent aux jouets. Comme les jeunes enfants passent leur temps \u00e0 explorer le monde qui les entoure et \u00e0 tout tester, nous comprenons qu\u2019ils chercheront \u00e0 go\u00fbter la p\u00e2te \u00e0 modeler. Pour dissuader les enfants de manger notre p\u00e2te \u00e0 modeler, nous la rendons extr\u00eamement sal\u00e9e.<\/p>\n<\/div>\n<\/div>\n\n\n\n<div class=\"wp-block-columns is-layout-flex wp-container-core-columns-is-layout-28f84493 wp-block-columns-is-layout-flex\">\n<div class=\"wp-block-column is-layout-flow wp-block-column-is-layout-flow\" style=\"flex-basis:33.33%\"><\/div>\n\n\n\n<div class=\"wp-block-column is-layout-flow wp-block-column-is-layout-flow\" style=\"flex-basis:66.66%\">\n<h2 class=\"wp-block-heading\">Super washable<\/h2>\n<\/div>\n<\/div>\n\n\n\n<div class=\"wp-block-columns is-layout-flex wp-container-core-columns-is-layout-28f84493 wp-block-columns-is-layout-flex\">\n<div class=\"wp-block-column is-layout-flow wp-block-column-is-layout-flow\" style=\"flex-basis:33.33%\">\n<figure class=\"wp-block-image aligncenter size-full is-resized\"><img decoding=\"async\" src=\"https:\/\/ses-creative.com\/wp-content\/uploads\/2022\/09\/MicrosoftTeams-image-11.png\" alt=\"\" class=\"wp-image-59955\" width=\"187\" height=\"190\"\/><\/figure>\n<\/div>\n\n\n\n<div class=\"wp-block-column is-layout-flow wp-block-column-is-layout-flow\" style=\"flex-basis:66.66%\">\n<p>Vous pouvez laisser vos enfants jouer avec notre p\u00e2te \u00e0 modeler sans souci. \u00catre cr\u00e9atif, jouer et d\u00e9couvrir, c\u2019est parfois salissant. Nous en avons tenu compte en d\u00e9veloppant toutes nos couleurs de p\u00e2te \u00e0 modeler&nbsp;! Notre p\u00e2te \u00e0 modeler est tr\u00e8s facilement lavable des v\u00eatements et autres tissus, ou de surfaces telles qu\u2019une table. Bien s\u00fbr, elle est facilement lavable des petites mains sales apr\u00e8s le jeu.<\/p>\n<\/div>\n<\/div>\n\n\n\n<div class=\"wp-block-columns is-layout-flex wp-container-core-columns-is-layout-28f84493 wp-block-columns-is-layout-flex\">\n<div class=\"wp-block-column is-layout-flow wp-block-column-is-layout-flow\">\n<figure class=\"wp-block-image size-large\"><img decoding=\"async\" src=\"https:\/\/ses-creative.com\/wp-content\/uploads\/2022\/09\/posts-3-1024x1024.png\" alt=\"\" class=\"wp-image-60135\"\/><\/figure>\n<\/div>\n\n\n\n<div class=\"wp-block-column is-layout-flow wp-block-column-is-layout-flow\">\n<figure class=\"wp-block-image size-large\"><img decoding=\"async\" src=\"https:\/\/ses-creative.com\/wp-content\/uploads\/2022\/09\/Pastel-Hello-Feed-Instagram-Posts-5-1024x1024.png\" alt=\"\" class=\"wp-image-60075\"\/><\/figure>\n<\/div>\n\n\n\n<div class=\"wp-block-column is-layout-flow wp-block-column-is-layout-flow\">\n<figure class=\"wp-block-image size-large\"><img decoding=\"async\" src=\"https:\/\/ses-creative.com\/wp-content\/uploads\/2022\/09\/Pastel-Hello-Feed-Instagram-Posts-6-1024x1024.png\" alt=\"Girl playing with SES dough. \" class=\"wp-image-60080\"\/><\/figure>\n<\/div>\n<\/div>\n\n\n\n<div class=\"wp-block-columns is-layout-flex wp-container-core-columns-is-layout-28f84493 wp-block-columns-is-layout-flex\">\n<div class=\"wp-block-column is-layout-flow wp-block-column-is-layout-flow\" style=\"flex-basis:33.33%\"><\/div>\n\n\n\n<div class=\"wp-block-column is-layout-flow wp-block-column-is-layout-flow\" style=\"flex-basis:66.66%\">\n<h2 class=\"wp-block-heading\">Gluten free<\/h2>\n<\/div>\n<\/div>\n\n\n\n<div class=\"wp-block-columns is-layout-flex wp-container-core-columns-is-layout-28f84493 wp-block-columns-is-layout-flex\">\n<div class=\"wp-block-column is-layout-flow wp-block-column-is-layout-flow\" style=\"flex-basis:33.33%\">\n<figure class=\"wp-block-image aligncenter size-full is-resized\"><img decoding=\"async\" src=\"https:\/\/ses-creative.com\/wp-content\/uploads\/2022\/09\/MicrosoftTeams-image-10.png\" alt=\"\" class=\"wp-image-59940\" width=\"187\" height=\"190\"\/><\/figure>\n<\/div>\n\n\n\n<div class=\"wp-block-column is-layout-flow wp-block-column-is-layout-flow\" style=\"flex-basis:66.66%\">\n<p>Toutes les p\u00e2tes \u00e0 modeler ne sont pas sans gluten&nbsp;! Beaucoup d\u2019enfants \u00e9tant sensibles ou allergiques au gluten, nous avons accord\u00e9 une attention particuli\u00e8re \u00e0 cette question lors de l\u2019\u00e9laboration de notre p\u00e2te \u00e0 modeler. Ainsi, de nombreux enfants peuvent jouer sans probl\u00e8me avec la p\u00e2te \u00e0 modeler de SES.<\/p>\n<\/div>\n<\/div>\n\n\n\n<div class=\"wp-block-columns is-layout-flex wp-container-core-columns-is-layout-28f84493 wp-block-columns-is-layout-flex\">\n<div class=\"wp-block-column is-layout-flow wp-block-column-is-layout-flow\" style=\"flex-basis:33.33%\"><\/div>\n\n\n\n<div class=\"wp-block-column is-layout-flow wp-block-column-is-layout-flow\" style=\"flex-basis:66.66%\">\n<h2 class=\"wp-block-heading\">Vegan<\/h2>\n<\/div>\n<\/div>\n\n\n\n<div class=\"wp-block-columns is-layout-flex wp-container-core-columns-is-layout-28f84493 wp-block-columns-is-layout-flex\">\n<div class=\"wp-block-column is-layout-flow wp-block-column-is-layout-flow\" style=\"flex-basis:33.33%\">\n<figure class=\"wp-block-image aligncenter size-full is-resized\"><img decoding=\"async\" src=\"https:\/\/ses-creative.com\/wp-content\/uploads\/2022\/09\/MicrosoftTeams-image-12.png\" alt=\"\" class=\"wp-image-59950\" width=\"187\"\/><\/figure>\n<\/div>\n\n\n\n<div class=\"wp-block-column is-layout-flow wp-block-column-is-layout-flow\" style=\"flex-basis:66.66%\">\n<p>Notre p\u00e2te \u00e0 modeler est 100&nbsp;% v\u00e9gane. Elle a \u00e9t\u00e9 d\u00e9velopp\u00e9e dans notre propre laboratoire et produite avec soin. Elle est compos\u00e9e de mat\u00e9riaux v\u00e9g\u00e9taux et fait l\u2019objet de tests approfondi au cours de chaque cycle de production, avant la sortie de l\u2019usine.<\/p>\n<\/div>\n<\/div>\n\n\n\n<div class=\"wp-block-columns is-layout-flex wp-container-core-columns-is-layout-28f84493 wp-block-columns-is-layout-flex\">\n<div class=\"wp-block-column is-layout-flow wp-block-column-is-layout-flow\" style=\"flex-basis:33.33%\"><\/div>\n\n\n\n<div class=\"wp-block-column is-layout-flow wp-block-column-is-layout-flow\" style=\"flex-basis:66.66%\">\n<h2 class=\"wp-block-heading\">Re-use &amp; recycle<\/h2>\n<\/div>\n<\/div>\n\n\n\n<div class=\"wp-block-columns is-layout-flex wp-container-core-columns-is-layout-28f84493 wp-block-columns-is-layout-flex\">\n<div class=\"wp-block-column is-layout-flow wp-block-column-is-layout-flow\" style=\"flex-basis:33.33%\">\n<figure class=\"wp-block-image aligncenter size-full is-resized\"><img loading=\"lazy\" decoding=\"async\" src=\"https:\/\/ses-creative.com\/wp-content\/uploads\/2022\/09\/MicrosoftTeams-image-9.png\" alt=\"\" class=\"wp-image-59945\" width=\"187\" height=\"190\"\/><\/figure>\n<\/div>\n\n\n\n<div class=\"wp-block-column is-layout-flow wp-block-column-is-layout-flow\" style=\"flex-basis:66.66%\">\n<p>Nous nous effor\u00e7ons d\u2019assurer la durabilit\u00e9 et un avenir meilleur pour les g\u00e9n\u00e9rations \u00e0 venir. En plus d\u2019utiliser des ingr\u00e9dients v\u00e9g\u00e9taux dans notre p\u00e2te \u00e0 modeler, nous accordons une grande attention \u00e0 son emballage. La Feel good dough est conditionn\u00e9e dans des pots pratiques \u00e9tanches \u00e0 l\u2019air. Cela signifie qu\u2019elle reste molle et mall\u00e9able. Fini de jouer avec la p\u00e2te \u00e0 modeler&nbsp;? Les pots sont pratiques pour ranger d\u2019autres choses&nbsp;! Les pots sont adapt\u00e9s au contact alimentaire, ferment parfaitement et peuvent m\u00eame passer au lave-vaisselle. Ainsi, vous pouvez r\u00e9utiliser les pots pour stocker des herbes et nos Beedz&nbsp;! Vous pouvez y planter des graines sans danger ou y nettoyer vos pinceaux apr\u00e8s avoir peint avec la peinture de SES. Si vous devez finalement jeter le pot, comme il est fabriqu\u00e9 en plastique 100&nbsp;% PP, vous pouvez le recycler pour lui donner une nouvelle vie&nbsp;!<\/p>\n<\/div>\n<\/div>\n\n\n\n<div class=\"wp-block-columns is-layout-flex wp-container-core-columns-is-layout-28f84493 wp-block-columns-is-layout-flex\">\n<div class=\"wp-block-column is-layout-flow wp-block-column-is-layout-flow\">\n<figure class=\"wp-block-image size-large\"><img decoding=\"async\" src=\"https:\/\/ses-creative.com\/wp-content\/uploads\/2022\/09\/Kruidenpot-SES-1024x1024.png\" alt=\"\" class=\"wp-image-60020\"\/><\/figure>\n<\/div>\n\n\n\n<div class=\"wp-block-column is-layout-flow wp-block-column-is-layout-flow\">\n<figure class=\"wp-block-image size-large\"><img decoding=\"async\" src=\"https:\/\/ses-creative.com\/wp-content\/uploads\/2022\/09\/Foto-strijkkralen-1024x1024.png\" alt=\"\" class=\"wp-image-60025\"\/><\/figure>\n<\/div>\n\n\n\n<div class=\"wp-block-column is-layout-flow wp-block-column-is-layout-flow\">\n<figure class=\"wp-block-image size-large\"><img decoding=\"async\" src=\"https:\/\/ses-creative.com\/wp-content\/uploads\/2022\/09\/Foto-plant-pot-SES-1024x1024.png\" alt=\"\" class=\"wp-image-60015\"\/><\/figure>\n<\/div>\n<\/div>\n\n\n\n<div class=\"wp-block-columns is-layout-flex wp-container-core-columns-is-layout-28f84493 wp-block-columns-is-layout-flex\">\n<div class=\"wp-block-column is-layout-flow wp-block-column-is-layout-flow\"><\/div>\n\n\n\n<div class=\"wp-block-column is-layout-flow wp-block-column-is-layout-flow\"><\/div>\n\n\n\n<div class=\"wp-block-column is-layout-flow wp-block-column-is-layout-flow\"><\/div>\n<\/div>\n\n\n\n<div class=\"wp-block-columns is-layout-flex wp-container-core-columns-is-layout-28f84493 wp-block-columns-is-layout-flex\">\n<div class=\"wp-block-column is-layout-flow wp-block-column-is-layout-flow\" style=\"flex-basis:33.33%\"><\/div>\n\n\n\n<div class=\"wp-block-column is-layout-flow wp-block-column-is-layout-flow\" style=\"flex-basis:66.66%\">\n<h2 class=\"wp-block-heading\">CO2<\/h2>\n<\/div>\n<\/div>\n\n\n\n<div class=\"wp-block-columns is-layout-flex wp-container-core-columns-is-layout-28f84493 wp-block-columns-is-layout-flex\">\n<div class=\"wp-block-column is-layout-flow wp-block-column-is-layout-flow\" style=\"flex-basis:33.33%\">\n<figure class=\"wp-block-image size-full\"><img decoding=\"async\" src=\"https:\/\/ses-creative.com\/wp-content\/uploads\/2022\/09\/MicrosoftTeams-image-13-1.png\" alt=\"\" class=\"wp-image-59991\"\/><\/figure>\n<\/div>\n\n\n\n<div class=\"wp-block-column is-layout-flow wp-block-column-is-layout-flow\" style=\"flex-basis:66.66%\">\n<p>La production de notre p\u00e2te \u00e0 modeler engendre des \u00e9missions de CO2. Dans un souci de d\u00e9veloppement durable et afin de compenser ces \u00e9missions de CO2, nous avons achet\u00e9 nos propres bois. Vous souhaitez en savoir plus sur notre gestion des \u00e9missions&nbsp;? Rendez-vous ici. Nous sommes fiers de pouvoir affirmer que gr\u00e2ce \u00e0 ces efforts, notre p\u00e2te \u00e0 modeler est 100&nbsp;% neutre en CO2. Et \u00e7a fait du bien&nbsp;!<\/p>\n<\/div>\n<\/div>\n\n\n\n<div class=\"wp-block-columns is-layout-flex wp-container-core-columns-is-layout-28f84493 wp-block-columns-is-layout-flex\">\n<div class=\"wp-block-column is-layout-flow wp-block-column-is-layout-flow\">\n<figure class=\"wp-block-image size-large\"><img decoding=\"async\" src=\"https:\/\/ses-creative.com\/wp-content\/uploads\/2022\/09\/Pastel-Hello-Feed-Instagram-Posts-9-1024x1024.png\" alt=\"\" class=\"wp-image-60086\"\/><\/figure>\n<\/div>\n\n\n\n<div class=\"wp-block-column is-layout-flow wp-block-column-is-layout-flow\">\n<figure class=\"wp-block-image size-large\"><img decoding=\"async\" src=\"https:\/\/ses-creative.com\/wp-content\/uploads\/2022\/09\/Pastel-Hello-Feed-Instagram-Posts-7-1024x1024.png\" alt=\"\" class=\"wp-image-60096\"\/><\/figure>\n<\/div>\n\n\n\n<div class=\"wp-block-column is-layout-flow wp-block-column-is-layout-flow\">\n<figure class=\"wp-block-image size-large\"><img decoding=\"async\" src=\"https:\/\/ses-creative.com\/wp-content\/uploads\/2022\/09\/Pastel-Hello-Feed-Instagram-Posts-8-1024x1024.png\" alt=\"\" class=\"wp-image-60091\"\/><\/figure>\n<\/div>\n<\/div>\n\n\n\n<div class=\"wp-block-columns is-layout-flex wp-container-core-columns-is-layout-28f84493 wp-block-columns-is-layout-flex\">\n<div class=\"wp-block-column is-layout-flow wp-block-column-is-layout-flow\" style=\"flex-basis:33.33%\"><\/div>\n\n\n\n<div class=\"wp-block-column is-layout-flow wp-block-column-is-layout-flow\" style=\"flex-basis:66.66%\">\n<h2 class=\"has-text-align-left wp-block-heading\">Made in Holland<\/h2>\n<\/div>\n<\/div>\n\n\n\n<div class=\"wp-block-columns is-layout-flex wp-container-core-columns-is-layout-28f84493 wp-block-columns-is-layout-flex\">\n<div class=\"wp-block-column is-layout-flow wp-block-column-is-layout-flow\" style=\"flex-basis:33.33%\">\n<figure class=\"wp-block-image aligncenter size-full is-resized\"><img loading=\"lazy\" decoding=\"async\" src=\"https:\/\/ses-creative.com\/wp-content\/uploads\/2022\/09\/MicrosoftTeams-image-3-1.png\" alt=\"\" class=\"wp-image-59995\" width=\"187\" height=\"190\"\/><\/figure>\n<\/div>\n\n\n\n<div class=\"wp-block-column is-layout-flow wp-block-column-is-layout-flow\" style=\"flex-basis:66.66%\">\n<p>Comme tous les produits fabriqu\u00e9s par SES Creative, la Feel good dough a \u00e9t\u00e9 d\u00e9velopp\u00e9e dans notre propre laboratoire. Les plus belles combinaisons de couleurs ont \u00e9t\u00e9 cr\u00e9\u00e9es en collaboration avec nos designers pour les th\u00e8mes Pur, Heureux, Nature et D\u00e9tente. Notre p\u00e2te \u00e0 modeler est disponible dans des tons vifs et de belles couleurs pastel, pour un divertissement optimal. Elle est fabriqu\u00e9e par couleurs dans notre propre usine, test\u00e9e, puis emball\u00e9e par lots de quatre&nbsp;pots par nos employ\u00e9s. Fabriqu\u00e9e aux Pays-Bas, fabriqu\u00e9e pour le monde.<\/p>\n<\/div>\n<\/div>\n\n\n\n<div class=\"wp-block-columns is-layout-flex wp-container-core-columns-is-layout-28f84493 wp-block-columns-is-layout-flex\">\n<div class=\"wp-block-column is-layout-flow wp-block-column-is-layout-flow\">\n<figure class=\"wp-block-image size-large\"><img decoding=\"async\" src=\"https:\/\/ses-creative.com\/wp-content\/uploads\/2022\/09\/posts-1-1024x1024.png\" alt=\"\" class=\"wp-image-60115\"\/><\/figure>\n<\/div>\n\n\n\n<div class=\"wp-block-column is-layout-flow wp-block-column-is-layout-flow\">\n<figure class=\"wp-block-image size-large\"><img decoding=\"async\" src=\"https:\/\/ses-creative.com\/wp-content\/uploads\/2022\/09\/posts-2-1024x1024.png\" alt=\"\" class=\"wp-image-60110\"\/><\/figure>\n<\/div>\n\n\n\n<div class=\"wp-block-column is-layout-flow wp-block-column-is-layout-flow\">\n<figure class=\"wp-block-image size-large\"><img decoding=\"async\" src=\"https:\/\/ses-creative.com\/wp-content\/uploads\/2022\/09\/Pastel-Hello-Feed-Instagram-Posts-3-1024x1024.png\" alt=\"\" class=\"wp-image-60070\"\/><\/figure>\n<\/div>\n<\/div>\n\n\n\n<p><\/p>\n\n\n\n<p><\/p>\n\n\n\n<p><\/p>\n","protected":false},"excerpt":{"rendered":"<p>Soft &amp; Safe Notre p\u00e2te \u00e0 modeler aux couleurs vives est douce et sans danger, m\u00eame pour les tout-petits, d\u00e8s l\u2019\u00e2ge de 1&nbsp;an. C\u2019est parce que nous produisons notre propre p\u00e2te \u00e0 modeler avec des ressources naturelles conformes \u00e0 toutes les mesures de s\u00e9curit\u00e9 strictes qui s\u2019appliquent aux jouets. Comme les jeunes enfants passent leur [&hellip;]<\/p>\n","protected":false},"author":3,"featured_media":0,"parent":0,"menu_order":0,"comment_status":"closed","ping_status":"closed","template":"","meta":{"_acf_changed":false,"footnotes":""},"class_list":["post-61017","page","type-page","status-publish","hentry"],"acf":[],"yoast_head":"<!-- This site is optimized with the Yoast SEO plugin v27.4 - https:\/\/yoast.com\/product\/yoast-seo-wordpress\/ -->\n<title>P\u00e2te \u00e0 modeler Feel good - SES Creative<\/title>\n<meta name=\"description\" content=\"P\u00e2te \u00e0 modeler Feel good ! D\u00e9couvrez la p\u00e2te lumineuse enti\u00e8rement v\u00e9g\u00e9talienne, sans gluten, qui divertira les enfants pendant des heures.\" \/>\n<meta name=\"robots\" content=\"index, follow, max-snippet:-1, max-image-preview:large, max-video-preview:-1\" \/>\n<link rel=\"canonical\" href=\"https:\/\/ses-creative.com\/feel-good-dough\/\" \/>\n<meta property=\"og:locale\" content=\"fr_FR\" \/>\n<meta property=\"og:type\" content=\"article\" \/>\n<meta property=\"og:title\" content=\"P\u00e2te \u00e0 modeler Feel good - SES Creative\" \/>\n<meta property=\"og:description\" content=\"P\u00e2te \u00e0 modeler Feel good ! D\u00e9couvrez la p\u00e2te lumineuse enti\u00e8rement v\u00e9g\u00e9talienne, sans gluten, qui divertira les enfants pendant des heures.\" \/>\n<meta property=\"og:url\" content=\"https:\/\/ses-creative.com\/feel-good-dough\/\" \/>\n<meta property=\"og:site_name\" content=\"SES Creative\" \/>\n<meta property=\"article:modified_time\" content=\"2026-01-06T12:26:51+00:00\" \/>\n<meta name=\"twitter:card\" content=\"summary_large_image\" \/>\n<meta name=\"twitter:label1\" content=\"Dur\u00e9e de lecture estim\u00e9e\" \/>\n\t<meta name=\"twitter:data1\" content=\"7 minutes\" \/>\n<script type=\"application\/ld+json\" class=\"yoast-schema-graph\">{\"@context\":\"https:\\\/\\\/schema.org\",\"@graph\":[{\"@type\":\"WebPage\",\"@id\":\"https:\\\/\\\/ses-creative.com\\\/feel-good-dough\\\/\",\"url\":\"https:\\\/\\\/ses-creative.com\\\/feel-good-dough\\\/\",\"name\":\"P\u00e2te \u00e0 modeler Feel good - SES Creative\",\"isPartOf\":{\"@id\":\"https:\\\/\\\/ses-creative.com\\\/#website\"},\"primaryImageOfPage\":{\"@id\":\"https:\\\/\\\/ses-creative.com\\\/feel-good-dough\\\/#primaryimage\"},\"image\":{\"@id\":\"https:\\\/\\\/ses-creative.com\\\/feel-good-dough\\\/#primaryimage\"},\"thumbnailUrl\":\"https:\\\/\\\/ses-creative.com\\\/wp-content\\\/uploads\\\/2022\\\/09\\\/MicrosoftTeams-image-1-1.png\",\"datePublished\":\"2022-07-22T11:53:46+00:00\",\"dateModified\":\"2026-01-06T12:26:51+00:00\",\"description\":\"P\u00e2te \u00e0 modeler Feel good ! D\u00e9couvrez la p\u00e2te lumineuse enti\u00e8rement v\u00e9g\u00e9talienne, sans gluten, qui divertira les enfants pendant des heures.\",\"inLanguage\":\"fr-FR\",\"potentialAction\":[{\"@type\":\"ReadAction\",\"target\":[\"https:\\\/\\\/ses-creative.com\\\/feel-good-dough\\\/\"]}]},{\"@type\":\"ImageObject\",\"inLanguage\":\"fr-FR\",\"@id\":\"https:\\\/\\\/ses-creative.com\\\/feel-good-dough\\\/#primaryimage\",\"url\":\"https:\\\/\\\/ses-creative.com\\\/wp-content\\\/uploads\\\/2022\\\/09\\\/MicrosoftTeams-image-1-1.png\",\"contentUrl\":\"https:\\\/\\\/ses-creative.com\\\/wp-content\\\/uploads\\\/2022\\\/09\\\/MicrosoftTeams-image-1-1.png\"},{\"@type\":\"WebSite\",\"@id\":\"https:\\\/\\\/ses-creative.com\\\/#website\",\"url\":\"https:\\\/\\\/ses-creative.com\\\/\",\"name\":\"SES Creative\",\"description\":\"\",\"publisher\":{\"@id\":\"https:\\\/\\\/ses-creative.com\\\/#organization\"},\"potentialAction\":[{\"@type\":\"SearchAction\",\"target\":{\"@type\":\"EntryPoint\",\"urlTemplate\":\"https:\\\/\\\/ses-creative.com\\\/?s={search_term_string}\"},\"query-input\":{\"@type\":\"PropertyValueSpecification\",\"valueRequired\":true,\"valueName\":\"search_term_string\"}}],\"inLanguage\":\"fr-FR\"},{\"@type\":\"Organization\",\"@id\":\"https:\\\/\\\/ses-creative.com\\\/#organization\",\"name\":\"SES Creative\",\"url\":\"https:\\\/\\\/ses-creative.com\\\/\",\"logo\":{\"@type\":\"ImageObject\",\"inLanguage\":\"fr-FR\",\"@id\":\"https:\\\/\\\/ses-creative.com\\\/#\\\/schema\\\/logo\\\/image\\\/\",\"url\":\"https:\\\/\\\/ses-creative.com\\\/wp-content\\\/uploads\\\/2025\\\/10\\\/ses-creative-logo.jpg\",\"contentUrl\":\"https:\\\/\\\/ses-creative.com\\\/wp-content\\\/uploads\\\/2025\\\/10\\\/ses-creative-logo.jpg\",\"width\":2037,\"height\":2037,\"caption\":\"SES Creative\"},\"image\":{\"@id\":\"https:\\\/\\\/ses-creative.com\\\/#\\\/schema\\\/logo\\\/image\\\/\"}}]}<\/script>\n<!-- \/ Yoast SEO plugin. -->","yoast_head_json":{"title":"P\u00e2te \u00e0 modeler Feel good - SES Creative","description":"P\u00e2te \u00e0 modeler Feel good ! D\u00e9couvrez la p\u00e2te lumineuse enti\u00e8rement v\u00e9g\u00e9talienne, sans gluten, qui divertira les enfants pendant des heures.","robots":{"index":"index","follow":"follow","max-snippet":"max-snippet:-1","max-image-preview":"max-image-preview:large","max-video-preview":"max-video-preview:-1"},"canonical":"https:\/\/ses-creative.com\/feel-good-dough\/","og_locale":"fr_FR","og_type":"article","og_title":"P\u00e2te \u00e0 modeler Feel good - SES Creative","og_description":"P\u00e2te \u00e0 modeler Feel good ! D\u00e9couvrez la p\u00e2te lumineuse enti\u00e8rement v\u00e9g\u00e9talienne, sans gluten, qui divertira les enfants pendant des heures.","og_url":"https:\/\/ses-creative.com\/feel-good-dough\/","og_site_name":"SES Creative","article_modified_time":"2026-01-06T12:26:51+00:00","twitter_card":"summary_large_image","twitter_misc":{"Dur\u00e9e de lecture estim\u00e9e":"7 minutes"},"schema":{"@context":"https:\/\/schema.org","@graph":[{"@type":"WebPage","@id":"https:\/\/ses-creative.com\/feel-good-dough\/","url":"https:\/\/ses-creative.com\/feel-good-dough\/","name":"P\u00e2te \u00e0 modeler Feel good - SES Creative","isPartOf":{"@id":"https:\/\/ses-creative.com\/#website"},"primaryImageOfPage":{"@id":"https:\/\/ses-creative.com\/feel-good-dough\/#primaryimage"},"image":{"@id":"https:\/\/ses-creative.com\/feel-good-dough\/#primaryimage"},"thumbnailUrl":"https:\/\/ses-creative.com\/wp-content\/uploads\/2022\/09\/MicrosoftTeams-image-1-1.png","datePublished":"2022-07-22T11:53:46+00:00","dateModified":"2026-01-06T12:26:51+00:00","description":"P\u00e2te \u00e0 modeler Feel good ! D\u00e9couvrez la p\u00e2te lumineuse enti\u00e8rement v\u00e9g\u00e9talienne, sans gluten, qui divertira les enfants pendant des heures.","inLanguage":"fr-FR","potentialAction":[{"@type":"ReadAction","target":["https:\/\/ses-creative.com\/feel-good-dough\/"]}]},{"@type":"ImageObject","inLanguage":"fr-FR","@id":"https:\/\/ses-creative.com\/feel-good-dough\/#primaryimage","url":"https:\/\/ses-creative.com\/wp-content\/uploads\/2022\/09\/MicrosoftTeams-image-1-1.png","contentUrl":"https:\/\/ses-creative.com\/wp-content\/uploads\/2022\/09\/MicrosoftTeams-image-1-1.png"},{"@type":"WebSite","@id":"https:\/\/ses-creative.com\/#website","url":"https:\/\/ses-creative.com\/","name":"SES Creative","description":"","publisher":{"@id":"https:\/\/ses-creative.com\/#organization"},"potentialAction":[{"@type":"SearchAction","target":{"@type":"EntryPoint","urlTemplate":"https:\/\/ses-creative.com\/?s={search_term_string}"},"query-input":{"@type":"PropertyValueSpecification","valueRequired":true,"valueName":"search_term_string"}}],"inLanguage":"fr-FR"},{"@type":"Organization","@id":"https:\/\/ses-creative.com\/#organization","name":"SES Creative","url":"https:\/\/ses-creative.com\/","logo":{"@type":"ImageObject","inLanguage":"fr-FR","@id":"https:\/\/ses-creative.com\/#\/schema\/logo\/image\/","url":"https:\/\/ses-creative.com\/wp-content\/uploads\/2025\/10\/ses-creative-logo.jpg","contentUrl":"https:\/\/ses-creative.com\/wp-content\/uploads\/2025\/10\/ses-creative-logo.jpg","width":2037,"height":2037,"caption":"SES Creative"},"image":{"@id":"https:\/\/ses-creative.com\/#\/schema\/logo\/image\/"}}]}},"_links":{"self":[{"href":"https:\/\/ses-creative.com\/fr\/wp-json\/wp\/v2\/pages\/61017","targetHints":{"allow":["GET"]}}],"collection":[{"href":"https:\/\/ses-creative.com\/fr\/wp-json\/wp\/v2\/pages"}],"about":[{"href":"https:\/\/ses-creative.com\/fr\/wp-json\/wp\/v2\/types\/page"}],"author":[{"embeddable":true,"href":"https:\/\/ses-creative.com\/fr\/wp-json\/wp\/v2\/users\/3"}],"replies":[{"embeddable":true,"href":"https:\/\/ses-creative.com\/fr\/wp-json\/wp\/v2\/comments?post=61017"}],"version-history":[{"count":1,"href":"https:\/\/ses-creative.com\/fr\/wp-json\/wp\/v2\/pages\/61017\/revisions"}],"predecessor-version":[{"id":82976,"href":"https:\/\/ses-creative.com\/fr\/wp-json\/wp\/v2\/pages\/61017\/revisions\/82976"}],"wp:attachment":[{"href":"https:\/\/ses-creative.com\/fr\/wp-json\/wp\/v2\/media?parent=61017"}],"curies":[{"name":"wp","href":"https:\/\/api.w.org\/{rel}","templated":true}]}}