











{"id":59831,"date":"2022-07-22T10:54:24","date_gmt":"2022-07-22T10:54:24","guid":{"rendered":"https:\/\/ses-creative.com\/?page_id=59831"},"modified":"2026-01-06T12:26:53","modified_gmt":"2026-01-06T12:26:53","slug":"moulage-et-peinture","status":"publish","type":"page","link":"https:\/\/ses-creative.com\/fr\/moulage-et-peinture\/","title":{"rendered":"How to &#8211; Moulage et peinture"},"content":{"rendered":"\n<p>Avec ce kit de SES, c&rsquo;est facile de cr\u00e9er de jolies figurines.<\/p>\n\n\n\n<p>Verse le pl\u00e2tre dans le moule, puis laisse-le reposer. Prends la peinture fournie et peins les figurines comme tu le souhaites. C&rsquo;est amusant \u00e0 faire et le r\u00e9sultat est impressionnant&nbsp;! Dans les vid\u00e9os ci-dessous, vous trouverez le bon rapport entre le pl\u00e2tre et l&rsquo;eau.<\/p>\n\n\n\n<p><\/p>\n\n\n\n<h2 class=\"wp-block-heading\">Moulage et peinture &#8211; Moule<\/h2>\n\n\n\n<p><\/p>\n\n\n\n<figure class=\"wp-block-embed is-type-video is-provider-youtube wp-block-embed-youtube wp-embed-aspect-16-9 wp-has-aspect-ratio\"><div class=\"wp-block-embed__wrapper\">\n<iframe title=\"SES Creative - Instruction video - Casting &amp; Painting (Mould)\" width=\"800\" height=\"450\" src=\"https:\/\/www.youtube.com\/embed\/5wLwCVanuxk?feature=oembed\" frameborder=\"0\" allow=\"accelerometer; autoplay; clipboard-write; encrypted-media; gyroscope; picture-in-picture; web-share\" referrerpolicy=\"strict-origin-when-cross-origin\" allowfullscreen><\/iframe>\n<\/div><\/figure>\n\n\n\n<p><\/p>\n\n\n\n<h2 class=\"wp-block-heading\">Moulage et peinture &#8211; Moule en latex<\/h2>\n\n\n\n<p><\/p>\n\n\n\n<figure class=\"wp-block-embed is-type-video is-provider-youtube wp-block-embed-youtube wp-embed-aspect-16-9 wp-has-aspect-ratio\"><div class=\"wp-block-embed__wrapper\">\n<iframe title=\"SES Creative - Instruction video - Casting &amp; Painting (Latex mould)\" width=\"800\" height=\"450\" src=\"https:\/\/www.youtube.com\/embed\/Kfi27S8IMRU?feature=oembed\" frameborder=\"0\" allow=\"accelerometer; autoplay; clipboard-write; encrypted-media; gyroscope; picture-in-picture; web-share\" referrerpolicy=\"strict-origin-when-cross-origin\" allowfullscreen><\/iframe>\n<\/div><\/figure>\n\n\n\n<p><\/p>\n\n\n\n<p><\/p>\n\n\n","protected":false},"excerpt":{"rendered":"<p>Avec ce kit de SES, c&rsquo;est facile de cr\u00e9er de jolies figurines. Verse le pl\u00e2tre dans le moule, puis laisse-le reposer. Prends la peinture fournie et peins les figurines comme tu le souhaites. C&rsquo;est amusant \u00e0 faire et le r\u00e9sultat est impressionnant&nbsp;! Dans les vid\u00e9os ci-dessous, vous trouverez le bon rapport entre le pl\u00e2tre et [&hellip;]<\/p>\n","protected":false},"author":3,"featured_media":0,"parent":0,"menu_order":0,"comment_status":"closed","ping_status":"closed","template":"","meta":{"_acf_changed":false,"footnotes":""},"class_list":["post-59831","page","type-page","status-publish","hentry"],"acf":[],"yoast_head":"<!-- This site is optimized with the Yoast SEO plugin v27.2 - https:\/\/yoast.com\/product\/yoast-seo-wordpress\/ -->\n<title>How to - Moulage et peinture - SES Creative<\/title>\n<meta name=\"robots\" content=\"index, follow, max-snippet:-1, max-image-preview:large, max-video-preview:-1\" \/>\n<link rel=\"canonical\" href=\"https:\/\/ses-creative.com\/gips-gieten\/\" \/>\n<meta property=\"og:locale\" content=\"fr_FR\" \/>\n<meta property=\"og:type\" content=\"article\" \/>\n<meta property=\"og:title\" content=\"How to - Moulage et peinture - SES Creative\" \/>\n<meta property=\"og:description\" content=\"Avec ce kit de SES, c&rsquo;est facile de cr\u00e9er de jolies figurines. Verse le pl\u00e2tre dans le moule, puis laisse-le reposer. Prends la peinture fournie et peins les figurines comme tu le souhaites. C&rsquo;est amusant \u00e0 faire et le r\u00e9sultat est impressionnant&nbsp;! Dans les vid\u00e9os ci-dessous, vous trouverez le bon rapport entre le pl\u00e2tre et [&hellip;]\" \/>\n<meta property=\"og:url\" content=\"https:\/\/ses-creative.com\/gips-gieten\/\" \/>\n<meta property=\"og:site_name\" content=\"SES Creative\" \/>\n<meta property=\"article:modified_time\" content=\"2026-01-06T12:26:53+00:00\" \/>\n<meta name=\"twitter:card\" content=\"summary_large_image\" \/>\n<meta name=\"twitter:label1\" content=\"Dur\u00e9e de lecture estim\u00e9e\" \/>\n\t<meta name=\"twitter:data1\" content=\"1 minute\" \/>\n<script type=\"application\/ld+json\" class=\"yoast-schema-graph\">{\"@context\":\"https:\/\/schema.org\",\"@graph\":[{\"@type\":\"WebPage\",\"@id\":\"https:\/\/ses-creative.com\/gips-gieten\/\",\"url\":\"https:\/\/ses-creative.com\/gips-gieten\/\",\"name\":\"How to - Moulage et peinture - SES Creative\",\"isPartOf\":{\"@id\":\"https:\/\/ses-creative.com\/#website\"},\"datePublished\":\"2022-07-22T10:54:24+00:00\",\"dateModified\":\"2026-01-06T12:26:53+00:00\",\"inLanguage\":\"fr-FR\",\"potentialAction\":[{\"@type\":\"ReadAction\",\"target\":[\"https:\/\/ses-creative.com\/gips-gieten\/\"]}]},{\"@type\":\"WebSite\",\"@id\":\"https:\/\/ses-creative.com\/#website\",\"url\":\"https:\/\/ses-creative.com\/\",\"name\":\"SES Creative\",\"description\":\"\",\"publisher\":{\"@id\":\"https:\/\/ses-creative.com\/#organization\"},\"potentialAction\":[{\"@type\":\"SearchAction\",\"target\":{\"@type\":\"EntryPoint\",\"urlTemplate\":\"https:\/\/ses-creative.com\/?s={search_term_string}\"},\"query-input\":{\"@type\":\"PropertyValueSpecification\",\"valueRequired\":true,\"valueName\":\"search_term_string\"}}],\"inLanguage\":\"fr-FR\"},{\"@type\":\"Organization\",\"@id\":\"https:\/\/ses-creative.com\/#organization\",\"name\":\"SES Creative\",\"url\":\"https:\/\/ses-creative.com\/\",\"logo\":{\"@type\":\"ImageObject\",\"inLanguage\":\"fr-FR\",\"@id\":\"https:\/\/ses-creative.com\/#\/schema\/logo\/image\/\",\"url\":\"https:\/\/ses-creative.com\/wp-content\/uploads\/2025\/10\/ses-creative-logo.jpg\",\"contentUrl\":\"https:\/\/ses-creative.com\/wp-content\/uploads\/2025\/10\/ses-creative-logo.jpg\",\"width\":2037,\"height\":2037,\"caption\":\"SES Creative\"},\"image\":{\"@id\":\"https:\/\/ses-creative.com\/#\/schema\/logo\/image\/\"}}]}<\/script>\n<!-- \/ Yoast SEO plugin. -->","yoast_head_json":{"title":"How to - Moulage et peinture - SES Creative","robots":{"index":"index","follow":"follow","max-snippet":"max-snippet:-1","max-image-preview":"max-image-preview:large","max-video-preview":"max-video-preview:-1"},"canonical":"https:\/\/ses-creative.com\/gips-gieten\/","og_locale":"fr_FR","og_type":"article","og_title":"How to - Moulage et peinture - SES Creative","og_description":"Avec ce kit de SES, c&rsquo;est facile de cr\u00e9er de jolies figurines. Verse le pl\u00e2tre dans le moule, puis laisse-le reposer. Prends la peinture fournie et peins les figurines comme tu le souhaites. C&rsquo;est amusant \u00e0 faire et le r\u00e9sultat est impressionnant&nbsp;! Dans les vid\u00e9os ci-dessous, vous trouverez le bon rapport entre le pl\u00e2tre et [&hellip;]","og_url":"https:\/\/ses-creative.com\/gips-gieten\/","og_site_name":"SES Creative","article_modified_time":"2026-01-06T12:26:53+00:00","twitter_card":"summary_large_image","twitter_misc":{"Dur\u00e9e de lecture estim\u00e9e":"1 minute"},"schema":{"@context":"https:\/\/schema.org","@graph":[{"@type":"WebPage","@id":"https:\/\/ses-creative.com\/gips-gieten\/","url":"https:\/\/ses-creative.com\/gips-gieten\/","name":"How to - Moulage et peinture - SES Creative","isPartOf":{"@id":"https:\/\/ses-creative.com\/#website"},"datePublished":"2022-07-22T10:54:24+00:00","dateModified":"2026-01-06T12:26:53+00:00","inLanguage":"fr-FR","potentialAction":[{"@type":"ReadAction","target":["https:\/\/ses-creative.com\/gips-gieten\/"]}]},{"@type":"WebSite","@id":"https:\/\/ses-creative.com\/#website","url":"https:\/\/ses-creative.com\/","name":"SES Creative","description":"","publisher":{"@id":"https:\/\/ses-creative.com\/#organization"},"potentialAction":[{"@type":"SearchAction","target":{"@type":"EntryPoint","urlTemplate":"https:\/\/ses-creative.com\/?s={search_term_string}"},"query-input":{"@type":"PropertyValueSpecification","valueRequired":true,"valueName":"search_term_string"}}],"inLanguage":"fr-FR"},{"@type":"Organization","@id":"https:\/\/ses-creative.com\/#organization","name":"SES Creative","url":"https:\/\/ses-creative.com\/","logo":{"@type":"ImageObject","inLanguage":"fr-FR","@id":"https:\/\/ses-creative.com\/#\/schema\/logo\/image\/","url":"https:\/\/ses-creative.com\/wp-content\/uploads\/2025\/10\/ses-creative-logo.jpg","contentUrl":"https:\/\/ses-creative.com\/wp-content\/uploads\/2025\/10\/ses-creative-logo.jpg","width":2037,"height":2037,"caption":"SES Creative"},"image":{"@id":"https:\/\/ses-creative.com\/#\/schema\/logo\/image\/"}}]}},"_links":{"self":[{"href":"https:\/\/ses-creative.com\/fr\/wp-json\/wp\/v2\/pages\/59831","targetHints":{"allow":["GET"]}}],"collection":[{"href":"https:\/\/ses-creative.com\/fr\/wp-json\/wp\/v2\/pages"}],"about":[{"href":"https:\/\/ses-creative.com\/fr\/wp-json\/wp\/v2\/types\/page"}],"author":[{"embeddable":true,"href":"https:\/\/ses-creative.com\/fr\/wp-json\/wp\/v2\/users\/3"}],"replies":[{"embeddable":true,"href":"https:\/\/ses-creative.com\/fr\/wp-json\/wp\/v2\/comments?post=59831"}],"version-history":[{"count":1,"href":"https:\/\/ses-creative.com\/fr\/wp-json\/wp\/v2\/pages\/59831\/revisions"}],"predecessor-version":[{"id":82972,"href":"https:\/\/ses-creative.com\/fr\/wp-json\/wp\/v2\/pages\/59831\/revisions\/82972"}],"wp:attachment":[{"href":"https:\/\/ses-creative.com\/fr\/wp-json\/wp\/v2\/media?parent=59831"}],"curies":[{"name":"wp","href":"https:\/\/api.w.org\/{rel}","templated":true}]}}