











{"id":31182,"date":"2020-11-03T12:24:00","date_gmt":"2020-11-03T12:24:00","guid":{"rendered":"https:\/\/ses-creative.com\/?page_id=31182"},"modified":"2026-01-06T12:26:45","modified_gmt":"2026-01-06T12:26:45","slug":"beedz-art","status":"publish","type":"page","link":"https:\/\/ses-creative.com\/fr\/beedz-art\/","title":{"rendered":"Beedz Art"},"content":{"rendered":"\n\n\n<h3 class=\"has-text-color wp-block-heading\" style=\"color:#009848\">Comment \u00e7a marche&nbsp;:<\/h3>\n\n\n\n\n\n<h3 class=\"has-text-color wp-block-heading\" style=\"color:#009848\">Conseils:<\/h3>\n\n\n\n<p><strong>Conseils pour la pose des perles \u00e0 thermocoller&nbsp;:<\/strong><\/p>\n\n\n\n<ul class=\"wp-block-list\"><li>Posez les feuilles sur une surface plane que vous pourrez d\u00e9placer si n\u00e9cessaire. Il suffit ensuite de les joindre.<\/li><li>Les lignes rouges du manuel sont identiques \u00e0 celles des feuilles.<\/li><li>Utilisez une r\u00e8gle ou une feuille de papier comme indiqu\u00e9 sur l\u2019exemple pour savoir o\u00f9 vous vous trouvez&nbsp;; les points sur le c\u00f4t\u00e9 sont un outil pratique \u00e0 cet effet.<\/li><li>Laissez la premi\u00e8re rang\u00e9e de chevilles vide tout autour, car cela permet d\u2019obtenir un meilleur r\u00e9sultat de thermocollage.<\/li><li>Vous h\u00e9sitez sur la couleur \u00e0 utiliser&nbsp;? Pour vous aider, vous trouverez toutes les couleurs de perles thermocollantes possibles incluses au bas de l\u2019exemple.<\/li><\/ul>\n\n\n\n<p><strong>Conseils concernant les perles \u00e0 thermocoller&nbsp;:<\/strong><\/p>\n\n\n\n<ul class=\"wp-block-list\"><li>Gardez \u00e0 port\u00e9e de main un objet lourd que vous pourrez poser sur la partie repass\u00e9e pour emp\u00eacher les gondolements. Un gros livre ou une planche \u00e0 pain convient parfaitement.<\/li><li>Repassez de la gauche vers la droite. Commencez \u00e0 repasser d\u2019un c\u00f4t\u00e9 et avancez lentement vers l\u2019autre c\u00f4t\u00e9.<\/li><li>Ne bougez pas le fer et maintenez au m\u00eame endroit pendant environ 10 \u00e0 15&nbsp;secondes. N\u2019exercez pas de pression sur le fer.<\/li><li>Apr\u00e8s le repassage, laissez bien refroidir les perles avec quelque chose de lourd dessus.<\/li><li>Apr\u00e8s environ 15 \u00e0 20&nbsp;minutes, vous pouvez mettre votre \u0153uvre d\u2019art dans un cadre car cela emp\u00eachera les gondolements. Votre \u0153uvre est pr\u00eate \u00e0 \u00eatre accroch\u00e9e&nbsp;!<\/li><\/ul>\n\n\n\n<div style=\"height:29px\" aria-hidden=\"true\" class=\"wp-block-spacer\"><\/div>\n\n\n\n<div style=\"height:20px\" aria-hidden=\"true\" class=\"wp-block-spacer\"><\/div>\n\n\n","protected":false},"excerpt":{"rendered":"<p>Comment \u00e7a marche&nbsp;: Conseils: Conseils pour la pose des perles \u00e0 thermocoller&nbsp;: Posez les feuilles sur une surface plane que vous pourrez d\u00e9placer si n\u00e9cessaire. Il suffit ensuite de les joindre. Les lignes rouges du manuel sont identiques \u00e0 celles des feuilles. Utilisez une r\u00e8gle ou une feuille de papier comme indiqu\u00e9 sur l\u2019exemple pour [&hellip;]<\/p>\n","protected":false},"author":3,"featured_media":0,"parent":0,"menu_order":0,"comment_status":"closed","ping_status":"closed","template":"","meta":{"_acf_changed":false,"footnotes":""},"class_list":["post-31182","page","type-page","status-publish","hentry"],"acf":[],"yoast_head":"<!-- This site is optimized with the Yoast SEO plugin v27.4 - https:\/\/yoast.com\/product\/yoast-seo-wordpress\/ -->\n<title>Beedz Art - SES Creative<\/title>\n<meta name=\"robots\" content=\"index, follow, max-snippet:-1, max-image-preview:large, max-video-preview:-1\" \/>\n<link rel=\"canonical\" href=\"https:\/\/ses-creative.com\/beedzart\/\" \/>\n<meta property=\"og:locale\" content=\"fr_FR\" \/>\n<meta property=\"og:type\" content=\"article\" \/>\n<meta property=\"og:title\" content=\"Beedz Art - SES Creative\" \/>\n<meta property=\"og:description\" content=\"Comment \u00e7a marche&nbsp;: Conseils: Conseils pour la pose des perles \u00e0 thermocoller&nbsp;: Posez les feuilles sur une surface plane que vous pourrez d\u00e9placer si n\u00e9cessaire. Il suffit ensuite de les joindre. Les lignes rouges du manuel sont identiques \u00e0 celles des feuilles. Utilisez une r\u00e8gle ou une feuille de papier comme indiqu\u00e9 sur l\u2019exemple pour [&hellip;]\" \/>\n<meta property=\"og:url\" content=\"https:\/\/ses-creative.com\/beedzart\/\" \/>\n<meta property=\"og:site_name\" content=\"SES Creative\" \/>\n<meta property=\"article:modified_time\" content=\"2026-01-06T12:26:45+00:00\" \/>\n<meta name=\"twitter:card\" content=\"summary_large_image\" \/>\n<meta name=\"twitter:label1\" content=\"Dur\u00e9e de lecture estim\u00e9e\" \/>\n\t<meta name=\"twitter:data1\" content=\"1 minute\" \/>\n<script type=\"application\/ld+json\" class=\"yoast-schema-graph\">{\"@context\":\"https:\\\/\\\/schema.org\",\"@graph\":[{\"@type\":\"WebPage\",\"@id\":\"https:\\\/\\\/ses-creative.com\\\/beedzart\\\/\",\"url\":\"https:\\\/\\\/ses-creative.com\\\/beedzart\\\/\",\"name\":\"Beedz Art - SES Creative\",\"isPartOf\":{\"@id\":\"https:\\\/\\\/ses-creative.com\\\/#website\"},\"datePublished\":\"2020-11-03T12:24:00+00:00\",\"dateModified\":\"2026-01-06T12:26:45+00:00\",\"inLanguage\":\"fr-FR\",\"potentialAction\":[{\"@type\":\"ReadAction\",\"target\":[\"https:\\\/\\\/ses-creative.com\\\/beedzart\\\/\"]}]},{\"@type\":\"WebSite\",\"@id\":\"https:\\\/\\\/ses-creative.com\\\/#website\",\"url\":\"https:\\\/\\\/ses-creative.com\\\/\",\"name\":\"SES Creative\",\"description\":\"\",\"publisher\":{\"@id\":\"https:\\\/\\\/ses-creative.com\\\/#organization\"},\"potentialAction\":[{\"@type\":\"SearchAction\",\"target\":{\"@type\":\"EntryPoint\",\"urlTemplate\":\"https:\\\/\\\/ses-creative.com\\\/?s={search_term_string}\"},\"query-input\":{\"@type\":\"PropertyValueSpecification\",\"valueRequired\":true,\"valueName\":\"search_term_string\"}}],\"inLanguage\":\"fr-FR\"},{\"@type\":\"Organization\",\"@id\":\"https:\\\/\\\/ses-creative.com\\\/#organization\",\"name\":\"SES Creative\",\"url\":\"https:\\\/\\\/ses-creative.com\\\/\",\"logo\":{\"@type\":\"ImageObject\",\"inLanguage\":\"fr-FR\",\"@id\":\"https:\\\/\\\/ses-creative.com\\\/#\\\/schema\\\/logo\\\/image\\\/\",\"url\":\"https:\\\/\\\/ses-creative.com\\\/wp-content\\\/uploads\\\/2025\\\/10\\\/ses-creative-logo.jpg\",\"contentUrl\":\"https:\\\/\\\/ses-creative.com\\\/wp-content\\\/uploads\\\/2025\\\/10\\\/ses-creative-logo.jpg\",\"width\":2037,\"height\":2037,\"caption\":\"SES Creative\"},\"image\":{\"@id\":\"https:\\\/\\\/ses-creative.com\\\/#\\\/schema\\\/logo\\\/image\\\/\"}}]}<\/script>\n<!-- \/ Yoast SEO plugin. -->","yoast_head_json":{"title":"Beedz Art - SES Creative","robots":{"index":"index","follow":"follow","max-snippet":"max-snippet:-1","max-image-preview":"max-image-preview:large","max-video-preview":"max-video-preview:-1"},"canonical":"https:\/\/ses-creative.com\/beedzart\/","og_locale":"fr_FR","og_type":"article","og_title":"Beedz Art - SES Creative","og_description":"Comment \u00e7a marche&nbsp;: Conseils: Conseils pour la pose des perles \u00e0 thermocoller&nbsp;: Posez les feuilles sur une surface plane que vous pourrez d\u00e9placer si n\u00e9cessaire. Il suffit ensuite de les joindre. Les lignes rouges du manuel sont identiques \u00e0 celles des feuilles. Utilisez une r\u00e8gle ou une feuille de papier comme indiqu\u00e9 sur l\u2019exemple pour [&hellip;]","og_url":"https:\/\/ses-creative.com\/beedzart\/","og_site_name":"SES Creative","article_modified_time":"2026-01-06T12:26:45+00:00","twitter_card":"summary_large_image","twitter_misc":{"Dur\u00e9e de lecture estim\u00e9e":"1 minute"},"schema":{"@context":"https:\/\/schema.org","@graph":[{"@type":"WebPage","@id":"https:\/\/ses-creative.com\/beedzart\/","url":"https:\/\/ses-creative.com\/beedzart\/","name":"Beedz Art - SES Creative","isPartOf":{"@id":"https:\/\/ses-creative.com\/#website"},"datePublished":"2020-11-03T12:24:00+00:00","dateModified":"2026-01-06T12:26:45+00:00","inLanguage":"fr-FR","potentialAction":[{"@type":"ReadAction","target":["https:\/\/ses-creative.com\/beedzart\/"]}]},{"@type":"WebSite","@id":"https:\/\/ses-creative.com\/#website","url":"https:\/\/ses-creative.com\/","name":"SES Creative","description":"","publisher":{"@id":"https:\/\/ses-creative.com\/#organization"},"potentialAction":[{"@type":"SearchAction","target":{"@type":"EntryPoint","urlTemplate":"https:\/\/ses-creative.com\/?s={search_term_string}"},"query-input":{"@type":"PropertyValueSpecification","valueRequired":true,"valueName":"search_term_string"}}],"inLanguage":"fr-FR"},{"@type":"Organization","@id":"https:\/\/ses-creative.com\/#organization","name":"SES Creative","url":"https:\/\/ses-creative.com\/","logo":{"@type":"ImageObject","inLanguage":"fr-FR","@id":"https:\/\/ses-creative.com\/#\/schema\/logo\/image\/","url":"https:\/\/ses-creative.com\/wp-content\/uploads\/2025\/10\/ses-creative-logo.jpg","contentUrl":"https:\/\/ses-creative.com\/wp-content\/uploads\/2025\/10\/ses-creative-logo.jpg","width":2037,"height":2037,"caption":"SES Creative"},"image":{"@id":"https:\/\/ses-creative.com\/#\/schema\/logo\/image\/"}}]}},"_links":{"self":[{"href":"https:\/\/ses-creative.com\/fr\/wp-json\/wp\/v2\/pages\/31182","targetHints":{"allow":["GET"]}}],"collection":[{"href":"https:\/\/ses-creative.com\/fr\/wp-json\/wp\/v2\/pages"}],"about":[{"href":"https:\/\/ses-creative.com\/fr\/wp-json\/wp\/v2\/types\/page"}],"author":[{"embeddable":true,"href":"https:\/\/ses-creative.com\/fr\/wp-json\/wp\/v2\/users\/3"}],"replies":[{"embeddable":true,"href":"https:\/\/ses-creative.com\/fr\/wp-json\/wp\/v2\/comments?post=31182"}],"version-history":[{"count":1,"href":"https:\/\/ses-creative.com\/fr\/wp-json\/wp\/v2\/pages\/31182\/revisions"}],"predecessor-version":[{"id":82960,"href":"https:\/\/ses-creative.com\/fr\/wp-json\/wp\/v2\/pages\/31182\/revisions\/82960"}],"wp:attachment":[{"href":"https:\/\/ses-creative.com\/fr\/wp-json\/wp\/v2\/media?parent=31182"}],"curies":[{"name":"wp","href":"https:\/\/api.w.org\/{rel}","templated":true}]}}