











{"id":28367,"date":"2020-09-03T09:09:54","date_gmt":"2020-09-03T09:09:54","guid":{"rendered":"https:\/\/ses-creative.com\/?page_id=28367"},"modified":"2026-01-06T12:26:39","modified_gmt":"2026-01-06T12:26:39","slug":"explore","status":"publish","type":"page","link":"https:\/\/ses-creative.com\/fr\/univers\/explore\/","title":{"rendered":"Explore"},"content":{"rendered":"\n\n\n\n\n<p class=\"has-text-color\" style=\"font-size:32px;color:#009848\"><strong><strong>Tu veux devenir arch\u00e9ologue&nbsp;?<\/strong><\/strong><\/p>\n\n\n\n<p>Tu veux peut-\u00eatre devenir arch\u00e9ologue quand tu seras grand, et faire des d\u00e9couvertes surprenantes au fond de grottes anciennes, en d\u00e9nichant des tr\u00e9sors tels que de vieux squelettes, des bijoux, des fossiles et bien d\u2019autres choses extraordinaires. Fabrique tes propres fossiles gr\u00e2ce au kit Fossiles brillants&nbsp;!<\/p>\n\n\n\n<div style=\"height:25px\" aria-hidden=\"true\" class=\"wp-block-spacer\"><\/div>\n\n\n\n\n\n<div style=\"height:25px\" aria-hidden=\"true\" class=\"wp-block-spacer\"><\/div>\n\n\n\n\n\n<div style=\"height:25px\" aria-hidden=\"true\" class=\"wp-block-spacer\"><\/div>\n\n\n\n<p><\/p>\n\n\n\n<p><\/p>\n","protected":false},"excerpt":{"rendered":"<p>Tu veux devenir arch\u00e9ologue&nbsp;? Tu veux peut-\u00eatre devenir arch\u00e9ologue quand tu seras grand, et faire des d\u00e9couvertes surprenantes au fond de grottes anciennes, en d\u00e9nichant des tr\u00e9sors tels que de vieux squelettes, des bijoux, des fossiles et bien d\u2019autres choses extraordinaires. Fabrique tes propres fossiles gr\u00e2ce au kit Fossiles brillants&nbsp;!<\/p>\n","protected":false},"author":3,"featured_media":0,"parent":28375,"menu_order":0,"comment_status":"closed","ping_status":"closed","template":"","meta":{"_acf_changed":false,"footnotes":""},"class_list":["post-28367","page","type-page","status-publish","hentry"],"acf":[],"yoast_head":"<!-- This site is optimized with the Yoast SEO plugin v27.4 - https:\/\/yoast.com\/product\/yoast-seo-wordpress\/ -->\n<title>Explore - SES Creative<\/title>\n<meta name=\"robots\" content=\"index, follow, max-snippet:-1, max-image-preview:large, max-video-preview:-1\" \/>\n<link rel=\"canonical\" href=\"https:\/\/ses-creative.com\/speelwerelden\/explore\/\" \/>\n<meta property=\"og:locale\" content=\"fr_FR\" \/>\n<meta property=\"og:type\" content=\"article\" \/>\n<meta property=\"og:title\" content=\"Explore - SES Creative\" \/>\n<meta property=\"og:description\" content=\"Tu veux devenir arch\u00e9ologue&nbsp;? Tu veux peut-\u00eatre devenir arch\u00e9ologue quand tu seras grand, et faire des d\u00e9couvertes surprenantes au fond de grottes anciennes, en d\u00e9nichant des tr\u00e9sors tels que de vieux squelettes, des bijoux, des fossiles et bien d\u2019autres choses extraordinaires. Fabrique tes propres fossiles gr\u00e2ce au kit Fossiles brillants&nbsp;!\" \/>\n<meta property=\"og:url\" content=\"https:\/\/ses-creative.com\/speelwerelden\/explore\/\" \/>\n<meta property=\"og:site_name\" content=\"SES Creative\" \/>\n<meta property=\"article:modified_time\" content=\"2026-01-06T12:26:39+00:00\" \/>\n<meta name=\"twitter:card\" content=\"summary_large_image\" \/>\n<script type=\"application\/ld+json\" class=\"yoast-schema-graph\">{\"@context\":\"https:\\\/\\\/schema.org\",\"@graph\":[{\"@type\":\"WebPage\",\"@id\":\"https:\\\/\\\/ses-creative.com\\\/speelwerelden\\\/explore\\\/\",\"url\":\"https:\\\/\\\/ses-creative.com\\\/speelwerelden\\\/explore\\\/\",\"name\":\"Explore - SES Creative\",\"isPartOf\":{\"@id\":\"https:\\\/\\\/ses-creative.com\\\/#website\"},\"datePublished\":\"2020-09-03T09:09:54+00:00\",\"dateModified\":\"2026-01-06T12:26:39+00:00\",\"breadcrumb\":{\"@id\":\"https:\\\/\\\/ses-creative.com\\\/speelwerelden\\\/explore\\\/#breadcrumb\"},\"inLanguage\":\"fr-FR\",\"potentialAction\":[{\"@type\":\"ReadAction\",\"target\":[\"https:\\\/\\\/ses-creative.com\\\/speelwerelden\\\/explore\\\/\"]}]},{\"@type\":\"BreadcrumbList\",\"@id\":\"https:\\\/\\\/ses-creative.com\\\/speelwerelden\\\/explore\\\/#breadcrumb\",\"itemListElement\":[{\"@type\":\"ListItem\",\"position\":1,\"name\":\"Univers\",\"item\":\"https:\\\/\\\/ses-creative.com\\\/speelwerelden\\\/\"},{\"@type\":\"ListItem\",\"position\":2,\"name\":\"Explore\"}]},{\"@type\":\"WebSite\",\"@id\":\"https:\\\/\\\/ses-creative.com\\\/#website\",\"url\":\"https:\\\/\\\/ses-creative.com\\\/\",\"name\":\"SES Creative\",\"description\":\"\",\"publisher\":{\"@id\":\"https:\\\/\\\/ses-creative.com\\\/#organization\"},\"potentialAction\":[{\"@type\":\"SearchAction\",\"target\":{\"@type\":\"EntryPoint\",\"urlTemplate\":\"https:\\\/\\\/ses-creative.com\\\/?s={search_term_string}\"},\"query-input\":{\"@type\":\"PropertyValueSpecification\",\"valueRequired\":true,\"valueName\":\"search_term_string\"}}],\"inLanguage\":\"fr-FR\"},{\"@type\":\"Organization\",\"@id\":\"https:\\\/\\\/ses-creative.com\\\/#organization\",\"name\":\"SES Creative\",\"url\":\"https:\\\/\\\/ses-creative.com\\\/\",\"logo\":{\"@type\":\"ImageObject\",\"inLanguage\":\"fr-FR\",\"@id\":\"https:\\\/\\\/ses-creative.com\\\/#\\\/schema\\\/logo\\\/image\\\/\",\"url\":\"https:\\\/\\\/ses-creative.com\\\/wp-content\\\/uploads\\\/2025\\\/10\\\/ses-creative-logo.jpg\",\"contentUrl\":\"https:\\\/\\\/ses-creative.com\\\/wp-content\\\/uploads\\\/2025\\\/10\\\/ses-creative-logo.jpg\",\"width\":2037,\"height\":2037,\"caption\":\"SES Creative\"},\"image\":{\"@id\":\"https:\\\/\\\/ses-creative.com\\\/#\\\/schema\\\/logo\\\/image\\\/\"}}]}<\/script>\n<!-- \/ Yoast SEO plugin. -->","yoast_head_json":{"title":"Explore - SES Creative","robots":{"index":"index","follow":"follow","max-snippet":"max-snippet:-1","max-image-preview":"max-image-preview:large","max-video-preview":"max-video-preview:-1"},"canonical":"https:\/\/ses-creative.com\/speelwerelden\/explore\/","og_locale":"fr_FR","og_type":"article","og_title":"Explore - SES Creative","og_description":"Tu veux devenir arch\u00e9ologue&nbsp;? Tu veux peut-\u00eatre devenir arch\u00e9ologue quand tu seras grand, et faire des d\u00e9couvertes surprenantes au fond de grottes anciennes, en d\u00e9nichant des tr\u00e9sors tels que de vieux squelettes, des bijoux, des fossiles et bien d\u2019autres choses extraordinaires. Fabrique tes propres fossiles gr\u00e2ce au kit Fossiles brillants&nbsp;!","og_url":"https:\/\/ses-creative.com\/speelwerelden\/explore\/","og_site_name":"SES Creative","article_modified_time":"2026-01-06T12:26:39+00:00","twitter_card":"summary_large_image","schema":{"@context":"https:\/\/schema.org","@graph":[{"@type":"WebPage","@id":"https:\/\/ses-creative.com\/speelwerelden\/explore\/","url":"https:\/\/ses-creative.com\/speelwerelden\/explore\/","name":"Explore - SES Creative","isPartOf":{"@id":"https:\/\/ses-creative.com\/#website"},"datePublished":"2020-09-03T09:09:54+00:00","dateModified":"2026-01-06T12:26:39+00:00","breadcrumb":{"@id":"https:\/\/ses-creative.com\/speelwerelden\/explore\/#breadcrumb"},"inLanguage":"fr-FR","potentialAction":[{"@type":"ReadAction","target":["https:\/\/ses-creative.com\/speelwerelden\/explore\/"]}]},{"@type":"BreadcrumbList","@id":"https:\/\/ses-creative.com\/speelwerelden\/explore\/#breadcrumb","itemListElement":[{"@type":"ListItem","position":1,"name":"Univers","item":"https:\/\/ses-creative.com\/speelwerelden\/"},{"@type":"ListItem","position":2,"name":"Explore"}]},{"@type":"WebSite","@id":"https:\/\/ses-creative.com\/#website","url":"https:\/\/ses-creative.com\/","name":"SES Creative","description":"","publisher":{"@id":"https:\/\/ses-creative.com\/#organization"},"potentialAction":[{"@type":"SearchAction","target":{"@type":"EntryPoint","urlTemplate":"https:\/\/ses-creative.com\/?s={search_term_string}"},"query-input":{"@type":"PropertyValueSpecification","valueRequired":true,"valueName":"search_term_string"}}],"inLanguage":"fr-FR"},{"@type":"Organization","@id":"https:\/\/ses-creative.com\/#organization","name":"SES Creative","url":"https:\/\/ses-creative.com\/","logo":{"@type":"ImageObject","inLanguage":"fr-FR","@id":"https:\/\/ses-creative.com\/#\/schema\/logo\/image\/","url":"https:\/\/ses-creative.com\/wp-content\/uploads\/2025\/10\/ses-creative-logo.jpg","contentUrl":"https:\/\/ses-creative.com\/wp-content\/uploads\/2025\/10\/ses-creative-logo.jpg","width":2037,"height":2037,"caption":"SES Creative"},"image":{"@id":"https:\/\/ses-creative.com\/#\/schema\/logo\/image\/"}}]}},"_links":{"self":[{"href":"https:\/\/ses-creative.com\/fr\/wp-json\/wp\/v2\/pages\/28367","targetHints":{"allow":["GET"]}}],"collection":[{"href":"https:\/\/ses-creative.com\/fr\/wp-json\/wp\/v2\/pages"}],"about":[{"href":"https:\/\/ses-creative.com\/fr\/wp-json\/wp\/v2\/types\/page"}],"author":[{"embeddable":true,"href":"https:\/\/ses-creative.com\/fr\/wp-json\/wp\/v2\/users\/3"}],"replies":[{"embeddable":true,"href":"https:\/\/ses-creative.com\/fr\/wp-json\/wp\/v2\/comments?post=28367"}],"version-history":[{"count":1,"href":"https:\/\/ses-creative.com\/fr\/wp-json\/wp\/v2\/pages\/28367\/revisions"}],"predecessor-version":[{"id":82939,"href":"https:\/\/ses-creative.com\/fr\/wp-json\/wp\/v2\/pages\/28367\/revisions\/82939"}],"up":[{"embeddable":true,"href":"https:\/\/ses-creative.com\/fr\/wp-json\/wp\/v2\/pages\/28375"}],"wp:attachment":[{"href":"https:\/\/ses-creative.com\/fr\/wp-json\/wp\/v2\/media?parent=28367"}],"curies":[{"name":"wp","href":"https:\/\/api.w.org\/{rel}","templated":true}]}}