











{"id":28361,"date":"2020-09-03T09:09:20","date_gmt":"2020-09-03T09:09:20","guid":{"rendered":"https:\/\/ses-creative.com\/?page_id=28361"},"modified":"2026-01-06T12:26:37","modified_gmt":"2026-01-06T12:26:37","slug":"tiny-talents","status":"publish","type":"page","link":"https:\/\/ses-creative.com\/fr\/univers\/tiny-talents\/","title":{"rendered":"Tiny talents"},"content":{"rendered":"\n\n\n<div style=\"height:25px\" aria-hidden=\"true\" class=\"wp-block-spacer\"><\/div>\n\n\n\n\n\n<div style=\"height:25px\" aria-hidden=\"true\" class=\"wp-block-spacer\"><\/div>\n\n\n\n<h2 class=\"wp-block-heading\" style=\"font-size:32px\">Boucle et bouton crocodile<\/h2>\n\n\n\n<p>Ce crocodile en peluche tout doux apprend \u00e0 votre enfant \u00e0 ouvrir et \u00e0 refermer diff\u00e9rents types de fixations. R\u00e9ussira-t-il \u00e0 assembler correctement les diff\u00e9rentes parties du crocodile et \u00e0 d\u00e9couvrir ce qui se cache derri\u00e8re la fermeture \u00e9clair dans sa bouche&nbsp;?<\/p>\n\n\n\n<p><a href=\"https:\/\/ses-creative.com\/wp-admin\/edit.php?post_type=page\"><\/a><\/p>\n\n\n\n<div style=\"height:25px\" aria-hidden=\"true\" class=\"wp-block-spacer\"><\/div>\n\n\n\n\n\n<div style=\"height:25px\" aria-hidden=\"true\" class=\"wp-block-spacer\"><\/div>\n\n\n","protected":false},"excerpt":{"rendered":"<p>Boucle et bouton crocodile Ce crocodile en peluche tout doux apprend \u00e0 votre enfant \u00e0 ouvrir et \u00e0 refermer diff\u00e9rents types de fixations. R\u00e9ussira-t-il \u00e0 assembler correctement les diff\u00e9rentes parties du crocodile et \u00e0 d\u00e9couvrir ce qui se cache derri\u00e8re la fermeture \u00e9clair dans sa bouche&nbsp;?<\/p>\n","protected":false},"author":3,"featured_media":0,"parent":28375,"menu_order":0,"comment_status":"closed","ping_status":"closed","template":"","meta":{"_acf_changed":false,"footnotes":""},"class_list":["post-28361","page","type-page","status-publish","hentry"],"acf":[],"yoast_head":"<!-- This site is optimized with the Yoast SEO plugin v27.4 - https:\/\/yoast.com\/product\/yoast-seo-wordpress\/ -->\n<title>Tiny talents - SES Creative<\/title>\n<meta name=\"robots\" content=\"index, follow, max-snippet:-1, max-image-preview:large, max-video-preview:-1\" \/>\n<link rel=\"canonical\" href=\"https:\/\/ses-creative.com\/speelwerelden\/tiny-talents\/\" \/>\n<meta property=\"og:locale\" content=\"fr_FR\" \/>\n<meta property=\"og:type\" content=\"article\" \/>\n<meta property=\"og:title\" content=\"Tiny talents - SES Creative\" \/>\n<meta property=\"og:description\" content=\"Boucle et bouton crocodile Ce crocodile en peluche tout doux apprend \u00e0 votre enfant \u00e0 ouvrir et \u00e0 refermer diff\u00e9rents types de fixations. R\u00e9ussira-t-il \u00e0 assembler correctement les diff\u00e9rentes parties du crocodile et \u00e0 d\u00e9couvrir ce qui se cache derri\u00e8re la fermeture \u00e9clair dans sa bouche&nbsp;?\" \/>\n<meta property=\"og:url\" content=\"https:\/\/ses-creative.com\/speelwerelden\/tiny-talents\/\" \/>\n<meta property=\"og:site_name\" content=\"SES Creative\" \/>\n<meta property=\"article:modified_time\" content=\"2026-01-06T12:26:37+00:00\" \/>\n<meta name=\"twitter:card\" content=\"summary_large_image\" \/>\n<script type=\"application\/ld+json\" class=\"yoast-schema-graph\">{\"@context\":\"https:\\\/\\\/schema.org\",\"@graph\":[{\"@type\":\"WebPage\",\"@id\":\"https:\\\/\\\/ses-creative.com\\\/speelwerelden\\\/tiny-talents\\\/\",\"url\":\"https:\\\/\\\/ses-creative.com\\\/speelwerelden\\\/tiny-talents\\\/\",\"name\":\"Tiny talents - SES Creative\",\"isPartOf\":{\"@id\":\"https:\\\/\\\/ses-creative.com\\\/#website\"},\"datePublished\":\"2020-09-03T09:09:20+00:00\",\"dateModified\":\"2026-01-06T12:26:37+00:00\",\"breadcrumb\":{\"@id\":\"https:\\\/\\\/ses-creative.com\\\/speelwerelden\\\/tiny-talents\\\/#breadcrumb\"},\"inLanguage\":\"fr-FR\",\"potentialAction\":[{\"@type\":\"ReadAction\",\"target\":[\"https:\\\/\\\/ses-creative.com\\\/speelwerelden\\\/tiny-talents\\\/\"]}]},{\"@type\":\"BreadcrumbList\",\"@id\":\"https:\\\/\\\/ses-creative.com\\\/speelwerelden\\\/tiny-talents\\\/#breadcrumb\",\"itemListElement\":[{\"@type\":\"ListItem\",\"position\":1,\"name\":\"Univers\",\"item\":\"https:\\\/\\\/ses-creative.com\\\/speelwerelden\\\/\"},{\"@type\":\"ListItem\",\"position\":2,\"name\":\"Tiny talents\"}]},{\"@type\":\"WebSite\",\"@id\":\"https:\\\/\\\/ses-creative.com\\\/#website\",\"url\":\"https:\\\/\\\/ses-creative.com\\\/\",\"name\":\"SES Creative\",\"description\":\"\",\"publisher\":{\"@id\":\"https:\\\/\\\/ses-creative.com\\\/#organization\"},\"potentialAction\":[{\"@type\":\"SearchAction\",\"target\":{\"@type\":\"EntryPoint\",\"urlTemplate\":\"https:\\\/\\\/ses-creative.com\\\/?s={search_term_string}\"},\"query-input\":{\"@type\":\"PropertyValueSpecification\",\"valueRequired\":true,\"valueName\":\"search_term_string\"}}],\"inLanguage\":\"fr-FR\"},{\"@type\":\"Organization\",\"@id\":\"https:\\\/\\\/ses-creative.com\\\/#organization\",\"name\":\"SES Creative\",\"url\":\"https:\\\/\\\/ses-creative.com\\\/\",\"logo\":{\"@type\":\"ImageObject\",\"inLanguage\":\"fr-FR\",\"@id\":\"https:\\\/\\\/ses-creative.com\\\/#\\\/schema\\\/logo\\\/image\\\/\",\"url\":\"https:\\\/\\\/ses-creative.com\\\/wp-content\\\/uploads\\\/2025\\\/10\\\/ses-creative-logo.jpg\",\"contentUrl\":\"https:\\\/\\\/ses-creative.com\\\/wp-content\\\/uploads\\\/2025\\\/10\\\/ses-creative-logo.jpg\",\"width\":2037,\"height\":2037,\"caption\":\"SES Creative\"},\"image\":{\"@id\":\"https:\\\/\\\/ses-creative.com\\\/#\\\/schema\\\/logo\\\/image\\\/\"}}]}<\/script>\n<!-- \/ Yoast SEO plugin. -->","yoast_head_json":{"title":"Tiny talents - SES Creative","robots":{"index":"index","follow":"follow","max-snippet":"max-snippet:-1","max-image-preview":"max-image-preview:large","max-video-preview":"max-video-preview:-1"},"canonical":"https:\/\/ses-creative.com\/speelwerelden\/tiny-talents\/","og_locale":"fr_FR","og_type":"article","og_title":"Tiny talents - SES Creative","og_description":"Boucle et bouton crocodile Ce crocodile en peluche tout doux apprend \u00e0 votre enfant \u00e0 ouvrir et \u00e0 refermer diff\u00e9rents types de fixations. R\u00e9ussira-t-il \u00e0 assembler correctement les diff\u00e9rentes parties du crocodile et \u00e0 d\u00e9couvrir ce qui se cache derri\u00e8re la fermeture \u00e9clair dans sa bouche&nbsp;?","og_url":"https:\/\/ses-creative.com\/speelwerelden\/tiny-talents\/","og_site_name":"SES Creative","article_modified_time":"2026-01-06T12:26:37+00:00","twitter_card":"summary_large_image","schema":{"@context":"https:\/\/schema.org","@graph":[{"@type":"WebPage","@id":"https:\/\/ses-creative.com\/speelwerelden\/tiny-talents\/","url":"https:\/\/ses-creative.com\/speelwerelden\/tiny-talents\/","name":"Tiny talents - SES Creative","isPartOf":{"@id":"https:\/\/ses-creative.com\/#website"},"datePublished":"2020-09-03T09:09:20+00:00","dateModified":"2026-01-06T12:26:37+00:00","breadcrumb":{"@id":"https:\/\/ses-creative.com\/speelwerelden\/tiny-talents\/#breadcrumb"},"inLanguage":"fr-FR","potentialAction":[{"@type":"ReadAction","target":["https:\/\/ses-creative.com\/speelwerelden\/tiny-talents\/"]}]},{"@type":"BreadcrumbList","@id":"https:\/\/ses-creative.com\/speelwerelden\/tiny-talents\/#breadcrumb","itemListElement":[{"@type":"ListItem","position":1,"name":"Univers","item":"https:\/\/ses-creative.com\/speelwerelden\/"},{"@type":"ListItem","position":2,"name":"Tiny talents"}]},{"@type":"WebSite","@id":"https:\/\/ses-creative.com\/#website","url":"https:\/\/ses-creative.com\/","name":"SES Creative","description":"","publisher":{"@id":"https:\/\/ses-creative.com\/#organization"},"potentialAction":[{"@type":"SearchAction","target":{"@type":"EntryPoint","urlTemplate":"https:\/\/ses-creative.com\/?s={search_term_string}"},"query-input":{"@type":"PropertyValueSpecification","valueRequired":true,"valueName":"search_term_string"}}],"inLanguage":"fr-FR"},{"@type":"Organization","@id":"https:\/\/ses-creative.com\/#organization","name":"SES Creative","url":"https:\/\/ses-creative.com\/","logo":{"@type":"ImageObject","inLanguage":"fr-FR","@id":"https:\/\/ses-creative.com\/#\/schema\/logo\/image\/","url":"https:\/\/ses-creative.com\/wp-content\/uploads\/2025\/10\/ses-creative-logo.jpg","contentUrl":"https:\/\/ses-creative.com\/wp-content\/uploads\/2025\/10\/ses-creative-logo.jpg","width":2037,"height":2037,"caption":"SES Creative"},"image":{"@id":"https:\/\/ses-creative.com\/#\/schema\/logo\/image\/"}}]}},"_links":{"self":[{"href":"https:\/\/ses-creative.com\/fr\/wp-json\/wp\/v2\/pages\/28361","targetHints":{"allow":["GET"]}}],"collection":[{"href":"https:\/\/ses-creative.com\/fr\/wp-json\/wp\/v2\/pages"}],"about":[{"href":"https:\/\/ses-creative.com\/fr\/wp-json\/wp\/v2\/types\/page"}],"author":[{"embeddable":true,"href":"https:\/\/ses-creative.com\/fr\/wp-json\/wp\/v2\/users\/3"}],"replies":[{"embeddable":true,"href":"https:\/\/ses-creative.com\/fr\/wp-json\/wp\/v2\/comments?post=28361"}],"version-history":[{"count":1,"href":"https:\/\/ses-creative.com\/fr\/wp-json\/wp\/v2\/pages\/28361\/revisions"}],"predecessor-version":[{"id":82905,"href":"https:\/\/ses-creative.com\/fr\/wp-json\/wp\/v2\/pages\/28361\/revisions\/82905"}],"up":[{"embeddable":true,"href":"https:\/\/ses-creative.com\/fr\/wp-json\/wp\/v2\/pages\/28375"}],"wp:attachment":[{"href":"https:\/\/ses-creative.com\/fr\/wp-json\/wp\/v2\/media?parent=28361"}],"curies":[{"name":"wp","href":"https:\/\/api.w.org\/{rel}","templated":true}]}}