











{"id":28358,"date":"2020-09-03T09:09:06","date_gmt":"2020-09-03T09:09:06","guid":{"rendered":"https:\/\/ses-creative.com\/?page_id=28358"},"modified":"2026-01-06T12:26:36","modified_gmt":"2026-01-06T12:26:36","slug":"ses-creative-my-first","status":"publish","type":"page","link":"https:\/\/ses-creative.com\/fr\/univers\/ses-creative-my-first\/","title":{"rendered":"SES Creative &#8211; My First"},"content":{"rendered":"\n\n\n\n\n\n\n\n\n<p class=\"has-text-color\" style=\"color:#009848;font-size:32px\"><strong>My First &#8211; Mes premi\u00e8res cartes de peinture au doigt<\/strong><\/p>\n\n\n\n<p>La peinture au doigt de SES permet m\u00eame aux tout petits de cr\u00e9er des \u0153uvres d\u2019art. Cr\u00e9e un chef-d\u2019\u0153uvre sur des draps blancs avec de la peinture au doigt. Pose une carte d\u2019animal sur le dessus pendant que la peinture est encore fra\u00eeche. Amusant m\u00eame pour les tr\u00e8s jeunes enfants, et le r\u00e9sultat est toujours superbe&nbsp;!<\/p>\n\n\n\n<div style=\"height:25px\" aria-hidden=\"true\" class=\"wp-block-spacer\"><\/div>\n\n\n\n<figure class=\"wp-block-embed is-type-video is-provider-youtube wp-block-embed-youtube wp-embed-aspect-16-9 wp-has-aspect-ratio\"><div class=\"wp-block-embed__wrapper\">\n<iframe title=\"SES Creative - My first - Drawing board colouring with water\" width=\"800\" height=\"450\" src=\"https:\/\/www.youtube.com\/embed\/1xV_sHMyvCM?list=PLjiz2YKGVIJ-8rEal6M8VGheTuviiMn_t\" frameborder=\"0\" allow=\"accelerometer; autoplay; clipboard-write; encrypted-media; gyroscope; picture-in-picture; web-share\" referrerpolicy=\"strict-origin-when-cross-origin\" allowfullscreen><\/iframe>\n<\/div><\/figure>\n","protected":false},"excerpt":{"rendered":"<p>My First &#8211; Mes premi\u00e8res cartes de peinture au doigt La peinture au doigt de SES permet m\u00eame aux tout petits de cr\u00e9er des \u0153uvres d\u2019art. Cr\u00e9e un chef-d\u2019\u0153uvre sur des draps blancs avec de la peinture au doigt. Pose une carte d\u2019animal sur le dessus pendant que la peinture est encore fra\u00eeche. Amusant m\u00eame [&hellip;]<\/p>\n","protected":false},"author":3,"featured_media":0,"parent":28375,"menu_order":0,"comment_status":"closed","ping_status":"closed","template":"","meta":{"_acf_changed":false,"footnotes":""},"class_list":["post-28358","page","type-page","status-publish","hentry"],"acf":[],"yoast_head":"<!-- This site is optimized with the Yoast SEO plugin v27.4 - https:\/\/yoast.com\/product\/yoast-seo-wordpress\/ -->\n<title>SES Creative - My First - SES Creative<\/title>\n<meta name=\"robots\" content=\"index, follow, max-snippet:-1, max-image-preview:large, max-video-preview:-1\" \/>\n<link rel=\"canonical\" href=\"https:\/\/ses-creative.com\/speelwerelden\/ses-creative-my-first\/\" \/>\n<meta property=\"og:locale\" content=\"fr_FR\" \/>\n<meta property=\"og:type\" content=\"article\" \/>\n<meta property=\"og:title\" content=\"SES Creative - My First - SES Creative\" \/>\n<meta property=\"og:description\" content=\"My First &#8211; Mes premi\u00e8res cartes de peinture au doigt La peinture au doigt de SES permet m\u00eame aux tout petits de cr\u00e9er des \u0153uvres d\u2019art. Cr\u00e9e un chef-d\u2019\u0153uvre sur des draps blancs avec de la peinture au doigt. Pose une carte d\u2019animal sur le dessus pendant que la peinture est encore fra\u00eeche. Amusant m\u00eame [&hellip;]\" \/>\n<meta property=\"og:url\" content=\"https:\/\/ses-creative.com\/speelwerelden\/ses-creative-my-first\/\" \/>\n<meta property=\"og:site_name\" content=\"SES Creative\" \/>\n<meta property=\"article:modified_time\" content=\"2026-01-06T12:26:36+00:00\" \/>\n<meta name=\"twitter:card\" content=\"summary_large_image\" \/>\n<meta name=\"twitter:label1\" content=\"Dur\u00e9e de lecture estim\u00e9e\" \/>\n\t<meta name=\"twitter:data1\" content=\"1 minute\" \/>\n<script type=\"application\/ld+json\" class=\"yoast-schema-graph\">{\"@context\":\"https:\\\/\\\/schema.org\",\"@graph\":[{\"@type\":\"WebPage\",\"@id\":\"https:\\\/\\\/ses-creative.com\\\/speelwerelden\\\/ses-creative-my-first\\\/\",\"url\":\"https:\\\/\\\/ses-creative.com\\\/speelwerelden\\\/ses-creative-my-first\\\/\",\"name\":\"SES Creative - My First - SES Creative\",\"isPartOf\":{\"@id\":\"https:\\\/\\\/ses-creative.com\\\/#website\"},\"datePublished\":\"2020-09-03T09:09:06+00:00\",\"dateModified\":\"2026-01-06T12:26:36+00:00\",\"breadcrumb\":{\"@id\":\"https:\\\/\\\/ses-creative.com\\\/speelwerelden\\\/ses-creative-my-first\\\/#breadcrumb\"},\"inLanguage\":\"fr-FR\",\"potentialAction\":[{\"@type\":\"ReadAction\",\"target\":[\"https:\\\/\\\/ses-creative.com\\\/speelwerelden\\\/ses-creative-my-first\\\/\"]}]},{\"@type\":\"BreadcrumbList\",\"@id\":\"https:\\\/\\\/ses-creative.com\\\/speelwerelden\\\/ses-creative-my-first\\\/#breadcrumb\",\"itemListElement\":[{\"@type\":\"ListItem\",\"position\":1,\"name\":\"Univers\",\"item\":\"https:\\\/\\\/ses-creative.com\\\/speelwerelden\\\/\"},{\"@type\":\"ListItem\",\"position\":2,\"name\":\"SES Creative &#8211; My First\"}]},{\"@type\":\"WebSite\",\"@id\":\"https:\\\/\\\/ses-creative.com\\\/#website\",\"url\":\"https:\\\/\\\/ses-creative.com\\\/\",\"name\":\"SES Creative\",\"description\":\"\",\"publisher\":{\"@id\":\"https:\\\/\\\/ses-creative.com\\\/#organization\"},\"potentialAction\":[{\"@type\":\"SearchAction\",\"target\":{\"@type\":\"EntryPoint\",\"urlTemplate\":\"https:\\\/\\\/ses-creative.com\\\/?s={search_term_string}\"},\"query-input\":{\"@type\":\"PropertyValueSpecification\",\"valueRequired\":true,\"valueName\":\"search_term_string\"}}],\"inLanguage\":\"fr-FR\"},{\"@type\":\"Organization\",\"@id\":\"https:\\\/\\\/ses-creative.com\\\/#organization\",\"name\":\"SES Creative\",\"url\":\"https:\\\/\\\/ses-creative.com\\\/\",\"logo\":{\"@type\":\"ImageObject\",\"inLanguage\":\"fr-FR\",\"@id\":\"https:\\\/\\\/ses-creative.com\\\/#\\\/schema\\\/logo\\\/image\\\/\",\"url\":\"https:\\\/\\\/ses-creative.com\\\/wp-content\\\/uploads\\\/2025\\\/10\\\/ses-creative-logo.jpg\",\"contentUrl\":\"https:\\\/\\\/ses-creative.com\\\/wp-content\\\/uploads\\\/2025\\\/10\\\/ses-creative-logo.jpg\",\"width\":2037,\"height\":2037,\"caption\":\"SES Creative\"},\"image\":{\"@id\":\"https:\\\/\\\/ses-creative.com\\\/#\\\/schema\\\/logo\\\/image\\\/\"}}]}<\/script>\n<!-- \/ Yoast SEO plugin. -->","yoast_head_json":{"title":"SES Creative - My First - SES Creative","robots":{"index":"index","follow":"follow","max-snippet":"max-snippet:-1","max-image-preview":"max-image-preview:large","max-video-preview":"max-video-preview:-1"},"canonical":"https:\/\/ses-creative.com\/speelwerelden\/ses-creative-my-first\/","og_locale":"fr_FR","og_type":"article","og_title":"SES Creative - My First - SES Creative","og_description":"My First &#8211; Mes premi\u00e8res cartes de peinture au doigt La peinture au doigt de SES permet m\u00eame aux tout petits de cr\u00e9er des \u0153uvres d\u2019art. Cr\u00e9e un chef-d\u2019\u0153uvre sur des draps blancs avec de la peinture au doigt. Pose une carte d\u2019animal sur le dessus pendant que la peinture est encore fra\u00eeche. Amusant m\u00eame [&hellip;]","og_url":"https:\/\/ses-creative.com\/speelwerelden\/ses-creative-my-first\/","og_site_name":"SES Creative","article_modified_time":"2026-01-06T12:26:36+00:00","twitter_card":"summary_large_image","twitter_misc":{"Dur\u00e9e de lecture estim\u00e9e":"1 minute"},"schema":{"@context":"https:\/\/schema.org","@graph":[{"@type":"WebPage","@id":"https:\/\/ses-creative.com\/speelwerelden\/ses-creative-my-first\/","url":"https:\/\/ses-creative.com\/speelwerelden\/ses-creative-my-first\/","name":"SES Creative - My First - SES Creative","isPartOf":{"@id":"https:\/\/ses-creative.com\/#website"},"datePublished":"2020-09-03T09:09:06+00:00","dateModified":"2026-01-06T12:26:36+00:00","breadcrumb":{"@id":"https:\/\/ses-creative.com\/speelwerelden\/ses-creative-my-first\/#breadcrumb"},"inLanguage":"fr-FR","potentialAction":[{"@type":"ReadAction","target":["https:\/\/ses-creative.com\/speelwerelden\/ses-creative-my-first\/"]}]},{"@type":"BreadcrumbList","@id":"https:\/\/ses-creative.com\/speelwerelden\/ses-creative-my-first\/#breadcrumb","itemListElement":[{"@type":"ListItem","position":1,"name":"Univers","item":"https:\/\/ses-creative.com\/speelwerelden\/"},{"@type":"ListItem","position":2,"name":"SES Creative &#8211; My First"}]},{"@type":"WebSite","@id":"https:\/\/ses-creative.com\/#website","url":"https:\/\/ses-creative.com\/","name":"SES Creative","description":"","publisher":{"@id":"https:\/\/ses-creative.com\/#organization"},"potentialAction":[{"@type":"SearchAction","target":{"@type":"EntryPoint","urlTemplate":"https:\/\/ses-creative.com\/?s={search_term_string}"},"query-input":{"@type":"PropertyValueSpecification","valueRequired":true,"valueName":"search_term_string"}}],"inLanguage":"fr-FR"},{"@type":"Organization","@id":"https:\/\/ses-creative.com\/#organization","name":"SES Creative","url":"https:\/\/ses-creative.com\/","logo":{"@type":"ImageObject","inLanguage":"fr-FR","@id":"https:\/\/ses-creative.com\/#\/schema\/logo\/image\/","url":"https:\/\/ses-creative.com\/wp-content\/uploads\/2025\/10\/ses-creative-logo.jpg","contentUrl":"https:\/\/ses-creative.com\/wp-content\/uploads\/2025\/10\/ses-creative-logo.jpg","width":2037,"height":2037,"caption":"SES Creative"},"image":{"@id":"https:\/\/ses-creative.com\/#\/schema\/logo\/image\/"}}]}},"_links":{"self":[{"href":"https:\/\/ses-creative.com\/fr\/wp-json\/wp\/v2\/pages\/28358","targetHints":{"allow":["GET"]}}],"collection":[{"href":"https:\/\/ses-creative.com\/fr\/wp-json\/wp\/v2\/pages"}],"about":[{"href":"https:\/\/ses-creative.com\/fr\/wp-json\/wp\/v2\/types\/page"}],"author":[{"embeddable":true,"href":"https:\/\/ses-creative.com\/fr\/wp-json\/wp\/v2\/users\/3"}],"replies":[{"embeddable":true,"href":"https:\/\/ses-creative.com\/fr\/wp-json\/wp\/v2\/comments?post=28358"}],"version-history":[{"count":1,"href":"https:\/\/ses-creative.com\/fr\/wp-json\/wp\/v2\/pages\/28358\/revisions"}],"predecessor-version":[{"id":82886,"href":"https:\/\/ses-creative.com\/fr\/wp-json\/wp\/v2\/pages\/28358\/revisions\/82886"}],"up":[{"embeddable":true,"href":"https:\/\/ses-creative.com\/fr\/wp-json\/wp\/v2\/pages\/28375"}],"wp:attachment":[{"href":"https:\/\/ses-creative.com\/fr\/wp-json\/wp\/v2\/media?parent=28358"}],"curies":[{"name":"wp","href":"https:\/\/api.w.org\/{rel}","templated":true}]}}