











{"id":28355,"date":"2020-09-03T09:08:50","date_gmt":"2020-09-03T09:08:50","guid":{"rendered":"https:\/\/ses-creative.com\/?page_id=28355"},"modified":"2026-01-06T12:26:34","modified_gmt":"2026-01-06T12:26:34","slug":"ses-creative-creation","status":"publish","type":"page","link":"https:\/\/ses-creative.com\/fr\/univers\/ses-creative-creation\/","title":{"rendered":"Cr\u00e9ation"},"content":{"rendered":"\n\n\n\n\n<h2 class=\"wp-block-heading\">Des arts et loisirs infinis avec SES Creative<\/h2>\n\n\n\n<p>Nous avons une large gamme de produits qui permettent aux enfants d&rsquo;utiliser leur imagination. SES Creative propose diff\u00e9rents types de peintures pour tous les \u00e2ges, ainsi que nos livres de coloriage et de p\u00e2te \u00e0 modeler. Nos produits sont toujours une excellente id\u00e9e pour stimuler la cr\u00e9ativit\u00e9 et d\u00e9velopper de nouvelles comp\u00e9tences chez les enfants.<\/p>\n\n\n\n<h2 class=\"wp-block-heading\">Made in Holland<\/h2>\n\n\n\n<p>Tous nos ensembles de bricolage et nos mat\u00e9riaux sont fabriqu\u00e9s dans notre propre usine aux Pays-Bas. De cette mani\u00e8re, nous garantissons la s\u00e9curit\u00e9 de nos produits et les parents n&rsquo;ont pas \u00e0 s&rsquo;inqui\u00e9ter de l&rsquo;utilisation de nos marqueurs, de notre p\u00e2te \u00e0 modeler ou de nos peintures ! Faire des taches ? Cela fait partie des arts et loisirs. Mais ne vous inqui\u00e9tez pas, nos produits sont lavables.<\/p>\n\n\n\n<h2 class=\"wp-block-heading\">Pour chaque enfant.<\/h2>\n\n\n\n<p>Nous croyons que chaque enfant, avec ses propres centres d&rsquo;int\u00e9r\u00eat, peut trouver l&rsquo;un de nos produits pour d\u00e9couvrir ses talents. Que ce soit pour fabriquer des bijoux, d\u00e9terrer des fossiles ou mouler et peindre diff\u00e9rents animaux, nous nous adaptons \u00e0 tous les \u00e2ges et \u00e0 toutes les comp\u00e9tences !<\/p>\n\n\n\n<div style=\"height:20px\" aria-hidden=\"true\" class=\"wp-block-spacer\"><\/div>\n\n\n\n<p><\/p>\n\n\n\n<figure class=\"wp-block-embed is-type-video is-provider-youtube wp-block-embed-youtube wp-embed-aspect-16-9 wp-has-aspect-ratio\"><div class=\"wp-block-embed__wrapper\">\n<iframe title=\"SES Creative - Casting and painting - Unicorns (Unboxing &amp; How to)\" width=\"800\" height=\"450\" src=\"https:\/\/www.youtube.com\/embed\/Pj-BlBB8vJQ?start=2&#038;feature=oembed\" frameborder=\"0\" allow=\"accelerometer; autoplay; clipboard-write; encrypted-media; gyroscope; picture-in-picture; web-share\" referrerpolicy=\"strict-origin-when-cross-origin\" allowfullscreen><\/iframe>\n<\/div><\/figure>\n","protected":false},"excerpt":{"rendered":"<p>Des arts et loisirs infinis avec SES Creative Nous avons une large gamme de produits qui permettent aux enfants d&rsquo;utiliser leur imagination. SES Creative propose diff\u00e9rents types de peintures pour tous les \u00e2ges, ainsi que nos livres de coloriage et de p\u00e2te \u00e0 modeler. Nos produits sont toujours une excellente id\u00e9e pour stimuler la cr\u00e9ativit\u00e9 [&hellip;]<\/p>\n","protected":false},"author":3,"featured_media":0,"parent":28375,"menu_order":0,"comment_status":"closed","ping_status":"closed","template":"","meta":{"_acf_changed":false,"footnotes":""},"class_list":["post-28355","page","type-page","status-publish","hentry"],"acf":[],"yoast_head":"<!-- This site is optimized with the Yoast SEO plugin v27.4 - https:\/\/yoast.com\/product\/yoast-seo-wordpress\/ -->\n<title>Cr\u00e9ation - SES Creative<\/title>\n<meta name=\"robots\" content=\"index, follow, max-snippet:-1, max-image-preview:large, max-video-preview:-1\" \/>\n<link rel=\"canonical\" href=\"https:\/\/ses-creative.com\/speelwerelden\/ses-creative-knutselen\/\" \/>\n<meta property=\"og:locale\" content=\"fr_FR\" \/>\n<meta property=\"og:type\" content=\"article\" \/>\n<meta property=\"og:title\" content=\"Cr\u00e9ation - SES Creative\" \/>\n<meta property=\"og:description\" content=\"Des arts et loisirs infinis avec SES Creative Nous avons une large gamme de produits qui permettent aux enfants d&rsquo;utiliser leur imagination. SES Creative propose diff\u00e9rents types de peintures pour tous les \u00e2ges, ainsi que nos livres de coloriage et de p\u00e2te \u00e0 modeler. Nos produits sont toujours une excellente id\u00e9e pour stimuler la cr\u00e9ativit\u00e9 [&hellip;]\" \/>\n<meta property=\"og:url\" content=\"https:\/\/ses-creative.com\/speelwerelden\/ses-creative-knutselen\/\" \/>\n<meta property=\"og:site_name\" content=\"SES Creative\" \/>\n<meta property=\"article:modified_time\" content=\"2026-01-06T12:26:34+00:00\" \/>\n<meta name=\"twitter:card\" content=\"summary_large_image\" \/>\n<meta name=\"twitter:label1\" content=\"Dur\u00e9e de lecture estim\u00e9e\" \/>\n\t<meta name=\"twitter:data1\" content=\"1 minute\" \/>\n<script type=\"application\/ld+json\" class=\"yoast-schema-graph\">{\"@context\":\"https:\\\/\\\/schema.org\",\"@graph\":[{\"@type\":\"WebPage\",\"@id\":\"https:\\\/\\\/ses-creative.com\\\/speelwerelden\\\/ses-creative-knutselen\\\/\",\"url\":\"https:\\\/\\\/ses-creative.com\\\/speelwerelden\\\/ses-creative-knutselen\\\/\",\"name\":\"Cr\u00e9ation - SES Creative\",\"isPartOf\":{\"@id\":\"https:\\\/\\\/ses-creative.com\\\/#website\"},\"datePublished\":\"2020-09-03T09:08:50+00:00\",\"dateModified\":\"2026-01-06T12:26:34+00:00\",\"breadcrumb\":{\"@id\":\"https:\\\/\\\/ses-creative.com\\\/speelwerelden\\\/ses-creative-knutselen\\\/#breadcrumb\"},\"inLanguage\":\"fr-FR\",\"potentialAction\":[{\"@type\":\"ReadAction\",\"target\":[\"https:\\\/\\\/ses-creative.com\\\/speelwerelden\\\/ses-creative-knutselen\\\/\"]}]},{\"@type\":\"BreadcrumbList\",\"@id\":\"https:\\\/\\\/ses-creative.com\\\/speelwerelden\\\/ses-creative-knutselen\\\/#breadcrumb\",\"itemListElement\":[{\"@type\":\"ListItem\",\"position\":1,\"name\":\"Univers\",\"item\":\"https:\\\/\\\/ses-creative.com\\\/speelwerelden\\\/\"},{\"@type\":\"ListItem\",\"position\":2,\"name\":\"Cr\u00e9ation\"}]},{\"@type\":\"WebSite\",\"@id\":\"https:\\\/\\\/ses-creative.com\\\/#website\",\"url\":\"https:\\\/\\\/ses-creative.com\\\/\",\"name\":\"SES Creative\",\"description\":\"\",\"publisher\":{\"@id\":\"https:\\\/\\\/ses-creative.com\\\/#organization\"},\"potentialAction\":[{\"@type\":\"SearchAction\",\"target\":{\"@type\":\"EntryPoint\",\"urlTemplate\":\"https:\\\/\\\/ses-creative.com\\\/?s={search_term_string}\"},\"query-input\":{\"@type\":\"PropertyValueSpecification\",\"valueRequired\":true,\"valueName\":\"search_term_string\"}}],\"inLanguage\":\"fr-FR\"},{\"@type\":\"Organization\",\"@id\":\"https:\\\/\\\/ses-creative.com\\\/#organization\",\"name\":\"SES Creative\",\"url\":\"https:\\\/\\\/ses-creative.com\\\/\",\"logo\":{\"@type\":\"ImageObject\",\"inLanguage\":\"fr-FR\",\"@id\":\"https:\\\/\\\/ses-creative.com\\\/#\\\/schema\\\/logo\\\/image\\\/\",\"url\":\"https:\\\/\\\/ses-creative.com\\\/wp-content\\\/uploads\\\/2025\\\/10\\\/ses-creative-logo.jpg\",\"contentUrl\":\"https:\\\/\\\/ses-creative.com\\\/wp-content\\\/uploads\\\/2025\\\/10\\\/ses-creative-logo.jpg\",\"width\":2037,\"height\":2037,\"caption\":\"SES Creative\"},\"image\":{\"@id\":\"https:\\\/\\\/ses-creative.com\\\/#\\\/schema\\\/logo\\\/image\\\/\"}}]}<\/script>\n<!-- \/ Yoast SEO plugin. -->","yoast_head_json":{"title":"Cr\u00e9ation - SES Creative","robots":{"index":"index","follow":"follow","max-snippet":"max-snippet:-1","max-image-preview":"max-image-preview:large","max-video-preview":"max-video-preview:-1"},"canonical":"https:\/\/ses-creative.com\/speelwerelden\/ses-creative-knutselen\/","og_locale":"fr_FR","og_type":"article","og_title":"Cr\u00e9ation - SES Creative","og_description":"Des arts et loisirs infinis avec SES Creative Nous avons une large gamme de produits qui permettent aux enfants d&rsquo;utiliser leur imagination. SES Creative propose diff\u00e9rents types de peintures pour tous les \u00e2ges, ainsi que nos livres de coloriage et de p\u00e2te \u00e0 modeler. Nos produits sont toujours une excellente id\u00e9e pour stimuler la cr\u00e9ativit\u00e9 [&hellip;]","og_url":"https:\/\/ses-creative.com\/speelwerelden\/ses-creative-knutselen\/","og_site_name":"SES Creative","article_modified_time":"2026-01-06T12:26:34+00:00","twitter_card":"summary_large_image","twitter_misc":{"Dur\u00e9e de lecture estim\u00e9e":"1 minute"},"schema":{"@context":"https:\/\/schema.org","@graph":[{"@type":"WebPage","@id":"https:\/\/ses-creative.com\/speelwerelden\/ses-creative-knutselen\/","url":"https:\/\/ses-creative.com\/speelwerelden\/ses-creative-knutselen\/","name":"Cr\u00e9ation - SES Creative","isPartOf":{"@id":"https:\/\/ses-creative.com\/#website"},"datePublished":"2020-09-03T09:08:50+00:00","dateModified":"2026-01-06T12:26:34+00:00","breadcrumb":{"@id":"https:\/\/ses-creative.com\/speelwerelden\/ses-creative-knutselen\/#breadcrumb"},"inLanguage":"fr-FR","potentialAction":[{"@type":"ReadAction","target":["https:\/\/ses-creative.com\/speelwerelden\/ses-creative-knutselen\/"]}]},{"@type":"BreadcrumbList","@id":"https:\/\/ses-creative.com\/speelwerelden\/ses-creative-knutselen\/#breadcrumb","itemListElement":[{"@type":"ListItem","position":1,"name":"Univers","item":"https:\/\/ses-creative.com\/speelwerelden\/"},{"@type":"ListItem","position":2,"name":"Cr\u00e9ation"}]},{"@type":"WebSite","@id":"https:\/\/ses-creative.com\/#website","url":"https:\/\/ses-creative.com\/","name":"SES Creative","description":"","publisher":{"@id":"https:\/\/ses-creative.com\/#organization"},"potentialAction":[{"@type":"SearchAction","target":{"@type":"EntryPoint","urlTemplate":"https:\/\/ses-creative.com\/?s={search_term_string}"},"query-input":{"@type":"PropertyValueSpecification","valueRequired":true,"valueName":"search_term_string"}}],"inLanguage":"fr-FR"},{"@type":"Organization","@id":"https:\/\/ses-creative.com\/#organization","name":"SES Creative","url":"https:\/\/ses-creative.com\/","logo":{"@type":"ImageObject","inLanguage":"fr-FR","@id":"https:\/\/ses-creative.com\/#\/schema\/logo\/image\/","url":"https:\/\/ses-creative.com\/wp-content\/uploads\/2025\/10\/ses-creative-logo.jpg","contentUrl":"https:\/\/ses-creative.com\/wp-content\/uploads\/2025\/10\/ses-creative-logo.jpg","width":2037,"height":2037,"caption":"SES Creative"},"image":{"@id":"https:\/\/ses-creative.com\/#\/schema\/logo\/image\/"}}]}},"_links":{"self":[{"href":"https:\/\/ses-creative.com\/fr\/wp-json\/wp\/v2\/pages\/28355","targetHints":{"allow":["GET"]}}],"collection":[{"href":"https:\/\/ses-creative.com\/fr\/wp-json\/wp\/v2\/pages"}],"about":[{"href":"https:\/\/ses-creative.com\/fr\/wp-json\/wp\/v2\/types\/page"}],"author":[{"embeddable":true,"href":"https:\/\/ses-creative.com\/fr\/wp-json\/wp\/v2\/users\/3"}],"replies":[{"embeddable":true,"href":"https:\/\/ses-creative.com\/fr\/wp-json\/wp\/v2\/comments?post=28355"}],"version-history":[{"count":1,"href":"https:\/\/ses-creative.com\/fr\/wp-json\/wp\/v2\/pages\/28355\/revisions"}],"predecessor-version":[{"id":82853,"href":"https:\/\/ses-creative.com\/fr\/wp-json\/wp\/v2\/pages\/28355\/revisions\/82853"}],"up":[{"embeddable":true,"href":"https:\/\/ses-creative.com\/fr\/wp-json\/wp\/v2\/pages\/28375"}],"wp:attachment":[{"href":"https:\/\/ses-creative.com\/fr\/wp-json\/wp\/v2\/media?parent=28355"}],"curies":[{"name":"wp","href":"https:\/\/api.w.org\/{rel}","templated":true}]}}