











{"id":28337,"date":"2020-09-03T09:01:39","date_gmt":"2020-09-03T09:01:39","guid":{"rendered":"https:\/\/ses-creative.com\/?page_id=28337"},"modified":"2026-01-06T12:26:34","modified_gmt":"2026-01-06T12:26:34","slug":"foire-aux-questions","status":"publish","type":"page","link":"https:\/\/ses-creative.com\/fr\/foire-aux-questions\/","title":{"rendered":"Foire aux questions"},"content":{"rendered":"\n<p>Vous avez une question ou vous souhaitez plus d\u2019informations\u00a0? Nous serons ravis de vous aider. Vous trouverez ci-dessous une liste de r\u00e9ponses aux questions les plus fr\u00e9quemment pos\u00e9es. Si la r\u00e9ponse \u00e0 votre question est introuvable ou si vous souhaitez en savoir plus, n\u2019h\u00e9sitez pas \u00e0 nous contacter. Pour obtenir nos coordonn\u00e9es, cliquez <a href=\"https:\/\/ses-creative.com\/fr\/contact\/\">ici<\/a>.<\/p>\n","protected":false},"excerpt":{"rendered":"<p>Vous avez une question ou vous souhaitez plus d\u2019informations\u00a0? Nous serons ravis de vous aider. Vous trouverez ci-dessous une liste de r\u00e9ponses aux questions les plus fr\u00e9quemment pos\u00e9es. Si la r\u00e9ponse \u00e0 votre question est introuvable ou si vous souhaitez en savoir plus, n\u2019h\u00e9sitez pas \u00e0 nous contacter. Pour obtenir nos coordonn\u00e9es, cliquez ici.<\/p>\n","protected":false},"author":3,"featured_media":0,"parent":0,"menu_order":0,"comment_status":"closed","ping_status":"closed","template":"","meta":{"_acf_changed":false,"footnotes":""},"class_list":["post-28337","page","type-page","status-publish","hentry"],"acf":[],"yoast_head":"<!-- This site is optimized with the Yoast SEO plugin v27.4 - https:\/\/yoast.com\/product\/yoast-seo-wordpress\/ -->\n<title>Foire aux questions - SES Creative<\/title>\n<meta name=\"robots\" content=\"index, follow, max-snippet:-1, max-image-preview:large, max-video-preview:-1\" \/>\n<link rel=\"canonical\" href=\"https:\/\/ses-creative.com\/veelgestelde-vragen\/\" \/>\n<meta property=\"og:locale\" content=\"fr_FR\" \/>\n<meta property=\"og:type\" content=\"article\" \/>\n<meta property=\"og:title\" content=\"Foire aux questions - SES Creative\" \/>\n<meta property=\"og:description\" content=\"Vous avez une question ou vous souhaitez plus d\u2019informations\u00a0? Nous serons ravis de vous aider. Vous trouverez ci-dessous une liste de r\u00e9ponses aux questions les plus fr\u00e9quemment pos\u00e9es. Si la r\u00e9ponse \u00e0 votre question est introuvable ou si vous souhaitez en savoir plus, n\u2019h\u00e9sitez pas \u00e0 nous contacter. Pour obtenir nos coordonn\u00e9es, cliquez ici.\" \/>\n<meta property=\"og:url\" content=\"https:\/\/ses-creative.com\/veelgestelde-vragen\/\" \/>\n<meta property=\"og:site_name\" content=\"SES Creative\" \/>\n<meta property=\"article:modified_time\" content=\"2026-01-06T12:26:34+00:00\" \/>\n<meta name=\"twitter:card\" content=\"summary_large_image\" \/>\n<script type=\"application\/ld+json\" class=\"yoast-schema-graph\">{\"@context\":\"https:\\\/\\\/schema.org\",\"@graph\":[{\"@type\":\"WebPage\",\"@id\":\"https:\\\/\\\/ses-creative.com\\\/veelgestelde-vragen\\\/\",\"url\":\"https:\\\/\\\/ses-creative.com\\\/veelgestelde-vragen\\\/\",\"name\":\"Foire aux questions - SES Creative\",\"isPartOf\":{\"@id\":\"https:\\\/\\\/ses-creative.com\\\/#website\"},\"datePublished\":\"2020-09-03T09:01:39+00:00\",\"dateModified\":\"2026-01-06T12:26:34+00:00\",\"inLanguage\":\"fr-FR\",\"potentialAction\":[{\"@type\":\"ReadAction\",\"target\":[\"https:\\\/\\\/ses-creative.com\\\/veelgestelde-vragen\\\/\"]}]},{\"@type\":\"WebSite\",\"@id\":\"https:\\\/\\\/ses-creative.com\\\/#website\",\"url\":\"https:\\\/\\\/ses-creative.com\\\/\",\"name\":\"SES Creative\",\"description\":\"\",\"publisher\":{\"@id\":\"https:\\\/\\\/ses-creative.com\\\/#organization\"},\"potentialAction\":[{\"@type\":\"SearchAction\",\"target\":{\"@type\":\"EntryPoint\",\"urlTemplate\":\"https:\\\/\\\/ses-creative.com\\\/?s={search_term_string}\"},\"query-input\":{\"@type\":\"PropertyValueSpecification\",\"valueRequired\":true,\"valueName\":\"search_term_string\"}}],\"inLanguage\":\"fr-FR\"},{\"@type\":\"Organization\",\"@id\":\"https:\\\/\\\/ses-creative.com\\\/#organization\",\"name\":\"SES Creative\",\"url\":\"https:\\\/\\\/ses-creative.com\\\/\",\"logo\":{\"@type\":\"ImageObject\",\"inLanguage\":\"fr-FR\",\"@id\":\"https:\\\/\\\/ses-creative.com\\\/#\\\/schema\\\/logo\\\/image\\\/\",\"url\":\"https:\\\/\\\/ses-creative.com\\\/wp-content\\\/uploads\\\/2025\\\/10\\\/ses-creative-logo.jpg\",\"contentUrl\":\"https:\\\/\\\/ses-creative.com\\\/wp-content\\\/uploads\\\/2025\\\/10\\\/ses-creative-logo.jpg\",\"width\":2037,\"height\":2037,\"caption\":\"SES Creative\"},\"image\":{\"@id\":\"https:\\\/\\\/ses-creative.com\\\/#\\\/schema\\\/logo\\\/image\\\/\"}}]}<\/script>\n<!-- \/ Yoast SEO plugin. -->","yoast_head_json":{"title":"Foire aux questions - SES Creative","robots":{"index":"index","follow":"follow","max-snippet":"max-snippet:-1","max-image-preview":"max-image-preview:large","max-video-preview":"max-video-preview:-1"},"canonical":"https:\/\/ses-creative.com\/veelgestelde-vragen\/","og_locale":"fr_FR","og_type":"article","og_title":"Foire aux questions - SES Creative","og_description":"Vous avez une question ou vous souhaitez plus d\u2019informations\u00a0? Nous serons ravis de vous aider. Vous trouverez ci-dessous une liste de r\u00e9ponses aux questions les plus fr\u00e9quemment pos\u00e9es. Si la r\u00e9ponse \u00e0 votre question est introuvable ou si vous souhaitez en savoir plus, n\u2019h\u00e9sitez pas \u00e0 nous contacter. Pour obtenir nos coordonn\u00e9es, cliquez ici.","og_url":"https:\/\/ses-creative.com\/veelgestelde-vragen\/","og_site_name":"SES Creative","article_modified_time":"2026-01-06T12:26:34+00:00","twitter_card":"summary_large_image","schema":{"@context":"https:\/\/schema.org","@graph":[{"@type":"WebPage","@id":"https:\/\/ses-creative.com\/veelgestelde-vragen\/","url":"https:\/\/ses-creative.com\/veelgestelde-vragen\/","name":"Foire aux questions - SES Creative","isPartOf":{"@id":"https:\/\/ses-creative.com\/#website"},"datePublished":"2020-09-03T09:01:39+00:00","dateModified":"2026-01-06T12:26:34+00:00","inLanguage":"fr-FR","potentialAction":[{"@type":"ReadAction","target":["https:\/\/ses-creative.com\/veelgestelde-vragen\/"]}]},{"@type":"WebSite","@id":"https:\/\/ses-creative.com\/#website","url":"https:\/\/ses-creative.com\/","name":"SES Creative","description":"","publisher":{"@id":"https:\/\/ses-creative.com\/#organization"},"potentialAction":[{"@type":"SearchAction","target":{"@type":"EntryPoint","urlTemplate":"https:\/\/ses-creative.com\/?s={search_term_string}"},"query-input":{"@type":"PropertyValueSpecification","valueRequired":true,"valueName":"search_term_string"}}],"inLanguage":"fr-FR"},{"@type":"Organization","@id":"https:\/\/ses-creative.com\/#organization","name":"SES Creative","url":"https:\/\/ses-creative.com\/","logo":{"@type":"ImageObject","inLanguage":"fr-FR","@id":"https:\/\/ses-creative.com\/#\/schema\/logo\/image\/","url":"https:\/\/ses-creative.com\/wp-content\/uploads\/2025\/10\/ses-creative-logo.jpg","contentUrl":"https:\/\/ses-creative.com\/wp-content\/uploads\/2025\/10\/ses-creative-logo.jpg","width":2037,"height":2037,"caption":"SES Creative"},"image":{"@id":"https:\/\/ses-creative.com\/#\/schema\/logo\/image\/"}}]}},"_links":{"self":[{"href":"https:\/\/ses-creative.com\/fr\/wp-json\/wp\/v2\/pages\/28337","targetHints":{"allow":["GET"]}}],"collection":[{"href":"https:\/\/ses-creative.com\/fr\/wp-json\/wp\/v2\/pages"}],"about":[{"href":"https:\/\/ses-creative.com\/fr\/wp-json\/wp\/v2\/types\/page"}],"author":[{"embeddable":true,"href":"https:\/\/ses-creative.com\/fr\/wp-json\/wp\/v2\/users\/3"}],"replies":[{"embeddable":true,"href":"https:\/\/ses-creative.com\/fr\/wp-json\/wp\/v2\/comments?post=28337"}],"version-history":[{"count":1,"href":"https:\/\/ses-creative.com\/fr\/wp-json\/wp\/v2\/pages\/28337\/revisions"}],"predecessor-version":[{"id":82821,"href":"https:\/\/ses-creative.com\/fr\/wp-json\/wp\/v2\/pages\/28337\/revisions\/82821"}],"wp:attachment":[{"href":"https:\/\/ses-creative.com\/fr\/wp-json\/wp\/v2\/media?parent=28337"}],"curies":[{"name":"wp","href":"https:\/\/api.w.org\/{rel}","templated":true}]}}