











{"id":107824,"date":"2026-01-26T10:44:06","date_gmt":"2026-01-26T10:44:06","guid":{"rendered":"https:\/\/ses-creative.com\/devenir-distributeur-2\/"},"modified":"2026-03-02T09:31:04","modified_gmt":"2026-03-02T09:31:04","slug":"devenir-distributeur","status":"publish","type":"page","link":"https:\/\/ses-creative.com\/fr\/devenir-distributeur\/","title":{"rendered":"Devenir distributeur ?"},"content":{"rendered":"\t\t<div data-elementor-type=\"wp-page\" data-elementor-id=\"107824\" class=\"elementor elementor-107824 elementor-107815\" data-elementor-post-type=\"page\">\n\t\t\t\t<div class=\"elementor-element elementor-element-19001d4 e-flex e-con-boxed e-con e-parent\" data-id=\"19001d4\" data-element_type=\"container\" data-e-type=\"container\">\n\t\t\t\t\t<div class=\"e-con-inner\">\n\t\t\t\t<div class=\"elementor-element elementor-element-354c595 elementor-widget elementor-widget-heading\" data-id=\"354c595\" data-element_type=\"widget\" data-e-type=\"widget\" data-widget_type=\"heading.default\">\n\t\t\t\t\t<h2 class=\"elementor-heading-title elementor-size-default\">Devenez distributeur de SES Creative<\/h2>\t\t\t\t<\/div>\n\t\t\t\t<div class=\"elementor-element elementor-element-30c8b81 elementor-widget__width-initial elementor-widget elementor-widget-text-editor\" data-id=\"30c8b81\" data-element_type=\"widget\" data-e-type=\"widget\" data-widget_type=\"text-editor.default\">\n\t\t\t\t\t\t\t\t\t<p>Chez SES Creative, nous encourageons la cr\u00e9ativit\u00e9, la curiosit\u00e9 et le talent avec nos produits de jouets inspirants et innovants, que nous sommes fiers de produire dans notre propre usine aux Pays-Bas. De cette mani\u00e8re, nous pouvons toujours garantir la meilleure qualit\u00e9 et r\u00e9pondre \u00e0 toutes les normes requises. Vous souhaitez devenir un partenaire SES et d\u00e9couvrir les possibilit\u00e9s qui s&rsquo;offrent \u00e0 vous ? Remplissez le formulaire ci-dessous et nous vous contacterons dans les plus brefs d\u00e9lais. Veuillez noter que nous ne livrons qu&rsquo;aux entreprises B2B enregistr\u00e9es.    <\/p>\t\t\t\t\t\t\t\t<\/div>\n\t\t\t\t\t<\/div>\n\t\t\t\t<\/div>\n\t\t<div class=\"elementor-element elementor-element-7738c28 e-flex e-con-boxed e-con e-parent\" data-id=\"7738c28\" data-element_type=\"container\" data-e-type=\"container\">\n\t\t\t\t\t<div class=\"e-con-inner\">\n\t\t<div class=\"elementor-element elementor-element-1ef2dce e-con-full border e-flex e-con e-child\" data-id=\"1ef2dce\" data-element_type=\"container\" data-e-type=\"container\" data-settings=\"{&quot;background_background&quot;:&quot;classic&quot;}\">\n\t\t\t\t<div class=\"elementor-element elementor-element-9d92fe8 elementor-button-align-end elementor-mobile-button-align-stretch form elementor-invisible elementor-widget elementor-widget-form\" data-id=\"9d92fe8\" data-element_type=\"widget\" data-e-type=\"widget\" data-settings=\"{&quot;step_next_label&quot;:&quot;Plus loin&quot;,&quot;step_previous_label&quot;:&quot;Pr\\u00e9c\\u00e9dent&quot;,&quot;step_type&quot;:&quot;number&quot;,&quot;_animation&quot;:&quot;fadeIn&quot;,&quot;button_width&quot;:&quot;100&quot;,&quot;step_icon_shape&quot;:&quot;circle&quot;}\" data-widget_type=\"form.default\">\n\t\t\t\t\t\t\t<form class=\"elementor-form\" method=\"post\" name=\"Devenez distributeur\" aria-label=\"Devenez distributeur\">\n\t\t\t<input type=\"hidden\" name=\"post_id\" value=\"107824\"\/>\n\t\t\t<input type=\"hidden\" name=\"form_id\" value=\"9d92fe8\"\/>\n\t\t\t<input type=\"hidden\" name=\"referer_title\" value=\"SES Creative\" \/>\n\n\t\t\t\n\t\t\t<div class=\"elementor-form-fields-wrapper elementor-labels-above\">\n\t\t\t\t\t\t\t\t<div class=\"elementor-field-type-text elementor-field-group elementor-column elementor-field-group-name elementor-col-50\">\n\t\t\t\t\t\t\t\t\t\t\t\t<label for=\"form-field-name\" class=\"elementor-field-label\">\n\t\t\t\t\t\t\t\tPr\u00e9nom et nom\t\t\t\t\t\t\t<\/label>\n\t\t\t\t\t\t\t\t\t\t\t\t\t\t<input size=\"1\" type=\"text\" name=\"form_fields[name]\" id=\"form-field-name\" class=\"elementor-field elementor-size-sm  elementor-field-textual\" placeholder=\"Jan Janssen\">\n\t\t\t\t\t\t\t\t\t\t\t<\/div>\n\t\t\t\t\t\t\t\t<div class=\"elementor-field-type-email elementor-field-group elementor-column elementor-field-group-email elementor-col-50\">\n\t\t\t\t\t\t\t\t\t\t\t\t<label for=\"form-field-email\" class=\"elementor-field-label\">\n\t\t\t\t\t\t\t\tAdresse \u00e9lectronique\t\t\t\t\t\t\t<\/label>\n\t\t\t\t\t\t\t\t\t\t\t\t\t\t<input size=\"1\" type=\"email\" name=\"form_fields[email]\" id=\"form-field-email\" class=\"elementor-field elementor-size-sm  elementor-field-textual\" placeholder=\"jan@janssen.nl\">\n\t\t\t\t\t\t\t\t\t\t\t<\/div>\n\t\t\t\t\t\t\t\t<div class=\"elementor-field-type-text elementor-field-group elementor-column elementor-field-group-field_f0675e7 elementor-col-50\">\n\t\t\t\t\t\t\t\t\t\t\t\t<label for=\"form-field-field_f0675e7\" class=\"elementor-field-label\">\n\t\t\t\t\t\t\t\tFonction\t\t\t\t\t\t\t<\/label>\n\t\t\t\t\t\t\t\t\t\t\t\t\t\t<input size=\"1\" type=\"text\" name=\"form_fields[field_f0675e7]\" id=\"form-field-field_f0675e7\" class=\"elementor-field elementor-size-sm  elementor-field-textual\">\n\t\t\t\t\t\t\t\t\t\t\t<\/div>\n\t\t\t\t\t\t\t\t<div class=\"elementor-field-type-text elementor-field-group elementor-column elementor-field-group-company elementor-col-50 elementor-field-required\">\n\t\t\t\t\t\t\t\t\t\t\t\t<label for=\"form-field-company\" class=\"elementor-field-label\">\n\t\t\t\t\t\t\t\tNom de l'entreprise\t\t\t\t\t\t\t<\/label>\n\t\t\t\t\t\t\t\t\t\t\t\t\t\t<input size=\"1\" type=\"text\" name=\"form_fields[company]\" id=\"form-field-company\" class=\"elementor-field elementor-size-sm  elementor-field-textual\" placeholder=\"Nom de l&#039;entreprise\" required=\"required\">\n\t\t\t\t\t\t\t\t\t\t\t<\/div>\n\t\t\t\t\t\t\t\t<div class=\"elementor-field-type-text elementor-field-group elementor-column elementor-field-group-field_201129f elementor-col-50 elementor-field-required\">\n\t\t\t\t\t\t\t\t\t\t\t\t<label for=\"form-field-field_201129f\" class=\"elementor-field-label\">\n\t\t\t\t\t\t\t\tPays\t\t\t\t\t\t\t<\/label>\n\t\t\t\t\t\t\t\t\t\t\t\t\t\t<input size=\"1\" type=\"text\" name=\"form_fields[field_201129f]\" id=\"form-field-field_201129f\" class=\"elementor-field elementor-size-sm  elementor-field-textual\" required=\"required\">\n\t\t\t\t\t\t\t\t\t\t\t<\/div>\n\t\t\t\t\t\t\t\t<div class=\"elementor-field-type-tel elementor-field-group elementor-column elementor-field-group-phone elementor-col-50\">\n\t\t\t\t\t\t\t\t\t\t\t\t<label for=\"form-field-phone\" class=\"elementor-field-label\">\n\t\t\t\t\t\t\t\tNum\u00e9ro de t\u00e9l\u00e9phone\t\t\t\t\t\t\t<\/label>\n\t\t\t\t\t\t\t\t<input size=\"1\" type=\"tel\" name=\"form_fields[phone]\" id=\"form-field-phone\" class=\"elementor-field elementor-size-sm  elementor-field-textual\" placeholder=\"0612345678\" pattern=\"[0-9()#&amp;+*-=.]+\" title=\"Seuls les caract\u00e8res de num\u00e9ros de t\u00e9l\u00e9phone (#, -, *, etc.) sont accept\u00e9s.\">\n\n\t\t\t\t\t\t<\/div>\n\t\t\t\t\t\t\t\t<div class=\"elementor-field-type-radio elementor-field-group elementor-column elementor-field-group-field_42ab620 elementor-col-100\">\n\t\t\t\t\t\t\t\t\t\t\t\t<label for=\"form-field-field_42ab620\" class=\"elementor-field-label\">\n\t\t\t\t\t\t\t\tL'industrie\t\t\t\t\t\t\t<\/label>\n\t\t\t\t\t\t<div class=\"elementor-field-subgroup  \"><span class=\"elementor-field-option\"><input type=\"radio\" value=\"Commerce de d\u00e9tail\" id=\"form-field-field_42ab620-0\" name=\"form_fields[field_42ab620]\"> <label for=\"form-field-field_42ab620-0\">Commerce de d\u00e9tail<\/label><\/span><span class=\"elementor-field-option\"><input type=\"radio\" value=\"Commerce de gros\" id=\"form-field-field_42ab620-1\" name=\"form_fields[field_42ab620]\"> <label for=\"form-field-field_42ab620-1\">Commerce de gros<\/label><\/span><span class=\"elementor-field-option\"><input type=\"radio\" value=\"Distributeur\" id=\"form-field-field_42ab620-2\" name=\"form_fields[field_42ab620]\"> <label for=\"form-field-field_42ab620-2\">Distributeur<\/label><\/span><span class=\"elementor-field-option\"><input type=\"radio\" value=\"Autre\" id=\"form-field-field_42ab620-3\" name=\"form_fields[field_42ab620]\"> <label for=\"form-field-field_42ab620-3\">Autre<\/label><\/span><\/div>\t\t\t\t<\/div>\n\t\t\t\t\t\t\t\t<div class=\"elementor-field-type-textarea elementor-field-group elementor-column elementor-field-group-field_b84ca96 elementor-col-100\">\n\t\t\t\t\t\t\t\t\t\t\t\t<label for=\"form-field-field_b84ca96\" class=\"elementor-field-label\">\n\t\t\t\t\t\t\t\tExpliquez votre demande\t\t\t\t\t\t\t<\/label>\n\t\t\t\t\t\t<textarea class=\"elementor-field-textual elementor-field  elementor-size-sm\" name=\"form_fields[field_b84ca96]\" id=\"form-field-field_b84ca96\" rows=\"4\" placeholder=\"Tapez votre texte ici\"><\/textarea>\t\t\t\t<\/div>\n\t\t\t\t\t\t\t\t<div class=\"elementor-field-type-recaptcha_v3 elementor-field-group elementor-column elementor-field-group-field_2ca8c64 elementor-col-100 recaptcha_v3-bottomright\">\n\t\t\t\t\t<div class=\"elementor-field\" id=\"form-field-field_2ca8c64\"><div class=\"elementor-g-recaptcha\" data-sitekey=\"6LeWCUUsAAAAABiBoaGJ-fiSK4bdkzAJA_LxmhXB\" data-type=\"v3\" data-action=\"Form\" data-badge=\"bottomright\" data-size=\"invisible\"><\/div><\/div>\t\t\t\t<\/div>\n\t\t\t\t\t\t\t\t<div class=\"elementor-field-group elementor-column elementor-field-type-submit elementor-col-100 e-form__buttons\">\n\t\t\t\t\t<button class=\"elementor-button elementor-size-sm\" type=\"submit\">\n\t\t\t\t\t\t<span class=\"elementor-button-content-wrapper\">\n\t\t\t\t\t\t\t\t\t\t\t\t\t\t\t<span class=\"elementor-button-icon\">\n\t\t\t\t\t\t\t\t\t<svg xmlns=\"http:\/\/www.w3.org\/2000\/svg\" width=\"18\" height=\"14\" viewBox=\"0 0 18 14\"><path d=\"M17.3644 7.37629C17.5519 7.18876 17.6572 6.93445 17.6572 6.66929C17.6572 6.40412 17.5519 6.14982 17.3644 5.96229L11.7074 0.305288C11.6152 0.209778 11.5048 0.133596 11.3828 0.0811866C11.2608 0.0287776 11.1296 0.00119129 10.9968 3.74652e-05C10.8641 -0.00111636 10.7324 0.0241856 10.6095 0.0744665C10.4866 0.124747 10.3749 0.199 10.281 0.292893C10.1872 0.386786 10.1129 0.498437 10.0626 0.621334C10.0123 0.74423 9.98704 0.87591 9.98819 1.00869C9.98934 1.14147 10.0169 1.27269 10.0693 1.39469C10.1217 1.5167 10.1979 1.62704 10.2934 1.71929L14.2434 5.66929L1.00044 5.66929C0.735224 5.66929 0.480869 5.77464 0.293333 5.96218C0.105797 6.14972 0.000440318 6.40407 0.000440306 6.66929C0.000440294 6.9345 0.105796 7.18886 0.293333 7.37639C0.480869 7.56393 0.735223 7.66929 1.00044 7.66929L14.2434 7.66929L10.2934 11.6193C10.1113 11.8079 10.0105 12.0605 10.0128 12.3227C10.015 12.5849 10.1202 12.8357 10.3056 13.0211C10.491 13.2065 10.7418 13.3117 11.004 13.314C11.2662 13.3162 11.5188 13.2154 11.7074 13.0333L17.3644 7.37629Z\"><\/path><\/svg>\t\t\t\t\t\t\t\t\t\t\t\t\t\t\t\t\t<\/span>\n\t\t\t\t\t\t\t\t\t\t\t\t\t\t\t\t\t\t\t\t\t\t<span class=\"elementor-button-text\">Envoyer une demande<\/span>\n\t\t\t\t\t\t\t\t\t\t\t\t\t<\/span>\n\t\t\t\t\t<\/button>\n\t\t\t\t<\/div>\n\t\t\t<\/div>\n\t\t<\/form>\n\t\t\t\t\t\t<\/div>\n\t\t\t\t<\/div>\n\t\t\t\t\t<\/div>\n\t\t\t\t<\/div>\n\t\t\t\t<\/div>\n\t\t","protected":false},"excerpt":{"rendered":"<p>Devenez distributeur de SES Creative Chez SES Creative, nous encourageons la cr\u00e9ativit\u00e9, la curiosit\u00e9 et le talent avec nos produits de jouets inspirants et innovants, que nous sommes fiers de produire dans notre propre usine aux Pays-Bas. De cette mani\u00e8re, nous pouvons toujours garantir la meilleure qualit\u00e9 et r\u00e9pondre \u00e0 toutes les normes requises. Vous [&hellip;]<\/p>\n","protected":false},"author":1,"featured_media":0,"parent":0,"menu_order":0,"comment_status":"closed","ping_status":"closed","template":"","meta":{"_acf_changed":false,"footnotes":""},"class_list":["post-107824","page","type-page","status-publish","hentry"],"acf":[],"yoast_head":"<!-- This site is optimized with the Yoast SEO plugin v27.4 - https:\/\/yoast.com\/product\/yoast-seo-wordpress\/ -->\n<title>Devenir distributeur ? - SES Creative<\/title>\n<meta name=\"robots\" content=\"index, follow, max-snippet:-1, max-image-preview:large, max-video-preview:-1\" \/>\n<link rel=\"canonical\" href=\"https:\/\/ses-creative.com\/distributeur-worden\/\" \/>\n<meta property=\"og:locale\" content=\"fr_FR\" \/>\n<meta property=\"og:type\" content=\"article\" \/>\n<meta property=\"og:title\" content=\"Devenir distributeur ? - SES Creative\" \/>\n<meta property=\"og:description\" content=\"Devenez distributeur de SES Creative Chez SES Creative, nous encourageons la cr\u00e9ativit\u00e9, la curiosit\u00e9 et le talent avec nos produits de jouets inspirants et innovants, que nous sommes fiers de produire dans notre propre usine aux Pays-Bas. De cette mani\u00e8re, nous pouvons toujours garantir la meilleure qualit\u00e9 et r\u00e9pondre \u00e0 toutes les normes requises. Vous [&hellip;]\" \/>\n<meta property=\"og:url\" content=\"https:\/\/ses-creative.com\/distributeur-worden\/\" \/>\n<meta property=\"og:site_name\" content=\"SES Creative\" \/>\n<meta property=\"article:modified_time\" content=\"2026-03-02T09:31:04+00:00\" \/>\n<meta name=\"twitter:card\" content=\"summary_large_image\" \/>\n<meta name=\"twitter:label1\" content=\"Dur\u00e9e de lecture estim\u00e9e\" \/>\n\t<meta name=\"twitter:data1\" content=\"1 minute\" \/>\n<script type=\"application\/ld+json\" class=\"yoast-schema-graph\">{\"@context\":\"https:\\\/\\\/schema.org\",\"@graph\":[{\"@type\":\"WebPage\",\"@id\":\"https:\\\/\\\/ses-creative.com\\\/distributeur-worden\\\/\",\"url\":\"https:\\\/\\\/ses-creative.com\\\/distributeur-worden\\\/\",\"name\":\"Devenir distributeur ? - SES Creative\",\"isPartOf\":{\"@id\":\"https:\\\/\\\/ses-creative.com\\\/#website\"},\"datePublished\":\"2026-01-26T10:44:06+00:00\",\"dateModified\":\"2026-03-02T09:31:04+00:00\",\"inLanguage\":\"fr-FR\",\"potentialAction\":[{\"@type\":\"ReadAction\",\"target\":[\"https:\\\/\\\/ses-creative.com\\\/distributeur-worden\\\/\"]}]},{\"@type\":\"WebSite\",\"@id\":\"https:\\\/\\\/ses-creative.com\\\/#website\",\"url\":\"https:\\\/\\\/ses-creative.com\\\/\",\"name\":\"SES Creative\",\"description\":\"\",\"publisher\":{\"@id\":\"https:\\\/\\\/ses-creative.com\\\/#organization\"},\"potentialAction\":[{\"@type\":\"SearchAction\",\"target\":{\"@type\":\"EntryPoint\",\"urlTemplate\":\"https:\\\/\\\/ses-creative.com\\\/?s={search_term_string}\"},\"query-input\":{\"@type\":\"PropertyValueSpecification\",\"valueRequired\":true,\"valueName\":\"search_term_string\"}}],\"inLanguage\":\"fr-FR\"},{\"@type\":\"Organization\",\"@id\":\"https:\\\/\\\/ses-creative.com\\\/#organization\",\"name\":\"SES Creative\",\"url\":\"https:\\\/\\\/ses-creative.com\\\/\",\"logo\":{\"@type\":\"ImageObject\",\"inLanguage\":\"fr-FR\",\"@id\":\"https:\\\/\\\/ses-creative.com\\\/#\\\/schema\\\/logo\\\/image\\\/\",\"url\":\"https:\\\/\\\/ses-creative.com\\\/wp-content\\\/uploads\\\/2025\\\/10\\\/ses-creative-logo.jpg\",\"contentUrl\":\"https:\\\/\\\/ses-creative.com\\\/wp-content\\\/uploads\\\/2025\\\/10\\\/ses-creative-logo.jpg\",\"width\":2037,\"height\":2037,\"caption\":\"SES Creative\"},\"image\":{\"@id\":\"https:\\\/\\\/ses-creative.com\\\/#\\\/schema\\\/logo\\\/image\\\/\"}}]}<\/script>\n<!-- \/ Yoast SEO plugin. -->","yoast_head_json":{"title":"Devenir distributeur ? - SES Creative","robots":{"index":"index","follow":"follow","max-snippet":"max-snippet:-1","max-image-preview":"max-image-preview:large","max-video-preview":"max-video-preview:-1"},"canonical":"https:\/\/ses-creative.com\/distributeur-worden\/","og_locale":"fr_FR","og_type":"article","og_title":"Devenir distributeur ? - SES Creative","og_description":"Devenez distributeur de SES Creative Chez SES Creative, nous encourageons la cr\u00e9ativit\u00e9, la curiosit\u00e9 et le talent avec nos produits de jouets inspirants et innovants, que nous sommes fiers de produire dans notre propre usine aux Pays-Bas. De cette mani\u00e8re, nous pouvons toujours garantir la meilleure qualit\u00e9 et r\u00e9pondre \u00e0 toutes les normes requises. Vous [&hellip;]","og_url":"https:\/\/ses-creative.com\/distributeur-worden\/","og_site_name":"SES Creative","article_modified_time":"2026-03-02T09:31:04+00:00","twitter_card":"summary_large_image","twitter_misc":{"Dur\u00e9e de lecture estim\u00e9e":"1 minute"},"schema":{"@context":"https:\/\/schema.org","@graph":[{"@type":"WebPage","@id":"https:\/\/ses-creative.com\/distributeur-worden\/","url":"https:\/\/ses-creative.com\/distributeur-worden\/","name":"Devenir distributeur ? - SES Creative","isPartOf":{"@id":"https:\/\/ses-creative.com\/#website"},"datePublished":"2026-01-26T10:44:06+00:00","dateModified":"2026-03-02T09:31:04+00:00","inLanguage":"fr-FR","potentialAction":[{"@type":"ReadAction","target":["https:\/\/ses-creative.com\/distributeur-worden\/"]}]},{"@type":"WebSite","@id":"https:\/\/ses-creative.com\/#website","url":"https:\/\/ses-creative.com\/","name":"SES Creative","description":"","publisher":{"@id":"https:\/\/ses-creative.com\/#organization"},"potentialAction":[{"@type":"SearchAction","target":{"@type":"EntryPoint","urlTemplate":"https:\/\/ses-creative.com\/?s={search_term_string}"},"query-input":{"@type":"PropertyValueSpecification","valueRequired":true,"valueName":"search_term_string"}}],"inLanguage":"fr-FR"},{"@type":"Organization","@id":"https:\/\/ses-creative.com\/#organization","name":"SES Creative","url":"https:\/\/ses-creative.com\/","logo":{"@type":"ImageObject","inLanguage":"fr-FR","@id":"https:\/\/ses-creative.com\/#\/schema\/logo\/image\/","url":"https:\/\/ses-creative.com\/wp-content\/uploads\/2025\/10\/ses-creative-logo.jpg","contentUrl":"https:\/\/ses-creative.com\/wp-content\/uploads\/2025\/10\/ses-creative-logo.jpg","width":2037,"height":2037,"caption":"SES Creative"},"image":{"@id":"https:\/\/ses-creative.com\/#\/schema\/logo\/image\/"}}]}},"_links":{"self":[{"href":"https:\/\/ses-creative.com\/fr\/wp-json\/wp\/v2\/pages\/107824","targetHints":{"allow":["GET"]}}],"collection":[{"href":"https:\/\/ses-creative.com\/fr\/wp-json\/wp\/v2\/pages"}],"about":[{"href":"https:\/\/ses-creative.com\/fr\/wp-json\/wp\/v2\/types\/page"}],"author":[{"embeddable":true,"href":"https:\/\/ses-creative.com\/fr\/wp-json\/wp\/v2\/users\/1"}],"replies":[{"embeddable":true,"href":"https:\/\/ses-creative.com\/fr\/wp-json\/wp\/v2\/comments?post=107824"}],"version-history":[{"count":7,"href":"https:\/\/ses-creative.com\/fr\/wp-json\/wp\/v2\/pages\/107824\/revisions"}],"predecessor-version":[{"id":118618,"href":"https:\/\/ses-creative.com\/fr\/wp-json\/wp\/v2\/pages\/107824\/revisions\/118618"}],"wp:attachment":[{"href":"https:\/\/ses-creative.com\/fr\/wp-json\/wp\/v2\/media?parent=107824"}],"curies":[{"name":"wp","href":"https:\/\/api.w.org\/{rel}","templated":true}]}}