











{"id":118870,"date":"2026-03-05T16:47:57","date_gmt":"2026-03-05T16:47:57","guid":{"rendered":"https:\/\/ses-creative.com\/?post_type=product&#038;p=118870"},"modified":"2026-03-06T07:01:02","modified_gmt":"2026-03-06T07:01:02","slug":"giesen-und-malen-mega-box-unicorn-und-meerjungfrau","status":"publish","type":"product","link":"https:\/\/ses-creative.com\/de\/produkt\/giesen-und-malen-mega-box-unicorn-und-meerjungfrau\/","title":{"rendered":"Gie\u00dfen und Malen \u2013 Mega-Box Unicorn und Meerjungfrau"},"content":{"rendered":"<p>Gie\u00dfen, malen und lassen Sie Ihrer Kreativit\u00e4t freien Lauf!<br \/>\nMit dem Gie\u00dfen und Malen \u2013 Mega Box Einhorn und Meerjungfrau von SES Creative kannst du selbst die sch\u00f6nsten Gipsfiguren herstellen. Dieses extragro\u00dfe Gipsset enth\u00e4lt zwei gro\u00dfe Beutel Gips und drei Gussformen, mit denen du nicht weniger als 29 verschiedene Figuren herstellen kannst. W\u00e4hle aus drei lustigen Themen, wie z. B.: Einh\u00f6rner, Meerjungfrauen-Meerestiere und Schmetterlinge. <\/p>\n<p>Verleihen Sie Ihren Kreationen anschlie\u00dfend mit zw\u00f6lf verschiedenen Farben Farbe. Als letzten Schliff k\u00f6nnen Sie sie mit Glitzerkleber in Gold und Silber verzieren, um einen magischen Effekt zu erzielen. Der schnell trocknende, wei\u00dfe Gips sorgt f\u00fcr detailreiche Ergebnisse, sodass jede Figur wirklich zum Leben erwacht.<br \/>\nWas dieses Set so gro\u00dfartig macht:<br \/>\n\u2022 Extra gro\u00dfes Gips-Set mit genug Gips, um bis zu 29 Figuren gleichzeitig zu gie\u00dfen<br \/>\n\u2022 Drei lustige Themen: Einh\u00f6rner, Schmetterlinge und Blumen sowie Meerjungfrauen und Meerestiere<br \/>\n\u2022 Zw\u00f6lf Farbt\u00f6pfe, um alle Figuren nach Belieben zu bemalen<br \/>\n\u2022 Verzieren Sie Ihre Kunstwerke mit Glitzerkleber in Gold und Silber f\u00fcr ein funkelndes Ergebnis<br \/>\n\u2022 Schnell trocknender, wei\u00dfer Gips f\u00fcr scharfe Details und klare Anweisungen f\u00fcr eine einfache Anwendung<\/p>\n<p>Kreativer Spa\u00df mit einem Hauch vonMagie<br \/>\nDas Set \u201eGie\u00dfen und Malen \u2013 Mega Box Einhorn und Meerjungfrau\u201d bietet stundenlangen Bastelspa\u00df. Kinder lernen gie\u00dfen, malen und dekorieren, w\u00e4hrend sie stolz ihre eigenen farbenfrohen Kunstwerke schaffen. Dieses Set verbindet Kreativit\u00e4t mit Konzentration und Feinmotorik und sorgt f\u00fcr ein wundersch\u00f6nes Ergebnis, auf das Kinder stolz sein k\u00f6nnen.<\/p>\n<p>Inhalt des Sets:<br \/>\n\u2022 2 Beutel Gips<br \/>\n\u2022 3 Gussformen: Schmetterlinge, Einh\u00f6rner und Meerestiere<br \/>\n\u2022 12 Farbt\u00f6pfe<br \/>\n\u2022 Pinsel<br \/>\n\u2022 Spachtel zum R\u00fchren und Gl\u00e4tten<br \/>\n\u2022 Tube Glitzerkleber silber<br \/>\n\u2022 Tube Glitzerkleber gold<\/p>\n<p>Warum SES Creative?<br \/>\nBei SES Creative legen wir gro\u00dfen Wert auf Sicherheit und Qualit\u00e4t. Alle unsere Produkte werden mit Sorgfalt in unserer eigenen Fabrik in den Niederlanden entwickelt und getestet und entsprechen den strengsten europ\u00e4ischen Sicherheitsnormen. SES Creative steht f\u00fcr Kreativit\u00e4t, Spa\u00df und Entwicklung, damit Kinder stolz aufdassein k\u00f6nnen, was sie herstellen.<\/p>\n<p>Gie\u00dfen, bemalen und glitzern lassen!<br \/>\nEntdecken Sie den Spa\u00df am Selbermachen von Gipsfiguren mit der Mega-Box \u201eGie\u00dfen und Bemalen \u2013 Einhorn und Meerjungfrau\u201d von SES Creative. Eine magische Kombination aus Gie\u00dfen, Bemalen und Dekorieren. F\u00fcr endlosen kreativen Spa\u00df.<\/p>\n","protected":false},"excerpt":{"rendered":"<p>Gie\u00dfen, malen und lassen Sie Ihrer Kreativit\u00e4t freien Lauf! Mit dem Gie\u00dfen und Malen \u2013 Mega Box Einhorn und Meerjungfrau von SES Creative kannst du selbst die sch\u00f6nsten Gipsfiguren herstellen. Dieses extragro\u00dfe Gipsset enth\u00e4lt zwei gro\u00dfe Beutel Gips und drei Gussformen, mit denen du nicht weniger als 29 verschiedene Figuren herstellen kannst. W\u00e4hle aus drei [&hellip;]<\/p>\n","protected":false},"featured_media":118967,"comment_status":"closed","ping_status":"closed","template":"","meta":{"_acf_changed":false},"product_brand":[],"product_cat":[115],"product_tag":[],"class_list":{"0":"post-118870","1":"product","2":"type-product","3":"status-publish","4":"has-post-thumbnail","6":"product_cat-basteln","7":"pa_collecties-hobby-pink","8":"pa_leeftijd-filter-4-6-jaar","9":"pa_leeftijd-filter-4-6-jahre","10":"pa_meest-populair-bij-maedchen","11":"pa_meest-populair-bij-meisjes","13":"first","14":"instock","15":"shipping-taxable","16":"product-type-simple"},"acf":[],"yoast_head":"<!-- This site is optimized with the Yoast SEO plugin v27.2 - https:\/\/yoast.com\/product\/yoast-seo-wordpress\/ -->\n<title>Gie\u00dfen und Malen \u2013 Mega-Box Unicorn und Meerjungfrau - SES Creative<\/title>\n<meta name=\"robots\" content=\"index, follow, max-snippet:-1, max-image-preview:large, max-video-preview:-1\" \/>\n<link rel=\"canonical\" href=\"https:\/\/ses-creative.com\/de\/produkt\/giesen-und-malen-mega-box-unicorn-und-meerjungfrau\/\" \/>\n<meta property=\"og:locale\" content=\"de_DE\" \/>\n<meta property=\"og:type\" content=\"article\" \/>\n<meta property=\"og:title\" content=\"Gie\u00dfen und Malen \u2013 Mega-Box Unicorn und Meerjungfrau - SES Creative\" \/>\n<meta property=\"og:description\" content=\"Gie\u00dfen, malen und lassen Sie Ihrer Kreativit\u00e4t freien Lauf! Mit dem Gie\u00dfen und Malen \u2013 Mega Box Einhorn und Meerjungfrau von SES Creative kannst du selbst die sch\u00f6nsten Gipsfiguren herstellen. Dieses extragro\u00dfe Gipsset enth\u00e4lt zwei gro\u00dfe Beutel Gips und drei Gussformen, mit denen du nicht weniger als 29 verschiedene Figuren herstellen kannst. W\u00e4hle aus drei [&hellip;]\" \/>\n<meta property=\"og:url\" content=\"https:\/\/ses-creative.com\/de\/produkt\/giesen-und-malen-mega-box-unicorn-und-meerjungfrau\/\" \/>\n<meta property=\"og:site_name\" content=\"SES Creative\" \/>\n<meta property=\"article:modified_time\" content=\"2026-03-06T07:01:02+00:00\" \/>\n<meta name=\"twitter:card\" content=\"summary_large_image\" \/>\n<meta name=\"twitter:label1\" content=\"Gesch\u00e4tzte Lesezeit\" \/>\n\t<meta name=\"twitter:data1\" content=\"2\u00a0Minuten\" \/>\n<script type=\"application\/ld+json\" class=\"yoast-schema-graph\">{\"@context\":\"https:\/\/schema.org\",\"@graph\":[{\"@type\":\"WebPage\",\"@id\":\"https:\/\/ses-creative.com\/de\/produkt\/giesen-und-malen-mega-box-unicorn-und-meerjungfrau\/\",\"url\":\"https:\/\/ses-creative.com\/de\/produkt\/giesen-und-malen-mega-box-unicorn-und-meerjungfrau\/\",\"name\":\"Gie\u00dfen und Malen \u2013 Mega-Box Unicorn und Meerjungfrau - SES Creative\",\"isPartOf\":{\"@id\":\"https:\/\/ses-creative.com\/#website\"},\"primaryImageOfPage\":{\"@id\":\"https:\/\/ses-creative.com\/de\/produkt\/giesen-und-malen-mega-box-unicorn-und-meerjungfrau\/#primaryimage\"},\"image\":{\"@id\":\"https:\/\/ses-creative.com\/de\/produkt\/giesen-und-malen-mega-box-unicorn-und-meerjungfrau\/#primaryimage\"},\"thumbnailUrl\":\"https:\/\/ses-creative.com\/wp-content\/uploads\/2026\/03\/013431.jpg\",\"datePublished\":\"2026-03-05T16:47:57+00:00\",\"dateModified\":\"2026-03-06T07:01:02+00:00\",\"breadcrumb\":{\"@id\":\"https:\/\/ses-creative.com\/de\/produkt\/giesen-und-malen-mega-box-unicorn-und-meerjungfrau\/#breadcrumb\"},\"inLanguage\":\"de\",\"potentialAction\":[{\"@type\":\"ReadAction\",\"target\":[\"https:\/\/ses-creative.com\/de\/produkt\/giesen-und-malen-mega-box-unicorn-und-meerjungfrau\/\"]}]},{\"@type\":\"ImageObject\",\"inLanguage\":\"de\",\"@id\":\"https:\/\/ses-creative.com\/de\/produkt\/giesen-und-malen-mega-box-unicorn-und-meerjungfrau\/#primaryimage\",\"url\":\"https:\/\/ses-creative.com\/wp-content\/uploads\/2026\/03\/013431.jpg\",\"contentUrl\":\"https:\/\/ses-creative.com\/wp-content\/uploads\/2026\/03\/013431.jpg\",\"width\":2000,\"height\":2000},{\"@type\":\"BreadcrumbList\",\"@id\":\"https:\/\/ses-creative.com\/de\/produkt\/giesen-und-malen-mega-box-unicorn-und-meerjungfrau\/#breadcrumb\",\"itemListElement\":[{\"@type\":\"ListItem\",\"position\":1,\"name\":\"Shop\",\"item\":\"https:\/\/ses-creative.com\/de\/shop\/\"},{\"@type\":\"ListItem\",\"position\":2,\"name\":\"Knutselen\",\"item\":\"https:\/\/ses-creative.com\/product-categorie\/knutselen\/\"},{\"@type\":\"ListItem\",\"position\":3,\"name\":\"Gie\u00dfen und Malen \u2013 Mega-Box Unicorn und Meerjungfrau\"}]},{\"@type\":\"WebSite\",\"@id\":\"https:\/\/ses-creative.com\/#website\",\"url\":\"https:\/\/ses-creative.com\/\",\"name\":\"SES Creative\",\"description\":\"\",\"publisher\":{\"@id\":\"https:\/\/ses-creative.com\/#organization\"},\"potentialAction\":[{\"@type\":\"SearchAction\",\"target\":{\"@type\":\"EntryPoint\",\"urlTemplate\":\"https:\/\/ses-creative.com\/?s={search_term_string}\"},\"query-input\":{\"@type\":\"PropertyValueSpecification\",\"valueRequired\":true,\"valueName\":\"search_term_string\"}}],\"inLanguage\":\"de\"},{\"@type\":\"Organization\",\"@id\":\"https:\/\/ses-creative.com\/#organization\",\"name\":\"SES Creative\",\"url\":\"https:\/\/ses-creative.com\/\",\"logo\":{\"@type\":\"ImageObject\",\"inLanguage\":\"de\",\"@id\":\"https:\/\/ses-creative.com\/#\/schema\/logo\/image\/\",\"url\":\"https:\/\/ses-creative.com\/wp-content\/uploads\/2025\/10\/ses-creative-logo.jpg\",\"contentUrl\":\"https:\/\/ses-creative.com\/wp-content\/uploads\/2025\/10\/ses-creative-logo.jpg\",\"width\":2037,\"height\":2037,\"caption\":\"SES Creative\"},\"image\":{\"@id\":\"https:\/\/ses-creative.com\/#\/schema\/logo\/image\/\"}}]}<\/script>\n<!-- \/ Yoast SEO plugin. -->","yoast_head_json":{"title":"Gie\u00dfen und Malen \u2013 Mega-Box Unicorn und Meerjungfrau - SES Creative","robots":{"index":"index","follow":"follow","max-snippet":"max-snippet:-1","max-image-preview":"max-image-preview:large","max-video-preview":"max-video-preview:-1"},"canonical":"https:\/\/ses-creative.com\/de\/produkt\/giesen-und-malen-mega-box-unicorn-und-meerjungfrau\/","og_locale":"de_DE","og_type":"article","og_title":"Gie\u00dfen und Malen \u2013 Mega-Box Unicorn und Meerjungfrau - SES Creative","og_description":"Gie\u00dfen, malen und lassen Sie Ihrer Kreativit\u00e4t freien Lauf! Mit dem Gie\u00dfen und Malen \u2013 Mega Box Einhorn und Meerjungfrau von SES Creative kannst du selbst die sch\u00f6nsten Gipsfiguren herstellen. Dieses extragro\u00dfe Gipsset enth\u00e4lt zwei gro\u00dfe Beutel Gips und drei Gussformen, mit denen du nicht weniger als 29 verschiedene Figuren herstellen kannst. W\u00e4hle aus drei [&hellip;]","og_url":"https:\/\/ses-creative.com\/de\/produkt\/giesen-und-malen-mega-box-unicorn-und-meerjungfrau\/","og_site_name":"SES Creative","article_modified_time":"2026-03-06T07:01:02+00:00","twitter_card":"summary_large_image","twitter_misc":{"Gesch\u00e4tzte Lesezeit":"2\u00a0Minuten"},"schema":{"@context":"https:\/\/schema.org","@graph":[{"@type":"WebPage","@id":"https:\/\/ses-creative.com\/de\/produkt\/giesen-und-malen-mega-box-unicorn-und-meerjungfrau\/","url":"https:\/\/ses-creative.com\/de\/produkt\/giesen-und-malen-mega-box-unicorn-und-meerjungfrau\/","name":"Gie\u00dfen und Malen \u2013 Mega-Box Unicorn und Meerjungfrau - SES Creative","isPartOf":{"@id":"https:\/\/ses-creative.com\/#website"},"primaryImageOfPage":{"@id":"https:\/\/ses-creative.com\/de\/produkt\/giesen-und-malen-mega-box-unicorn-und-meerjungfrau\/#primaryimage"},"image":{"@id":"https:\/\/ses-creative.com\/de\/produkt\/giesen-und-malen-mega-box-unicorn-und-meerjungfrau\/#primaryimage"},"thumbnailUrl":"https:\/\/ses-creative.com\/wp-content\/uploads\/2026\/03\/013431.jpg","datePublished":"2026-03-05T16:47:57+00:00","dateModified":"2026-03-06T07:01:02+00:00","breadcrumb":{"@id":"https:\/\/ses-creative.com\/de\/produkt\/giesen-und-malen-mega-box-unicorn-und-meerjungfrau\/#breadcrumb"},"inLanguage":"de","potentialAction":[{"@type":"ReadAction","target":["https:\/\/ses-creative.com\/de\/produkt\/giesen-und-malen-mega-box-unicorn-und-meerjungfrau\/"]}]},{"@type":"ImageObject","inLanguage":"de","@id":"https:\/\/ses-creative.com\/de\/produkt\/giesen-und-malen-mega-box-unicorn-und-meerjungfrau\/#primaryimage","url":"https:\/\/ses-creative.com\/wp-content\/uploads\/2026\/03\/013431.jpg","contentUrl":"https:\/\/ses-creative.com\/wp-content\/uploads\/2026\/03\/013431.jpg","width":2000,"height":2000},{"@type":"BreadcrumbList","@id":"https:\/\/ses-creative.com\/de\/produkt\/giesen-und-malen-mega-box-unicorn-und-meerjungfrau\/#breadcrumb","itemListElement":[{"@type":"ListItem","position":1,"name":"Shop","item":"https:\/\/ses-creative.com\/de\/shop\/"},{"@type":"ListItem","position":2,"name":"Knutselen","item":"https:\/\/ses-creative.com\/product-categorie\/knutselen\/"},{"@type":"ListItem","position":3,"name":"Gie\u00dfen und Malen \u2013 Mega-Box Unicorn und Meerjungfrau"}]},{"@type":"WebSite","@id":"https:\/\/ses-creative.com\/#website","url":"https:\/\/ses-creative.com\/","name":"SES Creative","description":"","publisher":{"@id":"https:\/\/ses-creative.com\/#organization"},"potentialAction":[{"@type":"SearchAction","target":{"@type":"EntryPoint","urlTemplate":"https:\/\/ses-creative.com\/?s={search_term_string}"},"query-input":{"@type":"PropertyValueSpecification","valueRequired":true,"valueName":"search_term_string"}}],"inLanguage":"de"},{"@type":"Organization","@id":"https:\/\/ses-creative.com\/#organization","name":"SES Creative","url":"https:\/\/ses-creative.com\/","logo":{"@type":"ImageObject","inLanguage":"de","@id":"https:\/\/ses-creative.com\/#\/schema\/logo\/image\/","url":"https:\/\/ses-creative.com\/wp-content\/uploads\/2025\/10\/ses-creative-logo.jpg","contentUrl":"https:\/\/ses-creative.com\/wp-content\/uploads\/2025\/10\/ses-creative-logo.jpg","width":2037,"height":2037,"caption":"SES Creative"},"image":{"@id":"https:\/\/ses-creative.com\/#\/schema\/logo\/image\/"}}]}},"_links":{"self":[{"href":"https:\/\/ses-creative.com\/de\/wp-json\/wp\/v2\/product\/118870","targetHints":{"allow":["GET"]}}],"collection":[{"href":"https:\/\/ses-creative.com\/de\/wp-json\/wp\/v2\/product"}],"about":[{"href":"https:\/\/ses-creative.com\/de\/wp-json\/wp\/v2\/types\/product"}],"replies":[{"embeddable":true,"href":"https:\/\/ses-creative.com\/de\/wp-json\/wp\/v2\/comments?post=118870"}],"wp:featuredmedia":[{"embeddable":true,"href":"https:\/\/ses-creative.com\/de\/wp-json\/wp\/v2\/media\/118967"}],"wp:attachment":[{"href":"https:\/\/ses-creative.com\/de\/wp-json\/wp\/v2\/media?parent=118870"}],"wp:term":[{"taxonomy":"product_brand","embeddable":true,"href":"https:\/\/ses-creative.com\/de\/wp-json\/wp\/v2\/product_brand?post=118870"},{"taxonomy":"product_cat","embeddable":true,"href":"https:\/\/ses-creative.com\/de\/wp-json\/wp\/v2\/product_cat?post=118870"},{"taxonomy":"product_tag","embeddable":true,"href":"https:\/\/ses-creative.com\/de\/wp-json\/wp\/v2\/product_tag?post=118870"}],"curies":[{"name":"wp","href":"https:\/\/api.w.org\/{rel}","templated":true}]}}