











{"id":118869,"date":"2026-03-05T16:47:57","date_gmt":"2026-03-05T16:47:57","guid":{"rendered":"https:\/\/ses-creative.com\/?post_type=product&#038;p=118869"},"modified":"2026-03-06T07:01:02","modified_gmt":"2026-03-06T07:01:02","slug":"bugelperlen-mega-bastelset","status":"publish","type":"product","link":"https:\/\/ses-creative.com\/de\/produkt\/bugelperlen-mega-bastelset\/","title":{"rendered":"B\u00fcgelperlen \u2013 Mega-Bastelset"},"content":{"rendered":"<p>Stundenlanger Spa\u00df und unendliche M\u00f6glichkeiten<br \/>\nF\u00fcr echte B\u00fcgelperlen-Fans gibt es jetzt das B\u00fcgelperlen-Mega-Bastelset von SES Creative! Mit nicht weniger als 8000 Perlen in 28 wundersch\u00f6nen Farben, 9 Bastelplatten und allerlei lustigen. Accessoires kannst du unz\u00e4hlige farbenfrohe Figuren basteln. Von Glitzer bis Glow-in-the-Dark: Dieses Set bietet alles f\u00fcr stundenlangen Bastelspa\u00df!<\/p>\n<p>Was dieses Set so toll macht:<br \/>\n\u2022 Das ultimative B\u00fcgelperlen-Bastelset mit 8000 Perlen in 28 verschiedenen Farben, darunter Glow-in-the-Dark- und Glitzerperlen.<br \/>\n\u2022 9 Bastelplatten in verschiedenen Formen und Gr\u00f6\u00dfen.<br \/>\n\u2022 Inklusive 5 Schl\u00fcsselanh\u00e4ngern, Draht und einem gro\u00dfen Stickerbogen.<br \/>\n\u2022 Die B\u00fcgelperlen sind PVC-frei und mit anderen Marken kompatibel<br \/>\n\u2022 Mit klaren Anweisungen und inspirierenden Beispielen<\/p>\n<p>Eine Welt voller Farben und Inspiration<br \/>\nMit dem Mega-Bastelset von SES Creative k\u00f6nnen Kinder ihrer Fantasie freien Lauf lassen. Von fr\u00f6hlichen Tieren \u00fcber coole Formen bis hin zu magischen Figuren ist alles m\u00f6glich! Dank der vielen Farben und Accessoires wird jede Kreation einzigartig. Ideal f\u00fcr Kinder, die gerne endlos entwerfen, basteln und ihre eigenen Kunstwerke pr\u00e4sentieren. Au\u00dferdem f\u00f6rdert es die Feinmotorik, Konzentration und Kreativit\u00e4t. Eine Win-win-Situation!<\/p>\n<p>Inhalt des Sets<br \/>\n\u2022 8000 B\u00fcgelperlen in 28 verschiedenen Farben<br \/>\n\u2022 Gro\u00dfe quadratische und sechseckige Unterlage<br \/>\n\u2022 Herzf\u00f6rmige, Runde und Sternf\u00f6rmige Unterlage<br \/>\n\u2022 Mini-Katzen, Mini-Herz, Mini-Blumenund Mini-Schmetterlingsunterlage<br \/>\n\u2022 5 Schl\u00fcsselanh\u00e4nger<br \/>\n\u2022 Lila Garn<br \/>\n\u2022 Stickerbogen mit 82 Stickern<br \/>\n\u2022 B\u00fcgelbogen<br \/>\n\u2022 Anleitung<\/p>\n<p>Warum SES Creative?<br \/>\nBei SES Creative legen wir gro\u00dfen Wert auf Sicherheit und Qualit\u00e4t. Alle unsere Produkte werden in unserer eigenen Fabrik in den Niederlanden sorgf\u00e4ltig entwickelt und getestet und entsprechen den strengsten europ\u00e4ischen Sicherheitsnormen. SES Creative steht f\u00fcr Kreativit\u00e4t, Spa\u00df und Entwicklung, damit Kinder stolz auf das sein k\u00f6nnen, was sie herstellen.<\/p>\n<p>Legen Sie los!<br \/>\nEntdecke die unendlichen M\u00f6glichkeiten mit diesem Mega-Bastelset und erstelle die sch\u00f6nsten Kreationen. Das perfekte Set f\u00fcr junge K\u00fcnstler, die nicht genug vom Basteln und Malen bekommen k\u00f6nnen!<\/p>\n","protected":false},"excerpt":{"rendered":"<p>Stundenlanger Spa\u00df und unendliche M\u00f6glichkeiten F\u00fcr echte B\u00fcgelperlen-Fans gibt es jetzt das B\u00fcgelperlen-Mega-Bastelset von SES Creative! Mit nicht weniger als 8000 Perlen in 28 wundersch\u00f6nen Farben, 9 Bastelplatten und allerlei lustigen. Accessoires kannst du unz\u00e4hlige farbenfrohe Figuren basteln. Von Glitzer bis Glow-in-the-Dark: Dieses Set bietet alles f\u00fcr stundenlangen Bastelspa\u00df! Was dieses Set so toll macht: [&hellip;]<\/p>\n","protected":false},"featured_media":119143,"comment_status":"closed","ping_status":"closed","template":"","meta":{"_acf_changed":false},"product_brand":[],"product_cat":[118],"product_tag":[],"class_list":{"0":"post-118869","1":"product","2":"type-product","3":"status-publish","4":"has-post-thumbnail","6":"product_cat-buegelperlen","7":"pa_collecties-beedz","8":"pa_leeftijd-filter-4-6-jaar","9":"pa_leeftijd-filter-4-6-jahre","10":"pa_meest-populair-bij-jongens-meisjes","11":"pa_meest-populair-bij-jungen-maedchen","13":"first","14":"instock","15":"shipping-taxable","16":"product-type-simple"},"acf":[],"yoast_head":"<!-- This site is optimized with the Yoast SEO plugin v27.2 - https:\/\/yoast.com\/product\/yoast-seo-wordpress\/ -->\n<title>B\u00fcgelperlen \u2013 Mega-Bastelset - SES Creative<\/title>\n<meta name=\"robots\" content=\"index, follow, max-snippet:-1, max-image-preview:large, max-video-preview:-1\" \/>\n<link rel=\"canonical\" href=\"https:\/\/ses-creative.com\/de\/produkt\/bugelperlen-mega-bastelset\/\" \/>\n<meta property=\"og:locale\" content=\"de_DE\" \/>\n<meta property=\"og:type\" content=\"article\" \/>\n<meta property=\"og:title\" content=\"B\u00fcgelperlen \u2013 Mega-Bastelset - SES Creative\" \/>\n<meta property=\"og:description\" content=\"Stundenlanger Spa\u00df und unendliche M\u00f6glichkeiten F\u00fcr echte B\u00fcgelperlen-Fans gibt es jetzt das B\u00fcgelperlen-Mega-Bastelset von SES Creative! Mit nicht weniger als 8000 Perlen in 28 wundersch\u00f6nen Farben, 9 Bastelplatten und allerlei lustigen. Accessoires kannst du unz\u00e4hlige farbenfrohe Figuren basteln. Von Glitzer bis Glow-in-the-Dark: Dieses Set bietet alles f\u00fcr stundenlangen Bastelspa\u00df! Was dieses Set so toll macht: [&hellip;]\" \/>\n<meta property=\"og:url\" content=\"https:\/\/ses-creative.com\/de\/produkt\/bugelperlen-mega-bastelset\/\" \/>\n<meta property=\"og:site_name\" content=\"SES Creative\" \/>\n<meta property=\"article:modified_time\" content=\"2026-03-06T07:01:02+00:00\" \/>\n<meta name=\"twitter:card\" content=\"summary_large_image\" \/>\n<meta name=\"twitter:label1\" content=\"Gesch\u00e4tzte Lesezeit\" \/>\n\t<meta name=\"twitter:data1\" content=\"2\u00a0Minuten\" \/>\n<script type=\"application\/ld+json\" class=\"yoast-schema-graph\">{\"@context\":\"https:\/\/schema.org\",\"@graph\":[{\"@type\":\"WebPage\",\"@id\":\"https:\/\/ses-creative.com\/de\/produkt\/bugelperlen-mega-bastelset\/\",\"url\":\"https:\/\/ses-creative.com\/de\/produkt\/bugelperlen-mega-bastelset\/\",\"name\":\"B\u00fcgelperlen \u2013 Mega-Bastelset - SES Creative\",\"isPartOf\":{\"@id\":\"https:\/\/ses-creative.com\/#website\"},\"primaryImageOfPage\":{\"@id\":\"https:\/\/ses-creative.com\/de\/produkt\/bugelperlen-mega-bastelset\/#primaryimage\"},\"image\":{\"@id\":\"https:\/\/ses-creative.com\/de\/produkt\/bugelperlen-mega-bastelset\/#primaryimage\"},\"thumbnailUrl\":\"https:\/\/ses-creative.com\/wp-content\/uploads\/2026\/03\/062341-1.jpg\",\"datePublished\":\"2026-03-05T16:47:57+00:00\",\"dateModified\":\"2026-03-06T07:01:02+00:00\",\"breadcrumb\":{\"@id\":\"https:\/\/ses-creative.com\/de\/produkt\/bugelperlen-mega-bastelset\/#breadcrumb\"},\"inLanguage\":\"de\",\"potentialAction\":[{\"@type\":\"ReadAction\",\"target\":[\"https:\/\/ses-creative.com\/de\/produkt\/bugelperlen-mega-bastelset\/\"]}]},{\"@type\":\"ImageObject\",\"inLanguage\":\"de\",\"@id\":\"https:\/\/ses-creative.com\/de\/produkt\/bugelperlen-mega-bastelset\/#primaryimage\",\"url\":\"https:\/\/ses-creative.com\/wp-content\/uploads\/2026\/03\/062341-1.jpg\",\"contentUrl\":\"https:\/\/ses-creative.com\/wp-content\/uploads\/2026\/03\/062341-1.jpg\",\"width\":1000,\"height\":1000},{\"@type\":\"BreadcrumbList\",\"@id\":\"https:\/\/ses-creative.com\/de\/produkt\/bugelperlen-mega-bastelset\/#breadcrumb\",\"itemListElement\":[{\"@type\":\"ListItem\",\"position\":1,\"name\":\"Shop\",\"item\":\"https:\/\/ses-creative.com\/de\/shop\/\"},{\"@type\":\"ListItem\",\"position\":2,\"name\":\"Strijkkralen\",\"item\":\"https:\/\/ses-creative.com\/product-categorie\/strijkkralen\/\"},{\"@type\":\"ListItem\",\"position\":3,\"name\":\"B\u00fcgelperlen \u2013 Mega-Bastelset\"}]},{\"@type\":\"WebSite\",\"@id\":\"https:\/\/ses-creative.com\/#website\",\"url\":\"https:\/\/ses-creative.com\/\",\"name\":\"SES Creative\",\"description\":\"\",\"publisher\":{\"@id\":\"https:\/\/ses-creative.com\/#organization\"},\"potentialAction\":[{\"@type\":\"SearchAction\",\"target\":{\"@type\":\"EntryPoint\",\"urlTemplate\":\"https:\/\/ses-creative.com\/?s={search_term_string}\"},\"query-input\":{\"@type\":\"PropertyValueSpecification\",\"valueRequired\":true,\"valueName\":\"search_term_string\"}}],\"inLanguage\":\"de\"},{\"@type\":\"Organization\",\"@id\":\"https:\/\/ses-creative.com\/#organization\",\"name\":\"SES Creative\",\"url\":\"https:\/\/ses-creative.com\/\",\"logo\":{\"@type\":\"ImageObject\",\"inLanguage\":\"de\",\"@id\":\"https:\/\/ses-creative.com\/#\/schema\/logo\/image\/\",\"url\":\"https:\/\/ses-creative.com\/wp-content\/uploads\/2025\/10\/ses-creative-logo.jpg\",\"contentUrl\":\"https:\/\/ses-creative.com\/wp-content\/uploads\/2025\/10\/ses-creative-logo.jpg\",\"width\":2037,\"height\":2037,\"caption\":\"SES Creative\"},\"image\":{\"@id\":\"https:\/\/ses-creative.com\/#\/schema\/logo\/image\/\"}}]}<\/script>\n<!-- \/ Yoast SEO plugin. -->","yoast_head_json":{"title":"B\u00fcgelperlen \u2013 Mega-Bastelset - SES Creative","robots":{"index":"index","follow":"follow","max-snippet":"max-snippet:-1","max-image-preview":"max-image-preview:large","max-video-preview":"max-video-preview:-1"},"canonical":"https:\/\/ses-creative.com\/de\/produkt\/bugelperlen-mega-bastelset\/","og_locale":"de_DE","og_type":"article","og_title":"B\u00fcgelperlen \u2013 Mega-Bastelset - SES Creative","og_description":"Stundenlanger Spa\u00df und unendliche M\u00f6glichkeiten F\u00fcr echte B\u00fcgelperlen-Fans gibt es jetzt das B\u00fcgelperlen-Mega-Bastelset von SES Creative! Mit nicht weniger als 8000 Perlen in 28 wundersch\u00f6nen Farben, 9 Bastelplatten und allerlei lustigen. Accessoires kannst du unz\u00e4hlige farbenfrohe Figuren basteln. Von Glitzer bis Glow-in-the-Dark: Dieses Set bietet alles f\u00fcr stundenlangen Bastelspa\u00df! Was dieses Set so toll macht: [&hellip;]","og_url":"https:\/\/ses-creative.com\/de\/produkt\/bugelperlen-mega-bastelset\/","og_site_name":"SES Creative","article_modified_time":"2026-03-06T07:01:02+00:00","twitter_card":"summary_large_image","twitter_misc":{"Gesch\u00e4tzte Lesezeit":"2\u00a0Minuten"},"schema":{"@context":"https:\/\/schema.org","@graph":[{"@type":"WebPage","@id":"https:\/\/ses-creative.com\/de\/produkt\/bugelperlen-mega-bastelset\/","url":"https:\/\/ses-creative.com\/de\/produkt\/bugelperlen-mega-bastelset\/","name":"B\u00fcgelperlen \u2013 Mega-Bastelset - SES Creative","isPartOf":{"@id":"https:\/\/ses-creative.com\/#website"},"primaryImageOfPage":{"@id":"https:\/\/ses-creative.com\/de\/produkt\/bugelperlen-mega-bastelset\/#primaryimage"},"image":{"@id":"https:\/\/ses-creative.com\/de\/produkt\/bugelperlen-mega-bastelset\/#primaryimage"},"thumbnailUrl":"https:\/\/ses-creative.com\/wp-content\/uploads\/2026\/03\/062341-1.jpg","datePublished":"2026-03-05T16:47:57+00:00","dateModified":"2026-03-06T07:01:02+00:00","breadcrumb":{"@id":"https:\/\/ses-creative.com\/de\/produkt\/bugelperlen-mega-bastelset\/#breadcrumb"},"inLanguage":"de","potentialAction":[{"@type":"ReadAction","target":["https:\/\/ses-creative.com\/de\/produkt\/bugelperlen-mega-bastelset\/"]}]},{"@type":"ImageObject","inLanguage":"de","@id":"https:\/\/ses-creative.com\/de\/produkt\/bugelperlen-mega-bastelset\/#primaryimage","url":"https:\/\/ses-creative.com\/wp-content\/uploads\/2026\/03\/062341-1.jpg","contentUrl":"https:\/\/ses-creative.com\/wp-content\/uploads\/2026\/03\/062341-1.jpg","width":1000,"height":1000},{"@type":"BreadcrumbList","@id":"https:\/\/ses-creative.com\/de\/produkt\/bugelperlen-mega-bastelset\/#breadcrumb","itemListElement":[{"@type":"ListItem","position":1,"name":"Shop","item":"https:\/\/ses-creative.com\/de\/shop\/"},{"@type":"ListItem","position":2,"name":"Strijkkralen","item":"https:\/\/ses-creative.com\/product-categorie\/strijkkralen\/"},{"@type":"ListItem","position":3,"name":"B\u00fcgelperlen \u2013 Mega-Bastelset"}]},{"@type":"WebSite","@id":"https:\/\/ses-creative.com\/#website","url":"https:\/\/ses-creative.com\/","name":"SES Creative","description":"","publisher":{"@id":"https:\/\/ses-creative.com\/#organization"},"potentialAction":[{"@type":"SearchAction","target":{"@type":"EntryPoint","urlTemplate":"https:\/\/ses-creative.com\/?s={search_term_string}"},"query-input":{"@type":"PropertyValueSpecification","valueRequired":true,"valueName":"search_term_string"}}],"inLanguage":"de"},{"@type":"Organization","@id":"https:\/\/ses-creative.com\/#organization","name":"SES Creative","url":"https:\/\/ses-creative.com\/","logo":{"@type":"ImageObject","inLanguage":"de","@id":"https:\/\/ses-creative.com\/#\/schema\/logo\/image\/","url":"https:\/\/ses-creative.com\/wp-content\/uploads\/2025\/10\/ses-creative-logo.jpg","contentUrl":"https:\/\/ses-creative.com\/wp-content\/uploads\/2025\/10\/ses-creative-logo.jpg","width":2037,"height":2037,"caption":"SES Creative"},"image":{"@id":"https:\/\/ses-creative.com\/#\/schema\/logo\/image\/"}}]}},"_links":{"self":[{"href":"https:\/\/ses-creative.com\/de\/wp-json\/wp\/v2\/product\/118869","targetHints":{"allow":["GET"]}}],"collection":[{"href":"https:\/\/ses-creative.com\/de\/wp-json\/wp\/v2\/product"}],"about":[{"href":"https:\/\/ses-creative.com\/de\/wp-json\/wp\/v2\/types\/product"}],"replies":[{"embeddable":true,"href":"https:\/\/ses-creative.com\/de\/wp-json\/wp\/v2\/comments?post=118869"}],"wp:featuredmedia":[{"embeddable":true,"href":"https:\/\/ses-creative.com\/de\/wp-json\/wp\/v2\/media\/119143"}],"wp:attachment":[{"href":"https:\/\/ses-creative.com\/de\/wp-json\/wp\/v2\/media?parent=118869"}],"wp:term":[{"taxonomy":"product_brand","embeddable":true,"href":"https:\/\/ses-creative.com\/de\/wp-json\/wp\/v2\/product_brand?post=118869"},{"taxonomy":"product_cat","embeddable":true,"href":"https:\/\/ses-creative.com\/de\/wp-json\/wp\/v2\/product_cat?post=118869"},{"taxonomy":"product_tag","embeddable":true,"href":"https:\/\/ses-creative.com\/de\/wp-json\/wp\/v2\/product_tag?post=118869"}],"curies":[{"name":"wp","href":"https:\/\/api.w.org\/{rel}","templated":true}]}}