











{"id":118868,"date":"2026-03-05T16:47:57","date_gmt":"2026-03-05T16:47:57","guid":{"rendered":"https:\/\/ses-creative.com\/?post_type=product&#038;p=118868"},"modified":"2026-03-06T07:01:02","modified_gmt":"2026-03-06T07:01:02","slug":"bugelperlen-einhornwelt","status":"publish","type":"product","link":"https:\/\/ses-creative.com\/de\/produkt\/bugelperlen-einhornwelt\/","title":{"rendered":"B\u00fcgelperlen \u2013 Einhornwelt"},"content":{"rendered":"<p>Erschaffe dein eigenes magisches Regenbogenreich!<br \/>\nLass die Fantasie jedes kleinen Tr\u00e4umers mit dem B\u00fcgelperlen-Set Einhornwelt von SES Creative zum Leben erwecken! Mit 4000 bunten B\u00fcgelperlen kannst du nicht weniger als 11 bezaubernde Einh\u00f6rner in verschiedenen Posen und Farben basteln. Entdecke die Magie des Bastelns und erwecke deine eigene Einhornwelt zum Leben!<\/p>\n<p>Was dieses Set so toll macht:<br \/>\n\u2022 4000 B\u00fcgelperlen in einer perfekt abgestimmten Farbmischung zum Basteln von 11 einzigartigen Einh\u00f6rnern<br \/>\n\u2022 Gro\u00dfe quadratische Legetafel zum Legen und B\u00fcgeln von Einh\u00f6rnern in verschiedenen Posen und Farben<br \/>\n\u2022 Inklusive verst\u00e4ndlicher Anleitung zum Legen aller Figuren<br \/>\n\u2022 B\u00fcgelperlen von SES Creative sind PVC-frei und mit anderen Marken kompatibel<br \/>\n\u2022 F\u00f6rdert die Feinmotorik, Konzentration und Kreativit\u00e4t<\/p>\n<p>Ein Regenbogen voller Kreativit\u00e4t<br \/>\nMit diesem farbenfrohen B\u00fcgelperlen-Set kannst du die sch\u00f6nsten Einh\u00f6rner voller Fantasie und Farbe gestalten. Jedes Design ist ein neues Abenteuer voller Glitzer und Fr\u00f6hlichkeit. Kinder entwickeln spielerisch ihre Pr\u00e4zision und Ausdauer, w\u00e4hrend sie stundenlangen Bastelspa\u00df genie\u00dfen. Perfekt f\u00fcr junge K\u00fcnstler, die ein bisschen Magie lieben!<\/p>\n<p>Inhalt des Sets<br \/>\n\u2022 B\u00fcgelpapier<br \/>\n\u2022 Anleitung<br \/>\n\u2022 Quadratische B\u00fcgelperlen-Lageplatte<br \/>\n\u2022 Beutel mit 4000<\/p>\n<p>Warum SES Creative w\u00e4hlen?<br \/>\nBei SES Creative legen wir gro\u00dfen Wert auf Sicherheit und Qualit\u00e4t. Alle unsere Produkte werden in unserer eigenen Fabrik in den Niederlanden mit gr\u00f6\u00dfter Sorgfalt entwickelt und getestet und entsprechen den strengsten europ\u00e4ischen Sicherheitsnormen. SES Creative steht f\u00fcr Kreativit\u00e4t, Spa\u00df und Entwicklung, damit Kinder stolz auf das sein k\u00f6nnen, was sie herstellen.<\/p>\n<p>Lassen Sie die Magie beginnen!<br \/>\nTauchen Sie ein in die Regenbogenwelt der B\u00fcgelperlen und gestalten Sie Ihre eigenen traumhaften Einh\u00f6rner. Ein bezauberndes Set f\u00fcr stundenlangen fantasievollen Bastelspa\u00df!<\/p>\n","protected":false},"excerpt":{"rendered":"<p>Erschaffe dein eigenes magisches Regenbogenreich! Lass die Fantasie jedes kleinen Tr\u00e4umers mit dem B\u00fcgelperlen-Set Einhornwelt von SES Creative zum Leben erwecken! Mit 4000 bunten B\u00fcgelperlen kannst du nicht weniger als 11 bezaubernde Einh\u00f6rner in verschiedenen Posen und Farben basteln. Entdecke die Magie des Bastelns und erwecke deine eigene Einhornwelt zum Leben! Was dieses Set so [&hellip;]<\/p>\n","protected":false},"featured_media":119063,"comment_status":"closed","ping_status":"closed","template":"","meta":{"_acf_changed":false},"product_brand":[],"product_cat":[118],"product_tag":[],"class_list":{"0":"post-118868","1":"product","2":"type-product","3":"status-publish","4":"has-post-thumbnail","6":"product_cat-buegelperlen","7":"pa_collecties-beedz","8":"pa_leeftijd-filter-4-6-jaar","9":"pa_leeftijd-filter-4-6-jahre","10":"pa_meest-populair-bij-jongens-meisjes","11":"pa_meest-populair-bij-jungen-maedchen","13":"first","14":"instock","15":"shipping-taxable","16":"product-type-simple"},"acf":[],"yoast_head":"<!-- This site is optimized with the Yoast SEO plugin v27.2 - https:\/\/yoast.com\/product\/yoast-seo-wordpress\/ -->\n<title>B\u00fcgelperlen \u2013 Einhornwelt - SES Creative<\/title>\n<meta name=\"robots\" content=\"index, follow, max-snippet:-1, max-image-preview:large, max-video-preview:-1\" \/>\n<link rel=\"canonical\" href=\"https:\/\/ses-creative.com\/de\/produkt\/bugelperlen-einhornwelt\/\" \/>\n<meta property=\"og:locale\" content=\"de_DE\" \/>\n<meta property=\"og:type\" content=\"article\" \/>\n<meta property=\"og:title\" content=\"B\u00fcgelperlen \u2013 Einhornwelt - SES Creative\" \/>\n<meta property=\"og:description\" content=\"Erschaffe dein eigenes magisches Regenbogenreich! Lass die Fantasie jedes kleinen Tr\u00e4umers mit dem B\u00fcgelperlen-Set Einhornwelt von SES Creative zum Leben erwecken! Mit 4000 bunten B\u00fcgelperlen kannst du nicht weniger als 11 bezaubernde Einh\u00f6rner in verschiedenen Posen und Farben basteln. Entdecke die Magie des Bastelns und erwecke deine eigene Einhornwelt zum Leben! Was dieses Set so [&hellip;]\" \/>\n<meta property=\"og:url\" content=\"https:\/\/ses-creative.com\/de\/produkt\/bugelperlen-einhornwelt\/\" \/>\n<meta property=\"og:site_name\" content=\"SES Creative\" \/>\n<meta property=\"article:modified_time\" content=\"2026-03-06T07:01:02+00:00\" \/>\n<meta name=\"twitter:card\" content=\"summary_large_image\" \/>\n<meta name=\"twitter:label1\" content=\"Gesch\u00e4tzte Lesezeit\" \/>\n\t<meta name=\"twitter:data1\" content=\"1\u00a0Minute\" \/>\n<script type=\"application\/ld+json\" class=\"yoast-schema-graph\">{\"@context\":\"https:\/\/schema.org\",\"@graph\":[{\"@type\":\"WebPage\",\"@id\":\"https:\/\/ses-creative.com\/de\/produkt\/bugelperlen-einhornwelt\/\",\"url\":\"https:\/\/ses-creative.com\/de\/produkt\/bugelperlen-einhornwelt\/\",\"name\":\"B\u00fcgelperlen \u2013 Einhornwelt - SES Creative\",\"isPartOf\":{\"@id\":\"https:\/\/ses-creative.com\/#website\"},\"primaryImageOfPage\":{\"@id\":\"https:\/\/ses-creative.com\/de\/produkt\/bugelperlen-einhornwelt\/#primaryimage\"},\"image\":{\"@id\":\"https:\/\/ses-creative.com\/de\/produkt\/bugelperlen-einhornwelt\/#primaryimage\"},\"thumbnailUrl\":\"https:\/\/ses-creative.com\/wp-content\/uploads\/2026\/03\/06233(1).jpg\",\"datePublished\":\"2026-03-05T16:47:57+00:00\",\"dateModified\":\"2026-03-06T07:01:02+00:00\",\"breadcrumb\":{\"@id\":\"https:\/\/ses-creative.com\/de\/produkt\/bugelperlen-einhornwelt\/#breadcrumb\"},\"inLanguage\":\"de\",\"potentialAction\":[{\"@type\":\"ReadAction\",\"target\":[\"https:\/\/ses-creative.com\/de\/produkt\/bugelperlen-einhornwelt\/\"]}]},{\"@type\":\"ImageObject\",\"inLanguage\":\"de\",\"@id\":\"https:\/\/ses-creative.com\/de\/produkt\/bugelperlen-einhornwelt\/#primaryimage\",\"url\":\"https:\/\/ses-creative.com\/wp-content\/uploads\/2026\/03\/06233(1).jpg\",\"contentUrl\":\"https:\/\/ses-creative.com\/wp-content\/uploads\/2026\/03\/06233(1).jpg\",\"width\":1000,\"height\":1000},{\"@type\":\"BreadcrumbList\",\"@id\":\"https:\/\/ses-creative.com\/de\/produkt\/bugelperlen-einhornwelt\/#breadcrumb\",\"itemListElement\":[{\"@type\":\"ListItem\",\"position\":1,\"name\":\"Shop\",\"item\":\"https:\/\/ses-creative.com\/de\/shop\/\"},{\"@type\":\"ListItem\",\"position\":2,\"name\":\"Strijkkralen\",\"item\":\"https:\/\/ses-creative.com\/product-categorie\/strijkkralen\/\"},{\"@type\":\"ListItem\",\"position\":3,\"name\":\"B\u00fcgelperlen \u2013 Einhornwelt\"}]},{\"@type\":\"WebSite\",\"@id\":\"https:\/\/ses-creative.com\/#website\",\"url\":\"https:\/\/ses-creative.com\/\",\"name\":\"SES Creative\",\"description\":\"\",\"publisher\":{\"@id\":\"https:\/\/ses-creative.com\/#organization\"},\"potentialAction\":[{\"@type\":\"SearchAction\",\"target\":{\"@type\":\"EntryPoint\",\"urlTemplate\":\"https:\/\/ses-creative.com\/?s={search_term_string}\"},\"query-input\":{\"@type\":\"PropertyValueSpecification\",\"valueRequired\":true,\"valueName\":\"search_term_string\"}}],\"inLanguage\":\"de\"},{\"@type\":\"Organization\",\"@id\":\"https:\/\/ses-creative.com\/#organization\",\"name\":\"SES Creative\",\"url\":\"https:\/\/ses-creative.com\/\",\"logo\":{\"@type\":\"ImageObject\",\"inLanguage\":\"de\",\"@id\":\"https:\/\/ses-creative.com\/#\/schema\/logo\/image\/\",\"url\":\"https:\/\/ses-creative.com\/wp-content\/uploads\/2025\/10\/ses-creative-logo.jpg\",\"contentUrl\":\"https:\/\/ses-creative.com\/wp-content\/uploads\/2025\/10\/ses-creative-logo.jpg\",\"width\":2037,\"height\":2037,\"caption\":\"SES Creative\"},\"image\":{\"@id\":\"https:\/\/ses-creative.com\/#\/schema\/logo\/image\/\"}}]}<\/script>\n<!-- \/ Yoast SEO plugin. -->","yoast_head_json":{"title":"B\u00fcgelperlen \u2013 Einhornwelt - SES Creative","robots":{"index":"index","follow":"follow","max-snippet":"max-snippet:-1","max-image-preview":"max-image-preview:large","max-video-preview":"max-video-preview:-1"},"canonical":"https:\/\/ses-creative.com\/de\/produkt\/bugelperlen-einhornwelt\/","og_locale":"de_DE","og_type":"article","og_title":"B\u00fcgelperlen \u2013 Einhornwelt - SES Creative","og_description":"Erschaffe dein eigenes magisches Regenbogenreich! Lass die Fantasie jedes kleinen Tr\u00e4umers mit dem B\u00fcgelperlen-Set Einhornwelt von SES Creative zum Leben erwecken! Mit 4000 bunten B\u00fcgelperlen kannst du nicht weniger als 11 bezaubernde Einh\u00f6rner in verschiedenen Posen und Farben basteln. Entdecke die Magie des Bastelns und erwecke deine eigene Einhornwelt zum Leben! Was dieses Set so [&hellip;]","og_url":"https:\/\/ses-creative.com\/de\/produkt\/bugelperlen-einhornwelt\/","og_site_name":"SES Creative","article_modified_time":"2026-03-06T07:01:02+00:00","twitter_card":"summary_large_image","twitter_misc":{"Gesch\u00e4tzte Lesezeit":"1\u00a0Minute"},"schema":{"@context":"https:\/\/schema.org","@graph":[{"@type":"WebPage","@id":"https:\/\/ses-creative.com\/de\/produkt\/bugelperlen-einhornwelt\/","url":"https:\/\/ses-creative.com\/de\/produkt\/bugelperlen-einhornwelt\/","name":"B\u00fcgelperlen \u2013 Einhornwelt - SES Creative","isPartOf":{"@id":"https:\/\/ses-creative.com\/#website"},"primaryImageOfPage":{"@id":"https:\/\/ses-creative.com\/de\/produkt\/bugelperlen-einhornwelt\/#primaryimage"},"image":{"@id":"https:\/\/ses-creative.com\/de\/produkt\/bugelperlen-einhornwelt\/#primaryimage"},"thumbnailUrl":"https:\/\/ses-creative.com\/wp-content\/uploads\/2026\/03\/06233(1).jpg","datePublished":"2026-03-05T16:47:57+00:00","dateModified":"2026-03-06T07:01:02+00:00","breadcrumb":{"@id":"https:\/\/ses-creative.com\/de\/produkt\/bugelperlen-einhornwelt\/#breadcrumb"},"inLanguage":"de","potentialAction":[{"@type":"ReadAction","target":["https:\/\/ses-creative.com\/de\/produkt\/bugelperlen-einhornwelt\/"]}]},{"@type":"ImageObject","inLanguage":"de","@id":"https:\/\/ses-creative.com\/de\/produkt\/bugelperlen-einhornwelt\/#primaryimage","url":"https:\/\/ses-creative.com\/wp-content\/uploads\/2026\/03\/06233(1).jpg","contentUrl":"https:\/\/ses-creative.com\/wp-content\/uploads\/2026\/03\/06233(1).jpg","width":1000,"height":1000},{"@type":"BreadcrumbList","@id":"https:\/\/ses-creative.com\/de\/produkt\/bugelperlen-einhornwelt\/#breadcrumb","itemListElement":[{"@type":"ListItem","position":1,"name":"Shop","item":"https:\/\/ses-creative.com\/de\/shop\/"},{"@type":"ListItem","position":2,"name":"Strijkkralen","item":"https:\/\/ses-creative.com\/product-categorie\/strijkkralen\/"},{"@type":"ListItem","position":3,"name":"B\u00fcgelperlen \u2013 Einhornwelt"}]},{"@type":"WebSite","@id":"https:\/\/ses-creative.com\/#website","url":"https:\/\/ses-creative.com\/","name":"SES Creative","description":"","publisher":{"@id":"https:\/\/ses-creative.com\/#organization"},"potentialAction":[{"@type":"SearchAction","target":{"@type":"EntryPoint","urlTemplate":"https:\/\/ses-creative.com\/?s={search_term_string}"},"query-input":{"@type":"PropertyValueSpecification","valueRequired":true,"valueName":"search_term_string"}}],"inLanguage":"de"},{"@type":"Organization","@id":"https:\/\/ses-creative.com\/#organization","name":"SES Creative","url":"https:\/\/ses-creative.com\/","logo":{"@type":"ImageObject","inLanguage":"de","@id":"https:\/\/ses-creative.com\/#\/schema\/logo\/image\/","url":"https:\/\/ses-creative.com\/wp-content\/uploads\/2025\/10\/ses-creative-logo.jpg","contentUrl":"https:\/\/ses-creative.com\/wp-content\/uploads\/2025\/10\/ses-creative-logo.jpg","width":2037,"height":2037,"caption":"SES Creative"},"image":{"@id":"https:\/\/ses-creative.com\/#\/schema\/logo\/image\/"}}]}},"_links":{"self":[{"href":"https:\/\/ses-creative.com\/de\/wp-json\/wp\/v2\/product\/118868","targetHints":{"allow":["GET"]}}],"collection":[{"href":"https:\/\/ses-creative.com\/de\/wp-json\/wp\/v2\/product"}],"about":[{"href":"https:\/\/ses-creative.com\/de\/wp-json\/wp\/v2\/types\/product"}],"replies":[{"embeddable":true,"href":"https:\/\/ses-creative.com\/de\/wp-json\/wp\/v2\/comments?post=118868"}],"wp:featuredmedia":[{"embeddable":true,"href":"https:\/\/ses-creative.com\/de\/wp-json\/wp\/v2\/media\/119063"}],"wp:attachment":[{"href":"https:\/\/ses-creative.com\/de\/wp-json\/wp\/v2\/media?parent=118868"}],"wp:term":[{"taxonomy":"product_brand","embeddable":true,"href":"https:\/\/ses-creative.com\/de\/wp-json\/wp\/v2\/product_brand?post=118868"},{"taxonomy":"product_cat","embeddable":true,"href":"https:\/\/ses-creative.com\/de\/wp-json\/wp\/v2\/product_cat?post=118868"},{"taxonomy":"product_tag","embeddable":true,"href":"https:\/\/ses-creative.com\/de\/wp-json\/wp\/v2\/product_tag?post=118868"}],"curies":[{"name":"wp","href":"https:\/\/api.w.org\/{rel}","templated":true}]}}