











{"id":118866,"date":"2026-03-05T16:47:56","date_gmt":"2026-03-05T16:47:56","guid":{"rendered":"https:\/\/ses-creative.com\/?post_type=product&#038;p=118866"},"modified":"2026-03-06T07:01:02","modified_gmt":"2026-03-06T07:01:02","slug":"blow-airbrush-pens-power-pastell-und-parfum-12-st","status":"publish","type":"product","link":"https:\/\/ses-creative.com\/de\/produkt\/blow-airbrush-pens-power-pastell-und-parfum-12-st\/","title":{"rendered":"Blow Airbrush Pens \u2013 Power Pastell und Parfum 12 St."},"content":{"rendered":"<p>Schaffen Sie sch\u00f6ne Kunstwerke mit angenehmen<br \/>\nMit Blow Airbrush Pens \u2013 Power, Pastell und Parfum schaffen Kinder ab 5 Jahren die sch\u00f6nsten Kunstwerke mit einem \u00fcberraschenden Airbrush-Effekt. Blasen Sie durch den Stift f\u00fcr farbenfrohe Kreationen oder drehen Sie die Kappe und verwenden Sie sie wie normale Filzstifte. Entdecken Sie duftende, leuchtende und pastellfarbene Farben f\u00fcr unendliche Kombinationsm\u00f6glichkeiten in diesem gro\u00dfen Set.<\/p>\n<p>Was dieses Set so toll macht<br \/>\n\u2022 Drei Arten von Blasestiften: parf\u00fcmiert, Pastellfarben und leuchtende Farben.<br \/>\n\u2022 Zw\u00f6lf Stifte f\u00fcr unendliche kreative M\u00f6glichkeiten.<br \/>\n\u2022 Erstellen Sie wundersch\u00f6ne Farbverl\u00e4ufe und Spezialeffekte.<br \/>\n\u2022 Schaffen Sie Kunstwerke, die herrlich nach Erdbeere, Zitrusfr\u00fcchten, Apfel und Heidelbeere.<br \/>\n\u2022 Sowohl als Blasestift als auch als normaler Stift verwendbar.<\/p>\n<p>Farbe, Parfum und Kreativit\u00e4t Mit Blow Airbrush Pens wird jedes Kunstwerk zu einem Fest f\u00fcr die Sinne. Die leuchtenden Farben springen f\u00f6rmlich aus dem Papier, die Pastellt\u00f6ne sorgen f\u00fcr eine sanfte Note und die Duftstifte f\u00fcgen ein lustiges Element hinzu. Ob Sie nun Karten basteln, Poster verzieren oder mit Farbverl\u00e4ufen experimentieren, dieses Set bietet immer etwas Neues zu entdecken.<\/p>\n<p>Inhalt des Sets<br \/>\n\u2022 Blow Airbrush Filzstift Power orange, t\u00fcrkis, blau und rosa<br \/>\n\u2022 Blow Airbrush Filzstift Parfum Erdbeer (rot), Zitrone (gelb), Apfel (hellgr\u00fcn), Beeren (violett)<br \/>\n\u2022 Blas-Airbrush-Filzstift, pastell mintgr\u00fcn, pastell lila, pastell lavendel violett und pastell lachsrosa<\/p>\n<p>Warum SES Creative?<br \/>\nBei SES Creative legen wir gro\u00dfen Wert auf Sicherheit. Deshalb werden die Produkte in unserem Werk in den Niederlanden nach den strengsten europ\u00e4ischen Sicherheitsstandards hergestellt und getestet. Spielzeug von SES Creative sorgt f\u00fcr Spa\u00df und soll Kindern ein Gef\u00fchl des Stolzes auf ihre Arbeit vermitteln, was ihre Kreativit\u00e4t und Entwicklung f\u00f6rdert. Erwecke deine Fantasie mit Blow Airbrush Pens zum Leben!<\/p>\n","protected":false},"excerpt":{"rendered":"<p>Schaffen Sie sch\u00f6ne Kunstwerke mit angenehmen Mit Blow Airbrush Pens \u2013 Power, Pastell und Parfum schaffen Kinder ab 5 Jahren die sch\u00f6nsten Kunstwerke mit einem \u00fcberraschenden Airbrush-Effekt. Blasen Sie durch den Stift f\u00fcr farbenfrohe Kreationen oder drehen Sie die Kappe und verwenden Sie sie wie normale Filzstifte. Entdecken Sie duftende, leuchtende und pastellfarbene Farben f\u00fcr [&hellip;]<\/p>\n","protected":false},"featured_media":118903,"comment_status":"closed","ping_status":"closed","template":"","meta":{"_acf_changed":false},"product_brand":[],"product_cat":[115],"product_tag":[],"class_list":{"0":"post-118866","1":"product","2":"type-product","3":"status-publish","4":"has-post-thumbnail","6":"product_cat-basteln","7":"pa_collecties-colouring-and-painting","8":"pa_leeftijd-filter-4-6-jaar","9":"pa_leeftijd-filter-4-6-jahre","10":"pa_meest-populair-bij-jongens-meisjes","11":"pa_meest-populair-bij-jungen-maedchen","13":"first","14":"instock","15":"shipping-taxable","16":"product-type-simple"},"acf":[],"yoast_head":"<!-- This site is optimized with the Yoast SEO plugin v27.5 - https:\/\/yoast.com\/product\/yoast-seo-wordpress\/ -->\n<title>Blow Airbrush Pens \u2013 Power Pastell und Parfum 12 St. - SES Creative<\/title>\n<meta name=\"robots\" content=\"index, follow, max-snippet:-1, max-image-preview:large, max-video-preview:-1\" \/>\n<link rel=\"canonical\" href=\"https:\/\/ses-creative.com\/de\/produkt\/blow-airbrush-pens-power-pastell-und-parfum-12-st\/\" \/>\n<meta property=\"og:locale\" content=\"de_DE\" \/>\n<meta property=\"og:type\" content=\"article\" \/>\n<meta property=\"og:title\" content=\"Blow Airbrush Pens \u2013 Power Pastell und Parfum 12 St. - SES Creative\" \/>\n<meta property=\"og:description\" content=\"Schaffen Sie sch\u00f6ne Kunstwerke mit angenehmen Mit Blow Airbrush Pens \u2013 Power, Pastell und Parfum schaffen Kinder ab 5 Jahren die sch\u00f6nsten Kunstwerke mit einem \u00fcberraschenden Airbrush-Effekt. Blasen Sie durch den Stift f\u00fcr farbenfrohe Kreationen oder drehen Sie die Kappe und verwenden Sie sie wie normale Filzstifte. Entdecken Sie duftende, leuchtende und pastellfarbene Farben f\u00fcr [&hellip;]\" \/>\n<meta property=\"og:url\" content=\"https:\/\/ses-creative.com\/de\/produkt\/blow-airbrush-pens-power-pastell-und-parfum-12-st\/\" \/>\n<meta property=\"og:site_name\" content=\"SES Creative\" \/>\n<meta property=\"article:modified_time\" content=\"2026-03-06T07:01:02+00:00\" \/>\n<meta name=\"twitter:card\" content=\"summary_large_image\" \/>\n<meta name=\"twitter:label1\" content=\"Gesch\u00e4tzte Lesezeit\" \/>\n\t<meta name=\"twitter:data1\" content=\"1\u00a0Minute\" \/>\n<script type=\"application\/ld+json\" class=\"yoast-schema-graph\">{\"@context\":\"https:\\\/\\\/schema.org\",\"@graph\":[{\"@type\":\"WebPage\",\"@id\":\"https:\\\/\\\/ses-creative.com\\\/de\\\/produkt\\\/blow-airbrush-pens-power-pastell-und-parfum-12-st\\\/\",\"url\":\"https:\\\/\\\/ses-creative.com\\\/de\\\/produkt\\\/blow-airbrush-pens-power-pastell-und-parfum-12-st\\\/\",\"name\":\"Blow Airbrush Pens \u2013 Power Pastell und Parfum 12 St. - SES Creative\",\"isPartOf\":{\"@id\":\"https:\\\/\\\/ses-creative.com\\\/#website\"},\"primaryImageOfPage\":{\"@id\":\"https:\\\/\\\/ses-creative.com\\\/de\\\/produkt\\\/blow-airbrush-pens-power-pastell-und-parfum-12-st\\\/#primaryimage\"},\"image\":{\"@id\":\"https:\\\/\\\/ses-creative.com\\\/de\\\/produkt\\\/blow-airbrush-pens-power-pastell-und-parfum-12-st\\\/#primaryimage\"},\"thumbnailUrl\":\"https:\\\/\\\/ses-creative.com\\\/wp-content\\\/uploads\\\/2026\\\/03\\\/002841-1.jpg\",\"datePublished\":\"2026-03-05T16:47:56+00:00\",\"dateModified\":\"2026-03-06T07:01:02+00:00\",\"breadcrumb\":{\"@id\":\"https:\\\/\\\/ses-creative.com\\\/de\\\/produkt\\\/blow-airbrush-pens-power-pastell-und-parfum-12-st\\\/#breadcrumb\"},\"inLanguage\":\"de\",\"potentialAction\":[{\"@type\":\"ReadAction\",\"target\":[\"https:\\\/\\\/ses-creative.com\\\/de\\\/produkt\\\/blow-airbrush-pens-power-pastell-und-parfum-12-st\\\/\"]}]},{\"@type\":\"ImageObject\",\"inLanguage\":\"de\",\"@id\":\"https:\\\/\\\/ses-creative.com\\\/de\\\/produkt\\\/blow-airbrush-pens-power-pastell-und-parfum-12-st\\\/#primaryimage\",\"url\":\"https:\\\/\\\/ses-creative.com\\\/wp-content\\\/uploads\\\/2026\\\/03\\\/002841-1.jpg\",\"contentUrl\":\"https:\\\/\\\/ses-creative.com\\\/wp-content\\\/uploads\\\/2026\\\/03\\\/002841-1.jpg\",\"width\":1000,\"height\":1000},{\"@type\":\"BreadcrumbList\",\"@id\":\"https:\\\/\\\/ses-creative.com\\\/de\\\/produkt\\\/blow-airbrush-pens-power-pastell-und-parfum-12-st\\\/#breadcrumb\",\"itemListElement\":[{\"@type\":\"ListItem\",\"position\":1,\"name\":\"Shop\",\"item\":\"https:\\\/\\\/ses-creative.com\\\/de\\\/shop\\\/\"},{\"@type\":\"ListItem\",\"position\":2,\"name\":\"Knutselen\",\"item\":\"https:\\\/\\\/ses-creative.com\\\/product-categorie\\\/knutselen\\\/\"},{\"@type\":\"ListItem\",\"position\":3,\"name\":\"Blow Airbrush Pens \u2013 Power Pastell und Parfum 12 St.\"}]},{\"@type\":\"WebSite\",\"@id\":\"https:\\\/\\\/ses-creative.com\\\/#website\",\"url\":\"https:\\\/\\\/ses-creative.com\\\/\",\"name\":\"SES Creative\",\"description\":\"\",\"publisher\":{\"@id\":\"https:\\\/\\\/ses-creative.com\\\/#organization\"},\"potentialAction\":[{\"@type\":\"SearchAction\",\"target\":{\"@type\":\"EntryPoint\",\"urlTemplate\":\"https:\\\/\\\/ses-creative.com\\\/?s={search_term_string}\"},\"query-input\":{\"@type\":\"PropertyValueSpecification\",\"valueRequired\":true,\"valueName\":\"search_term_string\"}}],\"inLanguage\":\"de\"},{\"@type\":\"Organization\",\"@id\":\"https:\\\/\\\/ses-creative.com\\\/#organization\",\"name\":\"SES Creative\",\"url\":\"https:\\\/\\\/ses-creative.com\\\/\",\"logo\":{\"@type\":\"ImageObject\",\"inLanguage\":\"de\",\"@id\":\"https:\\\/\\\/ses-creative.com\\\/#\\\/schema\\\/logo\\\/image\\\/\",\"url\":\"https:\\\/\\\/ses-creative.com\\\/wp-content\\\/uploads\\\/2025\\\/10\\\/ses-creative-logo.jpg\",\"contentUrl\":\"https:\\\/\\\/ses-creative.com\\\/wp-content\\\/uploads\\\/2025\\\/10\\\/ses-creative-logo.jpg\",\"width\":2037,\"height\":2037,\"caption\":\"SES Creative\"},\"image\":{\"@id\":\"https:\\\/\\\/ses-creative.com\\\/#\\\/schema\\\/logo\\\/image\\\/\"}}]}<\/script>\n<!-- \/ Yoast SEO plugin. -->","yoast_head_json":{"title":"Blow Airbrush Pens \u2013 Power Pastell und Parfum 12 St. - SES Creative","robots":{"index":"index","follow":"follow","max-snippet":"max-snippet:-1","max-image-preview":"max-image-preview:large","max-video-preview":"max-video-preview:-1"},"canonical":"https:\/\/ses-creative.com\/de\/produkt\/blow-airbrush-pens-power-pastell-und-parfum-12-st\/","og_locale":"de_DE","og_type":"article","og_title":"Blow Airbrush Pens \u2013 Power Pastell und Parfum 12 St. - SES Creative","og_description":"Schaffen Sie sch\u00f6ne Kunstwerke mit angenehmen Mit Blow Airbrush Pens \u2013 Power, Pastell und Parfum schaffen Kinder ab 5 Jahren die sch\u00f6nsten Kunstwerke mit einem \u00fcberraschenden Airbrush-Effekt. Blasen Sie durch den Stift f\u00fcr farbenfrohe Kreationen oder drehen Sie die Kappe und verwenden Sie sie wie normale Filzstifte. Entdecken Sie duftende, leuchtende und pastellfarbene Farben f\u00fcr [&hellip;]","og_url":"https:\/\/ses-creative.com\/de\/produkt\/blow-airbrush-pens-power-pastell-und-parfum-12-st\/","og_site_name":"SES Creative","article_modified_time":"2026-03-06T07:01:02+00:00","twitter_card":"summary_large_image","twitter_misc":{"Gesch\u00e4tzte Lesezeit":"1\u00a0Minute"},"schema":{"@context":"https:\/\/schema.org","@graph":[{"@type":"WebPage","@id":"https:\/\/ses-creative.com\/de\/produkt\/blow-airbrush-pens-power-pastell-und-parfum-12-st\/","url":"https:\/\/ses-creative.com\/de\/produkt\/blow-airbrush-pens-power-pastell-und-parfum-12-st\/","name":"Blow Airbrush Pens \u2013 Power Pastell und Parfum 12 St. - SES Creative","isPartOf":{"@id":"https:\/\/ses-creative.com\/#website"},"primaryImageOfPage":{"@id":"https:\/\/ses-creative.com\/de\/produkt\/blow-airbrush-pens-power-pastell-und-parfum-12-st\/#primaryimage"},"image":{"@id":"https:\/\/ses-creative.com\/de\/produkt\/blow-airbrush-pens-power-pastell-und-parfum-12-st\/#primaryimage"},"thumbnailUrl":"https:\/\/ses-creative.com\/wp-content\/uploads\/2026\/03\/002841-1.jpg","datePublished":"2026-03-05T16:47:56+00:00","dateModified":"2026-03-06T07:01:02+00:00","breadcrumb":{"@id":"https:\/\/ses-creative.com\/de\/produkt\/blow-airbrush-pens-power-pastell-und-parfum-12-st\/#breadcrumb"},"inLanguage":"de","potentialAction":[{"@type":"ReadAction","target":["https:\/\/ses-creative.com\/de\/produkt\/blow-airbrush-pens-power-pastell-und-parfum-12-st\/"]}]},{"@type":"ImageObject","inLanguage":"de","@id":"https:\/\/ses-creative.com\/de\/produkt\/blow-airbrush-pens-power-pastell-und-parfum-12-st\/#primaryimage","url":"https:\/\/ses-creative.com\/wp-content\/uploads\/2026\/03\/002841-1.jpg","contentUrl":"https:\/\/ses-creative.com\/wp-content\/uploads\/2026\/03\/002841-1.jpg","width":1000,"height":1000},{"@type":"BreadcrumbList","@id":"https:\/\/ses-creative.com\/de\/produkt\/blow-airbrush-pens-power-pastell-und-parfum-12-st\/#breadcrumb","itemListElement":[{"@type":"ListItem","position":1,"name":"Shop","item":"https:\/\/ses-creative.com\/de\/shop\/"},{"@type":"ListItem","position":2,"name":"Knutselen","item":"https:\/\/ses-creative.com\/product-categorie\/knutselen\/"},{"@type":"ListItem","position":3,"name":"Blow Airbrush Pens \u2013 Power Pastell und Parfum 12 St."}]},{"@type":"WebSite","@id":"https:\/\/ses-creative.com\/#website","url":"https:\/\/ses-creative.com\/","name":"SES Creative","description":"","publisher":{"@id":"https:\/\/ses-creative.com\/#organization"},"potentialAction":[{"@type":"SearchAction","target":{"@type":"EntryPoint","urlTemplate":"https:\/\/ses-creative.com\/?s={search_term_string}"},"query-input":{"@type":"PropertyValueSpecification","valueRequired":true,"valueName":"search_term_string"}}],"inLanguage":"de"},{"@type":"Organization","@id":"https:\/\/ses-creative.com\/#organization","name":"SES Creative","url":"https:\/\/ses-creative.com\/","logo":{"@type":"ImageObject","inLanguage":"de","@id":"https:\/\/ses-creative.com\/#\/schema\/logo\/image\/","url":"https:\/\/ses-creative.com\/wp-content\/uploads\/2025\/10\/ses-creative-logo.jpg","contentUrl":"https:\/\/ses-creative.com\/wp-content\/uploads\/2025\/10\/ses-creative-logo.jpg","width":2037,"height":2037,"caption":"SES Creative"},"image":{"@id":"https:\/\/ses-creative.com\/#\/schema\/logo\/image\/"}}]}},"_links":{"self":[{"href":"https:\/\/ses-creative.com\/de\/wp-json\/wp\/v2\/product\/118866","targetHints":{"allow":["GET"]}}],"collection":[{"href":"https:\/\/ses-creative.com\/de\/wp-json\/wp\/v2\/product"}],"about":[{"href":"https:\/\/ses-creative.com\/de\/wp-json\/wp\/v2\/types\/product"}],"replies":[{"embeddable":true,"href":"https:\/\/ses-creative.com\/de\/wp-json\/wp\/v2\/comments?post=118866"}],"wp:featuredmedia":[{"embeddable":true,"href":"https:\/\/ses-creative.com\/de\/wp-json\/wp\/v2\/media\/118903"}],"wp:attachment":[{"href":"https:\/\/ses-creative.com\/de\/wp-json\/wp\/v2\/media?parent=118866"}],"wp:term":[{"taxonomy":"product_brand","embeddable":true,"href":"https:\/\/ses-creative.com\/de\/wp-json\/wp\/v2\/product_brand?post=118866"},{"taxonomy":"product_cat","embeddable":true,"href":"https:\/\/ses-creative.com\/de\/wp-json\/wp\/v2\/product_cat?post=118866"},{"taxonomy":"product_tag","embeddable":true,"href":"https:\/\/ses-creative.com\/de\/wp-json\/wp\/v2\/product_tag?post=118866"}],"curies":[{"name":"wp","href":"https:\/\/api.w.org\/{rel}","templated":true}]}}