











{"id":118865,"date":"2026-03-05T16:34:24","date_gmt":"2026-03-05T16:34:24","guid":{"rendered":"https:\/\/ses-creative.com\/?post_type=product&#038;p=118865"},"modified":"2026-03-06T07:01:02","modified_gmt":"2026-03-06T07:01:02","slug":"squeegee-art-2","status":"publish","type":"product","link":"https:\/\/ses-creative.com\/de\/produkt\/squeegee-art-2\/","title":{"rendered":"Squeegee Art"},"content":{"rendered":"<p>Squeegee Art f\u00fcr kleine<br \/>\nMit Squeegee Art von SES Creative k\u00f6nnen Kinder ab 5 Jahren farbenfrohe Kunstwerke mit \u00fcberraschenden Mustern gestalten. Tragen Sie Farbe auf das illustrierte Papier auf und streichen Sie sie mit dem speziellen Squeegee-Werkzeug aus, um ein einzigartiges und unerwartetes Ergebnis zu erzielen.<\/p>\n<p>Was dieses Set so toll macht<br \/>\n\u2022 Mit dem flexiblen Squeegee-Werkzeug lassen sich \u00fcberraschende Kunstwerke schaffen.<br \/>\n\u2022 Ganz einfach: Farbtupfer oder -streifen auftragen und verwischen.<br \/>\n\u2022 Mit verst\u00e4ndlicher Anleitung f\u00fcr verschiedene Muster.<br \/>\n\u2022 Viel Abwechslung mit verschiedenen Karten und Farbmuster.<br \/>\n\u2022 Wiederverwendbares, robustes Werkzeug und gut auswaschbare Farbe.<\/p>\n<p>Kreatives Spielen mitSqueegee Art verleiht jedem Kunstwerk einen eigenen Charakter. Das Verwischen von Farbe macht nicht nur Spa\u00df, sondern ist auch jedes Mal eine \u00dcberraschung: Keine zwei Kreationen sind gleich. Ideal f\u00fcr Kinder, die gerne mit Farben und Formen experimentieren, zu Hause oder im Unterricht.<\/p>\n<p>Inhalt des Sets<br \/>\n\u2022 Farbspritzpistole<br \/>\n\u2022 Glitzerkleber silber in Tube<br \/>\n\u2022 16 Squeegee Art-Karten<br \/>\n\u2022 Rakel<br \/>\n\u2022 Anleitung<br \/>\n\u2022 Farbe gr\u00fcn, gelb, rosa, orange und lila<\/p>\n<p>Warum SES Creative w\u00e4hlen<br \/>\nBei SES Creative legen wir gro\u00dfen Wert auf Sicherheit. Deshalb werden die Produkte in unserem Werk in den Niederlanden nach den strengsten europ\u00e4ischen Sicherheitsnormen hergestellt und getestet. Spielzeug von SES Creative sorgt f\u00fcr Spa\u00df und soll Kindern erm\u00f6glichen, stolz auf ihre Arbeit zu sein, was ihre Kreativit\u00e4t und Entwicklung f\u00f6rdert.<\/p>\n<p>Entdecken Sie \u00fcberraschende Muster und Farbkombinationen mit Squeegee Art!<\/p>\n","protected":false},"excerpt":{"rendered":"<p>Squeegee Art f\u00fcr kleine Mit Squeegee Art von SES Creative k\u00f6nnen Kinder ab 5 Jahren farbenfrohe Kunstwerke mit \u00fcberraschenden Mustern gestalten. Tragen Sie Farbe auf das illustrierte Papier auf und streichen Sie sie mit dem speziellen Squeegee-Werkzeug aus, um ein einzigartiges und unerwartetes Ergebnis zu erzielen. Was dieses Set so toll macht \u2022 Mit dem [&hellip;]<\/p>\n","protected":false},"featured_media":90452,"comment_status":"open","ping_status":"closed","template":"","meta":{"_acf_changed":false},"product_brand":[],"product_cat":[115],"product_tag":[],"class_list":{"0":"post-118865","1":"product","2":"type-product","3":"status-publish","4":"has-post-thumbnail","6":"product_cat-basteln","7":"pa_collecties-hobby-pink","8":"pa_leeftijd-filter-4-6-jaar","9":"pa_leeftijd-filter-4-6-jahre","10":"pa_meest-populair-bij-maedchen","11":"pa_meest-populair-bij-meisjes","13":"first","14":"instock","15":"shipping-taxable","16":"product-type-simple"},"acf":[],"yoast_head":"<!-- This site is optimized with the Yoast SEO plugin v27.2 - https:\/\/yoast.com\/product\/yoast-seo-wordpress\/ -->\n<title>Squeegee Art - SES Creative<\/title>\n<meta name=\"robots\" content=\"index, follow, max-snippet:-1, max-image-preview:large, max-video-preview:-1\" \/>\n<link rel=\"canonical\" href=\"https:\/\/ses-creative.com\/produkt\/squeegee-art\/\" \/>\n<meta property=\"og:locale\" content=\"de_DE\" \/>\n<meta property=\"og:type\" content=\"article\" \/>\n<meta property=\"og:title\" content=\"Squeegee Art - SES Creative\" \/>\n<meta property=\"og:description\" content=\"Squeegee Art f\u00fcr kleine Mit Squeegee Art von SES Creative k\u00f6nnen Kinder ab 5 Jahren farbenfrohe Kunstwerke mit \u00fcberraschenden Mustern gestalten. Tragen Sie Farbe auf das illustrierte Papier auf und streichen Sie sie mit dem speziellen Squeegee-Werkzeug aus, um ein einzigartiges und unerwartetes Ergebnis zu erzielen. Was dieses Set so toll macht \u2022 Mit dem [&hellip;]\" \/>\n<meta property=\"og:url\" content=\"https:\/\/ses-creative.com\/produkt\/squeegee-art\/\" \/>\n<meta property=\"og:site_name\" content=\"SES Creative\" \/>\n<meta property=\"article:modified_time\" content=\"2026-03-06T07:01:02+00:00\" \/>\n<meta name=\"twitter:card\" content=\"summary_large_image\" \/>\n<meta name=\"twitter:label1\" content=\"Gesch\u00e4tzte Lesezeit\" \/>\n\t<meta name=\"twitter:data1\" content=\"1\u00a0Minute\" \/>\n<script type=\"application\/ld+json\" class=\"yoast-schema-graph\">{\"@context\":\"https:\/\/schema.org\",\"@graph\":[{\"@type\":\"WebPage\",\"@id\":\"https:\/\/ses-creative.com\/produkt\/squeegee-art\/\",\"url\":\"https:\/\/ses-creative.com\/produkt\/squeegee-art\/\",\"name\":\"Squeegee Art - SES Creative\",\"isPartOf\":{\"@id\":\"https:\/\/ses-creative.com\/#website\"},\"primaryImageOfPage\":{\"@id\":\"https:\/\/ses-creative.com\/produkt\/squeegee-art\/#primaryimage\"},\"image\":{\"@id\":\"https:\/\/ses-creative.com\/produkt\/squeegee-art\/#primaryimage\"},\"thumbnailUrl\":\"https:\/\/ses-creative.com\/wp-content\/uploads\/2025\/12\/14130(1).jpg\",\"datePublished\":\"2026-03-05T16:34:24+00:00\",\"dateModified\":\"2026-03-06T07:01:02+00:00\",\"breadcrumb\":{\"@id\":\"https:\/\/ses-creative.com\/produkt\/squeegee-art\/#breadcrumb\"},\"inLanguage\":\"de\",\"potentialAction\":[{\"@type\":\"ReadAction\",\"target\":[\"https:\/\/ses-creative.com\/produkt\/squeegee-art\/\"]}]},{\"@type\":\"ImageObject\",\"inLanguage\":\"de\",\"@id\":\"https:\/\/ses-creative.com\/produkt\/squeegee-art\/#primaryimage\",\"url\":\"https:\/\/ses-creative.com\/wp-content\/uploads\/2025\/12\/14130(1).jpg\",\"contentUrl\":\"https:\/\/ses-creative.com\/wp-content\/uploads\/2025\/12\/14130(1).jpg\",\"width\":1000,\"height\":1000},{\"@type\":\"BreadcrumbList\",\"@id\":\"https:\/\/ses-creative.com\/produkt\/squeegee-art\/#breadcrumb\",\"itemListElement\":[{\"@type\":\"ListItem\",\"position\":1,\"name\":\"Shop\",\"item\":\"https:\/\/ses-creative.com\/de\/shop\/\"},{\"@type\":\"ListItem\",\"position\":2,\"name\":\"Knutselen\",\"item\":\"https:\/\/ses-creative.com\/product-categorie\/knutselen\/\"},{\"@type\":\"ListItem\",\"position\":3,\"name\":\"Squeegee Art\"}]},{\"@type\":\"WebSite\",\"@id\":\"https:\/\/ses-creative.com\/#website\",\"url\":\"https:\/\/ses-creative.com\/\",\"name\":\"SES Creative\",\"description\":\"\",\"publisher\":{\"@id\":\"https:\/\/ses-creative.com\/#organization\"},\"potentialAction\":[{\"@type\":\"SearchAction\",\"target\":{\"@type\":\"EntryPoint\",\"urlTemplate\":\"https:\/\/ses-creative.com\/?s={search_term_string}\"},\"query-input\":{\"@type\":\"PropertyValueSpecification\",\"valueRequired\":true,\"valueName\":\"search_term_string\"}}],\"inLanguage\":\"de\"},{\"@type\":\"Organization\",\"@id\":\"https:\/\/ses-creative.com\/#organization\",\"name\":\"SES Creative\",\"url\":\"https:\/\/ses-creative.com\/\",\"logo\":{\"@type\":\"ImageObject\",\"inLanguage\":\"de\",\"@id\":\"https:\/\/ses-creative.com\/#\/schema\/logo\/image\/\",\"url\":\"https:\/\/ses-creative.com\/wp-content\/uploads\/2025\/10\/ses-creative-logo.jpg\",\"contentUrl\":\"https:\/\/ses-creative.com\/wp-content\/uploads\/2025\/10\/ses-creative-logo.jpg\",\"width\":2037,\"height\":2037,\"caption\":\"SES Creative\"},\"image\":{\"@id\":\"https:\/\/ses-creative.com\/#\/schema\/logo\/image\/\"}}]}<\/script>\n<!-- \/ Yoast SEO plugin. -->","yoast_head_json":{"title":"Squeegee Art - SES Creative","robots":{"index":"index","follow":"follow","max-snippet":"max-snippet:-1","max-image-preview":"max-image-preview:large","max-video-preview":"max-video-preview:-1"},"canonical":"https:\/\/ses-creative.com\/produkt\/squeegee-art\/","og_locale":"de_DE","og_type":"article","og_title":"Squeegee Art - SES Creative","og_description":"Squeegee Art f\u00fcr kleine Mit Squeegee Art von SES Creative k\u00f6nnen Kinder ab 5 Jahren farbenfrohe Kunstwerke mit \u00fcberraschenden Mustern gestalten. Tragen Sie Farbe auf das illustrierte Papier auf und streichen Sie sie mit dem speziellen Squeegee-Werkzeug aus, um ein einzigartiges und unerwartetes Ergebnis zu erzielen. Was dieses Set so toll macht \u2022 Mit dem [&hellip;]","og_url":"https:\/\/ses-creative.com\/produkt\/squeegee-art\/","og_site_name":"SES Creative","article_modified_time":"2026-03-06T07:01:02+00:00","twitter_card":"summary_large_image","twitter_misc":{"Gesch\u00e4tzte Lesezeit":"1\u00a0Minute"},"schema":{"@context":"https:\/\/schema.org","@graph":[{"@type":"WebPage","@id":"https:\/\/ses-creative.com\/produkt\/squeegee-art\/","url":"https:\/\/ses-creative.com\/produkt\/squeegee-art\/","name":"Squeegee Art - SES Creative","isPartOf":{"@id":"https:\/\/ses-creative.com\/#website"},"primaryImageOfPage":{"@id":"https:\/\/ses-creative.com\/produkt\/squeegee-art\/#primaryimage"},"image":{"@id":"https:\/\/ses-creative.com\/produkt\/squeegee-art\/#primaryimage"},"thumbnailUrl":"https:\/\/ses-creative.com\/wp-content\/uploads\/2025\/12\/14130(1).jpg","datePublished":"2026-03-05T16:34:24+00:00","dateModified":"2026-03-06T07:01:02+00:00","breadcrumb":{"@id":"https:\/\/ses-creative.com\/produkt\/squeegee-art\/#breadcrumb"},"inLanguage":"de","potentialAction":[{"@type":"ReadAction","target":["https:\/\/ses-creative.com\/produkt\/squeegee-art\/"]}]},{"@type":"ImageObject","inLanguage":"de","@id":"https:\/\/ses-creative.com\/produkt\/squeegee-art\/#primaryimage","url":"https:\/\/ses-creative.com\/wp-content\/uploads\/2025\/12\/14130(1).jpg","contentUrl":"https:\/\/ses-creative.com\/wp-content\/uploads\/2025\/12\/14130(1).jpg","width":1000,"height":1000},{"@type":"BreadcrumbList","@id":"https:\/\/ses-creative.com\/produkt\/squeegee-art\/#breadcrumb","itemListElement":[{"@type":"ListItem","position":1,"name":"Shop","item":"https:\/\/ses-creative.com\/de\/shop\/"},{"@type":"ListItem","position":2,"name":"Knutselen","item":"https:\/\/ses-creative.com\/product-categorie\/knutselen\/"},{"@type":"ListItem","position":3,"name":"Squeegee Art"}]},{"@type":"WebSite","@id":"https:\/\/ses-creative.com\/#website","url":"https:\/\/ses-creative.com\/","name":"SES Creative","description":"","publisher":{"@id":"https:\/\/ses-creative.com\/#organization"},"potentialAction":[{"@type":"SearchAction","target":{"@type":"EntryPoint","urlTemplate":"https:\/\/ses-creative.com\/?s={search_term_string}"},"query-input":{"@type":"PropertyValueSpecification","valueRequired":true,"valueName":"search_term_string"}}],"inLanguage":"de"},{"@type":"Organization","@id":"https:\/\/ses-creative.com\/#organization","name":"SES Creative","url":"https:\/\/ses-creative.com\/","logo":{"@type":"ImageObject","inLanguage":"de","@id":"https:\/\/ses-creative.com\/#\/schema\/logo\/image\/","url":"https:\/\/ses-creative.com\/wp-content\/uploads\/2025\/10\/ses-creative-logo.jpg","contentUrl":"https:\/\/ses-creative.com\/wp-content\/uploads\/2025\/10\/ses-creative-logo.jpg","width":2037,"height":2037,"caption":"SES Creative"},"image":{"@id":"https:\/\/ses-creative.com\/#\/schema\/logo\/image\/"}}]}},"_links":{"self":[{"href":"https:\/\/ses-creative.com\/de\/wp-json\/wp\/v2\/product\/118865","targetHints":{"allow":["GET"]}}],"collection":[{"href":"https:\/\/ses-creative.com\/de\/wp-json\/wp\/v2\/product"}],"about":[{"href":"https:\/\/ses-creative.com\/de\/wp-json\/wp\/v2\/types\/product"}],"replies":[{"embeddable":true,"href":"https:\/\/ses-creative.com\/de\/wp-json\/wp\/v2\/comments?post=118865"}],"wp:featuredmedia":[{"embeddable":true,"href":"https:\/\/ses-creative.com\/de\/wp-json\/wp\/v2\/media\/90452"}],"wp:attachment":[{"href":"https:\/\/ses-creative.com\/de\/wp-json\/wp\/v2\/media?parent=118865"}],"wp:term":[{"taxonomy":"product_brand","embeddable":true,"href":"https:\/\/ses-creative.com\/de\/wp-json\/wp\/v2\/product_brand?post=118865"},{"taxonomy":"product_cat","embeddable":true,"href":"https:\/\/ses-creative.com\/de\/wp-json\/wp\/v2\/product_cat?post=118865"},{"taxonomy":"product_tag","embeddable":true,"href":"https:\/\/ses-creative.com\/de\/wp-json\/wp\/v2\/product_tag?post=118865"}],"curies":[{"name":"wp","href":"https:\/\/api.w.org\/{rel}","templated":true}]}}