











{"id":114906,"date":"2026-02-05T13:53:10","date_gmt":"2026-02-05T13:53:10","guid":{"rendered":"https:\/\/ses-creative.com\/?post_type=product&#038;p=114906"},"modified":"2026-02-06T09:51:56","modified_gmt":"2026-02-06T09:51:56","slug":"zaubertuer","status":"publish","type":"product","link":"https:\/\/ses-creative.com\/de\/produkt\/zaubertuer\/","title":{"rendered":"Zaubert\u00fcr"},"content":{"rendered":"<p>Gestalte mit dem SES Creative Zaubert\u00fcr-Set eine mystische Miniwelt in deinem Garten. Verziere die Zaubert\u00fcr mit Buntstiften und klebe die im Dunkeln leuchtenden Aufkleber darauf \u2013 f\u00fcr einen besonders magischen Effekt im Dunkeln. Die FSC-Holzteile lassen sich einfach in den Boden stecken und ohne Klebstoff zusammenbauen. So gestaltest du eine stimmungsvolle Gartendekoration, in der fantasievolle Kreaturen leben k\u00f6nnen. Spa\u00df, Sicherheit und Kreativit\u00e4t f\u00fcr Kinder und Erwachsene!<\/p>\n","protected":false},"excerpt":{"rendered":"<p>Gestalte mit dem SES Creative Zaubert\u00fcr-Set eine mystische Miniwelt in deinem Garten. Verziere die Zaubert\u00fcr mit Buntstiften und klebe die im Dunkeln leuchtenden Aufkleber darauf \u2013 f\u00fcr einen besonders magischen Effekt im Dunkeln. Die FSC-Holzteile lassen sich einfach in den Boden stecken und ohne Klebstoff zusammenbauen. So gestaltest du eine stimmungsvolle Gartendekoration, in der fantasievolle [&hellip;]<\/p>\n","protected":false},"featured_media":0,"comment_status":"closed","ping_status":"closed","template":"","meta":{"_acf_changed":false},"product_brand":[],"product_cat":[121],"product_tag":[],"class_list":{"0":"post-114906","1":"product","2":"type-product","3":"status-publish","5":"product_cat-entdecken","6":"pa_leeftijd-filter-4-6-jahre","7":"pa_meest-populair-bij-jungen-maedchen","9":"first","10":"instock","11":"shipping-taxable","12":"product-type-simple"},"acf":[],"yoast_head":"<!-- This site is optimized with the Yoast SEO plugin v27.4 - https:\/\/yoast.com\/product\/yoast-seo-wordpress\/ -->\n<title>Zaubert\u00fcr - SES Creative<\/title>\n<meta name=\"robots\" content=\"index, follow, max-snippet:-1, max-image-preview:large, max-video-preview:-1\" \/>\n<link rel=\"canonical\" href=\"https:\/\/ses-creative.com\/de\/produkt\/zaubertuer\/\" \/>\n<meta property=\"og:locale\" content=\"de_DE\" \/>\n<meta property=\"og:type\" content=\"article\" \/>\n<meta property=\"og:title\" content=\"Zaubert\u00fcr - SES Creative\" \/>\n<meta property=\"og:description\" content=\"Gestalte mit dem SES Creative Zaubert\u00fcr-Set eine mystische Miniwelt in deinem Garten. Verziere die Zaubert\u00fcr mit Buntstiften und klebe die im Dunkeln leuchtenden Aufkleber darauf \u2013 f\u00fcr einen besonders magischen Effekt im Dunkeln. Die FSC-Holzteile lassen sich einfach in den Boden stecken und ohne Klebstoff zusammenbauen. So gestaltest du eine stimmungsvolle Gartendekoration, in der fantasievolle [&hellip;]\" \/>\n<meta property=\"og:url\" content=\"https:\/\/ses-creative.com\/de\/produkt\/zaubertuer\/\" \/>\n<meta property=\"og:site_name\" content=\"SES Creative\" \/>\n<meta property=\"article:modified_time\" content=\"2026-02-06T09:51:56+00:00\" \/>\n<meta name=\"twitter:card\" content=\"summary_large_image\" \/>\n<script type=\"application\/ld+json\" class=\"yoast-schema-graph\">{\"@context\":\"https:\\\/\\\/schema.org\",\"@graph\":[{\"@type\":\"WebPage\",\"@id\":\"https:\\\/\\\/ses-creative.com\\\/de\\\/produkt\\\/zaubertuer\\\/\",\"url\":\"https:\\\/\\\/ses-creative.com\\\/de\\\/produkt\\\/zaubertuer\\\/\",\"name\":\"Zaubert\u00fcr - SES Creative\",\"isPartOf\":{\"@id\":\"https:\\\/\\\/ses-creative.com\\\/#website\"},\"datePublished\":\"2026-02-05T13:53:10+00:00\",\"dateModified\":\"2026-02-06T09:51:56+00:00\",\"breadcrumb\":{\"@id\":\"https:\\\/\\\/ses-creative.com\\\/de\\\/produkt\\\/zaubertuer\\\/#breadcrumb\"},\"inLanguage\":\"de\",\"potentialAction\":[{\"@type\":\"ReadAction\",\"target\":[\"https:\\\/\\\/ses-creative.com\\\/de\\\/produkt\\\/zaubertuer\\\/\"]}]},{\"@type\":\"BreadcrumbList\",\"@id\":\"https:\\\/\\\/ses-creative.com\\\/de\\\/produkt\\\/zaubertuer\\\/#breadcrumb\",\"itemListElement\":[{\"@type\":\"ListItem\",\"position\":1,\"name\":\"Shop\",\"item\":\"https:\\\/\\\/ses-creative.com\\\/de\\\/shop\\\/\"},{\"@type\":\"ListItem\",\"position\":2,\"name\":\"Ontdekken\",\"item\":\"https:\\\/\\\/ses-creative.com\\\/product-categorie\\\/ontdekken\\\/\"},{\"@type\":\"ListItem\",\"position\":3,\"name\":\"Zaubert\u00fcr\"}]},{\"@type\":\"WebSite\",\"@id\":\"https:\\\/\\\/ses-creative.com\\\/#website\",\"url\":\"https:\\\/\\\/ses-creative.com\\\/\",\"name\":\"SES Creative\",\"description\":\"\",\"publisher\":{\"@id\":\"https:\\\/\\\/ses-creative.com\\\/#organization\"},\"potentialAction\":[{\"@type\":\"SearchAction\",\"target\":{\"@type\":\"EntryPoint\",\"urlTemplate\":\"https:\\\/\\\/ses-creative.com\\\/?s={search_term_string}\"},\"query-input\":{\"@type\":\"PropertyValueSpecification\",\"valueRequired\":true,\"valueName\":\"search_term_string\"}}],\"inLanguage\":\"de\"},{\"@type\":\"Organization\",\"@id\":\"https:\\\/\\\/ses-creative.com\\\/#organization\",\"name\":\"SES Creative\",\"url\":\"https:\\\/\\\/ses-creative.com\\\/\",\"logo\":{\"@type\":\"ImageObject\",\"inLanguage\":\"de\",\"@id\":\"https:\\\/\\\/ses-creative.com\\\/#\\\/schema\\\/logo\\\/image\\\/\",\"url\":\"https:\\\/\\\/ses-creative.com\\\/wp-content\\\/uploads\\\/2025\\\/10\\\/ses-creative-logo.jpg\",\"contentUrl\":\"https:\\\/\\\/ses-creative.com\\\/wp-content\\\/uploads\\\/2025\\\/10\\\/ses-creative-logo.jpg\",\"width\":2037,\"height\":2037,\"caption\":\"SES Creative\"},\"image\":{\"@id\":\"https:\\\/\\\/ses-creative.com\\\/#\\\/schema\\\/logo\\\/image\\\/\"}}]}<\/script>\n<!-- \/ Yoast SEO plugin. -->","yoast_head_json":{"title":"Zaubert\u00fcr - SES Creative","robots":{"index":"index","follow":"follow","max-snippet":"max-snippet:-1","max-image-preview":"max-image-preview:large","max-video-preview":"max-video-preview:-1"},"canonical":"https:\/\/ses-creative.com\/de\/produkt\/zaubertuer\/","og_locale":"de_DE","og_type":"article","og_title":"Zaubert\u00fcr - SES Creative","og_description":"Gestalte mit dem SES Creative Zaubert\u00fcr-Set eine mystische Miniwelt in deinem Garten. Verziere die Zaubert\u00fcr mit Buntstiften und klebe die im Dunkeln leuchtenden Aufkleber darauf \u2013 f\u00fcr einen besonders magischen Effekt im Dunkeln. Die FSC-Holzteile lassen sich einfach in den Boden stecken und ohne Klebstoff zusammenbauen. So gestaltest du eine stimmungsvolle Gartendekoration, in der fantasievolle [&hellip;]","og_url":"https:\/\/ses-creative.com\/de\/produkt\/zaubertuer\/","og_site_name":"SES Creative","article_modified_time":"2026-02-06T09:51:56+00:00","twitter_card":"summary_large_image","schema":{"@context":"https:\/\/schema.org","@graph":[{"@type":"WebPage","@id":"https:\/\/ses-creative.com\/de\/produkt\/zaubertuer\/","url":"https:\/\/ses-creative.com\/de\/produkt\/zaubertuer\/","name":"Zaubert\u00fcr - SES Creative","isPartOf":{"@id":"https:\/\/ses-creative.com\/#website"},"datePublished":"2026-02-05T13:53:10+00:00","dateModified":"2026-02-06T09:51:56+00:00","breadcrumb":{"@id":"https:\/\/ses-creative.com\/de\/produkt\/zaubertuer\/#breadcrumb"},"inLanguage":"de","potentialAction":[{"@type":"ReadAction","target":["https:\/\/ses-creative.com\/de\/produkt\/zaubertuer\/"]}]},{"@type":"BreadcrumbList","@id":"https:\/\/ses-creative.com\/de\/produkt\/zaubertuer\/#breadcrumb","itemListElement":[{"@type":"ListItem","position":1,"name":"Shop","item":"https:\/\/ses-creative.com\/de\/shop\/"},{"@type":"ListItem","position":2,"name":"Ontdekken","item":"https:\/\/ses-creative.com\/product-categorie\/ontdekken\/"},{"@type":"ListItem","position":3,"name":"Zaubert\u00fcr"}]},{"@type":"WebSite","@id":"https:\/\/ses-creative.com\/#website","url":"https:\/\/ses-creative.com\/","name":"SES Creative","description":"","publisher":{"@id":"https:\/\/ses-creative.com\/#organization"},"potentialAction":[{"@type":"SearchAction","target":{"@type":"EntryPoint","urlTemplate":"https:\/\/ses-creative.com\/?s={search_term_string}"},"query-input":{"@type":"PropertyValueSpecification","valueRequired":true,"valueName":"search_term_string"}}],"inLanguage":"de"},{"@type":"Organization","@id":"https:\/\/ses-creative.com\/#organization","name":"SES Creative","url":"https:\/\/ses-creative.com\/","logo":{"@type":"ImageObject","inLanguage":"de","@id":"https:\/\/ses-creative.com\/#\/schema\/logo\/image\/","url":"https:\/\/ses-creative.com\/wp-content\/uploads\/2025\/10\/ses-creative-logo.jpg","contentUrl":"https:\/\/ses-creative.com\/wp-content\/uploads\/2025\/10\/ses-creative-logo.jpg","width":2037,"height":2037,"caption":"SES Creative"},"image":{"@id":"https:\/\/ses-creative.com\/#\/schema\/logo\/image\/"}}]}},"_links":{"self":[{"href":"https:\/\/ses-creative.com\/de\/wp-json\/wp\/v2\/product\/114906","targetHints":{"allow":["GET"]}}],"collection":[{"href":"https:\/\/ses-creative.com\/de\/wp-json\/wp\/v2\/product"}],"about":[{"href":"https:\/\/ses-creative.com\/de\/wp-json\/wp\/v2\/types\/product"}],"replies":[{"embeddable":true,"href":"https:\/\/ses-creative.com\/de\/wp-json\/wp\/v2\/comments?post=114906"}],"wp:attachment":[{"href":"https:\/\/ses-creative.com\/de\/wp-json\/wp\/v2\/media?parent=114906"}],"wp:term":[{"taxonomy":"product_brand","embeddable":true,"href":"https:\/\/ses-creative.com\/de\/wp-json\/wp\/v2\/product_brand?post=114906"},{"taxonomy":"product_cat","embeddable":true,"href":"https:\/\/ses-creative.com\/de\/wp-json\/wp\/v2\/product_cat?post=114906"},{"taxonomy":"product_tag","embeddable":true,"href":"https:\/\/ses-creative.com\/de\/wp-json\/wp\/v2\/product_tag?post=114906"}],"curies":[{"name":"wp","href":"https:\/\/api.w.org\/{rel}","templated":true}]}}