











{"id":114905,"date":"2026-02-05T13:53:10","date_gmt":"2026-02-05T13:53:10","guid":{"rendered":"https:\/\/ses-creative.com\/?post_type=product&#038;p=114905"},"modified":"2026-02-06T09:51:56","modified_gmt":"2026-02-06T09:51:56","slug":"vogelhaus","status":"publish","type":"product","link":"https:\/\/ses-creative.com\/de\/produkt\/vogelhaus\/","title":{"rendered":"Vogelhaus"},"content":{"rendered":"<p>Bastle und dekoriere jetzt dein eigenes Vogelh\u00e4uschen mit SES Creative!<br \/>\nBieten Sie den V\u00f6geln in Ihrem Garten oder auf Ihrem Balkon mit diesen h\u00fcbschen Vogelh\u00e4uschen ein Zuhause. Sie k\u00f6nnen das Vogelh\u00e4uschen ganz selbst basteln und dekorieren, sodass jedes H\u00e4uschen ein Unikat wird. Mit der beiliegenden Anleitung l\u00e4sst es sich ganz einfach zusammenbauen. Das Set enth\u00e4lt alles, was Sie daf\u00fcr ben\u00f6tigen. Bieten Sie den V\u00f6geln einen sch\u00f6nen Platz in Ihrem Garten oder auf Ihrem Balkon.<br \/>\nWas dieses Set so toll macht<br \/>\n&#8211;    Bauen und dekorieren Sie Ihr eigenes Vogelh\u00e4uschen<br \/>\n&#8211;    H\u00e4ngen Sie das Vogelh\u00e4uschen in Ihrem Garten an einen Baum oder an die Wand und entdecken Sie, welche V\u00f6gel in Ihrem Garten auftauchen<br \/>\n&#8211;    Alle notwendigen Materialien zum Bau des Vogelh\u00e4uschens sind in diesem Set enthalten<br \/>\n&#8211;    Weckt die Neugierde f\u00fcr V\u00f6gel und die Natur<br \/>\n&#8211;    Aus Holz gefertigt<br \/>\nMachen Sie sich bereit, in eine Welt voller Kreativit\u00e4t und Natur einzutauchen.<br \/>\nBeim Bauen Ihres Vogelh\u00e4uschens k\u00f6nnen Sie Ihre handwerklichen F\u00e4higkeiten verbessern und gleichzeitig etwas \u00fcber die V\u00f6gel lernen, die zu Besuch kommen k\u00f6nnten. Es ist eine perfekte Mischung aus Spa\u00df und Bildung. In diesem Set finden Sie alles, was Sie zum Zusammenbauen und Dekorieren Ihres Vogelh\u00e4uschens ben\u00f6tigen. Es ist einfach zusammenzubauen und die fr\u00f6hlichen Aufkleber machen das H\u00e4uschen noch sch\u00f6ner. Entdecken Sie, welche V\u00f6gel Sie besuchen kommen<br \/>\nInhalt des Sets<br \/>\n&#8211;    Holzteile zum Bau des Vogelh\u00e4uschens<br \/>\n&#8211;    Fr\u00f6hliche Aufkleber<br \/>\n&#8211;    Kleber mit Pinsel<br \/>\n&#8211;    Anleitung<br \/>\nWarum SES Creative w\u00e4hlen?<br \/>\nBei SES Creative legen wir gro\u00dfen Wert auf Sicherheit. Deshalb werden die Produkte in unserer Fabrik in den Niederlanden nach den strengsten europ\u00e4ischen Sicherheitsnormen hergestellt und getestet. Spielzeug von SES Creative sorgt f\u00fcr Spa\u00df und soll Kindern ein Gef\u00fchl des Stolzes auf ihre Arbeit vermitteln, was ihre Kreativit\u00e4t und Entwicklung f\u00f6rdert.<br \/>\nFang jetzt mit dem Bauen an!<br \/>\nWorauf wartest du noch? Schnapp dir das Set, kremple die \u00c4rmel hoch und fang noch heute mit dem Bau eines Vogelh\u00e4uschens an. Du bastelst nicht nur, sondern schaffst ein Zuhause und l\u00e4dst die Natur direkt in deinen Garten ein. Mach es zu etwas Besonderem, mach es zu deinem eigenen!<\/p>\n","protected":false},"excerpt":{"rendered":"<p>Bastle und dekoriere jetzt dein eigenes Vogelh\u00e4uschen mit SES Creative! Bieten Sie den V\u00f6geln in Ihrem Garten oder auf Ihrem Balkon mit diesen h\u00fcbschen Vogelh\u00e4uschen ein Zuhause. Sie k\u00f6nnen das Vogelh\u00e4uschen ganz selbst basteln und dekorieren, sodass jedes H\u00e4uschen ein Unikat wird. Mit der beiliegenden Anleitung l\u00e4sst es sich ganz einfach zusammenbauen. Das Set enth\u00e4lt [&hellip;]<\/p>\n","protected":false},"featured_media":106556,"comment_status":"closed","ping_status":"closed","template":"","meta":{"_acf_changed":false},"product_brand":[],"product_cat":[121],"product_tag":[],"class_list":{"0":"post-114905","1":"product","2":"type-product","3":"status-publish","4":"has-post-thumbnail","6":"product_cat-entdecken","7":"pa_leeftijd-filter-4-6-jahre","8":"pa_meest-populair-bij-jungen-maedchen","10":"first","11":"instock","12":"shipping-taxable","13":"product-type-simple"},"acf":[],"yoast_head":"<!-- This site is optimized with the Yoast SEO plugin v27.4 - https:\/\/yoast.com\/product\/yoast-seo-wordpress\/ -->\n<title>Vogelhaus - SES Creative<\/title>\n<meta name=\"robots\" content=\"index, follow, max-snippet:-1, max-image-preview:large, max-video-preview:-1\" \/>\n<link rel=\"canonical\" href=\"https:\/\/ses-creative.com\/produkt\/vogelhuis\/\" \/>\n<meta property=\"og:locale\" content=\"de_DE\" \/>\n<meta property=\"og:type\" content=\"article\" \/>\n<meta property=\"og:title\" content=\"Vogelhaus - SES Creative\" \/>\n<meta property=\"og:description\" content=\"Bastle und dekoriere jetzt dein eigenes Vogelh\u00e4uschen mit SES Creative! Bieten Sie den V\u00f6geln in Ihrem Garten oder auf Ihrem Balkon mit diesen h\u00fcbschen Vogelh\u00e4uschen ein Zuhause. Sie k\u00f6nnen das Vogelh\u00e4uschen ganz selbst basteln und dekorieren, sodass jedes H\u00e4uschen ein Unikat wird. Mit der beiliegenden Anleitung l\u00e4sst es sich ganz einfach zusammenbauen. Das Set enth\u00e4lt [&hellip;]\" \/>\n<meta property=\"og:url\" content=\"https:\/\/ses-creative.com\/produkt\/vogelhuis\/\" \/>\n<meta property=\"og:site_name\" content=\"SES Creative\" \/>\n<meta property=\"article:modified_time\" content=\"2026-02-06T09:51:56+00:00\" \/>\n<meta property=\"og:image\" content=\"https:\/\/ses-creative.com\/wp-content\/uploads\/2026\/01\/252091.jpg\" \/>\n\t<meta property=\"og:image:width\" content=\"1000\" \/>\n\t<meta property=\"og:image:height\" content=\"1000\" \/>\n\t<meta property=\"og:image:type\" content=\"image\/jpeg\" \/>\n<meta name=\"twitter:card\" content=\"summary_large_image\" \/>\n<meta name=\"twitter:label1\" content=\"Gesch\u00e4tzte Lesezeit\" \/>\n\t<meta name=\"twitter:data1\" content=\"2\u00a0Minuten\" \/>\n<script type=\"application\/ld+json\" class=\"yoast-schema-graph\">{\"@context\":\"https:\\\/\\\/schema.org\",\"@graph\":[{\"@type\":\"WebPage\",\"@id\":\"https:\\\/\\\/ses-creative.com\\\/produkt\\\/vogelhuis\\\/\",\"url\":\"https:\\\/\\\/ses-creative.com\\\/produkt\\\/vogelhuis\\\/\",\"name\":\"Vogelhaus - SES Creative\",\"isPartOf\":{\"@id\":\"https:\\\/\\\/ses-creative.com\\\/#website\"},\"primaryImageOfPage\":{\"@id\":\"https:\\\/\\\/ses-creative.com\\\/produkt\\\/vogelhuis\\\/#primaryimage\"},\"image\":{\"@id\":\"https:\\\/\\\/ses-creative.com\\\/produkt\\\/vogelhuis\\\/#primaryimage\"},\"thumbnailUrl\":\"https:\\\/\\\/ses-creative.com\\\/wp-content\\\/uploads\\\/2026\\\/01\\\/252091.jpg\",\"datePublished\":\"2026-02-05T13:53:10+00:00\",\"dateModified\":\"2026-02-06T09:51:56+00:00\",\"breadcrumb\":{\"@id\":\"https:\\\/\\\/ses-creative.com\\\/produkt\\\/vogelhuis\\\/#breadcrumb\"},\"inLanguage\":\"de\",\"potentialAction\":[{\"@type\":\"ReadAction\",\"target\":[\"https:\\\/\\\/ses-creative.com\\\/produkt\\\/vogelhuis\\\/\"]}]},{\"@type\":\"ImageObject\",\"inLanguage\":\"de\",\"@id\":\"https:\\\/\\\/ses-creative.com\\\/produkt\\\/vogelhuis\\\/#primaryimage\",\"url\":\"https:\\\/\\\/ses-creative.com\\\/wp-content\\\/uploads\\\/2026\\\/01\\\/252091.jpg\",\"contentUrl\":\"https:\\\/\\\/ses-creative.com\\\/wp-content\\\/uploads\\\/2026\\\/01\\\/252091.jpg\",\"width\":1000,\"height\":1000},{\"@type\":\"BreadcrumbList\",\"@id\":\"https:\\\/\\\/ses-creative.com\\\/produkt\\\/vogelhuis\\\/#breadcrumb\",\"itemListElement\":[{\"@type\":\"ListItem\",\"position\":1,\"name\":\"Shop\",\"item\":\"https:\\\/\\\/ses-creative.com\\\/de\\\/shop\\\/\"},{\"@type\":\"ListItem\",\"position\":2,\"name\":\"Ontdekken\",\"item\":\"https:\\\/\\\/ses-creative.com\\\/product-categorie\\\/ontdekken\\\/\"},{\"@type\":\"ListItem\",\"position\":3,\"name\":\"Vogelhaus\"}]},{\"@type\":\"WebSite\",\"@id\":\"https:\\\/\\\/ses-creative.com\\\/#website\",\"url\":\"https:\\\/\\\/ses-creative.com\\\/\",\"name\":\"SES Creative\",\"description\":\"\",\"publisher\":{\"@id\":\"https:\\\/\\\/ses-creative.com\\\/#organization\"},\"potentialAction\":[{\"@type\":\"SearchAction\",\"target\":{\"@type\":\"EntryPoint\",\"urlTemplate\":\"https:\\\/\\\/ses-creative.com\\\/?s={search_term_string}\"},\"query-input\":{\"@type\":\"PropertyValueSpecification\",\"valueRequired\":true,\"valueName\":\"search_term_string\"}}],\"inLanguage\":\"de\"},{\"@type\":\"Organization\",\"@id\":\"https:\\\/\\\/ses-creative.com\\\/#organization\",\"name\":\"SES Creative\",\"url\":\"https:\\\/\\\/ses-creative.com\\\/\",\"logo\":{\"@type\":\"ImageObject\",\"inLanguage\":\"de\",\"@id\":\"https:\\\/\\\/ses-creative.com\\\/#\\\/schema\\\/logo\\\/image\\\/\",\"url\":\"https:\\\/\\\/ses-creative.com\\\/wp-content\\\/uploads\\\/2025\\\/10\\\/ses-creative-logo.jpg\",\"contentUrl\":\"https:\\\/\\\/ses-creative.com\\\/wp-content\\\/uploads\\\/2025\\\/10\\\/ses-creative-logo.jpg\",\"width\":2037,\"height\":2037,\"caption\":\"SES Creative\"},\"image\":{\"@id\":\"https:\\\/\\\/ses-creative.com\\\/#\\\/schema\\\/logo\\\/image\\\/\"}}]}<\/script>\n<!-- \/ Yoast SEO plugin. -->","yoast_head_json":{"title":"Vogelhaus - SES Creative","robots":{"index":"index","follow":"follow","max-snippet":"max-snippet:-1","max-image-preview":"max-image-preview:large","max-video-preview":"max-video-preview:-1"},"canonical":"https:\/\/ses-creative.com\/produkt\/vogelhuis\/","og_locale":"de_DE","og_type":"article","og_title":"Vogelhaus - SES Creative","og_description":"Bastle und dekoriere jetzt dein eigenes Vogelh\u00e4uschen mit SES Creative! Bieten Sie den V\u00f6geln in Ihrem Garten oder auf Ihrem Balkon mit diesen h\u00fcbschen Vogelh\u00e4uschen ein Zuhause. Sie k\u00f6nnen das Vogelh\u00e4uschen ganz selbst basteln und dekorieren, sodass jedes H\u00e4uschen ein Unikat wird. Mit der beiliegenden Anleitung l\u00e4sst es sich ganz einfach zusammenbauen. Das Set enth\u00e4lt [&hellip;]","og_url":"https:\/\/ses-creative.com\/produkt\/vogelhuis\/","og_site_name":"SES Creative","article_modified_time":"2026-02-06T09:51:56+00:00","og_image":[{"width":1000,"height":1000,"url":"https:\/\/ses-creative.com\/wp-content\/uploads\/2026\/01\/252091.jpg","type":"image\/jpeg"}],"twitter_card":"summary_large_image","twitter_misc":{"Gesch\u00e4tzte Lesezeit":"2\u00a0Minuten"},"schema":{"@context":"https:\/\/schema.org","@graph":[{"@type":"WebPage","@id":"https:\/\/ses-creative.com\/produkt\/vogelhuis\/","url":"https:\/\/ses-creative.com\/produkt\/vogelhuis\/","name":"Vogelhaus - SES Creative","isPartOf":{"@id":"https:\/\/ses-creative.com\/#website"},"primaryImageOfPage":{"@id":"https:\/\/ses-creative.com\/produkt\/vogelhuis\/#primaryimage"},"image":{"@id":"https:\/\/ses-creative.com\/produkt\/vogelhuis\/#primaryimage"},"thumbnailUrl":"https:\/\/ses-creative.com\/wp-content\/uploads\/2026\/01\/252091.jpg","datePublished":"2026-02-05T13:53:10+00:00","dateModified":"2026-02-06T09:51:56+00:00","breadcrumb":{"@id":"https:\/\/ses-creative.com\/produkt\/vogelhuis\/#breadcrumb"},"inLanguage":"de","potentialAction":[{"@type":"ReadAction","target":["https:\/\/ses-creative.com\/produkt\/vogelhuis\/"]}]},{"@type":"ImageObject","inLanguage":"de","@id":"https:\/\/ses-creative.com\/produkt\/vogelhuis\/#primaryimage","url":"https:\/\/ses-creative.com\/wp-content\/uploads\/2026\/01\/252091.jpg","contentUrl":"https:\/\/ses-creative.com\/wp-content\/uploads\/2026\/01\/252091.jpg","width":1000,"height":1000},{"@type":"BreadcrumbList","@id":"https:\/\/ses-creative.com\/produkt\/vogelhuis\/#breadcrumb","itemListElement":[{"@type":"ListItem","position":1,"name":"Shop","item":"https:\/\/ses-creative.com\/de\/shop\/"},{"@type":"ListItem","position":2,"name":"Ontdekken","item":"https:\/\/ses-creative.com\/product-categorie\/ontdekken\/"},{"@type":"ListItem","position":3,"name":"Vogelhaus"}]},{"@type":"WebSite","@id":"https:\/\/ses-creative.com\/#website","url":"https:\/\/ses-creative.com\/","name":"SES Creative","description":"","publisher":{"@id":"https:\/\/ses-creative.com\/#organization"},"potentialAction":[{"@type":"SearchAction","target":{"@type":"EntryPoint","urlTemplate":"https:\/\/ses-creative.com\/?s={search_term_string}"},"query-input":{"@type":"PropertyValueSpecification","valueRequired":true,"valueName":"search_term_string"}}],"inLanguage":"de"},{"@type":"Organization","@id":"https:\/\/ses-creative.com\/#organization","name":"SES Creative","url":"https:\/\/ses-creative.com\/","logo":{"@type":"ImageObject","inLanguage":"de","@id":"https:\/\/ses-creative.com\/#\/schema\/logo\/image\/","url":"https:\/\/ses-creative.com\/wp-content\/uploads\/2025\/10\/ses-creative-logo.jpg","contentUrl":"https:\/\/ses-creative.com\/wp-content\/uploads\/2025\/10\/ses-creative-logo.jpg","width":2037,"height":2037,"caption":"SES Creative"},"image":{"@id":"https:\/\/ses-creative.com\/#\/schema\/logo\/image\/"}}]}},"_links":{"self":[{"href":"https:\/\/ses-creative.com\/de\/wp-json\/wp\/v2\/product\/114905","targetHints":{"allow":["GET"]}}],"collection":[{"href":"https:\/\/ses-creative.com\/de\/wp-json\/wp\/v2\/product"}],"about":[{"href":"https:\/\/ses-creative.com\/de\/wp-json\/wp\/v2\/types\/product"}],"replies":[{"embeddable":true,"href":"https:\/\/ses-creative.com\/de\/wp-json\/wp\/v2\/comments?post=114905"}],"wp:featuredmedia":[{"embeddable":true,"href":"https:\/\/ses-creative.com\/de\/wp-json\/wp\/v2\/media\/106556"}],"wp:attachment":[{"href":"https:\/\/ses-creative.com\/de\/wp-json\/wp\/v2\/media?parent=114905"}],"wp:term":[{"taxonomy":"product_brand","embeddable":true,"href":"https:\/\/ses-creative.com\/de\/wp-json\/wp\/v2\/product_brand?post=114905"},{"taxonomy":"product_cat","embeddable":true,"href":"https:\/\/ses-creative.com\/de\/wp-json\/wp\/v2\/product_cat?post=114905"},{"taxonomy":"product_tag","embeddable":true,"href":"https:\/\/ses-creative.com\/de\/wp-json\/wp\/v2\/product_tag?post=114905"}],"curies":[{"name":"wp","href":"https:\/\/api.w.org\/{rel}","templated":true}]}}