











{"id":114903,"date":"2026-02-05T13:53:09","date_gmt":"2026-02-05T13:53:09","guid":{"rendered":"https:\/\/ses-creative.com\/?post_type=product&#038;p=114903"},"modified":"2026-02-06T09:51:56","modified_gmt":"2026-02-06T09:51:56","slug":"schmetterlingsblumen-bomben","status":"publish","type":"product","link":"https:\/\/ses-creative.com\/de\/produkt\/schmetterlingsblumen-bomben\/","title":{"rendered":"Schmetterlingsblumen-Bomben"},"content":{"rendered":"<p>Bringen Sie Farbe und Leben in Ihren Garten mit dem SES Creative Butterfly Flower Bombs Set! Stellen Sie Ihre eigenen Blumenbomben aus Naturton, Kokosnusstabletten und der Blumensamenmischung von 20 verschiedenen Blumen her, wie zum Beispiel Lavendel, Mohn und Sommeraster. Werfen Sie die Blumenbomben in den Garten oder einen Topf, beobachten Sie, wie die Blumen wachsen und welche Schmetterlinge vorbeikommen. Mit der verst\u00e4ndlichen Anleitung k\u00f6nnen Sie ganz einfach etwa 10 Blumenbomben herstellen. Lustig, lehrreich und f\u00fcr Kinder und Erwachsene geeignet \u2013 auch perfekt als Geschenk!<\/p>\n","protected":false},"excerpt":{"rendered":"<p>Bringen Sie Farbe und Leben in Ihren Garten mit dem SES Creative Butterfly Flower Bombs Set! Stellen Sie Ihre eigenen Blumenbomben aus Naturton, Kokosnusstabletten und der Blumensamenmischung von 20 verschiedenen Blumen her, wie zum Beispiel Lavendel, Mohn und Sommeraster. Werfen Sie die Blumenbomben in den Garten oder einen Topf, beobachten Sie, wie die Blumen wachsen [&hellip;]<\/p>\n","protected":false},"featured_media":106496,"comment_status":"closed","ping_status":"closed","template":"","meta":{"_acf_changed":false},"product_brand":[],"product_cat":[121],"product_tag":[],"class_list":{"0":"post-114903","1":"product","2":"type-product","3":"status-publish","4":"has-post-thumbnail","6":"product_cat-entdecken","7":"pa_leeftijd-filter-4-6-jahre","8":"pa_meest-populair-bij-jungen-maedchen","10":"first","11":"instock","12":"shipping-taxable","13":"product-type-simple"},"acf":[],"yoast_head":"<!-- This site is optimized with the Yoast SEO plugin v27.4 - https:\/\/yoast.com\/product\/yoast-seo-wordpress\/ -->\n<title>Schmetterlingsblumen-Bomben - SES Creative<\/title>\n<meta name=\"robots\" content=\"index, follow, max-snippet:-1, max-image-preview:large, max-video-preview:-1\" \/>\n<link rel=\"canonical\" href=\"https:\/\/ses-creative.com\/produkt\/vlinder-bloembommen\/\" \/>\n<meta property=\"og:locale\" content=\"de_DE\" \/>\n<meta property=\"og:type\" content=\"article\" \/>\n<meta property=\"og:title\" content=\"Schmetterlingsblumen-Bomben - SES Creative\" \/>\n<meta property=\"og:description\" content=\"Bringen Sie Farbe und Leben in Ihren Garten mit dem SES Creative Butterfly Flower Bombs Set! Stellen Sie Ihre eigenen Blumenbomben aus Naturton, Kokosnusstabletten und der Blumensamenmischung von 20 verschiedenen Blumen her, wie zum Beispiel Lavendel, Mohn und Sommeraster. Werfen Sie die Blumenbomben in den Garten oder einen Topf, beobachten Sie, wie die Blumen wachsen [&hellip;]\" \/>\n<meta property=\"og:url\" content=\"https:\/\/ses-creative.com\/produkt\/vlinder-bloembommen\/\" \/>\n<meta property=\"og:site_name\" content=\"SES Creative\" \/>\n<meta property=\"article:modified_time\" content=\"2026-02-06T09:51:56+00:00\" \/>\n<meta property=\"og:image\" content=\"https:\/\/ses-creative.com\/wp-content\/uploads\/2026\/01\/252071.jpg\" \/>\n\t<meta property=\"og:image:width\" content=\"1000\" \/>\n\t<meta property=\"og:image:height\" content=\"1000\" \/>\n\t<meta property=\"og:image:type\" content=\"image\/jpeg\" \/>\n<meta name=\"twitter:card\" content=\"summary_large_image\" \/>\n<script type=\"application\/ld+json\" class=\"yoast-schema-graph\">{\"@context\":\"https:\\\/\\\/schema.org\",\"@graph\":[{\"@type\":\"WebPage\",\"@id\":\"https:\\\/\\\/ses-creative.com\\\/produkt\\\/vlinder-bloembommen\\\/\",\"url\":\"https:\\\/\\\/ses-creative.com\\\/produkt\\\/vlinder-bloembommen\\\/\",\"name\":\"Schmetterlingsblumen-Bomben - SES Creative\",\"isPartOf\":{\"@id\":\"https:\\\/\\\/ses-creative.com\\\/#website\"},\"primaryImageOfPage\":{\"@id\":\"https:\\\/\\\/ses-creative.com\\\/produkt\\\/vlinder-bloembommen\\\/#primaryimage\"},\"image\":{\"@id\":\"https:\\\/\\\/ses-creative.com\\\/produkt\\\/vlinder-bloembommen\\\/#primaryimage\"},\"thumbnailUrl\":\"https:\\\/\\\/ses-creative.com\\\/wp-content\\\/uploads\\\/2026\\\/01\\\/252071.jpg\",\"datePublished\":\"2026-02-05T13:53:09+00:00\",\"dateModified\":\"2026-02-06T09:51:56+00:00\",\"breadcrumb\":{\"@id\":\"https:\\\/\\\/ses-creative.com\\\/produkt\\\/vlinder-bloembommen\\\/#breadcrumb\"},\"inLanguage\":\"de\",\"potentialAction\":[{\"@type\":\"ReadAction\",\"target\":[\"https:\\\/\\\/ses-creative.com\\\/produkt\\\/vlinder-bloembommen\\\/\"]}]},{\"@type\":\"ImageObject\",\"inLanguage\":\"de\",\"@id\":\"https:\\\/\\\/ses-creative.com\\\/produkt\\\/vlinder-bloembommen\\\/#primaryimage\",\"url\":\"https:\\\/\\\/ses-creative.com\\\/wp-content\\\/uploads\\\/2026\\\/01\\\/252071.jpg\",\"contentUrl\":\"https:\\\/\\\/ses-creative.com\\\/wp-content\\\/uploads\\\/2026\\\/01\\\/252071.jpg\",\"width\":1000,\"height\":1000},{\"@type\":\"BreadcrumbList\",\"@id\":\"https:\\\/\\\/ses-creative.com\\\/produkt\\\/vlinder-bloembommen\\\/#breadcrumb\",\"itemListElement\":[{\"@type\":\"ListItem\",\"position\":1,\"name\":\"Shop\",\"item\":\"https:\\\/\\\/ses-creative.com\\\/de\\\/shop\\\/\"},{\"@type\":\"ListItem\",\"position\":2,\"name\":\"Ontdekken\",\"item\":\"https:\\\/\\\/ses-creative.com\\\/product-categorie\\\/ontdekken\\\/\"},{\"@type\":\"ListItem\",\"position\":3,\"name\":\"Schmetterlingsblumen-Bomben\"}]},{\"@type\":\"WebSite\",\"@id\":\"https:\\\/\\\/ses-creative.com\\\/#website\",\"url\":\"https:\\\/\\\/ses-creative.com\\\/\",\"name\":\"SES Creative\",\"description\":\"\",\"publisher\":{\"@id\":\"https:\\\/\\\/ses-creative.com\\\/#organization\"},\"potentialAction\":[{\"@type\":\"SearchAction\",\"target\":{\"@type\":\"EntryPoint\",\"urlTemplate\":\"https:\\\/\\\/ses-creative.com\\\/?s={search_term_string}\"},\"query-input\":{\"@type\":\"PropertyValueSpecification\",\"valueRequired\":true,\"valueName\":\"search_term_string\"}}],\"inLanguage\":\"de\"},{\"@type\":\"Organization\",\"@id\":\"https:\\\/\\\/ses-creative.com\\\/#organization\",\"name\":\"SES Creative\",\"url\":\"https:\\\/\\\/ses-creative.com\\\/\",\"logo\":{\"@type\":\"ImageObject\",\"inLanguage\":\"de\",\"@id\":\"https:\\\/\\\/ses-creative.com\\\/#\\\/schema\\\/logo\\\/image\\\/\",\"url\":\"https:\\\/\\\/ses-creative.com\\\/wp-content\\\/uploads\\\/2025\\\/10\\\/ses-creative-logo.jpg\",\"contentUrl\":\"https:\\\/\\\/ses-creative.com\\\/wp-content\\\/uploads\\\/2025\\\/10\\\/ses-creative-logo.jpg\",\"width\":2037,\"height\":2037,\"caption\":\"SES Creative\"},\"image\":{\"@id\":\"https:\\\/\\\/ses-creative.com\\\/#\\\/schema\\\/logo\\\/image\\\/\"}}]}<\/script>\n<!-- \/ Yoast SEO plugin. -->","yoast_head_json":{"title":"Schmetterlingsblumen-Bomben - SES Creative","robots":{"index":"index","follow":"follow","max-snippet":"max-snippet:-1","max-image-preview":"max-image-preview:large","max-video-preview":"max-video-preview:-1"},"canonical":"https:\/\/ses-creative.com\/produkt\/vlinder-bloembommen\/","og_locale":"de_DE","og_type":"article","og_title":"Schmetterlingsblumen-Bomben - SES Creative","og_description":"Bringen Sie Farbe und Leben in Ihren Garten mit dem SES Creative Butterfly Flower Bombs Set! Stellen Sie Ihre eigenen Blumenbomben aus Naturton, Kokosnusstabletten und der Blumensamenmischung von 20 verschiedenen Blumen her, wie zum Beispiel Lavendel, Mohn und Sommeraster. Werfen Sie die Blumenbomben in den Garten oder einen Topf, beobachten Sie, wie die Blumen wachsen [&hellip;]","og_url":"https:\/\/ses-creative.com\/produkt\/vlinder-bloembommen\/","og_site_name":"SES Creative","article_modified_time":"2026-02-06T09:51:56+00:00","og_image":[{"width":1000,"height":1000,"url":"https:\/\/ses-creative.com\/wp-content\/uploads\/2026\/01\/252071.jpg","type":"image\/jpeg"}],"twitter_card":"summary_large_image","schema":{"@context":"https:\/\/schema.org","@graph":[{"@type":"WebPage","@id":"https:\/\/ses-creative.com\/produkt\/vlinder-bloembommen\/","url":"https:\/\/ses-creative.com\/produkt\/vlinder-bloembommen\/","name":"Schmetterlingsblumen-Bomben - SES Creative","isPartOf":{"@id":"https:\/\/ses-creative.com\/#website"},"primaryImageOfPage":{"@id":"https:\/\/ses-creative.com\/produkt\/vlinder-bloembommen\/#primaryimage"},"image":{"@id":"https:\/\/ses-creative.com\/produkt\/vlinder-bloembommen\/#primaryimage"},"thumbnailUrl":"https:\/\/ses-creative.com\/wp-content\/uploads\/2026\/01\/252071.jpg","datePublished":"2026-02-05T13:53:09+00:00","dateModified":"2026-02-06T09:51:56+00:00","breadcrumb":{"@id":"https:\/\/ses-creative.com\/produkt\/vlinder-bloembommen\/#breadcrumb"},"inLanguage":"de","potentialAction":[{"@type":"ReadAction","target":["https:\/\/ses-creative.com\/produkt\/vlinder-bloembommen\/"]}]},{"@type":"ImageObject","inLanguage":"de","@id":"https:\/\/ses-creative.com\/produkt\/vlinder-bloembommen\/#primaryimage","url":"https:\/\/ses-creative.com\/wp-content\/uploads\/2026\/01\/252071.jpg","contentUrl":"https:\/\/ses-creative.com\/wp-content\/uploads\/2026\/01\/252071.jpg","width":1000,"height":1000},{"@type":"BreadcrumbList","@id":"https:\/\/ses-creative.com\/produkt\/vlinder-bloembommen\/#breadcrumb","itemListElement":[{"@type":"ListItem","position":1,"name":"Shop","item":"https:\/\/ses-creative.com\/de\/shop\/"},{"@type":"ListItem","position":2,"name":"Ontdekken","item":"https:\/\/ses-creative.com\/product-categorie\/ontdekken\/"},{"@type":"ListItem","position":3,"name":"Schmetterlingsblumen-Bomben"}]},{"@type":"WebSite","@id":"https:\/\/ses-creative.com\/#website","url":"https:\/\/ses-creative.com\/","name":"SES Creative","description":"","publisher":{"@id":"https:\/\/ses-creative.com\/#organization"},"potentialAction":[{"@type":"SearchAction","target":{"@type":"EntryPoint","urlTemplate":"https:\/\/ses-creative.com\/?s={search_term_string}"},"query-input":{"@type":"PropertyValueSpecification","valueRequired":true,"valueName":"search_term_string"}}],"inLanguage":"de"},{"@type":"Organization","@id":"https:\/\/ses-creative.com\/#organization","name":"SES Creative","url":"https:\/\/ses-creative.com\/","logo":{"@type":"ImageObject","inLanguage":"de","@id":"https:\/\/ses-creative.com\/#\/schema\/logo\/image\/","url":"https:\/\/ses-creative.com\/wp-content\/uploads\/2025\/10\/ses-creative-logo.jpg","contentUrl":"https:\/\/ses-creative.com\/wp-content\/uploads\/2025\/10\/ses-creative-logo.jpg","width":2037,"height":2037,"caption":"SES Creative"},"image":{"@id":"https:\/\/ses-creative.com\/#\/schema\/logo\/image\/"}}]}},"_links":{"self":[{"href":"https:\/\/ses-creative.com\/de\/wp-json\/wp\/v2\/product\/114903","targetHints":{"allow":["GET"]}}],"collection":[{"href":"https:\/\/ses-creative.com\/de\/wp-json\/wp\/v2\/product"}],"about":[{"href":"https:\/\/ses-creative.com\/de\/wp-json\/wp\/v2\/types\/product"}],"replies":[{"embeddable":true,"href":"https:\/\/ses-creative.com\/de\/wp-json\/wp\/v2\/comments?post=114903"}],"wp:featuredmedia":[{"embeddable":true,"href":"https:\/\/ses-creative.com\/de\/wp-json\/wp\/v2\/media\/106496"}],"wp:attachment":[{"href":"https:\/\/ses-creative.com\/de\/wp-json\/wp\/v2\/media?parent=114903"}],"wp:term":[{"taxonomy":"product_brand","embeddable":true,"href":"https:\/\/ses-creative.com\/de\/wp-json\/wp\/v2\/product_brand?post=114903"},{"taxonomy":"product_cat","embeddable":true,"href":"https:\/\/ses-creative.com\/de\/wp-json\/wp\/v2\/product_cat?post=114903"},{"taxonomy":"product_tag","embeddable":true,"href":"https:\/\/ses-creative.com\/de\/wp-json\/wp\/v2\/product_tag?post=114903"}],"curies":[{"name":"wp","href":"https:\/\/api.w.org\/{rel}","templated":true}]}}