











{"id":114902,"date":"2026-02-05T13:53:09","date_gmt":"2026-02-05T13:53:09","guid":{"rendered":"https:\/\/ses-creative.com\/?post_type=product&#038;p=114902"},"modified":"2026-02-06T09:51:56","modified_gmt":"2026-02-06T09:51:56","slug":"wasserfilter","status":"publish","type":"product","link":"https:\/\/ses-creative.com\/de\/produkt\/wasserfilter\/","title":{"rendered":"Wasserfilter"},"content":{"rendered":"<p>Experimentieren Sie mit dem Wasserfilter-Set!<br \/>\nEntdecke, wie du Wasser filtern kannst, und baue dein eigenes Wasserfiltersystem! Dieses Set zeigt dir Schritt f\u00fcr Schritt, wie du Wasser mit verschiedenen nat\u00fcrlichen Materialien wie Sand, Kieselsteinen und Aktivkohle filtern kannst. Perfekt f\u00fcr neugierige Kinder, die gerne experimentieren und mehr \u00fcber Natur und Wissenschaft lernen m\u00f6chten.<br \/>\nWas dieses Set so toll macht<br \/>\n&#8211;    Lerne mit diesem Set, wie man Wasser filtert<br \/>\n&#8211;    Alle notwendigen Materialien sind enthalten<br \/>\n&#8211;    F\u00f6rdert die Neugier auf Wissenschaft und das Entdecken neuer Dinge<br \/>\n&#8211;    Mit der beiliegenden Anleitung ist es ganz einfach, Wasser zu filtern<br \/>\n&#8211;    Geeignet f\u00fcr Kinder ab 8 Jahren<br \/>\nLernen Sie, wie man Wasser reinigt!<br \/>\nMit diesem Set k\u00f6nnen Kinder auf interaktive Weise lernen, wie Wasserreinigung funktioniert. Sie entdecken, wie verschiedene Schichten nat\u00fcrlicher Materialien Schmutz und Verunreinigungen aus dem Wasser filtern k\u00f6nnen, was eine faszinierende und lehrreiche Erfahrung ist.<br \/>\nInhalt des Sets<br \/>\n&#8211; 6-teiliges Wasserfiltersystem<br \/>\n&#8211;    Granitsteine<br \/>\n&#8211;    Sand<br \/>\n&#8211;    Aktivkohle<br \/>\n&#8211;    Anleitung<br \/>\nWarum SES Creative w\u00e4hlen?<br \/>\nBei SES Creative legen wir gro\u00dfen Wert auf Sicherheit. Deshalb werden die Produkte in unserem Werk in den Niederlanden nach den strengsten europ\u00e4ischen Sicherheitsstandards hergestellt und getestet. Spielzeug von SES Creative sorgt f\u00fcr Spa\u00df und soll Kindern ein Gef\u00fchl des Stolzes auf ihre Arbeit vermitteln, was ihre Kreativit\u00e4t und Entwicklung f\u00f6rdert.<br \/>\nBeginnen Sie noch heute mit dem Experimentieren!<br \/>\nLassen Sie Ihre Kinder mit dem Wasserfilter-Set die Welt der Wissenschaft entdecken. Perfekt f\u00fcr junge Forscher, die neugierig sind, wie Dinge funktionieren!<\/p>\n","protected":false},"excerpt":{"rendered":"<p>Experimentieren Sie mit dem Wasserfilter-Set! Entdecke, wie du Wasser filtern kannst, und baue dein eigenes Wasserfiltersystem! Dieses Set zeigt dir Schritt f\u00fcr Schritt, wie du Wasser mit verschiedenen nat\u00fcrlichen Materialien wie Sand, Kieselsteinen und Aktivkohle filtern kannst. Perfekt f\u00fcr neugierige Kinder, die gerne experimentieren und mehr \u00fcber Natur und Wissenschaft lernen m\u00f6chten. Was dieses Set [&hellip;]<\/p>\n","protected":false},"featured_media":106456,"comment_status":"closed","ping_status":"closed","template":"","meta":{"_acf_changed":false},"product_brand":[],"product_cat":[121],"product_tag":[],"class_list":{"0":"post-114902","1":"product","2":"type-product","3":"status-publish","4":"has-post-thumbnail","6":"product_cat-entdecken","7":"pa_leeftijd-filter-6-jahre","8":"pa_meest-populair-bij-jungen-maedchen","10":"first","11":"instock","12":"shipping-taxable","13":"product-type-simple"},"acf":[],"yoast_head":"<!-- This site is optimized with the Yoast SEO plugin v27.4 - https:\/\/yoast.com\/product\/yoast-seo-wordpress\/ -->\n<title>Wasserfilter - SES Creative<\/title>\n<meta name=\"robots\" content=\"index, follow, max-snippet:-1, max-image-preview:large, max-video-preview:-1\" \/>\n<link rel=\"canonical\" href=\"https:\/\/ses-creative.com\/produkt\/water-filter\/\" \/>\n<meta property=\"og:locale\" content=\"de_DE\" \/>\n<meta property=\"og:type\" content=\"article\" \/>\n<meta property=\"og:title\" content=\"Wasserfilter - SES Creative\" \/>\n<meta property=\"og:description\" content=\"Experimentieren Sie mit dem Wasserfilter-Set! Entdecke, wie du Wasser filtern kannst, und baue dein eigenes Wasserfiltersystem! Dieses Set zeigt dir Schritt f\u00fcr Schritt, wie du Wasser mit verschiedenen nat\u00fcrlichen Materialien wie Sand, Kieselsteinen und Aktivkohle filtern kannst. Perfekt f\u00fcr neugierige Kinder, die gerne experimentieren und mehr \u00fcber Natur und Wissenschaft lernen m\u00f6chten. Was dieses Set [&hellip;]\" \/>\n<meta property=\"og:url\" content=\"https:\/\/ses-creative.com\/produkt\/water-filter\/\" \/>\n<meta property=\"og:site_name\" content=\"SES Creative\" \/>\n<meta property=\"article:modified_time\" content=\"2026-02-06T09:51:56+00:00\" \/>\n<meta property=\"og:image\" content=\"https:\/\/ses-creative.com\/wp-content\/uploads\/2026\/01\/252061.jpg\" \/>\n\t<meta property=\"og:image:width\" content=\"1000\" \/>\n\t<meta property=\"og:image:height\" content=\"1000\" \/>\n\t<meta property=\"og:image:type\" content=\"image\/jpeg\" \/>\n<meta name=\"twitter:card\" content=\"summary_large_image\" \/>\n<meta name=\"twitter:label1\" content=\"Gesch\u00e4tzte Lesezeit\" \/>\n\t<meta name=\"twitter:data1\" content=\"1\u00a0Minute\" \/>\n<script type=\"application\/ld+json\" class=\"yoast-schema-graph\">{\"@context\":\"https:\\\/\\\/schema.org\",\"@graph\":[{\"@type\":\"WebPage\",\"@id\":\"https:\\\/\\\/ses-creative.com\\\/produkt\\\/water-filter\\\/\",\"url\":\"https:\\\/\\\/ses-creative.com\\\/produkt\\\/water-filter\\\/\",\"name\":\"Wasserfilter - SES Creative\",\"isPartOf\":{\"@id\":\"https:\\\/\\\/ses-creative.com\\\/#website\"},\"primaryImageOfPage\":{\"@id\":\"https:\\\/\\\/ses-creative.com\\\/produkt\\\/water-filter\\\/#primaryimage\"},\"image\":{\"@id\":\"https:\\\/\\\/ses-creative.com\\\/produkt\\\/water-filter\\\/#primaryimage\"},\"thumbnailUrl\":\"https:\\\/\\\/ses-creative.com\\\/wp-content\\\/uploads\\\/2026\\\/01\\\/252061.jpg\",\"datePublished\":\"2026-02-05T13:53:09+00:00\",\"dateModified\":\"2026-02-06T09:51:56+00:00\",\"breadcrumb\":{\"@id\":\"https:\\\/\\\/ses-creative.com\\\/produkt\\\/water-filter\\\/#breadcrumb\"},\"inLanguage\":\"de\",\"potentialAction\":[{\"@type\":\"ReadAction\",\"target\":[\"https:\\\/\\\/ses-creative.com\\\/produkt\\\/water-filter\\\/\"]}]},{\"@type\":\"ImageObject\",\"inLanguage\":\"de\",\"@id\":\"https:\\\/\\\/ses-creative.com\\\/produkt\\\/water-filter\\\/#primaryimage\",\"url\":\"https:\\\/\\\/ses-creative.com\\\/wp-content\\\/uploads\\\/2026\\\/01\\\/252061.jpg\",\"contentUrl\":\"https:\\\/\\\/ses-creative.com\\\/wp-content\\\/uploads\\\/2026\\\/01\\\/252061.jpg\",\"width\":1000,\"height\":1000},{\"@type\":\"BreadcrumbList\",\"@id\":\"https:\\\/\\\/ses-creative.com\\\/produkt\\\/water-filter\\\/#breadcrumb\",\"itemListElement\":[{\"@type\":\"ListItem\",\"position\":1,\"name\":\"Shop\",\"item\":\"https:\\\/\\\/ses-creative.com\\\/de\\\/shop\\\/\"},{\"@type\":\"ListItem\",\"position\":2,\"name\":\"Ontdekken\",\"item\":\"https:\\\/\\\/ses-creative.com\\\/product-categorie\\\/ontdekken\\\/\"},{\"@type\":\"ListItem\",\"position\":3,\"name\":\"Wasserfilter\"}]},{\"@type\":\"WebSite\",\"@id\":\"https:\\\/\\\/ses-creative.com\\\/#website\",\"url\":\"https:\\\/\\\/ses-creative.com\\\/\",\"name\":\"SES Creative\",\"description\":\"\",\"publisher\":{\"@id\":\"https:\\\/\\\/ses-creative.com\\\/#organization\"},\"potentialAction\":[{\"@type\":\"SearchAction\",\"target\":{\"@type\":\"EntryPoint\",\"urlTemplate\":\"https:\\\/\\\/ses-creative.com\\\/?s={search_term_string}\"},\"query-input\":{\"@type\":\"PropertyValueSpecification\",\"valueRequired\":true,\"valueName\":\"search_term_string\"}}],\"inLanguage\":\"de\"},{\"@type\":\"Organization\",\"@id\":\"https:\\\/\\\/ses-creative.com\\\/#organization\",\"name\":\"SES Creative\",\"url\":\"https:\\\/\\\/ses-creative.com\\\/\",\"logo\":{\"@type\":\"ImageObject\",\"inLanguage\":\"de\",\"@id\":\"https:\\\/\\\/ses-creative.com\\\/#\\\/schema\\\/logo\\\/image\\\/\",\"url\":\"https:\\\/\\\/ses-creative.com\\\/wp-content\\\/uploads\\\/2025\\\/10\\\/ses-creative-logo.jpg\",\"contentUrl\":\"https:\\\/\\\/ses-creative.com\\\/wp-content\\\/uploads\\\/2025\\\/10\\\/ses-creative-logo.jpg\",\"width\":2037,\"height\":2037,\"caption\":\"SES Creative\"},\"image\":{\"@id\":\"https:\\\/\\\/ses-creative.com\\\/#\\\/schema\\\/logo\\\/image\\\/\"}}]}<\/script>\n<!-- \/ Yoast SEO plugin. -->","yoast_head_json":{"title":"Wasserfilter - SES Creative","robots":{"index":"index","follow":"follow","max-snippet":"max-snippet:-1","max-image-preview":"max-image-preview:large","max-video-preview":"max-video-preview:-1"},"canonical":"https:\/\/ses-creative.com\/produkt\/water-filter\/","og_locale":"de_DE","og_type":"article","og_title":"Wasserfilter - SES Creative","og_description":"Experimentieren Sie mit dem Wasserfilter-Set! Entdecke, wie du Wasser filtern kannst, und baue dein eigenes Wasserfiltersystem! Dieses Set zeigt dir Schritt f\u00fcr Schritt, wie du Wasser mit verschiedenen nat\u00fcrlichen Materialien wie Sand, Kieselsteinen und Aktivkohle filtern kannst. Perfekt f\u00fcr neugierige Kinder, die gerne experimentieren und mehr \u00fcber Natur und Wissenschaft lernen m\u00f6chten. Was dieses Set [&hellip;]","og_url":"https:\/\/ses-creative.com\/produkt\/water-filter\/","og_site_name":"SES Creative","article_modified_time":"2026-02-06T09:51:56+00:00","og_image":[{"width":1000,"height":1000,"url":"https:\/\/ses-creative.com\/wp-content\/uploads\/2026\/01\/252061.jpg","type":"image\/jpeg"}],"twitter_card":"summary_large_image","twitter_misc":{"Gesch\u00e4tzte Lesezeit":"1\u00a0Minute"},"schema":{"@context":"https:\/\/schema.org","@graph":[{"@type":"WebPage","@id":"https:\/\/ses-creative.com\/produkt\/water-filter\/","url":"https:\/\/ses-creative.com\/produkt\/water-filter\/","name":"Wasserfilter - SES Creative","isPartOf":{"@id":"https:\/\/ses-creative.com\/#website"},"primaryImageOfPage":{"@id":"https:\/\/ses-creative.com\/produkt\/water-filter\/#primaryimage"},"image":{"@id":"https:\/\/ses-creative.com\/produkt\/water-filter\/#primaryimage"},"thumbnailUrl":"https:\/\/ses-creative.com\/wp-content\/uploads\/2026\/01\/252061.jpg","datePublished":"2026-02-05T13:53:09+00:00","dateModified":"2026-02-06T09:51:56+00:00","breadcrumb":{"@id":"https:\/\/ses-creative.com\/produkt\/water-filter\/#breadcrumb"},"inLanguage":"de","potentialAction":[{"@type":"ReadAction","target":["https:\/\/ses-creative.com\/produkt\/water-filter\/"]}]},{"@type":"ImageObject","inLanguage":"de","@id":"https:\/\/ses-creative.com\/produkt\/water-filter\/#primaryimage","url":"https:\/\/ses-creative.com\/wp-content\/uploads\/2026\/01\/252061.jpg","contentUrl":"https:\/\/ses-creative.com\/wp-content\/uploads\/2026\/01\/252061.jpg","width":1000,"height":1000},{"@type":"BreadcrumbList","@id":"https:\/\/ses-creative.com\/produkt\/water-filter\/#breadcrumb","itemListElement":[{"@type":"ListItem","position":1,"name":"Shop","item":"https:\/\/ses-creative.com\/de\/shop\/"},{"@type":"ListItem","position":2,"name":"Ontdekken","item":"https:\/\/ses-creative.com\/product-categorie\/ontdekken\/"},{"@type":"ListItem","position":3,"name":"Wasserfilter"}]},{"@type":"WebSite","@id":"https:\/\/ses-creative.com\/#website","url":"https:\/\/ses-creative.com\/","name":"SES Creative","description":"","publisher":{"@id":"https:\/\/ses-creative.com\/#organization"},"potentialAction":[{"@type":"SearchAction","target":{"@type":"EntryPoint","urlTemplate":"https:\/\/ses-creative.com\/?s={search_term_string}"},"query-input":{"@type":"PropertyValueSpecification","valueRequired":true,"valueName":"search_term_string"}}],"inLanguage":"de"},{"@type":"Organization","@id":"https:\/\/ses-creative.com\/#organization","name":"SES Creative","url":"https:\/\/ses-creative.com\/","logo":{"@type":"ImageObject","inLanguage":"de","@id":"https:\/\/ses-creative.com\/#\/schema\/logo\/image\/","url":"https:\/\/ses-creative.com\/wp-content\/uploads\/2025\/10\/ses-creative-logo.jpg","contentUrl":"https:\/\/ses-creative.com\/wp-content\/uploads\/2025\/10\/ses-creative-logo.jpg","width":2037,"height":2037,"caption":"SES Creative"},"image":{"@id":"https:\/\/ses-creative.com\/#\/schema\/logo\/image\/"}}]}},"_links":{"self":[{"href":"https:\/\/ses-creative.com\/de\/wp-json\/wp\/v2\/product\/114902","targetHints":{"allow":["GET"]}}],"collection":[{"href":"https:\/\/ses-creative.com\/de\/wp-json\/wp\/v2\/product"}],"about":[{"href":"https:\/\/ses-creative.com\/de\/wp-json\/wp\/v2\/types\/product"}],"replies":[{"embeddable":true,"href":"https:\/\/ses-creative.com\/de\/wp-json\/wp\/v2\/comments?post=114902"}],"wp:featuredmedia":[{"embeddable":true,"href":"https:\/\/ses-creative.com\/de\/wp-json\/wp\/v2\/media\/106456"}],"wp:attachment":[{"href":"https:\/\/ses-creative.com\/de\/wp-json\/wp\/v2\/media?parent=114902"}],"wp:term":[{"taxonomy":"product_brand","embeddable":true,"href":"https:\/\/ses-creative.com\/de\/wp-json\/wp\/v2\/product_brand?post=114902"},{"taxonomy":"product_cat","embeddable":true,"href":"https:\/\/ses-creative.com\/de\/wp-json\/wp\/v2\/product_cat?post=114902"},{"taxonomy":"product_tag","embeddable":true,"href":"https:\/\/ses-creative.com\/de\/wp-json\/wp\/v2\/product_tag?post=114902"}],"curies":[{"name":"wp","href":"https:\/\/api.w.org\/{rel}","templated":true}]}}