











{"id":114901,"date":"2026-02-05T13:53:09","date_gmt":"2026-02-05T13:53:09","guid":{"rendered":"https:\/\/ses-creative.com\/?post_type=product&#038;p=114901"},"modified":"2026-02-06T09:51:56","modified_gmt":"2026-02-06T09:51:56","slug":"kaleidoskop-finden-und-fuellen","status":"publish","type":"product","link":"https:\/\/ses-creative.com\/de\/produkt\/kaleidoskop-finden-und-fuellen\/","title":{"rendered":"Kaleidoskop Finden und f\u00fcllen"},"content":{"rendered":"<p>Entdecken Sie die Magie von Farben und Mustern mit dem Finden-und-F\u00fcllen-Kaleidoskop!<br \/>\nWow! Was f\u00fcr Muster! Sehen Sie sie auch? Mit den Spiegeln im Inneren des Kaleidoskops entstehen die verr\u00fccktesten Muster. Mit SES Creative kannst du mit dem Kaleidoskop deine eigenen Muster erstellen. F\u00fclle es mit allerlei Sch\u00e4tzen aus der Natur, wie Bl\u00fctenbl\u00e4ttern, kleinen Steinen oder bunten Bl\u00e4ttern, und entdecke immer wieder neue Muster und Farben. Eine fantastische M\u00f6glichkeit, Kreativit\u00e4t mit der Entdeckung der Natur zu verbinden und Kinder mit all den besonderen Mustern zu begeistern.<br \/>\nWas dieses Set so toll macht<br \/>\n&#8211;    F\u00fcllen Sie das Kaleidoskop mit Ihren eigenen Fundst\u00fccken aus der Natur<br \/>\n&#8211;    Entdecken Sie die sch\u00f6nsten Muster<br \/>\n&#8211;    F\u00f6rdert Kreativit\u00e4t und Neugierde f\u00fcr die Natur<br \/>\n&#8211;    Unendlicher Spielspa\u00df mit den verschiedenen Mustern, die Sie jedes Mal wieder in Staunen versetzen<br \/>\n&#8211;    Geeignet f\u00fcr Kinder ab 3 Jahren<br \/>\nEntdecken Sie die Welt mit Ihrem eigenen Kaleidoskop<br \/>\nMit diesem Kaleidoskop k\u00f6nnen Kinder ihrer Fantasie freien Lauf lassen, indem sie es mit allen m\u00f6glichen nat\u00fcrlichen Materialien f\u00fcllen. Jede Drehung des Kaleidoskops offenbart neue, farbenfrohe Muster, die die Neugier und Kreativit\u00e4t der Kinder anregen.<br \/>\nInhalt des Sets<br \/>\n&#8211;    Kaleidoskop<br \/>\n&#8211; Transparente Aufsatzkappe<br \/>\nWarum SES Creative w\u00e4hlen?<br \/>\nBei SES Creative legen wir gro\u00dfen Wert auf Sicherheit. Deshalb werden die Produkte in unserem Werk in den Niederlanden nach den strengsten europ\u00e4ischen Sicherheitsnormen hergestellt und getestet. Spielzeug von SES Creative sorgt f\u00fcr Spa\u00df und soll Kindern ein Gef\u00fchl des Stolzes auf ihre Arbeit vermitteln, was ihre Kreativit\u00e4t und Entwicklung f\u00f6rdert.<br \/>\nBeginnen Sie noch heute mit der Erkundung von Farben und Mustern!<br \/>\nGeben Sie Ihren Kindern die M\u00f6glichkeit, die Welt mit dem Finde- und F\u00fcll-Kaleidoskop auf eine neue Art und Weise zu sehen. Perfekt f\u00fcr kleine Entdecker, die Farben und Formen lieben!<\/p>\n","protected":false},"excerpt":{"rendered":"<p>Entdecken Sie die Magie von Farben und Mustern mit dem Finden-und-F\u00fcllen-Kaleidoskop! Wow! Was f\u00fcr Muster! Sehen Sie sie auch? Mit den Spiegeln im Inneren des Kaleidoskops entstehen die verr\u00fccktesten Muster. Mit SES Creative kannst du mit dem Kaleidoskop deine eigenen Muster erstellen. F\u00fclle es mit allerlei Sch\u00e4tzen aus der Natur, wie Bl\u00fctenbl\u00e4ttern, kleinen Steinen oder [&hellip;]<\/p>\n","protected":false},"featured_media":106436,"comment_status":"closed","ping_status":"closed","template":"","meta":{"_acf_changed":false},"product_brand":[],"product_cat":[121],"product_tag":[],"class_list":{"0":"post-114901","1":"product","2":"type-product","3":"status-publish","4":"has-post-thumbnail","6":"product_cat-entdecken","7":"pa_leeftijd-filter-3-4-jahre","8":"pa_meest-populair-bij-jungen-maedchen","10":"first","11":"instock","12":"shipping-taxable","13":"product-type-simple"},"acf":[],"yoast_head":"<!-- This site is optimized with the Yoast SEO plugin v27.4 - https:\/\/yoast.com\/product\/yoast-seo-wordpress\/ -->\n<title>Kaleidoskop Finden und f\u00fcllen - SES Creative<\/title>\n<meta name=\"robots\" content=\"index, follow, max-snippet:-1, max-image-preview:large, max-video-preview:-1\" \/>\n<link rel=\"canonical\" href=\"https:\/\/ses-creative.com\/produkt\/vind-en-vul-caleidoscoop\/\" \/>\n<meta property=\"og:locale\" content=\"de_DE\" \/>\n<meta property=\"og:type\" content=\"article\" \/>\n<meta property=\"og:title\" content=\"Kaleidoskop Finden und f\u00fcllen - SES Creative\" \/>\n<meta property=\"og:description\" content=\"Entdecken Sie die Magie von Farben und Mustern mit dem Finden-und-F\u00fcllen-Kaleidoskop! Wow! Was f\u00fcr Muster! Sehen Sie sie auch? Mit den Spiegeln im Inneren des Kaleidoskops entstehen die verr\u00fccktesten Muster. Mit SES Creative kannst du mit dem Kaleidoskop deine eigenen Muster erstellen. F\u00fclle es mit allerlei Sch\u00e4tzen aus der Natur, wie Bl\u00fctenbl\u00e4ttern, kleinen Steinen oder [&hellip;]\" \/>\n<meta property=\"og:url\" content=\"https:\/\/ses-creative.com\/produkt\/vind-en-vul-caleidoscoop\/\" \/>\n<meta property=\"og:site_name\" content=\"SES Creative\" \/>\n<meta property=\"article:modified_time\" content=\"2026-02-06T09:51:56+00:00\" \/>\n<meta property=\"og:image\" content=\"https:\/\/ses-creative.com\/wp-content\/uploads\/2026\/01\/252051.jpg\" \/>\n\t<meta property=\"og:image:width\" content=\"1000\" \/>\n\t<meta property=\"og:image:height\" content=\"1000\" \/>\n\t<meta property=\"og:image:type\" content=\"image\/jpeg\" \/>\n<meta name=\"twitter:card\" content=\"summary_large_image\" \/>\n<meta name=\"twitter:label1\" content=\"Gesch\u00e4tzte Lesezeit\" \/>\n\t<meta name=\"twitter:data1\" content=\"2\u00a0Minuten\" \/>\n<script type=\"application\/ld+json\" class=\"yoast-schema-graph\">{\"@context\":\"https:\\\/\\\/schema.org\",\"@graph\":[{\"@type\":\"WebPage\",\"@id\":\"https:\\\/\\\/ses-creative.com\\\/produkt\\\/vind-en-vul-caleidoscoop\\\/\",\"url\":\"https:\\\/\\\/ses-creative.com\\\/produkt\\\/vind-en-vul-caleidoscoop\\\/\",\"name\":\"Kaleidoskop Finden und f\u00fcllen - SES Creative\",\"isPartOf\":{\"@id\":\"https:\\\/\\\/ses-creative.com\\\/#website\"},\"primaryImageOfPage\":{\"@id\":\"https:\\\/\\\/ses-creative.com\\\/produkt\\\/vind-en-vul-caleidoscoop\\\/#primaryimage\"},\"image\":{\"@id\":\"https:\\\/\\\/ses-creative.com\\\/produkt\\\/vind-en-vul-caleidoscoop\\\/#primaryimage\"},\"thumbnailUrl\":\"https:\\\/\\\/ses-creative.com\\\/wp-content\\\/uploads\\\/2026\\\/01\\\/252051.jpg\",\"datePublished\":\"2026-02-05T13:53:09+00:00\",\"dateModified\":\"2026-02-06T09:51:56+00:00\",\"breadcrumb\":{\"@id\":\"https:\\\/\\\/ses-creative.com\\\/produkt\\\/vind-en-vul-caleidoscoop\\\/#breadcrumb\"},\"inLanguage\":\"de\",\"potentialAction\":[{\"@type\":\"ReadAction\",\"target\":[\"https:\\\/\\\/ses-creative.com\\\/produkt\\\/vind-en-vul-caleidoscoop\\\/\"]}]},{\"@type\":\"ImageObject\",\"inLanguage\":\"de\",\"@id\":\"https:\\\/\\\/ses-creative.com\\\/produkt\\\/vind-en-vul-caleidoscoop\\\/#primaryimage\",\"url\":\"https:\\\/\\\/ses-creative.com\\\/wp-content\\\/uploads\\\/2026\\\/01\\\/252051.jpg\",\"contentUrl\":\"https:\\\/\\\/ses-creative.com\\\/wp-content\\\/uploads\\\/2026\\\/01\\\/252051.jpg\",\"width\":1000,\"height\":1000},{\"@type\":\"BreadcrumbList\",\"@id\":\"https:\\\/\\\/ses-creative.com\\\/produkt\\\/vind-en-vul-caleidoscoop\\\/#breadcrumb\",\"itemListElement\":[{\"@type\":\"ListItem\",\"position\":1,\"name\":\"Shop\",\"item\":\"https:\\\/\\\/ses-creative.com\\\/de\\\/shop\\\/\"},{\"@type\":\"ListItem\",\"position\":2,\"name\":\"Ontdekken\",\"item\":\"https:\\\/\\\/ses-creative.com\\\/product-categorie\\\/ontdekken\\\/\"},{\"@type\":\"ListItem\",\"position\":3,\"name\":\"Kaleidoskop Finden und f\u00fcllen\"}]},{\"@type\":\"WebSite\",\"@id\":\"https:\\\/\\\/ses-creative.com\\\/#website\",\"url\":\"https:\\\/\\\/ses-creative.com\\\/\",\"name\":\"SES Creative\",\"description\":\"\",\"publisher\":{\"@id\":\"https:\\\/\\\/ses-creative.com\\\/#organization\"},\"potentialAction\":[{\"@type\":\"SearchAction\",\"target\":{\"@type\":\"EntryPoint\",\"urlTemplate\":\"https:\\\/\\\/ses-creative.com\\\/?s={search_term_string}\"},\"query-input\":{\"@type\":\"PropertyValueSpecification\",\"valueRequired\":true,\"valueName\":\"search_term_string\"}}],\"inLanguage\":\"de\"},{\"@type\":\"Organization\",\"@id\":\"https:\\\/\\\/ses-creative.com\\\/#organization\",\"name\":\"SES Creative\",\"url\":\"https:\\\/\\\/ses-creative.com\\\/\",\"logo\":{\"@type\":\"ImageObject\",\"inLanguage\":\"de\",\"@id\":\"https:\\\/\\\/ses-creative.com\\\/#\\\/schema\\\/logo\\\/image\\\/\",\"url\":\"https:\\\/\\\/ses-creative.com\\\/wp-content\\\/uploads\\\/2025\\\/10\\\/ses-creative-logo.jpg\",\"contentUrl\":\"https:\\\/\\\/ses-creative.com\\\/wp-content\\\/uploads\\\/2025\\\/10\\\/ses-creative-logo.jpg\",\"width\":2037,\"height\":2037,\"caption\":\"SES Creative\"},\"image\":{\"@id\":\"https:\\\/\\\/ses-creative.com\\\/#\\\/schema\\\/logo\\\/image\\\/\"}}]}<\/script>\n<!-- \/ Yoast SEO plugin. -->","yoast_head_json":{"title":"Kaleidoskop Finden und f\u00fcllen - SES Creative","robots":{"index":"index","follow":"follow","max-snippet":"max-snippet:-1","max-image-preview":"max-image-preview:large","max-video-preview":"max-video-preview:-1"},"canonical":"https:\/\/ses-creative.com\/produkt\/vind-en-vul-caleidoscoop\/","og_locale":"de_DE","og_type":"article","og_title":"Kaleidoskop Finden und f\u00fcllen - SES Creative","og_description":"Entdecken Sie die Magie von Farben und Mustern mit dem Finden-und-F\u00fcllen-Kaleidoskop! Wow! Was f\u00fcr Muster! Sehen Sie sie auch? Mit den Spiegeln im Inneren des Kaleidoskops entstehen die verr\u00fccktesten Muster. Mit SES Creative kannst du mit dem Kaleidoskop deine eigenen Muster erstellen. F\u00fclle es mit allerlei Sch\u00e4tzen aus der Natur, wie Bl\u00fctenbl\u00e4ttern, kleinen Steinen oder [&hellip;]","og_url":"https:\/\/ses-creative.com\/produkt\/vind-en-vul-caleidoscoop\/","og_site_name":"SES Creative","article_modified_time":"2026-02-06T09:51:56+00:00","og_image":[{"width":1000,"height":1000,"url":"https:\/\/ses-creative.com\/wp-content\/uploads\/2026\/01\/252051.jpg","type":"image\/jpeg"}],"twitter_card":"summary_large_image","twitter_misc":{"Gesch\u00e4tzte Lesezeit":"2\u00a0Minuten"},"schema":{"@context":"https:\/\/schema.org","@graph":[{"@type":"WebPage","@id":"https:\/\/ses-creative.com\/produkt\/vind-en-vul-caleidoscoop\/","url":"https:\/\/ses-creative.com\/produkt\/vind-en-vul-caleidoscoop\/","name":"Kaleidoskop Finden und f\u00fcllen - SES Creative","isPartOf":{"@id":"https:\/\/ses-creative.com\/#website"},"primaryImageOfPage":{"@id":"https:\/\/ses-creative.com\/produkt\/vind-en-vul-caleidoscoop\/#primaryimage"},"image":{"@id":"https:\/\/ses-creative.com\/produkt\/vind-en-vul-caleidoscoop\/#primaryimage"},"thumbnailUrl":"https:\/\/ses-creative.com\/wp-content\/uploads\/2026\/01\/252051.jpg","datePublished":"2026-02-05T13:53:09+00:00","dateModified":"2026-02-06T09:51:56+00:00","breadcrumb":{"@id":"https:\/\/ses-creative.com\/produkt\/vind-en-vul-caleidoscoop\/#breadcrumb"},"inLanguage":"de","potentialAction":[{"@type":"ReadAction","target":["https:\/\/ses-creative.com\/produkt\/vind-en-vul-caleidoscoop\/"]}]},{"@type":"ImageObject","inLanguage":"de","@id":"https:\/\/ses-creative.com\/produkt\/vind-en-vul-caleidoscoop\/#primaryimage","url":"https:\/\/ses-creative.com\/wp-content\/uploads\/2026\/01\/252051.jpg","contentUrl":"https:\/\/ses-creative.com\/wp-content\/uploads\/2026\/01\/252051.jpg","width":1000,"height":1000},{"@type":"BreadcrumbList","@id":"https:\/\/ses-creative.com\/produkt\/vind-en-vul-caleidoscoop\/#breadcrumb","itemListElement":[{"@type":"ListItem","position":1,"name":"Shop","item":"https:\/\/ses-creative.com\/de\/shop\/"},{"@type":"ListItem","position":2,"name":"Ontdekken","item":"https:\/\/ses-creative.com\/product-categorie\/ontdekken\/"},{"@type":"ListItem","position":3,"name":"Kaleidoskop Finden und f\u00fcllen"}]},{"@type":"WebSite","@id":"https:\/\/ses-creative.com\/#website","url":"https:\/\/ses-creative.com\/","name":"SES Creative","description":"","publisher":{"@id":"https:\/\/ses-creative.com\/#organization"},"potentialAction":[{"@type":"SearchAction","target":{"@type":"EntryPoint","urlTemplate":"https:\/\/ses-creative.com\/?s={search_term_string}"},"query-input":{"@type":"PropertyValueSpecification","valueRequired":true,"valueName":"search_term_string"}}],"inLanguage":"de"},{"@type":"Organization","@id":"https:\/\/ses-creative.com\/#organization","name":"SES Creative","url":"https:\/\/ses-creative.com\/","logo":{"@type":"ImageObject","inLanguage":"de","@id":"https:\/\/ses-creative.com\/#\/schema\/logo\/image\/","url":"https:\/\/ses-creative.com\/wp-content\/uploads\/2025\/10\/ses-creative-logo.jpg","contentUrl":"https:\/\/ses-creative.com\/wp-content\/uploads\/2025\/10\/ses-creative-logo.jpg","width":2037,"height":2037,"caption":"SES Creative"},"image":{"@id":"https:\/\/ses-creative.com\/#\/schema\/logo\/image\/"}}]}},"_links":{"self":[{"href":"https:\/\/ses-creative.com\/de\/wp-json\/wp\/v2\/product\/114901","targetHints":{"allow":["GET"]}}],"collection":[{"href":"https:\/\/ses-creative.com\/de\/wp-json\/wp\/v2\/product"}],"about":[{"href":"https:\/\/ses-creative.com\/de\/wp-json\/wp\/v2\/types\/product"}],"replies":[{"embeddable":true,"href":"https:\/\/ses-creative.com\/de\/wp-json\/wp\/v2\/comments?post=114901"}],"wp:featuredmedia":[{"embeddable":true,"href":"https:\/\/ses-creative.com\/de\/wp-json\/wp\/v2\/media\/106436"}],"wp:attachment":[{"href":"https:\/\/ses-creative.com\/de\/wp-json\/wp\/v2\/media?parent=114901"}],"wp:term":[{"taxonomy":"product_brand","embeddable":true,"href":"https:\/\/ses-creative.com\/de\/wp-json\/wp\/v2\/product_brand?post=114901"},{"taxonomy":"product_cat","embeddable":true,"href":"https:\/\/ses-creative.com\/de\/wp-json\/wp\/v2\/product_cat?post=114901"},{"taxonomy":"product_tag","embeddable":true,"href":"https:\/\/ses-creative.com\/de\/wp-json\/wp\/v2\/product_tag?post=114901"}],"curies":[{"name":"wp","href":"https:\/\/api.w.org\/{rel}","templated":true}]}}