











{"id":114900,"date":"2026-02-05T13:53:09","date_gmt":"2026-02-05T13:53:09","guid":{"rendered":"https:\/\/ses-creative.com\/?post_type=product&#038;p=114900"},"modified":"2026-02-06T09:51:56","modified_gmt":"2026-02-06T09:51:56","slug":"schmetterlingshotel","status":"publish","type":"product","link":"https:\/\/ses-creative.com\/de\/produkt\/schmetterlingshotel\/","title":{"rendered":"Schmetterlingshotel"},"content":{"rendered":"<p>Lassen Sie Ihr Kind die Magie der Natur mit diesem SES Creative Schmetterlingshotel-Set zum Selberbauen entdecken. Mit diesem kompletten Lernset k\u00f6nnen Sie einen Holzunterschlupf f\u00fcr Schmetterlinge zusammenbauen, der die Artenvielfalt im Garten f\u00f6rdert und gleichzeitig die Motorik, Geduld und wissenschaftliche Neugierde entwickelt. Dieses Naturspielzeug ist dank der vorgefertigten Holzteile leicht zusammenzubauen und l\u00e4dt die Kinder dazu ein, den Innenraum mit nat\u00fcrlichen Materialien zu f\u00fcllen und mit den mitgelieferten Stickern zu dekorieren. Wenn das Kind etwas s\u00fc\u00dfen Sirup hinzuf\u00fcgt, kann es echte Schmetterlinge anlocken und ihr Verhalten aus n\u00e4chster N\u00e4he beobachten. Dieses wissenschaftliche Lernspiel regt das Lernen \u00fcber \u00d6kosysteme an, sensibilisiert f\u00fcr die Bedeutung best\u00e4ubender Insekten und f\u00fchrt schon in jungen Jahren in die \u00d6kologie ein. Dieses in den Niederlanden hergestellte nachhaltige Spielzeug eignet sich perfekt f\u00fcr Aktivit\u00e4ten im Freien, Bildungsworkshops oder als originelle Geschenkidee. Ein immersives und spielerisches Erlebnis f\u00fcr kleine Naturliebhaber<\/p>\n","protected":false},"excerpt":{"rendered":"<p>Lassen Sie Ihr Kind die Magie der Natur mit diesem SES Creative Schmetterlingshotel-Set zum Selberbauen entdecken. Mit diesem kompletten Lernset k\u00f6nnen Sie einen Holzunterschlupf f\u00fcr Schmetterlinge zusammenbauen, der die Artenvielfalt im Garten f\u00f6rdert und gleichzeitig die Motorik, Geduld und wissenschaftliche Neugierde entwickelt. Dieses Naturspielzeug ist dank der vorgefertigten Holzteile leicht zusammenzubauen und l\u00e4dt die Kinder [&hellip;]<\/p>\n","protected":false},"featured_media":106416,"comment_status":"closed","ping_status":"closed","template":"","meta":{"_acf_changed":false},"product_brand":[],"product_cat":[121],"product_tag":[],"class_list":{"0":"post-114900","1":"product","2":"type-product","3":"status-publish","4":"has-post-thumbnail","6":"product_cat-entdecken","7":"pa_leeftijd-filter-4-6-jahre","8":"pa_meest-populair-bij-jungen-maedchen","10":"first","11":"instock","12":"shipping-taxable","13":"product-type-simple"},"acf":[],"yoast_head":"<!-- This site is optimized with the Yoast SEO plugin v27.4 - https:\/\/yoast.com\/product\/yoast-seo-wordpress\/ -->\n<title>Schmetterlingshotel - SES Creative<\/title>\n<meta name=\"robots\" content=\"index, follow, max-snippet:-1, max-image-preview:large, max-video-preview:-1\" \/>\n<link rel=\"canonical\" href=\"https:\/\/ses-creative.com\/produkt\/vlinderhotel\/\" \/>\n<meta property=\"og:locale\" content=\"de_DE\" \/>\n<meta property=\"og:type\" content=\"article\" \/>\n<meta property=\"og:title\" content=\"Schmetterlingshotel - SES Creative\" \/>\n<meta property=\"og:description\" content=\"Lassen Sie Ihr Kind die Magie der Natur mit diesem SES Creative Schmetterlingshotel-Set zum Selberbauen entdecken. Mit diesem kompletten Lernset k\u00f6nnen Sie einen Holzunterschlupf f\u00fcr Schmetterlinge zusammenbauen, der die Artenvielfalt im Garten f\u00f6rdert und gleichzeitig die Motorik, Geduld und wissenschaftliche Neugierde entwickelt. Dieses Naturspielzeug ist dank der vorgefertigten Holzteile leicht zusammenzubauen und l\u00e4dt die Kinder [&hellip;]\" \/>\n<meta property=\"og:url\" content=\"https:\/\/ses-creative.com\/produkt\/vlinderhotel\/\" \/>\n<meta property=\"og:site_name\" content=\"SES Creative\" \/>\n<meta property=\"article:modified_time\" content=\"2026-02-06T09:51:56+00:00\" \/>\n<meta property=\"og:image\" content=\"https:\/\/ses-creative.com\/wp-content\/uploads\/2026\/01\/252041.jpg\" \/>\n\t<meta property=\"og:image:width\" content=\"1000\" \/>\n\t<meta property=\"og:image:height\" content=\"1000\" \/>\n\t<meta property=\"og:image:type\" content=\"image\/jpeg\" \/>\n<meta name=\"twitter:card\" content=\"summary_large_image\" \/>\n<meta name=\"twitter:label1\" content=\"Gesch\u00e4tzte Lesezeit\" \/>\n\t<meta name=\"twitter:data1\" content=\"1\u00a0Minute\" \/>\n<script type=\"application\/ld+json\" class=\"yoast-schema-graph\">{\"@context\":\"https:\\\/\\\/schema.org\",\"@graph\":[{\"@type\":\"WebPage\",\"@id\":\"https:\\\/\\\/ses-creative.com\\\/produkt\\\/vlinderhotel\\\/\",\"url\":\"https:\\\/\\\/ses-creative.com\\\/produkt\\\/vlinderhotel\\\/\",\"name\":\"Schmetterlingshotel - SES Creative\",\"isPartOf\":{\"@id\":\"https:\\\/\\\/ses-creative.com\\\/#website\"},\"primaryImageOfPage\":{\"@id\":\"https:\\\/\\\/ses-creative.com\\\/produkt\\\/vlinderhotel\\\/#primaryimage\"},\"image\":{\"@id\":\"https:\\\/\\\/ses-creative.com\\\/produkt\\\/vlinderhotel\\\/#primaryimage\"},\"thumbnailUrl\":\"https:\\\/\\\/ses-creative.com\\\/wp-content\\\/uploads\\\/2026\\\/01\\\/252041.jpg\",\"datePublished\":\"2026-02-05T13:53:09+00:00\",\"dateModified\":\"2026-02-06T09:51:56+00:00\",\"breadcrumb\":{\"@id\":\"https:\\\/\\\/ses-creative.com\\\/produkt\\\/vlinderhotel\\\/#breadcrumb\"},\"inLanguage\":\"de\",\"potentialAction\":[{\"@type\":\"ReadAction\",\"target\":[\"https:\\\/\\\/ses-creative.com\\\/produkt\\\/vlinderhotel\\\/\"]}]},{\"@type\":\"ImageObject\",\"inLanguage\":\"de\",\"@id\":\"https:\\\/\\\/ses-creative.com\\\/produkt\\\/vlinderhotel\\\/#primaryimage\",\"url\":\"https:\\\/\\\/ses-creative.com\\\/wp-content\\\/uploads\\\/2026\\\/01\\\/252041.jpg\",\"contentUrl\":\"https:\\\/\\\/ses-creative.com\\\/wp-content\\\/uploads\\\/2026\\\/01\\\/252041.jpg\",\"width\":1000,\"height\":1000},{\"@type\":\"BreadcrumbList\",\"@id\":\"https:\\\/\\\/ses-creative.com\\\/produkt\\\/vlinderhotel\\\/#breadcrumb\",\"itemListElement\":[{\"@type\":\"ListItem\",\"position\":1,\"name\":\"Shop\",\"item\":\"https:\\\/\\\/ses-creative.com\\\/de\\\/shop\\\/\"},{\"@type\":\"ListItem\",\"position\":2,\"name\":\"Ontdekken\",\"item\":\"https:\\\/\\\/ses-creative.com\\\/product-categorie\\\/ontdekken\\\/\"},{\"@type\":\"ListItem\",\"position\":3,\"name\":\"Schmetterlingshotel\"}]},{\"@type\":\"WebSite\",\"@id\":\"https:\\\/\\\/ses-creative.com\\\/#website\",\"url\":\"https:\\\/\\\/ses-creative.com\\\/\",\"name\":\"SES Creative\",\"description\":\"\",\"publisher\":{\"@id\":\"https:\\\/\\\/ses-creative.com\\\/#organization\"},\"potentialAction\":[{\"@type\":\"SearchAction\",\"target\":{\"@type\":\"EntryPoint\",\"urlTemplate\":\"https:\\\/\\\/ses-creative.com\\\/?s={search_term_string}\"},\"query-input\":{\"@type\":\"PropertyValueSpecification\",\"valueRequired\":true,\"valueName\":\"search_term_string\"}}],\"inLanguage\":\"de\"},{\"@type\":\"Organization\",\"@id\":\"https:\\\/\\\/ses-creative.com\\\/#organization\",\"name\":\"SES Creative\",\"url\":\"https:\\\/\\\/ses-creative.com\\\/\",\"logo\":{\"@type\":\"ImageObject\",\"inLanguage\":\"de\",\"@id\":\"https:\\\/\\\/ses-creative.com\\\/#\\\/schema\\\/logo\\\/image\\\/\",\"url\":\"https:\\\/\\\/ses-creative.com\\\/wp-content\\\/uploads\\\/2025\\\/10\\\/ses-creative-logo.jpg\",\"contentUrl\":\"https:\\\/\\\/ses-creative.com\\\/wp-content\\\/uploads\\\/2025\\\/10\\\/ses-creative-logo.jpg\",\"width\":2037,\"height\":2037,\"caption\":\"SES Creative\"},\"image\":{\"@id\":\"https:\\\/\\\/ses-creative.com\\\/#\\\/schema\\\/logo\\\/image\\\/\"}}]}<\/script>\n<!-- \/ Yoast SEO plugin. -->","yoast_head_json":{"title":"Schmetterlingshotel - SES Creative","robots":{"index":"index","follow":"follow","max-snippet":"max-snippet:-1","max-image-preview":"max-image-preview:large","max-video-preview":"max-video-preview:-1"},"canonical":"https:\/\/ses-creative.com\/produkt\/vlinderhotel\/","og_locale":"de_DE","og_type":"article","og_title":"Schmetterlingshotel - SES Creative","og_description":"Lassen Sie Ihr Kind die Magie der Natur mit diesem SES Creative Schmetterlingshotel-Set zum Selberbauen entdecken. Mit diesem kompletten Lernset k\u00f6nnen Sie einen Holzunterschlupf f\u00fcr Schmetterlinge zusammenbauen, der die Artenvielfalt im Garten f\u00f6rdert und gleichzeitig die Motorik, Geduld und wissenschaftliche Neugierde entwickelt. Dieses Naturspielzeug ist dank der vorgefertigten Holzteile leicht zusammenzubauen und l\u00e4dt die Kinder [&hellip;]","og_url":"https:\/\/ses-creative.com\/produkt\/vlinderhotel\/","og_site_name":"SES Creative","article_modified_time":"2026-02-06T09:51:56+00:00","og_image":[{"width":1000,"height":1000,"url":"https:\/\/ses-creative.com\/wp-content\/uploads\/2026\/01\/252041.jpg","type":"image\/jpeg"}],"twitter_card":"summary_large_image","twitter_misc":{"Gesch\u00e4tzte Lesezeit":"1\u00a0Minute"},"schema":{"@context":"https:\/\/schema.org","@graph":[{"@type":"WebPage","@id":"https:\/\/ses-creative.com\/produkt\/vlinderhotel\/","url":"https:\/\/ses-creative.com\/produkt\/vlinderhotel\/","name":"Schmetterlingshotel - SES Creative","isPartOf":{"@id":"https:\/\/ses-creative.com\/#website"},"primaryImageOfPage":{"@id":"https:\/\/ses-creative.com\/produkt\/vlinderhotel\/#primaryimage"},"image":{"@id":"https:\/\/ses-creative.com\/produkt\/vlinderhotel\/#primaryimage"},"thumbnailUrl":"https:\/\/ses-creative.com\/wp-content\/uploads\/2026\/01\/252041.jpg","datePublished":"2026-02-05T13:53:09+00:00","dateModified":"2026-02-06T09:51:56+00:00","breadcrumb":{"@id":"https:\/\/ses-creative.com\/produkt\/vlinderhotel\/#breadcrumb"},"inLanguage":"de","potentialAction":[{"@type":"ReadAction","target":["https:\/\/ses-creative.com\/produkt\/vlinderhotel\/"]}]},{"@type":"ImageObject","inLanguage":"de","@id":"https:\/\/ses-creative.com\/produkt\/vlinderhotel\/#primaryimage","url":"https:\/\/ses-creative.com\/wp-content\/uploads\/2026\/01\/252041.jpg","contentUrl":"https:\/\/ses-creative.com\/wp-content\/uploads\/2026\/01\/252041.jpg","width":1000,"height":1000},{"@type":"BreadcrumbList","@id":"https:\/\/ses-creative.com\/produkt\/vlinderhotel\/#breadcrumb","itemListElement":[{"@type":"ListItem","position":1,"name":"Shop","item":"https:\/\/ses-creative.com\/de\/shop\/"},{"@type":"ListItem","position":2,"name":"Ontdekken","item":"https:\/\/ses-creative.com\/product-categorie\/ontdekken\/"},{"@type":"ListItem","position":3,"name":"Schmetterlingshotel"}]},{"@type":"WebSite","@id":"https:\/\/ses-creative.com\/#website","url":"https:\/\/ses-creative.com\/","name":"SES Creative","description":"","publisher":{"@id":"https:\/\/ses-creative.com\/#organization"},"potentialAction":[{"@type":"SearchAction","target":{"@type":"EntryPoint","urlTemplate":"https:\/\/ses-creative.com\/?s={search_term_string}"},"query-input":{"@type":"PropertyValueSpecification","valueRequired":true,"valueName":"search_term_string"}}],"inLanguage":"de"},{"@type":"Organization","@id":"https:\/\/ses-creative.com\/#organization","name":"SES Creative","url":"https:\/\/ses-creative.com\/","logo":{"@type":"ImageObject","inLanguage":"de","@id":"https:\/\/ses-creative.com\/#\/schema\/logo\/image\/","url":"https:\/\/ses-creative.com\/wp-content\/uploads\/2025\/10\/ses-creative-logo.jpg","contentUrl":"https:\/\/ses-creative.com\/wp-content\/uploads\/2025\/10\/ses-creative-logo.jpg","width":2037,"height":2037,"caption":"SES Creative"},"image":{"@id":"https:\/\/ses-creative.com\/#\/schema\/logo\/image\/"}}]}},"_links":{"self":[{"href":"https:\/\/ses-creative.com\/de\/wp-json\/wp\/v2\/product\/114900","targetHints":{"allow":["GET"]}}],"collection":[{"href":"https:\/\/ses-creative.com\/de\/wp-json\/wp\/v2\/product"}],"about":[{"href":"https:\/\/ses-creative.com\/de\/wp-json\/wp\/v2\/types\/product"}],"replies":[{"embeddable":true,"href":"https:\/\/ses-creative.com\/de\/wp-json\/wp\/v2\/comments?post=114900"}],"wp:featuredmedia":[{"embeddable":true,"href":"https:\/\/ses-creative.com\/de\/wp-json\/wp\/v2\/media\/106416"}],"wp:attachment":[{"href":"https:\/\/ses-creative.com\/de\/wp-json\/wp\/v2\/media?parent=114900"}],"wp:term":[{"taxonomy":"product_brand","embeddable":true,"href":"https:\/\/ses-creative.com\/de\/wp-json\/wp\/v2\/product_brand?post=114900"},{"taxonomy":"product_cat","embeddable":true,"href":"https:\/\/ses-creative.com\/de\/wp-json\/wp\/v2\/product_cat?post=114900"},{"taxonomy":"product_tag","embeddable":true,"href":"https:\/\/ses-creative.com\/de\/wp-json\/wp\/v2\/product_tag?post=114900"}],"curies":[{"name":"wp","href":"https:\/\/api.w.org\/{rel}","templated":true}]}}