











{"id":114898,"date":"2026-02-05T13:53:09","date_gmt":"2026-02-05T13:53:09","guid":{"rendered":"https:\/\/ses-creative.com\/?post_type=product&#038;p=114898"},"modified":"2026-02-06T09:51:56","modified_gmt":"2026-02-06T09:51:56","slug":"baumhaus-garten","status":"publish","type":"product","link":"https:\/\/ses-creative.com\/de\/produkt\/baumhaus-garten\/","title":{"rendered":"Baumhaus-Garten"},"content":{"rendered":"<p>Bringen Sie mit dem Mini-Gem\u00fcsegarten Baumhaus etwas Gr\u00fcn ins Haus<br \/>\nStellen Sie sich vor, Sie h\u00e4tten Ihr eigenes magisches Baumhaus, in dem Sie frische Kr\u00e4uter anbauen und ihnen beim Wachsen zusehen k\u00f6nnen! Mit dem Baumhaus-Kr\u00e4utergarten k\u00f6nnen Sie ein magisches Baumhaus bauen und drei verschiedene Kr\u00e4uter anbauen: Kresse, Petersilie und Babyleaf. Das Baumhaus eignet sich perfekt zum Aufstellen der Pflanzen und bringt Atmosph\u00e4re in Ihr Zimmer, Ihr Wohnzimmer oder Ihren Garten.<br \/>\nWas dieses Set so toll macht<br \/>\n&#8211;    Z\u00fcchte deine eigenen Pflanzen in deinem Mini-Gem\u00fcsegarten<br \/>\n&#8211;    Niedlicher Mini-Gem\u00fcsegarten in einem Baumhaus<br \/>\n&#8211;    Bauen Sie das Baumhaus selbst zusammen und dekorieren Sie es mit Aufklebern<br \/>\n&#8211;    Weckt die Neugier auf die Natur und das G\u00e4rtnern. Entdecken Sie den Prozess, wie Pflanzen keimen und wachsen<br \/>\n&#8211;    Stimmungsvolles Baumhaus, das Ihrem Zimmer, Wohnzimmer oder Garten eine besondere Note verleiht<br \/>\nBaue dein eigenes Baumhaus<br \/>\nBeginnen Sie mit dem Zusammenbau der Holzplatten, um Ihr Baumhaus zu bauen. Dekorieren Sie es mit den niedlichen Aufklebern und machen Sie sich bereit, Ihre Kr\u00e4uter zu pflanzen. Legen Sie die Kokos-Quelltabletten in die T\u00f6pfe, f\u00fcgen Sie Wasser hinzu, damit sie sich ausdehnen, und pflanzen Sie dann Ihre Samen. Verwenden Sie die Pipette, um Ihre Pflanzen zu gie\u00dfen, und beobachten Sie, wie sie in Ihrem Baumhaus wachsen!<br \/>\nDiese Aktivit\u00e4t vermittelt nicht nur die Freude am G\u00e4rtnern, sondern lehrt auch Geduld und Verantwortung. Stell dir vor, wie spannend es sein wird, deine Kr\u00e4uter keimen und wachsen zu sehen und sie dann in deinen Lieblingsgerichten zu verwenden.<br \/>\nInhalt des Sets<br \/>\n&#8211;    Baumhaus-Bausatz<br \/>\n&#8211;    Stickerbogen<br \/>\n&#8211;    Samen f\u00fcr Kresse, Petersilie und Babyleaf<br \/>\n&#8211;    Kokos-Quelltabletten und T\u00f6pfe<br \/>\n&#8211;    Anleitung<br \/>\nWarum SES Creative w\u00e4hlen?<br \/>\nBei SES Creative legen wir gro\u00dfen Wert auf Sicherheit. Deshalb werden die Produkte in unserem Werk in den Niederlanden nach den strengsten europ\u00e4ischen Sicherheitsnormen hergestellt und getestet. Spielzeug von SES Creative macht Spa\u00df und soll Kindern ein Gef\u00fchl des Stolzes auf ihre Arbeit vermitteln, was ihre Kreativit\u00e4t und Entwicklung f\u00f6rdert.<br \/>\nTauchen Sie ein in die Welt des G\u00e4rtnerns und der Kreativit\u00e4t mit dem Baumhaus-Kr\u00e4utergarten<br \/>\nBauen, pflanzen und pflegen Sie Ihre Kr\u00e4uter und genie\u00dfen Sie das magische Erlebnis, Ihren Garten bl\u00fchen zu sehen. Schauen wir mal, welche tollen gr\u00fcnen Kreationen Sie heute z\u00fcchten k\u00f6nnen!<\/p>\n","protected":false},"excerpt":{"rendered":"<p>Bringen Sie mit dem Mini-Gem\u00fcsegarten Baumhaus etwas Gr\u00fcn ins Haus Stellen Sie sich vor, Sie h\u00e4tten Ihr eigenes magisches Baumhaus, in dem Sie frische Kr\u00e4uter anbauen und ihnen beim Wachsen zusehen k\u00f6nnen! Mit dem Baumhaus-Kr\u00e4utergarten k\u00f6nnen Sie ein magisches Baumhaus bauen und drei verschiedene Kr\u00e4uter anbauen: Kresse, Petersilie und Babyleaf. Das Baumhaus eignet sich perfekt [&hellip;]<\/p>\n","protected":false},"featured_media":106376,"comment_status":"closed","ping_status":"closed","template":"","meta":{"_acf_changed":false},"product_brand":[],"product_cat":[121],"product_tag":[],"class_list":{"0":"post-114898","1":"product","2":"type-product","3":"status-publish","4":"has-post-thumbnail","6":"product_cat-entdecken","7":"pa_leeftijd-filter-4-6-jahre","8":"pa_meest-populair-bij-jungen-maedchen","10":"first","11":"instock","12":"shipping-taxable","13":"product-type-simple"},"acf":[],"yoast_head":"<!-- This site is optimized with the Yoast SEO plugin v27.4 - https:\/\/yoast.com\/product\/yoast-seo-wordpress\/ -->\n<title>Baumhaus-Garten - SES Creative<\/title>\n<meta name=\"robots\" content=\"index, follow, max-snippet:-1, max-image-preview:large, max-video-preview:-1\" \/>\n<link rel=\"canonical\" href=\"https:\/\/ses-creative.com\/produkt\/boomhut-tuin\/\" \/>\n<meta property=\"og:locale\" content=\"de_DE\" \/>\n<meta property=\"og:type\" content=\"article\" \/>\n<meta property=\"og:title\" content=\"Baumhaus-Garten - SES Creative\" \/>\n<meta property=\"og:description\" content=\"Bringen Sie mit dem Mini-Gem\u00fcsegarten Baumhaus etwas Gr\u00fcn ins Haus Stellen Sie sich vor, Sie h\u00e4tten Ihr eigenes magisches Baumhaus, in dem Sie frische Kr\u00e4uter anbauen und ihnen beim Wachsen zusehen k\u00f6nnen! Mit dem Baumhaus-Kr\u00e4utergarten k\u00f6nnen Sie ein magisches Baumhaus bauen und drei verschiedene Kr\u00e4uter anbauen: Kresse, Petersilie und Babyleaf. Das Baumhaus eignet sich perfekt [&hellip;]\" \/>\n<meta property=\"og:url\" content=\"https:\/\/ses-creative.com\/produkt\/boomhut-tuin\/\" \/>\n<meta property=\"og:site_name\" content=\"SES Creative\" \/>\n<meta property=\"article:modified_time\" content=\"2026-02-06T09:51:56+00:00\" \/>\n<meta property=\"og:image\" content=\"https:\/\/ses-creative.com\/wp-content\/uploads\/2026\/01\/252021.jpg\" \/>\n\t<meta property=\"og:image:width\" content=\"1000\" \/>\n\t<meta property=\"og:image:height\" content=\"1000\" \/>\n\t<meta property=\"og:image:type\" content=\"image\/jpeg\" \/>\n<meta name=\"twitter:card\" content=\"summary_large_image\" \/>\n<meta name=\"twitter:label1\" content=\"Gesch\u00e4tzte Lesezeit\" \/>\n\t<meta name=\"twitter:data1\" content=\"2\u00a0Minuten\" \/>\n<script type=\"application\/ld+json\" class=\"yoast-schema-graph\">{\"@context\":\"https:\\\/\\\/schema.org\",\"@graph\":[{\"@type\":\"WebPage\",\"@id\":\"https:\\\/\\\/ses-creative.com\\\/produkt\\\/boomhut-tuin\\\/\",\"url\":\"https:\\\/\\\/ses-creative.com\\\/produkt\\\/boomhut-tuin\\\/\",\"name\":\"Baumhaus-Garten - SES Creative\",\"isPartOf\":{\"@id\":\"https:\\\/\\\/ses-creative.com\\\/#website\"},\"primaryImageOfPage\":{\"@id\":\"https:\\\/\\\/ses-creative.com\\\/produkt\\\/boomhut-tuin\\\/#primaryimage\"},\"image\":{\"@id\":\"https:\\\/\\\/ses-creative.com\\\/produkt\\\/boomhut-tuin\\\/#primaryimage\"},\"thumbnailUrl\":\"https:\\\/\\\/ses-creative.com\\\/wp-content\\\/uploads\\\/2026\\\/01\\\/252021.jpg\",\"datePublished\":\"2026-02-05T13:53:09+00:00\",\"dateModified\":\"2026-02-06T09:51:56+00:00\",\"breadcrumb\":{\"@id\":\"https:\\\/\\\/ses-creative.com\\\/produkt\\\/boomhut-tuin\\\/#breadcrumb\"},\"inLanguage\":\"de\",\"potentialAction\":[{\"@type\":\"ReadAction\",\"target\":[\"https:\\\/\\\/ses-creative.com\\\/produkt\\\/boomhut-tuin\\\/\"]}]},{\"@type\":\"ImageObject\",\"inLanguage\":\"de\",\"@id\":\"https:\\\/\\\/ses-creative.com\\\/produkt\\\/boomhut-tuin\\\/#primaryimage\",\"url\":\"https:\\\/\\\/ses-creative.com\\\/wp-content\\\/uploads\\\/2026\\\/01\\\/252021.jpg\",\"contentUrl\":\"https:\\\/\\\/ses-creative.com\\\/wp-content\\\/uploads\\\/2026\\\/01\\\/252021.jpg\",\"width\":1000,\"height\":1000},{\"@type\":\"BreadcrumbList\",\"@id\":\"https:\\\/\\\/ses-creative.com\\\/produkt\\\/boomhut-tuin\\\/#breadcrumb\",\"itemListElement\":[{\"@type\":\"ListItem\",\"position\":1,\"name\":\"Shop\",\"item\":\"https:\\\/\\\/ses-creative.com\\\/de\\\/shop\\\/\"},{\"@type\":\"ListItem\",\"position\":2,\"name\":\"Ontdekken\",\"item\":\"https:\\\/\\\/ses-creative.com\\\/product-categorie\\\/ontdekken\\\/\"},{\"@type\":\"ListItem\",\"position\":3,\"name\":\"Baumhaus-Garten\"}]},{\"@type\":\"WebSite\",\"@id\":\"https:\\\/\\\/ses-creative.com\\\/#website\",\"url\":\"https:\\\/\\\/ses-creative.com\\\/\",\"name\":\"SES Creative\",\"description\":\"\",\"publisher\":{\"@id\":\"https:\\\/\\\/ses-creative.com\\\/#organization\"},\"potentialAction\":[{\"@type\":\"SearchAction\",\"target\":{\"@type\":\"EntryPoint\",\"urlTemplate\":\"https:\\\/\\\/ses-creative.com\\\/?s={search_term_string}\"},\"query-input\":{\"@type\":\"PropertyValueSpecification\",\"valueRequired\":true,\"valueName\":\"search_term_string\"}}],\"inLanguage\":\"de\"},{\"@type\":\"Organization\",\"@id\":\"https:\\\/\\\/ses-creative.com\\\/#organization\",\"name\":\"SES Creative\",\"url\":\"https:\\\/\\\/ses-creative.com\\\/\",\"logo\":{\"@type\":\"ImageObject\",\"inLanguage\":\"de\",\"@id\":\"https:\\\/\\\/ses-creative.com\\\/#\\\/schema\\\/logo\\\/image\\\/\",\"url\":\"https:\\\/\\\/ses-creative.com\\\/wp-content\\\/uploads\\\/2025\\\/10\\\/ses-creative-logo.jpg\",\"contentUrl\":\"https:\\\/\\\/ses-creative.com\\\/wp-content\\\/uploads\\\/2025\\\/10\\\/ses-creative-logo.jpg\",\"width\":2037,\"height\":2037,\"caption\":\"SES Creative\"},\"image\":{\"@id\":\"https:\\\/\\\/ses-creative.com\\\/#\\\/schema\\\/logo\\\/image\\\/\"}}]}<\/script>\n<!-- \/ Yoast SEO plugin. -->","yoast_head_json":{"title":"Baumhaus-Garten - SES Creative","robots":{"index":"index","follow":"follow","max-snippet":"max-snippet:-1","max-image-preview":"max-image-preview:large","max-video-preview":"max-video-preview:-1"},"canonical":"https:\/\/ses-creative.com\/produkt\/boomhut-tuin\/","og_locale":"de_DE","og_type":"article","og_title":"Baumhaus-Garten - SES Creative","og_description":"Bringen Sie mit dem Mini-Gem\u00fcsegarten Baumhaus etwas Gr\u00fcn ins Haus Stellen Sie sich vor, Sie h\u00e4tten Ihr eigenes magisches Baumhaus, in dem Sie frische Kr\u00e4uter anbauen und ihnen beim Wachsen zusehen k\u00f6nnen! Mit dem Baumhaus-Kr\u00e4utergarten k\u00f6nnen Sie ein magisches Baumhaus bauen und drei verschiedene Kr\u00e4uter anbauen: Kresse, Petersilie und Babyleaf. Das Baumhaus eignet sich perfekt [&hellip;]","og_url":"https:\/\/ses-creative.com\/produkt\/boomhut-tuin\/","og_site_name":"SES Creative","article_modified_time":"2026-02-06T09:51:56+00:00","og_image":[{"width":1000,"height":1000,"url":"https:\/\/ses-creative.com\/wp-content\/uploads\/2026\/01\/252021.jpg","type":"image\/jpeg"}],"twitter_card":"summary_large_image","twitter_misc":{"Gesch\u00e4tzte Lesezeit":"2\u00a0Minuten"},"schema":{"@context":"https:\/\/schema.org","@graph":[{"@type":"WebPage","@id":"https:\/\/ses-creative.com\/produkt\/boomhut-tuin\/","url":"https:\/\/ses-creative.com\/produkt\/boomhut-tuin\/","name":"Baumhaus-Garten - SES Creative","isPartOf":{"@id":"https:\/\/ses-creative.com\/#website"},"primaryImageOfPage":{"@id":"https:\/\/ses-creative.com\/produkt\/boomhut-tuin\/#primaryimage"},"image":{"@id":"https:\/\/ses-creative.com\/produkt\/boomhut-tuin\/#primaryimage"},"thumbnailUrl":"https:\/\/ses-creative.com\/wp-content\/uploads\/2026\/01\/252021.jpg","datePublished":"2026-02-05T13:53:09+00:00","dateModified":"2026-02-06T09:51:56+00:00","breadcrumb":{"@id":"https:\/\/ses-creative.com\/produkt\/boomhut-tuin\/#breadcrumb"},"inLanguage":"de","potentialAction":[{"@type":"ReadAction","target":["https:\/\/ses-creative.com\/produkt\/boomhut-tuin\/"]}]},{"@type":"ImageObject","inLanguage":"de","@id":"https:\/\/ses-creative.com\/produkt\/boomhut-tuin\/#primaryimage","url":"https:\/\/ses-creative.com\/wp-content\/uploads\/2026\/01\/252021.jpg","contentUrl":"https:\/\/ses-creative.com\/wp-content\/uploads\/2026\/01\/252021.jpg","width":1000,"height":1000},{"@type":"BreadcrumbList","@id":"https:\/\/ses-creative.com\/produkt\/boomhut-tuin\/#breadcrumb","itemListElement":[{"@type":"ListItem","position":1,"name":"Shop","item":"https:\/\/ses-creative.com\/de\/shop\/"},{"@type":"ListItem","position":2,"name":"Ontdekken","item":"https:\/\/ses-creative.com\/product-categorie\/ontdekken\/"},{"@type":"ListItem","position":3,"name":"Baumhaus-Garten"}]},{"@type":"WebSite","@id":"https:\/\/ses-creative.com\/#website","url":"https:\/\/ses-creative.com\/","name":"SES Creative","description":"","publisher":{"@id":"https:\/\/ses-creative.com\/#organization"},"potentialAction":[{"@type":"SearchAction","target":{"@type":"EntryPoint","urlTemplate":"https:\/\/ses-creative.com\/?s={search_term_string}"},"query-input":{"@type":"PropertyValueSpecification","valueRequired":true,"valueName":"search_term_string"}}],"inLanguage":"de"},{"@type":"Organization","@id":"https:\/\/ses-creative.com\/#organization","name":"SES Creative","url":"https:\/\/ses-creative.com\/","logo":{"@type":"ImageObject","inLanguage":"de","@id":"https:\/\/ses-creative.com\/#\/schema\/logo\/image\/","url":"https:\/\/ses-creative.com\/wp-content\/uploads\/2025\/10\/ses-creative-logo.jpg","contentUrl":"https:\/\/ses-creative.com\/wp-content\/uploads\/2025\/10\/ses-creative-logo.jpg","width":2037,"height":2037,"caption":"SES Creative"},"image":{"@id":"https:\/\/ses-creative.com\/#\/schema\/logo\/image\/"}}]}},"_links":{"self":[{"href":"https:\/\/ses-creative.com\/de\/wp-json\/wp\/v2\/product\/114898","targetHints":{"allow":["GET"]}}],"collection":[{"href":"https:\/\/ses-creative.com\/de\/wp-json\/wp\/v2\/product"}],"about":[{"href":"https:\/\/ses-creative.com\/de\/wp-json\/wp\/v2\/types\/product"}],"replies":[{"embeddable":true,"href":"https:\/\/ses-creative.com\/de\/wp-json\/wp\/v2\/comments?post=114898"}],"wp:featuredmedia":[{"embeddable":true,"href":"https:\/\/ses-creative.com\/de\/wp-json\/wp\/v2\/media\/106376"}],"wp:attachment":[{"href":"https:\/\/ses-creative.com\/de\/wp-json\/wp\/v2\/media?parent=114898"}],"wp:term":[{"taxonomy":"product_brand","embeddable":true,"href":"https:\/\/ses-creative.com\/de\/wp-json\/wp\/v2\/product_brand?post=114898"},{"taxonomy":"product_cat","embeddable":true,"href":"https:\/\/ses-creative.com\/de\/wp-json\/wp\/v2\/product_cat?post=114898"},{"taxonomy":"product_tag","embeddable":true,"href":"https:\/\/ses-creative.com\/de\/wp-json\/wp\/v2\/product_tag?post=114898"}],"curies":[{"name":"wp","href":"https:\/\/api.w.org\/{rel}","templated":true}]}}