











{"id":114890,"date":"2026-02-05T13:53:08","date_gmt":"2026-02-05T13:53:08","guid":{"rendered":"https:\/\/ses-creative.com\/?post_type=product&#038;p=114890"},"modified":"2026-02-06T09:51:55","modified_gmt":"2026-02-06T09:51:55","slug":"leuchtende-dinos","status":"publish","type":"product","link":"https:\/\/ses-creative.com\/de\/produkt\/leuchtende-dinos\/","title":{"rendered":"Leuchtende Dinos"},"content":{"rendered":"<p>Holen Sie sich die faszinierende Welt der Dinosaurier ins Kinderzimmer mit diesem Set aus phosphoreszierenden Dinosauriern von SES Creative. Das Set ist perfekt f\u00fcr Kinder ab 5 Jahren und besteht aus 24 leuchtenden Dinosauriern, die mit den mitgelieferten doppelseitigen Aufklebern ganz einfach an die Wand oder die Decke geklebt werden k\u00f6nnen. Es enth\u00e4lt 6 gro\u00dfe und 18 kleine Dinosaurier sowie einen Bogen mit dekorativen Aufklebern mit Sternen und Pflanzen. Dieses leuchtende Dinosaurier-Spielzeug hilft Kindern, ihre Fantasie zu entwickeln, und schafft gleichzeitig eine beruhigende Atmosph\u00e4re in der Nacht. Die aus robustem, hypoallergenem Kunststoff hergestellten Elemente sind PVC-frei und entsprechen den europ\u00e4ischen Normen EN-71. Dieses Set ist nicht nur eine lustige und einfache Kinderzimmeraktivit\u00e4t, sondern bietet auch eine tolle, individuelle Dekoration. Ideal als Geschenkidee f\u00fcr 5-j\u00e4hrige Jungen, da es kreativen Spa\u00df mit einer magischen Atmosph\u00e4re verbindet. Die Kinder k\u00f6nnen eine m\u00e4rchenhafte pr\u00e4historische Szenerie schaffen und dabei Spa\u00df haben, allein oder mit der Familie, f\u00fcr einen unvergesslichen Moment des kreativen Austauschs.<\/p>\n","protected":false},"excerpt":{"rendered":"<p>Holen Sie sich die faszinierende Welt der Dinosaurier ins Kinderzimmer mit diesem Set aus phosphoreszierenden Dinosauriern von SES Creative. Das Set ist perfekt f\u00fcr Kinder ab 5 Jahren und besteht aus 24 leuchtenden Dinosauriern, die mit den mitgelieferten doppelseitigen Aufklebern ganz einfach an die Wand oder die Decke geklebt werden k\u00f6nnen. Es enth\u00e4lt 6 gro\u00dfe [&hellip;]<\/p>\n","protected":false},"featured_media":107648,"comment_status":"closed","ping_status":"closed","template":"","meta":{"_acf_changed":false},"product_brand":[],"product_cat":[121],"product_tag":[],"class_list":{"0":"post-114890","1":"product","2":"type-product","3":"status-publish","4":"has-post-thumbnail","6":"product_cat-entdecken","7":"pa_leeftijd-filter-4-6-jahre","8":"pa_meest-populair-bij-jungen-maedchen","10":"first","11":"instock","12":"shipping-taxable","13":"product-type-simple"},"acf":[],"yoast_head":"<!-- This site is optimized with the Yoast SEO plugin v27.4 - https:\/\/yoast.com\/product\/yoast-seo-wordpress\/ -->\n<title>Leuchtende Dinos - SES Creative<\/title>\n<meta name=\"robots\" content=\"index, follow, max-snippet:-1, max-image-preview:large, max-video-preview:-1\" \/>\n<link rel=\"canonical\" href=\"https:\/\/ses-creative.com\/produkt\/glowing-dinos\/\" \/>\n<meta property=\"og:locale\" content=\"de_DE\" \/>\n<meta property=\"og:type\" content=\"article\" \/>\n<meta property=\"og:title\" content=\"Leuchtende Dinos - SES Creative\" \/>\n<meta property=\"og:description\" content=\"Holen Sie sich die faszinierende Welt der Dinosaurier ins Kinderzimmer mit diesem Set aus phosphoreszierenden Dinosauriern von SES Creative. Das Set ist perfekt f\u00fcr Kinder ab 5 Jahren und besteht aus 24 leuchtenden Dinosauriern, die mit den mitgelieferten doppelseitigen Aufklebern ganz einfach an die Wand oder die Decke geklebt werden k\u00f6nnen. Es enth\u00e4lt 6 gro\u00dfe [&hellip;]\" \/>\n<meta property=\"og:url\" content=\"https:\/\/ses-creative.com\/produkt\/glowing-dinos\/\" \/>\n<meta property=\"og:site_name\" content=\"SES Creative\" \/>\n<meta property=\"article:modified_time\" content=\"2026-02-06T09:51:55+00:00\" \/>\n<meta property=\"og:image\" content=\"https:\/\/ses-creative.com\/wp-content\/uploads\/2026\/01\/251271-1.jpg\" \/>\n\t<meta property=\"og:image:width\" content=\"1000\" \/>\n\t<meta property=\"og:image:height\" content=\"1000\" \/>\n\t<meta property=\"og:image:type\" content=\"image\/jpeg\" \/>\n<meta name=\"twitter:card\" content=\"summary_large_image\" \/>\n<meta name=\"twitter:label1\" content=\"Gesch\u00e4tzte Lesezeit\" \/>\n\t<meta name=\"twitter:data1\" content=\"1\u00a0Minute\" \/>\n<script type=\"application\/ld+json\" class=\"yoast-schema-graph\">{\"@context\":\"https:\\\/\\\/schema.org\",\"@graph\":[{\"@type\":\"WebPage\",\"@id\":\"https:\\\/\\\/ses-creative.com\\\/produkt\\\/glowing-dinos\\\/\",\"url\":\"https:\\\/\\\/ses-creative.com\\\/produkt\\\/glowing-dinos\\\/\",\"name\":\"Leuchtende Dinos - SES Creative\",\"isPartOf\":{\"@id\":\"https:\\\/\\\/ses-creative.com\\\/#website\"},\"primaryImageOfPage\":{\"@id\":\"https:\\\/\\\/ses-creative.com\\\/produkt\\\/glowing-dinos\\\/#primaryimage\"},\"image\":{\"@id\":\"https:\\\/\\\/ses-creative.com\\\/produkt\\\/glowing-dinos\\\/#primaryimage\"},\"thumbnailUrl\":\"https:\\\/\\\/ses-creative.com\\\/wp-content\\\/uploads\\\/2026\\\/01\\\/251271-1.jpg\",\"datePublished\":\"2026-02-05T13:53:08+00:00\",\"dateModified\":\"2026-02-06T09:51:55+00:00\",\"breadcrumb\":{\"@id\":\"https:\\\/\\\/ses-creative.com\\\/produkt\\\/glowing-dinos\\\/#breadcrumb\"},\"inLanguage\":\"de\",\"potentialAction\":[{\"@type\":\"ReadAction\",\"target\":[\"https:\\\/\\\/ses-creative.com\\\/produkt\\\/glowing-dinos\\\/\"]}]},{\"@type\":\"ImageObject\",\"inLanguage\":\"de\",\"@id\":\"https:\\\/\\\/ses-creative.com\\\/produkt\\\/glowing-dinos\\\/#primaryimage\",\"url\":\"https:\\\/\\\/ses-creative.com\\\/wp-content\\\/uploads\\\/2026\\\/01\\\/251271-1.jpg\",\"contentUrl\":\"https:\\\/\\\/ses-creative.com\\\/wp-content\\\/uploads\\\/2026\\\/01\\\/251271-1.jpg\",\"width\":1000,\"height\":1000},{\"@type\":\"BreadcrumbList\",\"@id\":\"https:\\\/\\\/ses-creative.com\\\/produkt\\\/glowing-dinos\\\/#breadcrumb\",\"itemListElement\":[{\"@type\":\"ListItem\",\"position\":1,\"name\":\"Shop\",\"item\":\"https:\\\/\\\/ses-creative.com\\\/de\\\/shop\\\/\"},{\"@type\":\"ListItem\",\"position\":2,\"name\":\"Ontdekken\",\"item\":\"https:\\\/\\\/ses-creative.com\\\/product-categorie\\\/ontdekken\\\/\"},{\"@type\":\"ListItem\",\"position\":3,\"name\":\"Leuchtende Dinos\"}]},{\"@type\":\"WebSite\",\"@id\":\"https:\\\/\\\/ses-creative.com\\\/#website\",\"url\":\"https:\\\/\\\/ses-creative.com\\\/\",\"name\":\"SES Creative\",\"description\":\"\",\"publisher\":{\"@id\":\"https:\\\/\\\/ses-creative.com\\\/#organization\"},\"potentialAction\":[{\"@type\":\"SearchAction\",\"target\":{\"@type\":\"EntryPoint\",\"urlTemplate\":\"https:\\\/\\\/ses-creative.com\\\/?s={search_term_string}\"},\"query-input\":{\"@type\":\"PropertyValueSpecification\",\"valueRequired\":true,\"valueName\":\"search_term_string\"}}],\"inLanguage\":\"de\"},{\"@type\":\"Organization\",\"@id\":\"https:\\\/\\\/ses-creative.com\\\/#organization\",\"name\":\"SES Creative\",\"url\":\"https:\\\/\\\/ses-creative.com\\\/\",\"logo\":{\"@type\":\"ImageObject\",\"inLanguage\":\"de\",\"@id\":\"https:\\\/\\\/ses-creative.com\\\/#\\\/schema\\\/logo\\\/image\\\/\",\"url\":\"https:\\\/\\\/ses-creative.com\\\/wp-content\\\/uploads\\\/2025\\\/10\\\/ses-creative-logo.jpg\",\"contentUrl\":\"https:\\\/\\\/ses-creative.com\\\/wp-content\\\/uploads\\\/2025\\\/10\\\/ses-creative-logo.jpg\",\"width\":2037,\"height\":2037,\"caption\":\"SES Creative\"},\"image\":{\"@id\":\"https:\\\/\\\/ses-creative.com\\\/#\\\/schema\\\/logo\\\/image\\\/\"}}]}<\/script>\n<!-- \/ Yoast SEO plugin. -->","yoast_head_json":{"title":"Leuchtende Dinos - SES Creative","robots":{"index":"index","follow":"follow","max-snippet":"max-snippet:-1","max-image-preview":"max-image-preview:large","max-video-preview":"max-video-preview:-1"},"canonical":"https:\/\/ses-creative.com\/produkt\/glowing-dinos\/","og_locale":"de_DE","og_type":"article","og_title":"Leuchtende Dinos - SES Creative","og_description":"Holen Sie sich die faszinierende Welt der Dinosaurier ins Kinderzimmer mit diesem Set aus phosphoreszierenden Dinosauriern von SES Creative. Das Set ist perfekt f\u00fcr Kinder ab 5 Jahren und besteht aus 24 leuchtenden Dinosauriern, die mit den mitgelieferten doppelseitigen Aufklebern ganz einfach an die Wand oder die Decke geklebt werden k\u00f6nnen. Es enth\u00e4lt 6 gro\u00dfe [&hellip;]","og_url":"https:\/\/ses-creative.com\/produkt\/glowing-dinos\/","og_site_name":"SES Creative","article_modified_time":"2026-02-06T09:51:55+00:00","og_image":[{"width":1000,"height":1000,"url":"https:\/\/ses-creative.com\/wp-content\/uploads\/2026\/01\/251271-1.jpg","type":"image\/jpeg"}],"twitter_card":"summary_large_image","twitter_misc":{"Gesch\u00e4tzte Lesezeit":"1\u00a0Minute"},"schema":{"@context":"https:\/\/schema.org","@graph":[{"@type":"WebPage","@id":"https:\/\/ses-creative.com\/produkt\/glowing-dinos\/","url":"https:\/\/ses-creative.com\/produkt\/glowing-dinos\/","name":"Leuchtende Dinos - SES Creative","isPartOf":{"@id":"https:\/\/ses-creative.com\/#website"},"primaryImageOfPage":{"@id":"https:\/\/ses-creative.com\/produkt\/glowing-dinos\/#primaryimage"},"image":{"@id":"https:\/\/ses-creative.com\/produkt\/glowing-dinos\/#primaryimage"},"thumbnailUrl":"https:\/\/ses-creative.com\/wp-content\/uploads\/2026\/01\/251271-1.jpg","datePublished":"2026-02-05T13:53:08+00:00","dateModified":"2026-02-06T09:51:55+00:00","breadcrumb":{"@id":"https:\/\/ses-creative.com\/produkt\/glowing-dinos\/#breadcrumb"},"inLanguage":"de","potentialAction":[{"@type":"ReadAction","target":["https:\/\/ses-creative.com\/produkt\/glowing-dinos\/"]}]},{"@type":"ImageObject","inLanguage":"de","@id":"https:\/\/ses-creative.com\/produkt\/glowing-dinos\/#primaryimage","url":"https:\/\/ses-creative.com\/wp-content\/uploads\/2026\/01\/251271-1.jpg","contentUrl":"https:\/\/ses-creative.com\/wp-content\/uploads\/2026\/01\/251271-1.jpg","width":1000,"height":1000},{"@type":"BreadcrumbList","@id":"https:\/\/ses-creative.com\/produkt\/glowing-dinos\/#breadcrumb","itemListElement":[{"@type":"ListItem","position":1,"name":"Shop","item":"https:\/\/ses-creative.com\/de\/shop\/"},{"@type":"ListItem","position":2,"name":"Ontdekken","item":"https:\/\/ses-creative.com\/product-categorie\/ontdekken\/"},{"@type":"ListItem","position":3,"name":"Leuchtende Dinos"}]},{"@type":"WebSite","@id":"https:\/\/ses-creative.com\/#website","url":"https:\/\/ses-creative.com\/","name":"SES Creative","description":"","publisher":{"@id":"https:\/\/ses-creative.com\/#organization"},"potentialAction":[{"@type":"SearchAction","target":{"@type":"EntryPoint","urlTemplate":"https:\/\/ses-creative.com\/?s={search_term_string}"},"query-input":{"@type":"PropertyValueSpecification","valueRequired":true,"valueName":"search_term_string"}}],"inLanguage":"de"},{"@type":"Organization","@id":"https:\/\/ses-creative.com\/#organization","name":"SES Creative","url":"https:\/\/ses-creative.com\/","logo":{"@type":"ImageObject","inLanguage":"de","@id":"https:\/\/ses-creative.com\/#\/schema\/logo\/image\/","url":"https:\/\/ses-creative.com\/wp-content\/uploads\/2025\/10\/ses-creative-logo.jpg","contentUrl":"https:\/\/ses-creative.com\/wp-content\/uploads\/2025\/10\/ses-creative-logo.jpg","width":2037,"height":2037,"caption":"SES Creative"},"image":{"@id":"https:\/\/ses-creative.com\/#\/schema\/logo\/image\/"}}]}},"_links":{"self":[{"href":"https:\/\/ses-creative.com\/de\/wp-json\/wp\/v2\/product\/114890","targetHints":{"allow":["GET"]}}],"collection":[{"href":"https:\/\/ses-creative.com\/de\/wp-json\/wp\/v2\/product"}],"about":[{"href":"https:\/\/ses-creative.com\/de\/wp-json\/wp\/v2\/types\/product"}],"replies":[{"embeddable":true,"href":"https:\/\/ses-creative.com\/de\/wp-json\/wp\/v2\/comments?post=114890"}],"wp:featuredmedia":[{"embeddable":true,"href":"https:\/\/ses-creative.com\/de\/wp-json\/wp\/v2\/media\/107648"}],"wp:attachment":[{"href":"https:\/\/ses-creative.com\/de\/wp-json\/wp\/v2\/media?parent=114890"}],"wp:term":[{"taxonomy":"product_brand","embeddable":true,"href":"https:\/\/ses-creative.com\/de\/wp-json\/wp\/v2\/product_brand?post=114890"},{"taxonomy":"product_cat","embeddable":true,"href":"https:\/\/ses-creative.com\/de\/wp-json\/wp\/v2\/product_cat?post=114890"},{"taxonomy":"product_tag","embeddable":true,"href":"https:\/\/ses-creative.com\/de\/wp-json\/wp\/v2\/product_tag?post=114890"}],"curies":[{"name":"wp","href":"https:\/\/api.w.org\/{rel}","templated":true}]}}