











{"id":114888,"date":"2026-02-05T13:53:08","date_gmt":"2026-02-05T13:53:08","guid":{"rendered":"https:\/\/ses-creative.com\/?post_type=product&#038;p=114888"},"modified":"2026-02-06T09:51:55","modified_gmt":"2026-02-06T09:51:55","slug":"dino-badebomben-surprise","status":"publish","type":"product","link":"https:\/\/ses-creative.com\/de\/produkt\/dino-badebomben-surprise\/","title":{"rendered":"Dino-Badebomben surprise"},"content":{"rendered":"<p>Eine \u00dcberraschung im Bad mit der Dino-Badebombe!<br \/>\nMachen Sie die Badezeit mit dieser Dino-Badebombe zu einem Fest! Wenn Sie die Badebombe ins Wasser legen, sprudelt sie und f\u00e4rbt das Wasser. Aber das ist noch nicht alles \u2013 darin versteckt sich auch eine \u00dcberraschung! W\u00e4hrend sich die Badebombe aufl\u00f6st, kommt eine kleine Dino-Spielfigur zum Vorschein. Perfekt f\u00fcr junge Abenteurer, die \u00dcberraschungen und Dinosaurier lieben!<br \/>\nWas dieses Set so toll macht<br \/>\n&#8211;    Entdecke, welcher Dino aus deinem Ei schl\u00fcpft<br \/>\n&#8211;    Regt die Neugierde an und sorgt f\u00fcr Spielspa\u00df in der Badewanne<br \/>\n&#8211;    Wenn sich die Badebombe aufl\u00f6st, kommt ein \u00dcberraschungs-Dino zum Vorschein<br \/>\n&#8211;    Perfekt f\u00fcr Kinder ab 3 Jahren<br \/>\n&#8211;    Mit der Dino-Sprudelkugel macht Baden noch mehr Spa\u00df. Lassen Sie die Kugel im Wasser und sehen Sie, welche D\u00fcfte und Farben zum Vorschein kommen<br \/>\nGenie\u00dfen Sie ein sprudelndes Badeabenteuer<br \/>\nMit dieser Badebombe wird jedes Bad zu einem spannenden Abenteuer. Lassen Sie die Kugel sprudeln, beobachten Sie, wie sich die Farbe des Wassers ver\u00e4ndert, und entdecken Sie, welcher Dino sich darin versteckt. Eine gro\u00dfartige M\u00f6glichkeit, das Baden noch unterhaltsamer zu gestalten und gleichzeitig Neugier und Verspieltheit zu f\u00f6rdern. Dieses Set ist ideal f\u00fcr Eltern, die ihren Kindern ein unterhaltsames und \u00fcberraschendes Badeerlebnis bieten m\u00f6chten. Es bietet eine sichere und spannende M\u00f6glichkeit, beim Baden zu spielen und zu entdecken.<br \/>\nInhalt des Sets<br \/>\n&#8211;    Sprudelball f\u00fcr die Badewanne in den Farben Orange\/Blau<br \/>\n&#8211;    \u00dcberraschungsspielzeug aus Kunststoff in Form eines Dinosauriers<br \/>\nWarum SES Creative w\u00e4hlen?<br \/>\nBei SES Creative legen wir gro\u00dfen Wert auf Sicherheit. Deshalb werden die Produkte in der Fabrik in den Niederlanden nach den strengsten europ\u00e4ischen Sicherheitsnormen hergestellt und getestet. Spielzeug von SES Creative sorgt f\u00fcr Spa\u00df und soll Kindern ein Gef\u00fchl der Stolz auf ihre Arbeit vermitteln, was ihre Kreativit\u00e4t und Entwicklung f\u00f6rdert.<br \/>\nBeginnen Sie noch heute mit dem sprudelnden Badespa\u00df<br \/>\nEntdecken Sie den Spa\u00df an Sprudelb\u00e4llen und \u00dcberraschungen mit diesem Dino-Sprudelball f\u00fcr die Badewanne. Perfekt f\u00fcr ein Bad voller Abenteuer und Spielspa\u00df!<\/p>\n","protected":false},"excerpt":{"rendered":"<p>Eine \u00dcberraschung im Bad mit der Dino-Badebombe! Machen Sie die Badezeit mit dieser Dino-Badebombe zu einem Fest! Wenn Sie die Badebombe ins Wasser legen, sprudelt sie und f\u00e4rbt das Wasser. Aber das ist noch nicht alles \u2013 darin versteckt sich auch eine \u00dcberraschung! W\u00e4hrend sich die Badebombe aufl\u00f6st, kommt eine kleine Dino-Spielfigur zum Vorschein. Perfekt [&hellip;]<\/p>\n","protected":false},"featured_media":106176,"comment_status":"closed","ping_status":"closed","template":"","meta":{"_acf_changed":false},"product_brand":[],"product_cat":[121],"product_tag":[],"class_list":{"0":"post-114888","1":"product","2":"type-product","3":"status-publish","4":"has-post-thumbnail","6":"product_cat-entdecken","7":"pa_leeftijd-filter-3-4-jahre","8":"pa_meest-populair-bij-jungen-maedchen","10":"first","11":"instock","12":"shipping-taxable","13":"product-type-simple"},"acf":[],"yoast_head":"<!-- This site is optimized with the Yoast SEO plugin v27.4 - https:\/\/yoast.com\/product\/yoast-seo-wordpress\/ -->\n<title>Dino-Badebomben surprise - SES Creative<\/title>\n<meta name=\"robots\" content=\"index, follow, max-snippet:-1, max-image-preview:large, max-video-preview:-1\" \/>\n<link rel=\"canonical\" href=\"https:\/\/ses-creative.com\/produkt\/dino-bad-bruisbal-surprise\/\" \/>\n<meta property=\"og:locale\" content=\"de_DE\" \/>\n<meta property=\"og:type\" content=\"article\" \/>\n<meta property=\"og:title\" content=\"Dino-Badebomben surprise - SES Creative\" \/>\n<meta property=\"og:description\" content=\"Eine \u00dcberraschung im Bad mit der Dino-Badebombe! Machen Sie die Badezeit mit dieser Dino-Badebombe zu einem Fest! Wenn Sie die Badebombe ins Wasser legen, sprudelt sie und f\u00e4rbt das Wasser. Aber das ist noch nicht alles \u2013 darin versteckt sich auch eine \u00dcberraschung! W\u00e4hrend sich die Badebombe aufl\u00f6st, kommt eine kleine Dino-Spielfigur zum Vorschein. Perfekt [&hellip;]\" \/>\n<meta property=\"og:url\" content=\"https:\/\/ses-creative.com\/produkt\/dino-bad-bruisbal-surprise\/\" \/>\n<meta property=\"og:site_name\" content=\"SES Creative\" \/>\n<meta property=\"article:modified_time\" content=\"2026-02-06T09:51:55+00:00\" \/>\n<meta property=\"og:image\" content=\"https:\/\/ses-creative.com\/wp-content\/uploads\/2026\/01\/251251.jpg\" \/>\n\t<meta property=\"og:image:width\" content=\"1000\" \/>\n\t<meta property=\"og:image:height\" content=\"1000\" \/>\n\t<meta property=\"og:image:type\" content=\"image\/jpeg\" \/>\n<meta name=\"twitter:card\" content=\"summary_large_image\" \/>\n<meta name=\"twitter:label1\" content=\"Gesch\u00e4tzte Lesezeit\" \/>\n\t<meta name=\"twitter:data1\" content=\"2\u00a0Minuten\" \/>\n<script type=\"application\/ld+json\" class=\"yoast-schema-graph\">{\"@context\":\"https:\\\/\\\/schema.org\",\"@graph\":[{\"@type\":\"WebPage\",\"@id\":\"https:\\\/\\\/ses-creative.com\\\/produkt\\\/dino-bad-bruisbal-surprise\\\/\",\"url\":\"https:\\\/\\\/ses-creative.com\\\/produkt\\\/dino-bad-bruisbal-surprise\\\/\",\"name\":\"Dino-Badebomben surprise - SES Creative\",\"isPartOf\":{\"@id\":\"https:\\\/\\\/ses-creative.com\\\/#website\"},\"primaryImageOfPage\":{\"@id\":\"https:\\\/\\\/ses-creative.com\\\/produkt\\\/dino-bad-bruisbal-surprise\\\/#primaryimage\"},\"image\":{\"@id\":\"https:\\\/\\\/ses-creative.com\\\/produkt\\\/dino-bad-bruisbal-surprise\\\/#primaryimage\"},\"thumbnailUrl\":\"https:\\\/\\\/ses-creative.com\\\/wp-content\\\/uploads\\\/2026\\\/01\\\/251251.jpg\",\"datePublished\":\"2026-02-05T13:53:08+00:00\",\"dateModified\":\"2026-02-06T09:51:55+00:00\",\"breadcrumb\":{\"@id\":\"https:\\\/\\\/ses-creative.com\\\/produkt\\\/dino-bad-bruisbal-surprise\\\/#breadcrumb\"},\"inLanguage\":\"de\",\"potentialAction\":[{\"@type\":\"ReadAction\",\"target\":[\"https:\\\/\\\/ses-creative.com\\\/produkt\\\/dino-bad-bruisbal-surprise\\\/\"]}]},{\"@type\":\"ImageObject\",\"inLanguage\":\"de\",\"@id\":\"https:\\\/\\\/ses-creative.com\\\/produkt\\\/dino-bad-bruisbal-surprise\\\/#primaryimage\",\"url\":\"https:\\\/\\\/ses-creative.com\\\/wp-content\\\/uploads\\\/2026\\\/01\\\/251251.jpg\",\"contentUrl\":\"https:\\\/\\\/ses-creative.com\\\/wp-content\\\/uploads\\\/2026\\\/01\\\/251251.jpg\",\"width\":1000,\"height\":1000},{\"@type\":\"BreadcrumbList\",\"@id\":\"https:\\\/\\\/ses-creative.com\\\/produkt\\\/dino-bad-bruisbal-surprise\\\/#breadcrumb\",\"itemListElement\":[{\"@type\":\"ListItem\",\"position\":1,\"name\":\"Shop\",\"item\":\"https:\\\/\\\/ses-creative.com\\\/de\\\/shop\\\/\"},{\"@type\":\"ListItem\",\"position\":2,\"name\":\"Ontdekken\",\"item\":\"https:\\\/\\\/ses-creative.com\\\/product-categorie\\\/ontdekken\\\/\"},{\"@type\":\"ListItem\",\"position\":3,\"name\":\"Dino-Badebomben surprise\"}]},{\"@type\":\"WebSite\",\"@id\":\"https:\\\/\\\/ses-creative.com\\\/#website\",\"url\":\"https:\\\/\\\/ses-creative.com\\\/\",\"name\":\"SES Creative\",\"description\":\"\",\"publisher\":{\"@id\":\"https:\\\/\\\/ses-creative.com\\\/#organization\"},\"potentialAction\":[{\"@type\":\"SearchAction\",\"target\":{\"@type\":\"EntryPoint\",\"urlTemplate\":\"https:\\\/\\\/ses-creative.com\\\/?s={search_term_string}\"},\"query-input\":{\"@type\":\"PropertyValueSpecification\",\"valueRequired\":true,\"valueName\":\"search_term_string\"}}],\"inLanguage\":\"de\"},{\"@type\":\"Organization\",\"@id\":\"https:\\\/\\\/ses-creative.com\\\/#organization\",\"name\":\"SES Creative\",\"url\":\"https:\\\/\\\/ses-creative.com\\\/\",\"logo\":{\"@type\":\"ImageObject\",\"inLanguage\":\"de\",\"@id\":\"https:\\\/\\\/ses-creative.com\\\/#\\\/schema\\\/logo\\\/image\\\/\",\"url\":\"https:\\\/\\\/ses-creative.com\\\/wp-content\\\/uploads\\\/2025\\\/10\\\/ses-creative-logo.jpg\",\"contentUrl\":\"https:\\\/\\\/ses-creative.com\\\/wp-content\\\/uploads\\\/2025\\\/10\\\/ses-creative-logo.jpg\",\"width\":2037,\"height\":2037,\"caption\":\"SES Creative\"},\"image\":{\"@id\":\"https:\\\/\\\/ses-creative.com\\\/#\\\/schema\\\/logo\\\/image\\\/\"}}]}<\/script>\n<!-- \/ Yoast SEO plugin. -->","yoast_head_json":{"title":"Dino-Badebomben surprise - SES Creative","robots":{"index":"index","follow":"follow","max-snippet":"max-snippet:-1","max-image-preview":"max-image-preview:large","max-video-preview":"max-video-preview:-1"},"canonical":"https:\/\/ses-creative.com\/produkt\/dino-bad-bruisbal-surprise\/","og_locale":"de_DE","og_type":"article","og_title":"Dino-Badebomben surprise - SES Creative","og_description":"Eine \u00dcberraschung im Bad mit der Dino-Badebombe! Machen Sie die Badezeit mit dieser Dino-Badebombe zu einem Fest! Wenn Sie die Badebombe ins Wasser legen, sprudelt sie und f\u00e4rbt das Wasser. Aber das ist noch nicht alles \u2013 darin versteckt sich auch eine \u00dcberraschung! W\u00e4hrend sich die Badebombe aufl\u00f6st, kommt eine kleine Dino-Spielfigur zum Vorschein. Perfekt [&hellip;]","og_url":"https:\/\/ses-creative.com\/produkt\/dino-bad-bruisbal-surprise\/","og_site_name":"SES Creative","article_modified_time":"2026-02-06T09:51:55+00:00","og_image":[{"width":1000,"height":1000,"url":"https:\/\/ses-creative.com\/wp-content\/uploads\/2026\/01\/251251.jpg","type":"image\/jpeg"}],"twitter_card":"summary_large_image","twitter_misc":{"Gesch\u00e4tzte Lesezeit":"2\u00a0Minuten"},"schema":{"@context":"https:\/\/schema.org","@graph":[{"@type":"WebPage","@id":"https:\/\/ses-creative.com\/produkt\/dino-bad-bruisbal-surprise\/","url":"https:\/\/ses-creative.com\/produkt\/dino-bad-bruisbal-surprise\/","name":"Dino-Badebomben surprise - SES Creative","isPartOf":{"@id":"https:\/\/ses-creative.com\/#website"},"primaryImageOfPage":{"@id":"https:\/\/ses-creative.com\/produkt\/dino-bad-bruisbal-surprise\/#primaryimage"},"image":{"@id":"https:\/\/ses-creative.com\/produkt\/dino-bad-bruisbal-surprise\/#primaryimage"},"thumbnailUrl":"https:\/\/ses-creative.com\/wp-content\/uploads\/2026\/01\/251251.jpg","datePublished":"2026-02-05T13:53:08+00:00","dateModified":"2026-02-06T09:51:55+00:00","breadcrumb":{"@id":"https:\/\/ses-creative.com\/produkt\/dino-bad-bruisbal-surprise\/#breadcrumb"},"inLanguage":"de","potentialAction":[{"@type":"ReadAction","target":["https:\/\/ses-creative.com\/produkt\/dino-bad-bruisbal-surprise\/"]}]},{"@type":"ImageObject","inLanguage":"de","@id":"https:\/\/ses-creative.com\/produkt\/dino-bad-bruisbal-surprise\/#primaryimage","url":"https:\/\/ses-creative.com\/wp-content\/uploads\/2026\/01\/251251.jpg","contentUrl":"https:\/\/ses-creative.com\/wp-content\/uploads\/2026\/01\/251251.jpg","width":1000,"height":1000},{"@type":"BreadcrumbList","@id":"https:\/\/ses-creative.com\/produkt\/dino-bad-bruisbal-surprise\/#breadcrumb","itemListElement":[{"@type":"ListItem","position":1,"name":"Shop","item":"https:\/\/ses-creative.com\/de\/shop\/"},{"@type":"ListItem","position":2,"name":"Ontdekken","item":"https:\/\/ses-creative.com\/product-categorie\/ontdekken\/"},{"@type":"ListItem","position":3,"name":"Dino-Badebomben surprise"}]},{"@type":"WebSite","@id":"https:\/\/ses-creative.com\/#website","url":"https:\/\/ses-creative.com\/","name":"SES Creative","description":"","publisher":{"@id":"https:\/\/ses-creative.com\/#organization"},"potentialAction":[{"@type":"SearchAction","target":{"@type":"EntryPoint","urlTemplate":"https:\/\/ses-creative.com\/?s={search_term_string}"},"query-input":{"@type":"PropertyValueSpecification","valueRequired":true,"valueName":"search_term_string"}}],"inLanguage":"de"},{"@type":"Organization","@id":"https:\/\/ses-creative.com\/#organization","name":"SES Creative","url":"https:\/\/ses-creative.com\/","logo":{"@type":"ImageObject","inLanguage":"de","@id":"https:\/\/ses-creative.com\/#\/schema\/logo\/image\/","url":"https:\/\/ses-creative.com\/wp-content\/uploads\/2025\/10\/ses-creative-logo.jpg","contentUrl":"https:\/\/ses-creative.com\/wp-content\/uploads\/2025\/10\/ses-creative-logo.jpg","width":2037,"height":2037,"caption":"SES Creative"},"image":{"@id":"https:\/\/ses-creative.com\/#\/schema\/logo\/image\/"}}]}},"_links":{"self":[{"href":"https:\/\/ses-creative.com\/de\/wp-json\/wp\/v2\/product\/114888","targetHints":{"allow":["GET"]}}],"collection":[{"href":"https:\/\/ses-creative.com\/de\/wp-json\/wp\/v2\/product"}],"about":[{"href":"https:\/\/ses-creative.com\/de\/wp-json\/wp\/v2\/types\/product"}],"replies":[{"embeddable":true,"href":"https:\/\/ses-creative.com\/de\/wp-json\/wp\/v2\/comments?post=114888"}],"wp:featuredmedia":[{"embeddable":true,"href":"https:\/\/ses-creative.com\/de\/wp-json\/wp\/v2\/media\/106176"}],"wp:attachment":[{"href":"https:\/\/ses-creative.com\/de\/wp-json\/wp\/v2\/media?parent=114888"}],"wp:term":[{"taxonomy":"product_brand","embeddable":true,"href":"https:\/\/ses-creative.com\/de\/wp-json\/wp\/v2\/product_brand?post=114888"},{"taxonomy":"product_cat","embeddable":true,"href":"https:\/\/ses-creative.com\/de\/wp-json\/wp\/v2\/product_cat?post=114888"},{"taxonomy":"product_tag","embeddable":true,"href":"https:\/\/ses-creative.com\/de\/wp-json\/wp\/v2\/product_tag?post=114888"}],"curies":[{"name":"wp","href":"https:\/\/api.w.org\/{rel}","templated":true}]}}