











{"id":114887,"date":"2026-02-05T13:53:08","date_gmt":"2026-02-05T13:53:08","guid":{"rendered":"https:\/\/ses-creative.com\/?post_type=product&#038;p=114887"},"modified":"2026-02-06T09:51:55","modified_gmt":"2026-02-06T09:51:55","slug":"leuchtendes-sonnensystem","status":"publish","type":"product","link":"https:\/\/ses-creative.com\/de\/produkt\/leuchtendes-sonnensystem\/","title":{"rendered":"Leuchtendes Sonnensystem"},"content":{"rendered":"<p>Entdecke das Universum mit dem leuchtenden Sonnensystem!<br \/>\nTr\u00e4umst du von Planeten und w\u00fcrdest du sie alle gerne sehen? Mit diesem Glow-in-the-Dark-Sonnensystem-Set kannst du dein eigenes Sonnensystem in deinem Zimmer erschaffen. H\u00e4nge die Planeten auf und sieh, wie sie dank des Glow-in-the-Dark-Effekts nachts leuchten. Es ist eine magische Art, mehr \u00fcber unser Sonnensystem und den Weltraum zu lernen.<br \/>\nWas dieses Set so besonders macht<br \/>\n&#8211;    Entdecke die 9 Planeten unseres Sonnensystems<br \/>\n&#8211;    Die Informationskarte zum Sonnensystem hilft dir, mehr \u00fcber das Sonnensystem und den Weltraum zu erfahren<br \/>\n&#8211;    Glow-in-the-Dark-Effekt f\u00fcr eine bezaubernde Atmosph\u00e4re<br \/>\n&#8211;    Einfach an W\u00e4nden und Decken anzubringen<br \/>\n&#8211;    Geeignet f\u00fcr Kinder ab 5 Jahren<br \/>\nHolen Sie sich das Sonnensystem in Ihr eigenes Zimmer<br \/>\nMit diesem Set k\u00f6nnen Kinder ihr eigenes Sonnensystem basteln und nachts ein wundersch\u00f6nes Schauspiel aus Planeten und Sternen genie\u00dfen. Der Glow-in-the-Dark-Effekt macht das Lernen \u00fcber den Weltraum noch spannender und inspirierender.<br \/>\nInhalt des Sets<br \/>\n&#8211;    9 Planeten<br \/>\n&#8211;    46 im Dunkeln leuchtende Sternensticker<br \/>\n&#8211;    Informationsblatt \u00fcber das Sonnensystem zum Lernen und Nachbauen<br \/>\nWarum SES Creative w\u00e4hlen?<br \/>\nBei SES Creative legen wir gro\u00dfen Wert auf Sicherheit. Deshalb werden die Produkte in unserer Fabrik in den Niederlanden nach den strengsten europ\u00e4ischen Sicherheitsnormen hergestellt und getestet. Spielzeug von SES Creative sorgt f\u00fcr Spa\u00df und soll Kindern ein Gef\u00fchl des Stolzes auf ihre Arbeit vermitteln, was ihre Kreativit\u00e4t und Entwicklung f\u00f6rdert.<br \/>\nErleuchte dein Zimmer mit dem leuchtenden Sonnensystem!<br \/>\nSchaffe ein magisches Weltraumerlebnis in deinem eigenen Zimmer und lerne die Wunder unseres Sonnensystems kennen. Perfekt f\u00fcr junge Astronomen und Weltraumfans!<\/p>\n","protected":false},"excerpt":{"rendered":"<p>Entdecke das Universum mit dem leuchtenden Sonnensystem! Tr\u00e4umst du von Planeten und w\u00fcrdest du sie alle gerne sehen? Mit diesem Glow-in-the-Dark-Sonnensystem-Set kannst du dein eigenes Sonnensystem in deinem Zimmer erschaffen. H\u00e4nge die Planeten auf und sieh, wie sie dank des Glow-in-the-Dark-Effekts nachts leuchten. Es ist eine magische Art, mehr \u00fcber unser Sonnensystem und den Weltraum [&hellip;]<\/p>\n","protected":false},"featured_media":106156,"comment_status":"closed","ping_status":"closed","template":"","meta":{"_acf_changed":false},"product_brand":[],"product_cat":[121],"product_tag":[],"class_list":{"0":"post-114887","1":"product","2":"type-product","3":"status-publish","4":"has-post-thumbnail","6":"product_cat-entdecken","7":"pa_leeftijd-filter-4-6-jahre","8":"pa_meest-populair-bij-jungen-maedchen","10":"first","11":"instock","12":"shipping-taxable","13":"product-type-simple"},"acf":[],"yoast_head":"<!-- This site is optimized with the Yoast SEO plugin v27.4 - https:\/\/yoast.com\/product\/yoast-seo-wordpress\/ -->\n<title>Leuchtendes Sonnensystem - SES Creative<\/title>\n<meta name=\"robots\" content=\"index, follow, max-snippet:-1, max-image-preview:large, max-video-preview:-1\" \/>\n<link rel=\"canonical\" href=\"https:\/\/ses-creative.com\/produkt\/glowing-zonnestelsel\/\" \/>\n<meta property=\"og:locale\" content=\"de_DE\" \/>\n<meta property=\"og:type\" content=\"article\" \/>\n<meta property=\"og:title\" content=\"Leuchtendes Sonnensystem - SES Creative\" \/>\n<meta property=\"og:description\" content=\"Entdecke das Universum mit dem leuchtenden Sonnensystem! Tr\u00e4umst du von Planeten und w\u00fcrdest du sie alle gerne sehen? Mit diesem Glow-in-the-Dark-Sonnensystem-Set kannst du dein eigenes Sonnensystem in deinem Zimmer erschaffen. H\u00e4nge die Planeten auf und sieh, wie sie dank des Glow-in-the-Dark-Effekts nachts leuchten. Es ist eine magische Art, mehr \u00fcber unser Sonnensystem und den Weltraum [&hellip;]\" \/>\n<meta property=\"og:url\" content=\"https:\/\/ses-creative.com\/produkt\/glowing-zonnestelsel\/\" \/>\n<meta property=\"og:site_name\" content=\"SES Creative\" \/>\n<meta property=\"article:modified_time\" content=\"2026-02-06T09:51:55+00:00\" \/>\n<meta property=\"og:image\" content=\"https:\/\/ses-creative.com\/wp-content\/uploads\/2026\/01\/251231.jpg\" \/>\n\t<meta property=\"og:image:width\" content=\"1000\" \/>\n\t<meta property=\"og:image:height\" content=\"1000\" \/>\n\t<meta property=\"og:image:type\" content=\"image\/jpeg\" \/>\n<meta name=\"twitter:card\" content=\"summary_large_image\" \/>\n<meta name=\"twitter:label1\" content=\"Gesch\u00e4tzte Lesezeit\" \/>\n\t<meta name=\"twitter:data1\" content=\"1\u00a0Minute\" \/>\n<script type=\"application\/ld+json\" class=\"yoast-schema-graph\">{\"@context\":\"https:\\\/\\\/schema.org\",\"@graph\":[{\"@type\":\"WebPage\",\"@id\":\"https:\\\/\\\/ses-creative.com\\\/produkt\\\/glowing-zonnestelsel\\\/\",\"url\":\"https:\\\/\\\/ses-creative.com\\\/produkt\\\/glowing-zonnestelsel\\\/\",\"name\":\"Leuchtendes Sonnensystem - SES Creative\",\"isPartOf\":{\"@id\":\"https:\\\/\\\/ses-creative.com\\\/#website\"},\"primaryImageOfPage\":{\"@id\":\"https:\\\/\\\/ses-creative.com\\\/produkt\\\/glowing-zonnestelsel\\\/#primaryimage\"},\"image\":{\"@id\":\"https:\\\/\\\/ses-creative.com\\\/produkt\\\/glowing-zonnestelsel\\\/#primaryimage\"},\"thumbnailUrl\":\"https:\\\/\\\/ses-creative.com\\\/wp-content\\\/uploads\\\/2026\\\/01\\\/251231.jpg\",\"datePublished\":\"2026-02-05T13:53:08+00:00\",\"dateModified\":\"2026-02-06T09:51:55+00:00\",\"breadcrumb\":{\"@id\":\"https:\\\/\\\/ses-creative.com\\\/produkt\\\/glowing-zonnestelsel\\\/#breadcrumb\"},\"inLanguage\":\"de\",\"potentialAction\":[{\"@type\":\"ReadAction\",\"target\":[\"https:\\\/\\\/ses-creative.com\\\/produkt\\\/glowing-zonnestelsel\\\/\"]}]},{\"@type\":\"ImageObject\",\"inLanguage\":\"de\",\"@id\":\"https:\\\/\\\/ses-creative.com\\\/produkt\\\/glowing-zonnestelsel\\\/#primaryimage\",\"url\":\"https:\\\/\\\/ses-creative.com\\\/wp-content\\\/uploads\\\/2026\\\/01\\\/251231.jpg\",\"contentUrl\":\"https:\\\/\\\/ses-creative.com\\\/wp-content\\\/uploads\\\/2026\\\/01\\\/251231.jpg\",\"width\":1000,\"height\":1000},{\"@type\":\"BreadcrumbList\",\"@id\":\"https:\\\/\\\/ses-creative.com\\\/produkt\\\/glowing-zonnestelsel\\\/#breadcrumb\",\"itemListElement\":[{\"@type\":\"ListItem\",\"position\":1,\"name\":\"Shop\",\"item\":\"https:\\\/\\\/ses-creative.com\\\/de\\\/shop\\\/\"},{\"@type\":\"ListItem\",\"position\":2,\"name\":\"Ontdekken\",\"item\":\"https:\\\/\\\/ses-creative.com\\\/product-categorie\\\/ontdekken\\\/\"},{\"@type\":\"ListItem\",\"position\":3,\"name\":\"Leuchtendes Sonnensystem\"}]},{\"@type\":\"WebSite\",\"@id\":\"https:\\\/\\\/ses-creative.com\\\/#website\",\"url\":\"https:\\\/\\\/ses-creative.com\\\/\",\"name\":\"SES Creative\",\"description\":\"\",\"publisher\":{\"@id\":\"https:\\\/\\\/ses-creative.com\\\/#organization\"},\"potentialAction\":[{\"@type\":\"SearchAction\",\"target\":{\"@type\":\"EntryPoint\",\"urlTemplate\":\"https:\\\/\\\/ses-creative.com\\\/?s={search_term_string}\"},\"query-input\":{\"@type\":\"PropertyValueSpecification\",\"valueRequired\":true,\"valueName\":\"search_term_string\"}}],\"inLanguage\":\"de\"},{\"@type\":\"Organization\",\"@id\":\"https:\\\/\\\/ses-creative.com\\\/#organization\",\"name\":\"SES Creative\",\"url\":\"https:\\\/\\\/ses-creative.com\\\/\",\"logo\":{\"@type\":\"ImageObject\",\"inLanguage\":\"de\",\"@id\":\"https:\\\/\\\/ses-creative.com\\\/#\\\/schema\\\/logo\\\/image\\\/\",\"url\":\"https:\\\/\\\/ses-creative.com\\\/wp-content\\\/uploads\\\/2025\\\/10\\\/ses-creative-logo.jpg\",\"contentUrl\":\"https:\\\/\\\/ses-creative.com\\\/wp-content\\\/uploads\\\/2025\\\/10\\\/ses-creative-logo.jpg\",\"width\":2037,\"height\":2037,\"caption\":\"SES Creative\"},\"image\":{\"@id\":\"https:\\\/\\\/ses-creative.com\\\/#\\\/schema\\\/logo\\\/image\\\/\"}}]}<\/script>\n<!-- \/ Yoast SEO plugin. -->","yoast_head_json":{"title":"Leuchtendes Sonnensystem - SES Creative","robots":{"index":"index","follow":"follow","max-snippet":"max-snippet:-1","max-image-preview":"max-image-preview:large","max-video-preview":"max-video-preview:-1"},"canonical":"https:\/\/ses-creative.com\/produkt\/glowing-zonnestelsel\/","og_locale":"de_DE","og_type":"article","og_title":"Leuchtendes Sonnensystem - SES Creative","og_description":"Entdecke das Universum mit dem leuchtenden Sonnensystem! Tr\u00e4umst du von Planeten und w\u00fcrdest du sie alle gerne sehen? Mit diesem Glow-in-the-Dark-Sonnensystem-Set kannst du dein eigenes Sonnensystem in deinem Zimmer erschaffen. H\u00e4nge die Planeten auf und sieh, wie sie dank des Glow-in-the-Dark-Effekts nachts leuchten. Es ist eine magische Art, mehr \u00fcber unser Sonnensystem und den Weltraum [&hellip;]","og_url":"https:\/\/ses-creative.com\/produkt\/glowing-zonnestelsel\/","og_site_name":"SES Creative","article_modified_time":"2026-02-06T09:51:55+00:00","og_image":[{"width":1000,"height":1000,"url":"https:\/\/ses-creative.com\/wp-content\/uploads\/2026\/01\/251231.jpg","type":"image\/jpeg"}],"twitter_card":"summary_large_image","twitter_misc":{"Gesch\u00e4tzte Lesezeit":"1\u00a0Minute"},"schema":{"@context":"https:\/\/schema.org","@graph":[{"@type":"WebPage","@id":"https:\/\/ses-creative.com\/produkt\/glowing-zonnestelsel\/","url":"https:\/\/ses-creative.com\/produkt\/glowing-zonnestelsel\/","name":"Leuchtendes Sonnensystem - SES Creative","isPartOf":{"@id":"https:\/\/ses-creative.com\/#website"},"primaryImageOfPage":{"@id":"https:\/\/ses-creative.com\/produkt\/glowing-zonnestelsel\/#primaryimage"},"image":{"@id":"https:\/\/ses-creative.com\/produkt\/glowing-zonnestelsel\/#primaryimage"},"thumbnailUrl":"https:\/\/ses-creative.com\/wp-content\/uploads\/2026\/01\/251231.jpg","datePublished":"2026-02-05T13:53:08+00:00","dateModified":"2026-02-06T09:51:55+00:00","breadcrumb":{"@id":"https:\/\/ses-creative.com\/produkt\/glowing-zonnestelsel\/#breadcrumb"},"inLanguage":"de","potentialAction":[{"@type":"ReadAction","target":["https:\/\/ses-creative.com\/produkt\/glowing-zonnestelsel\/"]}]},{"@type":"ImageObject","inLanguage":"de","@id":"https:\/\/ses-creative.com\/produkt\/glowing-zonnestelsel\/#primaryimage","url":"https:\/\/ses-creative.com\/wp-content\/uploads\/2026\/01\/251231.jpg","contentUrl":"https:\/\/ses-creative.com\/wp-content\/uploads\/2026\/01\/251231.jpg","width":1000,"height":1000},{"@type":"BreadcrumbList","@id":"https:\/\/ses-creative.com\/produkt\/glowing-zonnestelsel\/#breadcrumb","itemListElement":[{"@type":"ListItem","position":1,"name":"Shop","item":"https:\/\/ses-creative.com\/de\/shop\/"},{"@type":"ListItem","position":2,"name":"Ontdekken","item":"https:\/\/ses-creative.com\/product-categorie\/ontdekken\/"},{"@type":"ListItem","position":3,"name":"Leuchtendes Sonnensystem"}]},{"@type":"WebSite","@id":"https:\/\/ses-creative.com\/#website","url":"https:\/\/ses-creative.com\/","name":"SES Creative","description":"","publisher":{"@id":"https:\/\/ses-creative.com\/#organization"},"potentialAction":[{"@type":"SearchAction","target":{"@type":"EntryPoint","urlTemplate":"https:\/\/ses-creative.com\/?s={search_term_string}"},"query-input":{"@type":"PropertyValueSpecification","valueRequired":true,"valueName":"search_term_string"}}],"inLanguage":"de"},{"@type":"Organization","@id":"https:\/\/ses-creative.com\/#organization","name":"SES Creative","url":"https:\/\/ses-creative.com\/","logo":{"@type":"ImageObject","inLanguage":"de","@id":"https:\/\/ses-creative.com\/#\/schema\/logo\/image\/","url":"https:\/\/ses-creative.com\/wp-content\/uploads\/2025\/10\/ses-creative-logo.jpg","contentUrl":"https:\/\/ses-creative.com\/wp-content\/uploads\/2025\/10\/ses-creative-logo.jpg","width":2037,"height":2037,"caption":"SES Creative"},"image":{"@id":"https:\/\/ses-creative.com\/#\/schema\/logo\/image\/"}}]}},"_links":{"self":[{"href":"https:\/\/ses-creative.com\/de\/wp-json\/wp\/v2\/product\/114887","targetHints":{"allow":["GET"]}}],"collection":[{"href":"https:\/\/ses-creative.com\/de\/wp-json\/wp\/v2\/product"}],"about":[{"href":"https:\/\/ses-creative.com\/de\/wp-json\/wp\/v2\/types\/product"}],"replies":[{"embeddable":true,"href":"https:\/\/ses-creative.com\/de\/wp-json\/wp\/v2\/comments?post=114887"}],"wp:featuredmedia":[{"embeddable":true,"href":"https:\/\/ses-creative.com\/de\/wp-json\/wp\/v2\/media\/106156"}],"wp:attachment":[{"href":"https:\/\/ses-creative.com\/de\/wp-json\/wp\/v2\/media?parent=114887"}],"wp:term":[{"taxonomy":"product_brand","embeddable":true,"href":"https:\/\/ses-creative.com\/de\/wp-json\/wp\/v2\/product_brand?post=114887"},{"taxonomy":"product_cat","embeddable":true,"href":"https:\/\/ses-creative.com\/de\/wp-json\/wp\/v2\/product_cat?post=114887"},{"taxonomy":"product_tag","embeddable":true,"href":"https:\/\/ses-creative.com\/de\/wp-json\/wp\/v2\/product_tag?post=114887"}],"curies":[{"name":"wp","href":"https:\/\/api.w.org\/{rel}","templated":true}]}}